{"id":7213,"date":"2025-11-12T12:54:39","date_gmt":"2025-11-12T09:54:39","guid":{"rendered":"https:\/\/kosmeetika24.com\/?post_type=product&#038;p=7213"},"modified":"2026-01-22T14:08:36","modified_gmt":"2026-01-22T11:08:36","slug":"mesotech-idealskin-hyper","status":"publish","type":"product","link":"https:\/\/kosmeetika24.com\/ru\/product\/mesotech-idealskin-hyper\/","title":{"rendered":"MesoTech Idealskin Hyper"},"content":{"rendered":"<p data-start=\"783\" data-end=\"1252\" class=\"translation-block\"><strong data-start=\"783\" data-end=\"797\">\u041e\u043f\u0438\u0441\u0430\u043d\u0438\u0435:<\/strong><br data-start=\"797\" data-end=\"800\">\u042d\u0442\u043e \u043f\u0440\u043e\u0434\u0432\u0438\u043d\u0443\u0442\u044b\u0439 \u0438 \u0432\u044b\u0441\u043e\u043a\u043e\u044d\u0444\u0444\u0435\u043a\u0442\u0438\u0432\u043d\u044b\u0439 \u043f\u0440\u043e\u0442\u043e\u043a\u043e\u043b \u043a\u0440\u0430\u0441\u043e\u0442\u044b, \u0438\u0441\u043f\u043e\u043b\u044c\u0437\u0443\u044e\u0449\u0438\u0439 Spongilla Spicula 99% \u2014 100% \u043d\u0430\u0442\u0443\u0440\u0430\u043b\u044c\u043d\u044b\u0439 \u0438\u043d\u0433\u0440\u0435\u0434\u0438\u0435\u043d\u0442 \u0441 \u0447\u0438\u0441\u0442\u043e\u0442\u043e\u0439 99%, \u043f\u043e\u043b\u0443\u0447\u0435\u043d\u043d\u044b\u0439 \u0438\u0437 \u043f\u0440\u0435\u0441\u043d\u043e\u0432\u043e\u0434\u043d\u044b\u0445 \u0433\u0443\u0431\u043e\u043a. \u0421\u043f\u0435\u0446\u0438\u0430\u043b\u044c\u043d\u043e \u0440\u0430\u0437\u0440\u0430\u0431\u043e\u0442\u0430\u043d \u0434\u043b\u044f \u0443\u043b\u0443\u0447\u0448\u0435\u043d\u0438\u044f \u0433\u0438\u043f\u0435\u0440\u043f\u0438\u0433\u043c\u0435\u043d\u0442\u0430\u0446\u0438\u0438, \u043d\u0435\u043e\u0434\u043d\u043e\u0440\u043e\u0434\u043d\u043e\u0433\u043e \u0442\u043e\u043d\u0430 \u043a\u043e\u0436\u0438 \u0438 \u0442\u0435\u043c\u043d\u044b\u0445 \u043f\u044f\u0442\u0435\u043d \u2014 \u0443\u043b\u0443\u0447\u0448\u0430\u044f \u0442\u0435\u043a\u0441\u0442\u0443\u0440\u0443 \u043a\u043e\u0436\u0438 \u0438 \u0432\u044b\u0440\u0430\u0432\u043d\u0438\u0432\u0430\u044f \u0446\u0432\u0435\u0442 \u043b\u0438\u0446\u0430. \u042d\u0444\u0444\u0435\u043a\u0442\u0438\u0432\u043d\u043e\u0441\u0442\u044c \u0434\u043e\u0441\u0442\u0438\u0433\u0430\u0435\u0442\u0441\u044f \u0441\u0438\u043d\u0435\u0440\u0433\u0438\u0435\u0439 \u043c\u043e\u0449\u043d\u044b\u0445 \u0430\u043d\u0442\u0438\u043e\u043a\u0441\u0438\u0434\u0430\u043d\u0442\u043d\u044b\u0445 \u0438 \u043e\u0441\u0432\u0435\u0442\u043b\u044f\u044e\u0449\u0438\u0445 \u0438\u043d\u0433\u0440\u0435\u0434\u0438\u0435\u043d\u0442\u043e\u0432.<\/p>\n<p data-start=\"1254\" data-end=\"1277\"><strong data-start=\"1254\" data-end=\"1275\">\u042d\u043b\u0435\u043c\u0435\u043d\u0442\u044b \u043f\u0440\u043e\u0442\u043e\u043a\u043e\u043b\u0430:<\/strong><\/p>\n<ul data-start=\"1278\" data-end=\"2227\">\n<li data-start=\"1278\" data-end=\"1574\">\n<p data-start=\"1280\" data-end=\"1574\" class=\"translation-block\"><em data-start=\"1280\" data-end=\"1303\">Spongilla Spicula 99%<\/em> \u2014 \u043c\u0438\u043a\u0440\u043e\u0441\u0442\u0440\u0443\u043a\u0442\u0443\u0440\u044b (~10 \u043c\u043a\u043c \u0432 \u0434\u0438\u0430\u043c\u0435\u0442\u0440\u0435 \u0438 200-250 \u043c\u043a\u043c \u0432 \u0434\u043b\u0438\u043d\u0443) \u0432 \u0444\u043e\u0440\u043c\u0435 \u043c\u0438\u043a\u0440\u043e\u0441\u043a\u043e\u043f\u0438\u0447\u0435\u0441\u043a\u0438\u0445 \u0438\u0433\u043b, \u043a\u043e\u0442\u043e\u0440\u044b\u0435 \u0441\u0442\u0438\u043c\u0443\u043b\u0438\u0440\u0443\u044e\u0442 \u043e\u0431\u043d\u043e\u0432\u043b\u0435\u043d\u0438\u0435 \u043a\u043b\u0435\u0442\u043e\u043a, \u0443\u0441\u0438\u043b\u0438\u0432\u0430\u044e\u0442 \u0441\u0438\u043d\u0442\u0435\u0437 \u043a\u043e\u043b\u043b\u0430\u0433\u0435\u043d\u0430 \u0438 \u044d\u043b\u0430\u0441\u0442\u0438\u043d\u0430 \u0438 \u0443\u043b\u0443\u0447\u0448\u0430\u044e\u0442 \u0443\u0441\u0432\u043e\u0435\u043d\u0438\u0435 \u0430\u043a\u0442\u0438\u0432\u043d\u044b\u0445 \u043a\u043e\u043c\u043f\u043e\u043d\u0435\u043d\u0442\u043e\u0432 \u0441\u044b\u0432\u043e\u0440\u043e\u0442\u043a\u0438.<\/p>\n<\/li>\n<li data-start=\"1575\" data-end=\"1848\">\n<p data-start=\"1577\" data-end=\"1848\" class=\"translation-block\"><em data-start=\"1577\" data-end=\"1590\">Hyper Serum<\/em> \u2014 \u043e\u0441\u0432\u0435\u0442\u043b\u044f\u044e\u0449\u0430\u044f \u0441\u044b\u0432\u043e\u0440\u043e\u0442\u043a\u0430, \u0441\u043e\u0434\u0435\u0440\u0436\u0430\u0449\u0430\u044f \u0442\u0440\u0430\u043d\u0435\u043a\u0441\u0430\u043c\u043e\u0432\u0443\u044e \u043a\u0438\u0441\u043b\u043e\u0442\u0443, \u043a\u043e\u0439\u0435\u0432\u0443\u044e \u043a\u0438\u0441\u043b\u043e\u0442\u0443 \u0438 \u03b1-\u0430\u0440\u0431\u0443\u0442\u0438\u043d. \u0422\u0430\u043a\u0436\u0435 \u0441\u043e\u0434\u0435\u0440\u0436\u0438\u0442 \u0430\u0441\u043a\u043e\u0440\u0431\u0438\u043b\u0433\u043b\u044e\u043a\u043e\u0437\u0438\u0434 (\u043f\u0440\u043e\u0438\u0437\u0432\u043e\u0434\u043d\u043e\u0435 \u0432\u0438\u0442\u0430\u043c\u0438\u043d\u0430 C) \u0438 \u044d\u043a\u0441\u0442\u0440\u0430\u043a\u0442 Pueraria lobata (\u043a\u0443\u0434\u0437\u0443), \u043a\u043e\u0442\u043e\u0440\u044b\u0435 \u043f\u043e\u0434\u0430\u0432\u043b\u044f\u044e\u0442 \u0432\u044b\u0440\u0430\u0431\u043e\u0442\u043a\u0443 \u043c\u0435\u043b\u0430\u043d\u0438\u043d\u0430.<\/p>\n<\/li>\n<li data-start=\"1849\" data-end=\"2227\">\n<p data-start=\"1851\" data-end=\"2227\" class=\"translation-block\"><em data-start=\"1851\" data-end=\"1863\">Soox Serum<\/em> \u2014 \u0443\u0441\u043f\u043e\u043a\u0430\u0438\u0432\u0430\u044e\u0449\u0430\u044f \u0441\u044b\u0432\u043e\u0440\u043e\u0442\u043a\u0430 \u0434\u043b\u044f \u043b\u0438\u0446\u0430 \u0441 \u0432\u044b\u0441\u043e\u043a\u0438\u043c \u0441\u043e\u0434\u0435\u0440\u0436\u0430\u043d\u0438\u0435\u043c \u0430\u043b\u043e\u044d \u0432\u0435\u0440\u0430, \u0441\u043e\u0434\u0435\u0440\u0436\u0430\u0449\u0430\u044f \u043f\u0440\u043e\u0431\u0438\u043e\u0442\u0438\u043a\u0438 \u0438 \u0440\u0430\u0441\u0442\u0438\u0442\u0435\u043b\u044c\u043d\u044b\u0435 \u044d\u043a\u0441\u0442\u0440\u0430\u043a\u0442\u044b (\u0446\u0435\u043d\u0442\u0435\u043b\u043b\u0430, \u0437\u0435\u043b\u0435\u043d\u044b\u0439 \u0447\u0430\u0439, \u0440\u043e\u0437\u043c\u0430\u0440\u0438\u043d, \u0440\u043e\u043c\u0430\u0448\u043a\u0430). \u041e\u0431\u043e\u0433\u0430\u0449\u0435\u043d\u0430 \u043d\u0430\u0442\u0440\u0438\u044f \u0433\u0438\u0430\u043b\u0443\u0440\u043e\u043d\u0430\u0442\u043e\u043c, \u0430\u043b\u043b\u0430\u043d\u0442\u043e\u0438\u043d\u043e\u043c \u0438 \u043f\u0430\u043d\u0442\u0435\u043d\u043e\u043b\u043e\u043c \u2014 \u043f\u043e\u043c\u043e\u0433\u0430\u0435\u0442 \u0443\u0432\u043b\u0430\u0436\u043d\u044f\u0442\u044c, \u0443\u0441\u043f\u043e\u043a\u0430\u0438\u0432\u0430\u0442\u044c \u0438 \u0441\u043d\u0438\u0436\u0430\u0442\u044c \u0447\u0443\u0432\u0441\u0442\u0432\u0438\u0442\u0435\u043b\u044c\u043d\u043e\u0441\u0442\u044c \u043a\u043e\u0436\u0438 \u0438 \u043f\u043e\u043a\u0440\u0430\u0441\u043d\u0435\u043d\u0438\u0435, \u043f\u043e\u0434\u0434\u0435\u0440\u0436\u0438\u0432\u0430\u044f \u043c\u0438\u043a\u0440\u043e\u0431\u0438\u043e\u0442\u0443 \u043a\u043e\u0436\u0438.<\/p>\n<\/li>\n<\/ul>\n<p data-start=\"2229\" data-end=\"2247\"><strong data-start=\"2229\" data-end=\"2245\">\u041f\u0440\u0438\u043c\u0435\u043d\u0435\u043d\u0438\u0435:<\/strong><\/p>\n<ol data-start=\"2248\" data-end=\"3541\">\n<li data-start=\"2248\" data-end=\"2345\">\n<p data-start=\"2251\" data-end=\"2345\">\u0421\u043d\u0438\u043c\u0438\u0442\u0435 \u0438\u043c\u0435\u044e\u0449\u0438\u0439\u0441\u044f \u043c\u0430\u043a\u0438\u044f\u0436 \u0438 \u043e\u0447\u0438\u0441\u0442\u0438\u0442\u0435 \u043e\u0431\u043b\u0430\u0441\u0442\u044c.<\/p>\n<\/li>\n<li data-start=\"2346\" data-end=\"2494\">\n<p data-start=\"2349\" data-end=\"2494\">\u0412\u044b\u043b\u0435\u0439\u0442\u0435 Hyper Serum \u0432 \u0431\u0430\u043d\u043a\u0443, \u0441\u043e\u0434\u0435\u0440\u0436\u0430\u0449\u0443\u044e Spongilla Spicula 99%, \u0437\u0430\u043a\u0440\u043e\u0439\u0442\u0435 \u0431\u0430\u043d\u043a\u0443 \u0438 \u0432\u0441\u0442\u0440\u044f\u0445\u0438\u0432\u0430\u0439\u0442\u0435 \u043e\u043a\u043e\u043b\u043e 1 \u043c\u0438\u043d\u0443\u0442\u044b.<\/p>\n<\/li>\n<li data-start=\"2495\" data-end=\"2730\">\n<p data-start=\"2498\" data-end=\"2730\">\u0421 \u043f\u043e\u043c\u043e\u0449\u044c\u044e \u043f\u0438\u043f\u0435\u0442\u043a\u0438 \u043d\u0430\u043d\u0435\u0441\u0438\u0442\u0435 \u043f\u043e\u0434\u0445\u043e\u0434\u044f\u0449\u0435\u0435 \u043a\u043e\u043b\u0438\u0447\u0435\u0441\u0442\u0432\u043e Hyper Serum \u043d\u0430 \u0446\u0435\u043b\u0435\u0432\u0443\u044e \u043e\u0431\u043b\u0430\u0441\u0442\u044c. \u0410\u043a\u043a\u0443\u0440\u0430\u0442\u043d\u043e \u043f\u043e\u0445\u043b\u043e\u043f\u0430\u0439\u0442\u0435 \u043a\u043e\u043d\u0447\u0438\u043a\u0430\u043c\u0438 \u043f\u0430\u043b\u044c\u0446\u0435\u0432, \u043e\u043a\u0430\u0437\u044b\u0432\u0430\u044f \u043b\u0435\u0433\u043a\u043e\u0435 \u0434\u0430\u0432\u043b\u0435\u043d\u0438\u0435 \u0434\u043e \u043f\u043e\u043b\u043d\u043e\u0433\u043e \u0432\u043f\u0438\u0442\u044b\u0432\u0430\u043d\u0438\u044f (\u043e\u043a\u043e\u043b\u043e 2\u20135 \u043c\u0438\u043d\u0443\u0442, \u0432 \u0437\u0430\u0432\u0438\u0441\u0438\u043c\u043e\u0441\u0442\u0438 \u043e\u0442 \u043e\u0431\u0440\u0430\u0431\u0430\u0442\u044b\u0432\u0430\u0435\u043c\u043e\u0439 \u043e\u0431\u043b\u0430\u0441\u0442\u0438).<\/p>\n<\/li>\n<li data-start=\"2731\" data-end=\"2880\">\n<p data-start=\"2734\" data-end=\"2880\">\u0427\u0435\u0440\u0435\u0437 10 \u043c\u0438\u043d\u0443\u0442 \u043d\u0430\u043d\u0435\u0441\u0438\u0442\u0435 \u0449\u0435\u0434\u0440\u044b\u0439 \u0441\u043b\u043e\u0439 (\u043e\u043a\u043e\u043b\u043e 5 \u043c\u043b) \u0441\u044b\u0432\u043e\u0440\u043e\u0442\u043a\u0438 Soox \u0438 \u0440\u0430\u0437\u043c\u0435\u0441\u0442\u0438\u0442\u0435 \u0441\u0438\u043b\u0438\u043a\u043e\u043d\u043e\u0432\u0443\u044e \u043c\u0430\u0441\u043a\u0443 \u043d\u0430 \u043e\u0431\u0440\u0430\u0431\u043e\u0442\u0430\u043d\u043d\u043e\u0439 \u043e\u0431\u043b\u0430\u0441\u0442\u0438.<\/p>\n<\/li>\n<li data-start=\"2881\" data-end=\"3282\">\n<p data-start=\"2884\" data-end=\"3282\">\u0414\u043b\u044f \u0434\u043e\u043f\u043e\u043b\u043d\u0438\u0442\u0435\u043b\u044c\u043d\u043e\u0433\u043e \u043e\u0445\u043b\u0430\u0436\u0434\u0430\u044e\u0449\u0435\u0433\u043e \u0438 \u0443\u0441\u043f\u043e\u043a\u0430\u0438\u0432\u0430\u044e\u0449\u0435\u0433\u043e \u044d\u0444\u0444\u0435\u043a\u0442\u0430 \u043e\u0445\u043b\u0430\u0434\u0438\u0442\u0435 \u0441\u0438\u043b\u0438\u043a\u043e\u043d\u043e\u0432\u0443\u044e \u043c\u0430\u0441\u043a\u0443 \u0432 \u0445\u043e\u043b\u043e\u0434\u0438\u043b\u044c\u043d\u0438\u043a\u0435 \u0437\u0430 10 \u043c\u0438\u043d\u0443\u0442 \u0434\u043e \u0438\u0441\u043f\u043e\u043b\u044c\u0437\u043e\u0432\u0430\u043d\u0438\u044f. \u041d\u0430\u0434\u0435\u043d\u044c\u0442\u0435 \u043c\u0430\u0441\u043a\u0443, \u0437\u0430\u043a\u0440\u0435\u043f\u0438\u0432 \u043f\u0435\u0442\u043b\u0438 \u0437\u0430 \u0443\u0448\u0430\u043c\u0438 \u0434\u043b\u044f \u0440\u0430\u0432\u043d\u043e\u043c\u0435\u0440\u043d\u043e\u0433\u043e \u043f\u043e\u043a\u0440\u044b\u0442\u0438\u044f. \u041e\u0441\u0442\u0430\u0432\u044c\u0442\u0435 \u043d\u0430 15\u201320 \u043c\u0438\u043d\u0443\u0442, \u0437\u0430\u0442\u0435\u043c \u0441\u043d\u0438\u043c\u0438\u0442\u0435. \u0422\u0449\u0430\u0442\u0435\u043b\u044c\u043d\u043e \u0432\u044b\u043c\u043e\u0439\u0442\u0435 \u043c\u0430\u0441\u043a\u0443 \u0438 \u0432\u044b\u0441\u0443\u0448\u0438\u0442\u0435 \u0447\u0438\u0441\u0442\u043e\u0439 \u0442\u043a\u0430\u043d\u044c\u044e. \u0414\u0435\u0440\u0436\u0438\u0442\u0435 \u043c\u0430\u0441\u043a\u0443 \u043f\u043e\u0434\u0430\u043b\u044c\u0448\u0435 \u043e\u0442 \u0438\u0441\u0442\u043e\u0447\u043d\u0438\u043a\u043e\u0432 \u0442\u0435\u043f\u043b\u0430. \u041c\u0430\u0441\u043a\u0430 \u043c\u043d\u043e\u0433\u043e\u0440\u0430\u0437\u043e\u0432\u0430\u044f, \u043d\u043e \u043f\u0440\u0435\u0434\u043d\u0430\u0437\u043d\u0430\u0447\u0435\u043d\u0430 \u0434\u043b\u044f \u0438\u0441\u043f\u043e\u043b\u044c\u0437\u043e\u0432\u0430\u043d\u0438\u044f \u043e\u0434\u043d\u0438\u043c \u043f\u0430\u0446\u0438\u0435\u043d\u0442\u043e\u043c.<\/p>\n<\/li>\n<li data-start=\"3283\" data-end=\"3541\">\n<p data-start=\"3286\" data-end=\"3541\">\u041d\u0430\u0447\u0438\u043d\u0430\u044f \u0441 \u0442\u0440\u0435\u0442\u044c\u0435\u0433\u043e \u0434\u043d\u044f \u043f\u043e\u0441\u043b\u0435 \u043f\u0440\u043e\u0446\u0435\u0434\u0443\u0440\u044b, \u0438\u0441\u043f\u043e\u043b\u044c\u0437\u0443\u0439\u0442\u0435 \u043f\u043e \u043e\u0434\u043d\u043e\u0439 \u0430\u043c\u043f\u0443\u043b\u0435 Hyper Serum \u043a\u0430\u0436\u0434\u044b\u0439 \u0434\u0435\u043d\u044c \u0434\u043e \u043f\u043e\u043b\u043d\u043e\u0433\u043e \u0432\u043f\u0438\u0442\u044b\u0432\u0430\u043d\u0438\u044f. \u0420\u0435\u043a\u043e\u043c\u0435\u043d\u0434\u0443\u0435\u0442\u0441\u044f \u0438\u0441\u043f\u043e\u043b\u044c\u0437\u043e\u0432\u0430\u0442\u044c \u0441\u043e\u043b\u043d\u0446\u0435\u0437\u0430\u0449\u0438\u0442\u043d\u044b\u0439 \u043a\u0440\u0435\u043c \u0441 \u0432\u044b\u0441\u043e\u043a\u043e\u0439 \u0437\u0430\u0449\u0438\u0442\u043e\u0439 SPF 50+ \u0432 \u0442\u0435\u0447\u0435\u043d\u0438\u0435 \u0441\u043b\u0435\u0434\u0443\u044e\u0449\u0438\u0445 20 \u0434\u043d\u0435\u0439.<\/p>\n<\/li>\n<\/ol>\n<p data-start=\"3543\" data-end=\"3847\">","protected":false},"excerpt":{"rendered":"<p data-start=\"88\" data-end=\"171\"><strong data-start=\"110\" data-end=\"169\">\u0422\u0440\u0430\u043d\u0435\u043a\u0441\u0430\u043c\u043e\u0432\u0430\u044f \u043a\u0438\u0441\u043b\u043e\u0442\u0430 \u0438 \u0430\u0440\u0431\u0443\u0442\u0438\u043d \u0441 \u0432\u0438\u0434\u0438\u043c\u044b\u043c \u044d\u0444\u0444\u0435\u043a\u0442\u043e\u043c \u043e\u0441\u0432\u0435\u0442\u043b\u0435\u043d\u0438\u044f<\/strong><\/p>\n<p data-start=\"173\" data-end=\"396\" class=\"translation-block\"><strong data-start=\"173\" data-end=\"200\">Aktiivsed koostisosad:<\/strong> Koji\u00adhape, kudzu (Pueraria lobata), tranexaanhape, \u03b1-arbutiin.<br>\r\n<strong data-start=\"306\" data-end=\"320\">Tulemused:<\/strong> Pigmandilaikude v\u00e4henemine ja\/v\u00f5i kadumine.<\/p>\n<p data-start=\"398\" data-end=\"420\"><strong data-start=\"398\" data-end=\"418\">1 \u043a\u043e\u0440\u043e\u0431\u043a\u0430 \u0441\u043e\u0434\u0435\u0440\u0436\u0438\u0442:<\/strong><\/p>\n<ul data-start=\"421\" data-end=\"781\">\n<li data-start=\"421\" data-end=\"502\">\n<p data-start=\"423\" data-end=\"502\">4 \u00d7 \u0431\u0430\u043d\u043a\u0438 Spongilla Spicula 99% (0,3 \u0433)<\/p>\n<\/li>\n<li data-start=\"503\" data-end=\"582\">\n<p data-start=\"505\" data-end=\"582\">4 \u00d7 Hyper Serum pipetiotsikuga (3 ml)<\/p>\n<\/li>\n<li data-start=\"583\" data-end=\"647\">\n<p data-start=\"585\" data-end=\"647\">1 \u00d7 \u0421\u044b\u0432\u043e\u0440\u043e\u0442\u043a\u0430 Soox (30 \u043c\u043b)<\/p>\n<\/li>\n<li data-start=\"648\" data-end=\"707\">\n<p data-start=\"650\" data-end=\"707\">4 \u00d7 \u0441\u0438\u043b\u0438\u043a\u043e\u043d\u043e\u0432\u0430\u044f \u043c\u0430\u0441\u043a\u0430<\/p>\n<\/li>\n<li data-start=\"708\" data-end=\"781\">\n<p data-start=\"710\" data-end=\"781\">24 \u00d7 \u0410\u043c\u043f\u0443\u043b\u044b Hyper Serum (4 \u043c\u043b)<\/p>\n<\/li>\n<\/ul>","protected":false},"featured_media":7209,"comment_status":"closed","ping_status":"closed","template":"","meta":{"_uag_custom_page_level_css":"","site-sidebar-layout":"default","site-content-layout":"","ast-site-content-layout":"default","site-content-style":"default","site-sidebar-style":"default","ast-global-header-display":"","ast-banner-title-visibility":"","ast-main-header-display":"","ast-hfb-above-header-display":"","ast-hfb-below-header-display":"","ast-hfb-mobile-header-display":"","site-post-title":"","ast-breadcrumbs-content":"","ast-featured-img":"","footer-sml-layout":"","ast-disable-related-posts":"","theme-transparent-header-meta":"default","adv-header-id-meta":"","stick-header-meta":"","header-above-stick-meta":"","header-main-stick-meta":"","header-below-stick-meta":"","astra-migrate-meta-layouts":"set","ast-page-background-enabled":"default","ast-page-background-meta":{"desktop":{"background-color":"var(--ast-global-color-4)","background-image":"","background-repeat":"repeat","background-position":"center center","background-size":"auto","background-attachment":"scroll","background-type":"","background-media":"","overlay-type":"","overlay-color":"","overlay-opacity":"","overlay-gradient":""},"tablet":{"background-color":"","background-image":"","background-repeat":"repeat","background-position":"center center","background-size":"auto","background-attachment":"scroll","background-type":"","background-media":"","overlay-type":"","overlay-color":"","overlay-opacity":"","overlay-gradient":""},"mobile":{"background-color":"","background-image":"","background-repeat":"repeat","background-position":"center center","background-size":"auto","background-attachment":"scroll","background-type":"","background-media":"","overlay-type":"","overlay-color":"","overlay-opacity":"","overlay-gradient":""}},"ast-content-background-meta":{"desktop":{"background-color":"var(--ast-global-color-5)","background-image":"","background-repeat":"repeat","background-position":"center center","background-size":"auto","background-attachment":"scroll","background-type":"","background-media":"","overlay-type":"","overlay-color":"","overlay-opacity":"","overlay-gradient":""},"tablet":{"background-color":"var(--ast-global-color-5)","background-image":"","background-repeat":"repeat","background-position":"center center","background-size":"auto","background-attachment":"scroll","background-type":"","background-media":"","overlay-type":"","overlay-color":"","overlay-opacity":"","overlay-gradient":""},"mobile":{"background-color":"var(--ast-global-color-5)","background-image":"","background-repeat":"repeat","background-position":"center center","background-size":"auto","background-attachment":"scroll","background-type":"","background-media":"","overlay-type":"","overlay-color":"","overlay-opacity":"","overlay-gradient":""}}},"product_brand":[],"product_cat":[117,126,97],"product_tag":[],"class_list":{"0":"post-7213","1":"product","2":"type-product","3":"status-publish","4":"has-post-thumbnail","6":"product_cat-bundles","7":"product_cat-mesotech","8":"product_cat-naole","9":"desktop-align-left","10":"tablet-align-left","11":"mobile-align-left","13":"first","14":"instock","15":"taxable","16":"shipping-taxable","17":"product-type-simple","18":"add-to-wishlist-before_image"},"uagb_featured_image_src":{"full":["https:\/\/kosmeetika24.com\/wp-content\/uploads\/2025\/11\/idealskin-spongilla-spicula-hyper.jpg",1000,1000,false],"thumbnail":["https:\/\/kosmeetika24.com\/wp-content\/uploads\/2025\/11\/idealskin-spongilla-spicula-hyper-150x150.jpg",150,150,true],"medium":["https:\/\/kosmeetika24.com\/wp-content\/uploads\/2025\/11\/idealskin-spongilla-spicula-hyper-300x300.jpg",300,300,true],"medium_large":["https:\/\/kosmeetika24.com\/wp-content\/uploads\/2025\/11\/idealskin-spongilla-spicula-hyper-768x768.jpg",768,768,true],"large":["https:\/\/kosmeetika24.com\/wp-content\/uploads\/2025\/11\/idealskin-spongilla-spicula-hyper.jpg",1000,1000,false],"1536x1536":["https:\/\/kosmeetika24.com\/wp-content\/uploads\/2025\/11\/idealskin-spongilla-spicula-hyper.jpg",1000,1000,false],"2048x2048":["https:\/\/kosmeetika24.com\/wp-content\/uploads\/2025\/11\/idealskin-spongilla-spicula-hyper.jpg",1000,1000,false],"trp-custom-language-flag":["https:\/\/kosmeetika24.com\/wp-content\/uploads\/2025\/11\/idealskin-spongilla-spicula-hyper-12x12.jpg",12,12,true],"woocommerce_thumbnail":["https:\/\/kosmeetika24.com\/wp-content\/uploads\/2025\/11\/idealskin-spongilla-spicula-hyper-300x300.jpg",300,300,true],"woocommerce_single":["https:\/\/kosmeetika24.com\/wp-content\/uploads\/2025\/11\/idealskin-spongilla-spicula-hyper-500x500.jpg",500,500,true],"woocommerce_gallery_thumbnail":["https:\/\/kosmeetika24.com\/wp-content\/uploads\/2025\/11\/idealskin-spongilla-spicula-hyper-100x100.jpg",100,100,true]},"uagb_author_info":{"display_name":"admin","author_link":"https:\/\/kosmeetika24.com\/ru\/author\/"},"uagb_comment_info":0,"uagb_excerpt":"Tranexaanhape ja arbutiin n\u00e4htava heledamuse efektiga Aktiivsed koostisosad: Koji\u00adhape, kudzu (Pueraria lobata), tranexaanhape, \u03b1-arbutiin. Tulemused: Pigmandilaikude v\u00e4henemine ja\/v\u00f5i kadumine. 1 karp sisaldab: 4 \u00d7 Spongilla Spicula 99% purki (0,3 g) 4 \u00d7 Hyper Serum pipetiotsikuga (3 ml) 1 \u00d7 Soox Serum (30 ml) 4 \u00d7 silikoonmaski 24 \u00d7 Hyper Serum ampulli (4 ml)","_links":{"self":[{"href":"https:\/\/kosmeetika24.com\/ru\/wp-json\/wp\/v2\/product\/7213","targetHints":{"allow":["GET"]}}],"collection":[{"href":"https:\/\/kosmeetika24.com\/ru\/wp-json\/wp\/v2\/product"}],"about":[{"href":"https:\/\/kosmeetika24.com\/ru\/wp-json\/wp\/v2\/types\/product"}],"replies":[{"embeddable":true,"href":"https:\/\/kosmeetika24.com\/ru\/wp-json\/wp\/v2\/comments?post=7213"}],"version-history":[{"count":2,"href":"https:\/\/kosmeetika24.com\/ru\/wp-json\/wp\/v2\/product\/7213\/revisions"}],"predecessor-version":[{"id":7215,"href":"https:\/\/kosmeetika24.com\/ru\/wp-json\/wp\/v2\/product\/7213\/revisions\/7215"}],"wp:featuredmedia":[{"embeddable":true,"href":"https:\/\/kosmeetika24.com\/ru\/wp-json\/wp\/v2\/media\/7209"}],"wp:attachment":[{"href":"https:\/\/kosmeetika24.com\/ru\/wp-json\/wp\/v2\/media?parent=7213"}],"wp:term":[{"taxonomy":"product_brand","embeddable":true,"href":"https:\/\/kosmeetika24.com\/ru\/wp-json\/wp\/v2\/product_brand?post=7213"},{"taxonomy":"product_cat","embeddable":true,"href":"https:\/\/kosmeetika24.com\/ru\/wp-json\/wp\/v2\/product_cat?post=7213"},{"taxonomy":"product_tag","embeddable":true,"href":"https:\/\/kosmeetika24.com\/ru\/wp-json\/wp\/v2\/product_tag?post=7213"}],"curies":[{"name":"wp","href":"https:\/\/api.w.org\/{rel}","templated":true}]}}