{"id":7211,"date":"2025-11-12T12:53:35","date_gmt":"2025-11-12T09:53:35","guid":{"rendered":"https:\/\/kosmeetika24.com\/?post_type=product&#038;p=7211"},"modified":"2026-01-22T14:08:47","modified_gmt":"2026-01-22T11:08:47","slug":"mesotech-idealskin-active","status":"publish","type":"product","link":"https:\/\/kosmeetika24.com\/ru\/product\/mesotech-idealskin-active\/","title":{"rendered":"MesoTech Idealskin Active"},"content":{"rendered":"<p data-start=\"581\" data-end=\"1016\">\u042d\u0442\u043e \u043f\u0440\u043e\u0440\u044b\u0432\u043d\u043e\u0439 \u0438 \u0432\u044b\u0441\u043e\u043a\u043e\u044d\u0444\u0444\u0435\u043a\u0442\u0438\u0432\u043d\u044b\u0439 \u043f\u0440\u043e\u0442\u043e\u043a\u043e\u043b \u0443\u0445\u043e\u0434\u0430 \u0437\u0430 \u043a\u043e\u0436\u0435\u0439, \u043e\u0441\u043d\u043e\u0432\u0430\u043d\u043d\u044b\u0439 \u043d\u0430 \u0438\u0433\u043e\u043b\u043e\u0447\u043a\u0430\u0445 Spongilla \u2014 100% \u043d\u0430\u0442\u0443\u0440\u0430\u043b\u044c\u043d\u044b\u0439 \u0438\u043d\u0433\u0440\u0435\u0434\u0438\u0435\u043d\u0442 \u0441 \u0447\u0438\u0441\u0442\u043e\u0442\u043e\u0439 99%, \u0438\u0437\u0432\u043b\u0435\u0447\u0435\u043d\u043d\u044b\u0439 \u0438\u0437 \u043f\u0440\u0435\u0441\u043d\u043e\u0432\u043e\u0434\u043d\u044b\u0445 \u0433\u0443\u0431\u043e\u043a. \u0421\u043f\u0435\u0446\u0438\u0430\u043b\u044c\u043d\u043e \u0440\u0430\u0437\u0440\u0430\u0431\u043e\u0442\u0430\u043d \u0434\u043b\u044f \u0436\u0438\u0440\u043d\u043e\u0439 \u0438 \u0441\u043a\u043b\u043e\u043d\u043d\u043e\u0439 \u043a \u0430\u043a\u043d\u0435 \u043a\u043e\u0436\u0438, \u043e\u0431\u0435\u0441\u043f\u0435\u0447\u0438\u0432\u0430\u044f \u0440\u0435\u0433\u0443\u043b\u0438\u0440\u0443\u044e\u0449\u0435\u0435 \u0438 \u0431\u0430\u043b\u0430\u043d\u0441\u0438\u0440\u0443\u044e\u0449\u0435\u0435 \u0432\u043e\u0437\u0434\u0435\u0439\u0441\u0442\u0432\u0438\u0435 \u043d\u0430 \u0441\u0435\u043a\u0440\u0435\u0446\u0438\u044e \u043a\u043e\u0436\u043d\u043e\u0433\u043e \u0441\u0430\u043b\u0430. \u042d\u0444\u0444\u0435\u043a\u0442 \u0434\u043e\u0441\u0442\u0438\u0433\u0430\u0435\u0442\u0441\u044f \u0441\u0438\u043d\u0435\u0440\u0433\u0438\u0435\u0439 \u0438\u043d\u0433\u0440\u0435\u0434\u0438\u0435\u043d\u0442\u043e\u0432: \u0441\u0430\u043b\u0438\u0446\u0438\u043b\u043e\u0432\u0430\u044f \u043a\u0438\u0441\u043b\u043e\u0442\u0430, \u044f\u043d\u0442\u0430\u0440\u043d\u0430\u044f \u043a\u0438\u0441\u043b\u043e\u0442\u0430 \u0438 \u043d\u0438\u0430\u0446\u0438\u043d\u0430\u043c\u0438\u0434, \u0432\u0441\u0435 \u0438\u0437\u0432\u0435\u0441\u0442\u043d\u044b\u0435 \u0441\u0432\u043e\u0435\u0439 \u0441\u043f\u043e\u0441\u043e\u0431\u043d\u043e\u0441\u0442\u044c\u044e \u0440\u0435\u0433\u0443\u043b\u0438\u0440\u043e\u0432\u0430\u0442\u044c \u0432\u044b\u0440\u0430\u0431\u043e\u0442\u043a\u0443 \u043a\u043e\u0436\u043d\u043e\u0433\u043e \u0441\u0430\u043b\u0430.<\/p>\n<p data-start=\"1018\" data-end=\"1053\"><strong data-start=\"1018\" data-end=\"1051\">\u041f\u0440\u043e\u0434\u0443\u043a\u0442\u044b, \u0432\u0445\u043e\u0434\u044f\u0449\u0438\u0435 \u0432 \u043a\u043e\u043c\u043f\u043b\u0435\u043a\u0442:<\/strong><\/p>\n<ul data-start=\"1054\" data-end=\"2350\">\n<li data-start=\"1054\" data-end=\"1530\">\n<p data-start=\"1056\" data-end=\"1530\">Spongilla Spicula 99%: \u041c\u0438\u043a\u0440\u043e\u0441\u0442\u0440\u0443\u043a\u0442\u0443\u0440\u044b, \u0441\u043e\u0441\u0442\u043e\u044f\u0449\u0438\u0435 \u043f\u0440\u0438\u043c\u0435\u0440\u043d\u043e \u043d\u0430 95% \u0438\u0437 \u043a\u0440\u0435\u043c\u043d\u0435\u0437\u0435\u043c\u0430, \u0432 \u0444\u043e\u0440\u043c\u0435 \u043c\u0438\u043a\u0440\u043e\u0441\u043a\u043e\u043f\u0438\u0447\u0435\u0441\u043a\u0438\u0445 \u0438\u0433\u043b, \u0441\u0442\u0438\u043c\u0443\u043b\u0438\u0440\u0443\u044e\u0449\u0438\u0445 \u043e\u0431\u043d\u043e\u0432\u043b\u0435\u043d\u0438\u0435 \u043a\u043b\u0435\u0442\u043e\u043a \u0438 \u0443\u0432\u0435\u043b\u0438\u0447\u0438\u0432\u0430\u044e\u0449\u0438\u0445 \u0432\u044b\u0440\u0430\u0431\u043e\u0442\u043a\u0443 \u043a\u043e\u043b\u043b\u0430\u0433\u0435\u043d\u0430. \u0418\u0433\u043b\u044b \u0438\u043c\u0435\u044e\u0442 \u0434\u0438\u0430\u043c\u0435\u0442\u0440 \u043e\u043a\u043e\u043b\u043e 10 \u043c\u043a\u043c \u0438 \u0434\u043b\u0438\u043d\u0443 200\u2013250 \u043c\u043a\u043c. \u0420\u0443\u0447\u043d\u043e\u0439<\/p>\n<\/li>\n<li data-start=\"1531\" data-end=\"1940\">\n<p data-start=\"1533\" data-end=\"1940\">Active Serum: \u0426\u0435\u043b\u0435\u0432\u043e\u0439 \u0441\u0435\u0440\u0443\u043c \u0441\u043e\u0434\u0435\u0440\u0436\u0438\u0442: \u0441\u0430\u043b\u0438\u0446\u0438\u043b\u043e\u0432\u0443\u044e \u043a\u0438\u0441\u043b\u043e\u0442\u0443 \u2013 \u0430\u043d\u0442\u0438\u0431\u0430\u043a\u0442\u0435\u0440\u0438\u0430\u043b\u044c\u043d\u043e\u0435 \u0438 \u0440\u0435\u0433\u0443\u043b\u0438\u0440\u0443\u044e\u0449\u0435\u0435 \u0432\u044b\u0434\u0435\u043b\u0435\u043d\u0438\u0435 \u043a\u043e\u0436\u043d\u043e\u0433\u043e \u0441\u0430\u043b\u0430 \u0434\u0435\u0439\u0441\u0442\u0432\u0438\u0435; \u044f\u043d\u0442\u0430\u0440\u043d\u0443\u044e \u043a\u0438\u0441\u043b\u043e\u0442\u0443 \u2013 \u043a\u0435\u0440\u0430\u0442\u043e\u043b\u0438\u0442\u0438\u0447\u0435\u0441\u043a\u043e\u0435 \u0438 \u0430\u043d\u0442\u0438\u0431\u0430\u043a\u0442\u0435\u0440\u0438\u0430\u043b\u044c\u043d\u043e\u0435 \u0434\u0435\u0439\u0441\u0442\u0432\u0438\u0435; \u043d\u0438\u0430\u0446\u0438\u043d\u0430\u043c\u0438\u0434 \u2013 \u043f\u043e\u043c\u043e\u0433\u0430\u0435\u0442 \u0443\u043c\u0435\u043d\u044c\u0448\u0438\u0442\u044c \u0438\u0437\u0431\u044b\u0442\u043e\u0447\u043d\u043e\u0435 \u0432\u044b\u0434\u0435\u043b\u0435\u043d\u0438\u0435 \u043a\u043e\u0436\u043d\u043e\u0433\u043e \u0441\u0430\u043b\u0430, \u0441\u043d\u0438\u0436\u0430\u0435\u0442 \u0432\u0438\u0434\u0438\u043c\u043e\u0441\u0442\u044c \u0443\u0432\u0435\u043b\u0438\u0447\u0435\u043d\u043d\u044b\u0445 \u043f\u043e\u0440 \u0438 \u0443\u043b\u0443\u0447\u0448\u0430\u0435\u0442 \u0431\u0430\u043b\u0430\u043d\u0441 \u043a\u043e\u0436\u0438; \u0442\u0440\u0430\u043d\u0435\u043a\u0441\u0430\u043c\u043e\u0432\u0430\u044f \u043a\u0438\u0441\u043b\u043e\u0442\u0430 \u2013 \u044d\u0444\u0444\u0435\u043a\u0442\u0438\u0432\u043d\u0430 \u0432 \u0443\u043c\u0435\u043d\u044c\u0448\u0435\u043d\u0438\u0438 \u0430\u043a\u043d\u0435-\u0441\u0432\u044f\u0437\u0430\u043d\u043d\u044b\u0445 \u0433\u0438\u043f\u0435\u0440\u043f\u0438\u0433\u043c\u0435\u043d\u0442\u0430\u0446\u0438\u0439, \u043f\u043e\u0434\u0430\u0432\u043b\u044f\u044f \u0447\u0440\u0435\u0437\u043c\u0435\u0440\u043d\u043e\u0435 \u043e\u0431\u0440\u0430\u0437\u043e\u0432\u0430\u043d\u0438\u0435 \u043c\u0435\u043b\u0430\u043d\u0438\u043d\u0430.<\/p>\n<\/li>\n<li data-start=\"1941\" data-end=\"2350\">\n<p data-start=\"1943\" data-end=\"2350\">Soox Serum: \u0423\u0441\u043f\u043e\u043a\u0430\u0438\u0432\u0430\u044e\u0449\u0430\u044f \u0441\u044b\u0432\u043e\u0440\u043e\u0442\u043a\u0430 \u0434\u043b\u044f \u043b\u0438\u0446\u0430 \u0441 \u0432\u044b\u0441\u043e\u043a\u0438\u043c \u0441\u043e\u0434\u0435\u0440\u0436\u0430\u043d\u0438\u0435\u043c \u0430\u043b\u043e\u044d \u0432\u0435\u0440\u0430, \u0441\u043e\u0434\u0435\u0440\u0436\u0430\u0449\u0430\u044f \u0443\u0441\u043f\u043e\u043a\u0430\u0438\u0432\u0430\u044e\u0449\u0438\u0435 \u0438 \u0432\u043e\u0441\u0441\u0442\u0430\u043d\u0430\u0432\u043b\u0438\u0432\u0430\u044e\u0449\u0438\u0435 \u0438\u043d\u0433\u0440\u0435\u0434\u0438\u0435\u043d\u0442\u044b, \u0432\u043a\u043b\u044e\u0447\u0430\u044f \u043f\u0440\u043e\u0431\u0438\u043e\u0442\u0438\u043a\u0438 \u0438 \u0440\u0430\u0441\u0442\u0438\u0442\u0435\u043b\u044c\u043d\u044b\u0435 \u044d\u043a\u0441\u0442\u0440\u0430\u043a\u0442\u044b: \u0446\u0435\u043d\u0442\u0435\u043b\u043b\u0430, \u0437\u0435\u043b\u0435\u043d\u044b\u0439 \u0447\u0430\u0439, \u0440\u043e\u0437\u043c\u0430\u0440\u0438\u043d \u0438 \u0440\u043e\u043c\u0430\u0448\u043a\u0430. \u041e\u0431\u043e\u0433\u0430\u0449\u0435\u043d\u0430 \u043d\u0430\u0442\u0440\u0438\u044f \u0433\u0438\u0430\u043b\u0443\u0440\u043e\u043d\u0430\u0442\u043e\u043c, \u0430\u043b\u043b\u0430\u043d\u0442\u043e\u0438\u043d\u043e\u043c \u0438 \u043f\u0430\u043d\u0442\u0435\u043d\u043e\u043b\u043e\u043c, \u043f\u043e\u043c\u043e\u0433\u0430\u0435\u0442 \u0443\u0432\u043b\u0430\u0436\u043d\u044f\u0442\u044c, \u0443\u0441\u043f\u043e\u043a\u0430\u0438\u0432\u0430\u0442\u044c, \u0441\u043d\u0438\u0436\u0430\u0442\u044c \u0447\u0443\u0432\u0441\u0442\u0432\u0438\u0442\u0435\u043b\u044c\u043d\u043e\u0441\u0442\u044c \u043a\u043e\u0436\u0438 \u0438 \u043f\u043e\u043a\u0440\u0430\u0441\u043d\u0435\u043d\u0438\u0435, \u0430 \u0442\u0430\u043a\u0436\u0435 \u043f\u043e\u0434\u0434\u0435\u0440\u0436\u0438\u0432\u0430\u0442\u044c \u043c\u0438\u043a\u0440\u043e\u0431\u0438\u043e\u0442\u0443 \u043a\u043e\u0436\u0438.<\/p>\n<\/li>\n<\/ul>\n<p data-start=\"2352\" data-end=\"2370\"><strong data-start=\"2352\" data-end=\"2368\">\u041f\u0440\u0438\u043c\u0435\u043d\u0435\u043d\u0438\u0435:<\/strong><\/p>\n<ol data-start=\"2371\" data-end=\"3429\">\n<li data-start=\"2371\" data-end=\"2428\">\n<p data-start=\"2374\" data-end=\"2428\">\u0421\u043d\u0438\u043c\u0438\u0442\u0435 \u043c\u0430\u043a\u0438\u044f\u0436 \u0438 \u043e\u0447\u0438\u0441\u0442\u0438\u0442\u0435 \u043e\u0431\u043b\u0430\u0441\u0442\u044c.<\/p>\n<\/li>\n<li data-start=\"2429\" data-end=\"2535\">\n<p data-start=\"2432\" data-end=\"2535\">\u0412\u044b\u043b\u0435\u0439\u0442\u0435 Active Serum \u0432 \u0431\u0430\u043d\u043a\u0443, \u0441\u043e\u0434\u0435\u0440\u0436\u0430\u0449\u0443\u044e Spongilla Spicula 99%, \u0437\u0430\u043a\u0440\u043e\u0439\u0442\u0435 \u0431\u0430\u043d\u043a\u0443 \u0438 \u0432\u0441\u0442\u0440\u044f\u0445\u0438\u0432\u0430\u0439\u0442\u0435 \u043e\u043a\u043e\u043b\u043e 1 \u043c\u0438\u043d\u0443\u0442\u044b.<\/p>\n<\/li>\n<li data-start=\"2536\" data-end=\"2738\">\n<p data-start=\"2539\" data-end=\"2738\">\u0421 \u043f\u043e\u043c\u043e\u0449\u044c\u044e \u043f\u0438\u043f\u0435\u0442\u043a\u0438 \u043d\u0430\u043d\u0435\u0441\u0438\u0442\u0435 \u043f\u043e\u0434\u0445\u043e\u0434\u044f\u0449\u0435\u0435 \u043a\u043e\u043b\u0438\u0447\u0435\u0441\u0442\u0432\u043e Active Serum \u043d\u0430 \u0446\u0435\u043b\u0435\u0432\u0443\u044e \u043e\u0431\u043b\u0430\u0441\u0442\u044c. \u0410\u043a\u043a\u0443\u0440\u0430\u0442\u043d\u043e \u043f\u043e\u0445\u043b\u043e\u043f\u0430\u0439\u0442\u0435 \u043a\u043e\u043d\u0447\u0438\u043a\u0430\u043c\u0438 \u043f\u0430\u043b\u044c\u0446\u0435\u0432, \u043e\u043a\u0430\u0437\u044b\u0432\u0430\u044f \u043b\u0435\u0433\u043a\u043e\u0435 \u0434\u0430\u0432\u043b\u0435\u043d\u0438\u0435 \u0434\u043e \u043f\u043e\u043b\u043d\u043e\u0433\u043e \u0432\u043f\u0438\u0442\u044b\u0432\u0430\u043d\u0438\u044f (\u043e\u043a\u043e\u043b\u043e 2\u20135 \u043c\u0438\u043d\u0443\u0442, \u0432 \u0437\u0430\u0432\u0438\u0441\u0438\u043c\u043e\u0441\u0442\u0438 \u043e\u0442 \u043e\u0431\u0440\u0430\u0431\u0430\u0442\u044b\u0432\u0430\u0435\u043c\u043e\u0439 \u043e\u0431\u043b\u0430\u0441\u0442\u0438).<\/p>\n<\/li>\n<li data-start=\"2739\" data-end=\"2847\">\n<p data-start=\"2742\" data-end=\"2847\">\u0427\u0435\u0440\u0435\u0437 10 \u043c\u0438\u043d\u0443\u0442 \u043d\u0430\u043d\u0435\u0441\u0438\u0442\u0435 \u0449\u0435\u0434\u0440\u044b\u0439 \u0441\u043b\u043e\u0439 (\u043e\u043a\u043e\u043b\u043e 5 \u043c\u043b) \u0441\u044b\u0432\u043e\u0440\u043e\u0442\u043a\u0438 Soox \u0438 \u0440\u0430\u0437\u043c\u0435\u0441\u0442\u0438\u0442\u0435 \u0441\u0438\u043b\u0438\u043a\u043e\u043d\u043e\u0432\u0443\u044e \u043c\u0430\u0441\u043a\u0443 \u043d\u0430 \u043e\u0431\u0440\u0430\u0431\u043e\u0442\u0430\u043d\u043d\u043e\u0439 \u043e\u0431\u043b\u0430\u0441\u0442\u0438.<\/p>\n<\/li>\n<li data-start=\"2848\" data-end=\"3209\">\n<p data-start=\"2851\" data-end=\"3209\">\u0414\u043b\u044f \u0434\u043e\u043f\u043e\u043b\u043d\u0438\u0442\u0435\u043b\u044c\u043d\u043e\u0433\u043e \u043e\u0445\u043b\u0430\u0436\u0434\u0430\u044e\u0449\u0435\u0433\u043e \u0438 \u0443\u0441\u043f\u043e\u043a\u0430\u0438\u0432\u0430\u044e\u0449\u0435\u0433\u043e \u044d\u0444\u0444\u0435\u043a\u0442\u0430 \u043e\u0445\u043b\u0430\u0434\u0438\u0442\u0435 \u0441\u0438\u043b\u0438\u043a\u043e\u043d\u043e\u0432\u0443\u044e \u043c\u0430\u0441\u043a\u0443 \u0432 \u0445\u043e\u043b\u043e\u0434\u0438\u043b\u044c\u043d\u0438\u043a\u0435 \u0437\u0430 10 \u043c\u0438\u043d\u0443\u0442 \u0434\u043e \u0438\u0441\u043f\u043e\u043b\u044c\u0437\u043e\u0432\u0430\u043d\u0438\u044f. \u041d\u0430\u0434\u0435\u043d\u044c\u0442\u0435 \u043c\u0430\u0441\u043a\u0443, \u0437\u0430\u043a\u0440\u0435\u043f\u0438\u0432 \u043f\u0435\u0442\u043b\u0438 \u0437\u0430 \u0443\u0448\u0430\u043c\u0438 \u0434\u043b\u044f \u0440\u0430\u0432\u043d\u043e\u043c\u0435\u0440\u043d\u043e\u0433\u043e \u043f\u043e\u043a\u0440\u044b\u0442\u0438\u044f. \u041e\u0441\u0442\u0430\u0432\u044c\u0442\u0435 \u043d\u0430 15\u201320 \u043c\u0438\u043d\u0443\u0442, \u0437\u0430\u0442\u0435\u043c \u0441\u043d\u0438\u043c\u0438\u0442\u0435. \u0422\u0449\u0430\u0442\u0435\u043b\u044c\u043d\u043e \u0432\u044b\u043c\u043e\u0439\u0442\u0435 \u043c\u0430\u0441\u043a\u0443 \u0438 \u0432\u044b\u0441\u0443\u0448\u0438\u0442\u0435 \u0447\u0438\u0441\u0442\u043e\u0439 \u0442\u043a\u0430\u043d\u044c\u044e. \u0414\u0435\u0440\u0436\u0438\u0442\u0435 \u043c\u0430\u0441\u043a\u0443 \u043f\u043e\u0434\u0430\u043b\u044c\u0448\u0435 \u043e\u0442 \u0438\u0441\u0442\u043e\u0447\u043d\u0438\u043a\u043e\u0432 \u0442\u0435\u043f\u043b\u0430. \u041c\u0430\u0441\u043a\u0430 \u043c\u043d\u043e\u0433\u043e\u0440\u0430\u0437\u043e\u0432\u0430\u044f, \u043d\u043e \u043f\u0440\u0435\u0434\u043d\u0430\u0437\u043d\u0430\u0447\u0435\u043d\u0430 \u0434\u043b\u044f \u0438\u0441\u043f\u043e\u043b\u044c\u0437\u043e\u0432\u0430\u043d\u0438\u044f \u043e\u0434\u043d\u0438\u043c \u043f\u0430\u0446\u0438\u0435\u043d\u0442\u043e\u043c.<\/p>\n<\/li>\n<li data-start=\"3210\" data-end=\"3429\">\n<p data-start=\"3213\" data-end=\"3429\">\u041d\u0430\u0447\u0438\u043d\u0430\u044f \u0441 \u0442\u0440\u0435\u0442\u044c\u0435\u0433\u043e \u0434\u043d\u044f \u043f\u043e\u0441\u043b\u0435 \u043f\u0440\u043e\u0446\u0435\u0434\u0443\u0440\u044b, \u0438\u0441\u043f\u043e\u043b\u044c\u0437\u0443\u0439\u0442\u0435 \u043f\u043e \u043e\u0434\u043d\u043e\u0439 \u0430\u043c\u043f\u0443\u043b\u0435 Active Serum \u043a\u0430\u0436\u0434\u044b\u0439 \u0434\u0435\u043d\u044c \u0434\u043e \u043f\u043e\u043b\u043d\u043e\u0433\u043e \u0432\u043f\u0438\u0442\u044b\u0432\u0430\u043d\u0438\u044f. \u0420\u0435\u043a\u043e\u043c\u0435\u043d\u0434\u0443\u0435\u0442\u0441\u044f \u0438\u0441\u043f\u043e\u043b\u044c\u0437\u043e\u0432\u0430\u0442\u044c \u0441\u043e\u043b\u043d\u0446\u0435\u0437\u0430\u0449\u0438\u0442\u043d\u044b\u0439 \u043a\u0440\u0435\u043c \u0441 \u0432\u044b\u0441\u043e\u043a\u043e\u0439 \u0437\u0430\u0449\u0438\u0442\u043e\u0439 SPF 50+ \u0432 \u0442\u0435\u0447\u0435\u043d\u0438\u0435 \u0441\u043b\u0435\u0434\u0443\u044e\u0449\u0438\u0445 20 \u0434\u043d\u0435\u0439.<\/p>\n<\/li>\n<\/ol>","protected":false},"excerpt":{"rendered":"<p data-start=\"97\" data-end=\"222\"><strong data-start=\"120\" data-end=\"220\">\u0414\u043b\u044f \u043a\u043e\u0436\u0438, \u0441\u043a\u043b\u043e\u043d\u043d\u043e\u0439 \u043a \u0430\u043a\u043d\u0435 \u2014 \u0440\u0435\u0433\u0443\u043b\u0438\u0440\u0443\u0435\u0442 \u0432\u044b\u0434\u0435\u043b\u0435\u043d\u0438\u0435 \u0441\u0435\u0431\u0443\u043c\u0430 \u0438 \u0443\u043c\u0435\u043d\u044c\u0448\u0430\u0435\u0442 \u043f\u044f\u0442\u043d\u0430, \u043e\u0431\u0435\u0441\u043f\u0435\u0447\u0438\u0432\u0430\u044f \u0431\u043e\u043b\u0435\u0435 \u0433\u043b\u0430\u0434\u043a\u0443\u044e \u0438 \u0440\u043e\u0432\u043d\u0443\u044e \u043a\u043e\u0436\u0443<\/strong><\/p>\n<p data-start=\"224\" data-end=\"388\" class=\"translation-block\"><strong data-start=\"224\" data-end=\"238\">\u041f\u043e\u043a\u0430\u0437\u0430\u043d\u0438\u044f:<\/strong> \u041a\u043e\u0436\u0430, \u0441\u043a\u043b\u043e\u043d\u043d\u0430\u044f \u043a \u0430\u043a\u043d\u0435<br data-start=\"257\" data-end=\"260\">\n<strong data-start=\"260\" data-end=\"272\">\u0410\u043a\u0442\u0438\u0432\u043d\u044b\u0435 \u0438\u043d\u0433\u0440\u0435\u0434\u0438\u0435\u043d\u0442\u044b:<\/strong> \u0421\u0430\u043b\u0438\u0446\u0438\u043b\u043e\u0432\u0430\u044f \u043a\u0438\u0441\u043b\u043e\u0442\u0430, \u0442\u0440\u0430\u043d\u0435\u043a\u0441\u0430\u043c\u043e\u0432\u0430\u044f \u043a\u0438\u0441\u043b\u043e\u0442\u0430, \u044f\u043d\u0442\u0430\u0440\u043d\u0430\u044f \u043a\u0438\u0441\u043b\u043e\u0442\u0430, \u043d\u0438\u0430\u0446\u0438\u043d\u0430\u043c\u0438\u0434<br data-start=\"345\" data-end=\"348\">\n<strong data-start=\"348\" data-end=\"362\">\u0420\u0435\u0437\u0443\u043b\u044c\u0442\u0430\u0442\u044b:<\/strong> \u0423\u043b\u0443\u0447\u0448\u0430\u0435\u0442 \u0442\u0435\u043a\u0441\u0442\u0443\u0440\u0443 \u043a\u043e\u0436\u0438<\/p>\n<p data-start=\"390\" data-end=\"412\"><strong data-start=\"390\" data-end=\"410\">1 \u043a\u043e\u0440\u043e\u0431\u043a\u0430 \u0441\u043e\u0434\u0435\u0440\u0436\u0438\u0442:<\/strong><\/p>\n<ul data-start=\"413\" data-end=\"579\">\n<li data-start=\"413\" data-end=\"456\">\n<p data-start=\"415\" data-end=\"456\">4 \u00d7 \u0431\u0430\u043d\u043a\u0438 Spongilla Spicula 99% (0,3 \u0433)<\/p>\n<\/li>\n<li data-start=\"457\" data-end=\"493\">\n<p data-start=\"459\" data-end=\"493\">4 \u00d7 \u0410\u043a\u0442\u0438\u0432\u043d\u0430\u044f \u0441\u044b\u0432\u043e\u0440\u043e\u0442\u043a\u0430 \u0441 \u043f\u0438\u043f\u0435\u0442\u043a\u043e\u0439 (3 \u043c\u043b)<\/p>\n<\/li>\n<li data-start=\"494\" data-end=\"520\">\n<p data-start=\"496\" data-end=\"520\">1 \u00d7 \u0421\u044b\u0432\u043e\u0440\u043e\u0442\u043a\u0430 Soox (30 \u043c\u043b)<\/p>\n<\/li>\n<li data-start=\"521\" data-end=\"542\">\n<p data-start=\"523\" data-end=\"542\">4 \u00d7 \u0441\u0438\u043b\u0438\u043a\u043e\u043d\u043e\u0432\u0430\u044f \u043c\u0430\u0441\u043a\u0430<\/p>\n<\/li>\n<li data-start=\"543\" data-end=\"579\">\n<p data-start=\"545\" data-end=\"579\">24 \u00d7 \u0410\u043c\u043f\u0443\u043b\u044b Active Serum (4 \u043c\u043b)<\/p>\n<\/li>\n<\/ul>","protected":false},"featured_media":7207,"comment_status":"closed","ping_status":"closed","template":"","meta":{"_uag_custom_page_level_css":"","site-sidebar-layout":"default","site-content-layout":"","ast-site-content-layout":"default","site-content-style":"default","site-sidebar-style":"default","ast-global-header-display":"","ast-banner-title-visibility":"","ast-main-header-display":"","ast-hfb-above-header-display":"","ast-hfb-below-header-display":"","ast-hfb-mobile-header-display":"","site-post-title":"","ast-breadcrumbs-content":"","ast-featured-img":"","footer-sml-layout":"","ast-disable-related-posts":"","theme-transparent-header-meta":"default","adv-header-id-meta":"","stick-header-meta":"","header-above-stick-meta":"","header-main-stick-meta":"","header-below-stick-meta":"","astra-migrate-meta-layouts":"set","ast-page-background-enabled":"default","ast-page-background-meta":{"desktop":{"background-color":"var(--ast-global-color-4)","background-image":"","background-repeat":"repeat","background-position":"center center","background-size":"auto","background-attachment":"scroll","background-type":"","background-media":"","overlay-type":"","overlay-color":"","overlay-opacity":"","overlay-gradient":""},"tablet":{"background-color":"","background-image":"","background-repeat":"repeat","background-position":"center center","background-size":"auto","background-attachment":"scroll","background-type":"","background-media":"","overlay-type":"","overlay-color":"","overlay-opacity":"","overlay-gradient":""},"mobile":{"background-color":"","background-image":"","background-repeat":"repeat","background-position":"center center","background-size":"auto","background-attachment":"scroll","background-type":"","background-media":"","overlay-type":"","overlay-color":"","overlay-opacity":"","overlay-gradient":""}},"ast-content-background-meta":{"desktop":{"background-color":"var(--ast-global-color-5)","background-image":"","background-repeat":"repeat","background-position":"center center","background-size":"auto","background-attachment":"scroll","background-type":"","background-media":"","overlay-type":"","overlay-color":"","overlay-opacity":"","overlay-gradient":""},"tablet":{"background-color":"var(--ast-global-color-5)","background-image":"","background-repeat":"repeat","background-position":"center center","background-size":"auto","background-attachment":"scroll","background-type":"","background-media":"","overlay-type":"","overlay-color":"","overlay-opacity":"","overlay-gradient":""},"mobile":{"background-color":"var(--ast-global-color-5)","background-image":"","background-repeat":"repeat","background-position":"center center","background-size":"auto","background-attachment":"scroll","background-type":"","background-media":"","overlay-type":"","overlay-color":"","overlay-opacity":"","overlay-gradient":""}}},"product_brand":[],"product_cat":[117,126,97],"product_tag":[],"class_list":{"0":"post-7211","1":"product","2":"type-product","3":"status-publish","4":"has-post-thumbnail","6":"product_cat-bundles","7":"product_cat-mesotech","8":"product_cat-naole","9":"desktop-align-left","10":"tablet-align-left","11":"mobile-align-left","13":"first","14":"instock","15":"taxable","16":"shipping-taxable","17":"product-type-simple","18":"add-to-wishlist-before_image"},"uagb_featured_image_src":{"full":["https:\/\/kosmeetika24.com\/wp-content\/uploads\/2025\/11\/idealskin-spongilla-spicula-active.jpg",1000,1000,false],"thumbnail":["https:\/\/kosmeetika24.com\/wp-content\/uploads\/2025\/11\/idealskin-spongilla-spicula-active-150x150.jpg",150,150,true],"medium":["https:\/\/kosmeetika24.com\/wp-content\/uploads\/2025\/11\/idealskin-spongilla-spicula-active-300x300.jpg",300,300,true],"medium_large":["https:\/\/kosmeetika24.com\/wp-content\/uploads\/2025\/11\/idealskin-spongilla-spicula-active-768x768.jpg",768,768,true],"large":["https:\/\/kosmeetika24.com\/wp-content\/uploads\/2025\/11\/idealskin-spongilla-spicula-active.jpg",1000,1000,false],"1536x1536":["https:\/\/kosmeetika24.com\/wp-content\/uploads\/2025\/11\/idealskin-spongilla-spicula-active.jpg",1000,1000,false],"2048x2048":["https:\/\/kosmeetika24.com\/wp-content\/uploads\/2025\/11\/idealskin-spongilla-spicula-active.jpg",1000,1000,false],"trp-custom-language-flag":["https:\/\/kosmeetika24.com\/wp-content\/uploads\/2025\/11\/idealskin-spongilla-spicula-active-12x12.jpg",12,12,true],"woocommerce_thumbnail":["https:\/\/kosmeetika24.com\/wp-content\/uploads\/2025\/11\/idealskin-spongilla-spicula-active-300x300.jpg",300,300,true],"woocommerce_single":["https:\/\/kosmeetika24.com\/wp-content\/uploads\/2025\/11\/idealskin-spongilla-spicula-active-500x500.jpg",500,500,true],"woocommerce_gallery_thumbnail":["https:\/\/kosmeetika24.com\/wp-content\/uploads\/2025\/11\/idealskin-spongilla-spicula-active-100x100.jpg",100,100,true]},"uagb_author_info":{"display_name":"admin","author_link":"https:\/\/kosmeetika24.com\/ru\/author\/"},"uagb_comment_info":0,"uagb_excerpt":"Aknele kalduvale nahale \u2014 reguleerib rasu ja v\u00e4hendab plekke, tagades siledama ja \u00fchtlasema naha N\u00e4idustus: Aknele kalduv nahkTegijad: Salits\u00fc\u00fclhape, tranehappe (tranexamic acid), suktsiinhape, niatsiinamiidTulemused: Parandab naha tekstuuri 1 karp sisaldab: 4 \u00d7 Spongilla Spicula 99% purki (0,3 g) 4 \u00d7 Active Serum pipetiga (3 ml) 1 \u00d7 Soox Serum (30 ml) 4 \u00d7 silikoonmaski 24&hellip;","_links":{"self":[{"href":"https:\/\/kosmeetika24.com\/ru\/wp-json\/wp\/v2\/product\/7211","targetHints":{"allow":["GET"]}}],"collection":[{"href":"https:\/\/kosmeetika24.com\/ru\/wp-json\/wp\/v2\/product"}],"about":[{"href":"https:\/\/kosmeetika24.com\/ru\/wp-json\/wp\/v2\/types\/product"}],"replies":[{"embeddable":true,"href":"https:\/\/kosmeetika24.com\/ru\/wp-json\/wp\/v2\/comments?post=7211"}],"version-history":[{"count":2,"href":"https:\/\/kosmeetika24.com\/ru\/wp-json\/wp\/v2\/product\/7211\/revisions"}],"predecessor-version":[{"id":7216,"href":"https:\/\/kosmeetika24.com\/ru\/wp-json\/wp\/v2\/product\/7211\/revisions\/7216"}],"wp:featuredmedia":[{"embeddable":true,"href":"https:\/\/kosmeetika24.com\/ru\/wp-json\/wp\/v2\/media\/7207"}],"wp:attachment":[{"href":"https:\/\/kosmeetika24.com\/ru\/wp-json\/wp\/v2\/media?parent=7211"}],"wp:term":[{"taxonomy":"product_brand","embeddable":true,"href":"https:\/\/kosmeetika24.com\/ru\/wp-json\/wp\/v2\/product_brand?post=7211"},{"taxonomy":"product_cat","embeddable":true,"href":"https:\/\/kosmeetika24.com\/ru\/wp-json\/wp\/v2\/product_cat?post=7211"},{"taxonomy":"product_tag","embeddable":true,"href":"https:\/\/kosmeetika24.com\/ru\/wp-json\/wp\/v2\/product_tag?post=7211"}],"curies":[{"name":"wp","href":"https:\/\/api.w.org\/{rel}","templated":true}]}}