{"id":7192,"date":"2025-11-06T14:38:43","date_gmt":"2025-11-06T11:38:43","guid":{"rendered":"https:\/\/kosmeetika24.com\/?post_type=product&#038;p=7192"},"modified":"2026-01-12T12:12:29","modified_gmt":"2026-01-12T09:12:29","slug":"dalton-deep-sea-men-performance-hydrating-moisturizer","status":"publish","type":"product","link":"https:\/\/kosmeetika24.com\/ru\/product\/dalton-deep-sea-men-performance-hydrating-moisturizer\/","title":{"rendered":"Dalton \u2013 Deep Sea \u2013 Men Performance \u2013 Hydrating Moisturizer"},"content":{"rendered":"<p><strong>\u041f\u0440\u0438\u043c\u0435\u043d\u0435\u043d\u0438\u0435:<\/strong><\/p>\n<p>\u041d\u0430\u043d\u043e\u0441\u0438\u0442\u0435 \u0430\u043d\u0442\u0438\u0432\u043e\u0437\u0440\u0430\u0441\u0442\u043d\u043e\u0439 \u043a\u0440\u0435\u043c \u0443\u0442\u0440\u043e\u043c \u0438 \u0432\u0435\u0447\u0435\u0440\u043e\u043c \u043d\u0430 \u043e\u0447\u0438\u0449\u0435\u043d\u043d\u0443\u044e \u043a\u043e\u0436\u0443. \u0422\u0430\u043a\u0436\u0435 \u043f\u0440\u0435\u043a\u0440\u0430\u0441\u043d\u043e \u043f\u043e\u0434\u0445\u043e\u0434\u0438\u0442 \u0434\u043b\u044f \u0443\u0441\u043f\u043e\u043a\u043e\u0435\u043d\u0438\u044f \u0438 \u0443\u0432\u043b\u0430\u0436\u043d\u0435\u043d\u0438\u044f \u043a\u043e\u0436\u0438 \u043f\u043e\u0441\u043b\u0435 \u0431\u0440\u0438\u0442\u044c\u044f.<\/p>\n<p><strong>\u0421\u043e\u0432\u0435\u0442:<\/strong><\/p>\n<p>\u0411\u043b\u0430\u0433\u043e\u0434\u0430\u0440\u044f \u0443\u0441\u043f\u043e\u043a\u0430\u0438\u0432\u0430\u044e\u0449\u0438\u043c \u0441\u0432\u043e\u0439\u0441\u0442\u0432\u0430\u043c \u043f\u0430\u043d\u0442\u0435\u043d\u043e\u043b\u0430 \u0438 \u0430\u043b\u043b\u0430\u043d\u0442\u043e\u0438\u043d\u0430, \u044d\u0442\u043e\u0442 \u0443\u0432\u043b\u0430\u0436\u043d\u044f\u044e\u0449\u0438\u0439 \u043a\u0440\u0435\u043c \u043e\u0442\u043b\u0438\u0447\u043d\u043e \u043f\u043e\u0434\u0445\u043e\u0434\u0438\u0442 \u0432 \u043a\u0430\u0447\u0435\u0441\u0442\u0432\u0435 \u0441\u0440\u0435\u0434\u0441\u0442\u0432\u0430 \u043f\u043e \u0443\u0445\u043e\u0434\u0443 \u043f\u043e\u0441\u043b\u0435 \u0431\u0440\u0438\u0442\u044c\u044f.<\/p>\n<p><strong>\u041e\u043f\u0438\u0441\u0430\u043d\u0438\u0435 \u043f\u0440\u043e\u0434\u0443\u043a\u0442\u0430:<\/strong><\/p>\n<p>\u041a\u043e\u0436\u0430 \u043e\u0449\u0443\u0449\u0430\u0435\u0442\u0441\u044f \u0441\u0443\u0445\u043e\u0439 \u0438 \u0441\u0442\u044f\u043d\u0443\u0442\u043e\u0439 \u043f\u043e\u0441\u043b\u0435 \u0431\u0440\u0438\u0442\u044c\u044f? \u042d\u0442\u043e\u0442 \u0443\u0432\u043b\u0430\u0436\u043d\u044f\u044e\u0449\u0438\u0439 \u043a\u0440\u0435\u043c \u0434\u043b\u044f \u043c\u0443\u0436\u0447\u0438\u043d \u0441\u043e\u0434\u0435\u0440\u0436\u0438\u0442 \u0432\u043e\u0434\u0443 \u0438\u0437 \u0433\u043b\u0443\u0431\u0438\u043d \u043c\u043e\u0440\u044f \u0438 \u044d\u043a\u0441\u0442\u0440\u0430\u043a\u0442 \u0441\u0438\u043d\u0438\u0445 \u0432\u043e\u0434\u043e\u0440\u043e\u0441\u043b\u0435\u0439, \u043e\u0431\u0435\u0441\u043f\u0435\u0447\u0438\u0432\u0430\u044f \u0438\u043d\u0442\u0435\u043d\u0441\u0438\u0432\u043d\u043e\u0435 \u0443\u0432\u043b\u0430\u0436\u043d\u0435\u043d\u0438\u0435 \u0438 \u043f\u0440\u0438\u0434\u0430\u0432\u0430\u044f \u043a\u043e\u0436\u0435 \u0441\u0432\u0435\u0436\u0438\u0439 \u0438 \u0437\u0434\u043e\u0440\u043e\u0432\u044b\u0439 \u0432\u0438\u0434. \u041e\u043d \u0442\u0430\u043a\u0436\u0435 \u0431\u043e\u0433\u0430\u0442 \u043c\u0438\u043d\u0435\u0440\u0430\u043b\u0430\u043c\u0438 \u0438 \u043c\u0438\u043a\u0440\u043e\u044d\u043b\u0435\u043c\u0435\u043d\u0442\u0430\u043c\u0438, \u043a\u043e\u0442\u043e\u0440\u044b\u0435 \u043f\u0438\u0442\u0430\u044e\u0442 \u0438 \u0440\u0435\u043c\u0438\u043d\u0435\u0440\u0430\u043b\u0438\u0437\u0443\u044e\u0442 \u043a\u043e\u0436\u0443. \u0413\u0438\u0430\u043b\u0443\u0440\u043e\u043d\u043e\u0432\u0430\u044f \u043a\u0438\u0441\u043b\u043e\u0442\u0430, \u043c\u043e\u0447\u0435\u0432\u0438\u043d\u0430 \u0438 \u044d\u043a\u0441\u043a\u043b\u044e\u0437\u0438\u0432\u043d\u044b\u0439 \u043c\u043e\u0440\u0441\u043a\u043e\u0439 \u044d\u043a\u0441\u0442\u0440\u0430\u043a\u0442 Celumer \u043f\u043e\u043c\u043e\u0433\u0430\u044e\u0442 \u0443\u0432\u043b\u0430\u0436\u043d\u044f\u0442\u044c \u043a\u043e\u0436\u0443, \u0440\u0430\u0437\u0433\u043b\u0430\u0436\u0438\u0432\u0430\u0442\u044c \u043c\u0435\u043b\u043a\u0438\u0435 \u043c\u043e\u0440\u0449\u0438\u043d\u044b, \u0432\u044b\u0437\u0432\u0430\u043d\u043d\u044b\u0435 \u0441\u0443\u0445\u043e\u0441\u0442\u044c\u044e, \u0438 \u043e\u0431\u0435\u0441\u043f\u0435\u0447\u0438\u0432\u0430\u0442\u044c \u0432\u0438\u0434\u0438\u043c\u044b\u0439 \u0430\u043d\u0442\u0438\u0432\u043e\u0437\u0440\u0430\u0441\u0442\u043d\u043e\u0439 \u044d\u0444\u0444\u0435\u043a\u0442. \u041f\u0430\u043d\u0442\u0435\u043d\u043e\u043b \u0438 \u0430\u043b\u043b\u0430\u043d\u0442\u043e\u0438\u043d \u0443\u0441\u043f\u043e\u043a\u0430\u0438\u0432\u0430\u044e\u0442 \u043a\u043e\u0436\u0443 \u0438 \u043f\u0440\u0435\u0434\u043e\u0442\u0432\u0440\u0430\u0449\u0430\u044e\u0442 \u0440\u0430\u0437\u0434\u0440\u0430\u0436\u0435\u043d\u0438\u0435, \u0432\u044b\u0437\u0432\u0430\u043d\u043d\u043e\u0435 \u0431\u0440\u0438\u0442\u044c\u0435\u043c.<\/p>\n<p>\u041a\u0440\u0435\u043c \u0431\u044b\u0441\u0442\u0440\u043e \u0432\u043f\u0438\u0442\u044b\u0432\u0430\u0435\u0442\u0441\u044f, \u043d\u0435 \u043e\u0441\u0442\u0430\u0432\u043b\u044f\u044f \u0436\u0438\u0440\u043d\u043e\u0439 \u0438\u043b\u0438 \u043b\u0438\u043f\u043a\u043e\u0439 \u043f\u043b\u0435\u043d\u043a\u0438, \u0438 \u0434\u0435\u043b\u0430\u0435\u0442 \u043a\u043e\u0436\u0443 \u0431\u043e\u043b\u0435\u0435 \u0443\u043f\u0440\u0443\u0433\u043e\u0439, \u0441\u0432\u0435\u0436\u0435\u0439 \u0438 \u043c\u043e\u043b\u043e\u0434\u043e\u0439.<\/p>\n<p><em>*\u0420\u0435\u0437\u0443\u043b\u044c\u0442\u0430\u0442\u044b \u0442\u0435\u0441\u0442\u0430: \u0418\u0441\u0441\u043b\u0435\u0434\u043e\u0432\u0430\u043d\u0438\u0435 \u0441\u0440\u0435\u0434\u0438 \u043f\u043e\u0442\u0440\u0435\u0431\u0438\u0442\u0435\u043b\u0435\u0439, 40 \u0443\u0447\u0430\u0441\u0442\u043d\u0438\u043a\u043e\u0432, \u0438\u0441\u043f\u043e\u043b\u044c\u0437\u043e\u0432\u0430\u043d\u0438\u0435 \u0434\u0432\u0430\u0436\u0434\u044b \u0432 \u0434\u0435\u043d\u044c \u0432 \u0442\u0435\u0447\u0435\u043d\u0438\u0435 21 \u0434\u043d\u044f.<\/em><\/p>\n<p><strong>\u0421\u043e\u0441\u0442\u0430\u0432<\/strong><br \/>\nAqua\/Water, Glycerin, Cetearyl Alcohol, Glyceryl Stearate, PEG-100 Stearate, Coco-Caprylate, Octyldodecanol, Hydrogenated Starch Hydrolysate, Dimethicone, Maris Aqua\/Sea Water, Aphanizomenon Flos-Aquae Extract, Spirulina Maxima Extract, Algae Extract\/Alaria Esculenta Extract, Saccharide Isomerate, Caviar Extract, Ostrea Shell Extract\/Oyster Shell Extract, Maris Limus Extract\/Sea Silt Extract, Urea, Allantoin, Panthenol, Sodium Hyaluronate, Sodium Hydroxide, Citric Acid, Xanthan Gum, Propylene Glycol, Potassium Sorbate, Phenoxyethanol, Dehydroacetic Acid, Caprylic\/Capric Triglyceride, Benzoic Acid, Ethylhexylglycerin, Parfum\/Fragrance<\/p>\n<p>598.-\u20ac\/l<\/p>","protected":false},"excerpt":{"rendered":"<p>\u0423\u0432\u043b\u0430\u0436\u043d\u044f\u044e\u0449\u0438\u0439 \u0438 \u0430\u043d\u0442\u0438\u0432\u043e\u0437\u0440\u0430\u0441\u0442\u043d\u043e\u0439 \u043a\u0440\u0435\u043c \u0434\u043b\u044f \u0441\u0443\u0445\u043e\u0439 \u043a\u043e\u0436\u0438 50 \u043c\u043b<\/p>\n<p class=\"translation-block\">\u041e\u0431\u0435\u0441\u043f\u0435\u0447\u0438\u0432\u0430\u0435\u0442 \u0438\u043d\u0442\u0435\u043d\u0441\u0438\u0432\u043d\u043e\u0435 \u0443\u0432\u043b\u0430\u0436\u043d\u0435\u043d\u0438\u0435<br>\n\u041b\u0451\u0433\u043a\u0430\u044f \u043a\u0440\u0435\u043c\u043e\u0432\u0430\u044f \u0442\u0435\u043a\u0441\u0442\u0443\u0440\u0430<br>\n\u0413\u043b\u0443\u0431\u043e\u043a\u043e\u0432\u043e\u0434\u043d\u0430\u044f \u0432\u043e\u0434\u0430 \u0438 \u0441\u0438\u043d\u0438\u0435 \u0432\u043e\u0434\u043e\u0440\u043e\u0441\u043b\u0438 \u043e\u0441\u0432\u0435\u0436\u0430\u044e\u0442 \u043a\u043e\u0436\u0443<br>\n\u041f\u0430\u043d\u0442\u0435\u043d\u043e\u043b \u0438 \u0430\u043b\u043b\u0430\u043d\u0442\u043e\u0438\u043d \u043f\u0440\u0435\u0434\u043e\u0442\u0432\u0440\u0430\u0449\u0430\u044e\u0442 \u0440\u0430\u0437\u0434\u0440\u0430\u0436\u0435\u043d\u0438\u0435<br>\n\u0420\u0430\u0437\u0433\u043b\u0430\u0436\u0438\u0432\u0430\u0435\u0442 \u043c\u0435\u043b\u043a\u0438\u0435 \u043c\u043e\u0440\u0449\u0438\u043d\u044b \u0438 \u043b\u0438\u043d\u0438\u0438<br>\n84% \u043f\u043e\u043b\u044c\u0437\u043e\u0432\u0430\u0442\u0435\u043b\u0435\u0439 \u043f\u043e\u0434\u0442\u0432\u0435\u0440\u0434\u0438\u043b\u0438 \u043f\u043e\u0432\u044b\u0448\u0435\u043d\u0438\u0435 \u0443\u0440\u043e\u0432\u043d\u044f \u0443\u0432\u043b\u0430\u0436\u043d\u0451\u043d\u043d\u043e\u0441\u0442\u0438 \u043a\u043e\u0436\u0438*<\/p>","protected":false},"featured_media":7187,"comment_status":"closed","ping_status":"closed","template":"","meta":{"_uag_custom_page_level_css":"","site-sidebar-layout":"default","site-content-layout":"","ast-site-content-layout":"default","site-content-style":"default","site-sidebar-style":"default","ast-global-header-display":"","ast-banner-title-visibility":"","ast-main-header-display":"","ast-hfb-above-header-display":"","ast-hfb-below-header-display":"","ast-hfb-mobile-header-display":"","site-post-title":"","ast-breadcrumbs-content":"","ast-featured-img":"","footer-sml-layout":"","ast-disable-related-posts":"","theme-transparent-header-meta":"default","adv-header-id-meta":"","stick-header-meta":"","header-above-stick-meta":"","header-main-stick-meta":"","header-below-stick-meta":"","astra-migrate-meta-layouts":"set","ast-page-background-enabled":"default","ast-page-background-meta":{"desktop":{"background-color":"var(--ast-global-color-4)","background-image":"","background-repeat":"repeat","background-position":"center center","background-size":"auto","background-attachment":"scroll","background-type":"","background-media":"","overlay-type":"","overlay-color":"","overlay-opacity":"","overlay-gradient":""},"tablet":{"background-color":"","background-image":"","background-repeat":"repeat","background-position":"center center","background-size":"auto","background-attachment":"scroll","background-type":"","background-media":"","overlay-type":"","overlay-color":"","overlay-opacity":"","overlay-gradient":""},"mobile":{"background-color":"","background-image":"","background-repeat":"repeat","background-position":"center center","background-size":"auto","background-attachment":"scroll","background-type":"","background-media":"","overlay-type":"","overlay-color":"","overlay-opacity":"","overlay-gradient":""}},"ast-content-background-meta":{"desktop":{"background-color":"var(--ast-global-color-5)","background-image":"","background-repeat":"repeat","background-position":"center center","background-size":"auto","background-attachment":"scroll","background-type":"","background-media":"","overlay-type":"","overlay-color":"","overlay-opacity":"","overlay-gradient":""},"tablet":{"background-color":"var(--ast-global-color-5)","background-image":"","background-repeat":"repeat","background-position":"center center","background-size":"auto","background-attachment":"scroll","background-type":"","background-media":"","overlay-type":"","overlay-color":"","overlay-opacity":"","overlay-gradient":""},"mobile":{"background-color":"var(--ast-global-color-5)","background-image":"","background-repeat":"repeat","background-position":"center center","background-size":"auto","background-attachment":"scroll","background-type":"","background-media":"","overlay-type":"","overlay-color":"","overlay-opacity":"","overlay-gradient":""}}},"product_brand":[],"product_cat":[125,97],"product_tag":[],"class_list":{"0":"post-7192","1":"product","2":"type-product","3":"status-publish","4":"has-post-thumbnail","6":"product_cat-dalton","7":"product_cat-naole","8":"desktop-align-left","9":"tablet-align-left","10":"mobile-align-left","12":"first","13":"onbackorder","14":"taxable","15":"shipping-taxable","16":"product-type-simple","17":"add-to-wishlist-before_image"},"uagb_featured_image_src":{"full":["https:\/\/kosmeetika24.com\/wp-content\/uploads\/2025\/11\/4054621830016.webp",540,540,false],"thumbnail":["https:\/\/kosmeetika24.com\/wp-content\/uploads\/2025\/11\/4054621830016-150x150.webp",150,150,true],"medium":["https:\/\/kosmeetika24.com\/wp-content\/uploads\/2025\/11\/4054621830016-300x300.webp",300,300,true],"medium_large":["https:\/\/kosmeetika24.com\/wp-content\/uploads\/2025\/11\/4054621830016.webp",540,540,false],"large":["https:\/\/kosmeetika24.com\/wp-content\/uploads\/2025\/11\/4054621830016.webp",540,540,false],"1536x1536":["https:\/\/kosmeetika24.com\/wp-content\/uploads\/2025\/11\/4054621830016.webp",540,540,false],"2048x2048":["https:\/\/kosmeetika24.com\/wp-content\/uploads\/2025\/11\/4054621830016.webp",540,540,false],"trp-custom-language-flag":["https:\/\/kosmeetika24.com\/wp-content\/uploads\/2025\/11\/4054621830016-12x12.webp",12,12,true],"woocommerce_thumbnail":["https:\/\/kosmeetika24.com\/wp-content\/uploads\/2025\/11\/4054621830016-300x300.webp",300,300,true],"woocommerce_single":["https:\/\/kosmeetika24.com\/wp-content\/uploads\/2025\/11\/4054621830016-500x500.webp",500,500,true],"woocommerce_gallery_thumbnail":["https:\/\/kosmeetika24.com\/wp-content\/uploads\/2025\/11\/4054621830016-100x100.webp",100,100,true]},"uagb_author_info":{"display_name":"admin","author_link":"https:\/\/kosmeetika24.com\/ru\/author\/"},"uagb_comment_info":0,"uagb_excerpt":"Niisutav ja vananemisvastane kreem kuivale nahale 50 ml Annab nahale intensiivse niisutuse Kerge kreemjas tekstuur S\u00fcgavmerevesi ja sinivetikad v\u00e4rskendavad nahka Pantenool ja allantoiin ennetavad \u00e4rritust Silub peeneid kortse ja joonekesi 84% kasutajatest kinnitab naha niiskustaseme t\u00f5usu*","_links":{"self":[{"href":"https:\/\/kosmeetika24.com\/ru\/wp-json\/wp\/v2\/product\/7192","targetHints":{"allow":["GET"]}}],"collection":[{"href":"https:\/\/kosmeetika24.com\/ru\/wp-json\/wp\/v2\/product"}],"about":[{"href":"https:\/\/kosmeetika24.com\/ru\/wp-json\/wp\/v2\/types\/product"}],"replies":[{"embeddable":true,"href":"https:\/\/kosmeetika24.com\/ru\/wp-json\/wp\/v2\/comments?post=7192"}],"version-history":[{"count":1,"href":"https:\/\/kosmeetika24.com\/ru\/wp-json\/wp\/v2\/product\/7192\/revisions"}],"predecessor-version":[{"id":7193,"href":"https:\/\/kosmeetika24.com\/ru\/wp-json\/wp\/v2\/product\/7192\/revisions\/7193"}],"wp:featuredmedia":[{"embeddable":true,"href":"https:\/\/kosmeetika24.com\/ru\/wp-json\/wp\/v2\/media\/7187"}],"wp:attachment":[{"href":"https:\/\/kosmeetika24.com\/ru\/wp-json\/wp\/v2\/media?parent=7192"}],"wp:term":[{"taxonomy":"product_brand","embeddable":true,"href":"https:\/\/kosmeetika24.com\/ru\/wp-json\/wp\/v2\/product_brand?post=7192"},{"taxonomy":"product_cat","embeddable":true,"href":"https:\/\/kosmeetika24.com\/ru\/wp-json\/wp\/v2\/product_cat?post=7192"},{"taxonomy":"product_tag","embeddable":true,"href":"https:\/\/kosmeetika24.com\/ru\/wp-json\/wp\/v2\/product_tag?post=7192"}],"curies":[{"name":"wp","href":"https:\/\/api.w.org\/{rel}","templated":true}]}}