{"id":7183,"date":"2025-11-05T14:40:53","date_gmt":"2025-11-05T11:40:53","guid":{"rendered":"https:\/\/kosmeetika24.com\/?post_type=product&#038;p=7183"},"modified":"2026-01-12T12:12:48","modified_gmt":"2026-01-12T09:12:48","slug":"dalton-mineral-care-dead-sea-salt-body-lotion","status":"publish","type":"product","link":"https:\/\/kosmeetika24.com\/ru\/product\/dalton-mineral-care-dead-sea-salt-body-lotion\/","title":{"rendered":"Dalton \u2013 Mineral Care \u2013 Dead Sea Salt Body Lotion"},"content":{"rendered":"<p class=\"translation-block\">\u0412\u044b \u0437\u043d\u0430\u043a\u043e\u043c\u044b \u0441 \u0441\u0443\u0445\u0438\u043c\u0438, \u0448\u0435\u043b\u0443\u0448\u0430\u0449\u0438\u043c\u0438\u0441\u044f \u0432\u044b\u0441\u044b\u043f\u0430\u043d\u0438\u044f\u043c\u0438 \u043d\u0430 \u043a\u043e\u0436\u0435, \u0441\u043e\u043f\u0440\u043e\u0432\u043e\u0436\u0434\u0430\u044e\u0449\u0438\u043c\u0438\u0441\u044f \u0437\u0443\u0434\u043e\u043c \u0438 \u043d\u0435\u043f\u0440\u0438\u044f\u0442\u043d\u044b\u043c \u043e\u0449\u0443\u0449\u0435\u043d\u0438\u0435\u043c \u0441\u0442\u044f\u043d\u0443\u0442\u043e\u0441\u0442\u0438? <strong>\u041b\u0451\u0433\u043a\u0438\u0439 \u043b\u043e\u0441\u044c\u043e\u043d \u0434\u043b\u044f \u0442\u0435\u043b\u0430 \u0441 \u0441\u043e\u043b\u044c\u044e \u041c\u0451\u0440\u0442\u0432\u043e\u0433\u043e \u043c\u043e\u0440\u044f<\/strong> \u043e\u0442 Dalton \u043f\u043e\u0434\u0434\u0435\u0440\u0436\u0438\u0432\u0430\u0435\u0442 \u043a\u043e\u0436\u0443 \u0441 \u043f\u043e\u043c\u043e\u0449\u044c\u044e \u0442\u0449\u0430\u0442\u0435\u043b\u044c\u043d\u043e \u043f\u043e\u0434\u043e\u0431\u0440\u0430\u043d\u043d\u043e\u0439 \u043a\u043e\u043c\u0431\u0438\u043d\u0430\u0446\u0438\u0438 \u0437\u0430\u0449\u0438\u0442\u043d\u044b\u0445 \u0430\u043a\u0442\u0438\u0432\u043d\u044b\u0445 \u0438\u043d\u0433\u0440\u0435\u0434\u0438\u0435\u043d\u0442\u043e\u0432.<\/p>\n<p>\u0412\u044b\u0441\u043e\u043a\u043e\u0435 \u0441\u043e\u0434\u0435\u0440\u0436\u0430\u043d\u0438\u0435 \u0445\u043b\u043e\u0440\u0438\u0434\u0430 \u043c\u0430\u0433\u043d\u0438\u044f \u0432 \u0441\u043e\u043b\u0438 \u041c\u0451\u0440\u0442\u0432\u043e\u0433\u043e \u043c\u043e\u0440\u044f \u0438 \u043a\u0430\u043b\u044c\u0446\u0438\u0439 \u0438\u0437 \u043c\u043e\u0440\u0441\u043a\u0438\u0445 \u043c\u0438\u043d\u0435\u0440\u0430\u043b\u043e\u0432 \u0441\u0442\u0438\u043c\u0443\u043b\u0438\u0440\u0443\u044e\u0442 \u0430\u043a\u0442\u0438\u0432\u043d\u043e\u0441\u0442\u044c \u043a\u043b\u0435\u0442\u043e\u043a. \u042d\u0442\u043e\u0442 \u043c\u043e\u0440\u0441\u043a\u043e\u0439 \u0434\u0443\u044d\u0442 \u0443\u043a\u0440\u0435\u043f\u043b\u044f\u0435\u0442 \u043a\u043e\u0436\u043d\u044b\u0439 \u0431\u0430\u0440\u044c\u0435\u0440, \u0441\u043f\u043e\u0441\u043e\u0431\u0441\u0442\u0432\u0443\u0435\u0442 \u043e\u0431\u043d\u043e\u0432\u043b\u0435\u043d\u0438\u044e \u043a\u043e\u0436\u0438, \u043e\u0431\u043b\u0435\u0433\u0447\u0430\u0435\u0442 \u0437\u0443\u0434 \u0438 \u043f\u0440\u0435\u043a\u0440\u0430\u0441\u043d\u043e \u043f\u043e\u0434\u0445\u043e\u0434\u0438\u0442 \u0434\u043b\u044f \u0447\u0443\u0432\u0441\u0442\u0432\u0438\u0442\u0435\u043b\u044c\u043d\u043e\u0439 \u043a\u043e\u0436\u0438.<\/p>\n<p>\u041c\u043e\u0447\u0435\u0432\u0438\u043d\u0430 \u0438 \u043f\u0430\u043d\u0442\u0435\u043d\u043e\u043b \u0443\u0441\u043f\u043e\u043a\u0430\u0438\u0432\u0430\u044e\u0442 \u0438 \u0433\u043b\u0443\u0431\u043e\u043a\u043e \u0443\u0432\u043b\u0430\u0436\u043d\u044f\u044e\u0442 \u043a\u043e\u0436\u0443. \u0413\u043b\u0438\u0446\u0435\u0440\u0438\u043d \u0443\u0441\u0438\u043b\u0438\u0432\u0430\u0435\u0442 \u0443\u0432\u043b\u0430\u0436\u043d\u044f\u044e\u0449\u0435\u0435 \u0434\u0435\u0439\u0441\u0442\u0432\u0438\u0435 \u0438 \u0443\u043b\u0443\u0447\u0448\u0430\u0435\u0442 \u044d\u043b\u0430\u0441\u0442\u0438\u0447\u043d\u043e\u0441\u0442\u044c \u043a\u043e\u0436\u0438. \u041f\u0438\u0442\u0430\u0442\u0435\u043b\u044c\u043d\u044b\u0435 \u043b\u0438\u043f\u0438\u0434\u044b \u0438\u0437 \u043c\u0430\u0441\u043b\u0430 \u0436\u043e\u0436\u043e\u0431\u0430 \u0438 \u0448\u0438 \u0441\u043e\u0445\u0440\u0430\u043d\u044f\u044e\u0442 \u043a\u043e\u0436\u0443 \u043c\u044f\u0433\u043a\u043e\u0439 \u0438 \u044d\u043b\u0430\u0441\u0442\u0438\u0447\u043d\u043e\u0439, \u0430 \u0430\u043b\u043b\u0430\u043d\u0442\u043e\u0438\u043d \u0438 \u0431\u0438\u0441\u0430\u0431\u043e\u043b\u043e\u043b \u043f\u043e\u0434\u0434\u0435\u0440\u0436\u0438\u0432\u0430\u044e\u0442 \u0432\u043e\u0441\u0441\u0442\u0430\u043d\u043e\u0432\u043b\u0435\u043d\u0438\u0435 \u043a\u043e\u0436\u0438.<\/p>\n<p><strong>\u041b\u0451\u0433\u043a\u0438\u0439 \u043b\u043e\u0441\u044c\u043e\u043d \u0434\u043b\u044f \u0442\u0435\u043b\u0430 \u0441 \u0441\u043e\u043b\u044c\u044e \u041c\u0451\u0440\u0442\u0432\u043e\u0433\u043e \u043c\u043e\u0440\u044f \u0438\u0434\u0435\u0430\u043b\u044c\u043d\u043e \u043f\u043e\u0434\u0445\u043e\u0434\u0438\u0442 \u0434\u043b\u044f \u0441\u0443\u0445\u043e\u0439 \u043a\u043e\u0436\u0438, \u0441\u043a\u043b\u043e\u043d\u043d\u043e\u0439 \u043a \u044d\u043a\u0437\u0435\u043c\u0435, \u0430 \u0442\u0430\u043a\u0436\u0435 \u043f\u043e\u0434\u0445\u043e\u0434\u0438\u0442 \u043f\u0440\u0438 \u043f\u0441\u043e\u0440\u0438\u0430\u0437\u0435.<\/strong><\/p>\n<p class=\"translation-block\" data-start=\"682\" data-end=\"788\">\u041d\u0430\u043d\u043e\u0441\u0438\u0442\u0435 \u043b\u043e\u0441\u044c\u043e\u043d \u0434\u043b\u044f \u0442\u0435\u043b\u0430 \u043f\u043e\u0441\u043b\u0435 \u0434\u0443\u0448\u0430 \u0438\u043b\u0438 \u043f\u043e \u043c\u0435\u0440\u0435 \u043d\u0435\u043e\u0431\u0445\u043e\u0434\u0438\u043c\u043e\u0441\u0442\u0438 \u0438 \u0440\u0430\u0432\u043d\u043e\u043c\u0435\u0440\u043d\u043e \u043c\u0430\u0441\u0441\u0438\u0440\u0443\u0439\u0442\u0435 \u043f\u043e \u043a\u043e\u0436\u0435.<\/p>\n<p class=\"\" data-start=\"790\" data-end=\"874\"><strong data-start=\"790\" data-end=\"799\">\u0421\u043e\u0432\u0435\u0442:<\/strong><br data-start=\"799\" data-end=\"802\" \/>\u042d\u0442\u043e\u0442 \u043a\u0440\u0435\u043c \u0434\u043b\u044f \u0442\u0435\u043b\u0430 \u043e\u0431\u0435\u0441\u043f\u0435\u0447\u0438\u0432\u0430\u0435\u0442 \u0431\u044b\u0441\u0442\u0440\u043e\u0435 \u043e\u0431\u043b\u0435\u0433\u0447\u0435\u043d\u0438\u0435 \u0440\u0430\u0437\u0434\u0440\u0430\u0436\u0435\u043d\u0438\u044f \u043a\u043e\u0436\u0438 \u043f\u043e\u0441\u043b\u0435 \u0431\u0440\u0438\u0442\u044c\u044f.<\/p>\n<p><strong>\u0421\u043e\u0441\u0442\u0430\u0432<\/strong><br \/>\nAqua\/Water, Glycerin, Octyldodecanol, Butyrospermum Parkii (Shea) Butter, Decyl Oleate, Glyceryl Stearate Citrate, Cetearyl Alcohol, Simmmondsia Chinensis (Jojoba) Seed Oil, Urea, Coco-Caprylate\/Caprate, Maris Sal\/Sea Salt, Panthenol, Maris Aqua\/Sea Water, Allantoin, Tocopheryl Acetate, Bisabolol, Xanthan Gum, Glyceryl Stearate, Hydroxyacetophenone, 1,2-Hexanediol, Caprylyl Glycol, Tocopherol, Phenoxyethanol, Sodium Hydroxide, Hydrogenated Palm Glycerides<\/p>\n<p>99.50 \u20ac\/l<\/p>","protected":false},"excerpt":{"rendered":"<p class=\"\" data-start=\"34\" data-end=\"190\">\u0423\u0432\u043b\u0430\u0436\u043d\u044f\u044e\u0449\u0438\u0439 \u043b\u043e\u0441\u044c\u043e\u043d \u0434\u043b\u044f \u0442\u0435\u043b\u0430 \u0434\u043b\u044f \u043e\u0447\u0435\u043d\u044c \u0441\u0443\u0445\u043e\u0439 \u043a\u043e\u0436\u0438, \u0441\u043a\u043b\u043e\u043d\u043d\u043e\u0439 \u043a \u044d\u043a\u0437\u0435\u043c\u0435 \u0438\u043b\u0438 \u043f\u0441\u043e\u0440\u0438\u0430\u0437\u0443<\/p>\n<p class=\"\" data-start=\"192\" data-end=\"212\"><strong data-start=\"192\" data-end=\"210\">\u041f\u0440\u0435\u0438\u043c\u0443\u0449\u0435\u0441\u0442\u0432\u0430 \u043f\u0440\u043e\u0434\u0443\u043a\u0442\u0430:<\/strong><\/p>\n<ul data-start=\"213\" data-end=\"680\">\n<li class=\"\" data-start=\"213\" data-end=\"258\">\n<p class=\"\" data-start=\"215\" data-end=\"258\">\u0423\u0441\u043f\u043e\u043a\u0430\u0438\u0432\u0430\u044e\u0449\u0438\u0439 \u043b\u043e\u0441\u044c\u043e\u043d \u0434\u043b\u044f \u0442\u0435\u043b\u0430 \u0441 \u0441\u043e\u043b\u044c\u044e \u041c\u0451\u0440\u0442\u0432\u043e\u0433\u043e \u043c\u043e\u0440\u044f<\/p>\n<\/li>\n<li class=\"\" data-start=\"259\" data-end=\"309\">\n<p class=\"\" data-start=\"261\" data-end=\"309\">\u041e\u0431\u043b\u0435\u0433\u0447\u0430\u0435\u0442 \u0437\u0443\u0434 \u043a\u043e\u0436\u0438 \u0438 \u0433\u043b\u0443\u0431\u043e\u043a\u043e \u0443\u0432\u043b\u0430\u0436\u043d\u044f\u0435\u0442<\/p>\n<\/li>\n<li class=\"\" data-start=\"310\" data-end=\"353\">\n<p class=\"\" data-start=\"312\" data-end=\"353\">\u0411\u044b\u0441\u0442\u0440\u043e \u0432\u043f\u0438\u0442\u044b\u0432\u0430\u0435\u0442\u0441\u044f \u0438 \u043d\u0435 \u043e\u0441\u0442\u0430\u0432\u043b\u044f\u0435\u0442 \u0436\u0438\u0440\u043d\u043e\u0439 \u043f\u043b\u0451\u043d\u043a\u0438<\/p>\n<\/li>\n<li class=\"\" data-start=\"354\" data-end=\"399\">\n<p class=\"\" data-start=\"356\" data-end=\"399\">\u041c\u043e\u0447\u0435\u0432\u0438\u043d\u0430 \u0437\u0430\u0449\u0438\u0449\u0430\u0435\u0442 \u0441\u0443\u0445\u0443\u044e \u043a\u043e\u0436\u0443 \u043e\u0442 \u043f\u043e\u0442\u0435\u0440\u0438 \u0432\u043b\u0430\u0433\u0438<\/p>\n<\/li>\n<li class=\"\" data-start=\"400\" data-end=\"438\">\n<p class=\"\" data-start=\"402\" data-end=\"438\">\u041f\u0430\u043d\u0442\u0435\u043d\u043e\u043b \u0443\u0441\u043f\u043e\u043a\u0430\u0438\u0432\u0430\u0435\u0442 \u0440\u0430\u0437\u0434\u0440\u0430\u0436\u0451\u043d\u043d\u0443\u044e \u043a\u043e\u0436\u0443<\/p>\n<\/li>\n<li class=\"\" data-start=\"439\" data-end=\"493\">\n<p class=\"\" data-start=\"441\" data-end=\"493\">\u0414\u0435\u0440\u043c\u0430\u0442\u043e\u043b\u043e\u0433\u0438\u0447\u0435\u0441\u043a\u0438 \u043f\u0440\u043e\u0442\u0435\u0441\u0442\u0438\u0440\u043e\u0432\u0430\u043d\u043e, \u043e\u0446\u0435\u043d\u043a\u0430 \u00ab\u041e\u0442\u043b\u0438\u0447\u043d\u043e\u00bb<\/p>\n<\/li>\n<li class=\"\" data-start=\"494\" data-end=\"525\">\n<p class=\"\" data-start=\"496\" data-end=\"525\">95% \u043d\u0430\u0442\u0443\u0440\u0430\u043b\u044c\u043d\u044b\u0445 \u0438\u043d\u0433\u0440\u0435\u0434\u0438\u0435\u043d\u0442\u043e\u0432<\/p>\n<\/li>\n<li class=\"\" data-start=\"526\" data-end=\"624\">\n<p class=\"\" data-start=\"528\" data-end=\"624\">\u0411\u0435\u0437 \u0430\u0440\u043e\u043c\u0430\u0442\u0438\u0437\u0430\u0442\u043e\u0440\u043e\u0432 \u0438 \u043a\u0440\u0430\u0441\u0438\u0442\u0435\u043b\u0435\u0439, \u043d\u0435 \u0441\u043e\u0434\u0435\u0440\u0436\u0438\u0442 \u043a\u043e\u0440\u0442\u0438\u0437\u043e\u043d\u0430, \u043c\u0438\u043a\u0440\u043e\u043f\u043b\u0430\u0441\u0442\u0438\u043a\u0430, \u041f\u042d\u0413, \u043c\u0438\u043d\u0435\u0440\u0430\u043b\u044c\u043d\u043e\u0433\u043e \u043c\u0430\u0441\u043b\u0430 \u0438 \u043f\u0430\u0440\u0430\u0431\u0435\u043d\u043e\u0432<\/p>\n<\/li>\n<li class=\"\" data-start=\"625\" data-end=\"680\">\n<p class=\"\" data-start=\"627\" data-end=\"680\">\u0417\u0430\u0431\u043e\u0442\u044c\u0442\u0435\u0441\u044c \u043e\u0431 \u043e\u043a\u0440\u0443\u0436\u0430\u044e\u0449\u0435\u0439 \u0441\u0440\u0435\u0434\u0435! \u041f\u043e\u043c\u043f\u0430 \u043a\u0440\u0435\u043c\u0430 \u043d\u0430 100% \u043f\u0435\u0440\u0435\u0440\u0430\u0431\u0430\u0442\u044b\u0432\u0430\u0435\u0442\u0441\u044f<\/p>\n<\/li>\n<\/ul>\n<p>200ml<\/p>","protected":false},"featured_media":7177,"comment_status":"closed","ping_status":"closed","template":"","meta":{"_uag_custom_page_level_css":"","site-sidebar-layout":"default","site-content-layout":"","ast-site-content-layout":"default","site-content-style":"default","site-sidebar-style":"default","ast-global-header-display":"","ast-banner-title-visibility":"","ast-main-header-display":"","ast-hfb-above-header-display":"","ast-hfb-below-header-display":"","ast-hfb-mobile-header-display":"","site-post-title":"","ast-breadcrumbs-content":"","ast-featured-img":"","footer-sml-layout":"","ast-disable-related-posts":"","theme-transparent-header-meta":"default","adv-header-id-meta":"","stick-header-meta":"","header-above-stick-meta":"","header-main-stick-meta":"","header-below-stick-meta":"","astra-migrate-meta-layouts":"set","ast-page-background-enabled":"default","ast-page-background-meta":{"desktop":{"background-color":"var(--ast-global-color-4)","background-image":"","background-repeat":"repeat","background-position":"center center","background-size":"auto","background-attachment":"scroll","background-type":"","background-media":"","overlay-type":"","overlay-color":"","overlay-opacity":"","overlay-gradient":""},"tablet":{"background-color":"","background-image":"","background-repeat":"repeat","background-position":"center center","background-size":"auto","background-attachment":"scroll","background-type":"","background-media":"","overlay-type":"","overlay-color":"","overlay-opacity":"","overlay-gradient":""},"mobile":{"background-color":"","background-image":"","background-repeat":"repeat","background-position":"center center","background-size":"auto","background-attachment":"scroll","background-type":"","background-media":"","overlay-type":"","overlay-color":"","overlay-opacity":"","overlay-gradient":""}},"ast-content-background-meta":{"desktop":{"background-color":"var(--ast-global-color-5)","background-image":"","background-repeat":"repeat","background-position":"center center","background-size":"auto","background-attachment":"scroll","background-type":"","background-media":"","overlay-type":"","overlay-color":"","overlay-opacity":"","overlay-gradient":""},"tablet":{"background-color":"var(--ast-global-color-5)","background-image":"","background-repeat":"repeat","background-position":"center center","background-size":"auto","background-attachment":"scroll","background-type":"","background-media":"","overlay-type":"","overlay-color":"","overlay-opacity":"","overlay-gradient":""},"mobile":{"background-color":"var(--ast-global-color-5)","background-image":"","background-repeat":"repeat","background-position":"center center","background-size":"auto","background-attachment":"scroll","background-type":"","background-media":"","overlay-type":"","overlay-color":"","overlay-opacity":"","overlay-gradient":""}}},"product_brand":[],"product_cat":[125,98],"product_tag":[],"class_list":{"0":"post-7183","1":"product","2":"type-product","3":"status-publish","4":"has-post-thumbnail","6":"product_cat-dalton","7":"product_cat-kehale","8":"desktop-align-left","9":"tablet-align-left","10":"mobile-align-left","12":"first","13":"onbackorder","14":"taxable","15":"shipping-taxable","16":"product-type-simple","17":"add-to-wishlist-before_image"},"uagb_featured_image_src":{"full":["https:\/\/kosmeetika24.com\/wp-content\/uploads\/2025\/11\/4054621740070.webp",540,540,false],"thumbnail":["https:\/\/kosmeetika24.com\/wp-content\/uploads\/2025\/11\/4054621740070-150x150.webp",150,150,true],"medium":["https:\/\/kosmeetika24.com\/wp-content\/uploads\/2025\/11\/4054621740070-300x300.webp",300,300,true],"medium_large":["https:\/\/kosmeetika24.com\/wp-content\/uploads\/2025\/11\/4054621740070.webp",540,540,false],"large":["https:\/\/kosmeetika24.com\/wp-content\/uploads\/2025\/11\/4054621740070.webp",540,540,false],"1536x1536":["https:\/\/kosmeetika24.com\/wp-content\/uploads\/2025\/11\/4054621740070.webp",540,540,false],"2048x2048":["https:\/\/kosmeetika24.com\/wp-content\/uploads\/2025\/11\/4054621740070.webp",540,540,false],"trp-custom-language-flag":["https:\/\/kosmeetika24.com\/wp-content\/uploads\/2025\/11\/4054621740070-12x12.webp",12,12,true],"woocommerce_thumbnail":["https:\/\/kosmeetika24.com\/wp-content\/uploads\/2025\/11\/4054621740070-300x300.webp",300,300,true],"woocommerce_single":["https:\/\/kosmeetika24.com\/wp-content\/uploads\/2025\/11\/4054621740070-500x500.webp",500,500,true],"woocommerce_gallery_thumbnail":["https:\/\/kosmeetika24.com\/wp-content\/uploads\/2025\/11\/4054621740070-100x100.webp",100,100,true]},"uagb_author_info":{"display_name":"admin","author_link":"https:\/\/kosmeetika24.com\/ru\/author\/"},"uagb_comment_info":0,"uagb_excerpt":"Niisutav kehapiim v\u00e4ga kuivale, ekseemile v\u00f5i psoriaasile kalduvale nahale Toote eelised: Nahka rahustav kehapiim Surnumere soolaga Leevendab s\u00fcgelevat nahka ja niisutab s\u00fcgavuti Imendub kiiresti ega j\u00e4ta rasvast kihti Uurea kaitseb kuiva nahka niiskuskao eest Pantenool rahustab \u00e4rritunud nahka Dermatoloogiliselt testitud, hinnang \u201eSuurep\u00e4rane\u201c 95% looduslikud koostisosad L\u00f5hna- ja v\u00e4rvainetevaba, ei sisalda kortisooni, mikroplasti, PEG-i, mineraal\u00f5li ega&hellip;","_links":{"self":[{"href":"https:\/\/kosmeetika24.com\/ru\/wp-json\/wp\/v2\/product\/7183","targetHints":{"allow":["GET"]}}],"collection":[{"href":"https:\/\/kosmeetika24.com\/ru\/wp-json\/wp\/v2\/product"}],"about":[{"href":"https:\/\/kosmeetika24.com\/ru\/wp-json\/wp\/v2\/types\/product"}],"replies":[{"embeddable":true,"href":"https:\/\/kosmeetika24.com\/ru\/wp-json\/wp\/v2\/comments?post=7183"}],"version-history":[{"count":1,"href":"https:\/\/kosmeetika24.com\/ru\/wp-json\/wp\/v2\/product\/7183\/revisions"}],"predecessor-version":[{"id":7184,"href":"https:\/\/kosmeetika24.com\/ru\/wp-json\/wp\/v2\/product\/7183\/revisions\/7184"}],"wp:featuredmedia":[{"embeddable":true,"href":"https:\/\/kosmeetika24.com\/ru\/wp-json\/wp\/v2\/media\/7177"}],"wp:attachment":[{"href":"https:\/\/kosmeetika24.com\/ru\/wp-json\/wp\/v2\/media?parent=7183"}],"wp:term":[{"taxonomy":"product_brand","embeddable":true,"href":"https:\/\/kosmeetika24.com\/ru\/wp-json\/wp\/v2\/product_brand?post=7183"},{"taxonomy":"product_cat","embeddable":true,"href":"https:\/\/kosmeetika24.com\/ru\/wp-json\/wp\/v2\/product_cat?post=7183"},{"taxonomy":"product_tag","embeddable":true,"href":"https:\/\/kosmeetika24.com\/ru\/wp-json\/wp\/v2\/product_tag?post=7183"}],"curies":[{"name":"wp","href":"https:\/\/api.w.org\/{rel}","templated":true}]}}