{"id":7181,"date":"2025-11-05T14:39:48","date_gmt":"2025-11-05T11:39:48","guid":{"rendered":"https:\/\/kosmeetika24.com\/?post_type=product&#038;p=7181"},"modified":"2026-01-12T12:12:56","modified_gmt":"2026-01-12T09:12:56","slug":"dalton-mineral-care-dead-sea-salt-shower-gel-shampoo","status":"publish","type":"product","link":"https:\/\/kosmeetika24.com\/ru\/product\/dalton-mineral-care-dead-sea-salt-shower-gel-shampoo\/","title":{"rendered":"Dalton \u2013 Mineral Care \u2013 Dead Sea Salt Shower Gel &amp; Shampoo"},"content":{"rendered":"<p><strong>\u041f\u0440\u0438\u043c\u0435\u043d\u0435\u043d\u0438\u0435:<\/strong><\/p>\n<p>\u041d\u0430\u043d\u0435\u0441\u0438\u0442\u0435 \u0448\u0430\u043c\u043f\u0443\u043d\u044c \u0438 \u0433\u0435\u043b\u044c \u0434\u043b\u044f \u0434\u0443\u0448\u0430 \u0441 \u0441\u043e\u043b\u044c\u044e \u041c\u0451\u0440\u0442\u0432\u043e\u0433\u043e \u043c\u043e\u0440\u044f \u043d\u0430 \u0432\u043b\u0430\u0436\u043d\u0443\u044e \u043a\u043e\u0436\u0443 \u0433\u043e\u043b\u043e\u0432\u044b, \u0432\u043e\u043b\u043e\u0441\u044b \u0438 \u0442\u0435\u043b\u043e. \u0422\u0449\u0430\u0442\u0435\u043b\u044c\u043d\u043e \u0441\u043c\u043e\u0439\u0442\u0435 \u0432 \u043a\u043e\u043d\u0446\u0435 \u0434\u0443\u0448\u0430. \u041f\u043e \u0436\u0435\u043b\u0430\u043d\u0438\u044e \u0438\u0441\u043f\u043e\u043b\u044c\u0437\u0443\u0439\u0442\u0435 \u043f\u043e\u0441\u043b\u0435 \u044d\u0442\u043e\u0433\u043e \u043b\u043e\u0441\u044c\u043e\u043d \u0434\u043b\u044f \u0442\u0435\u043b\u0430 \u0441 \u0441\u043e\u043b\u044c\u044e \u041c\u0451\u0440\u0442\u0432\u043e\u0433\u043e \u043c\u043e\u0440\u044f.<\/p>\n<p><strong>\u041e\u043f\u0438\u0441\u0430\u043d\u0438\u0435 \u043f\u0440\u043e\u0434\u0443\u043a\u0442\u0430:<\/strong><\/p>\n<p>\u0428\u0430\u043c\u043f\u0443\u043d\u044c \u0438 \u0433\u0435\u043b\u044c \u0434\u043b\u044f \u0434\u0443\u0448\u0430 \u0441 \u0441\u043e\u043b\u044c\u044e \u041c\u0451\u0440\u0442\u0432\u043e\u0433\u043e \u043c\u043e\u0440\u044f \u043f\u0440\u0435\u0434\u043d\u0430\u0437\u043d\u0430\u0447\u0435\u043d \u0434\u043b\u044f \u0441\u0443\u0445\u0438\u0445 \u0438 \u0437\u0443\u0434\u044f\u0449\u0438\u0445 \u0443\u0447\u0430\u0441\u0442\u043a\u043e\u0432 \u043a\u043e\u0436\u0438, \u043e\u0431\u0435\u0441\u043f\u0435\u0447\u0438\u0432\u0430\u044f \u043c\u044f\u0433\u043a\u043e\u0435, \u043d\u043e \u044d\u0444\u0444\u0435\u043a\u0442\u0438\u0432\u043d\u043e\u0435 \u043e\u0447\u0438\u0449\u0435\u043d\u0438\u0435. \u041f\u0440\u043e\u0434\u0443\u043a\u0442 \u0431\u043e\u0433\u0430\u0442 \u0441\u043e\u043b\u044c\u044e \u041c\u0451\u0440\u0442\u0432\u043e\u0433\u043e \u043c\u043e\u0440\u044f, \u0445\u043b\u043e\u0440\u0438\u0434\u043e\u043c \u043c\u0430\u0433\u043d\u0438\u044f \u0438 \u043a\u0430\u043b\u044c\u0446\u0438\u0435\u043c, \u043a\u043e\u0442\u043e\u0440\u044b\u0435 \u0443\u043a\u0440\u0435\u043f\u043b\u044f\u044e\u0442 \u0437\u0430\u0449\u0438\u0442\u043d\u044b\u0439 \u0431\u0430\u0440\u044c\u0435\u0440 \u043a\u043e\u0436\u0438 \u0438 \u0441\u043d\u0438\u043c\u0430\u044e\u0442 \u0437\u0443\u0434. \u042d\u0442\u043e \u0438\u0434\u0435\u0430\u043b\u044c\u043d\u044b\u0439 2-\u0432-1 \u043f\u0440\u043e\u0434\u0443\u043a\u0442 \u0434\u043b\u044f \u0441\u0443\u0445\u043e\u0439 \u043a\u043e\u0436\u0438, \u0441\u043a\u043b\u043e\u043d\u043d\u043e\u0439 \u043a \u044d\u043a\u0437\u0435\u043c\u0435 \u0438 \u043f\u0441\u043e\u0440\u0438\u0430\u0437\u0443, \u043e\u0431\u0435\u0441\u043f\u0435\u0447\u0438\u0432\u0430\u044f \u043c\u044f\u0433\u043a\u043e\u0435 \u043e\u0447\u0438\u0449\u0435\u043d\u0438\u0435 \u0431\u0435\u0437 \u043f\u0435\u0440\u0435\u0441\u0443\u0448\u0438\u0432\u0430\u043d\u0438\u044f \u043a\u043e\u0436\u0438. \u0424\u043e\u0440\u043c\u0443\u043b\u0430 \u0441\u043e\u0434\u0435\u0440\u0436\u0438\u0442 \u0440\u0430\u0441\u0442\u0438\u0442\u0435\u043b\u044c\u043d\u044b\u0435 \u043f\u043e\u0432\u0435\u0440\u0445\u043d\u043e\u0441\u0442\u043d\u043e-\u0430\u043a\u0442\u0438\u0432\u043d\u044b\u0435 \u0432\u0435\u0449\u0435\u0441\u0442\u0432\u0430 \u0434\u043b\u044f \u0431\u0435\u0440\u0435\u0436\u043d\u043e\u0433\u043e \u043e\u0447\u0438\u0449\u0435\u043d\u0438\u044f, \u0433\u043b\u0438\u0446\u0435\u0440\u0438\u043d \u0434\u043b\u044f \u0443\u0432\u043b\u0430\u0436\u043d\u0435\u043d\u0438\u044f \u043a\u043e\u0436\u0438, \u043e\u0441\u0442\u0430\u0432\u043b\u044f\u044f \u0441\u0443\u0445\u0438\u0435 \u0443\u0447\u0430\u0441\u0442\u043a\u0438 \u043c\u044f\u0433\u043a\u0438\u043c\u0438 \u0438 \u044d\u043b\u0430\u0441\u0442\u0438\u0447\u043d\u044b\u043c\u0438. \u0412\u0438\u0442\u0430\u043c\u0438\u043d E \u043d\u0435\u0439\u0442\u0440\u0430\u043b\u0438\u0437\u0443\u0435\u0442 \u0434\u0435\u0439\u0441\u0442\u0432\u0438\u0435 \u0441\u0432\u043e\u0431\u043e\u0434\u043d\u044b\u0445 \u0440\u0430\u0434\u0438\u043a\u0430\u043b\u043e\u0432 \u0438 \u0437\u0430\u0449\u0438\u0449\u0430\u0435\u0442 \u043a\u043e\u0436\u0443 \u043e\u0442 \u043e\u043a\u0438\u0441\u043b\u0438\u0442\u0435\u043b\u044c\u043d\u043e\u0433\u043e \u0441\u0442\u0440\u0435\u0441\u0441\u0430, \u0430 \u043b\u0435\u0446\u0438\u0442\u0438\u043d \u0434\u0435\u043b\u0430\u0435\u0442 \u0432\u043e\u043b\u043e\u0441\u044b \u043c\u044f\u0433\u043a\u0438\u043c\u0438 \u0438 \u0433\u043b\u0430\u0434\u043a\u0438\u043c\u0438.<\/p>\n<p><strong>\u0421\u043e\u0441\u0442\u0430\u0432<br \/>\n<\/strong>Aqua\/Water, Coco-Glucoside, Sodium Coco-Sulfate, Lauryl Glucoside, Glycerin, Citric Acid, Maris Sal\/Sea Salt, Maris Aqua\/Sea Water, Glyceryl Oleate, Lecithin, Tocopherol, Sodium Cocoyl Glutamate, Disodium Cocoyl Glutamate, Ascorbyl Palmitate, Hydrogenated Palm Glycerides Citrate, Sodium Sulfate, Phenoxyethanol, Sodium Hydroxide, Sodium Benzoate, Potassium Sorbate<\/p>\n<p>64.50\u20ac\/l<\/p>","protected":false},"excerpt":{"rendered":"<p>\u0411\u0435\u0437 \u043e\u0442\u0434\u0443\u0448\u0435\u043a, 2-\u0432-1 \u043f\u0440\u043e\u0434\u0443\u043a\u0442 \u0438\u0434\u0435\u0430\u043b\u044c\u043d\u043e \u043f\u043e\u0434\u0445\u043e\u0434\u0438\u0442 \u0434\u043b\u044f \u0441\u0443\u0445\u043e\u0439 \u0438 \u0437\u0443\u0434\u044f\u0449\u0435\u0439 \u043a\u043e\u0436\u0438 \u0433\u043e\u043b\u043e\u0432\u044b \u0438\u043b\u0438 \u043a\u043e\u0436\u0438, \u0441\u043a\u043b\u043e\u043d\u043d\u043e\u0439 \u043a \u044d\u043a\u0437\u0435\u043c\u0435 \u0438 \u043f\u0441\u043e\u0440\u0438\u0430\u0437\u0443. 200 \u043c\u043b<\/p>\n<p class=\"translation-block\">\u041c\u044f\u0433\u043a\u0438\u0439 \u0448\u0430\u043c\u043f\u0443\u043d\u044c \u0438 \u0433\u0435\u043b\u044c \u0434\u043b\u044f \u0434\u0443\u0448\u0430, \u0441\u043e\u0434\u0435\u0440\u0436\u0438\u0442 \u0441\u043e\u043b\u044c \u041c\u0451\u0440\u0442\u0432\u043e\u0433\u043e \u043c\u043e\u0440\u044f<br>\n\u041f\u0440\u0435\u0434\u043e\u0442\u0432\u0440\u0430\u0449\u0430\u0435\u0442 \u0448\u0435\u043b\u0443\u0448\u0435\u043d\u0438\u0435 \u043a\u043e\u0436\u0438 \u0433\u043e\u043b\u043e\u0432\u044b<br>\n\u0420\u0430\u0441\u0442\u0438\u0442\u0435\u043b\u044c\u043d\u044b\u0435 \u043f\u043e\u0432\u0435\u0440\u0445\u043d\u043e\u0441\u0442\u043d\u043e-\u0430\u043a\u0442\u0438\u0432\u043d\u044b\u0435 \u0432\u0435\u0449\u0435\u0441\u0442\u0432\u0430 \u043e\u0431\u0435\u0441\u043f\u0435\u0447\u0438\u0432\u0430\u044e\u0442 \u043c\u044f\u0433\u043a\u043e\u0435 \u043e\u0447\u0438\u0449\u0435\u043d\u0438\u0435 \u2013 \u0431\u0435\u0437 \u0441\u0438\u043b\u0438\u043a\u043e\u043d\u043e\u0432 \u0438 \u043c\u0438\u043a\u0440\u043e\u043f\u043b\u0430\u0441\u0442\u0438\u043a\u0430<br>\n\u041f\u0438\u0442\u0430\u0435\u0442 \u0432\u043e\u043b\u043e\u0441\u044b, \u043d\u0435 \u0443\u0442\u044f\u0436\u0435\u043b\u044f\u044f \u0438\u0445<br>\n\u0414\u0435\u0440\u043c\u0430\u0442\u043e\u043b\u043e\u0433\u0438\u0447\u0435\u0441\u043a\u0438 \u043f\u0440\u043e\u0442\u0435\u0441\u0442\u0438\u0440\u043e\u0432\u0430\u043d\u043e, \u043e\u0446\u0435\u043d\u043a\u0430 \u00ab\u041e\u0442\u043b\u0438\u0447\u043d\u043e\u00bb<br>\n99% \u043d\u0430\u0442\u0443\u0440\u0430\u043b\u044c\u043d\u044b\u0445 \u0438\u043d\u0433\u0440\u0435\u0434\u0438\u0435\u043d\u0442\u043e\u0432<br>\n\u0411\u0435\u0437 \u043a\u043e\u0440\u0442\u0438\u0437\u043e\u043d\u0430, \u043c\u0438\u043a\u0440\u043e\u043f\u043b\u0430\u0441\u0442\u0438\u043a\u0430, \u041f\u042d\u0413, \u043c\u0438\u043d\u0435\u0440\u0430\u043b\u044c\u043d\u043e\u0433\u043e \u043c\u0430\u0441\u043b\u0430, \u043f\u0430\u0440\u0430\u0431\u0435\u043d\u043e\u0432, \u043a\u0440\u0430\u0441\u0438\u0442\u0435\u043b\u0435\u0439 \u0438 \u0430\u0440\u043e\u043c\u0430\u0442\u0438\u0437\u0430\u0442\u043e\u0440\u043e\u0432<\/p>","protected":false},"featured_media":7176,"comment_status":"closed","ping_status":"closed","template":"","meta":{"_uag_custom_page_level_css":"","site-sidebar-layout":"default","site-content-layout":"","ast-site-content-layout":"default","site-content-style":"default","site-sidebar-style":"default","ast-global-header-display":"","ast-banner-title-visibility":"","ast-main-header-display":"","ast-hfb-above-header-display":"","ast-hfb-below-header-display":"","ast-hfb-mobile-header-display":"","site-post-title":"","ast-breadcrumbs-content":"","ast-featured-img":"","footer-sml-layout":"","ast-disable-related-posts":"","theme-transparent-header-meta":"default","adv-header-id-meta":"","stick-header-meta":"","header-above-stick-meta":"","header-main-stick-meta":"","header-below-stick-meta":"","astra-migrate-meta-layouts":"set","ast-page-background-enabled":"default","ast-page-background-meta":{"desktop":{"background-color":"var(--ast-global-color-4)","background-image":"","background-repeat":"repeat","background-position":"center center","background-size":"auto","background-attachment":"scroll","background-type":"","background-media":"","overlay-type":"","overlay-color":"","overlay-opacity":"","overlay-gradient":""},"tablet":{"background-color":"","background-image":"","background-repeat":"repeat","background-position":"center center","background-size":"auto","background-attachment":"scroll","background-type":"","background-media":"","overlay-type":"","overlay-color":"","overlay-opacity":"","overlay-gradient":""},"mobile":{"background-color":"","background-image":"","background-repeat":"repeat","background-position":"center center","background-size":"auto","background-attachment":"scroll","background-type":"","background-media":"","overlay-type":"","overlay-color":"","overlay-opacity":"","overlay-gradient":""}},"ast-content-background-meta":{"desktop":{"background-color":"var(--ast-global-color-5)","background-image":"","background-repeat":"repeat","background-position":"center center","background-size":"auto","background-attachment":"scroll","background-type":"","background-media":"","overlay-type":"","overlay-color":"","overlay-opacity":"","overlay-gradient":""},"tablet":{"background-color":"var(--ast-global-color-5)","background-image":"","background-repeat":"repeat","background-position":"center center","background-size":"auto","background-attachment":"scroll","background-type":"","background-media":"","overlay-type":"","overlay-color":"","overlay-opacity":"","overlay-gradient":""},"mobile":{"background-color":"var(--ast-global-color-5)","background-image":"","background-repeat":"repeat","background-position":"center center","background-size":"auto","background-attachment":"scroll","background-type":"","background-media":"","overlay-type":"","overlay-color":"","overlay-opacity":"","overlay-gradient":""}}},"product_brand":[],"product_cat":[125,98],"product_tag":[],"class_list":{"0":"post-7181","1":"product","2":"type-product","3":"status-publish","4":"has-post-thumbnail","6":"product_cat-dalton","7":"product_cat-kehale","8":"desktop-align-left","9":"tablet-align-left","10":"mobile-align-left","12":"first","13":"onbackorder","14":"taxable","15":"shipping-taxable","16":"product-type-simple","17":"add-to-wishlist-before_image"},"uagb_featured_image_src":{"full":["https:\/\/kosmeetika24.com\/wp-content\/uploads\/2025\/11\/4054621740056.webp",540,540,false],"thumbnail":["https:\/\/kosmeetika24.com\/wp-content\/uploads\/2025\/11\/4054621740056-150x150.webp",150,150,true],"medium":["https:\/\/kosmeetika24.com\/wp-content\/uploads\/2025\/11\/4054621740056-300x300.webp",300,300,true],"medium_large":["https:\/\/kosmeetika24.com\/wp-content\/uploads\/2025\/11\/4054621740056.webp",540,540,false],"large":["https:\/\/kosmeetika24.com\/wp-content\/uploads\/2025\/11\/4054621740056.webp",540,540,false],"1536x1536":["https:\/\/kosmeetika24.com\/wp-content\/uploads\/2025\/11\/4054621740056.webp",540,540,false],"2048x2048":["https:\/\/kosmeetika24.com\/wp-content\/uploads\/2025\/11\/4054621740056.webp",540,540,false],"trp-custom-language-flag":["https:\/\/kosmeetika24.com\/wp-content\/uploads\/2025\/11\/4054621740056-12x12.webp",12,12,true],"woocommerce_thumbnail":["https:\/\/kosmeetika24.com\/wp-content\/uploads\/2025\/11\/4054621740056-300x300.webp",300,300,true],"woocommerce_single":["https:\/\/kosmeetika24.com\/wp-content\/uploads\/2025\/11\/4054621740056-500x500.webp",500,500,true],"woocommerce_gallery_thumbnail":["https:\/\/kosmeetika24.com\/wp-content\/uploads\/2025\/11\/4054621740056-100x100.webp",100,100,true]},"uagb_author_info":{"display_name":"admin","author_link":"https:\/\/kosmeetika24.com\/ru\/author\/"},"uagb_comment_info":0,"uagb_excerpt":"L\u00f5hnavaba 2-\u00fches toode sobib ideaalselt, kui teil on kuiv ja s\u00fcgelev peanahk v\u00f5i nahk, mis on kalduv ekseemile ja psoriaasile. 200ml \u00d5rn \u0161ampoon ja du\u0161igeel, sisaldab Surnumere soola V\u00e4ldib ketendavat peanahka Taimep\u00f5hised pindaktiivsed ained pakuvad \u00f5rna puhastust \u2013 ilma silikoonide ja mikroplastikuteta Toidab juukseid, ilma neid raskeks muutmata Dermatoloogiliselt testitud, hindega \u201cSuurep\u00e4rane\u201d 99% looduslikke koostisosi&hellip;","_links":{"self":[{"href":"https:\/\/kosmeetika24.com\/ru\/wp-json\/wp\/v2\/product\/7181","targetHints":{"allow":["GET"]}}],"collection":[{"href":"https:\/\/kosmeetika24.com\/ru\/wp-json\/wp\/v2\/product"}],"about":[{"href":"https:\/\/kosmeetika24.com\/ru\/wp-json\/wp\/v2\/types\/product"}],"replies":[{"embeddable":true,"href":"https:\/\/kosmeetika24.com\/ru\/wp-json\/wp\/v2\/comments?post=7181"}],"version-history":[{"count":1,"href":"https:\/\/kosmeetika24.com\/ru\/wp-json\/wp\/v2\/product\/7181\/revisions"}],"predecessor-version":[{"id":7182,"href":"https:\/\/kosmeetika24.com\/ru\/wp-json\/wp\/v2\/product\/7181\/revisions\/7182"}],"wp:featuredmedia":[{"embeddable":true,"href":"https:\/\/kosmeetika24.com\/ru\/wp-json\/wp\/v2\/media\/7176"}],"wp:attachment":[{"href":"https:\/\/kosmeetika24.com\/ru\/wp-json\/wp\/v2\/media?parent=7181"}],"wp:term":[{"taxonomy":"product_brand","embeddable":true,"href":"https:\/\/kosmeetika24.com\/ru\/wp-json\/wp\/v2\/product_brand?post=7181"},{"taxonomy":"product_cat","embeddable":true,"href":"https:\/\/kosmeetika24.com\/ru\/wp-json\/wp\/v2\/product_cat?post=7181"},{"taxonomy":"product_tag","embeddable":true,"href":"https:\/\/kosmeetika24.com\/ru\/wp-json\/wp\/v2\/product_tag?post=7181"}],"curies":[{"name":"wp","href":"https:\/\/api.w.org\/{rel}","templated":true}]}}