{"id":7179,"date":"2025-11-05T14:29:24","date_gmt":"2025-11-05T11:29:24","guid":{"rendered":"https:\/\/kosmeetika24.com\/?post_type=product&#038;p=7179"},"modified":"2026-01-12T12:13:03","modified_gmt":"2026-01-12T09:13:03","slug":"dalton-mineral-care-dead-sea-salt-moisturizing-cream","status":"publish","type":"product","link":"https:\/\/kosmeetika24.com\/ru\/product\/dalton-mineral-care-dead-sea-salt-moisturizing-cream\/","title":{"rendered":"Dalton \u2013 Mineral Care \u2013 Dead Sea Salt Moisturizing Cream"},"content":{"rendered":"<p class=\"\" data-start=\"0\" data-end=\"322\">\u0423\u0432\u043b\u0430\u0436\u043d\u044f\u044e\u0449\u0438\u0439, \u0441\u043d\u0438\u043c\u0430\u044e\u0449\u0438\u0439 \u0437\u0443\u0434 \u0438 \u0443\u0441\u043f\u043e\u043a\u0430\u0438\u0432\u0430\u044e\u0449\u0438\u0439 \u043a\u0440\u0435\u043c Dalton \u0438\u0434\u0435\u0430\u043b\u044c\u043d\u043e \u043f\u043e\u0434\u0445\u043e\u0434\u0438\u0442 \u0434\u043b\u044f \u0441\u0443\u0445\u043e\u0439, \u0448\u0435\u043b\u0443\u0448\u0430\u0449\u0435\u0439\u0441\u044f \u043a\u043e\u0436\u0438, \u0441\u043a\u043b\u043e\u043d\u043d\u043e\u0439 \u043a \u044d\u043a\u0437\u0435\u043c\u0435.<\/p>\n<p class=\"translation-block\" data-start=\"0\" data-end=\"322\"><em>\u0425\u043b\u043e\u0440\u0438\u0434 \u043c\u0430\u0433\u043d\u0438\u044f<\/em> \u0438\u0437 \u0441\u043e\u043b\u0438 \u041c\u0451\u0440\u0442\u0432\u043e\u0433\u043e \u043c\u043e\u0440\u044f \u0438 \u043a\u0430\u043b\u044c\u0446\u0438\u0439 \u0438\u0437 \u043c\u043e\u0440\u0441\u043a\u0438\u0445 \u043c\u0438\u043d\u0435\u0440\u0430\u043b\u043e\u0432 \u043e\u0431\u0440\u0430\u0437\u0443\u044e\u0442 \u043d\u0435\u043f\u0440\u0435\u0432\u0437\u043e\u0439\u0434\u0451\u043d\u043d\u044b\u0439 \u0434\u0443\u044d\u0442 \u0430\u043a\u0442\u0438\u0432\u043d\u044b\u0445 \u0438\u043d\u0433\u0440\u0435\u0434\u0438\u0435\u043d\u0442\u043e\u0432, \u044d\u0444\u0444\u0435\u043a\u0442\u0438\u0432\u043d\u043e \u0443\u0445\u0430\u0436\u0438\u0432\u0430\u044e\u0449\u0438\u0439 \u0437\u0430 \u0441\u0443\u0445\u043e\u0439 \u043a\u043e\u0436\u0435\u0439 \u043f\u0440\u0438 \u0430\u0442\u043e\u043f\u0438\u0447\u0435\u0441\u043a\u043e\u043c \u0434\u0435\u0440\u043c\u0430\u0442\u0438\u0442\u0435 \u0438 \u043f\u0441\u043e\u0440\u0438\u0430\u0437\u0435.<\/p>\n<p class=\"translation-block\" data-start=\"487\" data-end=\"636\"><em>\u041c\u043e\u0447\u0435\u0432\u0438\u043d\u0430<\/em> \u0438 <em>\u043f\u0430\u043d\u0442\u0435\u043d\u043e\u043b<\/em> \u043f\u043e\u0434\u0434\u0435\u0440\u0436\u0438\u0432\u0430\u044e\u0442 \u0443\u0432\u043b\u0430\u0436\u043d\u0435\u043d\u0438\u0435 \u043a\u043e\u0436\u0438, \u0440\u0435\u0433\u0443\u043b\u0438\u0440\u0443\u044e\u0442 \u0448\u0435\u043b\u0443\u0448\u0435\u043d\u0438\u0435 \u0438 \u0443\u0441\u043f\u043e\u043a\u0430\u0438\u0432\u0430\u044e\u0442 \u0447\u0443\u0432\u0441\u0442\u0432\u0438\u0442\u0435\u043b\u044c\u043d\u0443\u044e \u043a\u043e\u0436\u0443. \u0413\u043b\u0438\u0446\u0435\u0440\u0438\u043d \u0443\u0432\u043b\u0430\u0436\u043d\u044f\u0435\u0442 \u0438 \u0443\u043b\u0443\u0447\u0448\u0430\u0435\u0442 \u044d\u043b\u0430\u0441\u0442\u0438\u0447\u043d\u043e\u0441\u0442\u044c \u043a\u043e\u0436\u0438.<\/p>\n<p class=\"translation-block\" data-start=\"638\" data-end=\"873\">\u041f\u0438\u0442\u0430\u0442\u0435\u043b\u044c\u043d\u043e\u0435 \u0441\u043e\u0447\u0435\u0442\u0430\u043d\u0438\u0435 <em>\u043c\u0430\u0441\u043b\u0430 \u0448\u0438<\/em> \u0438 <em>\u043c\u0430\u0441\u043b\u0430 \u0436\u043e\u0436\u043e\u0431\u0430<\/em> \u0440\u0430\u0437\u0433\u043b\u0430\u0436\u0438\u0432\u0430\u0435\u0442 \u043a\u043e\u0436\u0443, \u0443\u043c\u0435\u043d\u044c\u0448\u0430\u0435\u0442 \u043d\u0435\u043f\u0440\u0438\u044f\u0442\u043d\u043e\u0435 \u043e\u0449\u0443\u0449\u0435\u043d\u0438\u0435 \u0441\u0442\u044f\u043d\u0443\u0442\u043e\u0441\u0442\u0438, \u043d\u0435 \u043e\u0441\u0442\u0430\u0432\u043b\u044f\u044f \u0436\u0438\u0440\u043d\u043e\u0433\u043e \u0441\u043b\u043e\u044f.<\/p>\n<p class=\"translation-block\" data-start=\"638\" data-end=\"873\"><em>\u0410\u043b\u043b\u0430\u043d\u0442\u043e\u0438\u043d<\/em> \u0438 <em>\u0431\u0438\u0441\u0430\u0431\u043e\u043b\u043e\u043b<\/em> \u0443\u0441\u0438\u043b\u0438\u0432\u0430\u044e\u0442 \u0443\u0441\u043f\u043e\u043a\u0430\u0438\u0432\u0430\u044e\u0449\u0435\u0435 \u0434\u0435\u0439\u0441\u0442\u0432\u0438\u0435 \u0438 \u0432\u043e\u0441\u0441\u0442\u0430\u043d\u0430\u0432\u043b\u0438\u0432\u0430\u044e\u0442 \u0441\u0443\u0445\u0438\u0435 \u0443\u0447\u0430\u0441\u0442\u043a\u0438, \u0434\u0435\u043b\u0430\u044f \u043a\u043e\u0436\u0443 \u043c\u044f\u0433\u043a\u043e\u0439 \u0438 \u044d\u043b\u0430\u0441\u0442\u0438\u0447\u043d\u043e\u0439.<\/p>\n<p data-start=\"638\" data-end=\"873\">\u041a\u0440\u0435\u043c \u043e\u0447\u0435\u043d\u044c \u043c\u044f\u0433\u043a\u0438\u0439 \u0438 \u0441\u043e\u0434\u0435\u0440\u0436\u0438\u0442 \u0432\u0430\u0436\u043d\u044b\u0435 \u043c\u0438\u043d\u0435\u0440\u0430\u043b\u044b, \u043a\u043e\u0442\u043e\u0440\u044b\u0435 \u0441\u0442\u0438\u043c\u0443\u043b\u0438\u0440\u0443\u044e\u0442 \u0430\u043a\u0442\u0438\u0432\u043d\u043e\u0441\u0442\u044c \u043a\u043b\u0435\u0442\u043e\u043a, \u0443\u043a\u0440\u0435\u043f\u043b\u044f\u044e\u0442 \u043a\u043e\u0436\u043d\u044b\u0439 \u0431\u0430\u0440\u044c\u0435\u0440, \u0441\u043f\u043e\u0441\u043e\u0431\u0441\u0442\u0432\u0443\u044e\u0442 \u043e\u0431\u043d\u043e\u0432\u043b\u0435\u043d\u0438\u044e \u043a\u043e\u0436\u0438 \u0438 \u0441\u043d\u0438\u043c\u0430\u044e\u0442 \u0437\u0443\u0434.<\/p>\n<p class=\"translation-block\"><strong>\u041f\u0420\u0418\u041c\u0415\u041d\u0415\u041d\u0418\u0415<\/strong><br>\n\u041d\u0430\u043d\u043e\u0441\u0438\u0442\u0435 \u0443\u0442\u0440\u043e\u043c \u0438 \u0432\u0435\u0447\u0435\u0440\u043e\u043c \u043f\u043e\u0441\u043b\u0435 \u043e\u0447\u0438\u0449\u0435\u043d\u0438\u044f \u043d\u0430 \u043b\u0438\u0446\u043e, \u0448\u0435\u044e \u0438 \u0434\u0435\u043a\u043e\u043b\u044c\u0442\u0435, \u0430\u043a\u043a\u0443\u0440\u0430\u0442\u043d\u043e \u043c\u0430\u0441\u0441\u0438\u0440\u0443\u044f \u043a\u043e\u0436\u0443.<\/p>\n<p><strong>\u0421\u043e\u0441\u0442\u0430\u0432<br \/>\n<\/strong>Aqua\/Water, Decyl Oleate, Glycerin, Cetearyl Alcohol, Octyldodecanol, Glyceryl Stearate Citrate, Pentylene Glycol, Urea, Butyrospermum Parkii (Shea)Butter, Simmondsia Chinensis (Jojoba) Seed Oil, Panthenol, Maris Sal\/Sea Salt, Bisabolol, Maris Aqua\/Sea Water, Xanthan Gum, Allantoin, Tocopheryl Acetate, Glyceryl Stearate, Hydroxyacetophenone, Tocopherol, Hydrogenated Palm Glycerides Citrate, Phenoxyethanol, Sodium Hydroxide<\/p>\n<p>498.-\u20ac\/l<\/p>","protected":false},"excerpt":{"rendered":"<p class=\"translation-block\" data-start=\"43\" data-end=\"210\">\u0414\u041b\u042f \u0421\u0423\u0425\u041e\u0419 \u0418 \u0420\u0410\u0417\u0414\u0420\u0410\u0416\u041d\u0401\u041d\u041d\u041e\u0419 \u041a\u041e\u0416\u0418<br>\n\u0423\u0441\u043f\u043e\u043a\u0430\u0438\u0432\u0430\u044e\u0449\u0438\u0439 \u043a\u0440\u0435\u043c \u0434\u043b\u044f \u043e\u0447\u0435\u043d\u044c \u0441\u0443\u0445\u043e\u0439 \u043a\u043e\u0436\u0438, \u0441\u043a\u043b\u043e\u043d\u043d\u043e\u0439 \u043a \u044d\u043a\u0437\u0435\u043c\u0435 \u0438\u043b\u0438 \u043f\u0441\u043e\u0440\u0438\u0430\u0437\u0443<\/p>\n<p data-start=\"43\" data-end=\"210\">50 \u043c\u043b<\/p>\n<p class=\"\" data-start=\"212\" data-end=\"232\"><strong data-start=\"212\" data-end=\"230\">\u041f\u0440\u0435\u0438\u043c\u0443\u0449\u0435\u0441\u0442\u0432\u0430 \u043f\u0440\u043e\u0434\u0443\u043a\u0442\u0430:<\/strong><\/p>\n<ul data-start=\"233\" data-end=\"674\">\n<li class=\"\" data-start=\"233\" data-end=\"281\">\n<p class=\"\" data-start=\"235\" data-end=\"281\">\u0423\u0441\u043f\u043e\u043a\u0430\u0438\u0432\u0430\u044e\u0449\u0438\u0439 \u043a\u0440\u0435\u043c \u0441 \u043e\u0440\u0438\u0433\u0438\u043d\u0430\u043b\u044c\u043d\u043e\u0439 \u0441\u043e\u043b\u044c\u044e \u041c\u0451\u0440\u0442\u0432\u043e\u0433\u043e \u043c\u043e\u0440\u044f<\/p>\n<\/li>\n<li class=\"\" data-start=\"282\" data-end=\"325\">\n<p class=\"\" data-start=\"284\" data-end=\"325\">\u0421\u043d\u0438\u043c\u0430\u0435\u0442 \u0437\u0443\u0434 \u0438 \u0447\u0443\u0432\u0441\u0442\u0432\u043e \u0441\u0442\u044f\u043d\u0443\u0442\u043e\u0441\u0442\u0438<\/p>\n<\/li>\n<li class=\"\" data-start=\"326\" data-end=\"354\">\n<p class=\"\" data-start=\"328\" data-end=\"354\">\u0421\u0442\u0438\u043c\u0443\u043b\u0438\u0440\u0443\u0435\u0442 \u043e\u0431\u043d\u043e\u0432\u043b\u0435\u043d\u0438\u0435 \u043a\u043e\u0436\u0438<\/p>\n<\/li>\n<li class=\"\" data-start=\"355\" data-end=\"387\">\n<p class=\"\" data-start=\"357\" data-end=\"387\">\u041c\u043e\u0447\u0435\u0432\u0438\u043d\u0430 \u043f\u043e\u0434\u0434\u0435\u0440\u0436\u0438\u0432\u0430\u0435\u0442 \u0443\u0432\u043b\u0430\u0436\u043d\u0435\u043d\u0438\u0435 \u043a\u043e\u0436\u0438<\/p>\n<\/li>\n<li class=\"\" data-start=\"388\" data-end=\"434\">\n<p class=\"\" data-start=\"390\" data-end=\"434\">\u041f\u0430\u043d\u0442\u0435\u043d\u043e\u043b \u0443\u0441\u043f\u043e\u043a\u0430\u0438\u0432\u0430\u0435\u0442 \u0440\u0430\u0437\u0434\u0440\u0430\u0436\u0451\u043d\u043d\u0443\u044e \u0438 \u0441\u0443\u0445\u0443\u044e \u043a\u043e\u0436\u0443<\/p>\n<\/li>\n<li class=\"\" data-start=\"435\" data-end=\"489\">\n<p class=\"\" data-start=\"437\" data-end=\"489\">\u0414\u0435\u0440\u043c\u0430\u0442\u043e\u043b\u043e\u0433\u0438\u0447\u0435\u0441\u043a\u0438 \u043f\u0440\u043e\u0442\u0435\u0441\u0442\u0438\u0440\u043e\u0432\u0430\u043d\u043e, \u043e\u0446\u0435\u043d\u043a\u0430 \u00ab\u041e\u0442\u043b\u0438\u0447\u043d\u043e\u00bb<\/p>\n<\/li>\n<li class=\"\" data-start=\"490\" data-end=\"521\">\n<p class=\"\" data-start=\"492\" data-end=\"521\">94% \u043d\u0430\u0442\u0443\u0440\u0430\u043b\u044c\u043d\u044b\u0445 \u0438\u043d\u0433\u0440\u0435\u0434\u0438\u0435\u043d\u0442\u043e\u0432<\/p>\n<\/li>\n<li class=\"\" data-start=\"522\" data-end=\"620\">\n<p class=\"\" data-start=\"524\" data-end=\"620\">\u0411\u0435\u0437 \u0430\u0440\u043e\u043c\u0430\u0442\u0438\u0437\u0430\u0442\u043e\u0440\u043e\u0432 \u0438 \u043a\u0440\u0430\u0441\u0438\u0442\u0435\u043b\u0435\u0439, \u043d\u0435 \u0441\u043e\u0434\u0435\u0440\u0436\u0438\u0442 \u043a\u043e\u0440\u0442\u0438\u0437\u043e\u043d\u0430, \u043c\u0438\u043a\u0440\u043e\u043f\u043b\u0430\u0441\u0442\u0438\u043a\u0430, \u041f\u042d\u0413, \u043c\u0438\u043d\u0435\u0440\u0430\u043b\u044c\u043d\u043e\u0433\u043e \u043c\u0430\u0441\u043b\u0430 \u0438 \u043f\u0430\u0440\u0430\u0431\u0435\u043d\u043e\u0432<\/p>\n<\/li>\n<\/ul>","protected":false},"featured_media":7174,"comment_status":"closed","ping_status":"closed","template":"","meta":{"_uag_custom_page_level_css":"","site-sidebar-layout":"default","site-content-layout":"","ast-site-content-layout":"default","site-content-style":"default","site-sidebar-style":"default","ast-global-header-display":"","ast-banner-title-visibility":"","ast-main-header-display":"","ast-hfb-above-header-display":"","ast-hfb-below-header-display":"","ast-hfb-mobile-header-display":"","site-post-title":"","ast-breadcrumbs-content":"","ast-featured-img":"","footer-sml-layout":"","ast-disable-related-posts":"","theme-transparent-header-meta":"default","adv-header-id-meta":"","stick-header-meta":"","header-above-stick-meta":"","header-main-stick-meta":"","header-below-stick-meta":"","astra-migrate-meta-layouts":"set","ast-page-background-enabled":"default","ast-page-background-meta":{"desktop":{"background-color":"var(--ast-global-color-4)","background-image":"","background-repeat":"repeat","background-position":"center center","background-size":"auto","background-attachment":"scroll","background-type":"","background-media":"","overlay-type":"","overlay-color":"","overlay-opacity":"","overlay-gradient":""},"tablet":{"background-color":"","background-image":"","background-repeat":"repeat","background-position":"center center","background-size":"auto","background-attachment":"scroll","background-type":"","background-media":"","overlay-type":"","overlay-color":"","overlay-opacity":"","overlay-gradient":""},"mobile":{"background-color":"","background-image":"","background-repeat":"repeat","background-position":"center center","background-size":"auto","background-attachment":"scroll","background-type":"","background-media":"","overlay-type":"","overlay-color":"","overlay-opacity":"","overlay-gradient":""}},"ast-content-background-meta":{"desktop":{"background-color":"var(--ast-global-color-5)","background-image":"","background-repeat":"repeat","background-position":"center center","background-size":"auto","background-attachment":"scroll","background-type":"","background-media":"","overlay-type":"","overlay-color":"","overlay-opacity":"","overlay-gradient":""},"tablet":{"background-color":"var(--ast-global-color-5)","background-image":"","background-repeat":"repeat","background-position":"center center","background-size":"auto","background-attachment":"scroll","background-type":"","background-media":"","overlay-type":"","overlay-color":"","overlay-opacity":"","overlay-gradient":""},"mobile":{"background-color":"var(--ast-global-color-5)","background-image":"","background-repeat":"repeat","background-position":"center center","background-size":"auto","background-attachment":"scroll","background-type":"","background-media":"","overlay-type":"","overlay-color":"","overlay-opacity":"","overlay-gradient":""}}},"product_brand":[],"product_cat":[125,97],"product_tag":[],"class_list":{"0":"post-7179","1":"product","2":"type-product","3":"status-publish","4":"has-post-thumbnail","6":"product_cat-dalton","7":"product_cat-naole","8":"desktop-align-left","9":"tablet-align-left","10":"mobile-align-left","12":"first","13":"onbackorder","14":"taxable","15":"shipping-taxable","16":"product-type-simple","17":"add-to-wishlist-before_image"},"uagb_featured_image_src":{"full":["https:\/\/kosmeetika24.com\/wp-content\/uploads\/2025\/11\/4054621740018_1.webp",540,540,false],"thumbnail":["https:\/\/kosmeetika24.com\/wp-content\/uploads\/2025\/11\/4054621740018_1-150x150.webp",150,150,true],"medium":["https:\/\/kosmeetika24.com\/wp-content\/uploads\/2025\/11\/4054621740018_1-300x300.webp",300,300,true],"medium_large":["https:\/\/kosmeetika24.com\/wp-content\/uploads\/2025\/11\/4054621740018_1.webp",540,540,false],"large":["https:\/\/kosmeetika24.com\/wp-content\/uploads\/2025\/11\/4054621740018_1.webp",540,540,false],"1536x1536":["https:\/\/kosmeetika24.com\/wp-content\/uploads\/2025\/11\/4054621740018_1.webp",540,540,false],"2048x2048":["https:\/\/kosmeetika24.com\/wp-content\/uploads\/2025\/11\/4054621740018_1.webp",540,540,false],"trp-custom-language-flag":["https:\/\/kosmeetika24.com\/wp-content\/uploads\/2025\/11\/4054621740018_1-12x12.webp",12,12,true],"woocommerce_thumbnail":["https:\/\/kosmeetika24.com\/wp-content\/uploads\/2025\/11\/4054621740018_1-300x300.webp",300,300,true],"woocommerce_single":["https:\/\/kosmeetika24.com\/wp-content\/uploads\/2025\/11\/4054621740018_1-500x500.webp",500,500,true],"woocommerce_gallery_thumbnail":["https:\/\/kosmeetika24.com\/wp-content\/uploads\/2025\/11\/4054621740018_1-100x100.webp",100,100,true]},"uagb_author_info":{"display_name":"admin","author_link":"https:\/\/kosmeetika24.com\/ru\/author\/"},"uagb_comment_info":0,"uagb_excerpt":"KUIVALE JA \u00c4RRITUNUD NAHALERahustav kreem v\u00e4ga kuivale nahale, mis on kalduv ekseemile v\u00f5i psoriaasile 50 ml Toote eelised: Rahustav kreem originaalse Surnumere soolaga Leevendab s\u00fcgelust ja pingulolekutunnet Soodustab naha uuenemist Uurea hoiab naha niisutatuna Pantenool rahustab stressis ja kuiva nahka Dermatoloogiliselt testitud, hinnang \u201eSuurep\u00e4rane\u201c 94% looduslikud koostisosad L\u00f5hna- ja v\u00e4rvainetevaba, ei sisalda kortisooni, mikroplasti, PEG-i,&hellip;","_links":{"self":[{"href":"https:\/\/kosmeetika24.com\/ru\/wp-json\/wp\/v2\/product\/7179","targetHints":{"allow":["GET"]}}],"collection":[{"href":"https:\/\/kosmeetika24.com\/ru\/wp-json\/wp\/v2\/product"}],"about":[{"href":"https:\/\/kosmeetika24.com\/ru\/wp-json\/wp\/v2\/types\/product"}],"replies":[{"embeddable":true,"href":"https:\/\/kosmeetika24.com\/ru\/wp-json\/wp\/v2\/comments?post=7179"}],"version-history":[{"count":2,"href":"https:\/\/kosmeetika24.com\/ru\/wp-json\/wp\/v2\/product\/7179\/revisions"}],"predecessor-version":[{"id":7199,"href":"https:\/\/kosmeetika24.com\/ru\/wp-json\/wp\/v2\/product\/7179\/revisions\/7199"}],"wp:featuredmedia":[{"embeddable":true,"href":"https:\/\/kosmeetika24.com\/ru\/wp-json\/wp\/v2\/media\/7174"}],"wp:attachment":[{"href":"https:\/\/kosmeetika24.com\/ru\/wp-json\/wp\/v2\/media?parent=7179"}],"wp:term":[{"taxonomy":"product_brand","embeddable":true,"href":"https:\/\/kosmeetika24.com\/ru\/wp-json\/wp\/v2\/product_brand?post=7179"},{"taxonomy":"product_cat","embeddable":true,"href":"https:\/\/kosmeetika24.com\/ru\/wp-json\/wp\/v2\/product_cat?post=7179"},{"taxonomy":"product_tag","embeddable":true,"href":"https:\/\/kosmeetika24.com\/ru\/wp-json\/wp\/v2\/product_tag?post=7179"}],"curies":[{"name":"wp","href":"https:\/\/api.w.org\/{rel}","templated":true}]}}