{"id":7173,"date":"2025-11-05T14:27:29","date_gmt":"2025-11-05T11:27:29","guid":{"rendered":"https:\/\/kosmeetika24.com\/?post_type=product&#038;p=7173"},"modified":"2026-01-12T12:13:10","modified_gmt":"2026-01-12T09:13:10","slug":"dalton-mineral-care-dead-sea-salt-intense-lipid-cream","status":"publish","type":"product","link":"https:\/\/kosmeetika24.com\/ru\/product\/dalton-mineral-care-dead-sea-salt-intense-lipid-cream\/","title":{"rendered":"Dalton \u2013 Mineral Care \u2013 Dead Sea Salt Intense Lipid Cream"},"content":{"rendered":"<p class=\"translation-block\" data-start=\"0\" data-end=\"242\">\u0421\u0442\u0440\u0430\u0434\u0430\u0435\u0442\u0435 \u043e\u0442 \u0441\u0443\u0445\u043e\u0439, \u0437\u0443\u0434\u044f\u0449\u0435\u0439 \u043a\u043e\u0436\u0438 \u0438\u043b\u0438 \u0442\u0430\u043a\u0438\u0445 \u043a\u043e\u0436\u043d\u044b\u0445 \u043f\u0440\u043e\u0431\u043b\u0435\u043c, \u043a\u0430\u043a \u044d\u043a\u0437\u0435\u043c\u0430, \u0434\u0435\u0440\u043c\u0430\u0442\u0438\u0442 \u0438\u043b\u0438 \u043f\u0441\u043e\u0440\u0438\u0430\u0437? <strong>\u0418\u043d\u0442\u0435\u043d\u0441\u0438\u0432\u043d\u044b\u0439 \u043b\u0438\u043f\u0438\u0434\u043d\u044b\u0439 \u043a\u0440\u0435\u043c \u0441 \u0441\u043e\u043b\u044c\u044e \u041c\u0451\u0440\u0442\u0432\u043e\u0433\u043e \u043c\u043e\u0440\u044f<\/strong> \u043e\u0442 Dalton \u0434\u043b\u044f \u043e\u0447\u0435\u043d\u044c \u0441\u0443\u0445\u043e\u0439 \u0438 \u0448\u0435\u043b\u0443\u0448\u0430\u0449\u0435\u0439\u0441\u044f \u043a\u043e\u0436\u0438 \u043e\u0441\u043d\u043e\u0432\u0430\u043d \u043d\u0430 \u0434\u0432\u0443\u0445 \u044d\u0444\u0444\u0435\u043a\u0442\u0438\u0432\u043d\u044b\u0445 \u043c\u043e\u0440\u0441\u043a\u0438\u0445 \u0430\u043a\u0442\u0438\u0432\u043d\u044b\u0445 \u043a\u043e\u043c\u043f\u043e\u043d\u0435\u043d\u0442\u0430\u0445.<\/p>\n<p class=\"\" data-start=\"244\" data-end=\"589\">\u0412\u044b\u0441\u043e\u043a\u043e\u0435 \u0441\u043e\u0434\u0435\u0440\u0436\u0430\u043d\u0438\u0435 \u0445\u043b\u043e\u0440\u0438\u0434\u0430 \u043c\u0430\u0433\u043d\u0438\u044f \u0432 \u0441\u043e\u043b\u0438 \u041c\u0451\u0440\u0442\u0432\u043e\u0433\u043e \u043c\u043e\u0440\u044f \u0438 \u0432\u0430\u0436\u043d\u044b\u0439 \u043a\u0430\u043b\u044c\u0446\u0438\u0439, \u0441\u043e\u0434\u0435\u0440\u0436\u0430\u0449\u0438\u0439\u0441\u044f \u0432 \u043c\u043e\u0440\u0441\u043a\u0438\u0445 \u043c\u0438\u043d\u0435\u0440\u0430\u043b\u0430\u0445, \u043f\u043e\u043c\u043e\u0433\u0430\u044e\u0442 \u043e\u0431\u043b\u0435\u0433\u0447\u0438\u0442\u044c \u0440\u0430\u0437\u043b\u0438\u0447\u043d\u044b\u0435 \u0441\u0438\u043c\u043f\u0442\u043e\u043c\u044b \u0440\u0430\u0437\u0434\u0440\u0430\u0436\u0451\u043d\u043d\u043e\u0439 \u043a\u043e\u0436\u0438. \u042d\u0442\u0438 \u0438\u043d\u0433\u0440\u0435\u0434\u0438\u0435\u043d\u0442\u044b \u043e\u0447\u0435\u043d\u044c \u043c\u044f\u0433\u043a\u043e \u0432\u043e\u0437\u0434\u0435\u0439\u0441\u0442\u0432\u0443\u044e\u0442 \u043d\u0430 \u043a\u043e\u0436\u0443, \u043d\u0430\u0441\u044b\u0449\u0430\u044f \u0435\u0451 \u043d\u0435\u043e\u0431\u0445\u043e\u0434\u0438\u043c\u044b\u043c\u0438 \u043c\u0438\u043d\u0435\u0440\u0430\u043b\u0430\u043c\u0438, \u0441\u0442\u0438\u043c\u0443\u043b\u0438\u0440\u0443\u044e\u0442 \u043a\u043b\u0435\u0442\u043e\u0447\u043d\u0443\u044e \u0430\u043a\u0442\u0438\u0432\u043d\u043e\u0441\u0442\u044c, \u0443\u043a\u0440\u0435\u043f\u043b\u044f\u044e\u0442 \u0437\u0430\u0449\u0438\u0442\u043d\u044b\u0439 \u0431\u0430\u0440\u044c\u0435\u0440 \u043a\u043e\u0436\u0438, \u0441\u043f\u043e\u0441\u043e\u0431\u0441\u0442\u0432\u0443\u044e\u0442 \u0435\u0451 \u043e\u0431\u043d\u043e\u0432\u043b\u0435\u043d\u0438\u044e \u0438 \u0441\u043d\u0438\u043c\u0430\u044e\u0442 \u0437\u0443\u0434.<\/p>\n<p class=\"\" data-start=\"591\" data-end=\"940\"><em>Uurea<\/em>\u00a0ja pantenool niisutavad nahka, toetavad loomulikku kestenduse reguleerimist ja rahustavad tundlikku nahka.<\/p>\n<p class=\"translation-block\" data-start=\"591\" data-end=\"940\"><em>\u041f\u0447\u0435\u043b\u0438\u043d\u044b\u0439 \u0432\u043e\u0441\u043a<\/em> \u043e\u0431\u0440\u0430\u0437\u0443\u0435\u0442 \u0437\u0430\u0449\u0438\u0442\u043d\u044b\u0439 \u0431\u0430\u0440\u044c\u0435\u0440, \u043d\u0435 \u0443\u0442\u044f\u0436\u0435\u043b\u044f\u044f \u043a\u043e\u0436\u0443, \u0438 \u043d\u0430\u0441\u044b\u0449\u0430\u0435\u0442 \u0435\u0451 \u043f\u0438\u0442\u0430\u0442\u0435\u043b\u044c\u043d\u044b\u043c\u0438 \u043b\u0438\u043f\u0438\u0434\u0430\u043c\u0438.<\/p>\n<p class=\"\" data-start=\"591\" data-end=\"940\"><em>\u041c\u0430\u0441\u043b\u043e \u0436\u043e\u0436\u043e\u0431\u0430<\/em>\u00a0v\u00e4hendab pingulolekut ja silub nahapinda<em>\u00a0\u0412\u0438\u0442\u0430\u043c\u0438\u043d E<\/em>\u00a0neutraliseerib vabu radikaale ning\u00a0<em>bisabolool<\/em>\u00a0tugevdab rahustavat toimet.<\/p>\n<p class=\"\" data-start=\"942\" data-end=\"1091\"><strong data-start=\"942\" data-end=\"1089\">\u0418\u043d\u0442\u0435\u043d\u0441\u0438\u0432\u043d\u044b\u0439 \u043b\u0438\u043f\u0438\u0434\u043d\u044b\u0439 \u043a\u0440\u0435\u043c \u0442\u0430\u043a\u0436\u0435 \u0438\u0434\u0435\u0430\u043b\u044c\u043d\u043e \u043f\u043e\u0434\u0445\u043e\u0434\u0438\u0442 \u0432 \u043a\u0430\u0447\u0435\u0441\u0442\u0432\u0435 \u043f\u043e\u0434\u0434\u0435\u0440\u0436\u0438\u0432\u0430\u044e\u0449\u0435\u0433\u043e \u0443\u0445\u043e\u0434\u0430 \u0437\u0430 \u043a\u043e\u0436\u0435\u0439 \u0432\u043e \u0432\u0440\u0435\u043c\u044f \u043e\u0431\u043e\u0441\u0442\u0440\u0435\u043d\u0438\u0439 \u044d\u043a\u0437\u0435\u043c\u044b \u0438 \u0434\u043b\u044f \u043a\u043e\u0436\u0438, \u0441\u043a\u043b\u043e\u043d\u043d\u043e\u0439 \u043a \u0430\u0442\u043e\u043f\u0438\u0447\u0435\u0441\u043a\u043e\u043c\u0443 \u0434\u0435\u0440\u043c\u0430\u0442\u0438\u0442\u0443.<br \/>\n<\/strong><\/p>\n<p class=\"\" data-start=\"942\" data-end=\"1091\"><strong data-start=\"942\" data-end=\"1089\">\u041f\u0440\u0438\u043c\u0435\u043d\u0435\u043d\u0438\u0435<br data-start=\"742\" data-end=\"745\" \/><\/strong>\u0418\u043d\u0442\u0435\u043d\u0441\u0438\u0432\u043d\u044b\u0439 \u043b\u0438\u043f\u0438\u0434\u043d\u044b\u0439 \u043a\u0440\u0435\u043c \u043c\u043e\u0436\u043d\u043e \u0438\u0441\u043f\u043e\u043b\u044c\u0437\u043e\u0432\u0430\u0442\u044c \u0432 \u043a\u0430\u0447\u0435\u0441\u0442\u0432\u0435 \u043a\u0440\u0435\u043c\u0430 \u0434\u043b\u044f \u043b\u0438\u0446\u0430 \u0438\u043b\u0438 \u043d\u0430 \u0434\u0440\u0443\u0433\u0438\u0445 \u043f\u0440\u043e\u0431\u043b\u0435\u043c\u043d\u044b\u0445 \u0443\u0447\u0430\u0441\u0442\u043a\u0430\u0445, \u0442\u0430\u043a\u0438\u0445 \u043a\u0430\u043a \u043b\u043e\u043a\u0442\u0438, \u0440\u0443\u043a\u0438 \u0438 \u0437\u0430\u0434\u043d\u044f\u044f \u043f\u043e\u0432\u0435\u0440\u0445\u043d\u043e\u0441\u0442\u044c \u043a\u043e\u043b\u0435\u043d\u0435\u0439.<br \/>\n<strong><br \/>\n\u0421\u043e\u0441\u0442\u0430\u0432<br \/>\n<\/strong>Aqua\/Water, Caprylic\/Capric Triglyceride, Decyl Oleate, Tocopherol, Hydrogenated Palm Glycerides Citrate, Octyldodecanol, Polyglyceryl-4 Diisostearate\/Polyhydroxystearate\/Sebacate, Dipropylheptyl Carbonate, Tocopherol, Glycerin, Urea, Cera Alba\/Beeswax, Zinc Oxide (CI 77947), Simmondsia Chinensis (Jojoba) Seed Oil, Magnesium Sulfate, Maris Sal\/Sea Salt, Panthenol, Maris Aqua\/Sea Water, Allantoin, Bisabolol, Tocopheryl Acetate, Tocopherol, Zinc Stearate, Caprylyl Glycol, Sodium Hydroxide, 1,2-Hexanediol, Phenoxyethanol, Hydroxyacetophenone<\/p>\n<p data-start=\"942\" data-end=\"1091\">498.-\u20ac\/l<\/p>","protected":false},"excerpt":{"rendered":"<p class=\"\" data-start=\"34\" data-end=\"223\">\u041a\u0440\u0435\u043c, \u0431\u043e\u0433\u0430\u0442\u044b\u0439 \u043b\u0438\u043f\u0438\u0434\u0430\u043c\u0438, \u0441\u043d\u0438\u043c\u0430\u044e\u0449\u0438\u0439 \u0437\u0443\u0434, \u0434\u043b\u044f \u043e\u0447\u0435\u043d\u044c \u0441\u0443\u0445\u043e\u0439 \u043a\u043e\u0436\u0438, \u0441\u043a\u043b\u043e\u043d\u043d\u043e\u0439 \u043a \u044d\u043a\u0437\u0435\u043c\u0435 \u0438\u043b\u0438 \u043f\u0441\u043e\u0440\u0438\u0430\u0437\u0443<\/p>\n<p data-start=\"34\" data-end=\"223\">50 \u043c\u043b<\/p>\n<p class=\"\" data-start=\"225\" data-end=\"245\"><strong data-start=\"225\" data-end=\"243\">\u041f\u0440\u0435\u0438\u043c\u0443\u0449\u0435\u0441\u0442\u0432\u0430 \u043f\u0440\u043e\u0434\u0443\u043a\u0442\u0430:<\/strong><\/p>\n<ul data-start=\"246\" data-end=\"725\">\n<li class=\"\" data-start=\"246\" data-end=\"317\">\n<p class=\"\" data-start=\"248\" data-end=\"317\">\u041e\u0447\u0435\u043d\u044c \u0431\u043e\u0433\u0430\u0442\u0430\u044f, \u043c\u0430\u0437\u0435\u043e\u0431\u0440\u0430\u0437\u043d\u0430\u044f \u044d\u043c\u0443\u043b\u044c\u0441\u0438\u044f \u0441 \u043e\u0440\u0438\u0433\u0438\u043d\u0430\u043b\u044c\u043d\u043e\u0439 \u0441\u043e\u043b\u044c\u044e \u041c\u0451\u0440\u0442\u0432\u043e\u0433\u043e \u043c\u043e\u0440\u044f<\/p>\n<\/li>\n<li class=\"\" data-start=\"318\" data-end=\"363\">\n<p class=\"\" data-start=\"320\" data-end=\"363\">\u0421\u043c\u044f\u0433\u0447\u0430\u0435\u0442 \u0437\u0443\u0434 \u0438 \u0447\u0443\u0432\u0441\u0442\u0432\u043e \u0441\u0442\u044f\u043d\u0443\u0442\u043e\u0441\u0442\u0438 \u043a\u043e\u0436\u0438<\/p>\n<\/li>\n<li class=\"\" data-start=\"364\" data-end=\"416\">\n<p class=\"\" data-start=\"366\" data-end=\"416\">\u041f\u0447\u0435\u043b\u0438\u043d\u044b\u0439 \u0432\u043e\u0441\u043a \u0441\u043f\u043e\u0441\u043e\u0431\u0441\u0442\u0432\u0443\u0435\u0442 \u0432\u043e\u0441\u0441\u0442\u0430\u043d\u043e\u0432\u043b\u0435\u043d\u0438\u044e \u0437\u0434\u043e\u0440\u043e\u0432\u043e\u0433\u043e \u043a\u043e\u0436\u043d\u043e\u0433\u043e \u0431\u0430\u0440\u044c\u0435\u0440\u0430<\/p>\n<\/li>\n<li class=\"\" data-start=\"417\" data-end=\"456\">\n<p class=\"\" data-start=\"419\" data-end=\"456\">\u041c\u043e\u0447\u0435\u0432\u0438\u043d\u0430 \u0437\u0430\u0449\u0438\u0449\u0430\u0435\u0442 \u043a\u043e\u0436\u0443 \u043e\u0442 \u043f\u043e\u0442\u0435\u0440\u0438 \u0432\u043b\u0430\u0433\u0438<\/p>\n<\/li>\n<li class=\"\" data-start=\"457\" data-end=\"485\">\n<p class=\"\" data-start=\"459\" data-end=\"485\">\u041f\u0430\u043d\u0442\u0435\u043d\u043e\u043b \u0443\u0441\u043f\u043e\u043a\u0430\u0438\u0432\u0430\u0435\u0442 \u043a\u043e\u0436\u0443<\/p>\n<\/li>\n<li class=\"\" data-start=\"486\" data-end=\"540\">\n<p class=\"\" data-start=\"488\" data-end=\"540\">\u0414\u0435\u0440\u043c\u0430\u0442\u043e\u043b\u043e\u0433\u0438\u0447\u0435\u0441\u043a\u0438 \u043f\u0440\u043e\u0442\u0435\u0441\u0442\u0438\u0440\u043e\u0432\u0430\u043d\u043e, \u043e\u0446\u0435\u043d\u043a\u0430 \u00ab\u041e\u0442\u043b\u0438\u0447\u043d\u043e\u00bb<\/p>\n<\/li>\n<li class=\"\" data-start=\"541\" data-end=\"572\">\n<p class=\"\" data-start=\"543\" data-end=\"572\">89% \u043d\u0430\u0442\u0443\u0440\u0430\u043b\u044c\u043d\u044b\u0445 \u0438\u043d\u0433\u0440\u0435\u0434\u0438\u0435\u043d\u0442\u043e\u0432<\/p>\n<\/li>\n<li class=\"\" data-start=\"573\" data-end=\"671\">\n<p class=\"\" data-start=\"575\" data-end=\"671\">\u0411\u0435\u0437 \u0430\u0440\u043e\u043c\u0430\u0442\u0438\u0437\u0430\u0442\u043e\u0440\u043e\u0432 \u0438 \u043a\u0440\u0430\u0441\u0438\u0442\u0435\u043b\u0435\u0439, \u043d\u0435 \u0441\u043e\u0434\u0435\u0440\u0436\u0438\u0442 \u043a\u043e\u0440\u0442\u0438\u0437\u043e\u043d\u0430, \u043c\u0438\u043a\u0440\u043e\u043f\u043b\u0430\u0441\u0442\u0438\u043a\u0430, \u041f\u042d\u0413, \u043c\u0438\u043d\u0435\u0440\u0430\u043b\u044c\u043d\u043e\u0433\u043e \u043c\u0430\u0441\u043b\u0430 \u0438 \u043f\u0430\u0440\u0430\u0431\u0435\u043d\u043e\u0432<\/p>\n<\/li>\n<\/ul>","protected":false},"featured_media":7175,"comment_status":"closed","ping_status":"closed","template":"","meta":{"_uag_custom_page_level_css":"","site-sidebar-layout":"default","site-content-layout":"","ast-site-content-layout":"default","site-content-style":"default","site-sidebar-style":"default","ast-global-header-display":"","ast-banner-title-visibility":"","ast-main-header-display":"","ast-hfb-above-header-display":"","ast-hfb-below-header-display":"","ast-hfb-mobile-header-display":"","site-post-title":"","ast-breadcrumbs-content":"","ast-featured-img":"","footer-sml-layout":"","ast-disable-related-posts":"","theme-transparent-header-meta":"default","adv-header-id-meta":"","stick-header-meta":"","header-above-stick-meta":"","header-main-stick-meta":"","header-below-stick-meta":"","astra-migrate-meta-layouts":"set","ast-page-background-enabled":"default","ast-page-background-meta":{"desktop":{"background-color":"var(--ast-global-color-4)","background-image":"","background-repeat":"repeat","background-position":"center center","background-size":"auto","background-attachment":"scroll","background-type":"","background-media":"","overlay-type":"","overlay-color":"","overlay-opacity":"","overlay-gradient":""},"tablet":{"background-color":"","background-image":"","background-repeat":"repeat","background-position":"center center","background-size":"auto","background-attachment":"scroll","background-type":"","background-media":"","overlay-type":"","overlay-color":"","overlay-opacity":"","overlay-gradient":""},"mobile":{"background-color":"","background-image":"","background-repeat":"repeat","background-position":"center center","background-size":"auto","background-attachment":"scroll","background-type":"","background-media":"","overlay-type":"","overlay-color":"","overlay-opacity":"","overlay-gradient":""}},"ast-content-background-meta":{"desktop":{"background-color":"var(--ast-global-color-5)","background-image":"","background-repeat":"repeat","background-position":"center center","background-size":"auto","background-attachment":"scroll","background-type":"","background-media":"","overlay-type":"","overlay-color":"","overlay-opacity":"","overlay-gradient":""},"tablet":{"background-color":"var(--ast-global-color-5)","background-image":"","background-repeat":"repeat","background-position":"center center","background-size":"auto","background-attachment":"scroll","background-type":"","background-media":"","overlay-type":"","overlay-color":"","overlay-opacity":"","overlay-gradient":""},"mobile":{"background-color":"var(--ast-global-color-5)","background-image":"","background-repeat":"repeat","background-position":"center center","background-size":"auto","background-attachment":"scroll","background-type":"","background-media":"","overlay-type":"","overlay-color":"","overlay-opacity":"","overlay-gradient":""}}},"product_brand":[],"product_cat":[125,97],"product_tag":[],"class_list":{"0":"post-7173","1":"product","2":"type-product","3":"status-publish","4":"has-post-thumbnail","6":"product_cat-dalton","7":"product_cat-naole","8":"desktop-align-left","9":"tablet-align-left","10":"mobile-align-left","12":"first","13":"onbackorder","14":"taxable","15":"shipping-taxable","16":"product-type-simple","17":"add-to-wishlist-before_image"},"uagb_featured_image_src":{"full":["https:\/\/kosmeetika24.com\/wp-content\/uploads\/2025\/11\/4054621740032.webp",540,540,false],"thumbnail":["https:\/\/kosmeetika24.com\/wp-content\/uploads\/2025\/11\/4054621740032-150x150.webp",150,150,true],"medium":["https:\/\/kosmeetika24.com\/wp-content\/uploads\/2025\/11\/4054621740032-300x300.webp",300,300,true],"medium_large":["https:\/\/kosmeetika24.com\/wp-content\/uploads\/2025\/11\/4054621740032.webp",540,540,false],"large":["https:\/\/kosmeetika24.com\/wp-content\/uploads\/2025\/11\/4054621740032.webp",540,540,false],"1536x1536":["https:\/\/kosmeetika24.com\/wp-content\/uploads\/2025\/11\/4054621740032.webp",540,540,false],"2048x2048":["https:\/\/kosmeetika24.com\/wp-content\/uploads\/2025\/11\/4054621740032.webp",540,540,false],"trp-custom-language-flag":["https:\/\/kosmeetika24.com\/wp-content\/uploads\/2025\/11\/4054621740032-12x12.webp",12,12,true],"woocommerce_thumbnail":["https:\/\/kosmeetika24.com\/wp-content\/uploads\/2025\/11\/4054621740032-300x300.webp",300,300,true],"woocommerce_single":["https:\/\/kosmeetika24.com\/wp-content\/uploads\/2025\/11\/4054621740032-500x500.webp",500,500,true],"woocommerce_gallery_thumbnail":["https:\/\/kosmeetika24.com\/wp-content\/uploads\/2025\/11\/4054621740032-100x100.webp",100,100,true]},"uagb_author_info":{"display_name":"admin","author_link":"https:\/\/kosmeetika24.com\/ru\/author\/"},"uagb_comment_info":0,"uagb_excerpt":"Lipiidide rikas, s\u00fcgelust leevendav kreem v\u00e4ga kuivale, ekseemile v\u00f5i psoriaasile kalduvale nahale 50 ml Toote eelised: V\u00e4ga rikkalik, salvitaoline emulsioon originaalse Surnumere soolaga Leevendab s\u00fcgelevat ja pingulolevat nahka Mesilasvaha toetab terve nahabarj\u00e4\u00e4ri taastumist Uurea kaitseb nahka niiskuskao eest Pantenool rahustab nahka Dermatoloogiliselt testitud, hinnang \u201eSuurep\u00e4rane\u201c 89% looduslikud koostisosad L\u00f5hna- ja v\u00e4rvainetevaba, ei sisalda kortisooni, mikroplasti,&hellip;","_links":{"self":[{"href":"https:\/\/kosmeetika24.com\/ru\/wp-json\/wp\/v2\/product\/7173","targetHints":{"allow":["GET"]}}],"collection":[{"href":"https:\/\/kosmeetika24.com\/ru\/wp-json\/wp\/v2\/product"}],"about":[{"href":"https:\/\/kosmeetika24.com\/ru\/wp-json\/wp\/v2\/types\/product"}],"replies":[{"embeddable":true,"href":"https:\/\/kosmeetika24.com\/ru\/wp-json\/wp\/v2\/comments?post=7173"}],"version-history":[{"count":1,"href":"https:\/\/kosmeetika24.com\/ru\/wp-json\/wp\/v2\/product\/7173\/revisions"}],"predecessor-version":[{"id":7178,"href":"https:\/\/kosmeetika24.com\/ru\/wp-json\/wp\/v2\/product\/7173\/revisions\/7178"}],"wp:featuredmedia":[{"embeddable":true,"href":"https:\/\/kosmeetika24.com\/ru\/wp-json\/wp\/v2\/media\/7175"}],"wp:attachment":[{"href":"https:\/\/kosmeetika24.com\/ru\/wp-json\/wp\/v2\/media?parent=7173"}],"wp:term":[{"taxonomy":"product_brand","embeddable":true,"href":"https:\/\/kosmeetika24.com\/ru\/wp-json\/wp\/v2\/product_brand?post=7173"},{"taxonomy":"product_cat","embeddable":true,"href":"https:\/\/kosmeetika24.com\/ru\/wp-json\/wp\/v2\/product_cat?post=7173"},{"taxonomy":"product_tag","embeddable":true,"href":"https:\/\/kosmeetika24.com\/ru\/wp-json\/wp\/v2\/product_tag?post=7173"}],"curies":[{"name":"wp","href":"https:\/\/api.w.org\/{rel}","templated":true}]}}