{"id":7158,"date":"2025-11-05T14:03:20","date_gmt":"2025-11-05T11:03:20","guid":{"rendered":"https:\/\/kosmeetika24.com\/?post_type=product&#038;p=7158"},"modified":"2026-01-12T12:13:50","modified_gmt":"2026-01-12T09:13:50","slug":"dalton-hydro-lift-express-sheet-mask","status":"publish","type":"product","link":"https:\/\/kosmeetika24.com\/ru\/product\/dalton-hydro-lift-express-sheet-mask\/","title":{"rendered":"Dalton Hydro Lift Express Sheet Mask"},"content":{"rendered":"<p data-start=\"359\" data-end=\"375\"><strong data-start=\"359\" data-end=\"373\">\u041f\u0440\u0438\u043c\u0435\u043d\u0435\u043d\u0438\u0435:<\/strong><\/p>\n<ol>\n<li data-start=\"379\" data-end=\"407\">\u041e\u0447\u0438\u0441\u0442\u0438\u0442\u0435 \u0438 \u0432\u044b\u0441\u0443\u0448\u0438\u0442\u0435 \u043a\u043e\u0436\u0443 \u043b\u0438\u0446\u0430.<\/li>\n<li data-start=\"379\" data-end=\"407\">\u0420\u0430\u0437\u0432\u0435\u0440\u043d\u0438\u0442\u0435 \u043c\u0430\u0441\u043a\u0443 \u0441 \u0433\u0438\u0430\u043b\u0443\u0440\u043e\u043d\u043e\u0432\u043e\u0439 \u043a\u0438\u0441\u043b\u043e\u0442\u043e\u0439, \u0441\u043d\u0438\u043c\u0438\u0442\u0435 \u0437\u0430\u0449\u0438\u0442\u043d\u0443\u044e \u043f\u043b\u0451\u043d\u043a\u0443 \u0441 \u043e\u0434\u043d\u043e\u0439 \u0441\u0442\u043e\u0440\u043e\u043d\u044b \u0438 \u0440\u0430\u0437\u043c\u0435\u0441\u0442\u0438\u0442\u0435 \u044d\u0442\u0443 \u043f\u043e\u043b\u043e\u0432\u0438\u043d\u0443 \u043d\u0430 \u043b\u0438\u0446\u0435, \u0437\u0430\u0442\u0435\u043c \u0441\u043d\u0438\u043c\u0438\u0442\u0435 \u043f\u043b\u0451\u043d\u043a\u0443 \u0441 \u0434\u0440\u0443\u0433\u043e\u0439 \u0441\u0442\u043e\u0440\u043e\u043d\u044b.<\/li>\n<li data-start=\"379\" data-end=\"407\">\u0414\u0435\u0440\u0436\u0438\u0442\u0435 \u043c\u0430\u0441\u043a\u0443 \u043d\u0430 \u043b\u0438\u0446\u0435 15\u201320 \u043c\u0438\u043d\u0443\u0442. \u0421\u043d\u0438\u043c\u0438\u0442\u0435 \u043c\u0430\u0441\u043a\u0443 \u0438 \u0430\u043a\u043a\u0443\u0440\u0430\u0442\u043d\u043e \u0432\u0431\u0435\u0439\u0442\u0435 \u043e\u0441\u0442\u0430\u0432\u0448\u0443\u044e\u0441\u044f \u0441\u044b\u0432\u043e\u0440\u043e\u0442\u043a\u0443 \u0432 \u043a\u043e\u0436\u0443.<\/li>\n<li data-start=\"379\" data-end=\"407\">\u0418\u0441\u043f\u043e\u043b\u044c\u0437\u0443\u0439\u0442\u0435 \u0432\u0430\u0448\u0438 \u043e\u0431\u044b\u0447\u043d\u044b\u0435 \u0441\u0440\u0435\u0434\u0441\u0442\u0432\u0430 \u043f\u043e \u0443\u0445\u043e\u0434\u0443 \u0437\u0430 \u043a\u043e\u0436\u0435\u0439 \u0432 \u0441\u043e\u043e\u0442\u0432\u0435\u0442\u0441\u0442\u0432\u0438\u0438 \u0441 \u0432\u0430\u0448\u0438\u043c \u0442\u0438\u043f\u043e\u043c \u043a\u043e\u0436\u0438. \u0414\u043b\u044f \u043d\u0430\u0438\u043b\u0443\u0447\u0448\u0435\u0433\u043e \u0440\u0435\u0437\u0443\u043b\u044c\u0442\u0430\u0442\u0430 \u0438\u0441\u043f\u043e\u043b\u044c\u0437\u0443\u0439\u0442\u0435 \u0443\u0432\u043b\u0430\u0436\u043d\u044f\u044e\u0449\u0443\u044e \u043c\u0430\u0441\u043a\u0443 \u0434\u043b\u044f \u043b\u0438\u0446\u0430 1\u20132 \u0440\u0430\u0437\u0430 \u0432 \u043d\u0435\u0434\u0435\u043b\u044e.<\/li>\n<li style=\"list-style-type: none;\"><\/li>\n<\/ol>\n<p data-start=\"0\" data-end=\"333\">\u041f\u043e\u0434\u0442\u044f\u0433\u0438\u0432\u0430\u044e\u0449\u0430\u044f \u0438 \u0432\u043e\u0441\u0441\u0442\u0430\u043d\u0430\u0432\u043b\u0438\u0432\u0430\u044e\u0449\u0430\u044f \u043c\u0430\u0441\u043a\u0430 \u0441 \u0433\u0438\u0430\u043b\u0443\u0440\u043e\u043d\u043e\u0432\u043e\u0439 \u043a\u0438\u0441\u043b\u043e\u0442\u043e\u0439 \u043e\u0442 Dalton \u0441\u043e\u0447\u0435\u0442\u0430\u0435\u0442 \u0438\u043d\u0442\u0435\u043d\u0441\u0438\u0432\u043d\u043e\u0435 \u0443\u0432\u043b\u0430\u0436\u043d\u0435\u043d\u0438\u0435 \u0441 \u043c\u0433\u043d\u043e\u0432\u0435\u043d\u043d\u044b\u043c \u0430\u043d\u0442\u0438\u0432\u043e\u0437\u0440\u0430\u0441\u0442\u043d\u044b\u043c \u044d\u0444\u0444\u0435\u043a\u0442\u043e\u043c. \u041c\u0430\u0441\u043a\u0430 \u0441\u043e\u0434\u0435\u0440\u0436\u0438\u0442 \u0443\u043d\u0438\u043a\u0430\u043b\u044c\u043d\u044b\u0439 Celumer Marine Extract \u0438 \u044d\u043a\u0441\u0442\u0440\u0430\u043a\u0442 \u043f\u043b\u0430\u043d\u043a\u0442\u043e\u043d\u0430, \u043a\u043e\u0442\u043e\u0440\u044b\u0435 \u0443\u043c\u0435\u043d\u044c\u0448\u0430\u044e\u0442 \u0433\u043b\u0443\u0431\u0438\u043d\u0443 \u043c\u043e\u0440\u0449\u0438\u043d \u0434\u043e 16% \u0432\u0441\u0435\u0433\u043e \u0437\u0430 15 \u043c\u0438\u043d\u0443\u0442. \u041a\u043e\u0440\u043e\u0442\u043a\u043e- \u0438 \u0434\u043b\u0438\u043d\u043d\u043e\u0446\u0435\u043f\u043e\u0447\u0435\u0447\u043d\u044b\u0435 \u0433\u0438\u0430\u043b\u0443\u0440\u043e\u043d\u043e\u0432\u044b\u0435 \u043a\u0438\u0441\u043b\u043e\u0442\u044b \u043e\u0431\u0435\u0441\u043f\u0435\u0447\u0438\u0432\u0430\u044e\u0442 \u0433\u043b\u0443\u0431\u043e\u043a\u043e\u0435 \u0438 \u043f\u0440\u043e\u0434\u043e\u043b\u0436\u0438\u0442\u0435\u043b\u044c\u043d\u043e\u0435 \u0443\u0432\u043b\u0430\u0436\u043d\u0435\u043d\u0438\u0435 \u0441\u0443\u0445\u043e\u0439 \u043a\u043e\u0436\u0438.<\/p>\n<p data-start=\"335\" data-end=\"670\">\u041c\u0430\u0441\u043a\u0430 \u0441 \u0433\u0438\u0430\u043b\u0443\u0440\u043e\u043d\u043e\u0432\u043e\u0439 \u043a\u0438\u0441\u043b\u043e\u0442\u043e\u0439 \u0438\u0437\u0433\u043e\u0442\u043e\u0432\u043b\u0435\u043d\u0430 \u0438\u0437 \u0443\u0441\u0442\u043e\u0439\u0447\u0438\u0432\u043e\u0433\u043e \u043c\u0430\u0442\u0435\u0440\u0438\u0430\u043b\u0430, \u043f\u043e\u043b\u0443\u0447\u0435\u043d\u043d\u043e\u0433\u043e \u0438\u0437 \u043a\u043e\u043a\u043e\u0441\u043e\u0432\u043e\u0433\u043e \u043c\u043e\u043b\u043e\u043a\u0430 \u0438 \u0432\u043e\u043b\u043e\u043a\u043e\u043d. \u041e\u043d\u0430 \u043f\u043e\u0432\u0442\u043e\u0440\u044f\u0435\u0442 \u043a\u043e\u043d\u0442\u0443\u0440\u044b \u043b\u0438\u0446\u0430, \u043a\u0430\u043a \u0432\u0442\u043e\u0440\u0430\u044f \u043a\u043e\u0436\u0430, \u043f\u043e\u0437\u0432\u043e\u043b\u044f\u044f \u0430\u043a\u0442\u0438\u0432\u043d\u044b\u043c \u0438\u043d\u0433\u0440\u0435\u0434\u0438\u0435\u043d\u0442\u0430\u043c \u043b\u0443\u0447\u0448\u0435 \u0432\u043f\u0438\u0442\u044b\u0432\u0430\u0442\u044c\u0441\u044f. \u041c\u0430\u0441\u043a\u0430 \u0440\u0430\u0437\u0433\u043b\u0430\u0436\u0438\u0432\u0430\u0435\u0442 \u0438 \u043f\u043e\u0434\u0442\u044f\u0433\u0438\u0432\u0430\u0435\u0442 \u043a\u043e\u0436\u0443, \u0441\u043c\u044f\u0433\u0447\u0430\u0435\u0442 \u043c\u0435\u043b\u043a\u0438\u0435 \u043c\u043e\u0440\u0449\u0438\u043d\u044b \u0438 \u0441\u043a\u043b\u0430\u0434\u043a\u0438, \u043f\u0440\u0438\u0434\u0430\u0432\u0430\u044f \u043a\u043e\u0436\u0435 \u0431\u043e\u043b\u0435\u0435 \u0443\u043f\u0440\u0443\u0433\u0438\u0439 \u0438 \u0448\u0435\u043b\u043a\u043e\u0432\u0438\u0441\u0442\u044b\u0439 \u0432\u0438\u0434.<\/p>\n<p data-start=\"672\" data-end=\"742\">\u0423\u0432\u043b\u0430\u0436\u043d\u044f\u044e\u0449\u0443\u044e \u043c\u0430\u0441\u043a\u0443 \u0441 \u0433\u0438\u0430\u043b\u0443\u0440\u043e\u043d\u043e\u0432\u043e\u0439 \u043a\u0438\u0441\u043b\u043e\u0442\u043e\u0439 \u043c\u043e\u0436\u043d\u043e \u0441\u043e\u0447\u0435\u0442\u0430\u0442\u044c \u0441\u043e \u0432\u0441\u0435\u043c\u0438 \u0441\u0440\u0435\u0434\u0441\u0442\u0432\u0430\u043c\u0438 \u043f\u043e \u0443\u0445\u043e\u0434\u0443 \u0437\u0430 \u043a\u043e\u0436\u0435\u0439 DALTON.<\/p>\n<p data-start=\"744\" data-end=\"890\" data-is-last-node=\"\" data-is-only-node=\"\">*\u0423\u0441\u043b\u043e\u0432\u0438\u044f \u0442\u0435\u0441\u0442\u0438\u0440\u043e\u0432\u0430\u043d\u0438\u044f: \u0443\u0447\u0430\u0441\u0442\u043d\u0438\u043a\u0438 \u0432 \u0432\u043e\u0437\u0440\u0430\u0441\u0442\u0435 50\u201365 \u043b\u0435\u0442 \u0438\u0441\u043f\u043e\u043b\u044c\u0437\u043e\u0432\u0430\u043b\u0438 \u043c\u0430\u0441\u043a\u0443 \u043e\u0434\u043d\u043e\u043a\u0440\u0430\u0442\u043d\u043e \u0432 \u0442\u0435\u0447\u0435\u043d\u0438\u0435 15 \u043c\u0438\u043d\u0443\u0442 \u043d\u0430 \u043b\u0438\u0446\u0435. \u0418\u0441\u0441\u043b\u0435\u0434\u043e\u0432\u0430\u043d\u0438\u0435 \u044d\u0444\u0444\u0435\u043a\u0442\u0438\u0432\u043d\u043e\u0441\u0442\u0438 \u043f\u0440\u043e\u0432\u043e\u0434\u0438\u043b\u043e\u0441\u044c in vivo.<\/p>\n<p data-start=\"623\" data-end=\"768\" data-is-last-node=\"\"><strong>\u0421\u043e\u0441\u0442\u0430\u0432:<br \/>\n<\/strong>Aqua\/Water, Glycerin, Propylene Glycol, Sorbitol, Pentylene Glycol, Maris Aqua\/Sea Water, Spirulina Maxima Extract, Algae Extract\/Alaria Esculenta Extract, Maris Limus Extract\/Sea Silt Extract, Saccharide Isomerate, Ostrea Shell Extract\/Oyster Shell Extract, Caviar Extract, Alteromonas Ferment Extract, Sodium Hyaluronate, Biotin, Scleroglucan\/Sclerotium Gum, Phenoxyethanol, Tetrasodium Glutamate Diacetate, Sodium Hydroxide, Ethylhexylglycerin, Potassium Sorbate, Acrylates\/C10-30 Alkyl Acrylate Crosspolymer, Caprylic\/Capric Triglyceride<\/p>","protected":false},"excerpt":{"rendered":"<p>\u0423\u0432\u043b\u0430\u0436\u043d\u044f\u044e\u0449\u0430\u044f \u0438 \u043f\u0440\u0438\u0434\u0430\u044e\u0449\u0430\u044f \u0443\u043f\u0440\u0443\u0433\u043e\u0441\u0442\u044c \u043c\u0430\u0441\u043a\u0430 \u0441 \u0433\u0438\u0430\u043b\u0443\u0440\u043e\u043d\u043e\u0432\u043e\u0439 \u043a\u0438\u0441\u043b\u043e\u0442\u043e\u0439<\/p>\n<p class=\"translation-block\"><strong>\u041f\u0440\u0435\u0438\u043c\u0443\u0449\u0435\u0441\u0442\u0432\u0430 \u043f\u0440\u043e\u0434\u0443\u043a\u0442\u0430<br><\/strong>\n\u0421\u043d\u0438\u0436\u0430\u0435\u0442 \u0433\u043b\u0443\u0431\u0438\u043d\u0443 \u043c\u043e\u0440\u0449\u0438\u043d \u0434\u043e 16%* \u0432\u0441\u0435\u0433\u043e \u0437\u0430 15 \u043c\u0438\u043d\u0443\u0442<br>\n\u0423\u043a\u0440\u0435\u043f\u043b\u044f\u044e\u0449\u0430\u044f \u0438 \u0430\u043d\u0442\u0438\u0432\u043e\u0437\u0440\u0430\u0441\u0442\u043d\u0430\u044f \u043c\u0430\u0441\u043a\u0430<br>\n\u041e\u0431\u0435\u0441\u043f\u0435\u0447\u0438\u0432\u0430\u0435\u0442 \u0438\u043d\u0442\u0435\u043d\u0441\u0438\u0432\u043d\u043e\u0435 \u0443\u0432\u043b\u0430\u0436\u043d\u0435\u043d\u0438\u0435<br>\n\u041b\u0451\u0433\u043a\u0430\u044f \u0442\u043a\u0430\u043d\u0435\u0432\u0430\u044f \u043c\u0430\u0441\u043a\u0430 \u0441 \u0433\u0438\u0430\u043b\u0443\u0440\u043e\u043d\u043e\u0432\u043e\u0439 \u043a\u0438\u0441\u043b\u043e\u0442\u043e\u0439, \u0438\u0437\u0433\u043e\u0442\u043e\u0432\u043b\u0435\u043d\u043d\u0430\u044f \u0438\u0437 \u0443\u0441\u0442\u043e\u0439\u0447\u0438\u0432\u043e\u0433\u043e \u0431\u0438\u043e\u0446\u0435\u043b\u043b\u044e\u043b\u043e\u0437\u043d\u043e\u0433\u043e \u043c\u0430\u0442\u0435\u0440\u0438\u0430\u043b\u0430<br>\n\u0421\u043e\u0434\u0435\u0440\u0436\u0438\u0442 \u043f\u043b\u0430\u043d\u043a\u0442\u043e\u043d \u0438 \u0433\u0438\u0430\u043b\u0443\u0440\u043e\u043d\u043e\u0432\u0443\u044e \u043a\u0438\u0441\u043b\u043e\u0442\u0443<br>\n\u0411\u0435\u0437 \u0437\u0430\u043f\u0430\u0445\u0430<br><\/p>","protected":false},"featured_media":7153,"comment_status":"closed","ping_status":"closed","template":"","meta":{"_uag_custom_page_level_css":"","site-sidebar-layout":"default","site-content-layout":"","ast-site-content-layout":"default","site-content-style":"default","site-sidebar-style":"default","ast-global-header-display":"","ast-banner-title-visibility":"","ast-main-header-display":"","ast-hfb-above-header-display":"","ast-hfb-below-header-display":"","ast-hfb-mobile-header-display":"","site-post-title":"","ast-breadcrumbs-content":"","ast-featured-img":"","footer-sml-layout":"","ast-disable-related-posts":"","theme-transparent-header-meta":"default","adv-header-id-meta":"","stick-header-meta":"","header-above-stick-meta":"","header-main-stick-meta":"","header-below-stick-meta":"","astra-migrate-meta-layouts":"set","ast-page-background-enabled":"default","ast-page-background-meta":{"desktop":{"background-color":"var(--ast-global-color-4)","background-image":"","background-repeat":"repeat","background-position":"center center","background-size":"auto","background-attachment":"scroll","background-type":"","background-media":"","overlay-type":"","overlay-color":"","overlay-opacity":"","overlay-gradient":""},"tablet":{"background-color":"","background-image":"","background-repeat":"repeat","background-position":"center center","background-size":"auto","background-attachment":"scroll","background-type":"","background-media":"","overlay-type":"","overlay-color":"","overlay-opacity":"","overlay-gradient":""},"mobile":{"background-color":"","background-image":"","background-repeat":"repeat","background-position":"center center","background-size":"auto","background-attachment":"scroll","background-type":"","background-media":"","overlay-type":"","overlay-color":"","overlay-opacity":"","overlay-gradient":""}},"ast-content-background-meta":{"desktop":{"background-color":"var(--ast-global-color-5)","background-image":"","background-repeat":"repeat","background-position":"center center","background-size":"auto","background-attachment":"scroll","background-type":"","background-media":"","overlay-type":"","overlay-color":"","overlay-opacity":"","overlay-gradient":""},"tablet":{"background-color":"var(--ast-global-color-5)","background-image":"","background-repeat":"repeat","background-position":"center center","background-size":"auto","background-attachment":"scroll","background-type":"","background-media":"","overlay-type":"","overlay-color":"","overlay-opacity":"","overlay-gradient":""},"mobile":{"background-color":"var(--ast-global-color-5)","background-image":"","background-repeat":"repeat","background-position":"center center","background-size":"auto","background-attachment":"scroll","background-type":"","background-media":"","overlay-type":"","overlay-color":"","overlay-opacity":"","overlay-gradient":""}}},"product_brand":[],"product_cat":[125,97],"product_tag":[],"class_list":{"0":"post-7158","1":"product","2":"type-product","3":"status-publish","4":"has-post-thumbnail","6":"product_cat-dalton","7":"product_cat-naole","8":"desktop-align-left","9":"tablet-align-left","10":"mobile-align-left","12":"first","13":"onbackorder","14":"taxable","15":"shipping-taxable","16":"product-type-simple","17":"add-to-wishlist-before_image"},"uagb_featured_image_src":{"full":["https:\/\/kosmeetika24.com\/wp-content\/uploads\/2025\/11\/4054621560357.webp",540,540,false],"thumbnail":["https:\/\/kosmeetika24.com\/wp-content\/uploads\/2025\/11\/4054621560357-150x150.webp",150,150,true],"medium":["https:\/\/kosmeetika24.com\/wp-content\/uploads\/2025\/11\/4054621560357-300x300.webp",300,300,true],"medium_large":["https:\/\/kosmeetika24.com\/wp-content\/uploads\/2025\/11\/4054621560357.webp",540,540,false],"large":["https:\/\/kosmeetika24.com\/wp-content\/uploads\/2025\/11\/4054621560357.webp",540,540,false],"1536x1536":["https:\/\/kosmeetika24.com\/wp-content\/uploads\/2025\/11\/4054621560357.webp",540,540,false],"2048x2048":["https:\/\/kosmeetika24.com\/wp-content\/uploads\/2025\/11\/4054621560357.webp",540,540,false],"trp-custom-language-flag":["https:\/\/kosmeetika24.com\/wp-content\/uploads\/2025\/11\/4054621560357-12x12.webp",12,12,true],"woocommerce_thumbnail":["https:\/\/kosmeetika24.com\/wp-content\/uploads\/2025\/11\/4054621560357-300x300.webp",300,300,true],"woocommerce_single":["https:\/\/kosmeetika24.com\/wp-content\/uploads\/2025\/11\/4054621560357-500x500.webp",500,500,true],"woocommerce_gallery_thumbnail":["https:\/\/kosmeetika24.com\/wp-content\/uploads\/2025\/11\/4054621560357-100x100.webp",100,100,true]},"uagb_author_info":{"display_name":"admin","author_link":"https:\/\/kosmeetika24.com\/ru\/author\/"},"uagb_comment_info":0,"uagb_excerpt":"Niisutav ja t\u00e4idlust andev h\u00fcaluroonhappe mask Toote eelised V\u00e4hendab kortsude s\u00fcgavust kuni 16%* juba 15 minutiga Nahka pinguldav ja kortsudevastane mask Pakub intensiivset niisutust Kerge tekstuuriga h\u00fcaluroonhappe kangasmask, valmistatud j\u00e4tkusuutlikust bio-tselluloosist Sisaldab planktonit ja h\u00fcaluroonhapet L\u00f5hnavaba","_links":{"self":[{"href":"https:\/\/kosmeetika24.com\/ru\/wp-json\/wp\/v2\/product\/7158","targetHints":{"allow":["GET"]}}],"collection":[{"href":"https:\/\/kosmeetika24.com\/ru\/wp-json\/wp\/v2\/product"}],"about":[{"href":"https:\/\/kosmeetika24.com\/ru\/wp-json\/wp\/v2\/types\/product"}],"replies":[{"embeddable":true,"href":"https:\/\/kosmeetika24.com\/ru\/wp-json\/wp\/v2\/comments?post=7158"}],"version-history":[{"count":1,"href":"https:\/\/kosmeetika24.com\/ru\/wp-json\/wp\/v2\/product\/7158\/revisions"}],"predecessor-version":[{"id":7159,"href":"https:\/\/kosmeetika24.com\/ru\/wp-json\/wp\/v2\/product\/7158\/revisions\/7159"}],"wp:featuredmedia":[{"embeddable":true,"href":"https:\/\/kosmeetika24.com\/ru\/wp-json\/wp\/v2\/media\/7153"}],"wp:attachment":[{"href":"https:\/\/kosmeetika24.com\/ru\/wp-json\/wp\/v2\/media?parent=7158"}],"wp:term":[{"taxonomy":"product_brand","embeddable":true,"href":"https:\/\/kosmeetika24.com\/ru\/wp-json\/wp\/v2\/product_brand?post=7158"},{"taxonomy":"product_cat","embeddable":true,"href":"https:\/\/kosmeetika24.com\/ru\/wp-json\/wp\/v2\/product_cat?post=7158"},{"taxonomy":"product_tag","embeddable":true,"href":"https:\/\/kosmeetika24.com\/ru\/wp-json\/wp\/v2\/product_tag?post=7158"}],"curies":[{"name":"wp","href":"https:\/\/api.w.org\/{rel}","templated":true}]}}