{"id":7129,"date":"2025-11-06T17:29:07","date_gmt":"2025-11-06T14:29:07","guid":{"rendered":"https:\/\/kosmeetika24.com\/?post_type=product&#038;p=7129"},"modified":"2026-01-12T12:11:23","modified_gmt":"2026-01-12T09:11:23","slug":"dalton-redness-control-anti-redness-cream-light","status":"publish","type":"product","link":"https:\/\/kosmeetika24.com\/ru\/product\/dalton-redness-control-anti-redness-cream-light\/","title":{"rendered":"Dalton \u2013 Redness Control \u2013 Anti-Redness Cream Light"},"content":{"rendered":"<p><strong>\u041f\u0440\u0438\u043c\u0435\u043d\u0435\u043d\u0438\u0435:<\/strong><\/p>\n<p>\u041d\u0430\u043d\u043e\u0441\u0438\u0442\u0435 \u0443\u0442\u0440\u043e\u043c \u0438 \u0432\u0435\u0447\u0435\u0440\u043e\u043c \u043d\u0430 \u043e\u0447\u0438\u0449\u0435\u043d\u043d\u044b\u0435 \u043b\u0438\u0446\u043e, \u0448\u0435\u044e \u0438 \u0434\u0435\u043a\u043e\u043b\u044c\u0442\u0435, \u043c\u044f\u0433\u043a\u043e \u043c\u0430\u0441\u0441\u0438\u0440\u0443\u044f.<\/p>\n<p><strong>\u041e\u043f\u0438\u0441\u0430\u043d\u0438\u0435 \u043f\u0440\u043e\u0434\u0443\u043a\u0442\u0430:<\/strong><\/p>\n<p>\u0423\u0432\u043b\u0430\u0436\u043d\u044f\u044e\u0449\u0438\u0439 \u043a\u0440\u0435\u043c, \u0441\u043d\u0438\u0436\u0430\u044e\u0449\u0438\u0439 \u043f\u043e\u043a\u0440\u0430\u0441\u043d\u0435\u043d\u0438\u0435, \u0438\u043c\u0435\u0435\u0442 \u043e\u0447\u0435\u043d\u044c \u043b\u0451\u0433\u043a\u0443\u044e \u0438 \u0431\u044b\u0441\u0442\u0440\u043e \u0432\u043f\u0438\u0442\u044b\u0432\u0430\u044e\u0449\u0443\u044e\u0441\u044f \u0442\u0435\u043a\u0441\u0442\u0443\u0440\u0443, \u0447\u0442\u043e \u0434\u0435\u043b\u0430\u0435\u0442 \u0435\u0433\u043e \u043e\u0441\u043e\u0431\u0435\u043d\u043d\u043e \u043f\u043e\u0434\u0445\u043e\u0434\u044f\u0449\u0438\u043c \u0434\u043b\u044f \u0436\u0438\u0440\u043d\u043e\u0439 \u0438 \u043a\u043e\u043c\u0431\u0438\u043d\u0438\u0440\u043e\u0432\u0430\u043d\u043d\u043e\u0439 \u043a\u043e\u0436\u0438, \u0441\u043a\u043b\u043e\u043d\u043d\u043e\u0439 \u043a \u043f\u043e\u043a\u0440\u0430\u0441\u043d\u0435\u043d\u0438\u044e \u0438 \u0441\u043e\u0441\u0443\u0434\u0438\u0441\u0442\u044b\u043c \u0441\u0435\u0442\u043e\u0447\u043a\u0430\u043c \u043d\u0430 \u043b\u0438\u0446\u0435. \u041e\u043d \u0443\u0432\u043b\u0430\u0436\u043d\u044f\u0435\u0442 \u043a\u043e\u0436\u0443, \u043e\u0434\u043d\u043e\u0432\u0440\u0435\u043c\u0435\u043d\u043d\u043e \u043c\u0438\u043d\u0438\u043c\u0438\u0437\u0438\u0440\u0443\u044f \u0432\u0438\u0434\u0438\u043c\u043e\u0441\u0442\u044c \u0440\u0430\u0441\u0448\u0438\u0440\u0435\u043d\u043d\u044b\u0445 \u0441\u043e\u0441\u0443\u0434\u043e\u0432 \u0438 \u043a\u0430\u043f\u0438\u043b\u043b\u044f\u0440\u043e\u0432. \u0411\u043b\u0430\u0433\u043e\u0434\u0430\u0440\u044f \u043d\u0430\u0448\u0435\u043c\u0443 5-\u0442\u0440\u0430\u0432\u044f\u043d\u043e\u043c\u0443 \u0441\u043e\u0441\u0442\u0430\u0432\u0443 (\u043a\u043e\u043d\u0441\u043a\u0438\u0439 \u043a\u0430\u0448\u0442\u0430\u043d, \u043c\u0438\u0440\u0442 \u043c\u044f\u0441\u043d\u0438\u043a\u0430, \u043a\u043e\u0440\u0435\u043d\u044c \u0441\u043e\u043b\u043e\u0434\u043a\u0438, \u043a\u0430\u043b\u0435\u043d\u0434\u0443\u043b\u0430, \u0446\u0435\u043d\u0442\u0435\u043b\u043b\u0430 \u0430\u0437\u0438\u0430\u0442\u0441\u043a\u0430\u044f) \u0441 \u0432\u044f\u0436\u0443\u0449\u0438\u043c\u0438 \u0441\u0432\u043e\u0439\u0441\u0442\u0432\u0430\u043c\u0438, \u044d\u0442\u043e\u0442 \u043a\u0440\u0435\u043c \u0431\u0435\u0437 \u043e\u0442\u0434\u0443\u0448\u0435\u043a \u0443\u043a\u0440\u0435\u043f\u043b\u044f\u0435\u0442 \u0441\u0442\u0435\u043d\u043a\u0438 \u043a\u0430\u043f\u0438\u043b\u043b\u044f\u0440\u043e\u0432 \u0438 \u0441\u043e\u0435\u0434\u0438\u043d\u0438\u0442\u0435\u043b\u044c\u043d\u0443\u044e \u0442\u043a\u0430\u043d\u044c, \u0441\u043d\u0438\u0436\u0430\u044f \u043a\u043e\u043b\u0438\u0447\u0435\u0441\u0442\u0432\u043e \u0440\u0430\u0437\u043e\u0440\u0432\u0430\u043d\u043d\u044b\u0445 \u043a\u0430\u043f\u0438\u043b\u043b\u044f\u0440\u043e\u0432 \u043d\u0430 \u043b\u0438\u0446\u0435 \u043d\u0430 21% \u0438 \u043f\u043e\u043a\u0440\u0430\u0441\u043d\u0435\u043d\u0438\u0435 \u043a\u043e\u0436\u0438 \u043d\u0430 35%* \u2013 \u0434\u043b\u044f \u0441\u043f\u043e\u043a\u043e\u0439\u043d\u043e\u0433\u043e \u0438 \u0440\u043e\u0432\u043d\u043e\u0433\u043e \u0442\u043e\u043d\u0430 \u043b\u0438\u0446\u0430. \u0410\u043b\u043b\u0430\u043d\u0442\u043e\u0438\u043d \u0443\u0441\u043f\u043e\u043a\u0430\u0438\u0432\u0430\u0435\u0442 \u043a\u043e\u0436\u0443, \u0430 \u043c\u043e\u0447\u0435\u0432\u0438\u043d\u0430 \u043f\u043e\u043c\u043e\u0433\u0430\u0435\u0442 \u0443\u0434\u0435\u0440\u0436\u0438\u0432\u0430\u0442\u044c \u0432\u043b\u0430\u0433\u0443.<\/p>\n<p>\u0412 \u043d\u0435\u043a\u043e\u0442\u043e\u0440\u044b\u0445 \u0441\u043b\u0443\u0447\u0430\u044f\u0445 \u043a\u0443\u043f\u0435\u0440\u043e\u0437 \u043c\u043e\u0436\u0435\u0442 \u043f\u0435\u0440\u0435\u0439\u0442\u0438 \u0432 \u0440\u043e\u0437\u0430\u0446\u0435\u0430 \u2014 \u043a\u043e\u0436\u043d\u043e\u0435 \u0437\u0430\u0431\u043e\u043b\u0435\u0432\u0430\u043d\u0438\u0435, \u0432\u044b\u0437\u044b\u0432\u0430\u044e\u0449\u0435\u0435 \u0445\u0440\u043e\u043d\u0438\u0447\u0435\u0441\u043a\u043e\u0435 \u0432\u043e\u0441\u043f\u0430\u043b\u0435\u043d\u0438\u0435 \u0438 \u0441\u0438\u043b\u044c\u043d\u043e\u0435 \u043f\u043e\u043a\u0440\u0430\u0441\u043d\u0435\u043d\u0438\u0435 \u043b\u0438\u0446\u0430. \u0417\u0430\u0431\u043e\u0442\u044c\u0442\u0435\u0441\u044c \u043e \u043a\u043e\u0436\u0435 \u0437\u0430\u0440\u0430\u043d\u0435\u0435 \u0438 \u0438\u0441\u043f\u043e\u043b\u044c\u0437\u0443\u0439\u0442\u0435 \u0443\u0441\u043f\u043e\u043a\u0430\u0438\u0432\u0430\u044e\u0449\u0438\u0435 \u0441\u0440\u0435\u0434\u0441\u0442\u0432\u0430, \u043a\u043e\u0442\u043e\u0440\u044b\u0435 \u0443\u043a\u0440\u0435\u043f\u043b\u044f\u044e\u0442 \u043a\u0430\u043f\u0438\u043b\u043b\u044f\u0440\u044b.<\/p>\n<p><i>\u0423\u0441\u043b\u043e\u0432\u0438\u044f \u0442\u0435\u0441\u0442\u0430: \u0418\u0441\u043f\u044b\u0442\u0443\u0435\u043c\u044b\u0435 \u0441 \u0432\u0438\u0434\u0438\u043c\u044b\u043c \u043a\u0443\u043f\u0435\u0440\u043e\u0437\u043e\u043c; \u043d\u0430\u043d\u0435\u0441\u0435\u043d\u0438\u0435 \u044d\u043c\u0443\u043b\u044c\u0441\u0438\u043e\u043d\u043d\u043e\u0433\u043e \u043f\u0440\u0435\u043f\u0430\u0440\u0430\u0442\u0430 \u0438 \u043f\u043b\u0430\u0446\u0435\u0431\u043e (\u0438\u0441\u0441\u043b\u0435\u0434\u043e\u0432\u0430\u043d\u0438\u0435 \u043d\u0430 \u043f\u043e\u043b\u043e\u0432\u0438\u043d\u0435 \u043b\u0438\u0446\u0430) \u0432 \u0442\u0435\u0447\u0435\u043d\u0438\u0435 14 \u0434\u043d\u0435\u0439. \u0418\u0441\u0441\u043b\u0435\u0434\u043e\u0432\u0430\u043d\u0438\u0435 \u043f\u0440\u043e\u0432\u0435\u0434\u0435\u043d\u043e in vivo.<\/i><\/p>\n<p><strong>\u0421\u043e\u0441\u0442\u0430\u0432<br \/>\n<\/strong>Aqua\/Water, Glyceryl Stearate Citrate, Caprylic\/Capric Triglyceride, Butylene Glycol, Cyclopentasiloxane, Sorbitol, Panthenol, Cyclohexasiloxane, Myristyl Alcohol, Simmondsia Chinensis (Jojoba) Seed Oil, Maris Aqua\/Sea Water, Centella Asiatica Leaf Extract, Calendula Officinalis Flower Extract, Ruscus Aculeatus Root Extract, Ammonium Glycyrrhizate, Escin, Hydrolyzed Yeast Protein, Allantoin, Butyrospermum Parkii (Shea) Butter, Bisabolol, Tocopherol, Serine, Urea, TEA-Lactate, Sodium Benzoate, Sodium Lactate, Lactic Acid, Citric Acid, Phenoxyethanol, Xanthan Gum, Ethylhexylglycerin, Cetearyl Alcohol, Sodium Sulfate, Sodium Citrate, Glycerin, Sodium Hydroxide, Sodium Chloride, Tetrasodium Glutamate Diacetate, Caprylyl Glycol, Hydrogenated Palm Glycerides Citrate, Blue 1 (CI 42090)<\/p>\n<p>698.-\u20ac\/l<\/p>","protected":false},"excerpt":{"rendered":"<p>\u041b\u0451\u0433\u043a\u0438\u0439 \u043a\u0440\u0435\u043c \u0434\u043b\u044f \u043b\u0438\u0446\u0430 \u0434\u043b\u044f \u043a\u043e\u0436\u0438, \u0441\u043a\u043b\u043e\u043d\u043d\u043e\u0439 \u043a \u043f\u043e\u043a\u0440\u0430\u0441\u043d\u0435\u043d\u0438\u044e, \u043a\u0443\u043f\u0435\u0440\u043e\u0437\u0443 \u0438 \u0440\u043e\u0437\u0430\u0446\u0435\u0430<\/p>\n<p class=\"translation-block\"><strong>\u041f\u0440\u0435\u0438\u043c\u0443\u0449\u0435\u0441\u0442\u0432\u0430 \u043f\u0440\u043e\u0434\u0443\u043a\u0442\u0430:<br><\/strong>\n\u0421\u043d\u0438\u0436\u0430\u0435\u0442 \u043f\u043e\u043a\u0440\u0430\u0441\u043d\u0435\u043d\u0438\u0435 \u043a\u043e\u0436\u0438 \u043b\u0438\u0446\u0430 \u0434\u043e 35%<br>\n\u041b\u0451\u0433\u043a\u0430\u044f \u0442\u0435\u043a\u0441\u0442\u0443\u0440\u0430 \u043a\u0440\u0435\u043c\u0430<br>\n\u0421\u0442\u0430\u0431\u0438\u043b\u0438\u0437\u0438\u0440\u0443\u0435\u0442 \u0438 \u0443\u0441\u043f\u043e\u043a\u0430\u0438\u0432\u0430\u0435\u0442 \u043a\u043e\u0436\u0443<br>\n\u0421\u043d\u0438\u0436\u0430\u0435\u0442 \u0432\u0438\u0434\u0438\u043c\u043e\u0441\u0442\u044c \u043a\u0440\u0430\u0441\u043d\u044b\u0445 \u043a\u0440\u043e\u0432\u0435\u043d\u043e\u0441\u043d\u044b\u0445 \u0441\u043e\u0441\u0443\u0434\u043e\u0432 \u043d\u0430 21%<br>\n\u0421 \u0430\u043b\u043b\u0430\u043d\u0442\u043e\u0438\u043d\u043e\u043c, \u043c\u043e\u0447\u0435\u0432\u0438\u043d\u043e\u0439 \u0438 \u044d\u043a\u0441\u0442\u0440\u0430\u043a\u0442\u043e\u043c \u0434\u0440\u043e\u0436\u0436\u0435\u0439<br>\n\u0411\u0435\u0437 \u043e\u0442\u0434\u0443\u0448\u0435\u043a, \u043c\u0438\u043a\u0440\u043e\u043f\u043b\u0430\u0441\u0442\u0438\u043a\u0430, \u041f\u042d\u0413, \u043c\u0438\u043d\u0435\u0440\u0430\u043b\u044c\u043d\u044b\u0445 \u043c\u0430\u0441\u0435\u043b \u0438 \u043f\u0430\u0440\u0430\u0431\u0435\u043d\u043e\u0432<br>\n\u0414\u043b\u044f \u043a\u043e\u0436\u0438, \u0441\u043a\u043b\u043e\u043d\u043d\u043e\u0439 \u043a \u043a\u0443\u043f\u0435\u0440\u043e\u0437\u0443<br>\n95% \u043d\u0430\u0442\u0443\u0440\u0430\u043b\u044c\u043d\u044b\u0445 \u0438\u043d\u0433\u0440\u0435\u0434\u0438\u0435\u043d\u0442\u043e\u0432<\/p>","protected":false},"featured_media":7140,"comment_status":"closed","ping_status":"closed","template":"","meta":{"_uag_custom_page_level_css":"","site-sidebar-layout":"default","site-content-layout":"","ast-site-content-layout":"default","site-content-style":"default","site-sidebar-style":"default","ast-global-header-display":"","ast-banner-title-visibility":"","ast-main-header-display":"","ast-hfb-above-header-display":"","ast-hfb-below-header-display":"","ast-hfb-mobile-header-display":"","site-post-title":"","ast-breadcrumbs-content":"","ast-featured-img":"","footer-sml-layout":"","ast-disable-related-posts":"","theme-transparent-header-meta":"default","adv-header-id-meta":"","stick-header-meta":"","header-above-stick-meta":"","header-main-stick-meta":"","header-below-stick-meta":"","astra-migrate-meta-layouts":"set","ast-page-background-enabled":"default","ast-page-background-meta":{"desktop":{"background-color":"var(--ast-global-color-4)","background-image":"","background-repeat":"repeat","background-position":"center center","background-size":"auto","background-attachment":"scroll","background-type":"","background-media":"","overlay-type":"","overlay-color":"","overlay-opacity":"","overlay-gradient":""},"tablet":{"background-color":"","background-image":"","background-repeat":"repeat","background-position":"center center","background-size":"auto","background-attachment":"scroll","background-type":"","background-media":"","overlay-type":"","overlay-color":"","overlay-opacity":"","overlay-gradient":""},"mobile":{"background-color":"","background-image":"","background-repeat":"repeat","background-position":"center center","background-size":"auto","background-attachment":"scroll","background-type":"","background-media":"","overlay-type":"","overlay-color":"","overlay-opacity":"","overlay-gradient":""}},"ast-content-background-meta":{"desktop":{"background-color":"var(--ast-global-color-5)","background-image":"","background-repeat":"repeat","background-position":"center center","background-size":"auto","background-attachment":"scroll","background-type":"","background-media":"","overlay-type":"","overlay-color":"","overlay-opacity":"","overlay-gradient":""},"tablet":{"background-color":"var(--ast-global-color-5)","background-image":"","background-repeat":"repeat","background-position":"center center","background-size":"auto","background-attachment":"scroll","background-type":"","background-media":"","overlay-type":"","overlay-color":"","overlay-opacity":"","overlay-gradient":""},"mobile":{"background-color":"var(--ast-global-color-5)","background-image":"","background-repeat":"repeat","background-position":"center center","background-size":"auto","background-attachment":"scroll","background-type":"","background-media":"","overlay-type":"","overlay-color":"","overlay-opacity":"","overlay-gradient":""}}},"product_brand":[],"product_cat":[125,97],"product_tag":[],"class_list":{"0":"post-7129","1":"product","2":"type-product","3":"status-publish","4":"has-post-thumbnail","6":"product_cat-dalton","7":"product_cat-naole","8":"desktop-align-left","9":"tablet-align-left","10":"mobile-align-left","12":"first","13":"onbackorder","14":"taxable","15":"shipping-taxable","16":"product-type-simple","17":"add-to-wishlist-before_image"},"uagb_featured_image_src":{"full":["https:\/\/kosmeetika24.com\/wp-content\/uploads\/2025\/11\/dalton_pdp_redness_control_creme_light_l7351450.avif",823,960,false],"thumbnail":["https:\/\/kosmeetika24.com\/wp-content\/uploads\/2025\/11\/dalton_pdp_redness_control_creme_light_l7351450-150x150.avif",150,150,true],"medium":["https:\/\/kosmeetika24.com\/wp-content\/uploads\/2025\/11\/dalton_pdp_redness_control_creme_light_l7351450-257x300.avif",257,300,true],"medium_large":["https:\/\/kosmeetika24.com\/wp-content\/uploads\/2025\/11\/dalton_pdp_redness_control_creme_light_l7351450-768x896.avif",768,896,true],"large":["https:\/\/kosmeetika24.com\/wp-content\/uploads\/2025\/11\/dalton_pdp_redness_control_creme_light_l7351450.avif",823,960,false],"1536x1536":["https:\/\/kosmeetika24.com\/wp-content\/uploads\/2025\/11\/dalton_pdp_redness_control_creme_light_l7351450.avif",823,960,false],"2048x2048":["https:\/\/kosmeetika24.com\/wp-content\/uploads\/2025\/11\/dalton_pdp_redness_control_creme_light_l7351450.avif",823,960,false],"trp-custom-language-flag":["https:\/\/kosmeetika24.com\/wp-content\/uploads\/2025\/11\/dalton_pdp_redness_control_creme_light_l7351450-10x12.avif",10,12,true],"woocommerce_thumbnail":["https:\/\/kosmeetika24.com\/wp-content\/uploads\/2025\/11\/dalton_pdp_redness_control_creme_light_l7351450-300x300.avif",300,300,true],"woocommerce_single":["https:\/\/kosmeetika24.com\/wp-content\/uploads\/2025\/11\/dalton_pdp_redness_control_creme_light_l7351450-500x583.avif",500,583,true],"woocommerce_gallery_thumbnail":["https:\/\/kosmeetika24.com\/wp-content\/uploads\/2025\/11\/dalton_pdp_redness_control_creme_light_l7351450-100x100.avif",100,100,true]},"uagb_author_info":{"display_name":"admin","author_link":"https:\/\/kosmeetika24.com\/ru\/author\/"},"uagb_comment_info":0,"uagb_excerpt":"Kerge n\u00e4okreem punetusele, kuperoosale ja rosaatseale kalduvale nahale Toote eelised: N\u00e4o punetuse v\u00e4hendamine kuni 35%* Kerge kreemi tekstuur Stabiliseerib ja rahustab nahka N\u00e4htavate punaste veresoonte v\u00e4henemine 21%* Allantoiini, uurea ja p\u00e4rmiekstraktiga L\u00f5hnaainete, mikroplasti, PEG-ide, mineraal\u00f5li ja parabeenide vaba Kuperoosale kalduvale nahale 95% looduslikke koostisosi","_links":{"self":[{"href":"https:\/\/kosmeetika24.com\/ru\/wp-json\/wp\/v2\/product\/7129","targetHints":{"allow":["GET"]}}],"collection":[{"href":"https:\/\/kosmeetika24.com\/ru\/wp-json\/wp\/v2\/product"}],"about":[{"href":"https:\/\/kosmeetika24.com\/ru\/wp-json\/wp\/v2\/types\/product"}],"replies":[{"embeddable":true,"href":"https:\/\/kosmeetika24.com\/ru\/wp-json\/wp\/v2\/comments?post=7129"}],"version-history":[{"count":1,"href":"https:\/\/kosmeetika24.com\/ru\/wp-json\/wp\/v2\/product\/7129\/revisions"}],"predecessor-version":[{"id":7130,"href":"https:\/\/kosmeetika24.com\/ru\/wp-json\/wp\/v2\/product\/7129\/revisions\/7130"}],"wp:featuredmedia":[{"embeddable":true,"href":"https:\/\/kosmeetika24.com\/ru\/wp-json\/wp\/v2\/media\/7140"}],"wp:attachment":[{"href":"https:\/\/kosmeetika24.com\/ru\/wp-json\/wp\/v2\/media?parent=7129"}],"wp:term":[{"taxonomy":"product_brand","embeddable":true,"href":"https:\/\/kosmeetika24.com\/ru\/wp-json\/wp\/v2\/product_brand?post=7129"},{"taxonomy":"product_cat","embeddable":true,"href":"https:\/\/kosmeetika24.com\/ru\/wp-json\/wp\/v2\/product_cat?post=7129"},{"taxonomy":"product_tag","embeddable":true,"href":"https:\/\/kosmeetika24.com\/ru\/wp-json\/wp\/v2\/product_tag?post=7129"}],"curies":[{"name":"wp","href":"https:\/\/api.w.org\/{rel}","templated":true}]}}