{"id":7126,"date":"2025-11-06T17:25:40","date_gmt":"2025-11-06T14:25:40","guid":{"rendered":"https:\/\/kosmeetika24.com\/?post_type=product&#038;p=7126"},"modified":"2026-01-12T12:12:08","modified_gmt":"2026-01-12T09:12:08","slug":"dalton-hand-care-anti-aging-hand-cream","status":"publish","type":"product","link":"https:\/\/kosmeetika24.com\/ru\/product\/dalton-hand-care-anti-aging-hand-cream\/","title":{"rendered":"Dalton \u2013 Hand Care \u2013 Anti-Aging Hand Cream"},"content":{"rendered":"<p class=\"translation-block\" data-start=\"0\" data-end=\"281\">\u0421 \u043a\u0430\u0436\u0434\u044b\u043c \u0434\u043d\u0451\u043c \u0432\u0440\u0435\u043c\u044f \u043e\u0441\u0442\u0430\u0432\u043b\u044f\u0435\u0442 \u0441\u0432\u043e\u0439 \u0441\u043b\u0435\u0434 \u043d\u0430 \u043d\u0430\u0448\u0435\u0439 \u043a\u043e\u0436\u0435 \u2013 \u043d\u0435 \u0442\u043e\u043b\u044c\u043a\u043e \u043d\u0430 \u043b\u0438\u0446\u0435, \u043d\u043e \u0438 \u043d\u0430 \u0440\u0443\u043a\u0430\u0445.<br data-start=\"82\" data-end=\"85\">\u0423\u0432\u043b\u0430\u0436\u043d\u044f\u044e\u0449\u0438\u0439 \u0430\u043d\u0442\u0438\u0432\u043e\u0437\u0440\u0430\u0441\u0442\u043d\u043e\u0439 \u043a\u0440\u0435\u043c \u0434\u043b\u044f \u0440\u0443\u043a \u0441 \u0431\u0443\u0440\u044b\u043c\u0438 \u0432\u043e\u0434\u043e\u0440\u043e\u0441\u043b\u044f\u043c\u0438 \u0438 \u0432\u0438\u0442\u0430\u043c\u0438\u043d\u043e\u043c B3 \u0443\u043c\u0435\u043d\u044c\u0448\u0430\u0435\u0442 \u0432\u0438\u0434\u0438\u043c\u043e\u0441\u0442\u044c \u0442\u0451\u043c\u043d\u044b\u0445 \u0438 \u0432\u043e\u0437\u0440\u0430\u0441\u0442\u043d\u044b\u0445 \u043f\u044f\u0442\u0435\u043d, \u043f\u0440\u0435\u0434\u043e\u0442\u0432\u0440\u0430\u0449\u0430\u0435\u0442 \u043f\u043e\u044f\u0432\u043b\u0435\u043d\u0438\u0435 \u043d\u043e\u0432\u043e\u0439 \u0433\u0438\u043f\u0435\u0440\u043f\u0438\u0433\u043c\u0435\u043d\u0442\u0430\u0446\u0438\u0438 \u0438 \u0434\u0435\u043b\u0430\u0435\u0442 \u043a\u043e\u0436\u0443 \u0431\u043e\u043b\u0435\u0435 \u0440\u043e\u0432\u043d\u043e\u0439 \u0438 \u0433\u043b\u0430\u0434\u043a\u043e\u0439.<\/p>\n<p class=\"translation-block\" data-start=\"283\" data-end=\"531\">\u041a\u0440\u0435\u043c \u043e\u0431\u043e\u0433\u0430\u0449\u0451\u043d \u043d\u0430\u0448\u0438\u043c \u0443\u043d\u0438\u043a\u0430\u043b\u044c\u043d\u044b\u043c <strong data-start=\"319\" data-end=\"346\">\u043c\u043e\u0440\u0441\u043a\u0438\u043c \u044d\u043a\u0441\u0442\u0440\u0430\u043a\u0442\u043e\u043c Celumer<\/strong>, \u043a\u043e\u0442\u043e\u0440\u044b\u0439 \u0441\u0442\u0438\u043c\u0443\u043b\u0438\u0440\u0443\u0435\u0442 \u043a\u043b\u0435\u0442\u043e\u0447\u043d\u044b\u0439 \u043c\u0435\u0442\u0430\u0431\u043e\u043b\u0438\u0437\u043c \u0438 \u0440\u0430\u0437\u0433\u043b\u0430\u0436\u0438\u0432\u0430\u0435\u0442 \u043c\u043e\u0440\u0449\u0438\u043d\u044b \u0438 \u043b\u0438\u043d\u0438\u0438.<br data-start=\"408\" data-end=\"411\">\u041f\u0438\u0442\u0430\u0442\u0435\u043b\u044c\u043d\u043e\u0435 \u0442\u0440\u0438\u043e \u2013 <strong data-start=\"425\" data-end=\"472\">\u043c\u0430\u0441\u043b\u043e \u0448\u0438, \u043c\u0430\u0441\u043b\u043e \u0441\u0435\u043c\u044f\u043d \u043a\u0430\u043b\u0435\u043d\u0434\u0443\u043b\u044b \u0438 \u043c\u0430\u0441\u043b\u043e \u0430\u0432\u043e\u043a\u0430\u0434\u043e<\/strong> \u2013 \u043f\u043e\u043c\u043e\u0433\u0430\u0435\u0442 \u0441\u043c\u044f\u0433\u0447\u0438\u0442\u044c \u0438 \u0437\u0430\u0449\u0438\u0442\u0438\u0442\u044c \u043f\u043e\u0442\u0440\u0435\u0441\u043a\u0430\u0432\u0448\u0438\u0435\u0441\u044f \u0438 \u0441\u0443\u0445\u0438\u0435 \u0440\u0443\u043a\u0438<\/p>\n<p class=\"\" data-start=\"533\" data-end=\"624\">\u042d\u0442\u043e\u0442 \u0430\u043d\u0442\u0438\u0432\u043e\u0437\u0440\u0430\u0441\u0442\u043d\u043e\u0439 \u043a\u0440\u0435\u043c \u0434\u043b\u044f \u0440\u0443\u043a \u0431\u044b\u0441\u0442\u0440\u043e \u0432\u043f\u0438\u0442\u044b\u0432\u0430\u0435\u0442\u0441\u044f, \u043d\u0435 \u043e\u0441\u0442\u0430\u0432\u043b\u044f\u044f \u043d\u0430 \u043a\u043e\u0436\u0435 \u0436\u0438\u0440\u043d\u043e\u0439 \u0438\u043b\u0438 \u043b\u0438\u043f\u043a\u043e\u0439 \u043f\u043b\u0435\u043d\u043a\u0438<\/p>\n<p class=\"translation-block\" data-start=\"351\" data-end=\"630\"><strong>\u041f\u0440\u0438\u043c\u0435\u043d\u0435\u043d\u0438\u0435:<\/strong><br>\u041d\u0430\u043d\u0435\u0441\u0438\u0442\u0435 \u043a\u043e\u043b\u0438\u0447\u0435\u0441\u0442\u0432\u043e \u043a\u0440\u0435\u043c\u0430 \u0440\u0430\u0437\u043c\u0435\u0440\u043e\u043c \u0441 \u0433\u043e\u0440\u043e\u0448\u0438\u043d\u0443 \u0438\u043b\u0438 \u0444\u0443\u043d\u0434\u0443\u043a \u043d\u0430 \u0440\u0443\u043a\u0438 \u0438 \u0430\u043a\u043a\u0443\u0440\u0430\u0442\u043d\u043e \u0432\u043e\u0442\u0440\u0438\u0442\u0435 \u0432 \u043a\u043e\u0436\u0443. \u0414\u043b\u044f \u044d\u0444\u0444\u0435\u043a\u0442\u0438\u0432\u043d\u043e\u0433\u043e \u0443\u0445\u043e\u0434\u0430 \u0437\u0430 \u043f\u0438\u0433\u043c\u0435\u043d\u0442\u043d\u044b\u043c\u0438 \u043f\u044f\u0442\u043d\u0430\u043c\u0438 \u0438 \u0433\u0438\u043f\u0435\u0440\u043f\u0438\u0433\u043c\u0435\u043d\u0442\u0430\u0446\u0438\u0435\u0439 \u043a\u0440\u0435\u043c \u043c\u043e\u0436\u043d\u043e \u0438\u0441\u043f\u043e\u043b\u044c\u0437\u043e\u0432\u0430\u0442\u044c \u043a\u0430\u043a \u043c\u0430\u0441\u043a\u0443 \u0434\u043b\u044f \u0440\u0443\u043a: \u043d\u0430\u043d\u0435\u0441\u0438\u0442\u0435 \u0431\u043e\u043b\u0435\u0435 \u0442\u043e\u043b\u0441\u0442\u044b\u0439 \u0441\u043b\u043e\u0439 \u043d\u0430 \u043a\u043e\u0436\u0443, \u043d\u0430\u0434\u0435\u043d\u044c\u0442\u0435 \u0445\u043b\u043e\u043f\u043a\u043e\u0432\u044b\u0435 \u043f\u0435\u0440\u0447\u0430\u0442\u043a\u0438 \u0438 \u043e\u0441\u0442\u0430\u0432\u044c\u0442\u0435 \u043d\u0430 15\u201320 \u043c\u0438\u043d\u0443\u0442.<\/p>\n<p class=\"translation-block\" data-start=\"632\" data-end=\"825\"><strong>\u0421\u043e\u0432\u0435\u0442:<\/strong><br>\u0427\u0430\u0441\u0442\u043e\u0435 \u043c\u044b\u0442\u044c\u0451 \u0440\u0443\u043a \u0438 \u0434\u0435\u0437\u0438\u043d\u0444\u0435\u043a\u0446\u0438\u044f \u043c\u043e\u0433\u0443\u0442 \u0438\u0441\u0442\u043e\u0449\u0430\u0442\u044c \u043a\u043e\u0436\u0443. \u0411\u044b\u0441\u0442\u0440\u043e \u0432\u043f\u0438\u0442\u044b\u0432\u0430\u044e\u0449\u0438\u0439\u0441\u044f \u0430\u043d\u0442\u0438\u0432\u043e\u0437\u0440\u0430\u0441\u0442\u043d\u043e\u0439 \u043a\u0440\u0435\u043c \u0434\u043b\u044f \u0440\u0443\u043a \u043f\u043e\u043c\u043e\u0433\u0430\u0435\u0442 \u0432\u043e\u0441\u0441\u0442\u0430\u043d\u043e\u0432\u0438\u0442\u044c \u0435\u0441\u0442\u0435\u0441\u0442\u0432\u0435\u043d\u043d\u044b\u0439 \u0437\u0430\u0449\u0438\u0442\u043d\u044b\u0439 \u0431\u0430\u0440\u044c\u0435\u0440 \u043a\u043e\u0436\u0438 \u0438 \u043e\u0431\u0435\u0441\u043f\u0435\u0447\u0438\u0432\u0430\u0435\u0442 \u0434\u043b\u0438\u0442\u0435\u043b\u044c\u043d\u043e\u0435 \u043e\u0449\u0443\u0449\u0435\u043d\u0438\u0435 \u043a\u043e\u043c\u0444\u043e\u0440\u0442\u0430.<\/p>\n<p><strong>\u0421\u043e\u0441\u0442\u0430\u0432<br \/>\n<\/strong>Aqua\/Water, Pentylene Glycol, Glycerin, Isopropyl Myristate, Persea Gratissima Avocado) Oil, Butyrospermum Parkii (Shea) Butter, Cetearyl Alcohol, Limnanthes Alba (Meadowfoam) Seed Oil, Chondrus Crispus Powder, Niacinamide, Caviar Extract, Maris Aqua\/Sea Water, Maris Limus Extract\/Sea Silt Extract, Ostrea Shell Extract\/Oyster Shell Extract, Saccharide Isomerate, Spirulina Maxima Extract, Algae Extract\/Alaria Esculenta Extract, Dictyopteris Polypodioides Extract, Sodium Ascorbyl Phosphate, Caprylic\/Capric Triglyceride, Xanthan Gum, Sodium Stearoyl Glutamate, Propylene Glycol, Phenoxyethanol, Citric Acid, Hydroxyacetophenone, Potassium Sorbate, Parfum\/Fragrance, Linalool, Citronellol, Limonene, Benzyl Salicylate, Geraniol.<\/p>\n<p>265.33 \u20ac\/l<\/p>","protected":false},"excerpt":{"rendered":"<p class=\"\" data-start=\"34\" data-end=\"171\">\u0420\u0430\u0437\u0433\u043b\u0430\u0436\u0438\u0432\u0430\u044e\u0449\u0438\u0439 \u043a\u0440\u0435\u043c \u0434\u043b\u044f \u0440\u0443\u043a \u0441 \u043d\u0438\u0430\u0446\u0438\u043d\u0430\u043c\u0438\u0434\u043e\u043c \u0434\u043b\u044f \u0443\u043c\u0435\u043d\u044c\u0448\u0435\u043d\u0438\u044f \u0442\u0451\u043c\u043d\u044b\u0445 \u043f\u044f\u0442\u0435\u043d<\/p>\n<p class=\"\" data-start=\"173\" data-end=\"193\"><strong data-start=\"173\" data-end=\"191\">\u041f\u0440\u0435\u0438\u043c\u0443\u0449\u0435\u0441\u0442\u0432\u0430 \u043f\u0440\u043e\u0434\u0443\u043a\u0442\u0430:<\/strong><\/p>\n<ul data-start=\"194\" data-end=\"349\">\n<li class=\"\" data-start=\"194\" data-end=\"242\">\n<p class=\"\" data-start=\"196\" data-end=\"242\">\u041f\u043e\u043c\u043e\u0433\u0430\u0435\u0442 \u0443\u043c\u0435\u043d\u044c\u0448\u0438\u0442\u044c \u043f\u0438\u0433\u043c\u0435\u043d\u0442\u043d\u044b\u0435 \u043f\u044f\u0442\u043d\u0430 \u0438 \u0432\u043e\u0437\u0440\u0430\u0441\u0442\u043d\u044b\u0435 \u043f\u044f\u0442\u043d\u0430<\/p>\n<\/li>\n<li class=\"\" data-start=\"243\" data-end=\"269\">\n<p class=\"\" data-start=\"245\" data-end=\"269\">\u0411\u044b\u0441\u0442\u0440\u043e \u0432\u043f\u0438\u0442\u044b\u0432\u0430\u044e\u0449\u0438\u0439\u0441\u044f \u043a\u0440\u0435\u043c<\/p>\n<\/li>\n<li class=\"\" data-start=\"270\" data-end=\"313\">\n<p class=\"\" data-start=\"272\" data-end=\"313\">\u0421\u043e\u0434\u0435\u0440\u0436\u0438\u0442 \u043d\u0438\u0430\u0446\u0438\u043d\u0430\u043c\u0438\u0434 \u0438 \u0431\u0443\u0440\u044b\u0435 \u0432\u043e\u0434\u043e\u0440\u043e\u0441\u043b\u0438<\/p>\n<\/li>\n<li class=\"\" data-start=\"314\" data-end=\"330\">\n<p class=\"\" data-start=\"316\" data-end=\"330\">\u0420\u0430\u0437\u0433\u043b\u0430\u0436\u0438\u0432\u0430\u0435\u0442 \u043c\u043e\u0440\u0449\u0438\u043d\u044b<\/p>\n<\/li>\n<li class=\"\" data-start=\"331\" data-end=\"349\">\n<p class=\"\" data-start=\"333\" data-end=\"349\">\u0423\u0432\u043b\u0430\u0436\u043d\u044f\u0435\u0442 \u043a\u043e\u0436\u0443<\/p>\n<\/li>\n<\/ul>\n<p>75 \u043c\u043b<\/p>","protected":false},"featured_media":7127,"comment_status":"closed","ping_status":"closed","template":"","meta":{"_uag_custom_page_level_css":"","site-sidebar-layout":"default","site-content-layout":"","ast-site-content-layout":"default","site-content-style":"default","site-sidebar-style":"default","ast-global-header-display":"","ast-banner-title-visibility":"","ast-main-header-display":"","ast-hfb-above-header-display":"","ast-hfb-below-header-display":"","ast-hfb-mobile-header-display":"","site-post-title":"","ast-breadcrumbs-content":"","ast-featured-img":"","footer-sml-layout":"","ast-disable-related-posts":"","theme-transparent-header-meta":"default","adv-header-id-meta":"","stick-header-meta":"","header-above-stick-meta":"","header-main-stick-meta":"","header-below-stick-meta":"","astra-migrate-meta-layouts":"set","ast-page-background-enabled":"default","ast-page-background-meta":{"desktop":{"background-color":"var(--ast-global-color-4)","background-image":"","background-repeat":"repeat","background-position":"center center","background-size":"auto","background-attachment":"scroll","background-type":"","background-media":"","overlay-type":"","overlay-color":"","overlay-opacity":"","overlay-gradient":""},"tablet":{"background-color":"","background-image":"","background-repeat":"repeat","background-position":"center center","background-size":"auto","background-attachment":"scroll","background-type":"","background-media":"","overlay-type":"","overlay-color":"","overlay-opacity":"","overlay-gradient":""},"mobile":{"background-color":"","background-image":"","background-repeat":"repeat","background-position":"center center","background-size":"auto","background-attachment":"scroll","background-type":"","background-media":"","overlay-type":"","overlay-color":"","overlay-opacity":"","overlay-gradient":""}},"ast-content-background-meta":{"desktop":{"background-color":"var(--ast-global-color-5)","background-image":"","background-repeat":"repeat","background-position":"center center","background-size":"auto","background-attachment":"scroll","background-type":"","background-media":"","overlay-type":"","overlay-color":"","overlay-opacity":"","overlay-gradient":""},"tablet":{"background-color":"var(--ast-global-color-5)","background-image":"","background-repeat":"repeat","background-position":"center center","background-size":"auto","background-attachment":"scroll","background-type":"","background-media":"","overlay-type":"","overlay-color":"","overlay-opacity":"","overlay-gradient":""},"mobile":{"background-color":"var(--ast-global-color-5)","background-image":"","background-repeat":"repeat","background-position":"center center","background-size":"auto","background-attachment":"scroll","background-type":"","background-media":"","overlay-type":"","overlay-color":"","overlay-opacity":"","overlay-gradient":""}}},"product_brand":[],"product_cat":[125,98],"product_tag":[],"class_list":{"0":"post-7126","1":"product","2":"type-product","3":"status-publish","4":"has-post-thumbnail","6":"product_cat-dalton","7":"product_cat-kehale","8":"desktop-align-left","9":"tablet-align-left","10":"mobile-align-left","12":"first","13":"onbackorder","14":"taxable","15":"shipping-taxable","16":"product-type-simple","17":"add-to-wishlist-before_image"},"uagb_featured_image_src":{"full":["https:\/\/kosmeetika24.com\/wp-content\/uploads\/2025\/11\/4054621810094.webp",540,540,false],"thumbnail":["https:\/\/kosmeetika24.com\/wp-content\/uploads\/2025\/11\/4054621810094-150x150.webp",150,150,true],"medium":["https:\/\/kosmeetika24.com\/wp-content\/uploads\/2025\/11\/4054621810094-300x300.webp",300,300,true],"medium_large":["https:\/\/kosmeetika24.com\/wp-content\/uploads\/2025\/11\/4054621810094.webp",540,540,false],"large":["https:\/\/kosmeetika24.com\/wp-content\/uploads\/2025\/11\/4054621810094.webp",540,540,false],"1536x1536":["https:\/\/kosmeetika24.com\/wp-content\/uploads\/2025\/11\/4054621810094.webp",540,540,false],"2048x2048":["https:\/\/kosmeetika24.com\/wp-content\/uploads\/2025\/11\/4054621810094.webp",540,540,false],"trp-custom-language-flag":["https:\/\/kosmeetika24.com\/wp-content\/uploads\/2025\/11\/4054621810094-12x12.webp",12,12,true],"woocommerce_thumbnail":["https:\/\/kosmeetika24.com\/wp-content\/uploads\/2025\/11\/4054621810094-300x300.webp",300,300,true],"woocommerce_single":["https:\/\/kosmeetika24.com\/wp-content\/uploads\/2025\/11\/4054621810094-500x500.webp",500,500,true],"woocommerce_gallery_thumbnail":["https:\/\/kosmeetika24.com\/wp-content\/uploads\/2025\/11\/4054621810094-100x100.webp",100,100,true]},"uagb_author_info":{"display_name":"admin","author_link":"https:\/\/kosmeetika24.com\/ru\/author\/"},"uagb_comment_info":0,"uagb_excerpt":"Silendav k\u00e4tekreem niatsiinamiidiga tumedate laikude v\u00e4hendamiseks Toote eelised: Aitab v\u00e4hendada pigmendilaike ja vanuselaike Kiiresti imenduv kreem Sisaldab niatsiinamiidi ja pruunvetikat Silub kortse Niisutab nahka 75 ml","_links":{"self":[{"href":"https:\/\/kosmeetika24.com\/ru\/wp-json\/wp\/v2\/product\/7126","targetHints":{"allow":["GET"]}}],"collection":[{"href":"https:\/\/kosmeetika24.com\/ru\/wp-json\/wp\/v2\/product"}],"about":[{"href":"https:\/\/kosmeetika24.com\/ru\/wp-json\/wp\/v2\/types\/product"}],"replies":[{"embeddable":true,"href":"https:\/\/kosmeetika24.com\/ru\/wp-json\/wp\/v2\/comments?post=7126"}],"version-history":[{"count":1,"href":"https:\/\/kosmeetika24.com\/ru\/wp-json\/wp\/v2\/product\/7126\/revisions"}],"predecessor-version":[{"id":7128,"href":"https:\/\/kosmeetika24.com\/ru\/wp-json\/wp\/v2\/product\/7126\/revisions\/7128"}],"wp:featuredmedia":[{"embeddable":true,"href":"https:\/\/kosmeetika24.com\/ru\/wp-json\/wp\/v2\/media\/7127"}],"wp:attachment":[{"href":"https:\/\/kosmeetika24.com\/ru\/wp-json\/wp\/v2\/media?parent=7126"}],"wp:term":[{"taxonomy":"product_brand","embeddable":true,"href":"https:\/\/kosmeetika24.com\/ru\/wp-json\/wp\/v2\/product_brand?post=7126"},{"taxonomy":"product_cat","embeddable":true,"href":"https:\/\/kosmeetika24.com\/ru\/wp-json\/wp\/v2\/product_cat?post=7126"},{"taxonomy":"product_tag","embeddable":true,"href":"https:\/\/kosmeetika24.com\/ru\/wp-json\/wp\/v2\/product_tag?post=7126"}],"curies":[{"name":"wp","href":"https:\/\/api.w.org\/{rel}","templated":true}]}}