{"id":7118,"date":"2025-11-06T17:28:28","date_gmt":"2025-11-06T14:28:28","guid":{"rendered":"https:\/\/kosmeetika24.com\/?post_type=product&#038;p=7118"},"modified":"2026-03-23T15:21:54","modified_gmt":"2026-03-23T12:21:54","slug":"dalton-ocean-elements-dark-circle-eye-cream","status":"publish","type":"product","link":"https:\/\/kosmeetika24.com\/ru\/product\/dalton-ocean-elements-dark-circle-eye-cream\/","title":{"rendered":"Dalton \u2013 Ocean Elements \u2013 Dark Circle Eye Cream"},"content":{"rendered":"<p class=\"\" data-start=\"0\" data-end=\"277\">\u2b50<strong>!BUDUAAR ILULEMMIK 2026!<\/strong>\u2b50<\/p>\n<p class=\"\" data-start=\"0\" data-end=\"277\">\u042d\u0442\u043e\u0442 \u043a\u0440\u0435\u043c \u0434\u043b\u044f \u0433\u043b\u0430\u0437 \u043e\u043a\u0430\u0437\u044b\u0432\u0430\u0435\u0442 \u043e\u0441\u0432\u0435\u0436\u0430\u044e\u0449\u0435\u0435 \u0434\u0435\u0439\u0441\u0442\u0432\u0438\u0435. \u0412\u0435\u0433\u0430\u043d\u0441\u043a\u0438\u0439 \u043a\u0440\u0435\u043c \u0434\u043b\u044f \u0433\u043b\u0430\u0437 \u0441 \u043a\u0440\u0430\u0441\u043d\u044b\u043c\u0438 \u0438 \u0431\u0443\u0440\u044b\u043c\u0438 \u0432\u043e\u0434\u043e\u0440\u043e\u0441\u043b\u044f\u043c\u0438 \u0438 \u043d\u0438\u0430\u0446\u0438\u043d\u0430\u043c\u0438\u0434\u043e\u043c \u043e\u0441\u0432\u0435\u0442\u043b\u044f\u0435\u0442 \u0442\u0451\u043c\u043d\u044b\u0435 \u043a\u0440\u0443\u0433\u0438 \u043f\u043e\u0434 \u0433\u043b\u0430\u0437\u0430\u043c\u0438, \u0437\u0430\u0449\u0438\u0449\u0430\u0435\u0442 \u043a\u043e\u0436\u0443 \u043e\u0442 \u0432\u043e\u0437\u0434\u0435\u0439\u0441\u0442\u0432\u0438\u044f \u0441\u0438\u043d\u0435\u0433\u043e \u0441\u0432\u0435\u0442\u0430 \u0438 \u043e\u043a\u0441\u0438\u0434\u0430\u0442\u0438\u0432\u043d\u043e\u0433\u043e \u0441\u0442\u0440\u0435\u0441\u0441\u0430 \u0438 \u0437\u0430\u043c\u0435\u0434\u043b\u044f\u0435\u0442 \u043f\u043e\u044f\u0432\u043b\u0435\u043d\u0438\u0435 \u043f\u0440\u0438\u0437\u043d\u0430\u043a\u043e\u0432 \u0441\u0442\u0430\u0440\u0435\u043d\u0438\u044f.<\/p>\n<p class=\"\" data-start=\"279\" data-end=\"566\">\u041c\u0438\u043d\u0435\u0440\u0430\u043b\u044c\u043d\u044b\u0435 \u0432\u0435\u0449\u0435\u0441\u0442\u0432\u0430 \u043c\u043e\u0440\u044f \u043e\u0431\u0435\u0441\u043f\u0435\u0447\u0438\u0432\u0430\u044e\u0442 \u043a\u043e\u0436\u0443 \u0432\u0430\u0436\u043d\u044b\u043c\u0438 \u043f\u0438\u0442\u0430\u0442\u0435\u043b\u044c\u043d\u044b\u043c\u0438 \u044d\u043b\u0435\u043c\u0435\u043d\u0442\u0430\u043c\u0438, \u0443\u0441\u0438\u043b\u0438\u0432\u0430\u044e\u0442 \u0443\u0441\u0432\u043e\u0435\u043d\u0438\u0435 \u043f\u043e\u043b\u0435\u0437\u043d\u044b\u0445 \u043a\u043e\u043c\u043f\u043e\u043d\u0435\u043d\u0442\u043e\u0432 \u0438 \u0433\u0430\u0440\u0430\u043d\u0442\u0438\u0440\u0443\u044e\u0442 \u0432\u044b\u0441\u043e\u043a\u0443\u044e \u043f\u0435\u0440\u0435\u043d\u043e\u0441\u0438\u043c\u043e\u0441\u0442\u044c. \u041a\u0440\u0435\u043c \u0434\u043b\u044f \u0433\u043b\u0430\u0437 \u043c\u0433\u043d\u043e\u0432\u0435\u043d\u043d\u043e \u0432\u043f\u0438\u0442\u044b\u0432\u0430\u0435\u0442\u0441\u044f \u0432 \u043a\u043e\u0436\u0443. \u041c\u0430\u0441\u043b\u043e \u0448\u0438, \u043e\u043b\u0438\u0432\u043a\u043e\u0432\u043e\u0435 \u0438 \u0430\u0432\u043e\u043a\u0430\u0434\u043e \u043f\u0438\u0442\u0430\u044e\u0442 \u043e\u0431\u043b\u0430\u0441\u0442\u044c \u043f\u043e\u0434 \u0433\u043b\u0430\u0437\u0430\u043c\u0438, \u0430 \u043f\u0430\u043d\u0442\u0435\u043d\u043e\u043b \u043e\u043a\u0430\u0437\u044b\u0432\u0430\u0435\u0442 \u0443\u0441\u043f\u043e\u043a\u0430\u0438\u0432\u0430\u044e\u0449\u0435\u0435 \u0434\u0435\u0439\u0441\u0442\u0432\u0438\u0435.<\/p>\n<p class=\"translation-block\" data-start=\"568\" data-end=\"862\">\u041f\u043e\u043c\u0438\u043c\u043e \u0434\u043b\u0438\u0442\u0435\u043b\u044c\u043d\u043e\u0433\u043e \u043e\u0441\u0432\u0435\u0442\u043b\u044f\u044e\u0449\u0435\u0433\u043e \u0434\u0435\u0439\u0441\u0442\u0432\u0438\u044f \u043a\u0440\u0435\u043c\u0430 \u0434\u043b\u044f \u0433\u043b\u0430\u0437, \u0441\u0440\u0435\u0434\u0441\u0442\u0432\u043e \u0441 \u043a\u043e\u0440\u0440\u0435\u043a\u0446\u0438\u0435\u0439 \u0446\u0432\u0435\u0442\u0430 \u043c\u0433\u043d\u043e\u0432\u0435\u043d\u043d\u043e \u043c\u0430\u0441\u043a\u0438\u0440\u0443\u0435\u0442 \u0442\u0435\u043c\u043d\u044b\u0435 \u043a\u0440\u0443\u0433\u0438 \u043f\u043e\u0434 \u0433\u043b\u0430\u0437\u0430\u043c\u0438. \u041e\u0442\u0451\u0447\u043d\u043e\u0441\u0442\u044c \u043f\u043e\u0434 \u0433\u043b\u0430\u0437\u0430\u043c\u0438 \u043c\u043e\u0436\u043d\u043e \u0441\u043d\u0438\u0437\u0438\u0442\u044c \u0434\u043e 16%* \u0443\u0436\u0435 \u043f\u043e\u0441\u043b\u0435 \u043e\u0434\u043d\u043e\u0433\u043e \u043f\u0440\u0438\u043c\u0435\u043d\u0435\u043d\u0438\u044f. \u0413\u043b\u0438\u0446\u0435\u0440\u0438\u043d \u0443\u0432\u043b\u0430\u0436\u043d\u044f\u0435\u0442 \u043a\u043e\u0436\u0443 \u0438 \u043f\u043e\u043c\u043e\u0433\u0430\u0435\u0442 \u043f\u0440\u0435\u0434\u043e\u0442\u0432\u0440\u0430\u0442\u0438\u0442\u044c \u043f\u043e\u044f\u0432\u043b\u0435\u043d\u0438\u0435 \u043c\u0435\u043b\u043a\u0438\u0445 \u043c\u043e\u0440\u0449\u0438\u043d \u0438 \u043b\u0438\u043d\u0438\u0439, \u0432\u044b\u0437\u0432\u0430\u043d\u043d\u044b\u0445 \u0441\u0443\u0445\u043e\u0441\u0442\u044c\u044e.<\/p>\n<p class=\"\" data-start=\"864\" data-end=\"914\">\u041f\u0440\u0438\u0434\u0430\u0451\u0442 \u0441\u0432\u0435\u0436\u0438\u0439 \u0438 \u0441\u0438\u044f\u044e\u0449\u0438\u0439 \u0432\u0438\u0434 \u043e\u0431\u043b\u0430\u0441\u0442\u0438 \u043f\u043e\u0434 \u0433\u043b\u0430\u0437\u0430\u043c\u0438.<\/p>\n<p class=\"translation-block\">\u041f\u0440\u0438\u043c\u0435\u043d\u0435\u043d\u0438\u0435:\n\u041d\u0430\u043d\u043e\u0441\u0438\u0442\u0435 \u043a\u0440\u0435\u043c \u0432\u043e\u043a\u0440\u0443\u0433 \u0433\u043b\u0430\u0437 \u0434\u0432\u0430\u0436\u0434\u044b \u0432 \u0434\u0435\u043d\u044c \u0438 \u043c\u044f\u0433\u043a\u043e \u043f\u043e\u0445\u043b\u043e\u043f\u044b\u0432\u0430\u0439\u0442\u0435 \u043a\u043e\u0436\u0443.<\/p>\n<p><strong>\u0421\u043e\u0441\u0442\u0430\u0432:<br \/>\n<\/strong>Aqua\/Water, Niacinamide, Maris Aqua\/Sea Water, Butyrospermum Parkii (Shea) Butter, Persea Gratissima (Avocado) Oil, Olea Europaea (Olive) Fruit Oil, Panthenol, Glycerin, Cetearyl Alcohol, Glyceryl Stearate Citrate, Butylene Glycol, Undecane, Hexyldecanol, Hexyldecyl Laurate, Tridecane, Propanediol, Himanthalia Elongata Extract, Chondrus Crispus Extract, Gigartina Stellata Extract, Hydrolyzed Algin, Ruscus Aculeatus Root Extract, Escin, Jasminum Sambac (Jasmine) Flower Extract, Crataegus Monogyna Flower Extract, Centella Asiatica Leaf Extract, Calendula Officinalis Flower Extract, Tocopherol, Hydrogenated Lecithin, Glyceryl Caprylate, Phenoxyethanol, Mannitol, Tetrasodium Glutamate Diacetate, Dehydroacetic Acid, Caprylic\/ Capric Triglyceride, Ammonium Glycyrrhizate, Alcohol, Hydrolyzed Yeast Protein, Sucrose, Ascorbyl Palmitate, Sodium Citrate, Ethylhexylglycerin, Citric Acid, Xanthan Gum, Ascorbic Acid, Benzyl Benzoate, Sodium Hydroxide, Aluminium Hydroxide, Polymethyl Methacrylate, Titanium Dioxide, Benzoic Acid, Iron Oxides (CI 77492), Iron Oxides (CI 77499), Iron Oxides (CI 77491), Parfum\/Fragrance, Citronellol, Limonene<strong><br \/>\n<\/strong><\/p>","protected":false},"excerpt":{"rendered":"<p>\u2b50<strong>!BUDUAAR ILULEMMIK 2026!<\/strong>\u2b50<\/p>\n<p>\u041e\u0441\u0432\u0435\u0442\u043b\u044f\u044e\u0449\u0438\u0439 \u043a\u0440\u0435\u043c \u0434\u043b\u044f \u043a\u043e\u0436\u0438 \u0432\u043e\u043a\u0440\u0443\u0433 \u0433\u043b\u0430\u0437 \u0441 \u043d\u0438\u0430\u0446\u0438\u043d\u0430\u043c\u0438\u0434\u043e\u043c \u0434\u043b\u044f \u0443\u043c\u0435\u043d\u044c\u0448\u0435\u043d\u0438\u044f \u0442\u0435\u043c\u043d\u044b\u0445 \u043a\u0440\u0443\u0433\u043e\u0432 \u043f\u043e\u0434 \u0433\u043b\u0430\u0437\u0430\u043c\u0438<\/p>\n<p>\u041f\u0440\u0435\u0438\u043c\u0443\u0449\u0435\u0441\u0442\u0432\u0430 \u043f\u0440\u043e\u0434\u0443\u043a\u0442\u0430:<\/p>\n<ul>\n<li>\u041c\u0433\u043d\u043e\u0432\u0435\u043d\u043d\u043e \u0432\u043f\u0438\u0442\u044b\u0432\u0430\u0435\u0442\u0441\u044f \u0432 \u043a\u043e\u0436\u0443<\/li>\n<li>\u041e\u0441\u0432\u0435\u0442\u043b\u044f\u0435\u0442 \u0442\u0451\u043c\u043d\u044b\u0435 \u043a\u0440\u0443\u0433\u0438 \u043f\u043e\u0434 \u0433\u043b\u0430\u0437\u0430\u043c\u0438<\/li>\n<li>\u0423\u043c\u0435\u043d\u044c\u0448\u0430\u0435\u0442 \u043e\u0442\u0451\u043a\u0438<\/li>\n<li>\u041a\u0440\u0430\u0441\u043d\u044b\u0435 \u0438 \u0431\u0443\u0440\u044b\u0435 \u0432\u043e\u0434\u043e\u0440\u043e\u0441\u043b\u0438 \u0437\u0430\u0449\u0438\u0449\u0430\u044e\u0442 \u043a\u043e\u0436\u0443 \u043e\u0442 \u043e\u043a\u0438\u0441\u043b\u0438\u0442\u0435\u043b\u044c\u043d\u043e\u0433\u043e \u0441\u0442\u0440\u0435\u0441\u0441\u0430<\/li>\n<li>\u0421\u043e\u0434\u0435\u0440\u0436\u0438\u0442 \u043d\u0438\u0430\u0446\u0438\u043d\u0430\u043c\u0438\u0434 \u0438 \u043c\u0430\u0441\u043b\u043e \u0430\u0432\u043e\u043a\u0430\u0434\u043e<\/li>\n<li>\u042d\u0444\u0444\u0435\u043a\u0442\u0438\u0432\u043d\u043e\u0435 \u0441\u0440\u0435\u0434\u0441\u0442\u0432\u043e \u0434\u043b\u044f \u043e\u0441\u0432\u0435\u0436\u0435\u043d\u0438\u044f \u0443\u0441\u0442\u0430\u0432\u0448\u0438\u0445 \u0433\u043b\u0430\u0437<\/li>\n<li>88% \u043d\u0430\u0442\u0443\u0440\u0430\u043b\u044c\u043d\u044b\u0445 \u0438\u043d\u0433\u0440\u0435\u0434\u0438\u0435\u043d\u0442\u043e\u0432<\/li>\n<li>\u041d\u0435 \u0441\u043e\u0434\u0435\u0440\u0436\u0438\u0442 \u043c\u0438\u043d\u0435\u0440\u0430\u043b\u044c\u043d\u044b\u0435 \u043c\u0430\u0441\u043b\u0430, \u043f\u0430\u0440\u0430\u0431\u0435\u043d\u044b, PEG \u0438 \u0441\u0438\u043b\u0438\u043a\u043e\u043d\u044b<\/li>\n<\/ul>","protected":false},"featured_media":7367,"comment_status":"closed","ping_status":"closed","template":"","meta":{"_uag_custom_page_level_css":"","site-sidebar-layout":"default","site-content-layout":"","ast-site-content-layout":"default","site-content-style":"default","site-sidebar-style":"default","ast-global-header-display":"","ast-banner-title-visibility":"","ast-main-header-display":"","ast-hfb-above-header-display":"","ast-hfb-below-header-display":"","ast-hfb-mobile-header-display":"","site-post-title":"","ast-breadcrumbs-content":"","ast-featured-img":"","footer-sml-layout":"","ast-disable-related-posts":"","theme-transparent-header-meta":"default","adv-header-id-meta":"","stick-header-meta":"","header-above-stick-meta":"","header-main-stick-meta":"","header-below-stick-meta":"","astra-migrate-meta-layouts":"set","ast-page-background-enabled":"default","ast-page-background-meta":{"desktop":{"background-color":"var(--ast-global-color-4)","background-image":"","background-repeat":"repeat","background-position":"center center","background-size":"auto","background-attachment":"scroll","background-type":"","background-media":"","overlay-type":"","overlay-color":"","overlay-opacity":"","overlay-gradient":""},"tablet":{"background-color":"","background-image":"","background-repeat":"repeat","background-position":"center center","background-size":"auto","background-attachment":"scroll","background-type":"","background-media":"","overlay-type":"","overlay-color":"","overlay-opacity":"","overlay-gradient":""},"mobile":{"background-color":"","background-image":"","background-repeat":"repeat","background-position":"center center","background-size":"auto","background-attachment":"scroll","background-type":"","background-media":"","overlay-type":"","overlay-color":"","overlay-opacity":"","overlay-gradient":""}},"ast-content-background-meta":{"desktop":{"background-color":"var(--ast-global-color-5)","background-image":"","background-repeat":"repeat","background-position":"center center","background-size":"auto","background-attachment":"scroll","background-type":"","background-media":"","overlay-type":"","overlay-color":"","overlay-opacity":"","overlay-gradient":""},"tablet":{"background-color":"var(--ast-global-color-5)","background-image":"","background-repeat":"repeat","background-position":"center center","background-size":"auto","background-attachment":"scroll","background-type":"","background-media":"","overlay-type":"","overlay-color":"","overlay-opacity":"","overlay-gradient":""},"mobile":{"background-color":"var(--ast-global-color-5)","background-image":"","background-repeat":"repeat","background-position":"center center","background-size":"auto","background-attachment":"scroll","background-type":"","background-media":"","overlay-type":"","overlay-color":"","overlay-opacity":"","overlay-gradient":""}}},"product_brand":[],"product_cat":[125,97],"product_tag":[],"class_list":{"0":"post-7118","1":"product","2":"type-product","3":"status-publish","4":"has-post-thumbnail","6":"product_cat-dalton","7":"product_cat-naole","8":"desktop-align-left","9":"tablet-align-left","10":"mobile-align-left","12":"first","13":"onbackorder","14":"taxable","15":"shipping-taxable","16":"product-type-simple","17":"add-to-wishlist-before_image"},"uagb_featured_image_src":{"full":["https:\/\/kosmeetika24.com\/wp-content\/uploads\/2025\/11\/2.png",650,650,false],"thumbnail":["https:\/\/kosmeetika24.com\/wp-content\/uploads\/2025\/11\/2-150x150.png",150,150,true],"medium":["https:\/\/kosmeetika24.com\/wp-content\/uploads\/2025\/11\/2-300x300.png",300,300,true],"medium_large":["https:\/\/kosmeetika24.com\/wp-content\/uploads\/2025\/11\/2.png",650,650,false],"large":["https:\/\/kosmeetika24.com\/wp-content\/uploads\/2025\/11\/2.png",650,650,false],"1536x1536":["https:\/\/kosmeetika24.com\/wp-content\/uploads\/2025\/11\/2.png",650,650,false],"2048x2048":["https:\/\/kosmeetika24.com\/wp-content\/uploads\/2025\/11\/2.png",650,650,false],"trp-custom-language-flag":["https:\/\/kosmeetika24.com\/wp-content\/uploads\/2025\/11\/2-12x12.png",12,12,true],"woocommerce_thumbnail":["https:\/\/kosmeetika24.com\/wp-content\/uploads\/2025\/11\/2-300x300.png",300,300,true],"woocommerce_single":["https:\/\/kosmeetika24.com\/wp-content\/uploads\/2025\/11\/2-500x500.png",500,500,true],"woocommerce_gallery_thumbnail":["https:\/\/kosmeetika24.com\/wp-content\/uploads\/2025\/11\/2-100x100.png",100,100,true]},"uagb_author_info":{"display_name":"admin","author_link":"https:\/\/kosmeetika24.com\/ru\/author\/"},"uagb_comment_info":0,"uagb_excerpt":"\u2b50!BUDUAAR ILULEMMIK 2026!\u2b50 Helendav silmakreem niatsiinamiidiga tumedate silmaaluste v\u00e4hendamiseks Toote eelised: Sulandub koheselt nahka Heledab tumedaid silmaaluseid ringe V\u00e4hendab paistetust Punased ja pruunvetikad kaitsevad nahka oks\u00fcdatiivse stressi eest Sisaldab niatsiinamiidi ja avokaado\u00f5li Efektiivne v\u00e4rskendaja v\u00e4sinud silmadele 88% looduslikud koostisosad Ei sisalda mineraal\u00f5lisid, parabeene, PEG-i ega silikoone","_links":{"self":[{"href":"https:\/\/kosmeetika24.com\/ru\/wp-json\/wp\/v2\/product\/7118","targetHints":{"allow":["GET"]}}],"collection":[{"href":"https:\/\/kosmeetika24.com\/ru\/wp-json\/wp\/v2\/product"}],"about":[{"href":"https:\/\/kosmeetika24.com\/ru\/wp-json\/wp\/v2\/types\/product"}],"replies":[{"embeddable":true,"href":"https:\/\/kosmeetika24.com\/ru\/wp-json\/wp\/v2\/comments?post=7118"}],"version-history":[{"count":3,"href":"https:\/\/kosmeetika24.com\/ru\/wp-json\/wp\/v2\/product\/7118\/revisions"}],"predecessor-version":[{"id":7369,"href":"https:\/\/kosmeetika24.com\/ru\/wp-json\/wp\/v2\/product\/7118\/revisions\/7369"}],"wp:featuredmedia":[{"embeddable":true,"href":"https:\/\/kosmeetika24.com\/ru\/wp-json\/wp\/v2\/media\/7367"}],"wp:attachment":[{"href":"https:\/\/kosmeetika24.com\/ru\/wp-json\/wp\/v2\/media?parent=7118"}],"wp:term":[{"taxonomy":"product_brand","embeddable":true,"href":"https:\/\/kosmeetika24.com\/ru\/wp-json\/wp\/v2\/product_brand?post=7118"},{"taxonomy":"product_cat","embeddable":true,"href":"https:\/\/kosmeetika24.com\/ru\/wp-json\/wp\/v2\/product_cat?post=7118"},{"taxonomy":"product_tag","embeddable":true,"href":"https:\/\/kosmeetika24.com\/ru\/wp-json\/wp\/v2\/product_tag?post=7118"}],"curies":[{"name":"wp","href":"https:\/\/api.w.org\/{rel}","templated":true}]}}