{"id":7103,"date":"2025-11-06T17:29:38","date_gmt":"2025-11-06T14:29:38","guid":{"rendered":"https:\/\/kosmeetika24.com\/?post_type=product&#038;p=7103"},"modified":"2026-01-12T12:11:09","modified_gmt":"2026-01-12T09:11:09","slug":"dalton-s-e-a-marine-stem-cell-ampoules","status":"publish","type":"product","link":"https:\/\/kosmeetika24.com\/ru\/product\/dalton-s-e-a-marine-stem-cell-ampoules\/","title":{"rendered":"Dalton \u2013 S.E.A. \u2013 Marine Stem Cell Ampoules"},"content":{"rendered":"<p><strong>\u041f\u0440\u0438\u043c\u0435\u043d\u0435\u043d\u0438\u0435:<\/strong><br \/>\n\u041f\u0435\u0440\u0435\u0434 \u0438\u0441\u043f\u043e\u043b\u044c\u0437\u043e\u0432\u0430\u043d\u0438\u0435\u043c \u0432\u0441\u0442\u0440\u044f\u0445\u043d\u0438\u0442\u0435 \u0438 \u043d\u0430\u0434\u0435\u043d\u044c\u0442\u0435 \u043e\u0442\u043a\u0440\u044b\u0432\u0430\u0442\u0435\u043b\u044c \u043d\u0430 \u0433\u043e\u0440\u043b\u044b\u0448\u043a\u043e \u0430\u043c\u043f\u0443\u043b\u044b. \u041d\u0430\u043f\u0440\u0430\u0432\u044c\u0442\u0435 \u0442\u043e\u0447\u043a\u0443 \u043a \u0441\u0435\u0431\u0435 \u0438 \u043d\u0430\u0434\u0430\u0432\u0438\u0442\u0435 \u043e\u0442\u043a\u0440\u044b\u0432\u0430\u0442\u0435\u043b\u0435\u043c \u043d\u0430\u0437\u0430\u0434. \u0412\u044b\u043b\u0435\u0439\u0442\u0435 \u043a\u043e\u043d\u0446\u0435\u043d\u0442\u0440\u0430\u0442 \u043d\u0430 \u043b\u0430\u0434\u043e\u043d\u044c, \u0437\u0430\u0442\u0435\u043c \u043d\u0430\u043d\u0435\u0441\u0438\u0442\u0435 \u043d\u0430 \u043b\u0438\u0446\u043e, \u0448\u0435\u044e \u0438 \u0434\u0435\u043a\u043e\u043b\u044c\u0442\u0435, \u043c\u044f\u0433\u043a\u043e \u043f\u043e\u0445\u043b\u043e\u043f\u044b\u0432\u0430\u044f \u043a\u043e\u043d\u0447\u0438\u043a\u0430\u043c\u0438 \u043f\u0430\u043b\u044c\u0446\u0435\u0432 \u043f\u043e \u043a\u043e\u0436\u0435. \u0418\u0441\u043f\u043e\u043b\u044c\u0437\u043e\u0432\u0430\u0442\u044c \u043f\u0435\u0440\u0435\u0434 \u0441\u044b\u0432\u043e\u0440\u043e\u0442\u043a\u043e\u0439 \u0438 \u0443\u0432\u043b\u0430\u0436\u043d\u044f\u044e\u0449\u0438\u043c \u043a\u0440\u0435\u043c\u043e\u043c.<\/p>\n<p class=\"translation-block\"><strong>\u0421\u043e\u0432\u0435\u0442:<\/strong><br>\n\u0418\u0434\u0435\u0430\u043b\u044c\u043d\u044b\u0439 \u0443\u0445\u043e\u0434 \u0437\u0430 \u043a\u043e\u0436\u0435\u0439 \u0434\u043e \u0438 \u043f\u043e\u0441\u043b\u0435 \u043a\u043e\u0441\u043c\u0435\u0442\u0438\u0447\u0435\u0441\u043a\u0438\u0445 \u043f\u0440\u043e\u0446\u0435\u0434\u0443\u0440.<\/p>\n<p class=\"translation-block\">\u041c\u043e\u0440\u0441\u043a\u0438\u0435 \u0441\u0442\u0432\u043e\u043b\u043e\u0432\u044b\u0435 \u043a\u043b\u0435\u0442\u043a\u0438 \u0432 \u0430\u043c\u043f\u0443\u043b\u0430\u0445 \u2013 \u043d\u0430\u0441\u0442\u043e\u044f\u0449\u0430\u044f \u043c\u043e\u0449\u044c! \u041a\u0430\u0436\u0434\u0430\u044f \u0430\u043c\u043f\u0443\u043b\u0430 \u0441\u043e\u0434\u0435\u0440\u0436\u0438\u0442 \u0432 \u043e\u0431\u0449\u0435\u0439 \u0441\u043b\u043e\u0436\u043d\u043e\u0441\u0442\u0438 \u0434\u0432\u0430 \u043c\u0438\u043b\u043b\u0438\u043e\u043d\u0430 \u043c\u043e\u0440\u0441\u043a\u0438\u0445 \u0441\u0442\u0432\u043e\u043b\u043e\u0432\u044b\u0445 \u043a\u043b\u0435\u0442\u043e\u043a. \u041a\u0440\u043e\u043c\u0435 \u0442\u043e\u0433\u043e, \u043e\u043d\u0430 \u043e\u0431\u043e\u0433\u0430\u0449\u0435\u043d\u0430 \u0443\u043d\u0438\u043a\u0430\u043b\u044c\u043d\u044b\u043c \u044d\u043a\u0441\u0442\u0440\u0430\u043a\u0442\u043e\u043c <i>Celumer Marine<\/i> \u0438 <i>Crambe maritima<\/i>, \u043a\u043e\u0442\u043e\u0440\u044b\u0435:<br>\n\u0423\u043b\u0443\u0447\u0448\u0430\u0435\u0442 \u0435\u0441\u0442\u0435\u0441\u0442\u0432\u0435\u043d\u043d\u0443\u044e \u0437\u0430\u0449\u0438\u0442\u0443 \u043a\u043b\u0435\u0442\u043e\u043a \u043a\u043e\u0436\u0438<br>\n\u0423\u0432\u043b\u0430\u0436\u043d\u044f\u0435\u0442 \u0438 \u0432\u043e\u0441\u0441\u0442\u0430\u043d\u0430\u0432\u043b\u0438\u0432\u0430\u0435\u0442 \u043a\u043e\u0436\u0443<br>\n\u0421\u0442\u0438\u043c\u0443\u043b\u0438\u0440\u0443\u0435\u0442 <b>\u043e\u0431\u043d\u043e\u0432\u043b\u0435\u043d\u0438\u0435 \u043a\u043b\u0435\u0442\u043e\u043a \u0438 \u0440\u0435\u0433\u0435\u043d\u0435\u0440\u0430\u0446\u0438\u044e \u044d\u043f\u0438\u0434\u0435\u0440\u043c\u0438\u0441\u0430<\/b><br>\n\u0423\u0432\u0435\u043b\u0438\u0447\u0438\u0432\u0430\u0435\u0442 \u043f\u0440\u043e\u0438\u0437\u0432\u043e\u0434\u0441\u0442\u0432\u043e \u043a\u043e\u043b\u043b\u0430\u0433\u0435\u043d\u0430 \u0434\u043e <b>43%<\/b>, \u0443\u043b\u0443\u0447\u0448\u0430\u044f \u044d\u043b\u0430\u0441\u0442\u0438\u0447\u043d\u043e\u0441\u0442\u044c \u043a\u043e\u0436\u0438 \u0438 \u043f\u043e\u0434\u0442\u044f\u0433\u0438\u0432\u0430\u044f \u043e\u0431\u0432\u0438\u0441\u0448\u0438\u0435 \u0443\u0447\u0430\u0441\u0442\u043a\u0438<\/p>\n<p class=\"translation-block\"><strong>\u0420\u0435\u0437\u0443\u043b\u044c\u0442\u0430\u0442:<\/strong><br>\n\u041a\u043e\u0436\u0430 \u0432\u044b\u0433\u043b\u044f\u0434\u0438\u0442 <b>\u0431\u043e\u043b\u0435\u0435 \u0433\u043b\u0430\u0434\u043a\u043e\u0439 \u0438 \u0443\u043f\u0440\u0443\u0433\u043e\u0439<\/b>, \u0430 \u043a\u043e\u043d\u0442\u0443\u0440\u044b \u043b\u0438\u0446\u0430 \u0441\u0442\u0430\u043d\u043e\u0432\u044f\u0442\u0441\u044f <b>\u0431\u043e\u043b\u0435\u0435 \u043f\u043e\u0434\u0442\u044f\u043d\u0443\u0442\u044b\u043c\u0438 \u0438 \u0432\u044b\u0440\u0430\u0436\u0435\u043d\u043d\u044b\u043c\u0438<\/b>.<\/p>\n<p><em>*\u0422\u0435\u0441\u0442 \u043f\u0440\u043e\u0432\u043e\u0434\u0438\u043b\u0441\u044f \u043d\u0430 \u0443\u0447\u0430\u0441\u0442\u043d\u0438\u043a\u0430\u0445 \u0432 \u0432\u043e\u0437\u0440\u0430\u0441\u0442\u0435 47\u201362 \u043b\u0435\u0442, \u0441 \u0438\u0441\u043f\u043e\u043b\u044c\u0437\u043e\u0432\u0430\u043d\u0438\u0435\u043c Celumer Marine Extract \u0434\u0432\u0430\u0436\u0434\u044b \u0432 \u0434\u0435\u043d\u044c \u0432 \u0442\u0435\u0447\u0435\u043d\u0438\u0435 \u0447\u0435\u0442\u044b\u0440\u0435\u0445 \u043d\u0435\u0434\u0435\u043b\u044c. \u0420\u0435\u0437\u0443\u043b\u044c\u0442\u0430\u0442\u044b \u0441\u0440\u0430\u0432\u043d\u0438\u0432\u0430\u043b\u0438\u0441\u044c \u0441 \u043d\u0435\u043e\u0431\u0440\u0430\u0431\u043e\u0442\u0430\u043d\u043d\u044b\u043c\u0438 \u043a\u043e\u043d\u0442\u0440\u043e\u043b\u044c\u043d\u044b\u043c\u0438 \u043e\u0431\u0440\u0430\u0437\u0446\u0430\u043c\u0438. \u0418\u0441\u0441\u043b\u0435\u0434\u043e\u0432\u0430\u043d\u0438\u0435 \u043f\u0440\u043e\u0432\u043e\u0434\u0438\u043b\u043e\u0441\u044c in vivo.<\/em><\/p>","protected":false},"excerpt":{"rendered":"<p>\u0412\u044b\u0441\u043e\u043a\u043e\u043a\u043e\u043d\u0446\u0435\u043d\u0442\u0440\u0438\u0440\u043e\u0432\u0430\u043d\u043d\u044b\u0435 \u0430\u043d\u0442\u0438\u0432\u043e\u0437\u0440\u0430\u0441\u0442\u043d\u044b\u0435 \u0430\u043c\u043f\u0443\u043b\u044b \u0434\u043b\u044f \u0443\u0441\u043a\u043e\u0440\u0435\u043d\u0438\u044f \u043e\u0431\u043d\u043e\u0432\u043b\u0435\u043d\u0438\u044f \u043a\u043b\u0435\u0442\u043e\u043a<\/p>\n<p class=\"translation-block\">\u041a\u0430\u0436\u0434\u0430\u044f \u0430\u043c\u043f\u0443\u043b\u0430 \u0441\u043e\u0434\u0435\u0440\u0436\u0438\u0442 2 \u043c\u0438\u043b\u043b\u0438\u043e\u043d\u0430 \u043c\u043e\u0440\u0441\u043a\u0438\u0445 \u0441\u0442\u0432\u043e\u043b\u043e\u0432\u044b\u0445 \u043a\u043b\u0435\u0442\u043e\u043a<br>\n\u0421\u0438\u043b\u044c\u043d\u043e \u043a\u043e\u043d\u0446\u0435\u043d\u0442\u0440\u0438\u0440\u043e\u0432\u0430\u043d\u043d\u044b\u0435 \u0430\u043a\u0442\u0438\u0432\u043d\u044b\u0435 \u0438\u043d\u0433\u0440\u0435\u0434\u0438\u0435\u043d\u0442\u044b<br>\nCrambe maritima \u0437\u0430\u0449\u0438\u0449\u0430\u0435\u0442 \u043a\u043b\u0435\u0442\u043a\u0438 \u043a\u043e\u0436\u0438<br>\n\u0423\u0441\u043a\u043e\u0440\u044f\u0435\u0442 \u043e\u0431\u043d\u043e\u0432\u043b\u0435\u043d\u0438\u0435 \u043a\u043b\u0435\u0442\u043e\u043a<br>\n\u0423\u0432\u0435\u043b\u0438\u0447\u0438\u0432\u0430\u0435\u0442 \u0432\u044b\u0440\u0430\u0431\u043e\u0442\u043a\u0443 \u043a\u043e\u043b\u043b\u0430\u0433\u0435\u043d\u0430 \u0434\u043e 43%*<\/p>","protected":false},"featured_media":7099,"comment_status":"closed","ping_status":"closed","template":"","meta":{"_uag_custom_page_level_css":"","site-sidebar-layout":"default","site-content-layout":"","ast-site-content-layout":"default","site-content-style":"default","site-sidebar-style":"default","ast-global-header-display":"","ast-banner-title-visibility":"","ast-main-header-display":"","ast-hfb-above-header-display":"","ast-hfb-below-header-display":"","ast-hfb-mobile-header-display":"","site-post-title":"","ast-breadcrumbs-content":"","ast-featured-img":"","footer-sml-layout":"","ast-disable-related-posts":"","theme-transparent-header-meta":"default","adv-header-id-meta":"","stick-header-meta":"","header-above-stick-meta":"","header-main-stick-meta":"","header-below-stick-meta":"","astra-migrate-meta-layouts":"set","ast-page-background-enabled":"default","ast-page-background-meta":{"desktop":{"background-color":"var(--ast-global-color-4)","background-image":"","background-repeat":"repeat","background-position":"center center","background-size":"auto","background-attachment":"scroll","background-type":"","background-media":"","overlay-type":"","overlay-color":"","overlay-opacity":"","overlay-gradient":""},"tablet":{"background-color":"","background-image":"","background-repeat":"repeat","background-position":"center center","background-size":"auto","background-attachment":"scroll","background-type":"","background-media":"","overlay-type":"","overlay-color":"","overlay-opacity":"","overlay-gradient":""},"mobile":{"background-color":"","background-image":"","background-repeat":"repeat","background-position":"center center","background-size":"auto","background-attachment":"scroll","background-type":"","background-media":"","overlay-type":"","overlay-color":"","overlay-opacity":"","overlay-gradient":""}},"ast-content-background-meta":{"desktop":{"background-color":"var(--ast-global-color-5)","background-image":"","background-repeat":"repeat","background-position":"center center","background-size":"auto","background-attachment":"scroll","background-type":"","background-media":"","overlay-type":"","overlay-color":"","overlay-opacity":"","overlay-gradient":""},"tablet":{"background-color":"var(--ast-global-color-5)","background-image":"","background-repeat":"repeat","background-position":"center center","background-size":"auto","background-attachment":"scroll","background-type":"","background-media":"","overlay-type":"","overlay-color":"","overlay-opacity":"","overlay-gradient":""},"mobile":{"background-color":"var(--ast-global-color-5)","background-image":"","background-repeat":"repeat","background-position":"center center","background-size":"auto","background-attachment":"scroll","background-type":"","background-media":"","overlay-type":"","overlay-color":"","overlay-opacity":"","overlay-gradient":""}}},"product_brand":[],"product_cat":[125,97],"product_tag":[],"class_list":{"0":"post-7103","1":"product","2":"type-product","3":"status-publish","4":"has-post-thumbnail","6":"product_cat-dalton","7":"product_cat-naole","8":"desktop-align-left","9":"tablet-align-left","10":"mobile-align-left","12":"first","13":"onbackorder","14":"taxable","15":"shipping-taxable","16":"product-type-simple","17":"add-to-wishlist-before_image"},"uagb_featured_image_src":{"full":["https:\/\/kosmeetika24.com\/wp-content\/uploads\/2025\/11\/4054621650324.webp",540,540,false],"thumbnail":["https:\/\/kosmeetika24.com\/wp-content\/uploads\/2025\/11\/4054621650324-150x150.webp",150,150,true],"medium":["https:\/\/kosmeetika24.com\/wp-content\/uploads\/2025\/11\/4054621650324-300x300.webp",300,300,true],"medium_large":["https:\/\/kosmeetika24.com\/wp-content\/uploads\/2025\/11\/4054621650324.webp",540,540,false],"large":["https:\/\/kosmeetika24.com\/wp-content\/uploads\/2025\/11\/4054621650324.webp",540,540,false],"1536x1536":["https:\/\/kosmeetika24.com\/wp-content\/uploads\/2025\/11\/4054621650324.webp",540,540,false],"2048x2048":["https:\/\/kosmeetika24.com\/wp-content\/uploads\/2025\/11\/4054621650324.webp",540,540,false],"trp-custom-language-flag":["https:\/\/kosmeetika24.com\/wp-content\/uploads\/2025\/11\/4054621650324-12x12.webp",12,12,true],"woocommerce_thumbnail":["https:\/\/kosmeetika24.com\/wp-content\/uploads\/2025\/11\/4054621650324-300x300.webp",300,300,true],"woocommerce_single":["https:\/\/kosmeetika24.com\/wp-content\/uploads\/2025\/11\/4054621650324-500x500.webp",500,500,true],"woocommerce_gallery_thumbnail":["https:\/\/kosmeetika24.com\/wp-content\/uploads\/2025\/11\/4054621650324-100x100.webp",100,100,true]},"uagb_author_info":{"display_name":"admin","author_link":"https:\/\/kosmeetika24.com\/ru\/author\/"},"uagb_comment_info":0,"uagb_excerpt":"K\u00f5rgelt kontsentreeritud vananemisvastased ampullid rakkude uuenemise kiirendamiseks Iga ampull sisaldab 2 miljonit merelist t\u00fcvirakku V\u00e4ga k\u00f5rgelt kontsentreeritud aktiivsete koostisosadega Crambe maritima kaitseb naharakke Kiirendab rakkude uuendamist Suurendab kollageeni tootmist kuni 43%*","_links":{"self":[{"href":"https:\/\/kosmeetika24.com\/ru\/wp-json\/wp\/v2\/product\/7103","targetHints":{"allow":["GET"]}}],"collection":[{"href":"https:\/\/kosmeetika24.com\/ru\/wp-json\/wp\/v2\/product"}],"about":[{"href":"https:\/\/kosmeetika24.com\/ru\/wp-json\/wp\/v2\/types\/product"}],"replies":[{"embeddable":true,"href":"https:\/\/kosmeetika24.com\/ru\/wp-json\/wp\/v2\/comments?post=7103"}],"version-history":[{"count":2,"href":"https:\/\/kosmeetika24.com\/ru\/wp-json\/wp\/v2\/product\/7103\/revisions"}],"predecessor-version":[{"id":7231,"href":"https:\/\/kosmeetika24.com\/ru\/wp-json\/wp\/v2\/product\/7103\/revisions\/7231"}],"wp:featuredmedia":[{"embeddable":true,"href":"https:\/\/kosmeetika24.com\/ru\/wp-json\/wp\/v2\/media\/7099"}],"wp:attachment":[{"href":"https:\/\/kosmeetika24.com\/ru\/wp-json\/wp\/v2\/media?parent=7103"}],"wp:term":[{"taxonomy":"product_brand","embeddable":true,"href":"https:\/\/kosmeetika24.com\/ru\/wp-json\/wp\/v2\/product_brand?post=7103"},{"taxonomy":"product_cat","embeddable":true,"href":"https:\/\/kosmeetika24.com\/ru\/wp-json\/wp\/v2\/product_cat?post=7103"},{"taxonomy":"product_tag","embeddable":true,"href":"https:\/\/kosmeetika24.com\/ru\/wp-json\/wp\/v2\/product_tag?post=7103"}],"curies":[{"name":"wp","href":"https:\/\/api.w.org\/{rel}","templated":true}]}}