{"id":6755,"date":"2024-11-07T16:28:06","date_gmt":"2024-11-07T13:28:06","guid":{"rendered":"https:\/\/kosmeetika24.com\/?post_type=product&#038;p=6755"},"modified":"2025-07-03T12:22:39","modified_gmt":"2025-07-03T09:22:39","slug":"charmyco-rahustav-ja-toitev-paevakreem-tundlikule-nahale","status":"publish","type":"product","link":"https:\/\/kosmeetika24.com\/ru\/product\/charmyco-rahustav-ja-toitev-paevakreem-tundlikule-nahale\/","title":{"rendered":"CHARMYCO \u0443\u0441\u043f\u043e\u043a\u0430\u0438\u0432\u0430\u044e\u0449\u0438\u0439 \u0438 \u043f\u0438\u0442\u0430\u0442\u0435\u043b\u044c\u043d\u044b\u0439 \u0434\u043d\u0435\u0432\u043d\u043e\u0439 \u043a\u0440\u0435\u043c \u0434\u043b\u044f \u0447\u0443\u0432\u0441\u0442\u0432\u0438\u0442\u0435\u043b\u044c\u043d\u043e\u0439 \u043a\u043e\u0436\u0438"},"content":{"rendered":"<p>Soothing & Repairing Day Cream For Sensitive Skin (50 ml)<\/p>\n<p><strong>\u041e\u0421\u041d\u041e\u0412\u041d\u042b\u0415 \u0414\u0415\u0419\u0421\u0422\u0412\u0423\u042e\u0429\u0418\u0415 \u0412\u0415\u0429\u0415\u0421\u0422\u0412\u0410<\/strong><\/p>\n<p><em>Phragmites Kharka Extract<\/em> \u2013 Pilliroo ekstrakt<br \/>\n<em>Avena Sativa Kernel Flour<\/em> \u2013 Kaera jahu<br \/>\n<em>Poria Cocos Extract<\/em> \u2013 Poria Cocos ekstrakt<br \/>\n\u2013 \u042d\u0441\u0442\u0435\u0440\u044b \u0436\u043e\u0436\u043e\u0431\u0430<br \/>\n<em>Glycyrrhiza Glabra (Licorice) Root Extract<\/em> \u2013 Lagritsa juure ekstrakt<br \/>\n<em>Chamomilla Recutita (Matricaria) Flower Extract<\/em> \u2013 Kummeli \u00f5ie ekstrakt<br \/>\n<em>Rosmarinus Officinalis (Rosemary) Leaf Extract<\/em> \u2013 Rosmariini lehe ekstrakt<br \/>\n<em>Alantoiin<\/em><\/p>\n<p><strong>\u041f\u0440\u0438\u043c\u0435\u043d\u0435\u043d\u0438\u0435<\/strong><\/p>\n<p>\u041e\u0447\u0438\u0441\u0442\u0438\u0442\u0435 \u0438 \u0442\u043e\u043d\u0438\u0437\u0438\u0440\u0443\u0439\u0442\u0435 \u043a\u043e\u0436\u0443, \u043d\u0430\u043d\u0435\u0441\u0438\u0442\u0435 \u043a\u0440\u0435\u043c \u043d\u0430 \u043b\u0438\u0446\u043e.<\/p>\n<p>\u0418\u0437\u0431\u0435\u0433\u0430\u0439\u0442\u0435 \u043a\u043e\u043d\u0442\u0430\u043a\u0442\u0430 \u0441 \u0433\u043b\u0430\u0437\u0430\u043c\u0438.<\/p>\n<p><strong>\u0421\u043e\u0441\u0442\u0430\u0432<\/strong><\/p>\n<p>Aqua, Propanediol, Niacinamide, Caprylic\/Capric Triglyceride, Dimethicone Titanium Dioxide, Talc, Phragmites Kharka Extract, Avena Sativa Kernel Flour, Potassium Cetyl Phosphate, Polyglyceryl-6 Distearate, Xanthan Gum, Poria Cocos Extract, Jojoba Esters, Polyglyceryl-3 Beeswax, Cetyl Alcohol, Butylene Glycol, Centella Asiatica Extract, Polygonum Cuspidatum Root Extract, Scutellaria Baicalensis Root Extract, Camellia Sinensis Leaf Extract, Glycyrrhiza Glabra (Licorice) Root Extract, Chamomilla Recutita (Matricaria) Flower Extract, Rosmarinus Officinalis (Rosemary) Leaf Extract, Pentylene Glycol, Glycerin, Fructose, Urea, Citric Acid, Sodium Hydroxide, Maltose, Sodium Pca, Sodium Chloride, Sodium Lactate, Trehalose, Allantoin, Sodium Hyaluronate, Glucose, CI 77492, CI 77491, CI 77499, Phenoxyethanol, Ethylhexylglycerin.<\/p>","protected":false},"excerpt":{"rendered":"<p>\u0421 \u043d\u0430\u0442\u0443\u0440\u0430\u043b\u044c\u043d\u044b\u043c \u043c\u044f\u0433\u043a\u0438\u043c \u0441\u043e\u0441\u0442\u0430\u0432\u043e\u043c. \u0421\u043e\u0434\u0435\u0440\u0436\u0438\u0442 \u0440\u043e\u0437\u043e\u0432\u043e\u0435 \u043c\u0430\u0441\u043b\u043e, \u043c\u0430\u0441\u043b\u043e \u0448\u0438 \u0438 \u044d\u043a\u0441\u0442\u0440\u0430\u043a\u0442 \u0446\u0435\u043d\u0442\u0435\u043b\u043b\u044b \u0430\u0437\u0438\u0430\u0442\u0441\u043a\u043e\u0439. \u041d\u0435\u0436\u043d\u044b\u0439 \u043a\u0440\u0435\u043c \u043e\u0431\u0435\u0441\u043f\u0435\u0447\u0438\u0432\u0430\u0435\u0442 \u043e\u0431\u043b\u0435\u0433\u0447\u0435\u043d\u0438\u0435 \u0438 \u0443\u0432\u043b\u0430\u0436\u043d\u0435\u043d\u0438\u0435 \u0434\u043b\u044f \u0443\u0441\u043f\u043e\u043a\u043e\u0435\u043d\u0438\u044f \u0447\u0443\u0432\u0441\u0442\u0432\u0438\u0442\u0435\u043b\u044c\u043d\u043e\u0439 \u043a\u043e\u0436\u0438.<\/p>","protected":false},"featured_media":6757,"comment_status":"closed","ping_status":"closed","template":"","meta":{"_uag_custom_page_level_css":"","site-sidebar-layout":"default","site-content-layout":"","ast-site-content-layout":"default","site-content-style":"default","site-sidebar-style":"default","ast-global-header-display":"","ast-banner-title-visibility":"","ast-main-header-display":"","ast-hfb-above-header-display":"","ast-hfb-below-header-display":"","ast-hfb-mobile-header-display":"","site-post-title":"","ast-breadcrumbs-content":"","ast-featured-img":"","footer-sml-layout":"","ast-disable-related-posts":"","theme-transparent-header-meta":"default","adv-header-id-meta":"","stick-header-meta":"","header-above-stick-meta":"","header-main-stick-meta":"","header-below-stick-meta":"","astra-migrate-meta-layouts":"set","ast-page-background-enabled":"default","ast-page-background-meta":{"desktop":{"background-color":"var(--ast-global-color-4)","background-image":"","background-repeat":"repeat","background-position":"center center","background-size":"auto","background-attachment":"scroll","background-type":"","background-media":"","overlay-type":"","overlay-color":"","overlay-opacity":"","overlay-gradient":""},"tablet":{"background-color":"","background-image":"","background-repeat":"repeat","background-position":"center center","background-size":"auto","background-attachment":"scroll","background-type":"","background-media":"","overlay-type":"","overlay-color":"","overlay-opacity":"","overlay-gradient":""},"mobile":{"background-color":"","background-image":"","background-repeat":"repeat","background-position":"center center","background-size":"auto","background-attachment":"scroll","background-type":"","background-media":"","overlay-type":"","overlay-color":"","overlay-opacity":"","overlay-gradient":""}},"ast-content-background-meta":{"desktop":{"background-color":"var(--ast-global-color-5)","background-image":"","background-repeat":"repeat","background-position":"center center","background-size":"auto","background-attachment":"scroll","background-type":"","background-media":"","overlay-type":"","overlay-color":"","overlay-opacity":"","overlay-gradient":""},"tablet":{"background-color":"var(--ast-global-color-5)","background-image":"","background-repeat":"repeat","background-position":"center center","background-size":"auto","background-attachment":"scroll","background-type":"","background-media":"","overlay-type":"","overlay-color":"","overlay-opacity":"","overlay-gradient":""},"mobile":{"background-color":"var(--ast-global-color-5)","background-image":"","background-repeat":"repeat","background-position":"center center","background-size":"auto","background-attachment":"scroll","background-type":"","background-media":"","overlay-type":"","overlay-color":"","overlay-opacity":"","overlay-gradient":""}}},"product_brand":[],"product_cat":[96,81],"product_tag":[],"class_list":{"0":"post-6755","1":"product","2":"type-product","3":"status-publish","4":"has-post-thumbnail","6":"product_cat-brands","7":"product_cat-charmyco","8":"desktop-align-left","9":"tablet-align-left","10":"mobile-align-left","12":"first","13":"instock","14":"taxable","15":"shipping-taxable","16":"product-type-simple","17":"add-to-wishlist-before_image"},"uagb_featured_image_src":{"full":["https:\/\/kosmeetika24.com\/wp-content\/uploads\/2024\/11\/IMG_5177.jpg",440,586,false],"thumbnail":["https:\/\/kosmeetika24.com\/wp-content\/uploads\/2024\/11\/IMG_5177-150x150.jpg",150,150,true],"medium":["https:\/\/kosmeetika24.com\/wp-content\/uploads\/2024\/11\/IMG_5177-225x300.jpg",225,300,true],"medium_large":["https:\/\/kosmeetika24.com\/wp-content\/uploads\/2024\/11\/IMG_5177.jpg",440,586,false],"large":["https:\/\/kosmeetika24.com\/wp-content\/uploads\/2024\/11\/IMG_5177.jpg",440,586,false],"1536x1536":["https:\/\/kosmeetika24.com\/wp-content\/uploads\/2024\/11\/IMG_5177.jpg",440,586,false],"2048x2048":["https:\/\/kosmeetika24.com\/wp-content\/uploads\/2024\/11\/IMG_5177.jpg",440,586,false],"trp-custom-language-flag":["https:\/\/kosmeetika24.com\/wp-content\/uploads\/2024\/11\/IMG_5177-9x12.jpg",9,12,true],"woocommerce_thumbnail":["https:\/\/kosmeetika24.com\/wp-content\/uploads\/2024\/11\/IMG_5177-300x300.jpg",300,300,true],"woocommerce_single":["https:\/\/kosmeetika24.com\/wp-content\/uploads\/2024\/11\/IMG_5177.jpg",440,586,false],"woocommerce_gallery_thumbnail":["https:\/\/kosmeetika24.com\/wp-content\/uploads\/2024\/11\/IMG_5177-100x100.jpg",100,100,true]},"uagb_author_info":{"display_name":"admin","author_link":"https:\/\/kosmeetika24.com\/ru\/author\/"},"uagb_comment_info":0,"uagb_excerpt":"Loodusliku \u00f5rna koostisega. Sisaldab Roosi\u00f5li, Sheav\u00f5i ja Centella Asiaticaekstrakt. \u00d5rn kreem annab leevendust ja niisutust, et rahustada tundlikkunahka.","_links":{"self":[{"href":"https:\/\/kosmeetika24.com\/ru\/wp-json\/wp\/v2\/product\/6755","targetHints":{"allow":["GET"]}}],"collection":[{"href":"https:\/\/kosmeetika24.com\/ru\/wp-json\/wp\/v2\/product"}],"about":[{"href":"https:\/\/kosmeetika24.com\/ru\/wp-json\/wp\/v2\/types\/product"}],"replies":[{"embeddable":true,"href":"https:\/\/kosmeetika24.com\/ru\/wp-json\/wp\/v2\/comments?post=6755"}],"version-history":[{"count":1,"href":"https:\/\/kosmeetika24.com\/ru\/wp-json\/wp\/v2\/product\/6755\/revisions"}],"predecessor-version":[{"id":6756,"href":"https:\/\/kosmeetika24.com\/ru\/wp-json\/wp\/v2\/product\/6755\/revisions\/6756"}],"wp:featuredmedia":[{"embeddable":true,"href":"https:\/\/kosmeetika24.com\/ru\/wp-json\/wp\/v2\/media\/6757"}],"wp:attachment":[{"href":"https:\/\/kosmeetika24.com\/ru\/wp-json\/wp\/v2\/media?parent=6755"}],"wp:term":[{"taxonomy":"product_brand","embeddable":true,"href":"https:\/\/kosmeetika24.com\/ru\/wp-json\/wp\/v2\/product_brand?post=6755"},{"taxonomy":"product_cat","embeddable":true,"href":"https:\/\/kosmeetika24.com\/ru\/wp-json\/wp\/v2\/product_cat?post=6755"},{"taxonomy":"product_tag","embeddable":true,"href":"https:\/\/kosmeetika24.com\/ru\/wp-json\/wp\/v2\/product_tag?post=6755"}],"curies":[{"name":"wp","href":"https:\/\/api.w.org\/{rel}","templated":true}]}}