{"id":6750,"date":"2024-11-08T11:59:22","date_gmt":"2024-11-08T08:59:22","guid":{"rendered":"https:\/\/kosmeetika24.com\/?post_type=product&#038;p=6750"},"modified":"2025-07-03T12:22:23","modified_gmt":"2025-07-03T09:22:23","slug":"charmyco-luksuslik-ja-noorendav-paevakreem","status":"publish","type":"product","link":"https:\/\/kosmeetika24.com\/ru\/product\/charmyco-luksuslik-ja-noorendav-paevakreem\/","title":{"rendered":"CHARMYCO \u0420\u043e\u0441\u043a\u043e\u0448\u043d\u044b\u0439 \u0438 \u043e\u043c\u043e\u043b\u0430\u0436\u0438\u0432\u0430\u044e\u0449\u0438\u0439 \u0434\u043d\u0435\u0432\u043d\u043e\u0439 \u043a\u0440\u0435\u043c"},"content":{"rendered":"<p>Luxury Rejuvenating Day Cream (50 ml)<\/p>\n<p><strong>\u041e\u0421\u041d\u041e\u0412\u041d\u042b\u0415 \u0414\u0415\u0419\u0421\u0422\u0412\u0423\u042e\u0429\u0418\u0415 \u0412\u0415\u0429\u0415\u0421\u0422\u0412\u0410<\/strong><\/p>\n<p><em>Bellis Perennis (Daisy) Flower Extract<\/em> \u2013 Kellukese \u00f5ie ekstrakt \u2013 aitab \u00fchtlustada nahatooni, v\u00e4hendada pigmentatsiooni ja anda nahale s\u00e4rav ja tervislik v\u00e4limus.<br \/>\n<em>Vaccinium Myrtillus Leaf Extract \u2013<\/em> Mustika lehe ekstrakt \u2013 v\u00f5imas antioks\u00fcdant, mis tugevdab kapillaaride seinu, parandab mikrotsirkulatsiooni ja kaitseb nahka vabade radikaalide eest.<br \/>\n<em>Avena Sativa Kernel Extract<\/em> \u2013 Kaera tuuma ekstrakt \u2013 s\u00fcgavniisutav ja pehmendav, andes nahale sileduse ja kaitstes seda \u00e4rrituste eest.<\/p>\n<p><strong>\u041f\u0440\u0438\u043c\u0435\u043d\u0435\u043d\u0438\u0435<\/strong><\/p>\n<p>\u041d\u0430\u043d\u0435\u0441\u0438\u0442\u0435 \u043d\u0430 \u043a\u043e\u0436\u0443 \u043b\u0435\u0433\u043a\u0438\u043c\u0438 \u043c\u0430\u0441\u0441\u0438\u0440\u0443\u044e\u0449\u0438\u043c\u0438 \u0434\u0432\u0438\u0436\u0435\u043d\u0438\u044f\u043c\u0438.<\/p>\n<p>\u0418\u0437\u0431\u0435\u0433\u0430\u0439\u0442\u0435 \u043a\u043e\u043d\u0442\u0430\u043a\u0442\u0430 \u0441 \u0433\u043b\u0430\u0437\u0430\u043c\u0438.<\/p>\n<p><strong>\u0421\u043e\u0441\u0442\u0430\u0432<\/strong><\/p>\n<p>Aqua, Polyglyceryl-10 Dipalmitate, Neopentyl Glycol Dicaprylate\/Dicaprate, Propanediol,<br \/>\nButyrospermum Parkii (Shea) Butter, Polyglyceryl-6 Distearate, Bellis Perennis (Daisy) Flower Extract,<br \/>\nJojoba Esters, Polyglyceryl-3 Beeswax, Cetyl Alcohol, Vaccinium Myrtillus Leaf Extract, Avena Sativa<br \/>\nKernel Extract, Caprylyl Glycol, Acetyl Hexapeptide-8, Ethylhexylglycerin, Phenoxyethanol,<br \/>\nCarbomer, Triethanolamine, Parfum, Alpha-Isomethyl Ionone, Citronellol, Limonene, Geraniol,<br \/>\nLinalool.<\/p>","protected":false},"excerpt":{"rendered":"<p>\u0421\u043e\u0437\u0434\u0430\u043d \u0441 \u0440\u043e\u0441\u043a\u043e\u0448\u043d\u043e\u0439 \u0444\u043e\u0440\u043c\u0443\u043b\u043e\u0439, \u043d\u0430\u0446\u0435\u043b\u0435\u043d\u043d\u043e\u0439 \u043d\u0430 \u043f\u0440\u0438\u0437\u043d\u0430\u043a\u0438 \u0441\u0442\u0430\u0440\u0435\u043d\u0438\u044f \u043a\u043e\u0436\u0438, \u0441\u043f\u043e\u0441\u043e\u0431\u0441\u0442\u0432\u0443\u044f \u0431\u043e\u043b\u0435\u0435 \u043c\u043e\u043b\u043e\u0434\u043e\u043c\u0443 \u0432\u043d\u0435\u0448\u043d\u0435\u043c\u0443 \u0432\u0438\u0434\u0443.<br \/>\n\u041e\u0431\u043e\u0433\u0430\u0449\u0435\u043d \u044d\u0444\u0444\u0435\u043a\u0442\u0438\u0432\u043d\u044b\u043c\u0438 \u0438\u043d\u0433\u0440\u0435\u0434\u0438\u0435\u043d\u0442\u0430\u043c\u0438, \u0442\u0430\u043a\u0438\u043c\u0438 \u043a\u0430\u043a \u043c\u0430\u0441\u043b\u043e \u0448\u0438, \u044d\u043a\u0441\u0442\u0440\u0430\u043a\u0442 \u043f\u043e\u0434\u0441\u043e\u043b\u043d\u0435\u0447\u043d\u0438\u043a\u0430 \u0438.<br \/>\na\u0446\u0435\u0442\u0438\u043b\u0433\u0435\u043a\u0441\u0430\u043f\u0435ptide-8. \u0423\u0432\u043b\u0430\u0436\u043d\u044f\u0435\u0442 \u043a\u043e\u0436\u0443, \u043f\u043e\u0434\u0442\u044f\u0433\u0438\u0432\u0430\u0435\u0442, \u0440\u0430\u0437\u0433\u043b\u0430\u0436\u0438\u0432\u0430\u0435\u0442 \u0438 \u043f\u043e\u043c\u043e\u0433\u0430\u0435\u0442 \u0434\u043e\u0441\u0442\u0438\u0447\u044c \u0436\u0435\u043b\u0430\u0435\u043c\u043e\u0433\u043e \u0432\u043d\u0435\u0448\u043d\u0435\u0433\u043e \u0432\u0438\u0434\u0430.<\/p>","protected":false},"featured_media":6761,"comment_status":"closed","ping_status":"closed","template":"","meta":{"_uag_custom_page_level_css":"","site-sidebar-layout":"default","site-content-layout":"","ast-site-content-layout":"default","site-content-style":"default","site-sidebar-style":"default","ast-global-header-display":"","ast-banner-title-visibility":"","ast-main-header-display":"","ast-hfb-above-header-display":"","ast-hfb-below-header-display":"","ast-hfb-mobile-header-display":"","site-post-title":"","ast-breadcrumbs-content":"","ast-featured-img":"","footer-sml-layout":"","ast-disable-related-posts":"","theme-transparent-header-meta":"default","adv-header-id-meta":"","stick-header-meta":"","header-above-stick-meta":"","header-main-stick-meta":"","header-below-stick-meta":"","astra-migrate-meta-layouts":"set","ast-page-background-enabled":"default","ast-page-background-meta":{"desktop":{"background-color":"var(--ast-global-color-4)","background-image":"","background-repeat":"repeat","background-position":"center center","background-size":"auto","background-attachment":"scroll","background-type":"","background-media":"","overlay-type":"","overlay-color":"","overlay-opacity":"","overlay-gradient":""},"tablet":{"background-color":"","background-image":"","background-repeat":"repeat","background-position":"center center","background-size":"auto","background-attachment":"scroll","background-type":"","background-media":"","overlay-type":"","overlay-color":"","overlay-opacity":"","overlay-gradient":""},"mobile":{"background-color":"","background-image":"","background-repeat":"repeat","background-position":"center center","background-size":"auto","background-attachment":"scroll","background-type":"","background-media":"","overlay-type":"","overlay-color":"","overlay-opacity":"","overlay-gradient":""}},"ast-content-background-meta":{"desktop":{"background-color":"var(--ast-global-color-5)","background-image":"","background-repeat":"repeat","background-position":"center center","background-size":"auto","background-attachment":"scroll","background-type":"","background-media":"","overlay-type":"","overlay-color":"","overlay-opacity":"","overlay-gradient":""},"tablet":{"background-color":"var(--ast-global-color-5)","background-image":"","background-repeat":"repeat","background-position":"center center","background-size":"auto","background-attachment":"scroll","background-type":"","background-media":"","overlay-type":"","overlay-color":"","overlay-opacity":"","overlay-gradient":""},"mobile":{"background-color":"var(--ast-global-color-5)","background-image":"","background-repeat":"repeat","background-position":"center center","background-size":"auto","background-attachment":"scroll","background-type":"","background-media":"","overlay-type":"","overlay-color":"","overlay-opacity":"","overlay-gradient":""}}},"product_brand":[],"product_cat":[96,81],"product_tag":[],"class_list":{"0":"post-6750","1":"product","2":"type-product","3":"status-publish","4":"has-post-thumbnail","6":"product_cat-brands","7":"product_cat-charmyco","8":"desktop-align-left","9":"tablet-align-left","10":"mobile-align-left","12":"first","13":"instock","14":"taxable","15":"shipping-taxable","16":"product-type-simple","17":"add-to-wishlist-before_image"},"uagb_featured_image_src":{"full":["https:\/\/kosmeetika24.com\/wp-content\/uploads\/2024\/11\/IMG_5178.jpg",440,586,false],"thumbnail":["https:\/\/kosmeetika24.com\/wp-content\/uploads\/2024\/11\/IMG_5178-150x150.jpg",150,150,true],"medium":["https:\/\/kosmeetika24.com\/wp-content\/uploads\/2024\/11\/IMG_5178-225x300.jpg",225,300,true],"medium_large":["https:\/\/kosmeetika24.com\/wp-content\/uploads\/2024\/11\/IMG_5178.jpg",440,586,false],"large":["https:\/\/kosmeetika24.com\/wp-content\/uploads\/2024\/11\/IMG_5178.jpg",440,586,false],"1536x1536":["https:\/\/kosmeetika24.com\/wp-content\/uploads\/2024\/11\/IMG_5178.jpg",440,586,false],"2048x2048":["https:\/\/kosmeetika24.com\/wp-content\/uploads\/2024\/11\/IMG_5178.jpg",440,586,false],"trp-custom-language-flag":["https:\/\/kosmeetika24.com\/wp-content\/uploads\/2024\/11\/IMG_5178-9x12.jpg",9,12,true],"woocommerce_thumbnail":["https:\/\/kosmeetika24.com\/wp-content\/uploads\/2024\/11\/IMG_5178-300x300.jpg",300,300,true],"woocommerce_single":["https:\/\/kosmeetika24.com\/wp-content\/uploads\/2024\/11\/IMG_5178.jpg",440,586,false],"woocommerce_gallery_thumbnail":["https:\/\/kosmeetika24.com\/wp-content\/uploads\/2024\/11\/IMG_5178-100x100.jpg",100,100,true]},"uagb_author_info":{"display_name":"admin","author_link":"https:\/\/kosmeetika24.com\/ru\/author\/"},"uagb_comment_info":0,"uagb_excerpt":"Loodud luksusliku valemiga, suunatud vananemism\u00e4rkideganahale, soodustades nooruslikumat jumet. Rikastatud t\u00f5husate koostisosadega nagu sheav\u00f5i, p\u00e4evalilleekstrakt ja atset\u00fc\u00fclheksapeptiid-8. Niisutab nahka, pinguldab, silub ja aitab saavutada soovitud v\u00e4limuse.","_links":{"self":[{"href":"https:\/\/kosmeetika24.com\/ru\/wp-json\/wp\/v2\/product\/6750","targetHints":{"allow":["GET"]}}],"collection":[{"href":"https:\/\/kosmeetika24.com\/ru\/wp-json\/wp\/v2\/product"}],"about":[{"href":"https:\/\/kosmeetika24.com\/ru\/wp-json\/wp\/v2\/types\/product"}],"replies":[{"embeddable":true,"href":"https:\/\/kosmeetika24.com\/ru\/wp-json\/wp\/v2\/comments?post=6750"}],"version-history":[{"count":1,"href":"https:\/\/kosmeetika24.com\/ru\/wp-json\/wp\/v2\/product\/6750\/revisions"}],"predecessor-version":[{"id":6751,"href":"https:\/\/kosmeetika24.com\/ru\/wp-json\/wp\/v2\/product\/6750\/revisions\/6751"}],"wp:featuredmedia":[{"embeddable":true,"href":"https:\/\/kosmeetika24.com\/ru\/wp-json\/wp\/v2\/media\/6761"}],"wp:attachment":[{"href":"https:\/\/kosmeetika24.com\/ru\/wp-json\/wp\/v2\/media?parent=6750"}],"wp:term":[{"taxonomy":"product_brand","embeddable":true,"href":"https:\/\/kosmeetika24.com\/ru\/wp-json\/wp\/v2\/product_brand?post=6750"},{"taxonomy":"product_cat","embeddable":true,"href":"https:\/\/kosmeetika24.com\/ru\/wp-json\/wp\/v2\/product_cat?post=6750"},{"taxonomy":"product_tag","embeddable":true,"href":"https:\/\/kosmeetika24.com\/ru\/wp-json\/wp\/v2\/product_tag?post=6750"}],"curies":[{"name":"wp","href":"https:\/\/api.w.org\/{rel}","templated":true}]}}