{"id":5472,"date":"2024-07-12T07:35:14","date_gmt":"2024-07-12T07:35:14","guid":{"rendered":"https:\/\/kosmeetika24.com\/?post_type=product&#038;p=5472"},"modified":"2025-07-03T12:16:15","modified_gmt":"2025-07-03T09:16:15","slug":"koru-pharma-glomedic-aqua-peptide-sara-taastav-mask-1kg-tellimisel","status":"publish","type":"product","link":"https:\/\/kosmeetika24.com\/ru\/product\/koru-pharma-glomedic-aqua-peptide-sara-taastav-mask-1kg-tellimisel\/","title":{"rendered":"KORU PHARMA &#8211; GLOMEDIC Aqua Peptide s\u00e4ra taastav mask, 1kg (tellimisel)"},"content":{"rendered":"<p><strong>\u041f\u0440\u0438\u043c\u0435\u043d\u0435\u043d\u0438\u0435<\/strong><\/p>\n<ul>\n<li>\u041f\u043e\u0440\u043e\u0448\u043e\u043a \u0430\u043b\u044c\u0433\u0438\u043d\u0430\u0442\u043d\u043e\u0439 \u043c\u0430\u0441\u043a\u0438 \u0441\u043b\u0435\u0434\u0443\u0435\u0442 \u0440\u0430\u0437\u0431\u0430\u0432\u0438\u0442\u044c \u0432\u043e\u0434\u043e\u0439 \u043a\u043e\u043c\u043d\u0430\u0442\u043d\u043e\u0439 \u0442\u0435\u043c\u043f\u0435\u0440\u0430\u0442\u0443\u0440\u044b.<\/li>\n<li>25 g pulbrit \u2013 25 ml vee kohta<\/li>\n<li>\u041f\u043e \u0436\u0435\u043b\u0430\u043d\u0438\u044e \u0443\u0432\u0435\u043b\u0438\u0447\u044c\u0442\u0435 \u043a\u043e\u043b\u0438\u0447\u0435\u0441\u0442\u0432\u043e \u043f\u043e\u0440\u043e\u0448\u043a\u0430 \u0438 \u0432\u043e\u0434\u044b.<\/li>\n<li>\u041d\u0430\u043d\u0435\u0441\u0438\u0442\u0435 \u043c\u0430\u0441\u043a\u0443 \u043d\u0430 \u043a\u043e\u0436\u0443 (\u0441\u043b\u043e\u0435\u043c 3-5 \u043c\u043c), \u043d\u043e \u043d\u0435 \u0437\u0430\u043a\u0440\u044b\u0432\u0430\u0439\u0442\u0435 \u043d\u043e\u0437\u0434\u0440\u0438.<\/li>\n<li>\u0423\u0434\u0430\u043b\u0438\u0442\u0435 \u043c\u0430\u0441\u043a\u0443 \u0447\u0435\u0440\u0435\u0437 30 \u043c\u0438\u043d\u0443\u0442, \u043d\u0430\u0447\u0438\u043d\u0430\u044f \u043e\u0442 \u0447\u0435\u043b\u044e\u0441\u0442\u0438 \u043a \u043b\u0431\u0443.<\/li>\n<li>\u0418\u0441\u043f\u043e\u043b\u044c\u0437\u0443\u0439\u0442\u0435 \u0442\u043e\u043b\u044c\u043a\u043e 2-3 \u0440\u0430\u0437\u0430 \u0432 \u043d\u0435\u0434\u0435\u043b\u044e.<\/li>\n<\/ul>\n<p><strong>\u0421\u043e\u0441\u0442\u0430\u0432<\/strong><\/p>\n<p>Maltodextrin, Diatomaceous Earth, Zea Mays (Corn) Starch, Glucose, Algin, Calcium Sulfate, Tetrasodium Pyrophosphate, Mica, Titanium Dioxide, Tin Oxide, Sodium Benzoate, Phenoxyethanol, Silk Amino Acids, Copper Tripeptide-1,Hydrolyzed Collagen, Niacinamide, Glycyrrhiza Glabra (Licorice), Root Extract, Pearl Extract, Allantoin, Dipotassium Glycyrrhizate, Fragrance.<\/p>","protected":false},"excerpt":{"rendered":"<p>\u041e\u0447\u0435\u043d\u044c \u043a\u043e\u043d\u0446\u0435\u043d\u0442\u0440\u0438\u0440\u043e\u0432\u0430\u043d\u043d\u0430\u044f \u043c\u0430\u0441\u043a\u0430 \u0441 \u0433\u043b\u0443\u0431\u043e\u043a\u0438\u043c \u043f\u043b\u0430\u0441\u0442\u0438\u0437\u0438\u0440\u0443\u044e\u0449\u0438\u043c \u044d\u0444\u0444\u0435\u043a\u0442\u043e\u043c. \u0411\u043b\u0430\u0433\u043e\u0434\u0430\u0440\u044f \u0431\u043e\u043b\u044c\u0448\u043e\u043c\u0443 \u0441\u043e\u0434\u0435\u0440\u0436\u0430\u043d\u0438\u044e \u043f\u0440\u0438\u0440\u043e\u0434\u043d\u044b\u0445 \u043f\u043e\u043b\u0438\u0441\u0430\u0445\u0430\u0440\u0438\u0434\u043e\u0432 \u0438 \u043c\u0438\u043a\u0440\u043e\u044d\u043b\u0435\u043c\u0435\u043d\u0442\u043e\u0432, \u043e\u043d\u0430 \u043e\u0431\u043b\u0430\u0434\u0430\u0435\u0442 \u043c\u043e\u0449\u043d\u044b\u043c \u043f\u043e\u0434\u0442\u044f\u0433\u0438\u0432\u0430\u044e\u0449\u0438\u043c, \u0443\u0432\u043b\u0430\u0436\u043d\u044f\u044e\u0449\u0438\u043c \u0438 \u0443\u043a\u0440\u0435\u043f\u043b\u044f\u044e\u0449\u0438\u043c \u0434\u0435\u0439\u0441\u0442\u0432\u0438\u0435\u043c \u043d\u0430 \u043a\u043e\u0436\u0443.<\/p>\n<p>\u0413\u0438\u0434\u0440\u043e\u043b\u0438\u0437\u043e\u0432\u0430\u043d\u043d\u044b\u0435 \u043c\u043e\u043b\u0435\u043a\u0443\u043b\u044b \u043a\u043e\u043b\u043b\u0430\u0433\u0435\u043d\u0430 \u043f\u0440\u043e\u043d\u0438\u043a\u0430\u044e\u0442 \u0432 \u0434\u0435\u0440\u043c\u0443, \u0440\u0435\u0441\u0442\u0440\u0443\u043a\u0442\u0443\u0440\u0438\u0440\u0443\u044f \u0435\u0451 \u043a\u0430\u0440\u043a\u0430\u0441 \u0438 \u0443\u043a\u0440\u0435\u043f\u043b\u044f\u044f \u0432\u043d\u0435\u043a\u043b\u0435\u0442\u043e\u0447\u043d\u044b\u0439 \u043c\u0430\u0442\u0440\u0438\u043a\u0441, \u0441\u0442\u0438\u043c\u0443\u043b\u0438\u0440\u0443\u044f \u0441\u0438\u043d\u0442\u0435\u0437 \u043a\u043e\u043b\u043b\u0430\u0433\u0435\u043d\u0430.<\/p>\n<p>Taimeekstraktide kompleks rahustab nahka kiiresti, k\u00f5rvaldades k\u00f5ik \u00e4rrituse ja punetuse tunnused.<\/p>\n<p>Taastab naha toonuse ja elastsuse, v\u00e4hendab s\u00fcgavaid kortse, omab pinguldavat toimet ja parandab n\u00e4okontuuri.<\/p>\n<p>Ideaalne kasutamiseks kosmeetiliste protseduuride l\u00f5ppfaasis.<\/p>\n<p>\u041f\u043e\u0434\u0445\u043e\u0434\u0438\u0442 \u0434\u043b\u044f \u0432\u0441\u0435\u0445 \u0442\u0438\u043f\u043e\u0432 \u043a\u043e\u0436\u0438.<\/p>\n<p><strong>Aqua Peptide maskide<\/strong>\u00a0\u0438\u0441\u043a\u043b\u044e\u0447\u0438\u0442\u0435\u043b\u044c\u043d\u0430\u044f \u044d\u0444\u0444\u0435\u043a\u0442\u0438\u0432\u043d\u043e\u0441\u0442\u044c \u043e\u0441\u043d\u043e\u0432\u0430\u043d\u0430 \u043d\u0430 \u0438\u043d\u043d\u043e\u0432\u0430\u0446\u0438\u043e\u043d\u043d\u043e\u0439 \u0442\u0435\u0445\u043d\u043e\u043b\u043e\u0433\u0438\u0438 \u0438 \u0443\u043d\u0438\u043a\u0430\u043b\u044c\u043d\u044b\u0445 \u043a\u043e\u043c\u043f\u043e\u043d\u0435\u043d\u0442\u0430\u0445. \u0418\u043d\u0433\u0440\u0435\u0434\u0438\u0435\u043d\u0442\u044b \u0438\u0437\u043c\u0435\u043b\u044c\u0447\u0430\u044e\u0442\u0441\u044f \u0432 \u043c\u0435\u043b\u043a\u0438\u0435 \u0443\u043b\u044c\u0442\u0440\u0430\u043c\u0438\u043a\u0440\u043e\u0441\u043a\u043e\u043f\u0438\u0447\u0435\u0441\u043a\u0438\u0435 \u0447\u0430\u0441\u0442\u0438\u0446\u044b, \u043f\u0440\u043e\u043d\u0438\u043a\u0430\u044f \u0442\u0430\u043a\u0438\u043c \u043e\u0431\u0440\u0430\u0437\u043e\u043c \u0432 \u043a\u043e\u0436\u0443, \u043c\u0433\u043d\u043e\u0432\u0435\u043d\u043d\u043e \u0434\u043e\u0441\u0442\u0438\u0433\u0430\u044f \u0434\u0435\u0440\u043c\u044b \u0438 \u043e\u0431\u0435\u0441\u043f\u0435\u0447\u0438\u0432\u0430\u044f \u043c\u043e\u0449\u043d\u044b\u0439 \u043a\u043e\u0441\u043c\u0435\u0442\u0438\u0447\u0435\u0441\u043a\u0438\u0439 \u044d\u0444\u0444\u0435\u043a\u0442, \u043a\u043e\u0442\u043e\u0440\u044b\u0439 \u0432 10 \u0440\u0430\u0437 \u044d\u0444\u0444\u0435\u043a\u0442\u0438\u0432\u043d\u0435\u0435, \u0447\u0435\u043c \u0438\u0441\u043f\u043e\u043b\u044c\u0437\u043e\u0432\u0430\u043d\u0438\u0435 \u043e\u0431\u044b\u0447\u043d\u043e\u0439 \u043c\u0430\u0441\u043a\u0438.<\/p>\n<p>\u042d\u043a\u0441\u043a\u043b\u044e\u0437\u0438\u0432\u043d\u044b\u0435, \u0441\u043e\u0432\u0435\u0440\u0448\u0435\u043d\u043d\u043e \u043d\u043e\u0432\u044b\u0435 \u0437\u0430\u043f\u0430\u0442\u0435\u043d\u0442\u043e\u0432\u0430\u043d\u043d\u044b\u0435 \u043a\u043e\u043c\u043f\u043e\u043d\u0435\u043d\u0442\u044b, \u0438\u0441\u043f\u043e\u043b\u044c\u0437\u0443\u0435\u043c\u044b\u0435 \u0432 \u043a\u0430\u0436\u0434\u043e\u0439 \u043c\u0430\u0441\u043a\u0435, \u043e\u0431\u0435\u0441\u043f\u0435\u0447\u0438\u0432\u0430\u044e\u0442 \u0441\u0435\u043b\u0435\u043a\u0442\u0438\u0432\u043d\u043e\u0435, \u043d\u043e \u0432 \u0442\u043e \u0436\u0435 \u0432\u0440\u0435\u043c\u044f \u0441\u043b\u043e\u0436\u043d\u043e\u0435 \u0441\u0442\u0438\u043c\u0443\u043b\u0438\u0440\u0443\u044e\u0449\u0435\u0435, \u0432\u043e\u0441\u0441\u0442\u0430\u043d\u0430\u0432\u043b\u0438\u0432\u0430\u044e\u0449\u0435\u0435 \u0438 \u043e\u043c\u043e\u043b\u0430\u0436\u0438\u0432\u0430\u044e\u0449\u0435\u0435 \u0434\u0435\u0439\u0441\u0442\u0432\u0438\u0435, \u0433\u0430\u0440\u0430\u043d\u0442\u0438\u0440\u0443\u044f \u0431\u0435\u0441\u043f\u0440\u0435\u0446\u0435\u0434\u0435\u043d\u0442\u043d\u044b\u0435 \u0434\u043e\u043b\u0433\u043e\u0441\u0440\u043e\u0447\u043d\u044b\u0435 \u0438 \u0432\u0438\u0434\u0438\u043c\u044b\u0435 \u0440\u0435\u0437\u0443\u043b\u044c\u0442\u0430\u0442\u044b.<\/p>","protected":false},"featured_media":6843,"comment_status":"closed","ping_status":"closed","template":"","meta":{"_uag_custom_page_level_css":"","site-sidebar-layout":"default","site-content-layout":"","ast-site-content-layout":"default","site-content-style":"default","site-sidebar-style":"default","ast-global-header-display":"","ast-banner-title-visibility":"","ast-main-header-display":"","ast-hfb-above-header-display":"","ast-hfb-below-header-display":"","ast-hfb-mobile-header-display":"","site-post-title":"","ast-breadcrumbs-content":"","ast-featured-img":"","footer-sml-layout":"","ast-disable-related-posts":"","theme-transparent-header-meta":"default","adv-header-id-meta":"","stick-header-meta":"","header-above-stick-meta":"","header-main-stick-meta":"","header-below-stick-meta":"","astra-migrate-meta-layouts":"set","ast-page-background-enabled":"default","ast-page-background-meta":{"desktop":{"background-color":"var(--ast-global-color-4)","background-image":"","background-repeat":"repeat","background-position":"center center","background-size":"auto","background-attachment":"scroll","background-type":"","background-media":"","overlay-type":"","overlay-color":"","overlay-opacity":"","overlay-gradient":""},"tablet":{"background-color":"","background-image":"","background-repeat":"repeat","background-position":"center center","background-size":"auto","background-attachment":"scroll","background-type":"","background-media":"","overlay-type":"","overlay-color":"","overlay-opacity":"","overlay-gradient":""},"mobile":{"background-color":"","background-image":"","background-repeat":"repeat","background-position":"center center","background-size":"auto","background-attachment":"scroll","background-type":"","background-media":"","overlay-type":"","overlay-color":"","overlay-opacity":"","overlay-gradient":""}},"ast-content-background-meta":{"desktop":{"background-color":"var(--ast-global-color-5)","background-image":"","background-repeat":"repeat","background-position":"center center","background-size":"auto","background-attachment":"scroll","background-type":"","background-media":"","overlay-type":"","overlay-color":"","overlay-opacity":"","overlay-gradient":""},"tablet":{"background-color":"var(--ast-global-color-5)","background-image":"","background-repeat":"repeat","background-position":"center center","background-size":"auto","background-attachment":"scroll","background-type":"","background-media":"","overlay-type":"","overlay-color":"","overlay-opacity":"","overlay-gradient":""},"mobile":{"background-color":"var(--ast-global-color-5)","background-image":"","background-repeat":"repeat","background-position":"center center","background-size":"auto","background-attachment":"scroll","background-type":"","background-media":"","overlay-type":"","overlay-color":"","overlay-opacity":"","overlay-gradient":""}}},"product_brand":[],"product_cat":[96,123,97],"product_tag":[],"class_list":{"0":"post-5472","1":"product","2":"type-product","3":"status-publish","4":"has-post-thumbnail","6":"product_cat-brands","7":"product_cat-koru-pharma","8":"product_cat-naole","9":"desktop-align-left","10":"tablet-align-left","11":"mobile-align-left","13":"first","14":"onbackorder","15":"taxable","16":"shipping-taxable","17":"product-type-simple","18":"add-to-wishlist-before_image"},"uagb_featured_image_src":{"full":["https:\/\/kosmeetika24.com\/wp-content\/uploads\/2024\/07\/GLOMEDIC-Cool-packet-mask-Koru-Pharma-1-1.png",1800,1800,false],"thumbnail":["https:\/\/kosmeetika24.com\/wp-content\/uploads\/2024\/07\/GLOMEDIC-Cool-packet-mask-Koru-Pharma-1-1-150x150.png",150,150,true],"medium":["https:\/\/kosmeetika24.com\/wp-content\/uploads\/2024\/07\/GLOMEDIC-Cool-packet-mask-Koru-Pharma-1-1-300x300.png",300,300,true],"medium_large":["https:\/\/kosmeetika24.com\/wp-content\/uploads\/2024\/07\/GLOMEDIC-Cool-packet-mask-Koru-Pharma-1-1-768x768.png",768,768,true],"large":["https:\/\/kosmeetika24.com\/wp-content\/uploads\/2024\/07\/GLOMEDIC-Cool-packet-mask-Koru-Pharma-1-1-1024x1024.png",1024,1024,true],"1536x1536":["https:\/\/kosmeetika24.com\/wp-content\/uploads\/2024\/07\/GLOMEDIC-Cool-packet-mask-Koru-Pharma-1-1-1536x1536.png",1536,1536,true],"2048x2048":["https:\/\/kosmeetika24.com\/wp-content\/uploads\/2024\/07\/GLOMEDIC-Cool-packet-mask-Koru-Pharma-1-1.png",1800,1800,false],"trp-custom-language-flag":["https:\/\/kosmeetika24.com\/wp-content\/uploads\/2024\/07\/GLOMEDIC-Cool-packet-mask-Koru-Pharma-1-1-12x12.png",12,12,true],"woocommerce_thumbnail":["https:\/\/kosmeetika24.com\/wp-content\/uploads\/2024\/07\/GLOMEDIC-Cool-packet-mask-Koru-Pharma-1-1-300x300.png",300,300,true],"woocommerce_single":["https:\/\/kosmeetika24.com\/wp-content\/uploads\/2024\/07\/GLOMEDIC-Cool-packet-mask-Koru-Pharma-1-1-500x500.png",500,500,true],"woocommerce_gallery_thumbnail":["https:\/\/kosmeetika24.com\/wp-content\/uploads\/2024\/07\/GLOMEDIC-Cool-packet-mask-Koru-Pharma-1-1-100x100.png",100,100,true]},"uagb_author_info":{"display_name":"admin","author_link":"https:\/\/kosmeetika24.com\/ru\/author\/"},"uagb_comment_info":0,"uagb_excerpt":"V\u00e4ga kontsentreeritud mask, millel on s\u00fcgav plastifitseeriv toime. Loodusliku p\u00e4ritoluga pol\u00fcsahhariidide ja oligoelementide rohkuse t\u00f5ttu on sellel tugev nahka t\u00f5stev, niisutav ja pinguldav toime. H\u00fcdrol\u00fc\u00fcsitud kollageenimolekulid tungivad dermisse, restruktureerides selle raamistikku ja tugevdades rakuv\u00e4list maatriksit ning stimuleerides kollageeni s\u00fcnteesi. Taimeekstraktide kompleks rahustab nahka kiiresti, k\u00f5rvaldades k\u00f5ik \u00e4rrituse ja punetuse tunnused. Taastab naha toonuse ja elastsuse,&hellip;","_links":{"self":[{"href":"https:\/\/kosmeetika24.com\/ru\/wp-json\/wp\/v2\/product\/5472","targetHints":{"allow":["GET"]}}],"collection":[{"href":"https:\/\/kosmeetika24.com\/ru\/wp-json\/wp\/v2\/product"}],"about":[{"href":"https:\/\/kosmeetika24.com\/ru\/wp-json\/wp\/v2\/types\/product"}],"replies":[{"embeddable":true,"href":"https:\/\/kosmeetika24.com\/ru\/wp-json\/wp\/v2\/comments?post=5472"}],"version-history":[{"count":8,"href":"https:\/\/kosmeetika24.com\/ru\/wp-json\/wp\/v2\/product\/5472\/revisions"}],"predecessor-version":[{"id":6046,"href":"https:\/\/kosmeetika24.com\/ru\/wp-json\/wp\/v2\/product\/5472\/revisions\/6046"}],"wp:featuredmedia":[{"embeddable":true,"href":"https:\/\/kosmeetika24.com\/ru\/wp-json\/wp\/v2\/media\/6843"}],"wp:attachment":[{"href":"https:\/\/kosmeetika24.com\/ru\/wp-json\/wp\/v2\/media?parent=5472"}],"wp:term":[{"taxonomy":"product_brand","embeddable":true,"href":"https:\/\/kosmeetika24.com\/ru\/wp-json\/wp\/v2\/product_brand?post=5472"},{"taxonomy":"product_cat","embeddable":true,"href":"https:\/\/kosmeetika24.com\/ru\/wp-json\/wp\/v2\/product_cat?post=5472"},{"taxonomy":"product_tag","embeddable":true,"href":"https:\/\/kosmeetika24.com\/ru\/wp-json\/wp\/v2\/product_tag?post=5472"}],"curies":[{"name":"wp","href":"https:\/\/api.w.org\/{rel}","templated":true}]}}