{"id":5466,"date":"2024-07-12T07:31:52","date_gmt":"2024-07-12T07:31:52","guid":{"rendered":"https:\/\/kosmeetika24.com\/?post_type=product&#038;p=5466"},"modified":"2025-07-03T12:16:38","modified_gmt":"2025-07-03T09:16:38","slug":"koru-pharma-mesoheal-mesoteraapia-ravijargne-mask","status":"publish","type":"product","link":"https:\/\/kosmeetika24.com\/ru\/product\/koru-pharma-mesoheal-mesoteraapia-ravijargne-mask\/","title":{"rendered":"KORU PHARMA \u2013 \u041c\u0430\u0441\u043a\u0430 Mesoheal \u043f\u043e\u0441\u043b\u0435 \u043c\u0435\u0437\u043e\u0442\u0435\u0440\u0430\u043f\u0438\u0438"},"content":{"rendered":"<div class=\"wpb_raw_code wpb_content_element wpb_raw_html\">\n<div class=\"wpb_wrapper\">\u0412 \u043d\u0430\u0441\u0442\u043e\u044f\u0449\u0435\u0435 \u0432\u0440\u0435\u043c\u044f \u043c\u0435\u0437\u043e\u0442\u0435\u0440\u0430\u043f\u0438\u044f \u043e\u0447\u0435\u043d\u044c \u043f\u043e\u043f\u0443\u043b\u044f\u0440\u043d\u0430. \u042d\u0442\u043e \u043e\u0434\u0438\u043d \u0438\u0437 \u0441\u0430\u043c\u044b\u0445 \u044d\u0444\u0444\u0435\u043a\u0442\u0438\u0432\u043d\u044b\u0445 \u0441\u043f\u043e\u0441\u043e\u0431\u043e\u0432 \u043e\u043c\u043e\u043b\u043e\u0436\u0435\u043d\u0438\u044f \u043a\u043e\u0436\u0438 \u0438 \u043f\u0440\u0435\u0434\u043e\u0442\u0432\u0440\u0430\u0449\u0435\u043d\u0438\u044f \u0441\u0442\u0430\u0440\u0435\u043d\u0438\u044f. \u041e\u0434\u043d\u0430\u043a\u043e \u044d\u0444\u0444\u0435\u043a\u0442\u0438\u0432\u043d\u043e\u0441\u0442\u044c \u044d\u0442\u043e\u0439 \u043f\u0440\u043e\u0446\u0435\u0434\u0443\u0440\u044b \u043d\u0430\u043f\u0440\u044f\u043c\u0443\u044e \u0437\u0430\u0432\u0438\u0441\u0438\u0442 \u043e\u0442 \u043a\u0430\u0447\u0435\u0441\u0442\u0432\u0430 \u0438 \u043a\u043e\u0440\u0440\u0435\u043a\u0442\u043d\u043e\u0441\u0442\u0438 \u0443\u0445\u043e\u0434\u0430 \u0437\u0430 \u043a\u043e\u0436\u0435\u0439 \u043d\u0430 \u043f\u043e\u0441\u043b\u0435\u0434\u0443\u044e\u0449\u0438\u0445 \u044d\u0442\u0430\u043f\u0430\u0445. \u0423\u0445\u043e\u0434 \u0432 \u043f\u0435\u0440\u0438\u043e\u0434 \u0432\u043e\u0441\u0441\u0442\u0430\u043d\u043e\u0432\u043b\u0435\u043d\u0438\u044f \u0438\u0433\u0440\u0430\u0435\u0442 \u043a\u043b\u044e\u0447\u0435\u0432\u0443\u044e \u0440\u043e\u043b\u044c.<\/div>\n<\/div>\n<div class=\"wpb_raw_code wpb_content_element wpb_raw_html\">\n<div class=\"wpb_wrapper\">\n<div><\/div>\n<div class=\"benefits\"><strong style=\"font-size: 16px;\">Mesoheal Mesotherapy Post-Treatment Care Mask<\/strong><span style=\"font-size: 16px;\">\u00a0- o\u043d\u0430 \u0441\u043f\u0435\u0446\u0438\u0430\u043b\u044c\u043d\u043e \u0440\u0430\u0437\u0440\u0430\u0431\u043e\u0442\u0430\u043d\u0430 \u0434\u043b\u044f \u0443\u0441\u043a\u043e\u0440\u0435\u043d\u0438\u044f \u0432\u043e\u0441\u0441\u0442\u0430\u043d\u043e\u0432\u043b\u0435\u043d\u0438\u044f \u043a\u043e\u0436\u0438 \u043f\u043e\u0441\u043b\u0435 \u043c\u0435\u0437\u043e\u0442\u0435\u0440\u0430\u043f\u0438\u0438 \u0438 \u0437\u0430\u0449\u0438\u0442\u044b \u043e\u0442 \u0432\u043e\u0437\u043c\u043e\u0436\u043d\u044b\u0445 \u0432\u043e\u0441\u043f\u0430\u043b\u0435\u043d\u0438\u0439. \u041c\u0430\u0441\u043a\u0430 \u043e\u0441\u043d\u043e\u0432\u0430\u043d\u0430 \u043d\u0430 \u0443\u043b\u044c\u0442\u0440\u0430\u0442\u043e\u043d\u043a\u043e\u043c \u0442\u043a\u0430\u043d\u0435\u0432\u043e\u043c \u043f\u043e\u043b\u043e\u0442\u0435\u043d\u0446\u0435 \u0438\u0437 \u0431\u0430\u043c\u0431\u0443\u043a\u043e\u0432\u044b\u0445 \u0432\u043e\u043b\u043e\u043a\u043e\u043d. \u042d\u0442\u043e\u0442 \u043c\u0430\u0442\u0435\u0440\u0438\u0430\u043b \u0438\u043c\u0435\u0435\u0442 \u043c\u0435\u0436\u0434\u0443\u043d\u0430\u0440\u043e\u0434\u043d\u044b\u0439 \u0441\u0435\u0440\u0442\u0438\u0444\u0438\u043a\u0430\u0442 \u0431\u0435\u0437\u043e\u043f\u0430\u0441\u043d\u043e\u0441\u0442\u0438 Oeko-Tex Standard 100 \u0438 \u043d\u0435 \u0432\u044b\u0437\u044b\u0432\u0430\u0435\u0442 \u0430\u043b\u043b\u0435\u0440\u0433\u0438\u0438. \u0422\u043a\u0430\u043d\u044c \u043d\u0430\u0441\u0442\u043e\u043b\u044c\u043a\u043e \u043d\u0435\u0436\u043d\u0430\u044f, \u0447\u0442\u043e \u0435\u0435 \u043c\u043e\u0436\u043d\u043e \u0438\u0441\u043f\u043e\u043b\u044c\u0437\u043e\u0432\u0430\u0442\u044c \u0434\u0430\u0436\u0435 \u043d\u0430 \u0440\u0430\u0437\u0434\u0440\u0430\u0436\u0435\u043d\u043d\u043e\u0439 \u043a\u043e\u0436\u0435. \u0422\u043a\u0430\u043d\u044c \u043f\u043e\u043c\u043e\u0433\u0430\u0435\u0442 \u0430\u043a\u0442\u0438\u0432\u043d\u044b\u043c \u0438\u043d\u0433\u0440\u0435\u0434\u0438\u0435\u043d\u0442\u0430\u043c \u043f\u043e\u043b\u043d\u043e\u0441\u0442\u044c\u044e \u0432\u043f\u0438\u0442\u0430\u0442\u044c\u0441\u044f \u0432 \u043a\u043e\u0436\u0443, \u043f\u0440\u0438 \u044d\u0442\u043e\u043c \u043d\u0435 \u043f\u043e\u0437\u0432\u043e\u043b\u044f\u044f \u0433\u0435\u043b\u044e \u0440\u0430\u0441\u0442\u0435\u043a\u0430\u0442\u044c\u0441\u044f \u0438\u043b\u0438 \u043f\u043e\u043f\u0430\u0434\u0430\u0442\u044c \u0432 \u0433\u043b\u0430\u0437\u0430, \u043d\u043e\u0437\u0434\u0440\u0438 \u0438\u043b\u0438 \u0440\u043e\u0442.<\/span><\/div>\n<\/div>\n<\/div>\n<div class=\"wpb_raw_code wpb_content_element wpb_raw_html\">\n<div class=\"wpb_wrapper\">\n<div class=\"nectar_image_with_hotspots hidden-mobile\" data-stlye=\"color_pulse\" data-hotspot-icon=\"plus_sign\" data-size=\"medium\" data-color=\"accent-color\" data-tooltip-func=\"hover\" data-tooltip_shadow=\"none\" data-animation=\"\">\n<div id=\"nectar1\" class=\"nectar_hotspot_wrap\">\n<div class=\"nectar_hotspot\">\n<p>\u041e\u0441\u043d\u043e\u0432\u0430 \u043c\u0430\u0441\u043a\u0438 \u043d\u0430\u0441\u044b\u0449\u0435\u043d\u0430 \u0443\u043d\u0438\u043a\u0430\u043b\u044c\u043d\u044b\u043c \u0441\u043e\u0441\u0442\u0430\u0432\u043e\u043c \u0432\u0435\u0449\u0435\u0441\u0442\u0432, \u0432\u043a\u043b\u044e\u0447\u0430\u044f \u0433\u0438\u0430\u043b\u0443\u0440\u043e\u043d\u043e\u0432\u0443\u044e \u043a\u0438\u0441\u043b\u043e\u0442\u0443 \u0438 \u03b2-\u0413\u041b\u042e\u041a\u0410\u041d. \u041a\u043e\u043d\u0446\u0435\u043d\u0442\u0440\u0430\u0446\u0438\u044f \u0438 \u043f\u0440\u043e\u043f\u043e\u0440\u0446\u0438\u0438 \u0438\u043d\u0433\u0440\u0435\u0434\u0438\u0435\u043d\u0442\u043e\u0432 \u043e\u0440\u0433\u0430\u043d\u0438\u0437\u043e\u0432\u0430\u043d\u044b \u0442\u0430\u043a\u0438\u043c \u043e\u0431\u0440\u0430\u0437\u043e\u043c, \u0447\u0442\u043e\u0431\u044b \u043e\u0431\u0435\u0441\u043f\u0435\u0447\u0438\u0442\u044c \u043c\u0430\u043a\u0441\u0438\u043c\u0430\u043b\u044c\u043d\u0443\u044e \u044d\u0444\u0444\u0435\u043a\u0442\u0438\u0432\u043d\u043e\u0441\u0442\u044c \u0443\u0445\u043e\u0434\u0430 \u0437\u0430 \u043a\u043e\u0436\u0435\u0439 \u0432 \u043f\u0435\u0440\u0432\u044b\u0435 \u0434\u043d\u0438 \u043f\u043e\u0441\u043b\u0435 \u043c\u0435\u0437\u043e\u0442\u0435\u0440\u0430\u043f\u0438\u0438.<\/p>\n<p>\u041c\u0435\u0437\u043e\u0442\u0435\u0440\u0430\u043f\u0438\u044f \u043f\u0440\u0435\u0434\u043d\u0430\u0437\u043d\u0430\u0447\u0435\u043d\u0430 \u0434\u043b\u044f \u0436\u0435\u043d\u0449\u0438\u043d, \u0443 \u043a\u043e\u0442\u043e\u0440\u044b\u0445 \u0443\u0436\u0435 \u0435\u0441\u0442\u044c \u043f\u0440\u043e\u0431\u043b\u0435\u043c\u044b \u0441 \u043a\u043e\u0436\u0435\u0439, \u0447\u0442\u043e \u0434\u0435\u043b\u0430\u0435\u0442 \u043b\u0438\u0446\u043e \u043a\u0440\u0430\u0439\u043d\u0435 \u0443\u044f\u0437\u0432\u0438\u043c\u044b\u043c \u0441\u0440\u0430\u0437\u0443 \u043f\u043e\u0441\u043b\u0435 \u043f\u0440\u043e\u0446\u0435\u0434\u0443\u0440\u044b. \u0420\u0435\u0433\u0443\u043b\u044f\u0440\u043d\u043e\u0435 \u0438\u0441\u043f\u043e\u043b\u044c\u0437\u043e\u0432\u0430\u043d\u0438\u0435 \u043c\u0430\u0441\u043a\u0438 \u043f\u043e\u043c\u043e\u0433\u0430\u0435\u0442 \u043f\u0440\u0435\u0434\u043e\u0442\u0432\u0440\u0430\u0442\u0438\u0442\u044c \u043c\u043d\u043e\u0433\u0438\u0435 \u043f\u0440\u043e\u0431\u043b\u0435\u043c\u044b.<\/p>\n<p><strong>\u041a\u043b\u044e\u0447\u0435\u0432\u044b\u0435 \u043f\u0440\u0435\u0438\u043c\u0443\u0449\u0435\u0441\u0442\u0432\u0430:<\/strong><\/p>\n<ul>\n<li>\u041a\u043e\u0436\u0430 \u0437\u0430\u0449\u0438\u0449\u0435\u043d\u0430 \u043e\u0442 \u0432\u044b\u0441\u044b\u0445\u0430\u043d\u0438\u044f \u0438 \u043f\u043e\u043b\u0443\u0447\u0430\u0435\u0442 \u043e\u043f\u0442\u0438\u043c\u0430\u043b\u044c\u043d\u043e\u0435 \u0443\u0432\u043b\u0430\u0436\u043d\u0435\u043d\u0438\u0435.<\/li>\n<li>\u0423\u0441\u0442\u0440\u0430\u043d\u0435\u043d\u0438\u0435 \u0440\u0430\u0437\u0434\u0440\u0430\u0436\u0435\u043d\u0438\u044f.<\/li>\n<li>\u0417\u0430\u0449\u0438\u0442\u0430 \u043e\u0442 \u0448\u0435\u043b\u0443\u0448\u0435\u043d\u0438\u044f.<\/li>\n<li>\u041f\u0440\u043e\u0444\u0438\u043b\u0430\u043a\u0442\u0438\u043a\u0430 \u043e\u0442\u0435\u043a\u043e\u0432 \u0438 \u0441\u0438\u043d\u044f\u043a\u043e\u0432.<\/li>\n<li>\u0423\u043b\u0443\u0447\u0448\u0430\u0435\u0442 \u0440\u0435\u043b\u044c\u0435\u0444 \u043a\u043e\u0436\u0438, \u043f\u0440\u0438\u0434\u0430\u0432\u0430\u044f \u0435\u0439 \u0433\u043b\u0430\u0434\u043a\u043e\u0441\u0442\u044c.<\/li>\n<li>\u0417\u0430\u0449\u0438\u0442\u0430 \u043e\u0442 \u0438\u043d\u0444\u0435\u043a\u0446\u0438\u0438.<\/li>\n<li>\u0421\u043e\u0445\u0440\u0430\u043d\u0435\u043d\u0438\u0435 \u0436\u0438\u0440\u043d\u043e\u0441\u0442\u0438 \u043a\u043e\u0436\u0438 \u043d\u0430 \u043d\u043e\u0440\u043c\u0430\u043b\u044c\u043d\u043e\u043c \u0443\u0440\u043e\u0432\u043d\u0435.<\/li>\n<li>\u0417\u0430\u0449\u0438\u0442\u0430 \u043e\u0442 \u043f\u043e\u044f\u0432\u043b\u0435\u043d\u0438\u044f \u0433\u0438\u043f\u0435\u0440\u043f\u0438\u0433\u043c\u0435\u043d\u0442\u0438\u0440\u043e\u0432\u0430\u043d\u043d\u044b\u0445 \u043f\u044f\u0442\u0435\u043d.<\/li>\n<\/ul>\n<p>\u041f\u043e\u043b\u0438\u0441\u0430\u0445\u0430\u0440\u0438\u0434 \u03b2-\u0413\u041b\u042e\u041a\u0410\u041d \u0443\u0432\u0435\u043b\u0438\u0447\u0438\u0432\u0430\u0435\u0442 \u0438\u043c\u043c\u0443\u043d\u0438\u0442\u0435\u0442 \u0438 \u0437\u043d\u0430\u0447\u0438\u0442\u0435\u043b\u044c\u043d\u043e \u043f\u043e\u0432\u044b\u0448\u0430\u0435\u0442 \u0443\u0441\u0442\u043e\u0439\u0447\u0438\u0432\u043e\u0441\u0442\u044c \u043a\u043e\u0436\u0438 \u043a\u0430\u043a \u043a \u0438\u043d\u0444\u0435\u043a\u0446\u0438\u044f\u043c, \u0442\u0430\u043a \u0438 \u043a \u0441\u0442\u0440\u0435\u0441\u0441\u0443. \u041a\u0440\u043e\u043c\u0435 \u0442\u043e\u0433\u043e, \u044d\u0442\u043e \u0432\u0435\u0449\u0435\u0441\u0442\u0432\u043e \u0441\u043e\u0432\u0435\u0440\u0448\u0435\u043d\u043d\u043e \u0431\u0435\u0437\u043e\u043f\u0430\u0441\u043d\u043e \u0438 \u043d\u0435 \u0432\u044b\u0437\u044b\u0432\u0430\u0435\u0442 \u0430\u043b\u043b\u0435\u0440\u0433\u0438\u0438.<\/p>\n<p>\u041c\u0430\u0441\u043a\u0430 \u0437\u043d\u0430\u0447\u0438\u0442\u0435\u043b\u044c\u043d\u043e \u043e\u0431\u043b\u0435\u0433\u0447\u0430\u0435\u0442 \u043f\u0440\u043e\u0446\u0435\u0441\u0441 \u0432\u043e\u0441\u0441\u0442\u0430\u043d\u043e\u0432\u043b\u0435\u043d\u0438\u044f \u0438 \u0441\u043e\u043a\u0440\u0430\u0449\u0430\u0435\u0442 \u0435\u0433\u043e \u043f\u0440\u043e\u0434\u043e\u043b\u0436\u0438\u0442\u0435\u043b\u044c\u043d\u043e\u0441\u0442\u044c. \u0415\u0435 \u0442\u0430\u043a\u0436\u0435 \u043c\u043e\u0436\u043d\u043e \u0438\u0441\u043f\u043e\u043b\u044c\u0437\u043e\u0432\u0430\u0442\u044c \u0432 \u0441\u043b\u0443\u0447\u0430\u044f\u0445, \u043a\u043e\u0433\u0434\u0430 \u043f\u0440\u043e\u0446\u0435\u0434\u0443\u0440\u0430 \u043c\u0435\u0437\u043e\u0442\u0435\u0440\u0430\u043f\u0438\u0438 \u0432\u044b\u0437\u0432\u0430\u043b\u0430 \u0441\u0438\u043b\u044c\u043d\u0443\u044e \u043f\u043e\u043a\u0440\u0430\u0441\u043d\u0435\u043b\u043e\u0441\u0442\u044c, \u043e\u0442\u0435\u0447\u043d\u043e\u0441\u0442\u044c \u0438\u043b\u0438 \u0441\u0438\u043d\u044f\u043a\u0438.<\/p>\n<p>\u0422\u0435\u043c \u043d\u0435 \u043c\u0435\u043d\u0435\u0435, \u043c\u0430\u0441\u043a\u0430 \u043d\u0435 \u043e\u0441\u0432\u043e\u0431\u043e\u0436\u0434\u0430\u0435\u0442 \u043f\u0430\u0446\u0438\u0435\u043d\u0442\u0430 \u043e\u0442 \u0441\u043e\u0431\u043b\u044e\u0434\u0435\u043d\u0438\u044f \u043f\u0440\u0430\u0432\u0438\u043b\u044c\u043d\u043e\u0433\u043e \u043f\u0438\u0442\u0430\u043d\u0438\u044f, \u0438\u0437\u0431\u0435\u0433\u0430\u043d\u0438\u044f \u043a\u0443\u0440\u0435\u043d\u0438\u044f, \u043a\u043e\u0444\u0435\u0438\u043d\u0430, \u0430\u043b\u043a\u043e\u0433\u043e\u043b\u044f, \u044d\u043d\u0435\u0440\u0433\u0435\u0442\u0438\u0447\u0435\u0441\u043a\u0438\u0445 \u043d\u0430\u043f\u0438\u0442\u043a\u043e\u0432 \u0438 \u043f\u0440\u044f\u043c\u044b\u0445 \u0441\u043e\u043b\u043d\u0435\u0447\u043d\u044b\u0445 \u043b\u0443\u0447\u0435\u0439 \u0434\u043e \u043f\u043e\u043b\u043d\u043e\u0433\u043e \u0432\u043e\u0441\u0441\u0442\u0430\u043d\u043e\u0432\u043b\u0435\u043d\u0438\u044f \u043a\u043e\u0436\u0438.<\/p>\n<p><img decoding=\"async\" class=\"alignnone size-medium wp-image-6194\" src=\"https:\/\/kosmeetika24.com\/wp-content\/uploads\/2024\/07\/content_kakaotalk_20180319_145517388-1-300x101.png\" alt=\"\" width=\"300\" height=\"101\" srcset=\"https:\/\/kosmeetika24.com\/wp-content\/uploads\/2024\/07\/content_kakaotalk_20180319_145517388-1-300x101.png 300w, https:\/\/kosmeetika24.com\/wp-content\/uploads\/2024\/07\/content_kakaotalk_20180319_145517388-1-500x169.png 500w, https:\/\/kosmeetika24.com\/wp-content\/uploads\/2024\/07\/content_kakaotalk_20180319_145517388-1-18x6.png 18w, https:\/\/kosmeetika24.com\/wp-content\/uploads\/2024\/07\/content_kakaotalk_20180319_145517388-1.png 536w\" sizes=\"(max-width: 300px) 100vw, 300px\" \/><\/p>\n<\/div>\n<\/div>\n<\/div>\n<\/div>\n<\/div>","protected":false},"excerpt":{"rendered":"<p><strong>\u0418\u043d\u043d\u043e\u0432\u0430\u0446\u0438\u043e\u043d\u043d\u0430\u044f \u0443\u043b\u044c\u0442\u0440\u0430\u0442\u043e\u043d\u043a\u0430\u044f \u0432\u043e\u0441\u0441\u0442\u0430\u043d\u0430\u0432\u043b\u0438\u0432\u0430\u044e\u0449\u0430\u044f \u043c\u0430\u0441\u043a\u0430<\/strong><\/p>\n<p>\u041f\u0440\u0435\u0434\u043b\u0430\u0433\u0430\u0435\u0442 \u0443\u043b\u044c\u0442\u0440\u0430\u0442\u043e\u043d\u043a\u0443\u044e \u0431\u0438\u043e\u0433\u0435\u043b\u0435\u0432\u0443\u044e \u043c\u0430\u0441\u043a\u0443 \u043d\u0430 \u043e\u0441\u043d\u043e\u0432\u0435 \u03b2-\u0413\u041b\u042e\u041a\u0410\u041d\u0410 \u0438 \u0433\u0438\u0430\u043b\u0443\u0440\u043e\u043d\u043e\u0432\u043e\u0439 \u043a\u0438\u0441\u043b\u043e\u0442\u044b. \u041c\u0430\u0441\u043a\u0430 \u0441\u043f\u0435\u0446\u0438\u0430\u043b\u044c\u043d\u043e \u0440\u0430\u0437\u0440\u0430\u0431\u043e\u0442\u0430\u043d\u0430 \u0434\u043b\u044f \u0443\u043b\u0443\u0447\u0448\u0435\u043d\u0438\u044f \u0438 \u0441\u043e\u043a\u0440\u0430\u0449\u0435\u043d\u0438\u044f \u043f\u0435\u0440\u0438\u043e\u0434\u0430 \u0432\u043e\u0441\u0441\u0442\u0430\u043d\u043e\u0432\u043b\u0435\u043d\u0438\u044f \u043f\u043e\u0441\u043b\u0435 \u0440\u0430\u0437\u043b\u0438\u0447\u043d\u044b\u0445 \u0442\u0438\u043f\u043e\u0432 \u043c\u0435\u0437\u043e\u0442\u0435\u0440\u0430\u043f\u0438\u0438, \u043e\u0441\u043e\u0431\u0435\u043d\u043d\u043e \u043f\u043e\u0441\u043b\u0435 \u0438\u0441\u043f\u043e\u043b\u044c\u0437\u043e\u0432\u0430\u043d\u0438\u044f Dermaroller \u0438 \u043c\u0438\u043a\u0440\u043e\u043d\u043e\u0436\u0435\u0432\u043e\u0433\u043e \u043f\u0438\u0441\u0442\u043e\u043b\u0435\u0442\u0430 Dermapen. \u042d\u0442\u043e\u0442 \u0433\u0438\u043f\u043e\u0430\u043b\u043b\u0435\u0440\u0433\u0435\u043d\u043d\u044b\u0439 \u0438\u043d\u043d\u043e\u0432\u0430\u0446\u0438\u043e\u043d\u043d\u044b\u0439 \u043f\u0440\u043e\u0434\u0443\u043a\u0442 \u043d\u0435 \u0441\u043e\u0434\u0435\u0440\u0436\u0438\u0442 \u043f\u0430\u0440\u0430\u0431\u0435\u043d\u043e\u0432, \u0444\u0442\u0430\u043b\u0430\u0442\u043e\u0432 \u0438 \u0441\u0443\u043b\u044c\u0444\u0430\u0442\u043e\u0432.<\/p>\n<p>1 pk 23g<\/p>","protected":false},"featured_media":5532,"comment_status":"closed","ping_status":"closed","template":"","meta":{"_uag_custom_page_level_css":"","site-sidebar-layout":"default","site-content-layout":"","ast-site-content-layout":"default","site-content-style":"default","site-sidebar-style":"default","ast-global-header-display":"","ast-banner-title-visibility":"","ast-main-header-display":"","ast-hfb-above-header-display":"","ast-hfb-below-header-display":"","ast-hfb-mobile-header-display":"","site-post-title":"","ast-breadcrumbs-content":"","ast-featured-img":"","footer-sml-layout":"","ast-disable-related-posts":"","theme-transparent-header-meta":"default","adv-header-id-meta":"","stick-header-meta":"","header-above-stick-meta":"","header-main-stick-meta":"","header-below-stick-meta":"","astra-migrate-meta-layouts":"set","ast-page-background-enabled":"default","ast-page-background-meta":{"desktop":{"background-color":"var(--ast-global-color-4)","background-image":"","background-repeat":"repeat","background-position":"center center","background-size":"auto","background-attachment":"scroll","background-type":"","background-media":"","overlay-type":"","overlay-color":"","overlay-opacity":"","overlay-gradient":""},"tablet":{"background-color":"","background-image":"","background-repeat":"repeat","background-position":"center center","background-size":"auto","background-attachment":"scroll","background-type":"","background-media":"","overlay-type":"","overlay-color":"","overlay-opacity":"","overlay-gradient":""},"mobile":{"background-color":"","background-image":"","background-repeat":"repeat","background-position":"center center","background-size":"auto","background-attachment":"scroll","background-type":"","background-media":"","overlay-type":"","overlay-color":"","overlay-opacity":"","overlay-gradient":""}},"ast-content-background-meta":{"desktop":{"background-color":"var(--ast-global-color-5)","background-image":"","background-repeat":"repeat","background-position":"center center","background-size":"auto","background-attachment":"scroll","background-type":"","background-media":"","overlay-type":"","overlay-color":"","overlay-opacity":"","overlay-gradient":""},"tablet":{"background-color":"var(--ast-global-color-5)","background-image":"","background-repeat":"repeat","background-position":"center center","background-size":"auto","background-attachment":"scroll","background-type":"","background-media":"","overlay-type":"","overlay-color":"","overlay-opacity":"","overlay-gradient":""},"mobile":{"background-color":"var(--ast-global-color-5)","background-image":"","background-repeat":"repeat","background-position":"center center","background-size":"auto","background-attachment":"scroll","background-type":"","background-media":"","overlay-type":"","overlay-color":"","overlay-opacity":"","overlay-gradient":""}}},"product_brand":[],"product_cat":[96,123],"product_tag":[],"class_list":{"0":"post-5466","1":"product","2":"type-product","3":"status-publish","4":"has-post-thumbnail","6":"product_cat-brands","7":"product_cat-koru-pharma","8":"desktop-align-left","9":"tablet-align-left","10":"mobile-align-left","12":"first","13":"instock","14":"taxable","15":"shipping-taxable","16":"product-type-simple","17":"add-to-wishlist-before_image"},"uagb_featured_image_src":{"full":["https:\/\/kosmeetika24.com\/wp-content\/uploads\/2024\/07\/20230323_-Mesoheal-Mask_Website-Image-1.jpg",1800,1800,false],"thumbnail":["https:\/\/kosmeetika24.com\/wp-content\/uploads\/2024\/07\/20230323_-Mesoheal-Mask_Website-Image-1-150x150.jpg",150,150,true],"medium":["https:\/\/kosmeetika24.com\/wp-content\/uploads\/2024\/07\/20230323_-Mesoheal-Mask_Website-Image-1-300x300.jpg",300,300,true],"medium_large":["https:\/\/kosmeetika24.com\/wp-content\/uploads\/2024\/07\/20230323_-Mesoheal-Mask_Website-Image-1-768x768.jpg",768,768,true],"large":["https:\/\/kosmeetika24.com\/wp-content\/uploads\/2024\/07\/20230323_-Mesoheal-Mask_Website-Image-1-1024x1024.jpg",1024,1024,true],"1536x1536":["https:\/\/kosmeetika24.com\/wp-content\/uploads\/2024\/07\/20230323_-Mesoheal-Mask_Website-Image-1-1536x1536.jpg",1536,1536,true],"2048x2048":["https:\/\/kosmeetika24.com\/wp-content\/uploads\/2024\/07\/20230323_-Mesoheal-Mask_Website-Image-1.jpg",1800,1800,false],"trp-custom-language-flag":["https:\/\/kosmeetika24.com\/wp-content\/uploads\/2024\/07\/20230323_-Mesoheal-Mask_Website-Image-1-12x12.jpg",12,12,true],"woocommerce_thumbnail":["https:\/\/kosmeetika24.com\/wp-content\/uploads\/2024\/07\/20230323_-Mesoheal-Mask_Website-Image-1-300x300.jpg",300,300,true],"woocommerce_single":["https:\/\/kosmeetika24.com\/wp-content\/uploads\/2024\/07\/20230323_-Mesoheal-Mask_Website-Image-1-500x500.jpg",500,500,true],"woocommerce_gallery_thumbnail":["https:\/\/kosmeetika24.com\/wp-content\/uploads\/2024\/07\/20230323_-Mesoheal-Mask_Website-Image-1-100x100.jpg",100,100,true]},"uagb_author_info":{"display_name":"admin","author_link":"https:\/\/kosmeetika24.com\/ru\/author\/"},"uagb_comment_info":0,"uagb_excerpt":"Uuenduslik \u00fcli\u00f5huke taastav mask Pakub \u00fcli\u00f5hukest biogeelmaski \u03b2-GLUKAANI ja h\u00fcaluroonhappe baasil. Mask on spetsiaalselt loodud selleks, et parandada ja v\u00e4hendada taastumisperioodi p\u00e4rast erinevat t\u00fc\u00fcpi mesoteraapiat, eriti p\u00e4rast Dermarolleri ja mikron\u00f5ela pens\u00fcsteli Dermapen kasutamist. H\u00fcpoallergeenne uuenduslik toode, mask ei sisalda parabeene, ftalaate ega sulfaate. 1 pk 23g","_links":{"self":[{"href":"https:\/\/kosmeetika24.com\/ru\/wp-json\/wp\/v2\/product\/5466","targetHints":{"allow":["GET"]}}],"collection":[{"href":"https:\/\/kosmeetika24.com\/ru\/wp-json\/wp\/v2\/product"}],"about":[{"href":"https:\/\/kosmeetika24.com\/ru\/wp-json\/wp\/v2\/types\/product"}],"replies":[{"embeddable":true,"href":"https:\/\/kosmeetika24.com\/ru\/wp-json\/wp\/v2\/comments?post=5466"}],"version-history":[{"count":9,"href":"https:\/\/kosmeetika24.com\/ru\/wp-json\/wp\/v2\/product\/5466\/revisions"}],"predecessor-version":[{"id":6721,"href":"https:\/\/kosmeetika24.com\/ru\/wp-json\/wp\/v2\/product\/5466\/revisions\/6721"}],"wp:featuredmedia":[{"embeddable":true,"href":"https:\/\/kosmeetika24.com\/ru\/wp-json\/wp\/v2\/media\/5532"}],"wp:attachment":[{"href":"https:\/\/kosmeetika24.com\/ru\/wp-json\/wp\/v2\/media?parent=5466"}],"wp:term":[{"taxonomy":"product_brand","embeddable":true,"href":"https:\/\/kosmeetika24.com\/ru\/wp-json\/wp\/v2\/product_brand?post=5466"},{"taxonomy":"product_cat","embeddable":true,"href":"https:\/\/kosmeetika24.com\/ru\/wp-json\/wp\/v2\/product_cat?post=5466"},{"taxonomy":"product_tag","embeddable":true,"href":"https:\/\/kosmeetika24.com\/ru\/wp-json\/wp\/v2\/product_tag?post=5466"}],"curies":[{"name":"wp","href":"https:\/\/api.w.org\/{rel}","templated":true}]}}