{"id":5464,"date":"2024-07-12T07:30:02","date_gmt":"2024-07-12T07:30:02","guid":{"rendered":"https:\/\/kosmeetika24.com\/?post_type=product&#038;p=5464"},"modified":"2025-07-03T12:16:50","modified_gmt":"2025-07-03T09:16:50","slug":"koru-pharma-crystal-carboxy-co2-gel-mask-5-maski","status":"publish","type":"product","link":"https:\/\/kosmeetika24.com\/ru\/product\/koru-pharma-crystal-carboxy-co2-gel-mask-5-maski\/","title":{"rendered":"\u0413\u0435\u043b\u044c-\u043c\u0430\u0441\u043a\u0430 CRYSTAL CARBOXY CO2, 5 \u043c\u0430\u0441\u043e\u043a"},"content":{"rendered":"<ul>\n<li>\u041f\u0440\u0435\u0434\u043b\u0430\u0433\u0430\u0435\u0442 \u043f\u0440\u0435\u0438\u043c\u0443\u0449\u0435\u0441\u0442\u0432\u0430 \u043a\u0430\u0440\u0431\u043e\u043a\u0441\u0438\u0442\u0435\u0440\u0430\u043f\u0438\u0438 \u0431\u0435\u0437 \u0438\u0433\u043b.<\/li>\n<li>\u0421\u043e\u0441\u0442\u043e\u0438\u0442 \u0438\u0437 \u0441\u043f\u0435\u0446\u0438\u0430\u043b\u044c\u043d\u043e \u0440\u0430\u0437\u0440\u0430\u0431\u043e\u0442\u0430\u043d\u043d\u043e\u0433\u043e \u0413\u0415\u041b\u042f \u0438 \u0441\u0443\u0445\u043e\u0433\u043e \u0445\u043b\u043e\u043f\u043a\u043e\u0432\u043e\u0433\u043e \u043b\u0438\u0441\u0442\u0430 \u041c\u0410\u0421\u041a\u0418.<\/li>\n<li>\u0412\u044b\u0440\u0430\u0431\u0430\u0442\u044b\u0432\u0430\u0435\u0442 CO2 \u0438 \u0434\u043e\u0441\u0442\u0430\u0432\u043b\u044f\u0435\u0442 \u0435\u0433\u043e \u0432 \u043a\u043b\u0435\u0442\u043a\u0438 \u043a\u043e\u0436\u0438 \u0447\u0435\u0440\u0435\u0437 \u0433\u0435\u043b\u0435\u0432\u044b\u0439 \u0441\u043b\u043e\u0439.<\/li>\n<li>\u041e\u0431\u0435\u0441\u043f\u0435\u0447\u0438\u0432\u0430\u0435\u0442 \u0431\u044b\u0441\u0442\u0440\u043e\u0435 \u0438 \u044d\u0444\u0444\u0435\u043a\u0442\u0438\u0432\u043d\u043e\u0435 \u0432\u043f\u0438\u0442\u044b\u0432\u0430\u043d\u0438\u0435 \u0437\u0430 20 \u043c\u0438\u043d\u0443\u0442.<\/li>\n<li>\u041f\u043e\u0437\u0432\u043e\u043b\u044f\u0435\u0442 \u043d\u0430\u0441\u043b\u0430\u0436\u0434\u0430\u0442\u044c\u0441\u044f \u0442\u0435\u0445\u043d\u0438\u043a\u0430\u043c\u0438 \u0438 \u0443\u0441\u043b\u0443\u0433\u0430\u043c\u0438 \u0441\u043f\u0430-\u0441\u0430\u043b\u043e\u043d\u0430 \u0443\u0434\u043e\u0431\u043d\u043e \u0432 \u0432\u0430\u0448\u0435\u0439 \u043a\u043b\u0438\u043d\u0438\u043a\u0435 \u0438\u043b\u0438 \u0441\u0430\u043b\u043e\u043d\u0435 \u043a\u0440\u0430\u0441\u043e\u0442\u044b.<\/li>\n<\/ul>\n<p>\u0427\u0442\u043e \u0442\u0430\u043a\u043e\u0435 \u043a\u0430\u0440\u0431\u043e\u043a\u0441\u0438\u0442\u0435\u0440\u0430\u043f\u0438\u044f \u0433\u0435\u043b\u0435\u043c CO2 \u0434\u043b\u044f \u043b\u0438\u0446\u0430?<\/p>\n<ul>\n<li>\u0418\u043d\u043d\u043e\u0432\u0430\u0446\u0438\u043e\u043d\u043d\u0430\u044f \u043f\u0440\u043e\u0446\u0435\u0434\u0443\u0440\u0430 \u043f\u043e \u0443\u0445\u043e\u0434\u0443 \u0437\u0430 \u043a\u043e\u0436\u0435\u0439, \u0438\u0441\u043f\u043e\u043b\u044c\u0437\u0443\u044e\u0449\u0430\u044f \u044d\u0444\u0444\u0435\u043a\u0442 \u0411\u043e\u0440\u0430.<\/li>\n<li>\u041a\u043e\u043c\u0431\u0438\u043d\u0430\u0446\u0438\u044f \u0413\u0415\u041b\u042f \u0438 \u041c\u0410\u0421\u041a\u0418 \u0441\u043e\u0437\u0434\u0430\u0435\u0442 \u043f\u0443\u0437\u044b\u0440\u044c\u043a\u043e\u0432\u044b\u0439 \u044d\u0444\u0444\u0435\u043a\u0442 \u0438 \u0433\u0435\u043d\u0435\u0440\u0438\u0440\u0443\u0435\u0442 CO2, \u043a\u043e\u0442\u043e\u0440\u044b\u0439 \u0434\u043e\u0441\u0442\u0430\u0432\u043b\u044f\u0435\u0442\u0441\u044f \u043a \u043a\u043e\u0436\u0435 \u0447\u0435\u0440\u0435\u0437 \u0433\u0435\u043b\u0435\u0432\u044b\u0439 \u0441\u043b\u043e\u0439.<\/li>\n<li>\u0423\u0432\u0435\u043b\u0438\u0447\u0435\u043d\u0438\u0435 \u043c\u043e\u043b\u0435\u043a\u0443\u043b CO2 \u0441\u0442\u0438\u043c\u0443\u043b\u0438\u0440\u0443\u0435\u0442 \u043a\u0440\u0430\u0441\u043d\u044b\u0435 \u043a\u0440\u043e\u0432\u044f\u043d\u044b\u0435 \u043a\u043b\u0435\u0442\u043a\u0438 \u0434\u043b\u044f \u0443\u043b\u0443\u0447\u0448\u0435\u043d\u0438\u044f \u043f\u043e\u0441\u0442\u0430\u0432\u043a\u0438 \u043a\u0438\u0441\u043b\u043e\u0440\u043e\u0434\u0430 \u043a \u043a\u043e\u0436\u0435 \u043f\u0430\u0446\u0438\u0435\u043d\u0442\u0430 \u0438 \u0443\u0432\u0435\u043b\u0438\u0447\u0438\u0432\u0430\u0435\u0442 \u043a\u043b\u0435\u0442\u043e\u0447\u043d\u044b\u0439 \u043e\u0431\u043c\u0435\u043d (\u0441\u043a\u043e\u0440\u043e\u0441\u0442\u044c \u043e\u0431\u043d\u043e\u0432\u043b\u0435\u043d\u0438\u044f).<\/li>\n<li>\u042d\u0442\u043e \u0441\u043f\u043e\u0441\u043e\u0431\u0441\u0442\u0432\u0443\u0435\u0442 \u0443\u0434\u0430\u043b\u0435\u043d\u0438\u044e \u0433\u0440\u044f\u0437\u0438 \u0438 \u043c\u0435\u0440\u0442\u0432\u044b\u0445 \u043a\u043b\u0435\u0442\u043e\u043a \u043a\u043e\u0436\u0438, \u043e\u0431\u0435\u0441\u043f\u0435\u0447\u0438\u0432\u0430\u044f \u043a\u043e\u0436\u0443 \u0431\u043e\u043b\u044c\u0448\u0438\u043c \u043a\u043e\u043b\u0438\u0447\u0435\u0441\u0442\u0432\u043e\u043c \u043f\u0438\u0442\u0430\u0442\u0435\u043b\u044c\u043d\u044b\u0445 \u0432\u0435\u0449\u0435\u0441\u0442\u0432 \u0438 \u043e\u0431\u043d\u0430\u0436\u0430\u044f \u0431\u043e\u043b\u0435\u0435 \u044f\u0440\u043a\u0438\u0439 \u0438 \u0440\u0430\u0432\u043d\u043e\u043c\u0435\u0440\u043d\u044b\u0439 \u0442\u043e\u043d.<\/li>\n<\/ul>\n<p><strong>\u0414\u0435\u0439\u0441\u0442\u0432\u0438\u0435<\/strong><\/p>\n<p>\u042d\u0444\u0444\u0435\u043a\u0442 \u0432\u0430\u0437\u043e\u0434\u0438\u043b\u0430\u0442\u0430\u0446\u0438\u0438: \u0432\u0430\u0437\u043e\u0434\u0438\u043b\u0430\u0442\u0430\u0446\u0438\u044f \u0441\u043f\u043e\u0441\u043e\u0431\u0441\u0442\u0432\u0443\u0435\u0442 \u0430\u043a\u0442\u0438\u0432\u0430\u0446\u0438\u0438 \u043c\u0435\u0442\u0430\u0431\u043e\u043b\u0438\u0437\u043c\u0430 \u043a\u043b\u0435\u0442\u043e\u043a \u043a\u043e\u0436\u0438 \u0438 \u0443\u043b\u0443\u0447\u0448\u0435\u043d\u0438\u044e \u043a\u0440\u043e\u0432\u0435\u043d\u043e\u0441\u043d\u044b\u0445 \u0441\u043e\u0441\u0443\u0434\u043e\u0432 \u043a\u043e\u0436\u0438, \u0447\u0442\u043e \u0432\u0435\u0434\u0435\u0442 \u043a \u0431\u043e\u043b\u0435\u0435 \u0437\u0434\u043e\u0440\u043e\u0432\u043e\u0439 \u043a\u043e\u0436\u0435.<\/p>\n<p>\u041f\u0440\u043e\u0442\u0438\u0432\u043e\u0432\u043e\u0441\u043f\u0430\u043b\u0438\u0442\u0435\u043b\u044c\u043d\u043e\u0435 \u0434\u0435\u0439\u0441\u0442\u0432\u0438\u0435: \u043a\u0438\u0441\u043b\u043e\u0440\u043e\u0434, \u0432\u044b\u0434\u0435\u043b\u044f\u044e\u0449\u0438\u0439\u0441\u044f \u0438\u0437 \u0433\u0435\u043c\u043e\u0433\u043b\u043e\u0431\u0438\u043d\u0430, \u0441\u0442\u0438\u043c\u0443\u043b\u0438\u0440\u0443\u0435\u0442 \u043f\u0440\u043e\u0442\u0438\u0432\u043e\u0432\u043e\u0441\u043f\u0430\u043b\u0438\u0442\u0435\u043b\u044c\u043d\u044b\u0439 \u043e\u0442\u0432\u0435\u0442 \u0438 \u0432\u044b\u0432\u0435\u0434\u0435\u043d\u0438\u0435 \u043e\u0442\u0445\u043e\u0434\u043e\u0432, \u0447\u0442\u043e \u043f\u0440\u0438\u0432\u043e\u0434\u0438\u0442 \u043a \u0443\u043b\u0443\u0447\u0448\u0435\u043d\u0438\u044e \u0441\u0438\u043c\u043f\u0442\u043e\u043c\u043e\u0432 \u0431\u043b\u0430\u0433\u043e\u0434\u0430\u0440\u044f \u043e\u0431\u043b\u0435\u0433\u0447\u0435\u043d\u0438\u044e \u0432\u043e\u0441\u043f\u0430\u043b\u0435\u043d\u0438\u044f, \u0432\u044b\u0437\u044b\u0432\u0430\u044e\u0449\u0435\u0433\u043e \u0448\u0435\u0440\u043e\u0445\u043e\u0432\u0430\u0442\u043e\u0441\u0442\u044c \u043a\u043e\u0436\u0438 \u0438 \u0434\u0440\u0443\u0433\u0438\u0435 \u043f\u0440\u043e\u0431\u043b\u0435\u043c\u044b \u0441 \u043a\u043e\u0436\u0435\u0439.<\/p>\n<p>\u0423\u043b\u0443\u0447\u0448\u0435\u043d\u0438\u0435 \u043a\u0440\u043e\u0432\u043e\u043e\u0431\u0440\u0430\u0449\u0435\u043d\u0438\u044f: \u043a\u0440\u043e\u0432\u043e\u0442\u043e\u043a \u0434\u043e\u043b\u0436\u0435\u043d \u0431\u044b\u0442\u044c \u0445\u043e\u0440\u043e\u0448\u0438\u043c, \u0447\u0442\u043e\u0431\u044b \u043e\u0431\u0435\u0441\u043f\u0435\u0447\u0438\u0432\u0430\u0442\u044c \u043a\u043b\u0435\u0442\u043a\u0438 \u043a\u0438\u0441\u043b\u043e\u0440\u043e\u0434\u043e\u043c \u0447\u0435\u0440\u0435\u0437 \u0441\u0442\u0430\u0431\u0438\u043b\u044c\u043d\u044b\u0439 \u043f\u043e\u0442\u043e\u043a \u043a\u0440\u043e\u0432\u0438 (\u044d\u0440\u0438\u0442\u0440\u043ets\u00fc\u00fcdid) \u0432 \u043a\u0430\u043f\u0438\u043b\u043b\u044f\u0440\u0430\u0445, \u0440\u0430\u0441\u043f\u0440\u0435\u0434\u0435\u043b\u0435\u043d\u043d\u044b\u0445 \u043f\u043e \u043a\u043e\u0436\u0435. CO2, \u043a\u043e\u0442\u043e\u0440\u044b\u0439 \u043f\u043e\u0433\u043b\u043e\u0449\u0430\u0435\u0442\u0441\u044f \u043a\u043e\u0436\u0435\u0439, \u0443\u0432\u0435\u043b\u0438\u0447\u0438\u0432\u0430\u0435\u0442 \u043a\u0440\u043e\u0432\u043e\u0442\u043e\u043a, \u043e\u0431\u043b\u0435\u0433\u0447\u0430\u044f \u0434\u043e\u0441\u0442\u0430\u0432\u043a\u0443 \u043a\u0438\u0441\u043b\u043e\u0440\u043e\u0434\u0430.<\/p>\n<p><strong>\u041f\u0440\u0438\u043c\u0435\u043d\u0435\u043d\u0438\u0435<\/strong><\/p>\n<ol start=\"1\">\n<li>\u041e\u0447\u0438\u0441\u0442\u0438\u0442\u0435 \u043a\u043e\u0436\u0443 \u043b\u0438\u0446\u0430.<\/li>\n<li>\u041d\u0430\u043d\u0435\u0441\u0438\u0442\u0435 \u0433\u0435\u043b\u044c \u0438\u0437 \u0448\u043f\u0440\u0438\u0446\u0430 \u0440\u0430\u0432\u043d\u043e\u043c\u0435\u0440\u043d\u044b\u043c \u0441\u043b\u043e\u0435\u043c \u043d\u0430 \u043b\u0438\u0446\u043e. \u0418\u0437\u0431\u0435\u0433\u0430\u0439\u0442\u0435 \u043e\u0431\u043b\u0430\u0441\u0442\u0438 \u0432\u043e\u043a\u0440\u0443\u0433 \u0433\u043b\u0430\u0437.<\/li>\n<li>\u041f\u043e\u043c\u0435\u0441\u0442\u0438\u0442\u0435 \u043c\u0430\u0441\u043a\u0443 \u043d\u0430 \u043b\u0438\u0446\u043e, \u043f\u043e\u043a\u0440\u044b\u0442\u043e\u0435 \u0433\u0435\u043b\u0435\u043c, \u0438 \u0441\u043b\u0435\u0433\u043a\u0430 \u043f\u0440\u0438\u0436\u043c\u0438\u0442\u0435, \u0447\u0442\u043e\u0431\u044b \u043c\u0430\u0441\u043a\u0430 \u0440\u0430\u0432\u043d\u043e\u043c\u0435\u0440\u043d\u043e \u043f\u0440\u0438\u043a\u0440\u0435\u043f\u0438\u043b\u0430\u0441\u044c.<\/li>\n<li>Remove the mask sheet after 20 minutes. Do not use for more than 30 minutes, as this may cause irritation.<\/li>\n<li>\u0423\u0434\u0430\u043b\u0438\u0442\u0435 \u043e\u0441\u0442\u0430\u0442\u043a\u0438 \u0433\u0435\u043b\u044f \u043c\u044f\u0433\u043a\u043e\u0439 \u0441\u0430\u043b\u0444\u0435\u0442\u043a\u043e\u0439 \u0438 \u043d\u0435\u0441\u043a\u043e\u043b\u044c\u043a\u043e \u0440\u0430\u0437 \u0443\u043c\u043e\u0439\u0442\u0435 \u043b\u0438\u0446\u043e \u0442\u0435\u043f\u043b\u043e\u0439 \u0432\u043e\u0434\u043e\u0439.<\/li>\n<\/ol>\n<p><strong>\u041f\u0440\u0435\u0434\u043e\u0441\u0442\u0435\u0440\u0435\u0436\u0435\u043d\u0438\u044f<\/strong><\/p>\n<ol start=\"1\">\n<li>\u041f\u0440\u0435\u043a\u0440\u0430\u0442\u0438\u0442\u0435 \u0438\u0441\u043f\u043e\u043b\u044c\u0437\u043e\u0432\u0430\u043d\u0438\u0435 \u0438\/\u0438\u043b\u0438 \u043f\u0440\u043e\u043a\u043e\u043d\u0441\u0443\u043b\u044c\u0442\u0438\u0440\u0443\u0439\u0442\u0435\u0441\u044c \u0441 \u0432\u0440\u0430\u0447\u043e\u043c \u043f\u0435\u0440\u0435\u0434 \u043f\u0440\u043e\u0434\u043e\u043b\u0436\u0435\u043d\u0438\u0435\u043c, \u0435\u0441\u043b\u0438 \u043f\u043e\u044f\u0432\u043b\u044f\u044e\u0442\u0441\u044f \u0441\u043b\u0435\u0434\u0443\u044e\u0449\u0438\u0435 \u0441\u0438\u043c\u043f\u0442\u043e\u043c\u044b:\n<ol type=\"a\">\n<li>\u00a0\u043a\u0440\u0430\u0441\u043d\u044b\u0435 \u043f\u044f\u0442\u043d\u0430, \u043e\u0442\u0435\u043a, \u0437\u0443\u0434, \u0440\u0430\u0437\u0434\u0440\u0430\u0436\u0435\u043d\u0438\u0435 \u0438 \u0442.\u0434. \u0432\u043e \u0432\u0440\u0435\u043c\u044f \u0438\u0441\u043f\u043e\u043b\u044c\u0437\u043e\u0432\u0430\u043d\u0438\u044f \u044d\u0442\u043e\u0433\u043e \u043f\u0440\u043e\u0434\u0443\u043a\u0442\u0430.<\/li>\n<li>\u0435\u0441\u043b\u0438 \u043d\u0430 \u043a\u043e\u0436\u0435 \u043d\u0430\u0431\u043b\u044e\u0434\u0430\u0435\u0442\u0441\u044f \u0440\u0430\u0437\u0434\u0440\u0430\u0436\u0435\u043d\u0438\u0435 \u0438\u0437-\u0437\u0430 \u0441\u043e\u043b\u043d\u0435\u0447\u043d\u043e\u0433\u043e \u0432\u043e\u0437\u0434\u0435\u0439\u0441\u0442\u0432\u0438\u044f \u0438\u043b\u0438 \u0435\u0441\u043b\u0438 \u0435\u0441\u0442\u044c \u0441\u043e\u043b\u043d\u0435\u0447\u043d\u044b\u0439 \u043e\u0436\u043e\u0433.<\/li>\n<\/ol>\n<\/li>\n<li>\u041d\u0435 \u0438\u0441\u043f\u043e\u043b\u044c\u0437\u0443\u0439\u0442\u0435 \u043d\u0430 \u0443\u0447\u0430\u0441\u0442\u043a\u0430\u0445, \u0437\u0430\u0442\u0440\u043e\u043d\u0443\u0442\u044b\u0445 \u0440\u0430\u043d\u0430\u043c\u0438, \u044d\u043a\u0437\u0435\u043c\u043e\u0439 \u0438\u043b\u0438 \u0434\u0435\u0440\u043c\u0430\u0442\u0438\u0442\u043e\u043c.<\/li>\n<li>\u0418\u0437\u0431\u0435\u0433\u0430\u0439\u0442\u0435 \u0438\u0441\u043f\u043e\u043b\u044c\u0437\u043e\u0432\u0430\u043d\u0438\u044f \u0432 \u043e\u0431\u043b\u0430\u0441\u0442\u0438 \u0432\u043e\u043a\u0440\u0443\u0433 \u0433\u043b\u0430\u0437. \u0412 \u0441\u043b\u0443\u0447\u0430\u0435 \u043a\u043e\u043d\u0442\u0430\u043a\u0442\u0430 \u0441\u0440\u0430\u0437\u0443 \u0441\u043c\u043e\u0439\u0442\u0435.<\/li>\n<\/ol>","protected":false},"excerpt":{"rendered":"<p>\u041f\u0440\u043e\u0444\u0435\u0441\u0441\u0438\u043e\u043d\u0430\u043b\u044c\u043d\u0430\u044f \u043d\u0435\u0438\u043d\u0432\u0430\u0437\u0438\u0432\u043d\u0430\u044f \u043a\u0430\u0440\u0431\u043e\u043a\u0441\u0438\u0442\u0435\u0440\u0430\u043f\u0438\u044f \u0433\u0435\u043b\u0435\u043c CRYSTAL CARBOXY CO\u2082 \u2014 \u044d\u0442\u043e \u0441\u043e\u0432\u0440\u0435\u043c\u0435\u043d\u043d\u044b\u0439, \u0432\u044b\u0441\u043e\u043a\u043e\u044d\u0444\u0444\u0435\u043a\u0442\u0438\u0432\u043d\u044b\u0439 \u0438 \u0431\u0435\u0437\u043e\u043f\u0430\u0441\u043d\u044b\u0439 \u043c\u0435\u0442\u043e\u0434 \u043a\u043e\u0440\u0440\u0435\u043a\u0446\u0438\u0438 \u044d\u0441\u0442\u0435\u0442\u0438\u0447\u0435\u0441\u043a\u0438\u0445 \u0434\u0435\u0444\u0435\u043a\u0442\u043e\u0432, \u043e\u0441\u043d\u043e\u0432\u0430\u043d\u043d\u044b\u0439 \u043d\u0430 \u0432\u0437\u0430\u0438\u043c\u043e\u0434\u0435\u0439\u0441\u0442\u0432\u0438\u0438 \u0433\u0430\u0437\u043e\u043e\u0431\u0440\u0430\u0437\u043d\u043e\u0433\u043e \u0443\u0433\u043b\u0435\u043a\u0438\u0441\u043b\u043e\u0433\u043e \u0433\u0430\u0437\u0430 (CO\u2082) \u0441 \u043a\u043e\u0436\u0435\u0439. \u042d\u0444\u0444\u0435\u043a\u0442 \u0411\u043e\u0440\u0430 \u043e\u0431\u0435\u0441\u043f\u0435\u0447\u0438\u0432\u0430\u0435\u0442 \u043f\u0440\u043e\u043d\u0438\u043a\u043d\u043e\u0432\u0435\u043d\u0438\u0435 CO\u2082 \u0438 \u043f\u0438\u0442\u0430\u0442\u0435\u043b\u044c\u043d\u044b\u0445 \u0432\u0435\u0449\u0435\u0441\u0442\u0432 \u0432 \u0433\u043b\u0443\u0431\u043e\u043a\u0438\u0435 \u0441\u043b\u043e\u0438 \u043a\u043e\u0436\u0438, \u0430 \u043d\u043e\u0432\u0435\u0439\u0448\u0430\u044f \u0437\u0430\u043f\u0430\u0442\u0435\u043d\u0442\u043e\u0432\u0430\u043d\u043d\u0430\u044f \u0441\u0438\u0441\u0442\u0435\u043c\u0430 DDS (Direct Delivery System) \u0430\u043a\u0442\u0438\u0432\u0438\u0440\u0443\u0435\u0442 \u043f\u0440\u043e\u0446\u0435\u0441\u0441 \u0438 \u0434\u0435\u043b\u0430\u0435\u0442 \u0435\u0433\u043e \u0437\u043d\u0430\u0447\u0438\u0442\u0435\u043b\u044c\u043d\u043e \u0431\u044b\u0441\u0442\u0440\u0435\u0435 \u043f\u043e \u0441\u0440\u0430\u0432\u043d\u0435\u043d\u0438\u044e \u0441 \u0434\u0440\u0443\u0433\u0438\u043c\u0438 \u043a\u043e\u0441\u043c\u0435\u0442\u0438\u0447\u0435\u0441\u043a\u0438\u043c\u0438 \u0441\u0440\u0435\u0434\u0441\u0442\u0432\u0430\u043c\u0438.<\/p>\n<p>&nbsp;<\/p>\n<p>5*25 ml<\/p>","protected":false},"featured_media":5518,"comment_status":"closed","ping_status":"closed","template":"","meta":{"_uag_custom_page_level_css":"","site-sidebar-layout":"default","site-content-layout":"","ast-site-content-layout":"default","site-content-style":"default","site-sidebar-style":"default","ast-global-header-display":"","ast-banner-title-visibility":"","ast-main-header-display":"","ast-hfb-above-header-display":"","ast-hfb-below-header-display":"","ast-hfb-mobile-header-display":"","site-post-title":"","ast-breadcrumbs-content":"","ast-featured-img":"","footer-sml-layout":"","ast-disable-related-posts":"","theme-transparent-header-meta":"default","adv-header-id-meta":"","stick-header-meta":"","header-above-stick-meta":"","header-main-stick-meta":"","header-below-stick-meta":"","astra-migrate-meta-layouts":"set","ast-page-background-enabled":"default","ast-page-background-meta":{"desktop":{"background-color":"var(--ast-global-color-4)","background-image":"","background-repeat":"repeat","background-position":"center center","background-size":"auto","background-attachment":"scroll","background-type":"","background-media":"","overlay-type":"","overlay-color":"","overlay-opacity":"","overlay-gradient":""},"tablet":{"background-color":"","background-image":"","background-repeat":"repeat","background-position":"center center","background-size":"auto","background-attachment":"scroll","background-type":"","background-media":"","overlay-type":"","overlay-color":"","overlay-opacity":"","overlay-gradient":""},"mobile":{"background-color":"","background-image":"","background-repeat":"repeat","background-position":"center center","background-size":"auto","background-attachment":"scroll","background-type":"","background-media":"","overlay-type":"","overlay-color":"","overlay-opacity":"","overlay-gradient":""}},"ast-content-background-meta":{"desktop":{"background-color":"var(--ast-global-color-5)","background-image":"","background-repeat":"repeat","background-position":"center center","background-size":"auto","background-attachment":"scroll","background-type":"","background-media":"","overlay-type":"","overlay-color":"","overlay-opacity":"","overlay-gradient":""},"tablet":{"background-color":"var(--ast-global-color-5)","background-image":"","background-repeat":"repeat","background-position":"center center","background-size":"auto","background-attachment":"scroll","background-type":"","background-media":"","overlay-type":"","overlay-color":"","overlay-opacity":"","overlay-gradient":""},"mobile":{"background-color":"var(--ast-global-color-5)","background-image":"","background-repeat":"repeat","background-position":"center center","background-size":"auto","background-attachment":"scroll","background-type":"","background-media":"","overlay-type":"","overlay-color":"","overlay-opacity":"","overlay-gradient":""}}},"product_brand":[],"product_cat":[96,123,97],"product_tag":[],"class_list":{"0":"post-5464","1":"product","2":"type-product","3":"status-publish","4":"has-post-thumbnail","6":"product_cat-brands","7":"product_cat-koru-pharma","8":"product_cat-naole","9":"desktop-align-left","10":"tablet-align-left","11":"mobile-align-left","13":"first","14":"instock","15":"taxable","16":"shipping-taxable","17":"product-type-simple","18":"add-to-wishlist-before_image"},"uagb_featured_image_src":{"full":["https:\/\/kosmeetika24.com\/wp-content\/uploads\/2024\/07\/Crystal-Carboxy-box-angle-Koru-Pharma-e-1.jpg",1800,1800,false],"thumbnail":["https:\/\/kosmeetika24.com\/wp-content\/uploads\/2024\/07\/Crystal-Carboxy-box-angle-Koru-Pharma-e-1-150x150.jpg",150,150,true],"medium":["https:\/\/kosmeetika24.com\/wp-content\/uploads\/2024\/07\/Crystal-Carboxy-box-angle-Koru-Pharma-e-1-300x300.jpg",300,300,true],"medium_large":["https:\/\/kosmeetika24.com\/wp-content\/uploads\/2024\/07\/Crystal-Carboxy-box-angle-Koru-Pharma-e-1-768x768.jpg",768,768,true],"large":["https:\/\/kosmeetika24.com\/wp-content\/uploads\/2024\/07\/Crystal-Carboxy-box-angle-Koru-Pharma-e-1-1024x1024.jpg",1024,1024,true],"1536x1536":["https:\/\/kosmeetika24.com\/wp-content\/uploads\/2024\/07\/Crystal-Carboxy-box-angle-Koru-Pharma-e-1-1536x1536.jpg",1536,1536,true],"2048x2048":["https:\/\/kosmeetika24.com\/wp-content\/uploads\/2024\/07\/Crystal-Carboxy-box-angle-Koru-Pharma-e-1.jpg",1800,1800,false],"trp-custom-language-flag":["https:\/\/kosmeetika24.com\/wp-content\/uploads\/2024\/07\/Crystal-Carboxy-box-angle-Koru-Pharma-e-1-12x12.jpg",12,12,true],"woocommerce_thumbnail":["https:\/\/kosmeetika24.com\/wp-content\/uploads\/2024\/07\/Crystal-Carboxy-box-angle-Koru-Pharma-e-1-300x300.jpg",300,300,true],"woocommerce_single":["https:\/\/kosmeetika24.com\/wp-content\/uploads\/2024\/07\/Crystal-Carboxy-box-angle-Koru-Pharma-e-1-500x500.jpg",500,500,true],"woocommerce_gallery_thumbnail":["https:\/\/kosmeetika24.com\/wp-content\/uploads\/2024\/07\/Crystal-Carboxy-box-angle-Koru-Pharma-e-1-100x100.jpg",100,100,true]},"uagb_author_info":{"display_name":"admin","author_link":"https:\/\/kosmeetika24.com\/ru\/author\/"},"uagb_comment_info":0,"uagb_excerpt":"Professionaalne mitteinvasiivne karboks\u00fcteraapia CRYSTAL CARBOXY CO\u2082 geelmask on kaasaegne, \u00fclit\u00f5hus ja ohutu esteetiliste defektide korrigeerimise meetod, mis p\u00f5hineb gaasilise s\u00fcsinikdioksiidi (CO\u2082) kokkupuutel nahaga. BOHR efekt tagab CO\u2082 ja toitainete tungimise naha s\u00fcgavamatesse kihtidesse, uusim patenteeritud DDS (Direct Delivery system) aga aktiveerib protsessi ja muudab selle erinevalt teistest kosmeetikatoodetest kordades kiiremaks. &nbsp; 5*25 ml","_links":{"self":[{"href":"https:\/\/kosmeetika24.com\/ru\/wp-json\/wp\/v2\/product\/5464","targetHints":{"allow":["GET"]}}],"collection":[{"href":"https:\/\/kosmeetika24.com\/ru\/wp-json\/wp\/v2\/product"}],"about":[{"href":"https:\/\/kosmeetika24.com\/ru\/wp-json\/wp\/v2\/types\/product"}],"replies":[{"embeddable":true,"href":"https:\/\/kosmeetika24.com\/ru\/wp-json\/wp\/v2\/comments?post=5464"}],"version-history":[{"count":11,"href":"https:\/\/kosmeetika24.com\/ru\/wp-json\/wp\/v2\/product\/5464\/revisions"}],"predecessor-version":[{"id":6065,"href":"https:\/\/kosmeetika24.com\/ru\/wp-json\/wp\/v2\/product\/5464\/revisions\/6065"}],"wp:featuredmedia":[{"embeddable":true,"href":"https:\/\/kosmeetika24.com\/ru\/wp-json\/wp\/v2\/media\/5518"}],"wp:attachment":[{"href":"https:\/\/kosmeetika24.com\/ru\/wp-json\/wp\/v2\/media?parent=5464"}],"wp:term":[{"taxonomy":"product_brand","embeddable":true,"href":"https:\/\/kosmeetika24.com\/ru\/wp-json\/wp\/v2\/product_brand?post=5464"},{"taxonomy":"product_cat","embeddable":true,"href":"https:\/\/kosmeetika24.com\/ru\/wp-json\/wp\/v2\/product_cat?post=5464"},{"taxonomy":"product_tag","embeddable":true,"href":"https:\/\/kosmeetika24.com\/ru\/wp-json\/wp\/v2\/product_tag?post=5464"}],"curies":[{"name":"wp","href":"https:\/\/api.w.org\/{rel}","templated":true}]}}