{"id":5397,"date":"2024-05-29T08:40:50","date_gmt":"2024-05-29T08:40:50","guid":{"rendered":"https:\/\/kosmeetika24.com\/?post_type=product&#038;p=5397"},"modified":"2025-07-03T12:31:35","modified_gmt":"2025-07-03T09:31:35","slug":"charmyco-hudroluusitud-kollageen-naturaalsete-peptiididega","status":"publish","type":"product","link":"https:\/\/kosmeetika24.com\/ru\/product\/charmyco-hudroluusitud-kollageen-naturaalsete-peptiididega\/","title":{"rendered":"CHARMYCO \u0413\u0438\u0434\u0440\u043e\u043b\u0438\u0437\u043e\u0432\u0430\u043d\u043d\u044b\u0439 \u043a\u043e\u043b\u043b\u0430\u0433\u0435\u043d \u0441 \u043d\u0430\u0442\u0443\u0440\u0430\u043b\u044c\u043d\u044b\u043c\u0438 \u043f\u0435\u043f\u0442\u0438\u0434\u0430\u043c\u0438"},"content":{"rendered":"<p><strong>\u0413\u0438\u0434\u0440\u043e\u043b\u0438\u0437\u043e\u0432\u0430\u043d\u043d\u044b\u0439 \u043a\u043e\u043b\u043b\u0430\u0433\u0435\u043d \u0432 \u043f\u043e\u0440\u043e\u0448\u043a\u0435 Charmyco<\/strong> c\u043e\u0434\u0435\u0440\u0436\u0438\u0442 \u043c\u043e\u0440\u0441\u043a\u043e\u0439 \u043a\u043e\u043b\u043b\u0430\u0433\u0435\u043d \u0442\u0438\u043f\u043e\u0432 1 \u0438 3. \u041f\u0435\u043f\u0442\u0438\u0434\u044b \u0433\u0438\u0434\u0440\u043e\u043b\u0438\u0437\u043e\u0432\u0430\u043d\u043d\u043e\u0433\u043e \u043a\u043e\u043b\u043b\u0430\u0433\u0435\u043d\u0430 \u0442\u0438\u043f\u0430 1 \u044f\u0432\u043b\u044f\u044e\u0442\u0441\u044f \u0441\u0430\u043c\u044b\u043c \u043a\u0430\u0447\u0435\u0441\u0442\u0432\u0435\u043d\u043d\u044b\u043c, \u0438 \u043f\u0440\u0438 \u0443\u043f\u043e\u0442\u0440\u0435\u0431\u043b\u0435\u043d\u0438\u0438 \u0441 \u043a\u043e\u043b\u043b\u0430\u0433\u0435\u043d\u043e\u043c \u0442\u0438\u043f\u0430 3 \u043e\u043d\u0438 \u043b\u0435\u0433\u0447\u0435 \u0443\u0441\u0432\u0430\u0438\u0432\u0430\u044e\u0442\u0441\u044f \u043e\u0440\u0433\u0430\u043d\u0438\u0437\u043c\u043e\u043c.<\/p>\n<p>\u041f\u0440\u0438 \u043f\u0440\u043e\u0438\u0437\u0432\u043e\u0434\u0441\u0442\u0432\u0435 \u043a\u043e\u043b\u043b\u0430\u0433\u0435\u043d\u043e\u0432\u043e\u0433\u043e \u043f\u043e\u0440\u043e\u0448\u043a\u0430 \u0438\u0441\u043f\u043e\u043b\u044c\u0437\u043e\u0432\u0430\u043b\u0438\u0441\u044c \u043d\u0430\u0442\u0443\u0440\u0430\u043b\u044c\u043d\u044b\u0435 \u043a\u0440\u0430\u0441\u0438\u0442\u0435\u043b\u0438 \u0438 \u0430\u0440\u043e\u043c\u0430\u0442\u0438\u0437\u0430\u0442\u043e\u0440\u044b, \u0438 \u043e\u043d <strong>\u0411\u0435\u0437 \u0413\u041c\u041e, \u0431\u0435\u0437 \u0433\u043b\u044e\u0442\u0435\u043d\u0430, \u0431\u0435\u0437 \u043b\u0430\u043a\u0442\u043e\u0437\u044b, \u0431\u0435\u0437 \u0434\u0440\u043e\u0436\u0436\u0435\u0439.<\/strong> \u0438 <strong>suhkruvaba<\/strong>.<\/p>\n<p><strong>\u0414\u0435\u0439\u0441\u0442\u0432\u0438\u0435<\/strong><\/p>\n<p>\u041c\u043e\u0436\u0435\u0442 \u043f\u043e\u043c\u043e\u0447\u044c \u043f\u0440\u0435\u0434\u043e\u0442\u0432\u0440\u0430\u0442\u0438\u0442\u044c \u0438\u0441\u0442\u043e\u043d\u0447\u0435\u043d\u0438\u0435 \u043a\u043e\u0441\u0442\u0435\u0439 \u2013 \u0442\u0430\u043a \u043a\u0430\u043a \u043a\u043e\u0441\u0442\u0438 \u0432 \u043e\u0441\u043d\u043e\u0432\u043d\u043e\u043c \u0441\u043e\u0441\u0442\u043e\u044f\u0442 \u0438\u0437 \u043a\u043e\u043b\u043b\u0430\u0433\u0435\u043d\u0430, \u0443\u0440\u043e\u0432\u0435\u043d\u044c \u043a\u043e\u0442\u043e\u0440\u043e\u0433\u043e \u0432 \u043e\u0440\u0433\u0430\u043d\u0438\u0437\u043c\u0435 \u0443\u043c\u0435\u043d\u044c\u0448\u0430\u0435\u0442\u0441\u044f \u0441 \u0432\u043e\u0437\u0440\u0430\u0441\u0442\u043e\u043c, \u0443\u043c\u0435\u043d\u044c\u0448\u0430\u0435\u0442\u0441\u044f \u0438 \u043c\u0430\u0441\u0441\u0430 \u043a\u043e\u0441\u0442\u0435\u0439. \u0420\u0435\u0433\u0443\u043b\u044f\u0440\u043d\u043e\u0435 \u0443\u043f\u043e\u0442\u0440\u0435\u0431\u043b\u0435\u043d\u0438\u0435 \u0434\u043e\u0431\u0430\u0432\u043a\u0438 \u043a\u043e\u043b\u043b\u0430\u0433\u0435\u043d\u0430 \u043e\u0442 Scandinavia Health \u043f\u043e\u043c\u043e\u0433\u0430\u0435\u0442 \u043f\u043e\u0434\u0434\u0435\u0440\u0436\u0438\u0432\u0430\u0442\u044c \u043a\u0440\u0435\u043f\u043e\u0441\u0442\u044c \u043a\u043e\u0441\u0442\u0435\u0439 \u0438 \u0432 \u043f\u043e\u0436\u0438\u043b\u043e\u043c \u0432\u043e\u0437\u0440\u0430\u0441\u0442\u0435.<\/p>\n<p><strong>\u0421\u043e\u0441\u0442\u0430\u0432<\/strong><\/p>\n<p>\u0427\u0418\u0421\u0422\u042b\u0419 \u0413\u0418\u0414\u0420\u041e\u041b\u0418\u0417\u041e\u0412\u0410\u041d\u041d\u042b\u0419 \u0420\u042b\u0411\u0418\u0419 \u041a\u041e\u041b\u041b\u0410\u0413\u0415\u041d (\u0447\u0438\u0441\u0442\u044b\u0439 \u043f\u0435\u043f\u0442\u0438\u0434 \u0433\u0438\u0434\u0440\u043e\u043b\u0438\u0437\u043e\u0432\u0430\u043d\u043d\u043e\u0433\u043e \u0440\u044b\u0431\u044c\u0435\u0433\u043e \u043a\u043e\u043b\u043b\u0430\u0433\u0435\u043d\u0430 \u0441\u043e\u0434\u0435\u0440\u0436\u0438\u0442 \u0430\u043c\u0438\u043d\u043e\u043a\u0438\u0441\u043b\u043e\u0442\u044b: L-\u0433\u043b\u0438\u0446\u0438\u043d, L-\u043f\u0440\u043e\u043b\u0438\u043d, L-\u0430\u043b\u0430\u043d\u0438\u043d, L-\u0433\u0438\u0434\u0440\u043e\u043a\u0441\u0438\u043f\u0440\u043e\u043b\u0438\u043d, L-\u0433\u043b\u0443\u0442\u0430\u043c\u0438\u043d\u043e\u0432\u0430\u044f \u043a\u0438\u0441\u043b\u043e\u0442\u0430, L-\u0430\u0440\u0433\u0438\u043d\u0438\u043d, L-\u0430\u0441\u043f\u0430\u0440\u0430\u0433\u0438\u043d\u043e\u0432\u0430\u044f \u043a\u0438\u0441\u043b\u043e\u0442\u0430, L-\u0441\u0435\u0440\u0438\u043d, L-\u043b\u0438\u0437\u0438\u043d, L-\u043b\u0435\u0439\u0446\u0438\u043d, L-\u0432\u0430\u043b\u0438\u043d, L-\u0442\u0440\u0435\u043e\u043d\u0438\u043d, L-\u0444\u0435\u043d\u0438\u043b\u0430\u043b\u0430\u043d\u0438\u043d, L-\u0438\u0437\u043e\u043b\u0435\u0439\u0446\u0438\u043d, L-\u0433\u0438\u0434\u0440\u043e\u043a\u0441\u0438\u043b\u0438\u0437\u0438\u043d, L-\u043c\u0435\u0442\u0438\u043e\u043d\u0438\u043d, L-\u0433\u0438\u0441\u0442\u0438\u0434\u0438\u043d, L-\u0442\u0438\u0440\u043e\u0437\u0438\u043d, L-\u0446\u0438\u0441\u0442\u0435\u0438\u043d).<\/p>","protected":false},"excerpt":{"rendered":"<ul>\n<li>\u0413\u0438\u0434\u0440\u043e\u043b\u0438\u0437\u043e\u0432\u0430\u043d\u043d\u044b\u0439 \u0440\u044b\u0431\u0438\u0439 \u043a\u043e\u043b\u043b\u0430\u0433\u0435\u043d \u0432 \u043f\u043e\u0440\u043e\u0448\u043a\u0435.<\/li>\n<li>\u0421\u043e\u0434\u0435\u0440\u0436\u0438\u0442 \u043a\u043e\u043b\u043b\u0430\u0433\u0435\u043d \u0442\u0438\u043f\u043e\u0432 1 \u0438 3.<\/li>\n<\/ul>\n<p>300 g<\/p>","protected":false},"featured_media":5441,"comment_status":"closed","ping_status":"closed","template":"","meta":{"_uag_custom_page_level_css":"","site-sidebar-layout":"default","site-content-layout":"","ast-site-content-layout":"default","site-content-style":"default","site-sidebar-style":"default","ast-global-header-display":"","ast-banner-title-visibility":"","ast-main-header-display":"","ast-hfb-above-header-display":"","ast-hfb-below-header-display":"","ast-hfb-mobile-header-display":"","site-post-title":"","ast-breadcrumbs-content":"","ast-featured-img":"","footer-sml-layout":"","ast-disable-related-posts":"","theme-transparent-header-meta":"default","adv-header-id-meta":"","stick-header-meta":"","header-above-stick-meta":"","header-main-stick-meta":"","header-below-stick-meta":"","astra-migrate-meta-layouts":"set","ast-page-background-enabled":"default","ast-page-background-meta":{"desktop":{"background-color":"var(--ast-global-color-4)","background-image":"","background-repeat":"repeat","background-position":"center center","background-size":"auto","background-attachment":"scroll","background-type":"","background-media":"","overlay-type":"","overlay-color":"","overlay-opacity":"","overlay-gradient":""},"tablet":{"background-color":"","background-image":"","background-repeat":"repeat","background-position":"center center","background-size":"auto","background-attachment":"scroll","background-type":"","background-media":"","overlay-type":"","overlay-color":"","overlay-opacity":"","overlay-gradient":""},"mobile":{"background-color":"","background-image":"","background-repeat":"repeat","background-position":"center center","background-size":"auto","background-attachment":"scroll","background-type":"","background-media":"","overlay-type":"","overlay-color":"","overlay-opacity":"","overlay-gradient":""}},"ast-content-background-meta":{"desktop":{"background-color":"var(--ast-global-color-5)","background-image":"","background-repeat":"repeat","background-position":"center center","background-size":"auto","background-attachment":"scroll","background-type":"","background-media":"","overlay-type":"","overlay-color":"","overlay-opacity":"","overlay-gradient":""},"tablet":{"background-color":"var(--ast-global-color-5)","background-image":"","background-repeat":"repeat","background-position":"center center","background-size":"auto","background-attachment":"scroll","background-type":"","background-media":"","overlay-type":"","overlay-color":"","overlay-opacity":"","overlay-gradient":""},"mobile":{"background-color":"var(--ast-global-color-5)","background-image":"","background-repeat":"repeat","background-position":"center center","background-size":"auto","background-attachment":"scroll","background-type":"","background-media":"","overlay-type":"","overlay-color":"","overlay-opacity":"","overlay-gradient":""}}},"product_brand":[],"product_cat":[96,81],"product_tag":[],"class_list":{"0":"post-5397","1":"product","2":"type-product","3":"status-publish","4":"has-post-thumbnail","6":"product_cat-brands","7":"product_cat-charmyco","8":"desktop-align-left","9":"tablet-align-left","10":"mobile-align-left","12":"first","13":"instock","14":"taxable","15":"shipping-taxable","16":"product-type-simple","17":"add-to-wishlist-before_image"},"uagb_featured_image_src":{"full":["https:\/\/kosmeetika24.com\/wp-content\/uploads\/2024\/05\/TL0001.png",3000,3000,false],"thumbnail":["https:\/\/kosmeetika24.com\/wp-content\/uploads\/2024\/05\/TL0001-150x150.png",150,150,true],"medium":["https:\/\/kosmeetika24.com\/wp-content\/uploads\/2024\/05\/TL0001-300x300.png",300,300,true],"medium_large":["https:\/\/kosmeetika24.com\/wp-content\/uploads\/2024\/05\/TL0001-768x768.png",768,768,true],"large":["https:\/\/kosmeetika24.com\/wp-content\/uploads\/2024\/05\/TL0001-1024x1024.png",1024,1024,true],"1536x1536":["https:\/\/kosmeetika24.com\/wp-content\/uploads\/2024\/05\/TL0001-1536x1536.png",1536,1536,true],"2048x2048":["https:\/\/kosmeetika24.com\/wp-content\/uploads\/2024\/05\/TL0001-2048x2048.png",2048,2048,true],"trp-custom-language-flag":["https:\/\/kosmeetika24.com\/wp-content\/uploads\/2024\/05\/TL0001-12x12.png",12,12,true],"woocommerce_thumbnail":["https:\/\/kosmeetika24.com\/wp-content\/uploads\/2024\/05\/TL0001-300x300.png",300,300,true],"woocommerce_single":["https:\/\/kosmeetika24.com\/wp-content\/uploads\/2024\/05\/TL0001-500x500.png",500,500,true],"woocommerce_gallery_thumbnail":["https:\/\/kosmeetika24.com\/wp-content\/uploads\/2024\/05\/TL0001-100x100.png",100,100,true]},"uagb_author_info":{"display_name":"admin","author_link":"https:\/\/kosmeetika24.com\/ru\/author\/"},"uagb_comment_info":0,"uagb_excerpt":"H\u00fcdrol\u00fc\u00fcsitud KALAkollageeni pulber Sisaldab 1. ja 3. t\u00fc\u00fcpi kollageeni 300 g","_links":{"self":[{"href":"https:\/\/kosmeetika24.com\/ru\/wp-json\/wp\/v2\/product\/5397","targetHints":{"allow":["GET"]}}],"collection":[{"href":"https:\/\/kosmeetika24.com\/ru\/wp-json\/wp\/v2\/product"}],"about":[{"href":"https:\/\/kosmeetika24.com\/ru\/wp-json\/wp\/v2\/types\/product"}],"replies":[{"embeddable":true,"href":"https:\/\/kosmeetika24.com\/ru\/wp-json\/wp\/v2\/comments?post=5397"}],"version-history":[{"count":3,"href":"https:\/\/kosmeetika24.com\/ru\/wp-json\/wp\/v2\/product\/5397\/revisions"}],"predecessor-version":[{"id":6514,"href":"https:\/\/kosmeetika24.com\/ru\/wp-json\/wp\/v2\/product\/5397\/revisions\/6514"}],"wp:featuredmedia":[{"embeddable":true,"href":"https:\/\/kosmeetika24.com\/ru\/wp-json\/wp\/v2\/media\/5441"}],"wp:attachment":[{"href":"https:\/\/kosmeetika24.com\/ru\/wp-json\/wp\/v2\/media?parent=5397"}],"wp:term":[{"taxonomy":"product_brand","embeddable":true,"href":"https:\/\/kosmeetika24.com\/ru\/wp-json\/wp\/v2\/product_brand?post=5397"},{"taxonomy":"product_cat","embeddable":true,"href":"https:\/\/kosmeetika24.com\/ru\/wp-json\/wp\/v2\/product_cat?post=5397"},{"taxonomy":"product_tag","embeddable":true,"href":"https:\/\/kosmeetika24.com\/ru\/wp-json\/wp\/v2\/product_tag?post=5397"}],"curies":[{"name":"wp","href":"https:\/\/api.w.org\/{rel}","templated":true}]}}