{"id":5392,"date":"2024-05-29T08:26:22","date_gmt":"2024-05-29T08:26:22","guid":{"rendered":"https:\/\/kosmeetika24.com\/?post_type=product&#038;p=5392"},"modified":"2025-12-23T12:34:31","modified_gmt":"2025-12-23T09:34:31","slug":"oxygen-ceuticals-kuperoosi-valem","status":"publish","type":"product","link":"https:\/\/kosmeetika24.com\/ru\/product\/oxygen-ceuticals-kuperoosi-valem\/","title":{"rendered":"\u0424\u043e\u0440\u043c\u0443\u043b\u0430 \u043f\u0440\u043e\u0442\u0438\u0432 \u043a\u0443\u043f\u0435\u0440\u043e\u0437\u0430 OXYGEN CEUTICALS"},"content":{"rendered":"<p><b>\u041f\u0440\u043e\u0444\u0435\u0441\u0441\u0438\u043e\u043d\u0430\u043b\u044c\u043d\u043e\u0435 \u0438\u0441\u043f\u043e\u043b\u044c\u0437\u043e\u0432\u0430\u043d\u0438\u0435<\/b> : \u0438\u0441\u043f\u043e\u043b\u044c\u0437\u0443\u0439\u0442\u0435 \u043d\u0430 \u044d\u0442\u0430\u043f\u0435 \u0438\u043d\u0444\u0443\u0437\u0438\u0438 \u043a\u0438\u0441\u043b\u043e\u0440\u043e\u0434\u043d\u043e\u0439 \u0442\u0435\u0440\u0430\u043f\u0438\u0438 \u0434\u043b\u044f \u043b\u0438\u0446\u0430.<\/p>\n<p>\u0420\u0435\u043a\u043e\u043c\u0435\u043d\u0434\u0443\u0435\u0442\u0441\u044f \u0434\u043b\u044f \u043a\u043b\u0438\u0435\u043d\u0442\u043e\u0432 \u0441 \u0447\u0443\u0432\u0441\u0442\u0432\u0438\u0442\u0435\u043b\u044c\u043d\u043e\u0439\/\u0440\u0430\u0437\u0434\u0440\u0430\u0436\u0435\u043d\u043d\u043e\u0439 \u043a\u043e\u0436\u0435\u0439.<\/p>\n<p><strong>\u0414\u0435\u0439\u0441\u0442\u0432\u0438\u0435<\/strong><\/p>\n<ul>\n<li>\u0423\u0441\u043f\u043e\u043a\u0430\u0438\u0432\u0430\u0435\u0442 \u0438 \u0432\u043e\u0441\u0441\u0442\u0430\u043d\u0430\u0432\u043b\u0438\u0432\u0430\u0435\u0442 \u043f\u043e\u0432\u0440\u0435\u0436\u0434\u0451\u043d\u043d\u0443\u044e \u043a\u043e\u0436\u0443.<\/li>\n<li>\u041e\u0431\u0435\u0437\u0431\u043e\u043b\u0438\u0432\u0430\u0435\u0442 \u0447\u0443\u0432\u0441\u0442\u0432\u0438\u0442\u0435\u043b\u044c\u043d\u0443\u044e \u043a\u043e\u0436\u0443.<\/li>\n<li>\u0421\u043d\u0438\u0436\u0430\u0435\u0442 \u043f\u043e\u043a\u0440\u0430\u0441\u043d\u0435\u043d\u0438\u0435 \u0438 \u0432\u043e\u0441\u043f\u0430\u043b\u0435\u043d\u0438\u0435.<\/li>\n<\/ul>\n<p><strong>\u0421\u043e\u0441\u0442\u0430\u0432<\/strong><\/p>\n<p>Water, Propylene Glycol, 1,2-Hexanediol, Orostachys Japonica Extract, Centella Asiatica Extract, Butylene Glycol, Apium Graveolens (Celery) Extract, Brassica Oleracea Capitata (Cabbage) Leaf Extract, Oryza Sativa (Rice) Extract, Solanum Lycopersicum (Tomato) Fruit\/leaf\/stem Extract, Brassica Rapa (Turnip) Leaf Extract, Daucus Carota Sativa (Carrot) Root Extract, Brassica Oleracea Italica (Broccoli) Extract, Oxygen, Palmitoyl Pentapeptide-4, sh-Octapeptide-4, sh-Decapeptide-7, sh-Pentapeptide-19, Oligopeptide-29, Lavandula Angustifolia (Lavender) Water, Sodium Citrate, Zanthoxylum Piperitum Fruit Extract, Pulsatilla Koreana Extract, Usnea Barbata (Lichen) Extract.<\/p>","protected":false},"excerpt":{"rendered":"<p>500 ml<\/p>\n<p>\u0413\u0438\u043f\u043e\u0430\u043b\u043b\u0435\u0440\u0433\u0435\u043d\u043d\u044b\u0439 \u0436\u0438\u0434\u043a\u0438\u0439 \u0440\u0430\u0441\u0442\u0432\u043e\u0440 \u0434\u043b\u044f \u0443\u0441\u043f\u043e\u043a\u043e\u0435\u043d\u0438\u044f \u0438 \u0432\u043e\u0441\u0441\u0442\u0430\u043d\u043e\u0432\u043b\u0435\u043d\u0438\u044f \u0447\u0443\u0432\u0441\u0442\u0432\u0438\u0442\u0435\u043b\u044c\u043d\u043e\u0439 \u043a\u043e\u0436\u0438.<\/p>\n<p>\u042d\u0442\u043e\u0442 \u043b\u0435\u0433\u043a\u0438\u0439 \u0440\u0430\u0441\u0442\u0432\u043e\u0440 \u043d\u0430 \u043e\u0441\u043d\u043e\u0432\u0435 \u0430\u043c\u0438\u043d\u043e\u043a\u0438\u0441\u043b\u043e\u0442 \u043e\u0431\u0435\u0441\u043f\u0435\u0447\u0438\u0432\u0430\u0435\u0442 \u0443\u0432\u043b\u0430\u0436\u043d\u0435\u043d\u0438\u0435 \u0431\u0435\u0437 \u043c\u0430\u0441\u043b\u0430 \u0434\u043b\u044f \u043d\u043e\u0440\u043c\u0430\u043b\u044c\u043d\u043e\u0439 \u043a\u043e\u0436\u0438, \u043e\u0441\u0442\u0430\u0432\u043b\u044f\u044f \u0435\u0435 \u043d\u0435\u0432\u0435\u0440\u043e\u044f\u0442\u043d\u043e \u043c\u044f\u0433\u043a\u043e\u0439 \u0438 \u0433\u043b\u0430\u0434\u043a\u043e\u0439. \u0420\u0430\u0441\u0442\u0432\u043e\u0440 \u043f\u043e\u043c\u043e\u0433\u0430\u0435\u0442 \u0432\u043e\u0441\u0441\u0442\u0430\u043d\u043e\u0432\u0438\u0442\u044c \u0437\u0434\u043e\u0440\u043e\u0432\u044b\u0439 \u0431\u0430\u043b\u0430\u043d\u0441, \u0432 \u0442\u043e \u0432\u0440\u0435\u043c\u044f \u043a\u0430\u043a \u0441\u043c\u0435\u0441\u044c \u043a\u043e\u043b\u043b\u0430\u0433\u0435\u043d\u0430, \u043e\u043b\u0438\u0433\u043e\u043f\u0435\u043f\u0442\u0438\u0434\u0430 \u0438 \u0430\u043c\u0438\u043d\u043e\u043a\u0438\u0441\u043b\u043e\u0442 \u0441\u0433\u043b\u0430\u0436\u0438\u0432\u0430\u0435\u0442 \u0433\u0440\u0443\u0431\u0443\u044e \u0442\u0435\u043a\u0441\u0442\u0443\u0440\u0443 \u0438 \u0443\u043c\u0435\u043d\u044c\u0448\u0430\u0435\u0442 \u043f\u043e\u044f\u0432\u043b\u0435\u043d\u0438\u0435 \u043c\u0435\u043b\u043a\u0438\u0445 \u043c\u043e\u0440\u0449\u0438\u043d \u0438 \u043b\u0438\u043d\u0438\u0439. \u0410\u043c\u043f\u0443\u043b\u0430 \u0441 \u043f\u0440\u0435\u0438\u043c\u0443\u0449\u0435\u0441\u0442\u0432\u0430\u043c\u0438 \u0441\u0442\u0432\u043e\u043b\u043e\u0432\u044b\u0445 \u043a\u043b\u0435\u0442\u043e\u043a \u0442\u043e\u043c\u0430\u0442\u0430 \u0438 \u043e\u043b\u0438\u0433\u043e\u043f\u0435\u043f\u0442\u0438\u0434\u0430 \u043f\u043e\u043c\u043e\u0433\u0430\u0435\u0442 \u0432\u043e\u0441\u0441\u0442\u0430\u043d\u043e\u0432\u0438\u0442\u044c \u043f\u043e\u0432\u0440\u0435\u0436\u0434\u0435\u043d\u043d\u0443\u044e \u043a\u043e\u0436\u0443 \u0438 \u0441\u043e\u0445\u0440\u0430\u043d\u0438\u0442\u044c \u0432\u043b\u0430\u0433\u0443, \u0443\u0441\u043f\u043e\u043a\u0430\u0438\u0432\u0430\u044f \u0447\u0443\u0432\u0441\u0442\u0432\u0438\u0442\u0435\u043b\u044c\u043d\u0443\u044e \u043a\u043e\u0436\u0443.<\/p>","protected":false},"featured_media":6901,"comment_status":"closed","ping_status":"closed","template":"","meta":{"_uag_custom_page_level_css":"","site-sidebar-layout":"default","site-content-layout":"","ast-site-content-layout":"default","site-content-style":"default","site-sidebar-style":"default","ast-global-header-display":"","ast-banner-title-visibility":"","ast-main-header-display":"","ast-hfb-above-header-display":"","ast-hfb-below-header-display":"","ast-hfb-mobile-header-display":"","site-post-title":"","ast-breadcrumbs-content":"","ast-featured-img":"","footer-sml-layout":"","ast-disable-related-posts":"","theme-transparent-header-meta":"default","adv-header-id-meta":"","stick-header-meta":"","header-above-stick-meta":"","header-main-stick-meta":"","header-below-stick-meta":"","astra-migrate-meta-layouts":"set","ast-page-background-enabled":"default","ast-page-background-meta":{"desktop":{"background-color":"var(--ast-global-color-4)","background-image":"","background-repeat":"repeat","background-position":"center center","background-size":"auto","background-attachment":"scroll","background-type":"","background-media":"","overlay-type":"","overlay-color":"","overlay-opacity":"","overlay-gradient":""},"tablet":{"background-color":"","background-image":"","background-repeat":"repeat","background-position":"center center","background-size":"auto","background-attachment":"scroll","background-type":"","background-media":"","overlay-type":"","overlay-color":"","overlay-opacity":"","overlay-gradient":""},"mobile":{"background-color":"","background-image":"","background-repeat":"repeat","background-position":"center center","background-size":"auto","background-attachment":"scroll","background-type":"","background-media":"","overlay-type":"","overlay-color":"","overlay-opacity":"","overlay-gradient":""}},"ast-content-background-meta":{"desktop":{"background-color":"var(--ast-global-color-5)","background-image":"","background-repeat":"repeat","background-position":"center center","background-size":"auto","background-attachment":"scroll","background-type":"","background-media":"","overlay-type":"","overlay-color":"","overlay-opacity":"","overlay-gradient":""},"tablet":{"background-color":"var(--ast-global-color-5)","background-image":"","background-repeat":"repeat","background-position":"center center","background-size":"auto","background-attachment":"scroll","background-type":"","background-media":"","overlay-type":"","overlay-color":"","overlay-opacity":"","overlay-gradient":""},"mobile":{"background-color":"var(--ast-global-color-5)","background-image":"","background-repeat":"repeat","background-position":"center center","background-size":"auto","background-attachment":"scroll","background-type":"","background-media":"","overlay-type":"","overlay-color":"","overlay-opacity":"","overlay-gradient":""}}},"product_brand":[],"product_cat":[96,74],"product_tag":[],"class_list":{"0":"post-5392","1":"product","2":"type-product","3":"status-publish","4":"has-post-thumbnail","6":"product_cat-brands","7":"product_cat-oxygen-ceuticals","8":"desktop-align-left","9":"tablet-align-left","10":"mobile-align-left","12":"first","13":"instock","14":"taxable","15":"shipping-taxable","16":"product-type-simple","17":"add-to-wishlist-before_image"},"uagb_featured_image_src":{"full":["https:\/\/kosmeetika24.com\/wp-content\/uploads\/2024\/05\/Couperose-formula.jpg",1800,1800,false],"thumbnail":["https:\/\/kosmeetika24.com\/wp-content\/uploads\/2024\/05\/Couperose-formula-150x150.jpg",150,150,true],"medium":["https:\/\/kosmeetika24.com\/wp-content\/uploads\/2024\/05\/Couperose-formula-300x300.jpg",300,300,true],"medium_large":["https:\/\/kosmeetika24.com\/wp-content\/uploads\/2024\/05\/Couperose-formula-768x768.jpg",768,768,true],"large":["https:\/\/kosmeetika24.com\/wp-content\/uploads\/2024\/05\/Couperose-formula-1024x1024.jpg",1024,1024,true],"1536x1536":["https:\/\/kosmeetika24.com\/wp-content\/uploads\/2024\/05\/Couperose-formula-1536x1536.jpg",1536,1536,true],"2048x2048":["https:\/\/kosmeetika24.com\/wp-content\/uploads\/2024\/05\/Couperose-formula.jpg",1800,1800,false],"trp-custom-language-flag":["https:\/\/kosmeetika24.com\/wp-content\/uploads\/2024\/05\/Couperose-formula-12x12.jpg",12,12,true],"woocommerce_thumbnail":["https:\/\/kosmeetika24.com\/wp-content\/uploads\/2024\/05\/Couperose-formula-300x300.jpg",300,300,true],"woocommerce_single":["https:\/\/kosmeetika24.com\/wp-content\/uploads\/2024\/05\/Couperose-formula-500x500.jpg",500,500,true],"woocommerce_gallery_thumbnail":["https:\/\/kosmeetika24.com\/wp-content\/uploads\/2024\/05\/Couperose-formula-100x100.jpg",100,100,true]},"uagb_author_info":{"display_name":"admin","author_link":"https:\/\/kosmeetika24.com\/ru\/author\/"},"uagb_comment_info":0,"uagb_excerpt":"500 ml H\u00fcpoallergeenne vedellahus tundliku naha rahustamiseks ja taastamiseks. See kerge aminohapetest koosnev lahus t\u00e4iendab normaalset nahka \u00f5livaba niisutusega, j\u00e4ttes selle uskumatult pehmeks ja siledaks. Lahus aitab taastada tervisliku v\u00e4limusega tasakaalu, samas kui kollageeni, oligopeptiidi ja aminohapete segu aitab siluda karedat tekstuuri, v\u00e4hendades peente joonte ja kortsude teket. Tomati t\u00fcvirakkude ja oligopeptiidi eelistega ampull aitab&hellip;","_links":{"self":[{"href":"https:\/\/kosmeetika24.com\/ru\/wp-json\/wp\/v2\/product\/5392","targetHints":{"allow":["GET"]}}],"collection":[{"href":"https:\/\/kosmeetika24.com\/ru\/wp-json\/wp\/v2\/product"}],"about":[{"href":"https:\/\/kosmeetika24.com\/ru\/wp-json\/wp\/v2\/types\/product"}],"replies":[{"embeddable":true,"href":"https:\/\/kosmeetika24.com\/ru\/wp-json\/wp\/v2\/comments?post=5392"}],"version-history":[{"count":8,"href":"https:\/\/kosmeetika24.com\/ru\/wp-json\/wp\/v2\/product\/5392\/revisions"}],"predecessor-version":[{"id":6367,"href":"https:\/\/kosmeetika24.com\/ru\/wp-json\/wp\/v2\/product\/5392\/revisions\/6367"}],"wp:featuredmedia":[{"embeddable":true,"href":"https:\/\/kosmeetika24.com\/ru\/wp-json\/wp\/v2\/media\/6901"}],"wp:attachment":[{"href":"https:\/\/kosmeetika24.com\/ru\/wp-json\/wp\/v2\/media?parent=5392"}],"wp:term":[{"taxonomy":"product_brand","embeddable":true,"href":"https:\/\/kosmeetika24.com\/ru\/wp-json\/wp\/v2\/product_brand?post=5392"},{"taxonomy":"product_cat","embeddable":true,"href":"https:\/\/kosmeetika24.com\/ru\/wp-json\/wp\/v2\/product_cat?post=5392"},{"taxonomy":"product_tag","embeddable":true,"href":"https:\/\/kosmeetika24.com\/ru\/wp-json\/wp\/v2\/product_tag?post=5392"}],"curies":[{"name":"wp","href":"https:\/\/api.w.org\/{rel}","templated":true}]}}