{"id":5300,"date":"2024-05-30T13:28:57","date_gmt":"2024-05-30T13:28:57","guid":{"rendered":"https:\/\/kosmeetika24.com\/?post_type=product&#038;p=5300"},"modified":"2025-07-02T11:07:45","modified_gmt":"2025-07-02T08:07:45","slug":"reveel-profitoode-smoothing-mask-classic","status":"publish","type":"product","link":"https:\/\/kosmeetika24.com\/ru\/product\/reveel-profitoode-smoothing-mask-classic\/","title":{"rendered":"\u041f\u0440\u043e\u0444\u0435\u0441\u0441\u0438\u043e\u043d\u0430\u043b\u044c\u043d\u044b\u0439 \u043f\u0440\u043e\u0434\u0443\u043a\u0442 Reveel \u0421\u0433\u043b\u0430\u0436\u0438\u0432\u0430\u044e\u0449\u0430\u044f \u043c\u0430\u0441\u043a\u0430 Classic"},"content":{"rendered":"<p>\u0421\u043e\u0441\u0442\u043e\u0438\u0442 \u0438\u0437 \u043d\u0430\u0442\u0443\u0440\u0430\u043b\u044c\u043d\u043e\u0433\u043e \u043a\u043e\u043b\u043b\u0430\u0433\u0435\u043d\u0430 (98% \u043a\u043e\u043b\u043b\u0430\u0433\u0435\u043d).<br \/>\n\u041c\u043e\u043b\u0435\u043a\u0443\u043b\u044b \u043a\u043e\u043b\u043b\u0430\u0433\u0435\u043d\u0430 \u043e\u0431\u0440\u0430\u0437\u0443\u044e\u0442 \u043d\u0430 \u043a\u043e\u0436\u0435 \u0432\u043b\u0430\u0436\u043d\u0443\u044e \u0441\u0435\u0442\u044c \u0438 \u0441\u0432\u044f\u0437\u044b\u0432\u0430\u044e\u0442 \u0432\u043b\u0430\u0433\u0443. \u041f\u0435\u043f\u0442\u0438\u0434\u044b \"\u043e\u0442\u043f\u0440\u0430\u0432\u043b\u044f\u044e\u0442 \u0441\u0438\u0433\u043d\u0430\u043b\u044b\" \u0434\u043b\u044f \u0441\u0438\u043d\u0442\u0435\u0437\u0430 \u043a\u043e\u043b\u043b\u0430\u0433\u0435\u043d\u0430. \u041a\u043e\u043b\u043b\u0430\u0433\u0435\u043d\u043e\u0432\u044b\u0435 \u0432\u043e\u043b\u043e\u043a\u043d\u0430 \u0441\u0432\u044f\u0437\u044b\u0432\u0430\u044e\u0442 \u0432\u043e\u0434\u0443 \u0438 \u043f\u0440\u0438\u0434\u0430\u044e\u0442 \u043e\u0445\u043b\u0430\u0436\u0434\u0430\u044e\u0449\u0438\u0439 \u044d\u0444\u0444\u0435\u043a\u0442. \u0417\u0430\u043f\u0430\u0441\u044b \u0432\u043b\u0430\u0433\u0438 \u043f\u043e\u043f\u043e\u043b\u043d\u044f\u044e\u0442\u0441\u044f. \u0421\u0438\u043d\u0442\u0435\u0437 \u043a\u043e\u043b\u043b\u0430\u0433\u0435\u043d\u0430 \u0443\u0432\u0435\u043b\u0438\u0447\u0438\u0432\u0430\u0435\u0442\u0441\u044f. \u041a\u043e\u0436\u0430 \u0433\u043b\u0443\u0431\u043e\u043a\u043e \u0443\u0432\u043b\u0430\u0436\u043d\u0435\u043d\u0430, \u043e\u0449\u0443\u0449\u0435\u043d\u0438\u0435 \u0441\u0442\u044f\u043d\u0443\u0442\u043e\u0441\u0442\u0438 \u0443\u043c\u0435\u043d\u044c\u0448\u0430\u0435\u0442\u0441\u044f. \u041a\u043e\u0436\u0430 \u043f\u043e\u0434\u0442\u044f\u0433\u0438\u0432\u0430\u0435\u0442\u0441\u044f, \u043c\u0435\u043b\u043a\u0438\u0435 \u043c\u043e\u0440\u0449\u0438\u043d\u044b \u0438\u0441\u0447\u0435\u0437\u0430\u044e\u0442.<\/p>\n<p>\u041e\u0441\u043e\u0431\u0435\u043d\u043d\u043e \u0440\u0435\u043a\u043e\u043c\u0435\u043d\u0434\u0443\u0435\u0442\u0441\u044f \u0434\u043b\u044f \u043e\u0447\u0435\u043d\u044c \u0447\u0443\u0432\u0441\u0442\u0432\u0438\u0442\u0435\u043b\u044c\u043d\u043e\u0439 \u043a\u043e\u0436\u0438.<\/p>\n<p><strong>\u041f\u0440\u0438\u043c\u0435\u043d\u0435\u043d\u0438\u0435<\/strong><\/p>\n<p>1. \u041e\u0431\u0440\u0435\u0436\u044c\u0442\u0435 \u043f\u043e \u0444\u043e\u0440\u043c\u0435 \u043f\u0440\u0438 \u043d\u0435\u043e\u0431\u0445\u043e\u0434\u0438\u043c\u043e\u0441\u0442\u0438 \u0438\u043b\u0438 \u0440\u0432\u0438\u0442\u0435 \u043f\u043e \u043f\u0435\u0440\u0444\u043e\u0440\u0430\u0446\u0438\u0438.<br \/>\n2. \u041d\u0430\u043b\u043e\u0436\u0438\u0442\u0435 \u0441\u0443\u0445\u0443\u044e \u043c\u0430\u0441\u043a\u0443 \u043d\u0430 \u043b\u0438\u0446\u043e.<br \/>\n3. \u041c\u0435\u0434\u043b\u0435\u043d\u043d\u043e, \u043d\u043e \u0442\u0449\u0430\u0442\u0435\u043b\u044c\u043d\u043e \u0443\u0432\u043b\u0430\u0436\u043d\u0438\u0442\u0435 \u0435\u0451 Professional Activating Liquid.<br \/>\n4. \u041e\u0441\u0442\u0430\u0432\u044c\u0442\u0435 \u043d\u0430 15-20 \u043c\u0438\u043d\u0443\u0442.<br \/>\n5. \u0421\u043d\u0438\u043c\u0438\u0442\u0435 \u043c\u0430\u0441\u043a\u0443 \u0438 \u043f\u043e\u0445\u043b\u043e\u043f\u0430\u0439\u0442\u0435 \u043e\u0441\u0442\u0430\u0442\u043a\u0438 \u0432 \u043a\u043e\u0436\u0443.<\/p>\n<p><strong>\u0421\u043e\u0441\u0442\u0430\u0432<\/strong><\/p>\n<div class=\"easytabs-text\">\n<div class=\"shogun-root\" data-shogun-id=\"63ee8d6076419a00d59f1024\" data-shogun-site-id=\"d151c7f8-aff7-417a-991c-33311a0ea59a\" data-shogun-page-id=\"63ee8d6076419a00d59f1024\" data-shogun-page-version-id=\"66227590d9ee67fc5608201e\" data-shogun-platform-type=\"shopify\" data-shogun-variant-id=\"66227591d9ee67fc560824b1\" data-shogun-page-type=\"product\" data-shogun-power-up-type=\"\" data-shogun-power-up-id=\"\" data-region=\"main\">\n<div id=\"s-12655f6a-490e-4b01-bd0e-7b4db66d908c\" class=\"shg-c\">\n<div class=\"shg-rich-text shg-theme-text-content\">\n<p>\u041a\u043e\u043b\u043b\u0430\u0433\u0435\u043d, \u043f\u043e\u043b\u0438\u0433\u043b\u0438\u0446\u0435\u0440\u0438\u043b-10-\u043b\u0430\u0443\u0440\u0435\u0442.<\/p>\n<\/div>\n<\/div>\n<\/div>\n<\/div>\n<div id=\"6713447514169\" class=\"easytabs-container tab-widget-6713447514169 easytabs-inited\" data-et-min-width=\"0\" data-et-auto-accordion=\"1\" data-et-cbw=\"1\" data-et-cbr=\"3\" data-et-sta=\"1\" data-et-amp=\"0\" data-et-adv=\"0\" data-et-flx=\"0\" data-et-wt=\"0\" data-et-ao=\"0\" data-et-tabs-width=\"0\"><\/div>","protected":false},"excerpt":{"rendered":"<p>\u0426\u0435\u043b\u044c\u043d\u044b\u0439 \u043b\u0438\u0441\u0442, \u043a\u043e\u0442\u043e\u0440\u044b\u0439 \u043d\u0443\u0436\u043d\u043e \u043d\u0430\u0440\u0435\u0437\u0430\u0442\u044c \u043f\u043e \u0436\u0435\u043b\u0430\u0435\u043c\u043e\u0439 \u0444\u043e\u0440\u043c\u0435, \u043f\u043e\u0437\u0432\u043e\u043b\u044f\u044f \u0438\u0441\u043f\u043e\u043b\u044c\u0437\u043e\u0432\u0430\u0442\u044c \u043a\u0430\u043a \u043d\u0430 \u043b\u0438\u0446\u0435, \u0442\u0430\u043a \u0438 \u043d\u0430 \u0434\u0440\u0443\u0433\u0438\u0445 \u0443\u0447\u0430\u0441\u0442\u043a\u0430\u0445 \u0443\u0445\u043e\u0434\u0430.<\/p>\n<p>20 tk<\/p>","protected":false},"featured_media":6905,"comment_status":"closed","ping_status":"closed","template":"","meta":{"_uag_custom_page_level_css":"","site-sidebar-layout":"default","site-content-layout":"","ast-site-content-layout":"default","site-content-style":"default","site-sidebar-style":"default","ast-global-header-display":"","ast-banner-title-visibility":"","ast-main-header-display":"","ast-hfb-above-header-display":"","ast-hfb-below-header-display":"","ast-hfb-mobile-header-display":"","site-post-title":"","ast-breadcrumbs-content":"","ast-featured-img":"","footer-sml-layout":"","ast-disable-related-posts":"","theme-transparent-header-meta":"default","adv-header-id-meta":"","stick-header-meta":"","header-above-stick-meta":"","header-main-stick-meta":"","header-below-stick-meta":"","astra-migrate-meta-layouts":"set","ast-page-background-enabled":"default","ast-page-background-meta":{"desktop":{"background-color":"var(--ast-global-color-4)","background-image":"","background-repeat":"repeat","background-position":"center center","background-size":"auto","background-attachment":"scroll","background-type":"","background-media":"","overlay-type":"","overlay-color":"","overlay-opacity":"","overlay-gradient":""},"tablet":{"background-color":"","background-image":"","background-repeat":"repeat","background-position":"center center","background-size":"auto","background-attachment":"scroll","background-type":"","background-media":"","overlay-type":"","overlay-color":"","overlay-opacity":"","overlay-gradient":""},"mobile":{"background-color":"","background-image":"","background-repeat":"repeat","background-position":"center center","background-size":"auto","background-attachment":"scroll","background-type":"","background-media":"","overlay-type":"","overlay-color":"","overlay-opacity":"","overlay-gradient":""}},"ast-content-background-meta":{"desktop":{"background-color":"var(--ast-global-color-5)","background-image":"","background-repeat":"repeat","background-position":"center center","background-size":"auto","background-attachment":"scroll","background-type":"","background-media":"","overlay-type":"","overlay-color":"","overlay-opacity":"","overlay-gradient":""},"tablet":{"background-color":"var(--ast-global-color-5)","background-image":"","background-repeat":"repeat","background-position":"center center","background-size":"auto","background-attachment":"scroll","background-type":"","background-media":"","overlay-type":"","overlay-color":"","overlay-opacity":"","overlay-gradient":""},"mobile":{"background-color":"var(--ast-global-color-5)","background-image":"","background-repeat":"repeat","background-position":"center center","background-size":"auto","background-attachment":"scroll","background-type":"","background-media":"","overlay-type":"","overlay-color":"","overlay-opacity":"","overlay-gradient":""}}},"product_brand":[],"product_cat":[96,97,95],"product_tag":[],"class_list":{"0":"post-5300","1":"product","2":"type-product","3":"status-publish","4":"has-post-thumbnail","6":"product_cat-brands","7":"product_cat-naole","8":"product_cat-reveel","9":"desktop-align-left","10":"tablet-align-left","11":"mobile-align-left","13":"first","14":"instock","15":"taxable","16":"shipping-taxable","17":"product-type-simple","18":"add-to-wishlist-before_image"},"uagb_featured_image_src":{"full":["https:\/\/kosmeetika24.com\/wp-content\/uploads\/2024\/05\/Smoothing-mask.jpg",1800,1800,false],"thumbnail":["https:\/\/kosmeetika24.com\/wp-content\/uploads\/2024\/05\/Smoothing-mask-150x150.jpg",150,150,true],"medium":["https:\/\/kosmeetika24.com\/wp-content\/uploads\/2024\/05\/Smoothing-mask-300x300.jpg",300,300,true],"medium_large":["https:\/\/kosmeetika24.com\/wp-content\/uploads\/2024\/05\/Smoothing-mask-768x768.jpg",768,768,true],"large":["https:\/\/kosmeetika24.com\/wp-content\/uploads\/2024\/05\/Smoothing-mask-1024x1024.jpg",1024,1024,true],"1536x1536":["https:\/\/kosmeetika24.com\/wp-content\/uploads\/2024\/05\/Smoothing-mask-1536x1536.jpg",1536,1536,true],"2048x2048":["https:\/\/kosmeetika24.com\/wp-content\/uploads\/2024\/05\/Smoothing-mask.jpg",1800,1800,false],"trp-custom-language-flag":["https:\/\/kosmeetika24.com\/wp-content\/uploads\/2024\/05\/Smoothing-mask-12x12.jpg",12,12,true],"woocommerce_thumbnail":["https:\/\/kosmeetika24.com\/wp-content\/uploads\/2024\/05\/Smoothing-mask-300x300.jpg",300,300,true],"woocommerce_single":["https:\/\/kosmeetika24.com\/wp-content\/uploads\/2024\/05\/Smoothing-mask-500x500.jpg",500,500,true],"woocommerce_gallery_thumbnail":["https:\/\/kosmeetika24.com\/wp-content\/uploads\/2024\/05\/Smoothing-mask-100x100.jpg",100,100,true]},"uagb_author_info":{"display_name":"admin","author_link":"https:\/\/kosmeetika24.com\/ru\/author\/"},"uagb_comment_info":0,"uagb_excerpt":"T\u00e4isleht, mis tuleb l\u00f5igata soovitud kuju, v\u00f5imaldades kasutada nii n\u00e4ol kui ka muudel hoolduspiirkondadel. 20 tk","_links":{"self":[{"href":"https:\/\/kosmeetika24.com\/ru\/wp-json\/wp\/v2\/product\/5300","targetHints":{"allow":["GET"]}}],"collection":[{"href":"https:\/\/kosmeetika24.com\/ru\/wp-json\/wp\/v2\/product"}],"about":[{"href":"https:\/\/kosmeetika24.com\/ru\/wp-json\/wp\/v2\/types\/product"}],"replies":[{"embeddable":true,"href":"https:\/\/kosmeetika24.com\/ru\/wp-json\/wp\/v2\/comments?post=5300"}],"version-history":[{"count":11,"href":"https:\/\/kosmeetika24.com\/ru\/wp-json\/wp\/v2\/product\/5300\/revisions"}],"predecessor-version":[{"id":6268,"href":"https:\/\/kosmeetika24.com\/ru\/wp-json\/wp\/v2\/product\/5300\/revisions\/6268"}],"wp:featuredmedia":[{"embeddable":true,"href":"https:\/\/kosmeetika24.com\/ru\/wp-json\/wp\/v2\/media\/6905"}],"wp:attachment":[{"href":"https:\/\/kosmeetika24.com\/ru\/wp-json\/wp\/v2\/media?parent=5300"}],"wp:term":[{"taxonomy":"product_brand","embeddable":true,"href":"https:\/\/kosmeetika24.com\/ru\/wp-json\/wp\/v2\/product_brand?post=5300"},{"taxonomy":"product_cat","embeddable":true,"href":"https:\/\/kosmeetika24.com\/ru\/wp-json\/wp\/v2\/product_cat?post=5300"},{"taxonomy":"product_tag","embeddable":true,"href":"https:\/\/kosmeetika24.com\/ru\/wp-json\/wp\/v2\/product_tag?post=5300"}],"curies":[{"name":"wp","href":"https:\/\/api.w.org\/{rel}","templated":true}]}}