{"id":5280,"date":"2024-05-30T13:36:24","date_gmt":"2024-05-30T13:36:24","guid":{"rendered":"https:\/\/kosmeetika24.com\/?post_type=product&#038;p=5280"},"modified":"2025-07-02T11:06:31","modified_gmt":"2025-07-02T08:06:31","slug":"reveel-profitoode-renewal-mask-classics","status":"publish","type":"product","link":"https:\/\/kosmeetika24.com\/ru\/product\/reveel-profitoode-renewal-mask-classics\/","title":{"rendered":"\u041f\u0440\u043e\u0444\u0435\u0441\u0441\u0438\u043e\u043d\u0430\u043b\u044c\u043d\u044b\u0439 \u043f\u0440\u043e\u0434\u0443\u043a\u0442 Reveel \u041e\u0431\u043d\u043e\u0432\u043b\u044f\u044e\u0449\u0430\u044f \u043c\u0430\u0441\u043a\u0430 Classic"},"content":{"rendered":"<p>\u041f\u0440\u043e\u0444\u0435\u0441\u0441\u0438\u043e\u043d\u0430\u043b\u044c\u043d\u044b\u0439 <em>Renewal Mask<\/em> c \u043f\u043e\u043c\u043e\u0449\u044c\u044e \u043a\u043e\u043b\u043b\u0430\u0433\u0435\u043d\u043e\u0432\u043e\u0439 \u043c\u0430\u0441\u043a\u0438 \u0432\u044b \u043c\u043e\u0436\u0435\u0442\u0435 \u043c\u0438\u043d\u0438\u043c\u0438\u0437\u0438\u0440\u043e\u0432\u0430\u0442\u044c \u043f\u0440\u0438\u0437\u043d\u0430\u043a\u0438 \u0441\u0442\u0430\u0440\u0435\u043d\u0438\u044f.<\/p>\n<p>\u041e\u0447\u0435\u043d\u044c \u0443\u0441\u043f\u043e\u043a\u0430\u0438\u0432\u0430\u044e\u0449\u0438\u0439 \u0434\u043b\u044f \u0432\u0441\u0435\u0445 \u0442\u0438\u043f\u043e\u0432 \u043a\u043e\u0436\u0438, \u0443\u0432\u0435\u043b\u0438\u0447\u0438\u0432\u0430\u0435\u0442 \u0443\u0432\u043b\u0430\u0436\u043d\u0435\u043d\u0438\u0435 \u0438 \u043f\u043e\u0434\u0434\u0435\u0440\u0436\u0438\u0432\u0430\u0435\u0442 \u0435\u0441\u0442\u0435\u0441\u0442\u0432\u0435\u043d\u043d\u044b\u0439 pH-\u0431\u0430\u043b\u0430\u043d\u0441 \u043a\u043e\u0436\u0438.<\/p>\n<p><em><strong>\u041e\u0421\u041d\u041e\u0412\u041d\u042b\u0415 \u0414\u0415\u0419\u0421\u0422\u0412\u0423\u042e\u0429\u0418\u0415 \u0412\u0415\u0429\u0415\u0421\u0422\u0412\u0410<\/strong><\/em><\/p>\n<p>L<em>ooduslik kollageen, \u00f5una t\u00fcvirakkude ekstrakt, baikaliin.<\/em><\/p>\n<p><em>\u0411\u0430\u0439\u043a\u0430\u043b\u0438\u0438\u043d, \u0432\u0435\u0449\u0435\u0441\u0442\u0432\u043e \u0440\u0430\u0441\u0442\u0438\u0442\u0435\u043b\u044c\u043d\u043e\u0433\u043e \u043f\u0440\u043e\u0438\u0441\u0445\u043e\u0436\u0434\u0435\u043d\u0438\u044f, \u043f\u043e\u043b\u0443\u0447\u0430\u044e\u0442 \u0438\u0437 \u043a\u043e\u0440\u043d\u044f \u0440\u0430\u0441\u0442\u0435\u043d\u0438\u044f S. baicalensis \u0438\u043b\u0438 \u0438\u0437 \u043a\u0443\u043b\u044c\u0442\u0443\u0440\u044b \u043a\u043b\u0435\u0442\u043e\u043a S. baicalensis. \u041e\u043d \u043e\u0431\u043b\u0430\u0434\u0430\u0435\u0442 \u043e\u043c\u043e\u043b\u0430\u0436\u0438\u0432\u0430\u044e\u0449\u0438\u043c \u044d\u0444\u0444\u0435\u043a\u0442\u043e\u043c, \u0437\u0430\u0449\u0438\u0449\u0430\u0435\u0442 \u043e\u0442 \u0423\u0424-\u0438\u0437\u043b\u0443\u0447\u0435\u043d\u0438\u044f, \u0438\u043c\u0435\u0435\u0442 \u0430\u043d\u0442\u0438\u043e\u043a\u0441\u0438\u0434\u0430\u043d\u0442\u043d\u044b\u0435 \u0438 \u0442\u043e\u043d\u0438\u0437\u0438\u0440\u0443\u044e\u0449\u0438\u0435 \u0441\u0432\u043e\u0439\u0441\u0442\u0432\u0430. \u0412 \u043a\u0440\u0435\u043c\u0430\u0445 \u0431\u0430\u0439\u043a\u0430\u043b\u0438\u0438\u043d \u0437\u0430\u0449\u0438\u0449\u0430\u0435\u0442 \u043a\u043e\u0436\u0443 \u0441\u0432\u043e\u0438\u043c\u0438 \u0430\u043d\u0442\u0438\u043e\u043a\u0441\u0438\u0434\u0430\u043d\u0442\u043d\u044b\u043c\u0438 \u0441\u0432\u043e\u0439\u0441\u0442\u0432\u0430\u043c\u0438 \u0438 \u0441\u043d\u0438\u0436\u0430\u0435\u0442 \u0430\u043f\u043e\u043f\u0442\u043e\u0437, \u0432\u044b\u0437\u0432\u0430\u043d\u043d\u044b\u0439 \u0423\u0424-\u0438\u0437\u043b\u0443\u0447\u0435\u043d\u0438\u0435\u043c (\u0441\u043c\u0435\u0440\u0442\u044c \u043a\u043b\u0435\u0442\u043e\u043a, \u0432\u044b\u0437\u0432\u0430\u043d\u043d\u0430\u044f \u0443\u043b\u044c\u0442\u0440\u0430\u0444\u0438\u043e\u043b\u0435\u0442\u043e\u0432\u044b\u043c\u0438 \u043b\u0443\u0447\u0430\u043c\u0438).<\/em><br \/>\n<em>\u042d\u043a\u0441\u0442\u0440\u0430\u043a\u0442 \u0441\u0442\u0432\u043e\u043b\u043e\u0432\u044b\u0445 \u043a\u043b\u0435\u0442\u043e\u043a \u044f\u0431\u043b\u043e\u043a\u0430 \u0441\u0442\u0438\u043c\u0443\u043b\u0438\u0440\u0443\u0435\u0442 \u0430\u043a\u0442\u0438\u0432\u043d\u043e\u0441\u0442\u044c \u043a\u043b\u0435\u0442\u043e\u043a.<\/em><\/p>\n<p><strong>\u041f\u0440\u0438\u043c\u0435\u043d\u0435\u043d\u0438\u0435<\/strong><\/p>\n<p>1. \u041d\u0430\u0440\u0435\u0436\u044c\u0442\u0435 \u043f\u043e \u043d\u0443\u0436\u043d\u043e\u0439 \u0444\u043e\u0440\u043c\u0435 \u0438\u043b\u0438 \u043f\u043e\u0440\u0432\u0438\u0442\u0435 \u0432\u0434\u043e\u043b\u044c \u043f\u0435\u0440\u0444\u043e\u0440\u0430\u0446\u0438\u0438.<br \/>\n2. \u041d\u0430\u043b\u043e\u0436\u0438\u0442\u0435 \u0441\u0443\u0445\u0443\u044e \u043c\u0430\u0441\u043a\u0443 \u043d\u0430 \u043b\u0438\u0446\u043e.<br \/>\n3. \u041c\u0435\u0434\u043b\u0435\u043d\u043d\u043e, \u043d\u043e \u0442\u0449\u0430\u0442\u0435\u043b\u044c\u043d\u043e \u0443\u0432\u043b\u0430\u0436\u043d\u0438\u0442\u0435 \u044d\u0442\u043e \u0441 \u043f\u043e\u043c\u043e\u0449\u044c\u044e \u043f\u0440\u043e\u0444\u0435\u0441\u0441\u0438\u043e\u043d\u0430\u043b\u044c\u043d\u043e\u0439 \u0430\u043a\u0442\u0438\u0432\u0438\u0440\u0443\u044e\u0449\u0435\u0439 \u0436\u0438\u0434\u043a\u043e\u0441\u0442\u0438.<br \/>\n4. \u041e\u0441\u0442\u0430\u0432\u044c\u0442\u0435 \u043d\u0430 15-20 \u043c\u0438\u043d\u0443\u0442.<br \/>\n5. \u0423\u0434\u0430\u043b\u0438\u0442\u0435 \u043c\u0430\u0441\u043a\u0443 \u0438 \u043c\u044f\u0433\u043a\u043e \u043c\u0430\u0441\u0441\u0438\u0440\u0443\u0439\u0442\u0435 \u043e\u0441\u0442\u0430\u0442\u043a\u0438 \u0432 \u043a\u043e\u0436\u0443.<\/p>\n<p><strong>\u0421\u043e\u0441\u0442\u0430\u0432<\/strong><\/p>\n<p>Collagen, PPG-15 Stearyl Ether, Hydrogenated Polyisobutene, Propylene Glycol, PEG-40 Sorbitan Peroleate, Resveratrol, Malus Domestica Fruit Cell Culture Extract, Baicalin, Glycerin, Lecithin, Di-C12-13 Alkyl Malate, Xanthan Gum, BHT, Phenoxyethanol, CI 75470 (Carmine), CI 77510 (Ferricammonium Ferrocyanide).<\/p>","protected":false},"excerpt":{"rendered":"<p>\u041f\u043e\u043b\u043d\u044b\u0439 \u043b\u0438\u0441\u0442, \u043a\u043e\u0442\u043e\u0440\u044b\u0439 \u043d\u0443\u0436\u043d\u043e \u0432\u044b\u0440\u0435\u0437\u0430\u0442\u044c \u043f\u043e \u0436\u0435\u043b\u0430\u0435\u043c\u043e\u0439 \u0444\u043e\u0440\u043c\u0435, \u0447\u0442\u043e \u043f\u043e\u0437\u0432\u043e\u043b\u044f\u0435\u0442 \u0438\u0441\u043f\u043e\u043b\u044c\u0437\u043e\u0432\u0430\u0442\u044c \u0435\u0433\u043e \u043a\u0430\u043a \u043d\u0430 \u043b\u0438\u0446\u0435, \u0442\u0430\u043a \u0438 \u0432 \u0434\u0440\u0443\u0433\u0438\u0445 \u043e\u0431\u043b\u0430\u0441\u0442\u044f\u0445 \u043b\u0435\u0447\u0435\u043d\u0438\u044f.<\/p>\n<ul>\n<li>\u0423\u0432\u043b\u0430\u0436\u043d\u044f\u0435\u0442 \u0438 \u043f\u043e\u0434\u0434\u0435\u0440\u0436\u0438\u0432\u0430\u0435\u0442 \u0435\u0441\u0442\u0435\u0441\u0442\u0432\u0435\u043d\u043d\u043e\u0435 \u0440\u0430\u0432\u043d\u043e\u0432\u0435\u0441\u0438\u0435 \u043a\u043e\u0436\u0438.<\/li>\n<li>\u041d\u0435\u0439\u0442\u0440\u0430\u043b\u0438\u0437\u0443\u0435\u0442 \u0432\u0440\u0435\u0434\u043d\u044b\u0435 \u0432\u043e\u0437\u0434\u0435\u0439\u0441\u0442\u0432\u0438\u044f \u043e\u043a\u0440\u0443\u0436\u0430\u044e\u0449\u0435\u0439 \u0441\u0440\u0435\u0434\u044b.<\/li>\n<li>\u041e\u0447\u0435\u043d\u044c \u044d\u0444\u0444\u0435\u043a\u0442\u0438\u0432\u043d\u044b\u0435 \u0443\u0441\u043f\u043e\u043a\u0430\u0438\u0432\u0430\u044e\u0449\u0438\u0435 \u0438 \u0441\u0433\u043b\u0430\u0436\u0438\u0432\u0430\u044e\u0449\u0438\u0435 \u0441\u0432\u043e\u0439\u0441\u0442\u0432\u0430.<\/li>\n<\/ul>\n<p>\u0412 \u0443\u043f\u0430\u043a\u043e\u0432\u043a\u0435 20 \u0448\u0442<\/p>","protected":false},"featured_media":6908,"comment_status":"closed","ping_status":"closed","template":"","meta":{"_uag_custom_page_level_css":"","site-sidebar-layout":"default","site-content-layout":"","ast-site-content-layout":"default","site-content-style":"default","site-sidebar-style":"default","ast-global-header-display":"","ast-banner-title-visibility":"","ast-main-header-display":"","ast-hfb-above-header-display":"","ast-hfb-below-header-display":"","ast-hfb-mobile-header-display":"","site-post-title":"","ast-breadcrumbs-content":"","ast-featured-img":"","footer-sml-layout":"","ast-disable-related-posts":"","theme-transparent-header-meta":"default","adv-header-id-meta":"","stick-header-meta":"","header-above-stick-meta":"","header-main-stick-meta":"","header-below-stick-meta":"","astra-migrate-meta-layouts":"set","ast-page-background-enabled":"default","ast-page-background-meta":{"desktop":{"background-color":"var(--ast-global-color-4)","background-image":"","background-repeat":"repeat","background-position":"center center","background-size":"auto","background-attachment":"scroll","background-type":"","background-media":"","overlay-type":"","overlay-color":"","overlay-opacity":"","overlay-gradient":""},"tablet":{"background-color":"","background-image":"","background-repeat":"repeat","background-position":"center center","background-size":"auto","background-attachment":"scroll","background-type":"","background-media":"","overlay-type":"","overlay-color":"","overlay-opacity":"","overlay-gradient":""},"mobile":{"background-color":"","background-image":"","background-repeat":"repeat","background-position":"center center","background-size":"auto","background-attachment":"scroll","background-type":"","background-media":"","overlay-type":"","overlay-color":"","overlay-opacity":"","overlay-gradient":""}},"ast-content-background-meta":{"desktop":{"background-color":"var(--ast-global-color-5)","background-image":"","background-repeat":"repeat","background-position":"center center","background-size":"auto","background-attachment":"scroll","background-type":"","background-media":"","overlay-type":"","overlay-color":"","overlay-opacity":"","overlay-gradient":""},"tablet":{"background-color":"var(--ast-global-color-5)","background-image":"","background-repeat":"repeat","background-position":"center center","background-size":"auto","background-attachment":"scroll","background-type":"","background-media":"","overlay-type":"","overlay-color":"","overlay-opacity":"","overlay-gradient":""},"mobile":{"background-color":"var(--ast-global-color-5)","background-image":"","background-repeat":"repeat","background-position":"center center","background-size":"auto","background-attachment":"scroll","background-type":"","background-media":"","overlay-type":"","overlay-color":"","overlay-opacity":"","overlay-gradient":""}}},"product_brand":[],"product_cat":[96,97,95],"product_tag":[],"class_list":{"0":"post-5280","1":"product","2":"type-product","3":"status-publish","4":"has-post-thumbnail","6":"product_cat-brands","7":"product_cat-naole","8":"product_cat-reveel","9":"desktop-align-left","10":"tablet-align-left","11":"mobile-align-left","13":"first","14":"instock","15":"taxable","16":"shipping-taxable","17":"product-type-simple","18":"add-to-wishlist-before_image"},"uagb_featured_image_src":{"full":["https:\/\/kosmeetika24.com\/wp-content\/uploads\/2024\/05\/renewal.jpg",1800,1800,false],"thumbnail":["https:\/\/kosmeetika24.com\/wp-content\/uploads\/2024\/05\/renewal-150x150.jpg",150,150,true],"medium":["https:\/\/kosmeetika24.com\/wp-content\/uploads\/2024\/05\/renewal-300x300.jpg",300,300,true],"medium_large":["https:\/\/kosmeetika24.com\/wp-content\/uploads\/2024\/05\/renewal-768x768.jpg",768,768,true],"large":["https:\/\/kosmeetika24.com\/wp-content\/uploads\/2024\/05\/renewal-1024x1024.jpg",1024,1024,true],"1536x1536":["https:\/\/kosmeetika24.com\/wp-content\/uploads\/2024\/05\/renewal-1536x1536.jpg",1536,1536,true],"2048x2048":["https:\/\/kosmeetika24.com\/wp-content\/uploads\/2024\/05\/renewal.jpg",1800,1800,false],"trp-custom-language-flag":["https:\/\/kosmeetika24.com\/wp-content\/uploads\/2024\/05\/renewal-12x12.jpg",12,12,true],"woocommerce_thumbnail":["https:\/\/kosmeetika24.com\/wp-content\/uploads\/2024\/05\/renewal-300x300.jpg",300,300,true],"woocommerce_single":["https:\/\/kosmeetika24.com\/wp-content\/uploads\/2024\/05\/renewal-500x500.jpg",500,500,true],"woocommerce_gallery_thumbnail":["https:\/\/kosmeetika24.com\/wp-content\/uploads\/2024\/05\/renewal-100x100.jpg",100,100,true]},"uagb_author_info":{"display_name":"admin","author_link":"https:\/\/kosmeetika24.com\/ru\/author\/"},"uagb_comment_info":0,"uagb_excerpt":"T\u00e4isleht, mis tuleb l\u00f5igata soovitud kuju, v\u00f5imaldades kasutada nii n\u00e4ol kui ka muudel ravipiirkondadel. Suurendab niisutust ja toetab naha loomulikku tasakaalu. Neutraliseerib kahjulikke keskkonnam\u00f5jusid. V\u00e4ga t\u00f5husad rahustavad ja siluvad omadused. Pakis 20 tk","_links":{"self":[{"href":"https:\/\/kosmeetika24.com\/ru\/wp-json\/wp\/v2\/product\/5280","targetHints":{"allow":["GET"]}}],"collection":[{"href":"https:\/\/kosmeetika24.com\/ru\/wp-json\/wp\/v2\/product"}],"about":[{"href":"https:\/\/kosmeetika24.com\/ru\/wp-json\/wp\/v2\/types\/product"}],"replies":[{"embeddable":true,"href":"https:\/\/kosmeetika24.com\/ru\/wp-json\/wp\/v2\/comments?post=5280"}],"version-history":[{"count":12,"href":"https:\/\/kosmeetika24.com\/ru\/wp-json\/wp\/v2\/product\/5280\/revisions"}],"predecessor-version":[{"id":6267,"href":"https:\/\/kosmeetika24.com\/ru\/wp-json\/wp\/v2\/product\/5280\/revisions\/6267"}],"wp:featuredmedia":[{"embeddable":true,"href":"https:\/\/kosmeetika24.com\/ru\/wp-json\/wp\/v2\/media\/6908"}],"wp:attachment":[{"href":"https:\/\/kosmeetika24.com\/ru\/wp-json\/wp\/v2\/media?parent=5280"}],"wp:term":[{"taxonomy":"product_brand","embeddable":true,"href":"https:\/\/kosmeetika24.com\/ru\/wp-json\/wp\/v2\/product_brand?post=5280"},{"taxonomy":"product_cat","embeddable":true,"href":"https:\/\/kosmeetika24.com\/ru\/wp-json\/wp\/v2\/product_cat?post=5280"},{"taxonomy":"product_tag","embeddable":true,"href":"https:\/\/kosmeetika24.com\/ru\/wp-json\/wp\/v2\/product_tag?post=5280"}],"curies":[{"name":"wp","href":"https:\/\/api.w.org\/{rel}","templated":true}]}}