{"id":5243,"date":"2024-04-23T10:12:08","date_gmt":"2024-04-23T10:12:08","guid":{"rendered":"https:\/\/kosmeetika24.com\/?post_type=product&#038;p=5243"},"modified":"2025-07-02T11:13:08","modified_gmt":"2025-07-02T08:13:08","slug":"reveel-profitoode-orn-puhastusvaht","status":"publish","type":"product","link":"https:\/\/kosmeetika24.com\/ru\/product\/reveel-profitoode-orn-puhastusvaht\/","title":{"rendered":"\u041f\u0440\u043e\u0444\u0435\u0441\u0441\u0438\u043e\u043d\u0430\u043b\u044c\u043d\u044b\u0439 \u043f\u0440\u043e\u0434\u0443\u043a\u0442 Reveel \u043d\u0435\u0436\u043d\u0430\u044f \u043e\u0447\u0438\u0449\u0430\u044e\u0449\u0430\u044f \u043f\u0435\u043d\u0430"},"content":{"rendered":"<p>\u0414\u043d\u0451\u043c \u0438 \u043d\u043e\u0447\u044c\u044e \u043a\u043e\u0436\u0430 \u043f\u043e\u0434\u0432\u0435\u0440\u0433\u0430\u0435\u0442\u0441\u044f \u0432\u043e\u0437\u0434\u0435\u0439\u0441\u0442\u0432\u0438\u044e \u0433\u0440\u044f\u0437\u0438 \u0438 \u044d\u043a\u043e\u043b\u043e\u0433\u0438\u0447\u0435\u0441\u043a\u0438\u0445 \u0444\u0430\u043a\u0442\u043e\u0440\u043e\u0432. \u0427\u0430\u0441\u0442\u0438\u0446\u044b \u043c\u0430\u043a\u0438\u044f\u0436\u0430 \u0438 \u0433\u0440\u044f\u0437\u0438 \u043c\u043e\u0433\u0443\u0442 \u043f\u043e\u0432\u0440\u0435\u0434\u0438\u0442\u044c \u0438 \u043e\u0441\u043b\u0430\u0431\u0438\u0442\u044c \u0431\u0430\u0440\u044c\u0435\u0440 \u043a\u043e\u0436\u0438.<\/p>\n<p><em>Moisturizing Cleansing Foam<\/em> \u044d\u0442\u043e \u043d\u0435\u0436\u043d\u0430\u044f, \u043a\u043e\u0436\u0438-\u0434\u0440\u0443\u0436\u0435\u043b\u044e\u0431\u043d\u0430\u044f \u043e\u0447\u0438\u0449\u0430\u044e\u0449\u0430\u044f \u043f\u0435\u043d\u0430, \u043a\u043e\u0442\u043e\u0440\u0430\u044f \u043e\u0431\u0435\u0441\u043f\u0435\u0447\u0438\u0432\u0430\u0435\u0442 \u0433\u043b\u0443\u0431\u043e\u043a\u0443\u044e \u043e\u0447\u0438\u0441\u0442\u043a\u0443, \u0443\u0434\u0430\u043b\u044f\u0435\u0442 \u0433\u0440\u044f\u0437\u044c \u0438 \u043e\u043c\u0435\u0440\u0442\u0432\u0435\u0432\u0448\u0438\u0435 \u043a\u043b\u0435\u0442\u043a\u0438, \u0430 \u0442\u0430\u043a\u0436\u0435 \u0437\u0430\u043c\u0435\u0442\u043d\u043e \u0432\u044b\u0440\u0430\u0432\u043d\u0438\u0432\u0430\u0435\u0442 \u043f\u043e\u0440\u044b. \u041a\u043e\u0436\u0430 \u043e\u0447\u0438\u0449\u0430\u0435\u0442\u0441\u044f \u0442\u0449\u0430\u0442\u0435\u043b\u044c\u043d\u043e, \u0438 \u043c\u0438\u043a\u0440\u043e\u0431\u0438\u043e\u043c \u043a\u043e\u0436\u0438 \u043d\u0430\u0445\u043e\u0434\u0438\u0442\u0441\u044f \u0432 \u0431\u0430\u043b\u0430\u043d\u0441\u0435.<\/p>\n<p>\u041a\u0440\u043e\u043c\u0435 \u0442\u043e\u0433\u043e, \u043a\u043e\u0436\u0430 \u0433\u043b\u0443\u0431\u043e\u043a\u043e \u0443\u0432\u043b\u0430\u0436\u043d\u044f\u0435\u0442\u0441\u044f \u0438 \u043f\u043e\u0434\u0433\u043e\u0442\u0430\u0432\u043b\u0438\u0432\u0430\u0435\u0442\u0441\u044f \u043a \u0441\u043b\u0435\u0434\u0443\u044e\u0449\u0435\u043c\u0443 \u0443\u0445\u043e\u0434\u0443.<\/p>\n<p><strong>\u041e\u0421\u041d\u041e\u0412\u041d\u042b\u0415 \u0414\u0415\u0419\u0421\u0422\u0412\u0423\u042e\u0429\u0418\u0415 \u0412\u0415\u0429\u0415\u0421\u0422\u0412\u0410<\/strong><\/p>\n<p>\u0421\u0430\u043b\u0438\u0446\u0438\u043b\u043e\u0432\u0430\u044f \u043a\u0438\u0441\u043b\u043e\u0442\u0430 \u0438 \u043f\u0440\u0435\u0431\u0438\u043e\u0442\u0438\u043a preBIULIN FOS.<\/p>\n<ul>\n<li>\u0421\u0430\u043b\u0438\u0446\u0438\u043b\u043e\u0432\u0430\u044f \u043a\u0438\u0441\u043b\u043e\u0442\u0430 \u0443\u0434\u0430\u043b\u044f\u0435\u0442 \u043e\u043c\u0435\u0440\u0442\u0432\u0435\u0432\u0448\u0438\u0435 \u043a\u043b\u0435\u0442\u043a\u0438 \u043a\u043e\u0436\u0438 \u0438 \u0433\u0440\u044f\u0437\u044c, \u043e\u0447\u0438\u0449\u0430\u044f \u043f\u043e\u0440\u044b.<\/li>\n<li>preBIULIN FOS \u2014 \u044d\u0442\u043e \u043f\u0440\u0438\u0440\u043e\u0434\u043d\u044b\u0439 \u043f\u0440\u0435\u0431\u0438\u043e\u0442\u0438\u043a, \u043a\u043e\u0442\u043e\u0440\u044b\u0439 \u0434\u043e\u043a\u0430\u0437\u0430\u043d\u043e \u043f\u043e\u043c\u043e\u0433\u0430\u0435\u0442 \u0441\u0431\u0430\u043b\u0430\u043d\u0441\u0438\u0440\u043e\u0432\u0430\u0442\u044c \u043c\u0438\u043a\u0440\u043e\u0431\u0438\u043e\u043c \u043a\u043e\u0436\u0438. \u041f\u0440\u0435\u0431\u0438\u043e\u0442\u0438\u043a \u043d\u0430 \u043e\u0441\u043d\u043e\u0432\u0435 \u0438\u043d\u0443\u043b\u0438\u043d\u0430, \u044d\u043a\u0441\u0442\u0440\u0430\u0433\u0438\u0440\u043e\u0432\u0430\u043d\u043d\u043e\u0433\u043e \u0438\u0437 \u043a\u043e\u0440\u043d\u044f \u0446\u0438\u043a\u043e\u0440\u0438\u044f, \u0438\u0437\u0431\u0438\u0440\u0430\u0442\u0435\u043b\u044c\u043d\u043e \u043f\u043e\u0434\u0434\u0435\u0440\u0436\u0438\u0432\u0430\u0435\u0442 \u0437\u0430\u0449\u0438\u0442\u043d\u044b\u0435 \u043e\u0440\u0433\u0430\u043d\u0438\u0437\u043c\u044b, \u043f\u043e\u043c\u043e\u0433\u0430\u044f \u0432\u043e\u0441\u0441\u0442\u0430\u043d\u0430\u0432\u043b\u0438\u0432\u0430\u0442\u044c \u0441\u043b\u043e\u0439 \u043c\u0438\u043a\u0440\u043e\u0431\u0438\u043e\u0442\u044b \u043f\u043e\u0441\u043b\u0435 \u043f\u043e\u0432\u0440\u0435\u0436\u0434\u0435\u043d\u0438\u0439. preBIULIN FOS \u0441\u0442\u0430\u0431\u0438\u043b\u0438\u0437\u0438\u0440\u0443\u0435\u0442 \u043c\u0438\u043a\u0440\u043e\u0431\u0438\u043e\u043c \u043a\u043e\u0436\u0438.<\/li>\n<\/ul>\n<p><strong>\u0421\u043e\u0441\u0442\u0430\u0432<\/strong><\/p>\n<p>Aqua, Santalum Spicatum (Sandalwood) Fragrant Water, Glycerin, Pentylene Glycol, Cocamidopropyl Betaine, Potassium Cocoyl Glycinate, Inulin, Potassium Cocoate, Sodium Chloride, Decyl Glucoside, Cyclodextrin, Salicylic Acid, Resveratrol, Fructose.<\/p>\n<p><strong>\u041f\u0440\u0438\u043c\u0435\u043d\u0435\u043d\u0438\u0435<\/strong><\/p>\n<p>\u041d\u0430\u043d\u0435\u0441\u0438\u0442\u0435 2-3 \u043d\u0430\u0436\u0430\u0442\u0438\u044f \u043e\u0447\u0438\u0449\u0430\u044e\u0449\u0435\u0439 \u043f\u0435\u043d\u044b \u043d\u0430 \u043b\u0438\u0446\u043e \u043a\u0440\u0443\u0433\u043e\u0432\u044b\u043c\u0438 \u0434\u0432\u0438\u0436\u0435\u043d\u0438\u044f\u043c\u0438. \u0417\u0430\u0442\u0435\u043c \u0441\u043c\u043e\u0439\u0442\u0435 \u0442\u0435\u043f\u043b\u043e\u0439 \u0432\u043e\u0434\u043e\u0439.<\/p>","protected":false},"excerpt":{"rendered":"<p>\u0414\u043b\u044f \u043f\u0440\u043e\u0444\u0435\u0441\u0441\u0438\u043e\u043d\u0430\u043b\u044c\u043d\u043e\u0433\u043e \u0438\u0441\u043f\u043e\u043b\u044c\u0437\u043e\u0432\u0430\u043d\u0438\u044f.<\/p>\n<p><span lang=\"et-EE\">\u041e\u0441\u0442\u043e\u0440\u043e\u0436\u043d\u043e \u0443\u0434\u0430\u043b\u044f\u0435\u0442 \u043e\u043c\u0435\u0440\u0442\u0432\u0435\u0432\u0448\u0438\u0435 \u043a\u043b\u0435\u0442\u043a\u0438 \u043a\u043e\u0436\u0438 \u0438 \u0437\u0430\u0433\u0440\u044f\u0437\u043d\u0435\u043d\u0438\u044f.<\/span><\/p>\n<p><span lang=\"et-EE\">\u0421\u0442\u0430\u0431\u0438\u043b\u0438\u0437\u0438\u0440\u0443\u0435\u0442 \u043c\u0438\u043a\u0440\u043e\u0431\u0438\u043e\u043c \u043a\u043e\u0436\u0438.<\/span><\/p>\n<p><span lang=\"et-EE\">\u041f\u043e\u0434\u0433\u043e\u0442\u0430\u0432\u043b\u0438\u0432\u0430\u0435\u0442 \u043a\u043e\u0436\u0443 \u043a \u0441\u043b\u0435\u0434\u0443\u044e\u0449\u0435\u043c\u0443 \u0443\u0445\u043e\u0434\u0443.<\/span><\/p>\n<p><span lang=\"et-EE\">pH-\u0441\u043e\u0432\u043c\u0435\u0441\u0442\u0438\u043c\u044b\u0439 \u0438 \u0443\u0432\u043b\u0430\u0436\u043d\u044f\u044e\u0449\u0438\u0439.<\/span><\/p>\n<p><span style=\"font-size: 16px;\">\u00a0100% \u0431\u0435\u0437 \u0441\u0438\u043b\u0438\u043a\u043e\u043d\u0430, \u0431\u0435\u0437 \u0430\u043b\u044e\u043c\u0438\u043d\u0438\u044f, \u0431\u0435\u0437 \u0430\u043b\u043a\u043e\u0433\u043e\u043b\u044f, \u0431\u0435\u0437 \u0436\u0435\u0441\u0442\u043e\u043a\u043e\u0441\u0442\u0438 \u0438 \u0431\u0435\u0437 \u043c\u0438\u043a\u0440\u043e\u043f\u043b\u0430\u0441\u0442\u0438\u043a\u0430.<\/span><\/p>\n<p>500ml<\/p>\n<p>&nbsp;<\/p>","protected":false},"featured_media":6877,"comment_status":"closed","ping_status":"closed","template":"","meta":{"_uag_custom_page_level_css":"","site-sidebar-layout":"default","site-content-layout":"","ast-site-content-layout":"default","site-content-style":"default","site-sidebar-style":"default","ast-global-header-display":"","ast-banner-title-visibility":"","ast-main-header-display":"","ast-hfb-above-header-display":"","ast-hfb-below-header-display":"","ast-hfb-mobile-header-display":"","site-post-title":"","ast-breadcrumbs-content":"","ast-featured-img":"","footer-sml-layout":"","ast-disable-related-posts":"","theme-transparent-header-meta":"default","adv-header-id-meta":"","stick-header-meta":"","header-above-stick-meta":"","header-main-stick-meta":"","header-below-stick-meta":"","astra-migrate-meta-layouts":"set","ast-page-background-enabled":"default","ast-page-background-meta":{"desktop":{"background-color":"var(--ast-global-color-4)","background-image":"","background-repeat":"repeat","background-position":"center center","background-size":"auto","background-attachment":"scroll","background-type":"","background-media":"","overlay-type":"","overlay-color":"","overlay-opacity":"","overlay-gradient":""},"tablet":{"background-color":"","background-image":"","background-repeat":"repeat","background-position":"center center","background-size":"auto","background-attachment":"scroll","background-type":"","background-media":"","overlay-type":"","overlay-color":"","overlay-opacity":"","overlay-gradient":""},"mobile":{"background-color":"","background-image":"","background-repeat":"repeat","background-position":"center center","background-size":"auto","background-attachment":"scroll","background-type":"","background-media":"","overlay-type":"","overlay-color":"","overlay-opacity":"","overlay-gradient":""}},"ast-content-background-meta":{"desktop":{"background-color":"var(--ast-global-color-5)","background-image":"","background-repeat":"repeat","background-position":"center center","background-size":"auto","background-attachment":"scroll","background-type":"","background-media":"","overlay-type":"","overlay-color":"","overlay-opacity":"","overlay-gradient":""},"tablet":{"background-color":"var(--ast-global-color-5)","background-image":"","background-repeat":"repeat","background-position":"center center","background-size":"auto","background-attachment":"scroll","background-type":"","background-media":"","overlay-type":"","overlay-color":"","overlay-opacity":"","overlay-gradient":""},"mobile":{"background-color":"var(--ast-global-color-5)","background-image":"","background-repeat":"repeat","background-position":"center center","background-size":"auto","background-attachment":"scroll","background-type":"","background-media":"","overlay-type":"","overlay-color":"","overlay-opacity":"","overlay-gradient":""}}},"product_brand":[],"product_cat":[96,95],"product_tag":[],"class_list":{"0":"post-5243","1":"product","2":"type-product","3":"status-publish","4":"has-post-thumbnail","6":"product_cat-brands","7":"product_cat-reveel","8":"desktop-align-left","9":"tablet-align-left","10":"mobile-align-left","12":"first","13":"instock","14":"taxable","15":"shipping-taxable","16":"product-type-simple","17":"add-to-wishlist-before_image"},"uagb_featured_image_src":{"full":["https:\/\/kosmeetika24.com\/wp-content\/uploads\/2024\/04\/Moisturizing_Cleansing_Foam_150m_1_700x-1.webp",700,700,false],"thumbnail":["https:\/\/kosmeetika24.com\/wp-content\/uploads\/2024\/04\/Moisturizing_Cleansing_Foam_150m_1_700x-1-150x150.webp",150,150,true],"medium":["https:\/\/kosmeetika24.com\/wp-content\/uploads\/2024\/04\/Moisturizing_Cleansing_Foam_150m_1_700x-1-300x300.webp",300,300,true],"medium_large":["https:\/\/kosmeetika24.com\/wp-content\/uploads\/2024\/04\/Moisturizing_Cleansing_Foam_150m_1_700x-1.webp",700,700,false],"large":["https:\/\/kosmeetika24.com\/wp-content\/uploads\/2024\/04\/Moisturizing_Cleansing_Foam_150m_1_700x-1.webp",700,700,false],"1536x1536":["https:\/\/kosmeetika24.com\/wp-content\/uploads\/2024\/04\/Moisturizing_Cleansing_Foam_150m_1_700x-1.webp",700,700,false],"2048x2048":["https:\/\/kosmeetika24.com\/wp-content\/uploads\/2024\/04\/Moisturizing_Cleansing_Foam_150m_1_700x-1.webp",700,700,false],"trp-custom-language-flag":["https:\/\/kosmeetika24.com\/wp-content\/uploads\/2024\/04\/Moisturizing_Cleansing_Foam_150m_1_700x-1-12x12.webp",12,12,true],"woocommerce_thumbnail":["https:\/\/kosmeetika24.com\/wp-content\/uploads\/2024\/04\/Moisturizing_Cleansing_Foam_150m_1_700x-1-300x300.webp",300,300,true],"woocommerce_single":["https:\/\/kosmeetika24.com\/wp-content\/uploads\/2024\/04\/Moisturizing_Cleansing_Foam_150m_1_700x-1-500x500.webp",500,500,true],"woocommerce_gallery_thumbnail":["https:\/\/kosmeetika24.com\/wp-content\/uploads\/2024\/04\/Moisturizing_Cleansing_Foam_150m_1_700x-1-100x100.webp",100,100,true]},"uagb_author_info":{"display_name":"admin","author_link":"https:\/\/kosmeetika24.com\/ru\/author\/"},"uagb_comment_info":0,"uagb_excerpt":"Professionaalseks kasutamiseks. Eemaldab \u00f5rnalt surnud naharakud ja mustuse. Stabiliseerib naha mikrobioomi. Valmistab naha ette j\u00e4rgnevaks hoolduseks. pH-s\u00f5bralik ja niisutav. \u00a0100% silikoonivaba, alumiiniumivaba, alkoholivaba, julmusevaba ja mikroplastivaba. 500ml &nbsp;","_links":{"self":[{"href":"https:\/\/kosmeetika24.com\/ru\/wp-json\/wp\/v2\/product\/5243","targetHints":{"allow":["GET"]}}],"collection":[{"href":"https:\/\/kosmeetika24.com\/ru\/wp-json\/wp\/v2\/product"}],"about":[{"href":"https:\/\/kosmeetika24.com\/ru\/wp-json\/wp\/v2\/types\/product"}],"replies":[{"embeddable":true,"href":"https:\/\/kosmeetika24.com\/ru\/wp-json\/wp\/v2\/comments?post=5243"}],"version-history":[{"count":11,"href":"https:\/\/kosmeetika24.com\/ru\/wp-json\/wp\/v2\/product\/5243\/revisions"}],"predecessor-version":[{"id":6269,"href":"https:\/\/kosmeetika24.com\/ru\/wp-json\/wp\/v2\/product\/5243\/revisions\/6269"}],"wp:featuredmedia":[{"embeddable":true,"href":"https:\/\/kosmeetika24.com\/ru\/wp-json\/wp\/v2\/media\/6877"}],"wp:attachment":[{"href":"https:\/\/kosmeetika24.com\/ru\/wp-json\/wp\/v2\/media?parent=5243"}],"wp:term":[{"taxonomy":"product_brand","embeddable":true,"href":"https:\/\/kosmeetika24.com\/ru\/wp-json\/wp\/v2\/product_brand?post=5243"},{"taxonomy":"product_cat","embeddable":true,"href":"https:\/\/kosmeetika24.com\/ru\/wp-json\/wp\/v2\/product_cat?post=5243"},{"taxonomy":"product_tag","embeddable":true,"href":"https:\/\/kosmeetika24.com\/ru\/wp-json\/wp\/v2\/product_tag?post=5243"}],"curies":[{"name":"wp","href":"https:\/\/api.w.org\/{rel}","templated":true}]}}