{"id":3265,"date":"2024-05-31T09:07:47","date_gmt":"2024-05-31T09:07:47","guid":{"rendered":"https:\/\/kosmeetika24.com\/?post_type=product&#038;p=3265"},"modified":"2025-11-13T12:09:07","modified_gmt":"2025-11-13T09:09:07","slug":"mesotech-global-meso-complex-vananemisvastane-kokteil","status":"publish","type":"product","link":"https:\/\/kosmeetika24.com\/ru\/product\/mesotech-global-meso-complex-vananemisvastane-kokteil\/","title":{"rendered":"Mesotech Global Meso Complex \u2013 \u0410\u043d\u0442\u0438\u0432\u043e\u0437\u0440\u0430\u0441\u0442\u043d\u043e\u0439 \u043a\u043e\u043a\u0442\u0435\u0439\u043b\u044c"},"content":{"rendered":"<p id=\"tw-target-text\" class=\"tw-data-text tw-text-large tw-ta\" dir=\"ltr\" data-placeholder=\"T\u00f5lge\"><span class=\"Y2IQFc\" lang=\"et\">Global Meso Complex \u0434\u0430\u0435\u0442 \u043e\u0442\u043b\u0438\u0447\u043d\u044b\u0435 \u0430\u043d\u0442\u0438\u0432\u043e\u0437\u0440\u0430\u0441\u0442\u043d\u044b\u0435 \u0440\u0435\u0437\u0443\u043b\u044c\u0442\u0430\u0442\u044b \u0438 \u043e\u0431\u0435\u0441\u043f\u0435\u0447\u0438\u0432\u0430\u0435\u0442 \u043f\u0440\u0430\u0432\u0438\u043b\u044c\u043d\u043e\u0435 \u043f\u043e\u0434\u0434\u0435\u0440\u0436\u0430\u043d\u0438\u0435 \u043a\u0430\u0447\u0435\u0441\u0442\u0432\u0430 \u043a\u043e\u0436\u0438, \u044d\u0444\u0444\u0435\u043a\u0442\u0438\u0432\u043d\u043e \u0431\u043e\u0440\u044f\u0441\u044c \u0441 \u0435\u0451 \u043e\u0431\u0432\u0438\u0441\u0430\u043d\u0438\u0435\u043c.<\/span><\/p>\n<p class=\"tw-data-text tw-text-large tw-ta\" dir=\"ltr\" data-placeholder=\"T\u00f5lge\"><span class=\"Y2IQFc\" lang=\"et\"> \u0421\u043e\u0441\u0442\u043e\u0438\u0442 \u0438\u0437 \u043e\u0434\u043d\u043e\u0440\u043e\u0434\u043d\u044b\u0445 \u0438 \u0434\u0440\u0443\u0433\u0438\u0445 \u044d\u0444\u0444\u0435\u043a\u0442\u0438\u0432\u043d\u044b\u0445 \u0441\u043c\u0435\u0441\u0435\u0439, \u043d\u0435 \u0441\u043e\u0434\u0435\u0440\u0436\u0430\u0449\u0438\u0445 <\/span><span class=\"Y2IQFc\" lang=\"et\">\u043f\u043e\u0431\u043e\u0447\u043d\u044b\u0435 \u044d\u0444\u0444\u0435\u043a\u0442\u044b. <\/span><\/p>\n<p class=\"tw-data-text tw-text-large tw-ta\" dir=\"ltr\" data-placeholder=\"T\u00f5lge\"><span class=\"Y2IQFc\" lang=\"et\">\u041f\u043e\u0434\u0445\u043e\u0434\u0438\u0442 \u0434\u043b\u044f \u0432\u0441\u0435\u0445 \u0442\u0438\u043f\u043e\u0432 \u043a\u043e\u0436\u0438, \u044d\u0444\u0444\u0435\u043a\u0442\u0438\u0432\u043d\u043e \u0431\u043e\u0440\u044f\u0441\u044c \u0441 \u043f\u0440\u0438\u0437\u043d\u0430\u043a\u0430\u043c\u0438 \u0441\u0442\u0430\u0440\u0435\u043d\u0438\u044f (\u0438\u0437\u043c\u0435\u043d\u0435\u043d\u0438\u044f \u0432 \u043a\u043e\u043b\u043b\u0430\u0433\u0435\u043d\u043e\u0432\u044b\u0445 \u0432\u043e\u043b\u043e\u043a\u043d\u0430\u0445 \u0438 \u043c\u0438\u043a\u0440\u043e\u0446\u0438\u0440\u043a\u0443\u043b\u044f\u0446\u0438\u0438). <\/span><\/p>\n<p class=\"tw-data-text tw-text-large tw-ta\" dir=\"ltr\" data-placeholder=\"T\u00f5lge\"><span class=\"Y2IQFc\" lang=\"et\">Global Meso Complex \u043f\u043e\u0434\u0445\u043e\u0434\u0438\u0442 \u0434\u043b\u044f \u0441\u0442\u0438\u043c\u0443\u043b\u044f\u0446\u0438\u0438 \u0438 \u0432\u043e\u0441\u0441\u0442\u0430\u043d\u043e\u0432\u043b\u0435\u043d\u0438\u044f \u043a\u043e\u0436\u0438, \u043f\u043e\u043c\u043e\u0433\u0430\u0435\u0442 \u0432 \u0431\u043e\u0440\u044c\u0431\u0435 \u0441 \u043c\u043e\u0440\u0449\u0438\u043d\u0430\u043c\u0438 \u0438 \u0443\u0441\u0442\u0430\u043b\u043e\u0439, \u043e\u0441\u043b\u0430\u0431\u043b\u0435\u043d\u043d\u043e\u0439 \u0438 \u0445\u0440\u0443\u043f\u043a\u043e\u0439 \u043a\u043e\u0436\u0435\u0439. \u042d\u0442\u043e \u0442\u0430\u043a\u0436\u0435 \u043e\u0442\u043b\u0438\u0447\u043d\u044b\u0439 \u0443\u0445\u043e\u0434 \u0434\u043b\u044f \u043f\u043e\u0432\u0440\u0435\u0436\u0434\u0435\u043d\u043d\u043e\u0439 \u0441\u043e\u043b\u043d\u0446\u0435\u043c \u0438\u043b\u0438 \u0441\u0438\u043b\u044c\u043d\u043e \u043e\u0431\u0435\u0437\u0432\u043e\u0436\u0435\u043d\u043d\u043e\u0439 \u043a\u043e\u0436\u0438.<\/span><\/p>\n<h6 dir=\"ltr\" data-placeholder=\"T\u00f5lge\"><strong>\u041e\u0421\u041d\u041e\u0412\u041d\u042b\u0415 \u0414\u0415\u0419\u0421\u0422\u0412\u0423\u042e\u0429\u0418\u0415 \u0412\u0415\u0429\u0415\u0421\u0422\u0412\u0410<\/strong><\/h6>\n<p dir=\"ltr\" data-placeholder=\"T\u00f5lge\">DMAE, \u043c\u0443\u043b\u044c\u0442\u0438\u0432\u0438\u0442\u0430\u043c\u0438\u043d\u044b, \u043d\u0430\u0442\u0440\u0438\u0439 PCA, \u0430\u043c\u0438\u043d\u043e\u043a\u0438\u0441\u043b\u043e\u0442\u044b.<\/p>\n<h6><strong>\u041f\u041e\u041a\u0410\u0417\u0410\u041d\u0418\u042f<\/strong><\/h6>\n<ul>\n<li>\u0410\u043d\u0442\u0438\u0432\u043e\u0437\u0440\u0430\u0441\u0442\u043d\u043e\u0439 (\u0444\u043e\u0442\u043e\u0432\u043e\u0437\u0440\u0430\u0441\u0442, \u0445\u0440\u043e\u043d\u043e\u0441\u0442\u0430\u0440\u0435\u043d\u0438\u0435)<\/li>\n<li>\u0423\u043b\u0443\u0447\u0448\u0430\u0435\u0442 \u0441\u0442\u0440\u0435\u0441\u0441\u0438\u0440\u043e\u0432\u0430\u043d\u043d\u0443\u044e \u043a\u043e\u0436\u0443.<\/li>\n<li>\u0423\u043c\u0435\u0440\u0435\u043d\u043d\u044b\u0435 \u0438 \u0433\u043b\u0443\u0431\u043e\u043a\u0438\u0435 \u043c\u043e\u0440\u0449\u0438\u043d\u044b.<\/li>\n<li>Naha l\u00f5tvumine ja tiheduse v\u00e4henemine \u2013 hall ja tuhm nahk.<\/li>\n<li>\u041f\u043e\u0442\u0435\u0440\u044f \u0443\u043f\u0440\u0443\u0433\u043e\u0441\u0442\u0438 \u043a\u043e\u0436\u0438 \u043d\u0430 \u043b\u0438\u0446\u0435 \u0438 \u0448\u0435\u0435.<\/li>\n<li>\u0422\u043e\u043d\u0438\u0437\u0438\u0440\u0443\u044e\u0449\u0435\u0435 \u0438 \u0443\u0432\u043b\u0430\u0436\u043d\u044f\u044e\u0449\u0435\u0435 \u0434\u0435\u0439\u0441\u0442\u0432\u0438\u0435.<\/li>\n<\/ul>\n<h6><strong>\u041f\u0420\u0418\u041c\u0415\u041d\u0415\u041d\u0418\u0415<\/strong><\/h6>\n<ul>\n<li><strong>\u0424\u043e\u0442\u043e\u0432\u043e\u0437\u0440\u0430\u0441\u0442\u0435\u043d\u0438\u0435<\/strong>\u00a0: 1 \u0441\u0435\u0430\u043d\u0441 \u0432 \u043d\u0435\u0434\u0435\u043b\u044e \u0432 \u0442\u0435\u0447\u0435\u043d\u0438\u0435 1 \u043c\u0435\u0441\u044f\u0446\u0430, \u0437\u0430\u0442\u0435\u043c 1 \u0440\u0430\u0437 \u043a\u0430\u0436\u0434\u044b\u0435 15 \u0434\u043d\u0435\u0439 \u0432 \u0442\u0435\u0447\u0435\u043d\u0438\u0435 2 \u043c\u0435\u0441\u044f\u0446\u0435\u0432. \u041f\u043e\u0441\u043b\u0435 \u044d\u0442\u043e\u0433\u043e 1 \u0440\u0430\u0437 \u0432 \u043c\u0435\u0441\u044f\u0446.<\/li>\n<li><strong>\u0425\u0440\u043e\u043d\u0438\u0447\u0435\u0441\u043a\u043e\u0435 \u0441\u0442\u0430\u0440\u0435\u043d\u0438\u0435<\/strong>\u00a0: 1 \u0440\u0430\u0437 \u0432 \u043d\u0435\u0434\u0435\u043b\u044e \u0432 \u0442\u0435\u0447\u0435\u043d\u0438\u0435 2 \u043c\u0435\u0441\u044f\u0446\u0435\u0432, \u0437\u0430\u0442\u0435\u043c 1 \u0440\u0430\u0437 \u0432 \u043c\u0435\u0441\u044f\u0446.<\/li>\n<\/ul>\n<h6><strong>\u0414\u041e\u0417\u0418\u0420\u041e\u0412\u041a\u0410<\/strong><\/h6>\n<ul>\n<li>N\u00e4gu: 1,0 ml \u2013 2,0 ml<\/li>\n<li>\u0428\u0435\u044f: 1,0 \u043c\u043b<\/li>\n<li>\u0414\u0435\u043a\u043e\u043b\u044c\u0442\u0435: 2,5 \u043c\u043b<\/li>\n<li>\u0420\u0443\u043a\u0438: 1,0 \u043c\u043b \u043d\u0430 \u0440\u0443\u043a\u0443<\/li>\n<\/ul>","protected":false},"excerpt":{"rendered":"<p class=\"tw-data-text tw-text-large tw-ta\" dir=\"ltr\" data-placeholder=\"T\u00f5lge\"><span class=\"Y2IQFc\" lang=\"et\">Global Meso Complex \u043f\u043e\u0434\u0445\u043e\u0434\u0438\u0442 \u0434\u043b\u044f \u0441\u0442\u0438\u043c\u0443\u043b\u044f\u0446\u0438\u0438 \u0438 \u0432\u043e\u0441\u0441\u0442\u0430\u043d\u043e\u0432\u043b\u0435\u043d\u0438\u044f \u043a\u043e\u0436\u0438, \u043f\u043e\u043c\u043e\u0433\u0430\u0435\u0442 \u0432 \u0431\u043e\u0440\u044c\u0431\u0435 \u0441 \u043c\u043e\u0440\u0449\u0438\u043d\u0430\u043c\u0438 \u0438 \u0443\u0441\u0442\u0430\u043b\u043e\u0439, \u043e\u0441\u043b\u0430\u0431\u043b\u0435\u043d\u043d\u043e\u0439 \u0438 \u0445\u0440\u0443\u043f\u043a\u043e\u0439 \u043a\u043e\u0436\u0435\u0439. \u042d\u0442\u043e \u0442\u0430\u043a\u0436\u0435 \u043e\u0442\u043b\u0438\u0447\u043d\u044b\u0439 \u0443\u0445\u043e\u0434 \u0434\u043b\u044f \u043f\u043e\u0432\u0440\u0435\u0436\u0434\u0435\u043d\u043d\u043e\u0439 \u0441\u043e\u043b\u043d\u0446\u0435\u043c \u0438\u043b\u0438 \u0441\u0438\u043b\u044c\u043d\u043e \u043e\u0431\u0435\u0437\u0432\u043e\u0436\u0435\u043d\u043d\u043e\u0439 \u043a\u043e\u0436\u0438.<\/span><\/p>\n<p dir=\"ltr\" data-placeholder=\"T\u00f5lge\">1 \u043a\u043e\u0440\u043e\u0431\u043a\u0430 = 10 \u0444\u043b\u0430\u043a\u043e\u043d\u043e\u0432 \u043f\u043e 5 \u043c\u043b \u043a\u0430\u0436\u0434\u044b\u0439.<\/p>","protected":false},"featured_media":6914,"comment_status":"closed","ping_status":"closed","template":"","meta":{"_uag_custom_page_level_css":"","site-sidebar-layout":"default","site-content-layout":"","ast-site-content-layout":"default","site-content-style":"default","site-sidebar-style":"default","ast-global-header-display":"","ast-banner-title-visibility":"","ast-main-header-display":"","ast-hfb-above-header-display":"","ast-hfb-below-header-display":"","ast-hfb-mobile-header-display":"","site-post-title":"","ast-breadcrumbs-content":"","ast-featured-img":"","footer-sml-layout":"","ast-disable-related-posts":"","theme-transparent-header-meta":"default","adv-header-id-meta":"","stick-header-meta":"","header-above-stick-meta":"","header-main-stick-meta":"","header-below-stick-meta":"","astra-migrate-meta-layouts":"set","ast-page-background-enabled":"default","ast-page-background-meta":{"desktop":{"background-color":"var(--ast-global-color-4)","background-image":"","background-repeat":"repeat","background-position":"center center","background-size":"auto","background-attachment":"scroll","background-type":"","background-media":"","overlay-type":"","overlay-color":"","overlay-opacity":"","overlay-gradient":""},"tablet":{"background-color":"","background-image":"","background-repeat":"repeat","background-position":"center center","background-size":"auto","background-attachment":"scroll","background-type":"","background-media":"","overlay-type":"","overlay-color":"","overlay-opacity":"","overlay-gradient":""},"mobile":{"background-color":"","background-image":"","background-repeat":"repeat","background-position":"center center","background-size":"auto","background-attachment":"scroll","background-type":"","background-media":"","overlay-type":"","overlay-color":"","overlay-opacity":"","overlay-gradient":""}},"ast-content-background-meta":{"desktop":{"background-color":"var(--ast-global-color-5)","background-image":"","background-repeat":"repeat","background-position":"center center","background-size":"auto","background-attachment":"scroll","background-type":"","background-media":"","overlay-type":"","overlay-color":"","overlay-opacity":"","overlay-gradient":""},"tablet":{"background-color":"var(--ast-global-color-5)","background-image":"","background-repeat":"repeat","background-position":"center center","background-size":"auto","background-attachment":"scroll","background-type":"","background-media":"","overlay-type":"","overlay-color":"","overlay-opacity":"","overlay-gradient":""},"mobile":{"background-color":"var(--ast-global-color-5)","background-image":"","background-repeat":"repeat","background-position":"center center","background-size":"auto","background-attachment":"scroll","background-type":"","background-media":"","overlay-type":"","overlay-color":"","overlay-opacity":"","overlay-gradient":""}}},"product_brand":[],"product_cat":[96,127,78,97],"product_tag":[],"class_list":{"0":"post-3265","1":"product","2":"type-product","3":"status-publish","4":"has-post-thumbnail","6":"product_cat-brands","7":"product_cat-eksosoomid","8":"product_cat-global-meso","9":"product_cat-naole","10":"desktop-align-left","11":"tablet-align-left","12":"mobile-align-left","14":"first","15":"instock","16":"taxable","17":"shipping-taxable","18":"product-type-simple","19":"add-to-wishlist-before_image"},"uagb_featured_image_src":{"full":["https:\/\/kosmeetika24.com\/wp-content\/uploads\/2024\/05\/Global-meso.jpg",1800,1800,false],"thumbnail":["https:\/\/kosmeetika24.com\/wp-content\/uploads\/2024\/05\/Global-meso-150x150.jpg",150,150,true],"medium":["https:\/\/kosmeetika24.com\/wp-content\/uploads\/2024\/05\/Global-meso-300x300.jpg",300,300,true],"medium_large":["https:\/\/kosmeetika24.com\/wp-content\/uploads\/2024\/05\/Global-meso-768x768.jpg",768,768,true],"large":["https:\/\/kosmeetika24.com\/wp-content\/uploads\/2024\/05\/Global-meso-1024x1024.jpg",1024,1024,true],"1536x1536":["https:\/\/kosmeetika24.com\/wp-content\/uploads\/2024\/05\/Global-meso-1536x1536.jpg",1536,1536,true],"2048x2048":["https:\/\/kosmeetika24.com\/wp-content\/uploads\/2024\/05\/Global-meso.jpg",1800,1800,false],"trp-custom-language-flag":["https:\/\/kosmeetika24.com\/wp-content\/uploads\/2024\/05\/Global-meso-12x12.jpg",12,12,true],"woocommerce_thumbnail":["https:\/\/kosmeetika24.com\/wp-content\/uploads\/2024\/05\/Global-meso-300x300.jpg",300,300,true],"woocommerce_single":["https:\/\/kosmeetika24.com\/wp-content\/uploads\/2024\/05\/Global-meso-500x500.jpg",500,500,true],"woocommerce_gallery_thumbnail":["https:\/\/kosmeetika24.com\/wp-content\/uploads\/2024\/05\/Global-meso-100x100.jpg",100,100,true]},"uagb_author_info":{"display_name":"admin","author_link":"https:\/\/kosmeetika24.com\/ru\/author\/"},"uagb_comment_info":0,"uagb_excerpt":"Global Meso Complex\u00a0 sobib naha stimuleerimiseks ja taaselustamiseks, v\u00f5imaldab hooldada kortse ning v\u00e4sinud, n\u00f5rgenenud ja haprat nahka, samuti suurep\u00e4rane hooldus p\u00e4ikesekahjustusega v\u00f5i v\u00e4ga deh\u00fcdreeritud nahale. 1 box = 10 vials of 5mL e.a.","_links":{"self":[{"href":"https:\/\/kosmeetika24.com\/ru\/wp-json\/wp\/v2\/product\/3265","targetHints":{"allow":["GET"]}}],"collection":[{"href":"https:\/\/kosmeetika24.com\/ru\/wp-json\/wp\/v2\/product"}],"about":[{"href":"https:\/\/kosmeetika24.com\/ru\/wp-json\/wp\/v2\/types\/product"}],"replies":[{"embeddable":true,"href":"https:\/\/kosmeetika24.com\/ru\/wp-json\/wp\/v2\/comments?post=3265"}],"version-history":[{"count":3,"href":"https:\/\/kosmeetika24.com\/ru\/wp-json\/wp\/v2\/product\/3265\/revisions"}],"predecessor-version":[{"id":5451,"href":"https:\/\/kosmeetika24.com\/ru\/wp-json\/wp\/v2\/product\/3265\/revisions\/5451"}],"wp:featuredmedia":[{"embeddable":true,"href":"https:\/\/kosmeetika24.com\/ru\/wp-json\/wp\/v2\/media\/6914"}],"wp:attachment":[{"href":"https:\/\/kosmeetika24.com\/ru\/wp-json\/wp\/v2\/media?parent=3265"}],"wp:term":[{"taxonomy":"product_brand","embeddable":true,"href":"https:\/\/kosmeetika24.com\/ru\/wp-json\/wp\/v2\/product_brand?post=3265"},{"taxonomy":"product_cat","embeddable":true,"href":"https:\/\/kosmeetika24.com\/ru\/wp-json\/wp\/v2\/product_cat?post=3265"},{"taxonomy":"product_tag","embeddable":true,"href":"https:\/\/kosmeetika24.com\/ru\/wp-json\/wp\/v2\/product_tag?post=3265"}],"curies":[{"name":"wp","href":"https:\/\/api.w.org\/{rel}","templated":true}]}}