{"id":3263,"date":"2024-05-31T09:03:53","date_gmt":"2024-05-31T09:03:53","guid":{"rendered":"https:\/\/kosmeetika24.com\/?post_type=product&#038;p=3263"},"modified":"2025-11-13T12:09:36","modified_gmt":"2025-11-13T09:09:36","slug":"mesotech-global-meso-lift-pingudlav-kokteil","status":"publish","type":"product","link":"https:\/\/kosmeetika24.com\/ru\/product\/mesotech-global-meso-lift-pingudlav-kokteil\/","title":{"rendered":"Mesotech Global Meso Lift &#8211; pinguldav kokteil"},"content":{"rendered":"<p>\u0442\u0430\u0440\u0435\u043d\u0438\u0435 \u043a\u043e\u0436\u0438 \u043b\u0438\u0446\u0430 \u043d\u0435\u043b\u044c\u0437\u044f \u0441\u0440\u0430\u0432\u043d\u0438\u0432\u0430\u0442\u044c \u0441\u043e \u0441\u0442\u0430\u0440\u0435\u043d\u0438\u0435\u043c \u043a\u043e\u0436\u0438 \u043e\u0441\u0442\u0430\u043b\u044c\u043d\u043e\u0439 \u0447\u0430\u0441\u0442\u0438 \u0442\u0435\u043b\u0430. \u0417\u0430 \u0441\u0442\u0430\u0440\u0435\u043d\u0438\u0435 \u043a\u043e\u0436\u0438 \u043e\u0442\u0432\u0435\u0447\u0430\u044e\u0442 \u043f\u043e\u0441\u0442\u043e\u044f\u043d\u043d\u044b\u0435 \u0434\u0432\u0438\u0436\u0435\u043d\u0438\u044f \u043b\u0438\u0446\u0435\u0432\u044b\u0445 \u043c\u044b\u0448\u0446, \u043f\u0440\u0435\u0431\u044b\u0432\u0430\u043d\u0438\u0435 \u043d\u0430 \u0441\u043e\u043b\u043d\u0446\u0435, \u043a\u0443\u0440\u0435\u043d\u0438\u0435 \u0438 \u043d\u0435\u043f\u0440\u0430\u0432\u0438\u043b\u044c\u043d\u043e\u0435 \u043f\u0438\u0442\u0430\u043d\u0438\u0435. \u0412\u0430\u0436\u043d\u0443\u044e \u0440\u043e\u043b\u044c \u0442\u0430\u043a\u0436\u0435 \u0438\u0433\u0440\u0430\u044e\u0442 \u0433\u0435\u043d\u0435\u0442\u0438\u0447\u0435\u0441\u043a\u0438\u0435 \u0444\u0430\u043a\u0442\u043e\u0440\u044b.<\/p>\n<p>\u041c\u044b \u0437\u043d\u0430\u0435\u043c \u0432\u0441\u0435 \u0431\u043e\u043b\u044c\u0448\u0435 \u0444\u0430\u043a\u0442\u043e\u0440\u043e\u0432, \u0443\u0441\u043a\u043e\u0440\u044f\u044e\u0449\u0438\u0445 \u0441\u0442\u0430\u0440\u0435\u043d\u0438\u0435, \u0438 \u0438\u043c\u0435\u0435\u043c \u0431\u043e\u043b\u044c\u0448\u0435 \u0437\u043d\u0430\u043d\u0438\u0439 \u043e \u0442\u043e\u043c, \u043a\u0430\u043a \u0437\u0430\u043c\u0435\u0434\u043b\u0438\u0442\u044c \u044d\u0442\u043e\u0442 \u0435\u0441\u0442\u0435\u0441\u0442\u0432\u0435\u043d\u043d\u044b\u0439 \u0444\u0438\u0437\u0438\u043e\u043b\u043e\u0433\u0438\u0447\u0435\u0441\u043a\u0438\u0439 \u043f\u0440\u043e\u0446\u0435\u0441\u0441, \u0438 \u0434\u0430\u0436\u0435 \u043c\u043e\u0436\u0435\u043c \u0443\u043b\u0443\u0447\u0448\u0438\u0442\u044c \u043d\u0435\u043a\u043e\u0442\u043e\u0440\u044b\u0435 \u0441\u0432\u044f\u0437\u0430\u043d\u043d\u044b\u0435 \u0441 \u043d\u0438\u043c \u0430\u0441\u043f\u0435\u043a\u0442\u044b.<\/p>\n<p>\u0421\u0442\u0430\u0440\u0435\u043d\u0438\u0435 \u0432\u044b\u0437\u044b\u0432\u0430\u0435\u0442 \u043a\u043b\u0435\u0442\u043e\u0447\u043d\u044b\u0435 \u0438 \u043c\u043e\u043b\u0435\u043a\u0443\u043b\u044f\u0440\u043d\u044b\u0435 \u043f\u043e\u0432\u0440\u0435\u0436\u0434\u0435\u043d\u0438\u044f, \u0432\u043b\u0438\u044f\u044f \u043d\u0430 \u0441\u0442\u0440\u0443\u043a\u0442\u0443\u0440\u043d\u044b\u0435 \u0441\u0432\u043e\u0439\u0441\u0442\u0432\u0430 \u043a\u043e\u0436\u0438, \u0447\u0442\u043e \u043f\u0440\u0438\u0432\u043e\u0434\u0438\u0442 \u043a \u043f\u043e\u0442\u0435\u0440\u0435 \u0443\u043f\u0440\u0443\u0433\u043e\u0441\u0442\u0438 \u0438 \u043d\u0430\u043f\u0440\u044f\u0436\u0435\u043d\u0438\u044f, \u0438\u0437-\u0437\u0430 \u0447\u0435\u0433\u043e \u043a\u043e\u0436\u0430 \u043d\u0430\u0447\u0438\u043d\u0430\u0435\u0442 \u0437\u0430\u043c\u0435\u0442\u043d\u043e \u043e\u0431\u0432\u0438\u0441\u0430\u0442\u044c \u0438 \u0442\u0435\u0440\u044f\u0442\u044c \u0442\u043e\u043d\u0443\u0441.<\/p>\n<h6 dir=\"ltr\" data-placeholder=\"T\u00f5lge\"><b>\u041e\u0421\u041d\u041e\u0412\u041d\u042b\u0415 \u0414\u0415\u0419\u0421\u0422\u0412\u0423\u042e\u0429\u0418\u0415 \u0412\u0415\u0429\u0415\u0421\u0422\u0412\u0410<\/b><\/h6>\n<ul>\n<li>\u041e\u0440\u0433\u0430\u043d\u0438\u0447\u0435\u0441\u043a\u0438\u0439 \u043a\u0440\u0435\u043c\u043d\u0438\u0439 \u043f\u043e\u043c\u043e\u0433\u0430\u0435\u0442 \u0437\u0430\u0449\u0438\u0449\u0430\u0442\u044c \u043e\u0440\u0433\u0430\u043d\u0438\u0437\u043c \u043e\u0442 \u0438\u043d\u0444\u0435\u043a\u0446\u0438\u0439 \u0438 \u044f\u0432\u043b\u044f\u0435\u0442\u0441\u044f \u0432\u0430\u0436\u043d\u044b\u043c \u044d\u043b\u0435\u043c\u0435\u043d\u0442\u043e\u043c \u0432 \u043c\u0435\u0442\u0430\u0431\u043e\u043b\u0438\u0447\u0435\u0441\u043a\u0438\u0445 \u043f\u0440\u043e\u0446\u0435\u0441\u0441\u0430\u0445. \u041e\u043d \u0442\u0430\u043a\u0436\u0435 \u0437\u0430\u0449\u0438\u0449\u0430\u0435\u0442 \u043e\u0440\u0433\u0430\u043d\u0438\u0437\u043c \u043e\u0442 \u043f\u0440\u0435\u0436\u0434\u0435\u0432\u0440\u0435\u043c\u0435\u043d\u043d\u043e\u0433\u043e \u0441\u0442\u0430\u0440\u0435\u043d\u0438\u044f.<\/li>\n<li>DMAE \u2013 toimib antioks\u00fcdandina, \u201cp\u00fc\u00fcab\u201d \u00fcleliigsed vabad radikaalid.<\/li>\n<li>\u041d\u0438\u0430\u0446\u0438\u043d\u0430\u043c\u0438\u0434 \u2014 \u043f\u0440\u043e\u0438\u0437\u0432\u043e\u0434\u043d\u043e\u0435 \u0432\u0438\u0442\u0430\u043c\u0438\u043d\u0430 B3, \u043e\u0431\u043b\u0430\u0434\u0430\u0435\u0442 \u0430\u043d\u0442\u0438\u043e\u043a\u0441\u0438\u0434\u0430\u043d\u0442\u043d\u044b\u043c\u0438 \u0441\u0432\u043e\u0439\u0441\u0442\u0432\u0430\u043c\u0438. \u041f\u0440\u0435\u0434\u043e\u0442\u0432\u0440\u0430\u0449\u0430\u0435\u0442 \u043f\u0440\u0435\u0436\u0434\u0435\u0432\u0440\u0435\u043c\u0435\u043d\u043d\u043e\u0435 \u0441\u0442\u0430\u0440\u0435\u043d\u0438\u0435 \u043a\u043e\u0436\u0438. \u0422\u0430\u043a\u0436\u0435 \u0441\u0442\u0438\u043c\u0443\u043b\u0438\u0440\u0443\u0435\u0442 \u0432\u044b\u0440\u0430\u0431\u043e\u0442\u043a\u0443 \u043b\u0438\u043f\u0438\u0434\u043e\u0432 \u0438 \u043e\u0431\u0440\u0430\u0437\u043e\u0432\u0430\u043d\u0438\u0435 \u043a\u043e\u043b\u043b\u0430\u0433\u0435\u043d\u0430 \u0438 \u044d\u043b\u0430\u0441\u0442\u0438\u043d\u0430 \u0432 \u043e\u0440\u0433\u0430\u043d\u0438\u0437\u043c\u0435.<\/li>\n<li>Aminohapped \u2013 on NMF-i oluline komponent, millel on tohutu m\u00f5ju naha h\u00fcdratatsioonile, vee s\u00e4ilitamisele ja sidumisele epidermises.<\/li>\n<\/ul>\n<h6><strong>\u041f\u041e\u041a\u0410\u0417\u0410\u041d\u0418\u042f<\/strong><\/h6>\n<ul>\n<li>\u041f\u0440\u043e\u0444\u0438\u043b\u0430\u043a\u0442\u0438\u0447\u0435\u0441\u043a\u043e\u0435 \u0438 \u0430\u043d\u0442\u0438\u0432\u043e\u0437\u0440\u0430\u0441\u0442\u043d\u043e\u0435 \u043b\u0435\u0447\u0435\u043d\u0438\u0435.<\/li>\n<li>\u0423\u043b\u0443\u0447\u0448\u0430\u0435\u0442 \u0441\u0442\u0440\u0435\u0441\u0441\u0438\u0440\u043e\u0432\u0430\u043d\u043d\u0443\u044e, \u0442\u0443\u0441\u043a\u043b\u0443\u044e \u0438 \u043d\u0435\u0440\u043e\u0432\u043d\u0443\u044e \u043a\u043e\u0436\u0443.<\/li>\n<li>\u0423\u043c\u0435\u043d\u044c\u0448\u0430\u0435\u0442 \u0433\u043b\u0443\u0431\u0438\u043d\u0443 \u043c\u043e\u0440\u0449\u0438\u043d.<\/li>\n<li>\u0421\u0442\u0438\u043c\u0443\u043b\u0438\u0440\u0443\u0435\u0442 \u0441\u043e\u043a\u0440\u0430\u0449\u0435\u043d\u0438\u0435 \u043c\u044b\u0448\u0435\u0447\u043d\u044b\u0445 \u0432\u043e\u043b\u043e\u043a\u043e\u043d \u043a\u043e\u0436\u0438, \u043e\u0431\u0435\u0441\u043f\u0435\u0447\u0438\u0432\u0430\u044f \u043f\u043e\u0434\u0442\u044f\u0433\u0438\u0432\u0430\u044e\u0449\u0438\u0439 \u044d\u0444\u0444\u0435\u043a\u0442.<\/li>\n<li>\u041f\u0435\u0440\u0435\u0444\u043e\u0440\u043c\u0438\u0440\u043e\u0432\u044b\u0432\u0430\u0435\u0442 \u043a\u043e\u043d\u0442\u0443\u0440\u044b \u043b\u0438\u0446\u0430.<\/li>\n<li>\u0423\u043b\u0443\u0447\u0448\u0430\u0435\u0442 \u0443\u0432\u043b\u0430\u0436\u043d\u0435\u043d\u0438\u0435 \u043a\u043e\u0436\u0438.<\/li>\n<li>\u041e\u0431\u0435\u0441\u043f\u0435\u0447\u0438\u0432\u0430\u0435\u0442 \u0441\u0438\u043b\u044c\u043d\u043e\u0435 \u0430\u043d\u0442\u0438\u043e\u043a\u0441\u0438\u0434\u0430\u043d\u0442\u043d\u043e\u0435 \u0434\u0435\u0439\u0441\u0442\u0432\u0438\u0435 \u0438 \u0437\u0430\u0449\u0438\u0449\u0430\u0435\u0442 \u043a\u043e\u0436\u0443 \u043e\u0442 \u0432\u043d\u0435\u0448\u043d\u0438\u0445 \u043f\u043e\u0432\u0440\u0435\u0436\u0434\u0435\u043d\u0438\u0439.<\/li>\n<\/ul>\n<h6><strong>\u041f\u0420\u0418\u041c\u0415\u041d\u0415\u041d\u0418\u0415<\/strong><\/h6>\n<ul>\n<li><strong>\u0425\u0440\u043e\u043d\u0438\u0447\u0435\u0441\u043a\u043e\u0435 \u0441\u0442\u0430\u0440\u0435\u043d\u0438\u0435<\/strong>\u00a0: o\u0434\u0438\u043d \u0441\u0435\u0430\u043d\u0441 \u0432 \u043d\u0435\u0434\u0435\u043b\u044e \u0432 \u0442\u0435\u0447\u0435\u043d\u0438\u0435 1 \u043c\u0435\u0441\u044f\u0446\u0430, \u0437\u0430\u0442\u0435\u043c \u043e\u0434\u0438\u043d \u0440\u0430\u0437 \u043a\u0430\u0436\u0434\u044b\u0435 15 \u0434\u043d\u0435\u0439 \u0432 \u0442\u0435\u0447\u0435\u043d\u0438\u0435 2 \u043c\u0435\u0441\u044f\u0446\u0435\u0432.<\/li>\n<li><strong>\u0413\u0440\u0443\u0434\u044c<\/strong>\u00a0: \u0414\u0432\u0430 \u0440\u0430\u0437\u0430 \u0432 \u043d\u0435\u0434\u0435\u043b\u044e \u0432 \u0442\u0435\u0447\u0435\u043d\u0438\u0435 1 \u043c\u0435\u0441\u044f\u0446\u0430, \u0437\u0430\u0442\u0435\u043c \u043e\u0434\u0438\u043d \u0440\u0430\u0437 \u0432 \u043d\u0435\u0434\u0435\u043b\u044e \u0432 \u0442\u0435\u0447\u0435\u043d\u0438\u0435 1 \u043c\u0435\u0441\u044f\u0446\u0430.<\/li>\n<\/ul>\n<p><strong>\u0414\u041e\u0417\u0418\u0420\u041e\u0412\u041a\u0410<\/strong><\/p>\n<ul>\n<li>N\u00e4gu: 1,0 ml \u2013 2,0 ml<\/li>\n<li>\u0428\u0435\u044f: 1,0 \u043c\u043b<\/li>\n<li>\u0414\u0435\u043a\u043e\u043b\u044c\u0442\u0435: 2,5 \u043c\u043b<\/li>\n<li>\u0413\u0440\u0443\u0434\u044c: \u041a\u0430\u0436\u0434\u044b\u0439 2,5 \u043c\u043b<\/li>\n<\/ul>","protected":false},"excerpt":{"rendered":"<p>1 \u043a\u043e\u0440\u043e\u0431\u043a\u0430 = 10 \u0444\u043b\u0430\u043a\u043e\u043d\u043e\u0432 \u043f\u043e 5 \u043c\u043b \u043a\u0430\u0436\u0434\u044b\u0439.<\/p>","protected":false},"featured_media":6851,"comment_status":"open","ping_status":"closed","template":"","meta":{"_uag_custom_page_level_css":"","site-sidebar-layout":"default","site-content-layout":"","ast-site-content-layout":"default","site-content-style":"default","site-sidebar-style":"default","ast-global-header-display":"","ast-banner-title-visibility":"","ast-main-header-display":"","ast-hfb-above-header-display":"","ast-hfb-below-header-display":"","ast-hfb-mobile-header-display":"","site-post-title":"","ast-breadcrumbs-content":"","ast-featured-img":"","footer-sml-layout":"","ast-disable-related-posts":"","theme-transparent-header-meta":"default","adv-header-id-meta":"","stick-header-meta":"","header-above-stick-meta":"","header-main-stick-meta":"","header-below-stick-meta":"","astra-migrate-meta-layouts":"set","ast-page-background-enabled":"default","ast-page-background-meta":{"desktop":{"background-color":"var(--ast-global-color-4)","background-image":"","background-repeat":"repeat","background-position":"center center","background-size":"auto","background-attachment":"scroll","background-type":"","background-media":"","overlay-type":"","overlay-color":"","overlay-opacity":"","overlay-gradient":""},"tablet":{"background-color":"","background-image":"","background-repeat":"repeat","background-position":"center center","background-size":"auto","background-attachment":"scroll","background-type":"","background-media":"","overlay-type":"","overlay-color":"","overlay-opacity":"","overlay-gradient":""},"mobile":{"background-color":"","background-image":"","background-repeat":"repeat","background-position":"center center","background-size":"auto","background-attachment":"scroll","background-type":"","background-media":"","overlay-type":"","overlay-color":"","overlay-opacity":"","overlay-gradient":""}},"ast-content-background-meta":{"desktop":{"background-color":"var(--ast-global-color-5)","background-image":"","background-repeat":"repeat","background-position":"center center","background-size":"auto","background-attachment":"scroll","background-type":"","background-media":"","overlay-type":"","overlay-color":"","overlay-opacity":"","overlay-gradient":""},"tablet":{"background-color":"var(--ast-global-color-5)","background-image":"","background-repeat":"repeat","background-position":"center center","background-size":"auto","background-attachment":"scroll","background-type":"","background-media":"","overlay-type":"","overlay-color":"","overlay-opacity":"","overlay-gradient":""},"mobile":{"background-color":"var(--ast-global-color-5)","background-image":"","background-repeat":"repeat","background-position":"center center","background-size":"auto","background-attachment":"scroll","background-type":"","background-media":"","overlay-type":"","overlay-color":"","overlay-opacity":"","overlay-gradient":""}}},"product_brand":[],"product_cat":[96,127,78,97],"product_tag":[],"class_list":{"0":"post-3263","1":"product","2":"type-product","3":"status-publish","4":"has-post-thumbnail","6":"product_cat-brands","7":"product_cat-eksosoomid","8":"product_cat-global-meso","9":"product_cat-naole","10":"desktop-align-left","11":"tablet-align-left","12":"mobile-align-left","14":"first","15":"instock","16":"taxable","17":"shipping-taxable","18":"product-type-simple","19":"add-to-wishlist-before_image"},"uagb_featured_image_src":{"full":["https:\/\/kosmeetika24.com\/wp-content\/uploads\/2024\/05\/global-meso-lift-2.jpg",1000,1000,false],"thumbnail":["https:\/\/kosmeetika24.com\/wp-content\/uploads\/2024\/05\/global-meso-lift-2-150x150.jpg",150,150,true],"medium":["https:\/\/kosmeetika24.com\/wp-content\/uploads\/2024\/05\/global-meso-lift-2-300x300.jpg",300,300,true],"medium_large":["https:\/\/kosmeetika24.com\/wp-content\/uploads\/2024\/05\/global-meso-lift-2-768x768.jpg",768,768,true],"large":["https:\/\/kosmeetika24.com\/wp-content\/uploads\/2024\/05\/global-meso-lift-2.jpg",1000,1000,false],"1536x1536":["https:\/\/kosmeetika24.com\/wp-content\/uploads\/2024\/05\/global-meso-lift-2.jpg",1000,1000,false],"2048x2048":["https:\/\/kosmeetika24.com\/wp-content\/uploads\/2024\/05\/global-meso-lift-2.jpg",1000,1000,false],"trp-custom-language-flag":["https:\/\/kosmeetika24.com\/wp-content\/uploads\/2024\/05\/global-meso-lift-2-12x12.jpg",12,12,true],"woocommerce_thumbnail":["https:\/\/kosmeetika24.com\/wp-content\/uploads\/2024\/05\/global-meso-lift-2-300x300.jpg",300,300,true],"woocommerce_single":["https:\/\/kosmeetika24.com\/wp-content\/uploads\/2024\/05\/global-meso-lift-2-500x500.jpg",500,500,true],"woocommerce_gallery_thumbnail":["https:\/\/kosmeetika24.com\/wp-content\/uploads\/2024\/05\/global-meso-lift-2-100x100.jpg",100,100,true]},"uagb_author_info":{"display_name":"admin","author_link":"https:\/\/kosmeetika24.com\/ru\/author\/"},"uagb_comment_info":0,"uagb_excerpt":"1 box = 10 vials of 5mL e.a.","_links":{"self":[{"href":"https:\/\/kosmeetika24.com\/ru\/wp-json\/wp\/v2\/product\/3263","targetHints":{"allow":["GET"]}}],"collection":[{"href":"https:\/\/kosmeetika24.com\/ru\/wp-json\/wp\/v2\/product"}],"about":[{"href":"https:\/\/kosmeetika24.com\/ru\/wp-json\/wp\/v2\/types\/product"}],"replies":[{"embeddable":true,"href":"https:\/\/kosmeetika24.com\/ru\/wp-json\/wp\/v2\/comments?post=3263"}],"version-history":[{"count":5,"href":"https:\/\/kosmeetika24.com\/ru\/wp-json\/wp\/v2\/product\/3263\/revisions"}],"predecessor-version":[{"id":6852,"href":"https:\/\/kosmeetika24.com\/ru\/wp-json\/wp\/v2\/product\/3263\/revisions\/6852"}],"wp:featuredmedia":[{"embeddable":true,"href":"https:\/\/kosmeetika24.com\/ru\/wp-json\/wp\/v2\/media\/6851"}],"wp:attachment":[{"href":"https:\/\/kosmeetika24.com\/ru\/wp-json\/wp\/v2\/media?parent=3263"}],"wp:term":[{"taxonomy":"product_brand","embeddable":true,"href":"https:\/\/kosmeetika24.com\/ru\/wp-json\/wp\/v2\/product_brand?post=3263"},{"taxonomy":"product_cat","embeddable":true,"href":"https:\/\/kosmeetika24.com\/ru\/wp-json\/wp\/v2\/product_cat?post=3263"},{"taxonomy":"product_tag","embeddable":true,"href":"https:\/\/kosmeetika24.com\/ru\/wp-json\/wp\/v2\/product_tag?post=3263"}],"curies":[{"name":"wp","href":"https:\/\/api.w.org\/{rel}","templated":true}]}}