{"id":3248,"date":"2024-01-25T13:28:57","date_gmt":"2024-01-25T13:28:57","guid":{"rendered":"https:\/\/kosmeetika24.com\/?post_type=product&#038;p=3248"},"modified":"2025-07-02T11:23:52","modified_gmt":"2025-07-02T08:23:52","slug":"wishpro-plus-seadme-punane-tehnoloogiline-pea","status":"publish","type":"product","link":"https:\/\/kosmeetika24.com\/ru\/product\/wishpro-plus-seadme-punane-tehnoloogiline-pea\/","title":{"rendered":"\u041a\u0440\u0430\u0441\u043d\u0430\u044f \u0442\u0435\u0445\u043d\u043e\u043b\u043e\u0433\u0438\u0447\u0435\u0441\u043a\u0430\u044f \u043d\u0430\u0441\u0430\u0434\u043a\u0430 \u0443\u0441\u0442\u0440\u043e\u0439\u0441\u0442\u0432\u0430 WISHPRO Plus+"},"content":{"rendered":"<p>\u041a\u043e\u0433\u0434\u0430 \u043a\u043e\u0436\u0435 \u043d\u0443\u0436\u043d\u043e \u043c\u043e\u0449\u043d\u043e\u0435 \u044d\u043d\u0435\u0440\u0433\u0435\u0442\u0438\u0447\u0435\u0441\u043a\u043e\u0435 \u043f\u043e\u0434\u0437\u0430\u0440\u044f\u0434\u043a\u0430 \u2013 \u0434\u043b\u044f \u044d\u0442\u043e\u0433\u043e \u0435\u0441\u0442\u044c \u0440\u0435\u0448\u0435\u043d\u0438\u0435!<\/p>\n<p><strong>c \u0442\u0435\u0445\u043d\u043e\u043b\u043e\u0433\u0438\u0447\u0435\u0441\u043a\u043e\u0439 \u0433\u043e\u043b\u043e\u0432\u043a\u043e\u0439<\/strong> k\u0440\u0430\u0441\u043d\u0430\u044f \u043d\u0430\u0441\u0430\u0434\u043a\u0430 \u0443\u0441\u0442\u0440\u043e\u0439\u0441\u0442\u0432\u0430 \u0438\u0441\u043f\u043e\u043b\u044c\u0437\u0443\u0435\u0442 <strong>\u0444\u043e\u0442\u043e\u0442\u0435\u0440\u0430\u043f\u0438\u044f<\/strong>\u00a0660nm\u00a0<strong>c LED-\u0441\u0432\u0435\u0442\u043e\u043c<\/strong>, \u043a\u043e\u0442\u043e\u0440\u044b\u0439 \u0438\u043d\u0442\u0435\u043d\u0441\u0438\u0432\u043d\u043e \u0441\u0442\u0438\u043c\u0443\u043b\u0438\u0440\u0443\u0435\u0442 \u0440\u0435\u0433\u0435\u043d\u0435\u0440\u0430\u0442\u0438\u0432\u043d\u044b\u0435 \u043f\u0440\u043e\u0446\u0435\u0441\u0441\u044b \u043a\u043e\u0436\u0438.<\/p>\n<p>\u0424\u043e\u0442\u043e\u0442\u0435\u0440\u0430\u043f\u0438\u044e \u043a\u0440\u0430\u0441\u043d\u044b\u043c \u0441\u0432\u0435\u0442\u043e\u043c \u0440\u0430\u0437\u0440\u0430\u0431\u043e\u0442\u0430\u043b\u0438\u00a0<strong>NASA<\/strong>\u00a0y\u0447\u0451\u043d\u044b\u0435, \u043a\u043e\u0442\u043e\u0440\u044b\u0435 \u0438\u0441\u043a\u0430\u043b\u0438 \u0440\u0435\u0448\u0435\u043d\u0438\u0435 \u0434\u043b\u044f \u043e\u0441\u0442\u0430\u043d\u043e\u0432\u043a\u0438 \u043f\u0440\u043e\u0446\u0435\u0441\u0441\u0430 \u0441\u0442\u0430\u0440\u0435\u043d\u0438\u044f \u043a\u043e\u0436\u0438 \u0432 \u043a\u043e\u0441\u043c\u043e\u0441\u0435. \u0410 \u0441\u0435\u0433\u043e\u0434\u043d\u044f \u0432\u044b \u043c\u043e\u0436\u0435\u0442\u0435 \u0438\u0441\u043f\u043e\u043b\u044c\u0437\u043e\u0432\u0430\u0442\u044c \u044d\u0442\u0443 \u0442\u0435\u0445\u043d\u043e\u043b\u043e\u0433\u0438\u044e \u0432 \u0441\u0432\u043e\u0451\u043c \u0441\u0430\u043b\u043e\u043d\u0435 \u043a\u0440\u0430\u0441\u043e\u0442\u044b!\u00a0<strong>\u041a\u0440\u0430\u0441\u043d\u0430\u044f \u043d\u0430\u0441\u0430\u0434\u043a\u0430 \u0441 \u0441\u0432\u0435\u0442\u043e\u043c 660 \u043d\u043c \u0441\u0442\u0438\u043c\u0443\u043b\u0438\u0440\u0443\u0435\u0442 \u043a\u043e\u0436\u0443 \u043d\u0430 \u0442\u0440\u0451\u0445 \u0443\u0440\u043e\u0432\u043d\u044f\u0445!<\/strong><\/p>\n<p><strong>1. \u0423\u0432\u0435\u043b\u0438\u0447\u0435\u043d\u0438\u0435 \u043a\u043b\u0435\u0442\u043e\u0447\u043d\u043e\u0439 \u044d\u043d\u0435\u0440\u0433\u0438\u0438 \u043d\u0430 \u043c\u0438\u0442\u043e\u0445\u043e\u043d\u0434\u0440\u0438\u0430\u043b\u044c\u043d\u043e\u043c \u0443\u0440\u043e\u0432\u043d\u0435<\/strong>\u00a0\u043e\u0442\u0434\u0435\u043b\u044c\u043d\u044b\u0435 \u043a\u043b\u0435\u0442\u043a\u0438\u00a0<strong>\u0438\u043d\u0442\u0435\u043d\u0441\u0438\u0432\u043d\u0430\u044f \u0441\u0442\u0438\u043c\u0443\u043b\u044f\u0446\u0438\u044f \u0440\u0435\u0433\u0435\u043d\u0435\u0440\u0430\u0442\u0438\u0432\u043d\u044b\u0445 \u043f\u0440\u043e\u0446\u0435\u0441\u0441\u043e\u0432<\/strong>\u00a0\u0438 \u043f\u043e\u0432\u044b\u0448\u0435\u043d\u0438\u0435 \u0442\u0435\u043c\u043f\u0435\u0440\u0430\u0442\u0443\u0440\u044b \u0434\u0435\u0440\u043c\u044b.<\/p>\n<p><strong>2<\/strong>.\u00a0<strong>\u0423\u0441\u043a\u043e\u0440\u0435\u043d\u0438\u0435 \u043f\u0440\u0435\u0432\u0440\u0430\u0449\u0435\u043d\u0438\u044f \u0433\u043b\u044e\u043a\u043e\u0437\u044b \u0432 \u0410\u0422\u0424<\/strong>\u00a0\u2013 fibroblastide stimuleerimine\u00a0<strong>\u0432\u043e\u043b\u043e\u043a\u043d\u0430, \u043f\u043e\u0434\u0434\u0435\u0440\u0436\u0438\u0432\u0430\u044e\u0449\u0438\u0435 \u043a\u043e\u0436\u0443<\/strong>, \u043d\u0430\u043f\u0440\u0438\u043c\u0435\u0440, \u0434\u043b\u044f \u043f\u0440\u043e\u0438\u0437\u0432\u043e\u0434\u0441\u0442\u0432\u0430 \u043a\u043e\u043b\u043b\u0430\u0433\u0435\u043d\u0430 \u0438 \u044d\u043b\u0430\u0441\u0442\u0438\u043d\u0430.<\/p>\n<p><strong>3<\/strong>. \u0421\u0442\u0438\u043c\u0443\u043b\u044f\u0446\u0438\u044f \u0438\u043c\u043c\u0443\u043d\u043d\u043e\u0439 \u0441\u0438\u0441\u0442\u0435\u043c\u044b \u2013 \u0430\u043a\u0442\u0438\u0432\u0438\u0440\u0443\u044f \u0438\u043c\u043c\u0443\u043d\u043d\u0443\u044e \u0441\u0438\u0441\u0442\u0435\u043c\u0443<b> \u044b\u0441\u0432\u043e\u0431\u043e\u0436\u0434\u0430\u044f \u0446\u0438\u0442\u043e\u043a\u0438\u043d\u044b, \u0443\u0441\u043a\u043e\u0440\u044f\u0435\u0442 <\/b>\u044d\u0442\u043e <b>\u0435\u0441\u0442\u0435\u0441\u0442\u0432\u0435\u043d\u043d\u044b\u0435 \u043f\u0440\u043e\u0446\u0435\u0441\u0441\u044b \u0437\u0430\u0436\u0438\u0432\u043b\u0435\u043d\u0438\u044f \u043a\u043e\u0436\u0438<\/b><\/p>","protected":false},"excerpt":{"rendered":"<p>\u041a\u0440\u0430\u0441\u043d\u044b\u0439 \u0441\u0432\u0435\u0442, \u043a\u043e\u0442\u043e\u0440\u044b\u0439 \u043f\u043e\u043c\u043e\u0433\u0430\u0435\u0442 \u0432\u0430\u043c \u0447\u0443\u0432\u0441\u0442\u0432\u043e\u0432\u0430\u0442\u044c \u0441\u0435\u0431\u044f \u043f\u0440\u0435\u043a\u0440\u0430\u0441\u043d\u043e \u0438 \u0432\u044b\u0433\u043b\u044f\u0434\u0435\u0442\u044c \u0437\u0434\u043e\u0440\u043e\u0432\u0435\u0435, \u043f\u0440\u0438\u0434\u0430\u0435\u0442 \u044f\u0440\u043a\u043e\u0441\u0442\u044c \u0438 \u0441\u0438\u044f\u043d\u0438\u0435 \u0442\u043e\u043d\u0443 \u043a\u043e\u0436\u0438.<\/p>\n<p>\u041e\u043c\u043e\u043b\u0430\u0436\u0438\u0432\u0430\u044e\u0449\u0438\u0439, \u0432\u043e\u0441\u0441\u0442\u0430\u043d\u0430\u0432\u043b\u0438\u0432\u0430\u044e\u0449\u0438\u0439 \u0438 \u0434\u0430\u044e\u0449\u0438\u0439 \u044d\u043d\u0435\u0440\u0433\u0438\u044e.<\/p>","protected":false},"featured_media":3228,"comment_status":"open","ping_status":"closed","template":"","meta":{"_uag_custom_page_level_css":"","site-sidebar-layout":"default","site-content-layout":"","ast-site-content-layout":"default","site-content-style":"default","site-sidebar-style":"default","ast-global-header-display":"","ast-banner-title-visibility":"","ast-main-header-display":"","ast-hfb-above-header-display":"","ast-hfb-below-header-display":"","ast-hfb-mobile-header-display":"","site-post-title":"","ast-breadcrumbs-content":"","ast-featured-img":"","footer-sml-layout":"","ast-disable-related-posts":"","theme-transparent-header-meta":"default","adv-header-id-meta":"","stick-header-meta":"","header-above-stick-meta":"","header-main-stick-meta":"","header-below-stick-meta":"","astra-migrate-meta-layouts":"set","ast-page-background-enabled":"default","ast-page-background-meta":{"desktop":{"background-color":"var(--ast-global-color-4)","background-image":"","background-repeat":"repeat","background-position":"center center","background-size":"auto","background-attachment":"scroll","background-type":"","background-media":"","overlay-type":"","overlay-color":"","overlay-opacity":"","overlay-gradient":""},"tablet":{"background-color":"","background-image":"","background-repeat":"repeat","background-position":"center center","background-size":"auto","background-attachment":"scroll","background-type":"","background-media":"","overlay-type":"","overlay-color":"","overlay-opacity":"","overlay-gradient":""},"mobile":{"background-color":"","background-image":"","background-repeat":"repeat","background-position":"center center","background-size":"auto","background-attachment":"scroll","background-type":"","background-media":"","overlay-type":"","overlay-color":"","overlay-opacity":"","overlay-gradient":""}},"ast-content-background-meta":{"desktop":{"background-color":"var(--ast-global-color-5)","background-image":"","background-repeat":"repeat","background-position":"center center","background-size":"auto","background-attachment":"scroll","background-type":"","background-media":"","overlay-type":"","overlay-color":"","overlay-opacity":"","overlay-gradient":""},"tablet":{"background-color":"var(--ast-global-color-5)","background-image":"","background-repeat":"repeat","background-position":"center center","background-size":"auto","background-attachment":"scroll","background-type":"","background-media":"","overlay-type":"","overlay-color":"","overlay-opacity":"","overlay-gradient":""},"mobile":{"background-color":"var(--ast-global-color-5)","background-image":"","background-repeat":"repeat","background-position":"center center","background-size":"auto","background-attachment":"scroll","background-type":"","background-media":"","overlay-type":"","overlay-color":"","overlay-opacity":"","overlay-gradient":""}}},"product_brand":[],"product_cat":[96,99,80],"product_tag":[],"class_list":{"0":"post-3248","1":"product","2":"type-product","3":"status-publish","4":"has-post-thumbnail","6":"product_cat-brands","7":"product_cat-seadmed","8":"product_cat-wishpro","9":"desktop-align-left","10":"tablet-align-left","11":"mobile-align-left","13":"first","14":"instock","15":"taxable","16":"shipping-taxable","17":"product-type-simple","18":"add-to-wishlist-before_image"},"uagb_featured_image_src":{"full":["https:\/\/kosmeetika24.com\/wp-content\/uploads\/2024\/01\/5_wishpro-head-rejuvenation_.webp",576,480,false],"thumbnail":["https:\/\/kosmeetika24.com\/wp-content\/uploads\/2024\/01\/5_wishpro-head-rejuvenation_-150x150.webp",150,150,true],"medium":["https:\/\/kosmeetika24.com\/wp-content\/uploads\/2024\/01\/5_wishpro-head-rejuvenation_-300x250.webp",300,250,true],"medium_large":["https:\/\/kosmeetika24.com\/wp-content\/uploads\/2024\/01\/5_wishpro-head-rejuvenation_.webp",576,480,false],"large":["https:\/\/kosmeetika24.com\/wp-content\/uploads\/2024\/01\/5_wishpro-head-rejuvenation_.webp",576,480,false],"1536x1536":["https:\/\/kosmeetika24.com\/wp-content\/uploads\/2024\/01\/5_wishpro-head-rejuvenation_.webp",576,480,false],"2048x2048":["https:\/\/kosmeetika24.com\/wp-content\/uploads\/2024\/01\/5_wishpro-head-rejuvenation_.webp",576,480,false],"trp-custom-language-flag":["https:\/\/kosmeetika24.com\/wp-content\/uploads\/2024\/01\/5_wishpro-head-rejuvenation_-14x12.webp",14,12,true],"woocommerce_thumbnail":["https:\/\/kosmeetika24.com\/wp-content\/uploads\/2024\/01\/5_wishpro-head-rejuvenation_-300x300.webp",300,300,true],"woocommerce_single":["https:\/\/kosmeetika24.com\/wp-content\/uploads\/2024\/01\/5_wishpro-head-rejuvenation_-500x417.webp",500,417,true],"woocommerce_gallery_thumbnail":["https:\/\/kosmeetika24.com\/wp-content\/uploads\/2024\/01\/5_wishpro-head-rejuvenation_-100x100.webp",100,100,true]},"uagb_author_info":{"display_name":"admin","author_link":"https:\/\/kosmeetika24.com\/ru\/author\/"},"uagb_comment_info":0,"uagb_excerpt":"Punane valgus, mis aitab teil end suurep\u00e4raselt tunda ja tervem v\u00e4lja n\u00e4ha, annab nahatoonidele rohkem erksust ja s\u00e4ra. Noorendav, elustav ja energiat andev.","_links":{"self":[{"href":"https:\/\/kosmeetika24.com\/ru\/wp-json\/wp\/v2\/product\/3248","targetHints":{"allow":["GET"]}}],"collection":[{"href":"https:\/\/kosmeetika24.com\/ru\/wp-json\/wp\/v2\/product"}],"about":[{"href":"https:\/\/kosmeetika24.com\/ru\/wp-json\/wp\/v2\/types\/product"}],"replies":[{"embeddable":true,"href":"https:\/\/kosmeetika24.com\/ru\/wp-json\/wp\/v2\/comments?post=3248"}],"version-history":[{"count":1,"href":"https:\/\/kosmeetika24.com\/ru\/wp-json\/wp\/v2\/product\/3248\/revisions"}],"predecessor-version":[{"id":4752,"href":"https:\/\/kosmeetika24.com\/ru\/wp-json\/wp\/v2\/product\/3248\/revisions\/4752"}],"wp:featuredmedia":[{"embeddable":true,"href":"https:\/\/kosmeetika24.com\/ru\/wp-json\/wp\/v2\/media\/3228"}],"wp:attachment":[{"href":"https:\/\/kosmeetika24.com\/ru\/wp-json\/wp\/v2\/media?parent=3248"}],"wp:term":[{"taxonomy":"product_brand","embeddable":true,"href":"https:\/\/kosmeetika24.com\/ru\/wp-json\/wp\/v2\/product_brand?post=3248"},{"taxonomy":"product_cat","embeddable":true,"href":"https:\/\/kosmeetika24.com\/ru\/wp-json\/wp\/v2\/product_cat?post=3248"},{"taxonomy":"product_tag","embeddable":true,"href":"https:\/\/kosmeetika24.com\/ru\/wp-json\/wp\/v2\/product_tag?post=3248"}],"curies":[{"name":"wp","href":"https:\/\/api.w.org\/{rel}","templated":true}]}}