{"id":3247,"date":"2024-01-25T11:40:50","date_gmt":"2024-01-25T11:40:50","guid":{"rendered":"https:\/\/kosmeetika24.com\/?post_type=product&#038;p=3247"},"modified":"2025-07-02T11:24:06","modified_gmt":"2025-07-02T08:24:06","slug":"wishpro-plus-seadme-kollane-tehnoloogiline-pea","status":"publish","type":"product","link":"https:\/\/kosmeetika24.com\/ru\/product\/wishpro-plus-seadme-kollane-tehnoloogiline-pea\/","title":{"rendered":"\u0416\u0435\u043b\u0442\u0430\u044f \u0442\u0435\u0445\u043d\u043e\u043b\u043e\u0433\u0438\u0447\u0435\u0441\u043a\u0430\u044f \u043d\u0430\u0441\u0430\u0434\u043a\u0430 \u0443\u0441\u0442\u0440\u043e\u0439\u0441\u0442\u0432\u0430 WISHPRO Plus+"},"content":{"rendered":"<p><strong>c \u0442\u0435\u0445\u043d\u043e\u043b\u043e\u0433\u0438\u0447\u0435\u0441\u043a\u043e\u0439 \u0433\u043e\u043b\u043e\u0432\u043a\u043e\u0439<\/strong> \u0437\u043e\u043b\u043e\u0442\u0430\u044f \u043d\u0430\u0441\u0430\u0434\u043a\u0430 \u0443\u0441\u0442\u0440\u043e\u0439\u0441\u0442\u0432\u0430 \u2014 \u0441\u0430\u043c\u0430\u044f \u044d\u0444\u0444\u0435\u043a\u0442\u0438\u0432\u043d\u0430\u044f \u043e\u0440\u0443\u0436\u0438\u0435 \u0432 \u0431\u043e\u0440\u044c\u0431\u0435 \u0441 \u0441\u0442\u0430\u0440\u0435\u043d\u0438\u0435\u043c \u043a\u043e\u0436\u0438!<\/p>\n<p>\u0410\u0422\u0424, \u0430\u0434\u0435\u043d\u043e\u0437\u0438\u043d\u0442\u0440\u0438\u0444\u043e\u0441\u0444\u0430\u0442, \u044d\u0442\u043e\u00a0<b>\u043d\u0443\u043a\u043b\u0435\u043e\u0442\u0438\u0434, \u043a\u043e\u0442\u043e\u0440\u044b\u0439, \u043a\u0430\u043a \u0438\u0437\u0432\u0435\u0441\u0442\u043d\u043e, \u0443\u043f\u0440\u0430\u0432\u043b\u044f\u0435\u0442 \u0438 \u0443\u0447\u0430\u0441\u0442\u0432\u0443\u0435\u0442 \u0432 \u0431\u0435\u0441\u0447\u0438\u0441\u043b\u0435\u043d\u043d\u044b\u0445 \u0432\u043d\u0443\u0442\u0440\u0438\u043a\u043b\u0435\u0442\u043e\u0447\u043d\u044b\u0445 \u043f\u0440\u043e\u0446\u0435\u0441\u0441\u0430\u0445.<\/b>\u00a0\u0421 \u0432\u043e\u0437\u0440\u0430\u0441\u0442\u043e\u043c \u0443\u0440\u043e\u0432\u0435\u043d\u044c \u0410\u0422\u0424 \u0432 \u043a\u043e\u0436\u0435 \u0443\u043c\u0435\u043d\u044c\u0448\u0430\u0435\u0442\u0441\u044f, \u0447\u0442\u043e \u0432\u044b\u0437\u044b\u0432\u0430\u0435\u0442 \u0434\u0435\u0444\u0438\u0446\u0438\u0442 \u044d\u043d\u0435\u0440\u0433\u0438\u0438, \u0442\u0435\u043c \u0441\u0430\u043c\u044b\u043c \u0432\u043b\u0438\u044f\u044f \u043d\u0430 \u0432\u043d\u0435\u0448\u043d\u0438\u0439 \u0432\u0438\u0434 \u043a\u043e\u0436\u0438.<\/p>\n<p>\u0417\u043e\u043b\u043e\u0442\u0430\u044f \u043d\u0430\u0441\u0430\u0434\u043a\u0430 \u0441\u043e\u0437\u0434\u0430\u043d\u0430 \u0434\u043b\u044f \u0443\u0432\u0435\u043b\u0438\u0447\u0435\u043d\u0438\u044f \u043f\u0440\u043e\u0438\u0437\u0432\u043e\u0434\u0441\u0442\u0432\u0430 \u0410\u0422\u0424. \u041f\u043e\u0447\u0435\u043c\u0443 \u0410\u0422\u0424 \u0442\u0430\u043a \u0432\u0430\u0436\u0435\u043d?<\/p>\n<p><strong>o<\/strong>\u00a0<strong>\u0410\u0422\u0424 \u0441\u0442\u0438\u043c\u0443\u043b\u0438\u0440\u0443\u0435\u0442, \u0440\u0430\u0441\u0441\u043b\u0430\u0431\u043b\u044f\u0435\u0442 \u0438 \u0443\u043a\u0440\u0435\u043f\u043b\u044f\u0435\u0442 \u043c\u044b\u0448\u0446\u044b, \u0441\u0442\u0438\u043c\u0443\u043b\u0438\u0440\u0443\u044f<\/strong>\u00a0\u043e\u0434\u043d\u043e\u0432\u0440\u0435\u043c\u0435\u043d\u043d\u043e \u0438\u0445\u00a0<strong>\u0435\u0441\u0442\u0435\u0441\u0442\u0432\u0435\u043d\u043d\u044b\u0435 \u044d\u043d\u0435\u0440\u0433\u0435\u0442\u0438\u0447\u0435\u0441\u043a\u0438\u0435 \u043f\u0440\u043e\u0446\u0435\u0441\u0441\u044b<\/strong><\/p>\n<p><strong>o<\/strong>\u00a0\u0422\u0430\u043a\u0438\u043c \u043e\u0431\u0440\u0430\u0437\u043e\u043c, \u0430\u043a\u0442\u0438\u0432\u0438\u0440\u0443\u0435\u0442\u0441\u044f\u00a0<strong>\u043c\u044b\u0448\u0435\u0447\u043d\u0430\u044f \u043f\u0430\u043c\u044f\u0442\u044c<\/strong>, \u0447\u0442\u043e \u043f\u043e\u0437\u0432\u043e\u043b\u044f\u0435\u0442 \u043f\u043e\u0434\u0442\u044f\u0433\u0438\u0432\u0430\u0442\u044c \u043a\u043e\u0436\u0443.<\/p>\n<p><strong>o<\/strong>\u00a0\u041a\u0440\u043e\u043c\u0435 \u0442\u043e\u0433\u043e, \u043e\u043d\u043e \u0442\u0440\u0430\u043d\u0441\u043f\u043e\u0440\u0442\u0438\u0440\u0443\u0435\u0442\u0441\u044f \u0432 \u043a\u0430\u043f\u0441\u0443\u043b\u0435\u00a0<strong>\u0438\u043e\u043d\u044b \u0441\u043e\u0434\u0435\u0440\u0436\u0430\u0449\u0438\u0445\u0441\u044f \u0430\u043a\u0442\u0438\u0432\u043d\u044b\u0445 \u0432\u0435\u0449\u0435\u0441\u0442\u0432<\/strong>\u00a0c \u043f\u043e\u043c\u043e\u0449\u044c\u044e \u044d\u043b\u0435\u043a\u0442\u0440\u0438\u0447\u0435\u0441\u043a\u043e\u0433\u043e \u043f\u043e\u043b\u044f\u00a0<strong>\u0433\u043b\u0443\u0431\u043e\u043a\u043e \u0432 \u044d\u043f\u0438\u0434\u0435\u0440\u043c\u0438\u0441.<\/strong><\/p>\n<p><strong>o<\/strong>\u00a0\u0420\u0435\u0437\u0443\u043b\u044c\u0442\u0430\u0442\u043e\u043c \u044d\u0442\u043e\u0433\u043e \u0441\u0438\u043d\u0435\u0440\u0433\u0435\u0442\u0438\u0447\u0435\u0441\u043a\u043e\u0433\u043e \u0434\u0435\u0439\u0441\u0442\u0432\u0438\u044f \u044f\u0432\u043b\u044f\u0435\u0442\u0441\u044f\u00a0<strong>c\u043d\u0438\u0436\u0435\u043d\u0438\u0435 \u043c\u043e\u0440\u0449\u0438\u043d, \u0441\u043a\u043b\u0430\u0434\u043e\u043a \u0438 \u0433\u043b\u0443\u0431\u043e\u043a\u043e\u0435 \u043f\u0438\u0442\u0430\u043d\u0438\u0435 \u043a\u043e\u0436\u0438!<\/strong><\/p>","protected":false},"excerpt":{"rendered":"<p>Mikrovool<\/p>\n<p>\u041f\u043e\u0447\u0442\u0438 \u0441\u0440\u0430\u0437\u0443 \u0432\u044b \u0443\u0432\u0438\u0434\u0438\u0442\u0435 \u043a\u043e\u0436\u0443, \u043a\u043e\u0442\u043e\u0440\u0430\u044f \u0441\u0442\u0430\u043d\u0435\u0442 \u0431\u043e\u043b\u0435\u0435 \u0443\u043f\u0440\u0443\u0433\u043e\u0439 \u0438 \u0437\u0430\u043c\u0435\u0442\u043d\u043e \u0433\u043b\u0430\u0434\u043a\u043e\u0439.<\/p>\n<p>Noorus ei ole saladus ega ka ime.<\/p>\n<p>\u0421 \u043f\u043e\u043c\u043e\u0449\u044c\u044e WISHPro \u0432\u044b \u0434\u043e\u0431\u044c\u0451\u0442\u0435\u0441\u044c \u0443\u0434\u0438\u0432\u0438\u0442\u0435\u043b\u044c\u043d\u043e\u0433\u043e \u0442\u043e\u043d\u0430 \u043a\u043e\u0436\u0438, \u043a\u043e\u0442\u043e\u0440\u044b\u0439 \u0441\u0431\u0430\u0432\u0438\u0442 \u0433\u043e\u0434\u044b!<\/p>","protected":false},"featured_media":3230,"comment_status":"open","ping_status":"closed","template":"","meta":{"_uag_custom_page_level_css":"","site-sidebar-layout":"default","site-content-layout":"","ast-site-content-layout":"default","site-content-style":"default","site-sidebar-style":"default","ast-global-header-display":"","ast-banner-title-visibility":"","ast-main-header-display":"","ast-hfb-above-header-display":"","ast-hfb-below-header-display":"","ast-hfb-mobile-header-display":"","site-post-title":"","ast-breadcrumbs-content":"","ast-featured-img":"","footer-sml-layout":"","ast-disable-related-posts":"","theme-transparent-header-meta":"default","adv-header-id-meta":"","stick-header-meta":"","header-above-stick-meta":"","header-main-stick-meta":"","header-below-stick-meta":"","astra-migrate-meta-layouts":"set","ast-page-background-enabled":"default","ast-page-background-meta":{"desktop":{"background-color":"var(--ast-global-color-4)","background-image":"","background-repeat":"repeat","background-position":"center center","background-size":"auto","background-attachment":"scroll","background-type":"","background-media":"","overlay-type":"","overlay-color":"","overlay-opacity":"","overlay-gradient":""},"tablet":{"background-color":"","background-image":"","background-repeat":"repeat","background-position":"center center","background-size":"auto","background-attachment":"scroll","background-type":"","background-media":"","overlay-type":"","overlay-color":"","overlay-opacity":"","overlay-gradient":""},"mobile":{"background-color":"","background-image":"","background-repeat":"repeat","background-position":"center center","background-size":"auto","background-attachment":"scroll","background-type":"","background-media":"","overlay-type":"","overlay-color":"","overlay-opacity":"","overlay-gradient":""}},"ast-content-background-meta":{"desktop":{"background-color":"var(--ast-global-color-5)","background-image":"","background-repeat":"repeat","background-position":"center center","background-size":"auto","background-attachment":"scroll","background-type":"","background-media":"","overlay-type":"","overlay-color":"","overlay-opacity":"","overlay-gradient":""},"tablet":{"background-color":"var(--ast-global-color-5)","background-image":"","background-repeat":"repeat","background-position":"center center","background-size":"auto","background-attachment":"scroll","background-type":"","background-media":"","overlay-type":"","overlay-color":"","overlay-opacity":"","overlay-gradient":""},"mobile":{"background-color":"var(--ast-global-color-5)","background-image":"","background-repeat":"repeat","background-position":"center center","background-size":"auto","background-attachment":"scroll","background-type":"","background-media":"","overlay-type":"","overlay-color":"","overlay-opacity":"","overlay-gradient":""}}},"product_brand":[],"product_cat":[96,99,80],"product_tag":[],"class_list":{"0":"post-3247","1":"product","2":"type-product","3":"status-publish","4":"has-post-thumbnail","6":"product_cat-brands","7":"product_cat-seadmed","8":"product_cat-wishpro","9":"desktop-align-left","10":"tablet-align-left","11":"mobile-align-left","13":"first","14":"instock","15":"taxable","16":"shipping-taxable","17":"product-type-simple","18":"add-to-wishlist-before_image"},"uagb_featured_image_src":{"full":["https:\/\/kosmeetika24.com\/wp-content\/uploads\/2024\/01\/OIP.webp",960,960,false],"thumbnail":["https:\/\/kosmeetika24.com\/wp-content\/uploads\/2024\/01\/OIP-150x150.webp",150,150,true],"medium":["https:\/\/kosmeetika24.com\/wp-content\/uploads\/2024\/01\/OIP-300x300.webp",300,300,true],"medium_large":["https:\/\/kosmeetika24.com\/wp-content\/uploads\/2024\/01\/OIP-768x768.webp",768,768,true],"large":["https:\/\/kosmeetika24.com\/wp-content\/uploads\/2024\/01\/OIP.webp",960,960,false],"1536x1536":["https:\/\/kosmeetika24.com\/wp-content\/uploads\/2024\/01\/OIP.webp",960,960,false],"2048x2048":["https:\/\/kosmeetika24.com\/wp-content\/uploads\/2024\/01\/OIP.webp",960,960,false],"trp-custom-language-flag":["https:\/\/kosmeetika24.com\/wp-content\/uploads\/2024\/01\/OIP-12x12.webp",12,12,true],"woocommerce_thumbnail":["https:\/\/kosmeetika24.com\/wp-content\/uploads\/2024\/01\/OIP-300x300.webp",300,300,true],"woocommerce_single":["https:\/\/kosmeetika24.com\/wp-content\/uploads\/2024\/01\/OIP-500x500.webp",500,500,true],"woocommerce_gallery_thumbnail":["https:\/\/kosmeetika24.com\/wp-content\/uploads\/2024\/01\/OIP-100x100.webp",100,100,true]},"uagb_author_info":{"display_name":"admin","author_link":"https:\/\/kosmeetika24.com\/ru\/author\/"},"uagb_comment_info":0,"uagb_excerpt":"Mikrovool Peaaegu koheselt n\u00e4ete nahka, mis on rohkem toonuses ja silmn\u00e4htavalt siledam. Noorus ei ole saladus ega ka ime. WISHPro abil saavutate h\u00e4mmastava nahatooni, mis v\u00f5tab aastaid maha!","_links":{"self":[{"href":"https:\/\/kosmeetika24.com\/ru\/wp-json\/wp\/v2\/product\/3247","targetHints":{"allow":["GET"]}}],"collection":[{"href":"https:\/\/kosmeetika24.com\/ru\/wp-json\/wp\/v2\/product"}],"about":[{"href":"https:\/\/kosmeetika24.com\/ru\/wp-json\/wp\/v2\/types\/product"}],"replies":[{"embeddable":true,"href":"https:\/\/kosmeetika24.com\/ru\/wp-json\/wp\/v2\/comments?post=3247"}],"version-history":[{"count":1,"href":"https:\/\/kosmeetika24.com\/ru\/wp-json\/wp\/v2\/product\/3247\/revisions"}],"predecessor-version":[{"id":4753,"href":"https:\/\/kosmeetika24.com\/ru\/wp-json\/wp\/v2\/product\/3247\/revisions\/4753"}],"wp:featuredmedia":[{"embeddable":true,"href":"https:\/\/kosmeetika24.com\/ru\/wp-json\/wp\/v2\/media\/3230"}],"wp:attachment":[{"href":"https:\/\/kosmeetika24.com\/ru\/wp-json\/wp\/v2\/media?parent=3247"}],"wp:term":[{"taxonomy":"product_brand","embeddable":true,"href":"https:\/\/kosmeetika24.com\/ru\/wp-json\/wp\/v2\/product_brand?post=3247"},{"taxonomy":"product_cat","embeddable":true,"href":"https:\/\/kosmeetika24.com\/ru\/wp-json\/wp\/v2\/product_cat?post=3247"},{"taxonomy":"product_tag","embeddable":true,"href":"https:\/\/kosmeetika24.com\/ru\/wp-json\/wp\/v2\/product_tag?post=3247"}],"curies":[{"name":"wp","href":"https:\/\/api.w.org\/{rel}","templated":true}]}}