{"id":3235,"date":"2024-01-25T10:16:27","date_gmt":"2024-01-25T10:16:27","guid":{"rendered":"https:\/\/kosmeetika24.com\/?post_type=product&#038;p=3235"},"modified":"2025-07-02T11:26:19","modified_gmt":"2025-07-02T08:26:19","slug":"wishpro-plus-eu-masin","status":"publish","type":"product","link":"https:\/\/kosmeetika24.com\/ru\/product\/wishpro-plus-eu-masin\/","title":{"rendered":"\u0423\u0441\u0442\u0440\u043e\u0439\u0441\u0442\u0432\u043e WISHPRO Plus+ \u0434\u043b\u044f \u0415\u0421"},"content":{"rendered":"<p><img decoding=\"async\" class=\"aligncenter\" src=\"https:\/\/mimari.com.pl\/public\/assets\/WISH\/Wishproplus.png\" alt=\"\" width=\"213\" height=\"80\" \/><\/p>\n<p style=\"text-align: center;\"><strong>\u041f\u043e\u043b\u043d\u0430\u044f \u0438\u043d\u043d\u043e\u0432\u0430\u0446\u0438\u044f \u0432 \u043f\u0440\u043e\u0444\u0435\u0441\u0441\u0438\u043e\u043d\u0430\u043b\u044c\u043d\u043e\u043c \u0443\u0445\u043e\u0434\u0435 \u0437\u0430 \u043a\u043e\u0436\u0435\u0439!<\/strong><\/p>\n<p style=\"text-align: center;\">\u0415\u0434\u0438\u043d\u0441\u0442\u0432\u0435\u043d\u043d\u043e\u0435 \u0443\u0441\u0442\u0440\u043e\u0439\u0441\u0442\u0432\u043e \u0432 \u043c\u0438\u0440\u0435, \u043a\u043e\u0442\u043e\u0440\u043e\u0435 \u0438\u0441\u043f\u043e\u043b\u044c\u0437\u0443\u0435\u0442 \u0443\u043d\u0438\u043a\u0430\u043b\u044c\u043d\u0443\u044e \u0442\u0435\u0445\u043d\u043e\u043b\u043e\u0433\u0438\u044e \u043c\u0430\u0433\u043d\u0438\u0442\u043d\u043e\u0439 \u0438\u043d\u0444\u0443\u0437\u0438\u0438 \u0438 \u0447\u0435\u0442\u044b\u0440\u0435 \u0440\u0430\u0437\u043b\u0438\u0447\u043d\u044b\u0445 \u043d\u0430\u0441\u0430\u0434\u043a\u0438 \u0434\u043b\u044f \u043b\u0435\u0447\u0435\u043d\u0438\u044f!<\/p>\n<p style=\"text-align: center;\">\u0411\u043b\u0430\u0433\u043e\u0434\u0430\u0440\u044f\u00a0<strong>\u0442\u0435\u0445\u043d\u043e\u043b\u043e\u0433\u0438\u0438 \u043c\u0430\u0433\u043d\u0438\u0442\u043d\u043e\u0439 \u0438\u043d\u0444\u0443\u0437\u0438\u0438<\/strong>\u00a0\u043a\u043e\u043c\u0431\u0438\u043d\u0430\u0446\u0438\u0438\u00a0<strong>\u043a\u0440\u0430\u0441\u043d\u043e\u0439<\/strong>\u00a0(660nm) \u0438\u00a0<strong>\u0441\u0438\u043d\u0435\u0439<\/strong>\u00a0(420-470nm)\u00a0<strong>c LED-\u0441\u0432\u0435\u0442\u043e\u043c<\/strong>\u00a0\u0438\u00a0<strong>\u0441 \u0442\u043e\u043a\u043e\u043c 500 \u03bcA<\/strong>, \u043c\u044b \u0434\u043e\u0441\u0442\u0438\u0433\u0430\u0435\u043c \u044d\u0444\u0444\u0435\u043a\u0442\u043e\u0432, \u043a\u043e\u0442\u043e\u0440\u044b\u0445 \u0440\u0430\u043d\u0435\u0435 \u043d\u0435 \u0434\u043e\u0441\u0442\u0438\u0433\u0430\u043b\u0438!<\/p>\n<p style=\"text-align: center;\">\u0412\u0430\u0448\u0430 \u043a\u043e\u0436\u0430 \u043e\u043c\u043e\u043b\u043e\u0434\u0438\u043b\u0430\u0441\u044c, \u0441\u0438\u044f\u0435\u0442, \u0443\u0432\u043b\u0430\u0436\u043d\u0435\u043d\u0430, \u043f\u043e\u0434\u0442\u044f\u043d\u0443\u0442\u0430 \u0438 \u0437\u0434\u043e\u0440\u043e\u0432\u0435\u0435, \u0447\u0435\u043c \u043a\u043e\u0433\u0434\u0430-\u043b\u0438\u0431\u043e!<\/p>\n<p style=\"text-align: center;\">\u0421\u0434\u0435\u043b\u0430\u0439\u0442\u0435 \u0441\u0432\u043e\u0438 \u043c\u0435\u0447\u0442\u044b \u043e \u043a\u0440\u0430\u0441\u0438\u0432\u043e\u0439 \u043a\u043e\u0436\u0435 \u0440\u0435\u0430\u043b\u044c\u043d\u043e\u0441\u0442\u044c\u044e c \u043f\u043e\u043c\u043e\u0449\u044c\u044e\u00a0<strong>c \u0442\u0435\u0445\u043d\u043e\u043b\u043e\u0433\u0438\u0447\u0435\u0441\u043a\u043e\u0439 \u0433\u043e\u043b\u043e\u0432\u043a\u043e\u0439<\/strong>\u00a0\u0432\u0441\u0435\u0433\u043e \u0437\u0430 15 \u043c\u0438\u043d\u0443\u0442!<\/p>\n<hr \/>\n<h2 style=\"text-align: center;\"><span class=\"wysiwyg-font-size-medium\"><strong>Kus teadus kohtub maagiaga \u2013 see on koht, kus WishPro luuakse<\/strong><\/span><\/h2>\n<p style=\"text-align: center;\"><strong>Synoia Technologies LTD<\/strong>\u00a0\u0431\u044b\u043b\u0430 \u043e\u0441\u043d\u043e\u0432\u0430\u043d\u0430 \u0432 2008 \u0433\u043e\u0434\u0443\u00a0<strong>\u0432 \u0418\u0437\u0440\u0430\u0438\u043b\u0435<\/strong>\u00a0<strong>\u0433\u0440\u0443\u043f\u043f\u044b BDR<\/strong>\u00a0\u043a\u043e\u043c\u043f\u0430\u043d\u0438\u044f, \u043e\u0441\u043d\u043e\u0432\u0430\u043d\u043d\u0430\u044f \u043a\u0430\u043a \u0447\u0430\u0441\u0442\u044c \u0442\u0435\u0445\u043d\u043e\u043b\u043e\u0433\u0438\u0447\u0435\u0441\u043a\u043e\u0439 \u0433\u0440\u0443\u043f\u043f\u044b \u0441 \u0446\u0435\u043b\u044c\u044e \u043f\u0440\u0435\u0434\u043e\u0441\u0442\u0430\u0432\u043b\u044f\u0442\u044c \u043a\u043e\u0441\u043c\u0435\u0442\u0438\u0447\u0435\u0441\u043a\u043e\u043c\u0443 \u0440\u044b\u043d\u043a\u0443\u00a0<strong>\u043d\u043e\u0432\u044b\u0435 \u0442\u0435\u0445\u043d\u043e\u043b\u043e\u0433\u0438\u0447\u0435\u0441\u043a\u0438\u0435 \u0438 \u043f\u0430\u0442\u0435\u043d\u0442\u043e\u0432\u0430\u043d\u043d\u044b\u0435 \u0440\u0435\u0448\u0435\u043d\u0438\u044f<\/strong>, \u0442\u0435\u043c \u0441\u0430\u043c\u044b\u043c \u043e\u0442\u043a\u0440\u044b\u0432\u0430\u044f\u00a0<strong>\u043a\u0430\u0447\u0435\u0441\u0442\u0432\u0435\u043d\u043d\u044b\u0435, \u044d\u0444\u0444\u0435\u043a\u0442\u0438\u0432\u043d\u044b\u0435 \u0438 100% \u0431\u0435\u0437\u043e\u043f\u0430\u0441\u043d\u044b\u0435 \u043c\u0435\u0442\u043e\u0434\u044b \u043b\u0435\u0447\u0435\u043d\u0438\u044f!<\/strong><\/p>\n<p style=\"text-align: center;\">\u041a\u0440\u0435\u0434\u043e \u043a\u043e\u043c\u043f\u0430\u043d\u0438\u0438 \u2014 \u044d\u0442\u043e \u0432 \u043f\u0435\u0440\u0432\u0443\u044e \u043e\u0447\u0435\u0440\u0435\u0434\u044c \u043f\u043e\u0438\u0441\u043a \u044d\u0444\u0444\u0435\u043a\u0442\u0438\u0432\u043d\u044b\u0445 \u0438\u043d\u043d\u043e\u0432\u0430\u0446\u0438\u0439.\u00a0<strong>while maintaining the safety and non-invasiveness of the solutions offered!<\/strong>.<\/p>\n<p style=\"text-align: center;\">Synoia Technologies\u2019i lahenduste k\u00f5rget kvaliteeti ja t\u00f5husust\u00a0<strong>\u043f\u043e\u0434\u0442\u0432\u0435\u0440\u0436\u0434\u0430\u044e\u0442 \u043c\u0438\u0440\u043e\u0432\u044b\u0435 \u043f\u0430\u0442\u0435\u043d\u0442\u044b \u0438 \u043d\u0435\u0441\u043a\u043e\u043b\u044c\u043a\u043e \u0441\u0435\u0440\u0442\u0438\u0444\u0438\u043a\u0430\u0442\u043e\u0432:<\/strong><\/p>\n<p style=\"text-align: center;\"><strong>ISO 9001:2015, ISO 13458:2016, ISO 22716:2007, GMP, CTFA, TCB<\/strong><\/p>\n<p style=\"text-align: center;\"><strong>WishPro Plus+ \u043e\u0441\u0443\u0449\u0435\u0441\u0442\u0432\u0438\u0442 \u0432\u0430\u0448\u0438 \u043c\u0435\u0447\u0442\u044b \u043e \u043a\u0440\u0430\u0441\u0438\u0432\u043e\u0439 \u043a\u043e\u0436\u0435!<\/strong><\/p>\n<p style=\"text-align: center;\">\u041f\u043e\u043b\u043d\u043e\u0435 \u043e\u0431\u043d\u043e\u0432\u043b\u0435\u043d\u0438\u0435 \u043a\u043e\u0436\u0438 \u0432\u0441\u0435\u0433\u043e \u0437\u0430 15 \u043c\u0438\u043d\u0443\u0442!<\/p>\n<p style=\"text-align: center;\">\u2713 100% \u043d\u0435\u0438\u043d\u0432\u0430\u0437\u0438\u0432\u043d\u044b\u0439 \u0438 \u0431\u0435\u0437\u043e\u043f\u0430\u0441\u043d\u044b\u0439!<\/p>\n<p style=\"text-align: center;\">\u2713 \u0414\u043b\u044f \u0432\u0441\u0435\u0445 \u0442\u0438\u043f\u043e\u0432 \u043a\u043e\u0436\u0438!<\/p>\n<p style=\"text-align: center;\">\u2713 13 \u0440\u0430\u0437\u043b\u0438\u0447\u043d\u044b\u0445 \u043a\u0430\u043f\u0441\u0443\u043b \u0438\u0437 4 \u0441\u0435\u0440\u0438\u0439!<\/p>\n<p style=\"text-align: center;\">\u2713 1 \u0443\u0441\u0442\u0440\u043e\u0439\u0441\u0442\u0432\u043e = 50 \u0440\u0430\u0437\u043b\u0438\u0447\u043d\u044b\u0445 \u043f\u0440\u043e\u0446\u0435\u0434\u0443\u0440!<\/p>\n<p style=\"text-align: center;\">\u2713 \u0423\u0434\u043e\u0431\u043d\u0430\u044f \u0440\u0430\u0431\u043e\u0442\u0430 \u0431\u0435\u0437 \u043f\u0440\u043e\u0432\u043e\u0434\u043e\u0432.<\/p>\n<p style=\"text-align: center;\">\u2713 \u0414\u043e 15 \u043f\u0440\u043e\u0446\u0435\u0434\u0443\u0440 \u0431\u0435\u0437 \u043f\u043e\u0434\u0437\u0430\u0440\u044f\u0434\u043a\u0438!<\/p>\n<p style=\"text-align: center;\">\u2713 \u0412\u043e\u0437\u043c\u043e\u0436\u043d\u043e\u0441\u0442\u044c \u0440\u0430\u0431\u043e\u0442\u044b \u043a\u0440\u0443\u0433\u043b\u044b\u0439 \u0433\u043e\u0434!<\/p>\n<p style=\"text-align: center;\">\u2713 \u041f\u043e\u043b\u043d\u0430\u044f \u0442\u0435\u0445\u043d\u043e\u043b\u043e\u0433\u0438\u0447\u0435\u0441\u043a\u0430\u044f \u0438\u043d\u043d\u043e\u0432\u0430\u0446\u0438\u044f!<\/p>\n<p style=\"text-align: center;\">\u2713 \u0414\u0435\u0439\u0441\u0442\u0432\u0443\u044e\u0449\u0438\u0435 \u0432\u0435\u0449\u0435\u0441\u0442\u0432\u0430 \u0441 \u0434\u043e\u043a\u0430\u0437\u0430\u043d\u043d\u043e\u0439 \u044d\u0444\u0444\u0435\u043a\u0442\u0438\u0432\u043d\u043e\u0441\u0442\u044c\u044e!<\/p>\n<p style=\"text-align: center;\">\u2713 \u041f\u043e\u043b\u043d\u043e\u0441\u0442\u044c\u044e \u043c\u043e\u0431\u0438\u043b\u044c\u043d\u043e\u0435 \u0443\u0441\u0442\u0440\u043e\u0439\u0441\u0442\u0432\u043e, \u0432\u044b \u043c\u043e\u0436\u0435\u0442\u0435 \u0432\u0437\u044f\u0442\u044c \u0442\u043e\u043b\u044c\u043a\u043e \u043d\u0430\u0441\u0430\u0434\u043a\u0443 \u0431\u0435\u0437 \u043e\u0441\u043d\u043e\u0432\u0430\u043d\u0438\u044f!<\/p>\n<p style=\"text-align: center;\">\u2713 \u041e\u0442\u0441\u0443\u0442\u0441\u0442\u0432\u0443\u0435\u0442 \u043f\u0435\u0440\u0438\u043e\u0434 \u0432\u043e\u0441\u0441\u0442\u0430\u043d\u043e\u0432\u043b\u0435\u043d\u0438\u044f!<\/p>\n<p style=\"text-align: center;\">\u2713 \u0412\u043e\u0437\u043c\u043e\u0436\u043d\u043e\u0441\u0442\u044c \u043a\u043e\u043c\u0431\u0438\u043d\u0438\u0440\u043e\u0432\u0430\u0442\u044c\u00a0<strong>\u041f\u0440\u043e\u0446\u0435\u0434\u0443\u0440\u0430 WishPro Plus+<\/strong>\u00a0\u0441 \u0434\u0440\u0443\u0433\u0438\u043c\u0438 \u043c\u0435\u0442\u043e\u0434\u0430\u043c\u0438 \u0438 \u0443\u0441\u0442\u0440\u043e\u0439\u0441\u0442\u0432\u0430\u043c\u0438!<\/p>\n<p style=\"text-align: center;\">\u2713 \u041a\u0440\u0430\u0439\u043d\u0435 \u043f\u0440\u0438\u044f\u0442\u043d\u0430\u044f \u0438 \u0440\u0430\u0441\u0441\u043b\u0430\u0431\u043b\u044f\u044e\u0449\u0430\u044f \u043f\u0440\u043e\u0446\u0435\u0434\u0443\u0440\u0430<\/p>\n<p style=\"text-align: center;\">\u2713 \u042d\u0444\u0444\u0435\u043a\u0442\u0438\u0432\u043d\u043e\u0441\u0442\u044c \u043f\u043e\u0434\u0442\u0432\u0435\u0440\u0436\u0434\u0435\u043d\u0430 \u0441\u0435\u0440\u0442\u0438\u0444\u0438\u043a\u0430\u0442\u0430\u043c\u0438 \u0438 \u043f\u0430\u0442\u0435\u043d\u0442\u0430\u043c\u0438!<\/p>\n<p style=\"text-align: center;\">\u2713 \u0411\u043e\u043b\u0435\u0435 30 \u0441\u0442\u0440\u0430\u043d \u043f\u043e \u0432\u0441\u0435\u043c\u0443 \u043c\u0438\u0440\u0443 \u0432\u043b\u044e\u0431\u043b\u0435\u043d\u044b \u0432\u00a0<strong>c \u0442\u0435\u0445\u043d\u043e\u043b\u043e\u0433\u0438\u0447\u0435\u0441\u043a\u043e\u0439 \u0433\u043e\u043b\u043e\u0432\u043a\u043e\u0439<\/strong>!<\/p>\n<p style=\"text-align: center;\">\u2713 \u0411\u043e\u043b\u0435\u0435 11 \u043b\u0435\u0442 \u0438\u0441\u0441\u043b\u0435\u0434\u043e\u0432\u0430\u043d\u0438\u0439 \u044d\u0444\u0444\u0435\u043a\u0442\u0438\u0432\u043d\u043e\u0441\u0442\u0438!<\/p>\n<p style=\"text-align: center;\"><strong>\u0421\u043e\u0432\u0440\u0435\u043c\u0435\u043d\u043d\u0430\u044f \u0442\u0435\u0445\u043d\u043e\u043b\u043e\u0433\u0438\u044f \u043c\u0430\u0433\u043d\u0438\u0442\u043d\u043e\u0439 \u0438\u043d\u0444\u0443\u0437\u0438\u0438 T.I.M<\/strong><\/p>\n<p style=\"text-align: center;\"><strong>\u0428\u0438\u0440\u043e\u043a\u0438\u0439 \u0432\u044b\u0431\u043e\u0440 \u043e\u0434\u043d\u043e\u0440\u0430\u0437\u043e\u0432\u044b\u0445 \u043a\u0430\u043f\u0441\u0443\u043b, \u043f\u0440\u0435\u0434\u043d\u0430\u0437\u043d\u0430\u0447\u0435\u043d\u043d\u044b\u0445 \u0434\u043b\u044f \u0443\u0441\u0442\u0440\u043e\u0439\u0441\u0442\u0432\u0430 WishPro Plus+, \u043f\u043e\u0437\u0432\u043e\u043b\u044f\u0435\u0442 \u043b\u0435\u0447\u0438\u0442\u044c \u0432\u0441\u0435 \u043a\u043e\u0436\u043d\u044b\u0435 \u043f\u0440\u043e\u0431\u043b\u0435\u043c\u044b, \u043e\u0431\u0435\u0441\u043f\u0435\u0447\u0438\u0432\u0430\u044f \u0443\u0434\u043e\u0431\u0441\u0442\u0432\u043e \u0438 \u0441\u0442\u0435\u0440\u0438\u043b\u044c\u043d\u043e\u0441\u0442\u044c!<\/strong><\/p>\n<p style=\"text-align: center;\"><strong>\u0420\u0435\u0432\u043e\u043b\u044e\u0446\u0438\u043e\u043d\u043d\u043e\u0435 \u0440\u0435\u0448\u0435\u043d\u0438\u0435 \u0434\u043b\u044f \u043a\u0430\u0436\u0434\u043e\u0433\u043e \u0441\u0430\u043b\u043e\u043d\u0430 \u043a\u0440\u0430\u0441\u043e\u0442\u044b!<\/strong><\/p>\n<p style=\"text-align: center;\">\u0412\u0430\u0448\u0438\u043c \u043a\u043b\u0438\u0435\u043d\u0442\u0430\u043c \u043d\u0430\u0441\u043a\u0443\u0447\u0438\u043b\u0438 \u0438\u0445 \u043f\u0440\u0435\u0436\u043d\u0438\u0435 \u043c\u0435\u0442\u043e\u0434\u044b \u043b\u0435\u0447\u0435\u043d\u0438\u044f?<\/p>\n<p style=\"text-align: center;\">\u0418\u0449\u0435\u0442\u0435 \u043b\u0438 \u0432\u044b \u0447\u0442\u043e-\u0442\u043e \u044f\u0441\u043d\u043e\u0435, \u0447\u0442\u043e \u0434\u0430\u0441\u0442 \u043d\u0435\u043c\u0435\u0434\u043b\u0435\u043d\u043d\u044b\u0439 \u044d\u0444\u0444\u0435\u043a\u0442?<\/p>\n<p style=\"text-align: center;\">\u0412\u0430\u0448\u0438 \u043a\u043b\u0438\u0435\u043d\u0442\u044b \u0432 \u0441\u0430\u043b\u043e\u043d\u0435 \u0443\u0441\u0442\u0430\u043b\u0438 \u043e\u0442 \u0438\u043b\u0438 \u043d\u0435 \u043b\u044e\u0431\u044f\u0442 \u0438\u043d\u0432\u0430\u0437\u0438\u0432\u043d\u044b\u0435 \u043f\u0440\u043e\u0446\u0435\u0434\u0443\u0440\u044b?<\/p>\n<p style=\"text-align: center;\">\u0412\u0430\u043c \u043d\u0443\u0436\u043d\u043e \u0447\u0442\u043e-\u0442\u043e, \u0447\u0442\u043e \u0441\u043e\u0447\u0435\u0442\u0430\u0435\u0442 \u044d\u0444\u0444\u0435\u043a\u0442\u0438\u0432\u043d\u043e\u0441\u0442\u044c \u0441 \u0443\u0434\u043e\u0432\u043e\u043b\u044c\u0441\u0442\u0432\u0438\u0435\u043c?<\/p>\n<p style=\"text-align: center;\">\u0425\u043e\u0442\u0438\u0442\u0435 \u0432\u044b\u0434\u0435\u043b\u0438\u0442\u044c\u0441\u044f \u0441\u0440\u0435\u0434\u0438 \u043a\u043e\u043d\u043a\u0443\u0440\u0435\u043d\u0442\u043e\u0432 \u0432\u0430\u0448\u0438\u043c \u0441\u0430\u043b\u043e\u043d\u043e\u043c?<\/p>\n<p style=\"text-align: center;\">\u0412\u044b \u0438\u0449\u0435\u0442\u0435 \u0447\u0442\u043e-\u0442\u043e, \u0447\u0442\u043e \u043f\u0440\u0438\u043d\u0435\u0441\u0435\u0442 \u0434\u043e\u043b\u0433\u043e\u0441\u0440\u043e\u0447\u043d\u044b\u0435 \u0442\u0435\u0440\u0430\u043f\u0435\u0432\u0442\u0438\u0447\u0435\u0441\u043a\u0438\u0435 \u0438 \u0434\u0435\u043b\u043e\u0432\u044b\u0435 \u0440\u0435\u0437\u0443\u043b\u044c\u0442\u0430\u0442\u044b?<\/p>\n<p style=\"text-align: center;\">\u0423 \u0432\u0430\u0441 \u0432\u043e\u0437\u043d\u0438\u043a\u0430\u044e\u0442 \u0442\u0440\u0443\u0434\u043d\u043e\u0441\u0442\u0438 \u0441 \u0440\u0430\u0441\u0447\u0435\u0442\u043e\u043c \u0437\u0430\u0442\u0440\u0430\u0442 \u043d\u0430 \u043f\u043e\u0442\u0440\u0435\u0431\u043b\u0435\u043d\u0438\u0435 \u0438 \u0443\u043f\u0440\u0430\u0432\u043b\u0435\u043d\u0438\u0435\u043c \u0438\u043d\u0432\u0435\u043d\u0442\u0430\u0440\u0438\u0437\u0430\u0446\u0438\u0435\u0439 \u043c\u0435\u0434\u0438\u0446\u0438\u043d\u0441\u043a\u0438\u0445 \u0442\u043e\u0432\u0430\u0440\u043e\u0432?<\/p>\n<p style=\"text-align: center;\">\u0425\u043e\u0442\u0438\u0442\u0435 \u043d\u043e\u0432\u043e\u0435 \u0443\u0441\u0442\u0440\u043e\u0439\u0441\u0442\u0432\u043e, \u043d\u043e \u0432 \u0432\u0430\u0448\u0435\u0439 \u0433\u043e\u0441\u0442\u0438\u043d\u043e\u0439 \u043d\u0435\u0442 \u043c\u0435\u0441\u0442\u0430?<\/p>\n<p style=\"text-align: center;\">\u0412\u044b \u0440\u0430\u0431\u043e\u0442\u0430\u0435\u0442\u0435 \u043d\u0430 \u0445\u043e\u0434\u0443 \u0438 \u0432\u0430\u043c \u043d\u0443\u0436\u043d\u043e \u0447\u0442\u043e-\u0442\u043e \u043a\u043e\u043c\u043f\u0430\u043a\u0442\u043d\u043e\u0435?<\/p>\n<p style=\"text-align: center;\">\u0415\u0441\u043b\u0438 \u0432\u044b \u043e\u0442\u0432\u0435\u0442\u0438\u043b\u0438 \u0414\u0410 \u0445\u043e\u0442\u044f \u0431\u044b \u043d\u0430 \u043e\u0434\u0438\u043d \u0432\u043e\u043f\u0440\u043e\u0441 <strong>\u2013 WishPro Plus+<\/strong>\u00a0\u0434\u043b\u044f \u0432\u0430\u0441!<\/p>\n<p style=\"text-align: center;\"><strong>\u042d\u0444\u0444\u0435\u043a\u0442 \u0432\u0438\u0434\u0435\u043d \u043f\u043e\u0441\u043b\u0435 \u041e\u0414\u041d\u041e\u0419 \u041f\u0420\u041e\u0426\u0415\u0414\u0423\u0420\u042b!<\/strong><\/p>","protected":false},"excerpt":{"rendered":"<p><a><strong>c \u0442\u0435\u0445\u043d\u043e\u043b\u043e\u0433\u0438\u0447\u0435\u0441\u043a\u043e\u0439 \u0433\u043e\u043b\u043e\u0432\u043a\u043e\u0439<\/strong>\u00a0\u0438\u0441\u043f\u043e\u043b\u044c\u0437\u0443\u0435\u0442 \u0438\u043d\u0442\u0435\u043d\u0441\u0438\u0432\u043d\u044b\u0435 \u043c\u0430\u0433\u043d\u0438\u0442\u043d\u044b\u0435 \u0438\u043c\u043f\u0443\u043b\u044c\u0441\u044b, \u043a\u043e\u0442\u043e\u0440\u044b\u0435 \u043f\u0440\u0435\u043e\u0431\u0440\u0430\u0437\u0443\u044e\u0442\u0441\u044f \u0432 \u0430\u043a\u0442\u0438\u0432\u043d\u043e\u0435 \u044d\u043d\u0435\u0440\u0433\u0435\u0442\u0438\u0447\u0435\u0441\u043a\u043e\u0435 \u043f\u043e\u043b\u0435. \u042d\u043d\u0435\u0440\u0433\u0438\u044f \u044d\u0442\u043e\u0433\u043e \u043f\u043e\u043b\u044f \u043f\u0440\u0435\u043e\u0431\u0440\u0430\u0437\u0443\u0435\u0442\u0441\u044f \u0432 \u0441\u0432\u0435\u0442 \u0438 \u044d\u043b\u0435\u043a\u0442\u0440\u0438\u0447\u0435\u0441\u0442\u0432\u043e. \u041a\u043e\u043c\u0431\u0438\u043d\u0430\u0446\u0438\u044f \u0447\u0435\u0442\u044b\u0440\u0451\u0445 \u0444\u0430\u043a\u0442\u043e\u0440\u043e\u0432 \u0441 \u0430\u043a\u0442\u0438\u0432\u043d\u044b\u043c\u0438 \u0438\u043d\u0433\u0440\u0435\u0434\u0438\u0435\u043d\u0442\u0430\u043c\u0438 \u043f\u043e\u0437\u0432\u043e\u043b\u044f\u0435\u0442 \u0434\u043e\u0441\u0442\u0438\u0447\u044c \u0441\u0435\u043d\u0441\u0430\u0446\u0438\u043e\u043d\u043d\u044b\u0445 \u0442\u0435\u0440\u0430\u043f\u0435\u0432\u0442\u0438\u0447\u0435\u0441\u043a\u0438\u0445 \u044d\u0444\u0444\u0435\u043a\u0442\u043e\u0432, \u0441\u043e\u0445\u0440\u0430\u043d\u044f\u044f \u043f\u0440\u0438 \u044d\u0442\u043e\u043c \u0431\u0435\u0437\u043e\u043f\u0430\u0441\u043d\u043e\u0441\u0442\u044c \u0438 100% \u043d\u0435\u0438\u043d\u0432\u0430\u0437\u0438\u0432\u043d\u043e\u0441\u0442\u044c.<\/a>!<\/p>","protected":false},"featured_media":3236,"comment_status":"open","ping_status":"closed","template":"","meta":{"_uag_custom_page_level_css":"","site-sidebar-layout":"default","site-content-layout":"","ast-site-content-layout":"default","site-content-style":"default","site-sidebar-style":"default","ast-global-header-display":"","ast-banner-title-visibility":"","ast-main-header-display":"","ast-hfb-above-header-display":"","ast-hfb-below-header-display":"","ast-hfb-mobile-header-display":"","site-post-title":"","ast-breadcrumbs-content":"","ast-featured-img":"","footer-sml-layout":"","ast-disable-related-posts":"","theme-transparent-header-meta":"default","adv-header-id-meta":"","stick-header-meta":"","header-above-stick-meta":"","header-main-stick-meta":"","header-below-stick-meta":"","astra-migrate-meta-layouts":"set","ast-page-background-enabled":"default","ast-page-background-meta":{"desktop":{"background-color":"var(--ast-global-color-4)","background-image":"","background-repeat":"repeat","background-position":"center center","background-size":"auto","background-attachment":"scroll","background-type":"","background-media":"","overlay-type":"","overlay-color":"","overlay-opacity":"","overlay-gradient":""},"tablet":{"background-color":"","background-image":"","background-repeat":"repeat","background-position":"center center","background-size":"auto","background-attachment":"scroll","background-type":"","background-media":"","overlay-type":"","overlay-color":"","overlay-opacity":"","overlay-gradient":""},"mobile":{"background-color":"","background-image":"","background-repeat":"repeat","background-position":"center center","background-size":"auto","background-attachment":"scroll","background-type":"","background-media":"","overlay-type":"","overlay-color":"","overlay-opacity":"","overlay-gradient":""}},"ast-content-background-meta":{"desktop":{"background-color":"var(--ast-global-color-5)","background-image":"","background-repeat":"repeat","background-position":"center center","background-size":"auto","background-attachment":"scroll","background-type":"","background-media":"","overlay-type":"","overlay-color":"","overlay-opacity":"","overlay-gradient":""},"tablet":{"background-color":"var(--ast-global-color-5)","background-image":"","background-repeat":"repeat","background-position":"center center","background-size":"auto","background-attachment":"scroll","background-type":"","background-media":"","overlay-type":"","overlay-color":"","overlay-opacity":"","overlay-gradient":""},"mobile":{"background-color":"var(--ast-global-color-5)","background-image":"","background-repeat":"repeat","background-position":"center center","background-size":"auto","background-attachment":"scroll","background-type":"","background-media":"","overlay-type":"","overlay-color":"","overlay-opacity":"","overlay-gradient":""}}},"product_brand":[],"product_cat":[96,99,80],"product_tag":[],"class_list":{"0":"post-3235","1":"product","2":"type-product","3":"status-publish","4":"has-post-thumbnail","6":"product_cat-brands","7":"product_cat-seadmed","8":"product_cat-wishpro","9":"desktop-align-left","10":"tablet-align-left","11":"mobile-align-left","13":"first","14":"instock","15":"taxable","16":"shipping-taxable","17":"product-type-simple","18":"add-to-wishlist-before_image"},"uagb_featured_image_src":{"full":["https:\/\/kosmeetika24.com\/wp-content\/uploads\/2024\/01\/device-m-front-1.webp",761,465,false],"thumbnail":["https:\/\/kosmeetika24.com\/wp-content\/uploads\/2024\/01\/device-m-front-1-150x150.webp",150,150,true],"medium":["https:\/\/kosmeetika24.com\/wp-content\/uploads\/2024\/01\/device-m-front-1-300x183.webp",300,183,true],"medium_large":["https:\/\/kosmeetika24.com\/wp-content\/uploads\/2024\/01\/device-m-front-1.webp",761,465,false],"large":["https:\/\/kosmeetika24.com\/wp-content\/uploads\/2024\/01\/device-m-front-1.webp",761,465,false],"1536x1536":["https:\/\/kosmeetika24.com\/wp-content\/uploads\/2024\/01\/device-m-front-1.webp",761,465,false],"2048x2048":["https:\/\/kosmeetika24.com\/wp-content\/uploads\/2024\/01\/device-m-front-1.webp",761,465,false],"trp-custom-language-flag":["https:\/\/kosmeetika24.com\/wp-content\/uploads\/2024\/01\/device-m-front-1-18x12.webp",18,12,true],"woocommerce_thumbnail":["https:\/\/kosmeetika24.com\/wp-content\/uploads\/2024\/01\/device-m-front-1-300x300.webp",300,300,true],"woocommerce_single":["https:\/\/kosmeetika24.com\/wp-content\/uploads\/2024\/01\/device-m-front-1-500x306.webp",500,306,true],"woocommerce_gallery_thumbnail":["https:\/\/kosmeetika24.com\/wp-content\/uploads\/2024\/01\/device-m-front-1-100x100.webp",100,100,true]},"uagb_author_info":{"display_name":"admin","author_link":"https:\/\/kosmeetika24.com\/ru\/author\/"},"uagb_comment_info":0,"uagb_excerpt":"WishPro Plus+\u00a0kasutab intensiivseid magnetimpulsse, mis muundatakse aktiivseks energiav\u00e4ljaks. Energiav\u00e4lja energia muundatakse valguseks ja elektriks. Nelja teguri kombinatsioon toimeainetega v\u00f5imaldab teil saavutada sensatsioonilisi raviefekte, s\u00e4ilitades samal ajal ohutuse ja 100% mitteinvasiivsuse!","_links":{"self":[{"href":"https:\/\/kosmeetika24.com\/ru\/wp-json\/wp\/v2\/product\/3235","targetHints":{"allow":["GET"]}}],"collection":[{"href":"https:\/\/kosmeetika24.com\/ru\/wp-json\/wp\/v2\/product"}],"about":[{"href":"https:\/\/kosmeetika24.com\/ru\/wp-json\/wp\/v2\/types\/product"}],"replies":[{"embeddable":true,"href":"https:\/\/kosmeetika24.com\/ru\/wp-json\/wp\/v2\/comments?post=3235"}],"version-history":[{"count":1,"href":"https:\/\/kosmeetika24.com\/ru\/wp-json\/wp\/v2\/product\/3235\/revisions"}],"predecessor-version":[{"id":4757,"href":"https:\/\/kosmeetika24.com\/ru\/wp-json\/wp\/v2\/product\/3235\/revisions\/4757"}],"wp:featuredmedia":[{"embeddable":true,"href":"https:\/\/kosmeetika24.com\/ru\/wp-json\/wp\/v2\/media\/3236"}],"wp:attachment":[{"href":"https:\/\/kosmeetika24.com\/ru\/wp-json\/wp\/v2\/media?parent=3235"}],"wp:term":[{"taxonomy":"product_brand","embeddable":true,"href":"https:\/\/kosmeetika24.com\/ru\/wp-json\/wp\/v2\/product_brand?post=3235"},{"taxonomy":"product_cat","embeddable":true,"href":"https:\/\/kosmeetika24.com\/ru\/wp-json\/wp\/v2\/product_cat?post=3235"},{"taxonomy":"product_tag","embeddable":true,"href":"https:\/\/kosmeetika24.com\/ru\/wp-json\/wp\/v2\/product_tag?post=3235"}],"curies":[{"name":"wp","href":"https:\/\/api.w.org\/{rel}","templated":true}]}}