{"id":2601,"date":"2024-05-30T13:45:45","date_gmt":"2024-05-30T13:45:45","guid":{"rendered":"https:\/\/kosmeetika24.com\/?post_type=product&#038;p=2601"},"modified":"2025-07-02T10:59:23","modified_gmt":"2025-07-02T07:59:23","slug":"reveel-kollageeniga-silmamask-5-tk","status":"publish","type":"product","link":"https:\/\/kosmeetika24.com\/ru\/product\/reveel-kollageeniga-silmamask-5-tk\/","title":{"rendered":"Reveel \u043c\u0430\u0441\u043a\u0430 \u0434\u043b\u044f \u0433\u043b\u0430\u0437 \u0441 \u043a\u043e\u043b\u043b\u0430\u0433\u0435\u043d\u043e\u043c 5 \u0448\u0442\u0443\u043a"},"content":{"rendered":"<p>\u041a\u043e\u0436\u0430 \u0432\u043e\u043a\u0440\u0443\u0433 \u0433\u043b\u0430\u0437 \u0442\u043e\u043d\u043a\u0430\u044f \u0438 \u0447\u0443\u0432\u0441\u0442\u0432\u0438\u0442\u0435\u043b\u044c\u043d\u0430\u044f. \u0421 \u0432\u043e\u0437\u0440\u0430\u0441\u0442\u043e\u043c \u044d\u0442\u0430 \u043e\u0431\u043b\u0430\u0441\u0442\u044c \u043c\u043e\u0436\u0435\u0442 \u043e\u0431\u0435\u0437\u0432\u043e\u0436\u0438\u0432\u0430\u0442\u044c\u0441\u044f \u0438 \u0440\u0430\u0437\u0434\u0440\u0430\u0436\u0430\u0442\u044c\u0441\u044f, \u0447\u0442\u043e \u043f\u0440\u0438\u0432\u043e\u0434\u0438\u0442 \u043a \u0441\u0443\u0445\u043e\u0441\u0442\u0438, \u043c\u043e\u0440\u0449\u0438\u043d\u0430\u043c \u0438 \u043b\u0438\u043d\u0438\u044f\u043c.<\/p>\n<p>\u041a\u043e\u043b\u043b\u0430\u0433\u0435\u043d\u043e\u0432\u044b\u0435 \u043f\u0430\u0442\u0447\u0438 \u0434\u043b\u044f \u0433\u043b\u0430\u0437 \u0443\u0432\u0435\u043b\u0438\u0447\u0438\u0432\u0430\u044e\u0442 \u0441\u0438\u043d\u0442\u0435\u0437 \u043a\u043e\u043b\u043b\u0430\u0433\u0435\u043d\u0430.<span class=\"Y2IQFc\" lang=\"et\">a\u043d\u0442\u0438\u0432\u043e\u0437\u0440\u0430\u0441\u0442\u043d\u0430\u044f \u043c\u0430\u0441\u043a\u0430 \u0434\u043b\u044f \u0433\u043b\u0430\u0437 \u0440\u0430\u0437\u0433\u043b\u0430\u0436\u0438\u0432\u0430\u0435\u0442 \u0438 \u0443\u0441\u043f\u043e\u043a\u0430\u0438\u0432\u0430\u0435\u0442 \u0447\u0443\u0432\u0441\u0442\u0432\u0438\u0442\u0435\u043b\u044c\u043d\u0443\u044e \u043a\u043e\u0436\u0443 \u0432\u043e\u043a\u0440\u0443\u0433 \u0433\u043b\u0430\u0437. \u042d\u043b\u0430\u0441\u0442\u0438\u0447\u043d\u043e\u0441\u0442\u044c \u043a\u043e\u0436\u0438 \u0443\u043b\u0443\u0447\u0448\u0438\u0442\u0441\u044f \u043d\u0430 37%, \u0430 \u0443\u0432\u043b\u0430\u0436\u043d\u0435\u043d\u0438\u0435 \u2014 \u043d\u0430 46%.<\/span><\/p>\n<p>Plaastrid ei sisalda alkoholi, on soovitatavad k\u00f5ikidele nahat\u00fc\u00fcpidele, sh tundlikule, kuivusele ja \u00e4rritusele kalduvale nahale \u2013 niisutavad seda kiiresti ja leevandavad ebamugavustunnet.<\/p>\n<p>\u0415\u0433\u043e \u043c\u043e\u0436\u043d\u043e \u0438\u0441\u043f\u043e\u043b\u044c\u0437\u043e\u0432\u0430\u0442\u044c \u043a\u0430\u043a \u044d\u043a\u0441\u043f\u0440\u0435\u0441\u0441-\u0443\u0445\u043e\u0434 \u0432 \u043c\u043e\u043c\u0435\u043d\u0442\u044b, \u043a\u043e\u0433\u0434\u0430 \u043d\u0435\u043e\u0431\u0445\u043e\u0434\u0438\u043c\u044b \u043d\u0435\u043c\u0435\u0434\u043b\u0435\u043d\u043d\u044b\u0435 \u0440\u0435\u0437\u0443\u043b\u044c\u0442\u0430\u0442\u044b, \u043d\u0430\u043f\u0440\u0438\u043c\u0435\u0440, \u043d\u0430 \u0441\u0432\u0430\u0434\u044c\u0431\u0430\u0445 \u0438\u043b\u0438 \u043c\u0435\u0440\u043e\u043f\u0440\u0438\u044f\u0442\u0438\u044f\u0445.<\/p>\n<p><strong>\u0414\u0435\u0439\u0441\u0442\u0432\u0438\u0435<\/strong><\/p>\n<p><span class=\"Y2IQFc\" lang=\"et\">\u0423\u043b\u044c\u0442\u0440\u0430-\u0432\u044b\u0441\u043e\u043a\u0430\u044f \u043a\u043e\u043d\u0446\u0435\u043d\u0442\u0440\u0430\u0446\u0438\u044f \u043d\u0430\u0442\u0443\u0440\u0430\u043b\u044c\u043d\u044b\u0445 \u043a\u043e\u043b\u043b\u0430\u0433\u0435\u043d\u043e\u0432\u044b\u0445 \u0432\u043e\u043b\u043e\u043a\u043e\u043d \u0438 \u0433\u0438\u0430\u043b\u0443\u0440\u043e\u043d\u043e\u0432\u043e\u0439 \u043a\u0438\u0441\u043b\u043e\u0442\u044b \u043e\u0431\u0440\u0430\u0437\u0443\u0435\u0442 \u0443\u0432\u043b\u0430\u0436\u043d\u044f\u044e\u0449\u0443\u044e \u0441\u0435\u0442\u043a\u0443, \u043a\u043e\u0442\u043e\u0440\u0430\u044f \u0433\u043b\u0443\u0431\u043e\u043a\u043e \u0443\u0432\u043b\u0430\u0436\u043d\u044f\u0435\u0442 \u043a\u043e\u0436\u0443 \u0432\u043e\u043a\u0440\u0443\u0433 \u0433\u043b\u0430\u0437 \u0438 \u0443\u0441\u0442\u043e\u0439\u0447\u0438\u0432\u043e \u043f\u043e\u043f\u043e\u043b\u043d\u044f\u0435\u0442 \u0435\u0451 \u0437\u0430\u043f\u0430\u0441\u044b \u0432\u043b\u0430\u0433\u0438.<\/span><\/p>\n<p><span class=\"Y2IQFc\" lang=\"et\">\u041a\u043e\u043b\u043b\u0430\u0433\u0435\u043d\u043e\u0432\u044b\u0435 \u043f\u0435\u043f\u0442\u0438\u0434\u044b \u043e\u0434\u043d\u043e\u0432\u0440\u0435\u043c\u0435\u043d\u043d\u043e \u0441\u0442\u0438\u043c\u0443\u043b\u0438\u0440\u0443\u044e\u0442 \u0432\u044b\u0440\u0430\u0431\u043e\u0442\u043a\u0443 \u043a\u043e\u043b\u043b\u0430\u0433\u0435\u043d\u0430 \u0432 \u0441\u0430\u043c\u043e\u0439 \u043a\u043e\u0436\u0435. \u041e\u0449\u0443\u0449\u0435\u043d\u0438\u0435 \u0441\u0442\u044f\u043d\u0443\u0442\u043e\u0441\u0442\u0438 \u0438\u0441\u0447\u0435\u0437\u0430\u0435\u0442, \u043a\u043e\u0436\u0430 \u0443\u0441\u043f\u043e\u043a\u0430\u0438\u0432\u0430\u0435\u0442\u0441\u044f, \u0442\u043e\u043d\u043a\u0438\u0435 \u043b\u0438\u043d\u0438\u0438 \u0440\u0430\u0437\u0433\u043b\u0430\u0436\u0438\u0432\u0430\u044e\u0442\u0441\u044f, \u0430 \u043c\u043e\u0440\u0449\u0438\u043d\u044b \u0441\u0442\u0430\u043d\u043e\u0432\u044f\u0442\u0441\u044f \u043c\u0435\u043d\u0435\u0435 \u0437\u0430\u043c\u0435\u0442\u043d\u044b\u043c\u0438. \u0414\u043b\u044f \u0448\u0435\u043b\u043a\u043e\u0432\u0438\u0441\u0442\u043e\u0433\u043e \u043e\u0449\u0443\u0449\u0435\u043d\u0438\u044f \u0438 \u0441\u0438\u044f\u044e\u0449\u0435\u0433\u043e \u0432\u043d\u0435\u0448\u043d\u0435\u0433\u043e \u0432\u0438\u0434\u0430!<\/span><\/p>\n<p><strong>\u041f\u0440\u0438\u043c\u0435\u043d\u0435\u043d\u0438\u0435\u00a0<\/strong><\/p>\n<p><span class=\"Y2IQFc\" lang=\"et\">\u0414\u043b\u044f \u0432\u044b\u0441\u0432\u043e\u0431\u043e\u0436\u0434\u0435\u043d\u0438\u044f \u0430\u043a\u0442\u0438\u0432\u0430\u0446\u0438\u043e\u043d\u043d\u043e\u0439 \u0436\u0438\u0434\u043a\u043e\u0441\u0442\u0438 \u0441\u0438\u043b\u044c\u043d\u043e \u043d\u0430\u0436\u043c\u0438\u0442\u0435 \u043e\u0431\u0435\u0438\u043c\u0438 \u0431\u043e\u043b\u044c\u0448\u0438\u043c\u0438 \u043f\u0430\u043b\u044c\u0446\u0430\u043c\u0438 \u043d\u0430 \u043a\u0430\u043c\u0435\u0440\u0443 \u0436\u0438\u0434\u043a\u043e\u0441\u0442\u0438. <\/span><\/p>\n<p><span class=\"Y2IQFc\" lang=\"et\">\u0423\u0434\u0430\u043b\u0438\u0442\u0435 \u0444\u043e\u043b\u044c\u0433\u0443 \u0442\u043e\u043b\u044c\u043a\u043e \u043f\u043e\u0441\u043b\u0435 \u0442\u043e\u0433\u043e, \u043a\u0430\u043a \u0436\u0438\u0434\u043a\u043e\u0441\u0442\u044c \u043f\u043e\u043b\u043d\u043e\u0441\u0442\u044c\u044e \u0432\u043f\u0438\u0442\u0430\u0435\u0442\u0441\u044f \u0432 \u043c\u0430\u0441\u043a\u0438. <\/span><\/p>\n<p><span class=\"Y2IQFc\" lang=\"et\">\u041d\u0430\u043d\u0435\u0441\u0438\u0442\u0435 \u043c\u0430\u0441\u043a\u0438 \u043d\u0430 \u043e\u0447\u0438\u0449\u0435\u043d\u043d\u0443\u044e \u043a\u043e\u0436\u0443 \u0438 \u043e\u0441\u0442\u0430\u0432\u044c\u0442\u0435 \u043d\u0430 15 \u043c\u0438\u043d\u0443\u0442.\u00a0<\/span><\/p>\n<p><span class=\"Y2IQFc\" lang=\"et\">\u0418\u0441\u043f\u043e\u043b\u044c\u0437\u0443\u0439\u0442\u0435 \u043f\u043e \u043c\u0435\u0440\u0435 \u043d\u0435\u043e\u0431\u0445\u043e\u0434\u0438\u043c\u043e\u0441\u0442\u0438. \u0414\u043b\u044f \u0431\u043e\u043b\u0435\u0435 \u0441\u0442\u043e\u0439\u043a\u043e\u0433\u043e \u0440\u0435\u0437\u0443\u043b\u044c\u0442\u0430\u0442\u0430 \u0438\u0441\u043f\u043e\u043b\u044c\u0437\u0443\u0439\u0442\u0435 \u0440\u0435\u0433\u0443\u043b\u044f\u0440\u043d\u043e 2-3 \u0440\u0430\u0437\u0430 \u0432 \u043d\u0435\u0434\u0435\u043b\u044e.\u00a0<\/span><\/p>\n<p><strong>\u0421\u043e\u0441\u0442\u0430\u0432<\/strong><\/p>\n<p>Collagen, Rayon, Paraffin, Hydrogenated Rosin, Hydrogenated Polyisobutene, PPG-15 Stearyl, Ether, PEG-40 Sorbitan Peroleate, BHT | Activation Liquid: Aqua (Water), Butylene Glycol, Glycerin, 1,5-Pentanediol, Leuconostoc \/ Radish Root Ferment Filtrate, Sodium Hyaluronate<\/p>","protected":false},"excerpt":{"rendered":"<p>\u041a\u043e\u043b\u043b\u0430\u0433\u0435\u043d\u043e\u0432\u0430\u044f \u043c\u0430\u0441\u043a\u0430 \u0434\u043b\u044f \u043e\u0431\u043b\u0430\u0441\u0442\u0438 \u0432\u043e\u043a\u0440\u0443\u0433 \u0433\u043b\u0430\u0437 \u043c\u0433\u043d\u043e\u0432\u0435\u043d\u043d\u043e \u0443\u0441\u0442\u0440\u0430\u043d\u044f\u0435\u0442 \u043f\u0435\u0440\u0432\u044b\u0435 \u043f\u0440\u0438\u0437\u043d\u0430\u043a\u0438 \u0441\u0442\u0430\u0440\u0435\u043d\u0438\u044f \u0438 \u0441\u043b\u0435\u0434\u044b \u0443\u0441\u0442\u0430\u043b\u043e\u0441\u0442\u0438, \u043f\u0438\u0442\u0430\u0435\u0442 \u0432\u043b\u0430\u0433\u043e\u0439, \u043e\u0436\u0438\u0432\u043b\u044f\u0435\u0442 \u0438 \u043f\u0440\u0438\u0434\u0430\u0435\u0442 \u0441\u0438\u044f\u043d\u0438\u0435.<\/p>\n<p>\u041c\u043e\u0436\u043d\u043e \u0438\u0441\u043f\u043e\u043b\u044c\u0437\u043e\u0432\u0430\u0442\u044c \u043a\u0430\u043a \u0436\u0435\u043d\u0449\u0438\u043d\u0430\u043c, \u0442\u0430\u043a \u0438 \u043c\u0443\u0436\u0447\u0438\u043d\u0430\u043c.<\/p>\n<p>\u041f\u043b\u0430\u0441\u0442\u044b\u0440\u044c \u0434\u043b\u044f \u043e\u0431\u043b\u0430\u0441\u0442\u0438 \u043f\u043e\u0434 \u0433\u043b\u0430\u0437\u0430\u043c\u0438 \u043d\u0435 \u0441\u043e\u0434\u0435\u0440\u0436\u0438\u0442 \u0441\u0438\u043b\u0438\u043a\u043e\u043d\u0430, \u0430\u043b\u044e\u043c\u0438\u043d\u0438\u044f, \u0430\u043b\u043a\u043e\u0433\u043e\u043b\u044f \u0438 \u043c\u0438\u043a\u0440\u043e\u043f\u043b\u0430\u0441\u0442\u0438\u043a\u0430.<\/p>\n<p>\u0412 \u0443\u043f\u0430\u043a\u043e\u0432\u043a\u0435 5\u00d72 \u043c\u0430\u0441\u043a\u0438, \u043e\u0434\u043d\u043e\u0440\u0430\u0437\u043e\u0432\u043e\u0433\u043e \u0438\u0441\u043f\u043e\u043b\u044c\u0437\u043e\u0432\u0430\u043d\u0438\u044f.<\/p>","protected":false},"featured_media":2602,"comment_status":"closed","ping_status":"closed","template":"","meta":{"_uag_custom_page_level_css":"","site-sidebar-layout":"default","site-content-layout":"","ast-site-content-layout":"default","site-content-style":"default","site-sidebar-style":"default","ast-global-header-display":"","ast-banner-title-visibility":"","ast-main-header-display":"","ast-hfb-above-header-display":"","ast-hfb-below-header-display":"","ast-hfb-mobile-header-display":"","site-post-title":"","ast-breadcrumbs-content":"","ast-featured-img":"","footer-sml-layout":"","ast-disable-related-posts":"","theme-transparent-header-meta":"default","adv-header-id-meta":"","stick-header-meta":"","header-above-stick-meta":"","header-main-stick-meta":"","header-below-stick-meta":"","astra-migrate-meta-layouts":"set","ast-page-background-enabled":"default","ast-page-background-meta":{"desktop":{"background-color":"var(--ast-global-color-4)","background-image":"","background-repeat":"repeat","background-position":"center center","background-size":"auto","background-attachment":"scroll","background-type":"","background-media":"","overlay-type":"","overlay-color":"","overlay-opacity":"","overlay-gradient":""},"tablet":{"background-color":"","background-image":"","background-repeat":"repeat","background-position":"center center","background-size":"auto","background-attachment":"scroll","background-type":"","background-media":"","overlay-type":"","overlay-color":"","overlay-opacity":"","overlay-gradient":""},"mobile":{"background-color":"","background-image":"","background-repeat":"repeat","background-position":"center center","background-size":"auto","background-attachment":"scroll","background-type":"","background-media":"","overlay-type":"","overlay-color":"","overlay-opacity":"","overlay-gradient":""}},"ast-content-background-meta":{"desktop":{"background-color":"var(--ast-global-color-5)","background-image":"","background-repeat":"repeat","background-position":"center center","background-size":"auto","background-attachment":"scroll","background-type":"","background-media":"","overlay-type":"","overlay-color":"","overlay-opacity":"","overlay-gradient":""},"tablet":{"background-color":"var(--ast-global-color-5)","background-image":"","background-repeat":"repeat","background-position":"center center","background-size":"auto","background-attachment":"scroll","background-type":"","background-media":"","overlay-type":"","overlay-color":"","overlay-opacity":"","overlay-gradient":""},"mobile":{"background-color":"var(--ast-global-color-5)","background-image":"","background-repeat":"repeat","background-position":"center center","background-size":"auto","background-attachment":"scroll","background-type":"","background-media":"","overlay-type":"","overlay-color":"","overlay-opacity":"","overlay-gradient":""}}},"product_brand":[],"product_cat":[96,97,95],"product_tag":[],"class_list":{"0":"post-2601","1":"product","2":"type-product","3":"status-publish","4":"has-post-thumbnail","6":"product_cat-brands","7":"product_cat-naole","8":"product_cat-reveel","9":"desktop-align-left","10":"tablet-align-left","11":"mobile-align-left","13":"first","14":"instock","15":"taxable","16":"shipping-taxable","17":"product-type-simple","18":"add-to-wishlist-before_image"},"uagb_featured_image_src":{"full":["https:\/\/kosmeetika24.com\/wp-content\/uploads\/2024\/01\/reveel_CollagenEyeMask5_PackshotComplete_Transparent_800x800_7a0eef43-9789-48a8-8011-c67fc9bf41c5_800x.webp-600x600-1.png",600,600,false],"thumbnail":["https:\/\/kosmeetika24.com\/wp-content\/uploads\/2024\/01\/reveel_CollagenEyeMask5_PackshotComplete_Transparent_800x800_7a0eef43-9789-48a8-8011-c67fc9bf41c5_800x.webp-600x600-1-150x150.png",150,150,true],"medium":["https:\/\/kosmeetika24.com\/wp-content\/uploads\/2024\/01\/reveel_CollagenEyeMask5_PackshotComplete_Transparent_800x800_7a0eef43-9789-48a8-8011-c67fc9bf41c5_800x.webp-600x600-1-300x300.png",300,300,true],"medium_large":["https:\/\/kosmeetika24.com\/wp-content\/uploads\/2024\/01\/reveel_CollagenEyeMask5_PackshotComplete_Transparent_800x800_7a0eef43-9789-48a8-8011-c67fc9bf41c5_800x.webp-600x600-1.png",600,600,false],"large":["https:\/\/kosmeetika24.com\/wp-content\/uploads\/2024\/01\/reveel_CollagenEyeMask5_PackshotComplete_Transparent_800x800_7a0eef43-9789-48a8-8011-c67fc9bf41c5_800x.webp-600x600-1.png",600,600,false],"1536x1536":["https:\/\/kosmeetika24.com\/wp-content\/uploads\/2024\/01\/reveel_CollagenEyeMask5_PackshotComplete_Transparent_800x800_7a0eef43-9789-48a8-8011-c67fc9bf41c5_800x.webp-600x600-1.png",600,600,false],"2048x2048":["https:\/\/kosmeetika24.com\/wp-content\/uploads\/2024\/01\/reveel_CollagenEyeMask5_PackshotComplete_Transparent_800x800_7a0eef43-9789-48a8-8011-c67fc9bf41c5_800x.webp-600x600-1.png",600,600,false],"trp-custom-language-flag":["https:\/\/kosmeetika24.com\/wp-content\/uploads\/2024\/01\/reveel_CollagenEyeMask5_PackshotComplete_Transparent_800x800_7a0eef43-9789-48a8-8011-c67fc9bf41c5_800x.webp-600x600-1-12x12.png",12,12,true],"woocommerce_thumbnail":["https:\/\/kosmeetika24.com\/wp-content\/uploads\/2024\/01\/reveel_CollagenEyeMask5_PackshotComplete_Transparent_800x800_7a0eef43-9789-48a8-8011-c67fc9bf41c5_800x.webp-600x600-1-300x300.png",300,300,true],"woocommerce_single":["https:\/\/kosmeetika24.com\/wp-content\/uploads\/2024\/01\/reveel_CollagenEyeMask5_PackshotComplete_Transparent_800x800_7a0eef43-9789-48a8-8011-c67fc9bf41c5_800x.webp-600x600-1-500x500.png",500,500,true],"woocommerce_gallery_thumbnail":["https:\/\/kosmeetika24.com\/wp-content\/uploads\/2024\/01\/reveel_CollagenEyeMask5_PackshotComplete_Transparent_800x800_7a0eef43-9789-48a8-8011-c67fc9bf41c5_800x.webp-600x600-1-100x100.png",100,100,true]},"uagb_author_info":{"display_name":"admin","author_link":"https:\/\/kosmeetika24.com\/ru\/author\/"},"uagb_comment_info":0,"uagb_excerpt":"Kollageenmask silma\u00fcmbrusele k\u00f5rvaldab koheselt esimesed vananemism\u00e4rgid ja v\u00e4simuse j\u00e4ljed, toidab niiskusega, elustab ja annab s\u00e4ra. Saab kasutada nii naistel kui meestel. Silmaalused plaastrid on 100% silikoonivabad, alumiiniumivabad, alkoholivabad ja mikroplastivabad. Pakendis 5x2 maski, \u00fchekordseks kasutamiseks.","_links":{"self":[{"href":"https:\/\/kosmeetika24.com\/ru\/wp-json\/wp\/v2\/product\/2601","targetHints":{"allow":["GET"]}}],"collection":[{"href":"https:\/\/kosmeetika24.com\/ru\/wp-json\/wp\/v2\/product"}],"about":[{"href":"https:\/\/kosmeetika24.com\/ru\/wp-json\/wp\/v2\/types\/product"}],"replies":[{"embeddable":true,"href":"https:\/\/kosmeetika24.com\/ru\/wp-json\/wp\/v2\/comments?post=2601"}],"version-history":[{"count":1,"href":"https:\/\/kosmeetika24.com\/ru\/wp-json\/wp\/v2\/product\/2601\/revisions"}],"predecessor-version":[{"id":4507,"href":"https:\/\/kosmeetika24.com\/ru\/wp-json\/wp\/v2\/product\/2601\/revisions\/4507"}],"wp:featuredmedia":[{"embeddable":true,"href":"https:\/\/kosmeetika24.com\/ru\/wp-json\/wp\/v2\/media\/2602"}],"wp:attachment":[{"href":"https:\/\/kosmeetika24.com\/ru\/wp-json\/wp\/v2\/media?parent=2601"}],"wp:term":[{"taxonomy":"product_brand","embeddable":true,"href":"https:\/\/kosmeetika24.com\/ru\/wp-json\/wp\/v2\/product_brand?post=2601"},{"taxonomy":"product_cat","embeddable":true,"href":"https:\/\/kosmeetika24.com\/ru\/wp-json\/wp\/v2\/product_cat?post=2601"},{"taxonomy":"product_tag","embeddable":true,"href":"https:\/\/kosmeetika24.com\/ru\/wp-json\/wp\/v2\/product_tag?post=2601"}],"curies":[{"name":"wp","href":"https:\/\/api.w.org\/{rel}","templated":true}]}}