{"id":2093,"date":"2024-01-16T13:53:18","date_gmt":"2024-01-16T13:53:18","guid":{"rendered":"https:\/\/kosmeetika24.com\/?post_type=product&#038;p=2093"},"modified":"2025-07-03T11:29:55","modified_gmt":"2025-07-03T08:29:55","slug":"bruno-vassari-lab-biotics-igapaevane-toonik-2","status":"publish","type":"product","link":"https:\/\/kosmeetika24.com\/ru\/product\/bruno-vassari-lab-biotics-igapaevane-toonik-2\/","title":{"rendered":"BRUNO VASSARI Lab Biotics \u0435\u0436\u0435\u0434\u043d\u0435\u0432\u043d\u044b\u0439 \u0442\u043e\u043d\u0438\u043a"},"content":{"rendered":"<p>\u0415\u0436\u0435\u0434\u043d\u0435\u0432\u043d\u044b\u0439 \u0442\u043e\u043d\u0438\u043a <em>Daily Mist Toner<\/em> \u044d\u0442\u043e \u043f\u0440\u0435\u0431\u0438\u043e\u0442\u0438\u0447\u0435\u0441\u043a\u0438\u0439 \u0441\u043f\u0440\u0435\u0439 \u0434\u043b\u044f \u043b\u0438\u0446\u0430 \u043f\u0440\u043e\u0444\u0435\u0441\u0441\u0438\u043e\u043d\u0430\u043b\u044c\u043d\u043e\u0433\u043e \u0438\u0441\u043f\u043e\u043b\u044c\u0437\u043e\u0432\u0430\u043d\u0438\u044f, \u043a\u043e\u0442\u043e\u0440\u044b\u0439 \u043e\u0441\u0432\u0435\u0436\u0430\u0435\u0442, \u0443\u0432\u043b\u0430\u0436\u043d\u044f\u0435\u0442 \u0438 \u0430\u043a\u0442\u0438\u0432\u0438\u0440\u0443\u0435\u0442 \u0435\u0441\u0442\u0435\u0441\u0442\u0432\u0435\u043d\u043d\u0443\u044e \u0437\u0430\u0449\u0438\u0442\u0443 \u043a\u043e\u0436\u0438. \u0412\u043e\u0441\u0441\u0442\u0430\u043d\u0430\u0432\u043b\u0438\u0432\u0430\u0435\u0442 \u0431\u0430\u043b\u0430\u043d\u0441 \u0444\u043b\u043e\u0440\u044b \u043f\u043e\u0441\u043b\u0435 \u0435\u0436\u0435\u0434\u043d\u0435\u0432\u043d\u043e\u0433\u043e \u043e\u0447\u0438\u0449\u0435\u043d\u0438\u044f \u0438 \u0437\u0430\u0449\u0438\u0449\u0430\u0435\u0442 \u044d\u043a\u043e\u0441\u0438\u0441\u0442\u0435\u043c\u0443 \u043a\u043e\u0436\u0438 \u043e\u0442 \u0432\u043d\u0435\u0448\u043d\u0438\u0445 \u0444\u0430\u043a\u0442\u043e\u0440\u043e\u0432, \u0443\u043a\u0440\u0435\u043f\u043b\u044f\u044f \u0437\u0430\u0449\u0438\u0442\u043d\u044b\u0439 \u0431\u0430\u0440\u044c\u0435\u0440 \u0438 \u043f\u043e\u0434\u0434\u0435\u0440\u0436\u0438\u0432\u0430\u044f \u043e\u043f\u0442\u0438\u043c\u0430\u043b\u044c\u043d\u044b\u0439 \u0443\u0440\u043e\u0432\u0435\u043d\u044c \u0443\u0432\u043b\u0430\u0436\u043d\u0435\u043d\u0438\u044f.<\/p>\n<p>\u041f\u043e\u0434\u0445\u043e\u0434\u0438\u0442 \u0434\u043b\u044f \u0432\u0441\u0435\u0445 \u0442\u0438\u043f\u043e\u0432 \u043a\u043e\u0436\u0438, \u043e\u0441\u043e\u0431\u0435\u043d\u043d\u043e \u0434\u043b\u044f \u0447\u0443\u0432\u0441\u0442\u0432\u0438\u0442\u0435\u043b\u044c\u043d\u043e\u0439 \u043a\u043e\u0436\u0438.<\/p>\n<p><strong>\u041e\u0421\u041d\u041e\u0412\u041d\u042b\u0415 \u0414\u0415\u0419\u0421\u0422\u0412\u0423\u042e\u0429\u0418\u0415 \u0412\u0415\u0429\u0415\u0421\u0422\u0412\u0410<\/strong><\/p>\n<ul>\n<li>BioEcolia\u00ae: \u043f\u0440\u0435\u0431\u0438\u043e\u0442\u0438\u0447\u0435\u0441\u043a\u0438\u0439 \u0437\u0430\u0449\u0438\u0442\u043d\u0438\u043a, \u043f\u043e\u043b\u0443\u0447\u0435\u043d\u043d\u044b\u0439 \u0438\u0437 \u043d\u0430\u0442\u0443\u0440\u0430\u043b\u044c\u043d\u043e\u0433\u043e \u0441\u0430\u0445\u0430\u0440\u0430.<\/li>\n<li><em>\u041a\u043e\u043c\u0431\u0443\u0447\u0430<\/em><\/li>\n<li>\u0418\u043d\u043e\u0437\u0438\u0442\u043e\u043b<\/li>\n<\/ul>\n<p><strong>\u0414\u0435\u0439\u0441\u0442\u0432\u0438\u0435<\/strong><\/p>\n<ul>\n<li>BioEcolia\u00ae \u0430\u043a\u0442\u0438\u0432\u0438\u0440\u0443\u0435\u0442 \u0438 \u0443\u043a\u0440\u0435\u043f\u043b\u044f\u0435\u0442 \u0435\u0441\u0442\u0435\u0441\u0442\u0432\u0435\u043d\u043d\u0443\u044e \u0437\u0430\u0449\u0438\u0442\u0443 \u043a\u043e\u0436\u0438. \u0411\u043b\u0430\u0433\u043e\u0434\u0430\u0440\u044f \u0441\u0432\u043e\u0435\u0439 \u0441\u043b\u043e\u0436\u043d\u043e\u0439 \u0441\u0442\u0440\u0443\u043a\u0442\u0443\u0440\u0435 \u043e\u043d \u0437\u0430\u0449\u0438\u0449\u0430\u0435\u0442 \u0438 \u043f\u043e\u0434\u0434\u0435\u0440\u0436\u0438\u0432\u0430\u0435\u0442 \u0431\u0430\u043b\u0430\u043d\u0441 \u0434\u0435\u043b\u0438\u043a\u0430\u0442\u043d\u043e\u0439 \u044d\u043a\u043e\u0441\u0438\u0441\u0442\u0435\u043c\u044b \u043a\u043e\u0436\u0438, \u043a\u043e\u0442\u043e\u0440\u0430\u044f \u043f\u043e\u0441\u0442\u043e\u044f\u043d\u043d\u043e \u043f\u043e\u0434\u0432\u0435\u0440\u0433\u0430\u0435\u0442\u0441\u044f \u0432\u043e\u0437\u0434\u0435\u0439\u0441\u0442\u0432\u0438\u044e \u043c\u043d\u043e\u0433\u043e\u0447\u0438\u0441\u043b\u0435\u043d\u043d\u044b\u0445 \u0432\u043d\u0435\u0448\u043d\u0438\u0445 \u0444\u0430\u043a\u0442\u043e\u0440\u043e\u0432. \u0423\u043a\u0440\u0435\u043f\u043b\u044f\u0435\u0442 \u0437\u0430\u0449\u0438\u0442\u043d\u044b\u0439 \u0431\u0430\u0440\u044c\u0435\u0440 \u0440\u043e\u0433\u043e\u0432\u043e\u0433\u043e \u0441\u043b\u043e\u044f, \u0443\u043b\u0443\u0447\u0448\u0430\u044f \u0435\u0433\u043e \u043e\u0431\u0449\u0435\u0435 \u0441\u043e\u0441\u0442\u043e\u044f\u043d\u0438\u0435 \u0438 \u043a\u043e\u043c\u0444\u043e\u0440\u0442.<\/li>\n<li><em>\u041a\u043e\u043c\u0431\u0443\u0447\u0430<\/em>\u041f\u0440\u043e\u0434\u0443\u043a\u0442 \u0444\u0435\u0440\u043c\u0435\u043d\u0442\u0430\u0446\u0438\u0438 \u0447\u0435\u0440\u043d\u043e\u0433\u043e \u0447\u0430\u044f \u0441 \u043f\u043e\u043c\u043e\u0449\u044c\u044e \u0441\u0438\u043c\u0431\u0438\u043e\u0437\u0430 \u0434\u0432\u0443\u0445 \u043c\u0438\u043a\u0440\u043e\u043e\u0440\u0433\u0430\u043d\u0438\u0437\u043c\u043e\u0432 <em>\u0434\u0440\u043e\u0436\u0436\u0435\u0439 Saccharomyces<\/em> \u0438 \u0431\u0430\u043a\u0442\u0435\u0440\u0438\u0439 <em>Xylinum).<\/em>\u0421\u043c\u044f\u0433\u0447\u0430\u0435\u0442 \u0438 \u043e\u0441\u0432\u0435\u0436\u0430\u0435\u0442 \u043a\u043e\u0436\u0443, \u0443\u043b\u0443\u0447\u0448\u0430\u0435\u0442 \u0435\u0451 \u043a\u0430\u0447\u0435\u0441\u0442\u0432\u043e (\u043c\u044f\u0433\u043a\u043e\u0441\u0442\u044c \u0438 \u0441\u0438\u044f\u043d\u0438\u0435).<\/li>\n<li>\u0418\u043d\u043e\u0437\u0438\u0442\u043e\u043b \u0430\u043a\u0442\u0438\u0432\u0438\u0440\u0443\u0435\u0442 \u043a\u043b\u0435\u0442\u043a\u0438 \u043a\u043e\u0436\u0438, \u043e\u0442\u0432\u0435\u0442\u0441\u0442\u0432\u0435\u043d\u043d\u044b\u0435 \u0437\u0430 \u0441\u0438\u043d\u0442\u0435\u0437 \u043d\u0435\u043e\u0431\u0445\u043e\u0434\u0438\u043c\u044b\u0445 \u0431\u0435\u043b\u043a\u043e\u0432, \u0442\u0430\u043a\u0438\u0445 \u043a\u0430\u043a \u044d\u043b\u0430\u0441\u0442\u0438\u043d \u0438 \u043a\u043e\u043b\u043b\u0430\u0433\u0435\u043d, \u0434\u043b\u044f \u043f\u043e\u0434\u0434\u0435\u0440\u0436\u0430\u043d\u0438\u044f \u0441\u043e\u0441\u0442\u043e\u044f\u043d\u0438\u044f, \u0446\u0435\u043b\u043e\u0441\u0442\u043d\u043e\u0441\u0442\u0438 \u0438 \u0441\u0432\u043e\u0439\u0441\u0442\u0432 \u043a\u043e\u0436\u0438. \u041e\u043d \u0441\u043e\u0445\u0440\u0430\u043d\u044f\u0435\u0442 \u0431\u0430\u043b\u0430\u043d\u0441 \u0432\u043b\u0430\u0433\u0438, \u043f\u0440\u0435\u0434\u043e\u0442\u0432\u0440\u0430\u0449\u0430\u044f \u043f\u043e\u0442\u0435\u0440\u044e \u0432\u043e\u0434\u044b \u0447\u0435\u0440\u0435\u0437 \u043a\u043e\u0436\u0443, \u0443\u043b\u0443\u0447\u0448\u0430\u0435\u0442 \u043e\u0431\u0449\u0443\u044e \u0433\u0438\u0434\u0440\u0430\u0442\u0430\u0446\u0438\u044e \u0438 \u0442\u0435\u043c \u0441\u0430\u043c\u044b\u043c \u043f\u0440\u0435\u0434\u043e\u0442\u0432\u0440\u0430\u0449\u0430\u0435\u0442 \u043e\u0431\u0440\u0430\u0437\u043e\u0432\u0430\u043d\u0438\u0435 \u043c\u043e\u0440\u0449\u0438\u043d \u0438 \u043c\u0438\u043c\u0438\u0447\u0435\u0441\u043a\u0438\u0445 \u043b\u0438\u043d\u0438\u0439.<\/li>\n<\/ul>\n<p><strong>\u041f\u0440\u0438\u043c\u0435\u043d\u0435\u043d\u0438\u0435<\/strong><\/p>\n<ul>\n<li>\u0414\u043b\u044f \u0438\u0441\u043f\u043e\u043b\u044c\u0437\u043e\u0432\u0430\u043d\u0438\u044f \u0432 \u043a\u0430\u0447\u0435\u0441\u0442\u0432\u0435 \u0442\u043e\u043d\u0438\u043a\u0430 \u0430\u043a\u043a\u0443\u0440\u0430\u0442\u043d\u043e \u043d\u0430\u043d\u0435\u0441\u0438\u0442\u0435 \u043d\u0430 \u0447\u0438\u0441\u0442\u0443\u044e, \u0441\u0443\u0445\u0443\u044e \u043a\u043e\u0436\u0443 \u0441 \u043f\u043e\u043c\u043e\u0449\u044c\u044e \u0432\u0430\u0442\u043d\u043e\u0433\u043e \u0434\u0438\u0441\u043a\u0430, \u0447\u0442\u043e\u0431\u044b \u0437\u0430\u0432\u0435\u0440\u0448\u0438\u0442\u044c \u043f\u0440\u043e\u0446\u0435\u0441\u0441 \u043e\u0447\u0438\u0449\u0435\u043d\u0438\u044f.<\/li>\n<li>\u0414\u043b\u044f \u043f\u043e\u0434\u0433\u043e\u0442\u043e\u0432\u043a\u0438 \u043a\u043e\u0436\u0438 \u0438 \u0441\u043e\u0434\u0435\u0439\u0441\u0442\u0432\u0438\u044f \u0432\u0441\u0430\u0441\u044b\u0432\u0430\u043d\u0438\u044e \u0430\u043a\u0442\u0438\u0432\u043d\u044b\u0445 \u0438\u043d\u0433\u0440\u0435\u0434\u0438\u0435\u043d\u0442\u043e\u0432 \u0438\u0441\u043f\u043e\u043b\u044c\u0437\u0443\u0439\u0442\u0435 \u0442\u043e\u043d\u0438\u043a \u043a\u0430\u043a \u0441\u043f\u0440\u0435\u0439, \u0440\u0430\u0441\u043f\u044b\u043b\u044f\u044f \u0435\u0433\u043e \u043d\u0430 \u0436\u0435\u043b\u0430\u0435\u043c\u0443\u044e \u043e\u0431\u043b\u0430\u0441\u0442\u044c. \u0422\u0430\u043a\u043e\u0439 \u043c\u0435\u0442\u043e\u0434 \u043d\u0430\u043d\u0435\u0441\u0435\u043d\u0438\u044f \u043f\u043e\u043c\u043e\u0433\u0430\u0435\u0442 \u0432\u043e\u0441\u0441\u0442\u0430\u043d\u043e\u0432\u0438\u0442\u044c \u0443\u0432\u043b\u0430\u0436\u043d\u0435\u043d\u0438\u0435 \u043a\u043e\u0436\u0438 \u0438 \u043a\u043e\u043c\u0444\u043e\u0440\u0442 \u043d\u0430 \u043f\u0440\u043e\u0442\u044f\u0436\u0435\u043d\u0438\u0438 \u0432\u0441\u0435\u0433\u043e \u0434\u043d\u044f.<\/li>\n<\/ul>\n<p><strong>\u0421\u043e\u0441\u0442\u0430\u0432<\/strong><\/p>\n<p>AQUA (WATER), BUTYLENE GLYCOL, PROPANEDIOL, INOSITOL, ALPHA-GLUCAN OLIGOSACCHARIDE, SACCHAROMYCES\/XYLINUM\/BLAK TEA FERMENT, SODIUM PCA, PHENOXYETHANOL, DISODIUM EDTA, CHLORPHENESIN, PEG-40 HYDROGENATED GASTOR OIL, GLYCERIN, PARFUM (FRAGRANCE), HYDROXYETHYLCELLULOSE, SODIUM CITRATE, CITRIC ACID, POTASSIUM SORBATE.<\/p>","protected":false},"excerpt":{"rendered":"<p>\u041c\u043d\u043e\u0433\u043e\u0444\u0443\u043d\u043a\u0446\u0438\u043e\u043d\u0430\u043b\u044c\u043d\u044b\u0439 \u0442\u043e\u043d\u0438\u043a \u0434\u043b\u044f \u043f\u0440\u043e\u0444\u0435\u0441\u0441\u0438\u043e\u043d\u0430\u043b\u044c\u043d\u043e\u0433\u043e \u0438\u0441\u043f\u043e\u043b\u044c\u0437\u043e\u0432\u0430\u043d\u0438\u044f, \u043a\u043e\u0442\u043e\u0440\u044b\u0439 \u043e\u0441\u0432\u0435\u0436\u0430\u0435\u0442, \u0443\u0432\u043b\u0430\u0436\u043d\u044f\u0435\u0442 \u0438 \u0430\u043a\u0442\u0438\u0432\u0438\u0440\u0443\u0435\u0442 \u0435\u0441\u0442\u0435\u0441\u0442\u0432\u0435\u043d\u043d\u0443\u044e \u0437\u0430\u0449\u0438\u0442\u0443 \u043a\u043e\u0436\u0438. \u0411\u043b\u0430\u0433\u043e\u0434\u0430\u0440\u044f \u0444\u043e\u0440\u043c\u0443\u043b\u0435, \u0431\u043e\u0433\u0430\u0442\u043e\u0439 \u043f\u0440\u0435\u0431\u0438\u043e\u0442\u0438\u043a\u0430\u043c\u0438, \u043e\u043d \u0432\u043e\u0441\u0441\u0442\u0430\u043d\u0430\u0432\u043b\u0438\u0432\u0430\u0435\u0442 \u0431\u0430\u043b\u0430\u043d\u0441 \u043f\u043e\u043b\u0435\u0437\u043d\u043e\u0439 \u0444\u043b\u043e\u0440\u044b \u0438 \u0437\u0430\u0449\u0438\u0449\u0430\u0435\u0442 \u043a\u043e\u0436\u0443 \u043e\u0442 \u0432\u043d\u0435\u0448\u043d\u0438\u0445 \u0430\u0433\u0440\u0435\u0441\u0441\u043e\u0440\u043e\u0432, \u0443\u043a\u0440\u0435\u043f\u043b\u044f\u044f \u0437\u0430\u0449\u0438\u0442\u043d\u044b\u0439 \u0431\u0430\u0440\u044c\u0435\u0440 \u0438 \u043f\u043e\u0434\u0434\u0435\u0440\u0436\u0438\u0432\u0430\u044f \u043e\u043f\u0442\u0438\u043c\u0430\u043b\u044c\u043d\u044b\u0439 \u0443\u0440\u043e\u0432\u0435\u043d\u044c \u0443\u0432\u043b\u0430\u0436\u043d\u0435\u043d\u0438\u044f.<\/p>\n<p>500 ml<\/p>","protected":false},"featured_media":2094,"comment_status":"open","ping_status":"closed","template":"","meta":{"_uag_custom_page_level_css":"","site-sidebar-layout":"default","site-content-layout":"","ast-site-content-layout":"default","site-content-style":"default","site-sidebar-style":"default","ast-global-header-display":"","ast-banner-title-visibility":"","ast-main-header-display":"","ast-hfb-above-header-display":"","ast-hfb-below-header-display":"","ast-hfb-mobile-header-display":"","site-post-title":"","ast-breadcrumbs-content":"","ast-featured-img":"","footer-sml-layout":"","ast-disable-related-posts":"","theme-transparent-header-meta":"default","adv-header-id-meta":"","stick-header-meta":"","header-above-stick-meta":"","header-main-stick-meta":"","header-below-stick-meta":"","astra-migrate-meta-layouts":"set","ast-page-background-enabled":"default","ast-page-background-meta":{"desktop":{"background-color":"var(--ast-global-color-4)","background-image":"","background-repeat":"repeat","background-position":"center center","background-size":"auto","background-attachment":"scroll","background-type":"","background-media":"","overlay-type":"","overlay-color":"","overlay-opacity":"","overlay-gradient":""},"tablet":{"background-color":"","background-image":"","background-repeat":"repeat","background-position":"center center","background-size":"auto","background-attachment":"scroll","background-type":"","background-media":"","overlay-type":"","overlay-color":"","overlay-opacity":"","overlay-gradient":""},"mobile":{"background-color":"","background-image":"","background-repeat":"repeat","background-position":"center center","background-size":"auto","background-attachment":"scroll","background-type":"","background-media":"","overlay-type":"","overlay-color":"","overlay-opacity":"","overlay-gradient":""}},"ast-content-background-meta":{"desktop":{"background-color":"var(--ast-global-color-5)","background-image":"","background-repeat":"repeat","background-position":"center center","background-size":"auto","background-attachment":"scroll","background-type":"","background-media":"","overlay-type":"","overlay-color":"","overlay-opacity":"","overlay-gradient":""},"tablet":{"background-color":"var(--ast-global-color-5)","background-image":"","background-repeat":"repeat","background-position":"center center","background-size":"auto","background-attachment":"scroll","background-type":"","background-media":"","overlay-type":"","overlay-color":"","overlay-opacity":"","overlay-gradient":""},"mobile":{"background-color":"var(--ast-global-color-5)","background-image":"","background-repeat":"repeat","background-position":"center center","background-size":"auto","background-attachment":"scroll","background-type":"","background-media":"","overlay-type":"","overlay-color":"","overlay-opacity":"","overlay-gradient":""}}},"product_brand":[],"product_cat":[96,66,97],"product_tag":[],"class_list":{"0":"post-2093","1":"product","2":"type-product","3":"status-publish","4":"has-post-thumbnail","6":"product_cat-brands","7":"product_cat-lab-biotics","8":"product_cat-naole","9":"desktop-align-left","10":"tablet-align-left","11":"mobile-align-left","13":"first","14":"instock","15":"taxable","16":"shipping-taxable","17":"product-type-simple","18":"add-to-wishlist-before_image"},"uagb_featured_image_src":{"full":["https:\/\/kosmeetika24.com\/wp-content\/uploads\/2024\/01\/2341-Daily-Mist-Toner-500ml.jpg",600,600,false],"thumbnail":["https:\/\/kosmeetika24.com\/wp-content\/uploads\/2024\/01\/2341-Daily-Mist-Toner-500ml-150x150.jpg",150,150,true],"medium":["https:\/\/kosmeetika24.com\/wp-content\/uploads\/2024\/01\/2341-Daily-Mist-Toner-500ml-300x300.jpg",300,300,true],"medium_large":["https:\/\/kosmeetika24.com\/wp-content\/uploads\/2024\/01\/2341-Daily-Mist-Toner-500ml.jpg",600,600,false],"large":["https:\/\/kosmeetika24.com\/wp-content\/uploads\/2024\/01\/2341-Daily-Mist-Toner-500ml.jpg",600,600,false],"1536x1536":["https:\/\/kosmeetika24.com\/wp-content\/uploads\/2024\/01\/2341-Daily-Mist-Toner-500ml.jpg",600,600,false],"2048x2048":["https:\/\/kosmeetika24.com\/wp-content\/uploads\/2024\/01\/2341-Daily-Mist-Toner-500ml.jpg",600,600,false],"trp-custom-language-flag":["https:\/\/kosmeetika24.com\/wp-content\/uploads\/2024\/01\/2341-Daily-Mist-Toner-500ml-12x12.jpg",12,12,true],"woocommerce_thumbnail":["https:\/\/kosmeetika24.com\/wp-content\/uploads\/2024\/01\/2341-Daily-Mist-Toner-500ml-300x300.jpg",300,300,true],"woocommerce_single":["https:\/\/kosmeetika24.com\/wp-content\/uploads\/2024\/01\/2341-Daily-Mist-Toner-500ml-500x500.jpg",500,500,true],"woocommerce_gallery_thumbnail":["https:\/\/kosmeetika24.com\/wp-content\/uploads\/2024\/01\/2341-Daily-Mist-Toner-500ml-100x100.jpg",100,100,true]},"uagb_author_info":{"display_name":"admin","author_link":"https:\/\/kosmeetika24.com\/ru\/author\/"},"uagb_comment_info":0,"uagb_excerpt":"Professionaalseks kasutamiseks m\u00f5eldud multifunktsionaalne toonik, mis v\u00e4rskendab, niisutab ja aktiveerib naha loomulikku kaitsev\u00f5imet. Prebiootikumirikka koostise t\u00f5ttu taastab see kasuliku floora tasakaalu ja kaitseb nahka v\u00e4liste agressioonide eest, tugevdades kaitsebarj\u00e4\u00e4ri ja s\u00e4ilitades optimaalse niisutustaseme. 500 ml","_links":{"self":[{"href":"https:\/\/kosmeetika24.com\/ru\/wp-json\/wp\/v2\/product\/2093","targetHints":{"allow":["GET"]}}],"collection":[{"href":"https:\/\/kosmeetika24.com\/ru\/wp-json\/wp\/v2\/product"}],"about":[{"href":"https:\/\/kosmeetika24.com\/ru\/wp-json\/wp\/v2\/types\/product"}],"replies":[{"embeddable":true,"href":"https:\/\/kosmeetika24.com\/ru\/wp-json\/wp\/v2\/comments?post=2093"}],"version-history":[{"count":1,"href":"https:\/\/kosmeetika24.com\/ru\/wp-json\/wp\/v2\/product\/2093\/revisions"}],"predecessor-version":[{"id":4612,"href":"https:\/\/kosmeetika24.com\/ru\/wp-json\/wp\/v2\/product\/2093\/revisions\/4612"}],"wp:featuredmedia":[{"embeddable":true,"href":"https:\/\/kosmeetika24.com\/ru\/wp-json\/wp\/v2\/media\/2094"}],"wp:attachment":[{"href":"https:\/\/kosmeetika24.com\/ru\/wp-json\/wp\/v2\/media?parent=2093"}],"wp:term":[{"taxonomy":"product_brand","embeddable":true,"href":"https:\/\/kosmeetika24.com\/ru\/wp-json\/wp\/v2\/product_brand?post=2093"},{"taxonomy":"product_cat","embeddable":true,"href":"https:\/\/kosmeetika24.com\/ru\/wp-json\/wp\/v2\/product_cat?post=2093"},{"taxonomy":"product_tag","embeddable":true,"href":"https:\/\/kosmeetika24.com\/ru\/wp-json\/wp\/v2\/product_tag?post=2093"}],"curies":[{"name":"wp","href":"https:\/\/api.w.org\/{rel}","templated":true}]}}