{"id":2088,"date":"2024-01-16T13:47:08","date_gmt":"2024-01-16T13:47:08","guid":{"rendered":"https:\/\/kosmeetika24.com\/?post_type=product&#038;p=2088"},"modified":"2025-07-03T11:29:27","modified_gmt":"2025-07-03T08:29:27","slug":"bruno-vassari-lab-biotics-probiotic-professional-kit","status":"publish","type":"product","link":"https:\/\/kosmeetika24.com\/ru\/product\/bruno-vassari-lab-biotics-probiotic-professional-kit\/","title":{"rendered":"BRUNO VASSARI Lab Biotics \u041f\u0440\u043e\u0431\u0438\u043e\u0442\u0438\u0447\u0435\u0441\u043a\u0438\u0439 \u043f\u0440\u043e\u0444\u0435\u0441\u0441\u0438\u043e\u043d\u0430\u043b\u044c\u043d\u044b\u0439 \u043a\u043e\u043c\u043f\u043b\u0435\u043a\u0442"},"content":{"rendered":"<p>\u041f\u0440\u043e\u0444\u0435\u0441\u0441\u0438\u043e\u043d\u0430\u043b\u044c\u043d\u044b\u0439 \u043a\u043e\u043c\u043f\u043b\u0435\u043a\u0442 Probiotic Professional Kit \u0441\u043e\u0434\u0435\u0440\u0436\u0438\u0442 \u043f\u0440\u0435\u0431\u0438\u043e\u0442\u0438\u043a\u0438 \u0438 \u043f\u0440\u043e\u0431\u0438\u043e\u0442\u0438\u043a\u0438. \u041e\u043d\u0438 \u043f\u043e\u043c\u043e\u0433\u0430\u044e\u0442 \u043f\u043e\u0434\u0434\u0435\u0440\u0436\u0438\u0432\u0430\u0442\u044c \u0445\u0440\u0443\u043f\u043a\u0438\u0439 \u0431\u0430\u043b\u0430\u043d\u0441 \u043c\u0438\u043a\u0440\u043e\u0431\u0438\u043e\u0442\u044b, \u0443\u043b\u0443\u0447\u0448\u0430\u044f \u043a\u0430\u043a \u0441\u0442\u043e\u0439\u043a\u043e\u0441\u0442\u044c, \u0442\u0430\u043a \u0438 \u0437\u0430\u0449\u0438\u0442\u043d\u044b\u0435 \u0441\u043f\u043e\u0441\u043e\u0431\u043d\u043e\u0441\u0442\u0438. \u0420\u0435\u0430\u043a\u0442\u0438\u0432\u0438\u0440\u0443\u0435\u0442 \u043a\u043b\u0435\u0442\u043e\u0447\u043d\u043e\u0435 \u043e\u0431\u043d\u043e\u0432\u043b\u0435\u043d\u0438\u0435, \u0443\u043a\u0440\u0435\u043f\u043b\u044f\u044f \u0435\u0441\u0442\u0435\u0441\u0442\u0432\u0435\u043d\u043d\u044b\u0439 \u0431\u0430\u0440\u044c\u0435\u0440 \u043a\u043e\u0436\u0438, \u043a\u043e\u0442\u043e\u0440\u044b\u0439 \u0437\u0430\u0449\u0438\u0449\u0430\u0435\u0442 \u043e\u0442 \u0432\u043d\u0435\u0448\u043d\u0438\u0445 \u043f\u043e\u0432\u0440\u0435\u0436\u0434\u0430\u044e\u0449\u0438\u0445 \u0444\u0430\u043a\u0442\u043e\u0440\u043e\u0432 \u0438 \u043f\u0440\u0435\u0436\u0434\u0435\u0432\u0440\u0435\u043c\u0435\u043d\u043d\u043e\u0433\u043e \u0441\u0442\u0430\u0440\u0435\u043d\u0438\u044f \u043a\u043e\u0436\u0438, \u0430 \u0442\u0430\u043a\u0436\u0435 \u0433\u043b\u0443\u0431\u043e\u043a\u043e \u0443\u0432\u043b\u0430\u0436\u043d\u044f\u0435\u0442 \u0438 \u043e\u0436\u0438\u0432\u043b\u044f\u0435\u0442. \u0420\u0435\u0437\u0443\u043b\u044c\u0442\u0430\u0442 \u2013 \u0443\u043b\u0443\u0447\u0448\u0435\u043d\u043d\u0430\u044f \u0438 \u0443\u0432\u043b\u0430\u0436\u043d\u0435\u043d\u043d\u0430\u044f \u043a\u043e\u0436\u0430.<\/p>\n<p>\u0412 \u0440\u0435\u0437\u0443\u043b\u044c\u0442\u0430\u0442\u0435 \u043f\u0440\u043e\u0446\u0435\u0434\u0443\u0440\u044b \u043a\u043e\u0436\u0430 \u0441\u0442\u0430\u043d\u043e\u0432\u0438\u0442\u0441\u044f \u0443\u043f\u0440\u0443\u0433\u043e\u0439, \u0431\u043e\u043b\u0435\u0435 \u0433\u043b\u0430\u0434\u043a\u043e\u0439, nourished \u0438 \u043c\u044f\u0433\u043a\u043e\u0439. \u0412\u043e\u0441\u0441\u0442\u0430\u043d\u0430\u0432\u043b\u0438\u0432\u0430\u0435\u0442 \u0435\u0441\u0442\u0435\u0441\u0442\u0432\u0435\u043d\u043d\u044b\u0439 \u0442\u043e\u043d \u043a\u043e\u0436\u0438 \u0438 \u043e\u0436\u0438\u0432\u043b\u044f\u0435\u0442 \u0435\u0451 \u0446\u0432\u0435\u0442.<\/p>\n<p>\u041f\u043e\u0434\u0445\u043e\u0434\u0438\u0442 \u0434\u043b\u044f \u0432\u0441\u0435\u0445 \u0442\u0438\u043f\u043e\u0432 \u043a\u043e\u0436\u0438.<\/p>\n<p><strong>\u041e\u0421\u041d\u041e\u0412\u041d\u042b\u0415 \u0414\u0415\u0419\u0421\u0422\u0412\u0423\u042e\u0429\u0418\u0415 \u0412\u0415\u0429\u0415\u0421\u0422\u0412\u0410<\/strong><\/p>\n<ul>\n<li>Kontsentraat \u201cPro-Concentrate\u201d: Repair Complex CLR\u2122, Teflose, <em>\u041a\u043e\u043c\u0431\u0443\u0447\u0430<\/em>\u043d\u0430\u0442\u0440\u0438\u0439 \u0433\u0438\u0430\u043b\u0443\u0440\u043e\u043d\u0430\u0442, \u043d\u0438\u0430\u0446\u0438\u043d\u0430\u043c\u0438\u0434, \u043c\u0430\u043a\u0430\u0434\u0430\u043c\u0438\u044f \u043c\u0430\u0441\u043b\u043e.<\/li>\n<li>Kahe-etapiline mask \u201cPeel-Off Mask Cream\u201d ja \u201cFixing Gel\u201d: <em>Callibepharis Jubata Polymarines<\/em>, \u043f\u043e\u043b\u0438\u0441\u0430\u0445\u0430\u0440\u0438\u0434\u044b \u043c\u043e\u0440\u0441\u043a\u043e\u0433\u043e \u043f\u0440\u043e\u0438\u0441\u0445\u043e\u0436\u0434\u0435\u043d\u0438\u044f, \u0433\u0438\u0430\u043b\u0443\u0440\u043e\u043d\u043e\u0432\u0430\u044f \u043a\u0438\u0441\u043b\u043e\u0442\u0430, \u0437\u0435\u043b\u0435\u043d\u044b\u0435 \u0432\u043e\u0434\u043e\u0440\u043e\u0441\u043b\u0438<em>Ulva Lactuca)<\/em>, \u043c\u0430\u0445\u0430\u0433\u043e\u043d, \u0430\u043b\u0430\u043d\u0442\u043e\u0438\u043d<\/li>\n<li>Taastav kreem \u201cLactis Advanced Cream\u201d: ProRenew Complex CLR \u2122, Teflose\u00ae, kombuchka, niatsiinamiid, h\u00fcaluroonhape.<\/li>\n<\/ul>\n<p><strong>\u0414\u0435\u0439\u0441\u0442\u0432\u0438\u0435<\/strong><\/p>\n<ul>\n<li>\u041a\u043e\u043d\u0446\u0435\u043d\u0442\u0440\u0430\u0442 \u0443\u043a\u0440\u0435\u043f\u043b\u044f\u0435\u0442 \u0438 \u0443\u0441\u0438\u043b\u0438\u0432\u0430\u0435\u0442 \u0438\u043c\u043c\u0443\u043d\u043d\u0443\u044e \u0441\u0438\u0441\u0442\u0435\u043c\u0443 \u043a\u043e\u0436\u0438, \u0443\u043b\u0443\u0447\u0448\u0430\u044f \u043f\u043e\u0432\u0440\u0435\u0436\u0434\u0435\u043d\u0438\u044f, \u0432\u044b\u0437\u0432\u0430\u043d\u043d\u044b\u0435 \u0432\u043d\u0435\u0448\u043d\u0438\u043c\u0438 \u0444\u0430\u043a\u0442\u043e\u0440\u0430\u043c\u0438 \u0438 \u0423\u0424-\u043b\u0443\u0447\u0430\u043c\u0438 \u0432 \u043a\u043b\u0435\u0442\u043a\u0430\u0445 \u043a\u043e\u0436\u0438. \u041f\u043e\u0434\u0434\u0435\u0440\u0436\u0438\u0432\u0430\u0435\u0442 \u0431\u0430\u043b\u0430\u043d\u0441 \u043c\u0438\u043a\u0440\u043e\u0431\u0438\u043e\u0442\u044b. \u0423\u0432\u043b\u0430\u0436\u043d\u044f\u0435\u0442, \u0443\u0441\u043f\u043e\u043a\u0430\u0438\u0432\u0430\u0435\u0442, \u0440\u0430\u0437\u0433\u043b\u0430\u0436\u0438\u0432\u0430\u0435\u0442 \u0438 \u043e\u0441\u0432\u0435\u0436\u0430\u0435\u0442 \u043a\u043e\u0436\u0443, \u0443\u043b\u0443\u0447\u0448\u0430\u044f \u0435\u0451 \u043e\u0431\u0449\u0443\u044e \u043a\u0430\u0447\u0435\u0441\u0442\u0432\u043e.<\/li>\n<li>\u041c\u0430\u0441\u043a\u0430 \u043e\u0431\u043b\u0430\u0434\u0430\u0435\u0442 \u0443\u0432\u043b\u0430\u0436\u043d\u044f\u044e\u0449\u0438\u043c\u0438 \u0438 \u0443\u0441\u043f\u043e\u043a\u0430\u0438\u0432\u0430\u044e\u0449\u0438\u043c\u0438 \u0441\u0432\u043e\u0439\u0441\u0442\u0432\u0430\u043c\u0438. \u0423\u043a\u0440\u0435\u043f\u043b\u044f\u0435\u0442 \u044d\u043f\u0438\u0434\u0435\u0440\u043c\u0430\u043b\u044c\u043d\u044b\u0439 \u0431\u0430\u0440\u044c\u0435\u0440 \u0438 \u0443\u043b\u0443\u0447\u0448\u0430\u0435\u0442 \u0441\u043f\u043e\u0441\u043e\u0431\u043d\u043e\u0441\u0442\u044c \u043a\u043e\u0436\u0438 \u0443\u0434\u0435\u0440\u0436\u0438\u0432\u0430\u0442\u044c \u0432\u043b\u0430\u0433\u0443. \u0421\u043d\u0438\u0436\u0430\u0435\u0442 \u043c\u0435\u043b\u043a\u0438\u0435 \u043c\u043e\u0440\u0449\u0438\u043d\u044b \u0438 \u0443\u0432\u0435\u043b\u0438\u0447\u0438\u0432\u0430\u0435\u0442 \u0443\u043f\u0440\u0443\u0433\u043e\u0441\u0442\u044c. \u0423\u0441\u0438\u043b\u0438\u0432\u0430\u0435\u0442 \u0435\u0441\u0442\u0435\u0441\u0442\u0432\u0435\u043d\u043d\u044b\u0435 \u0437\u0430\u0449\u0438\u0442\u043d\u044b\u0435 \u0444\u0443\u043d\u043a\u0446\u0438\u0438 \u043a\u043e\u0436\u0438, \u043f\u043e\u0432\u044b\u0448\u0430\u0435\u0442 \u043a\u043b\u0435\u0442\u043e\u0447\u043d\u0443\u044e \u044d\u043d\u0435\u0440\u0433\u0438\u044e \u0438 \u0441\u0442\u0438\u043c\u0443\u043b\u0438\u0440\u0443\u0435\u0442 \u0432\u043e\u0441\u0441\u0442\u0430\u043d\u043e\u0432\u043b\u0435\u043d\u0438\u0435 \u043a\u043b\u0435\u0442\u043e\u043a.<\/li>\n<li>\u041a\u0440\u0435\u043c \u0431\u043e\u0433\u0430\u0442 \u043f\u0440\u0435\u0431\u0438\u043e\u0442\u0438\u0447\u0435\u0441\u043a\u0438\u043c\u0438 \u0438 \u043f\u0440\u043e\u0431\u0438\u043e\u0442\u0438\u0447\u0435\u0441\u043a\u0438\u043c\u0438 \u0438\u043d\u0433\u0440\u0435\u0434\u0438\u0435\u043d\u0442\u0430\u043c\u0438, \u043a\u043e\u0442\u043e\u0440\u044b\u0435 \u043f\u043e\u043c\u043e\u0433\u0430\u044e\u0442 \u043f\u043e\u0434\u0434\u0435\u0440\u0436\u0438\u0432\u0430\u0442\u044c \u0431\u0430\u043b\u0430\u043d\u0441 \u0444\u043b\u043e\u0440\u044b \u043a\u043e\u0436\u0438. \u0420\u0435\u0430\u043a\u0442\u0438\u0432\u0438\u0440\u0443\u0435\u0442 \u0441\u043e\u0431\u0441\u0442\u0432\u0435\u043d\u043d\u043e\u0435 \u043a\u043b\u0435\u0442\u043e\u0447\u043d\u043e\u0435 \u043e\u0431\u043d\u043e\u0432\u043b\u0435\u043d\u0438\u0435, \u0443\u043a\u0440\u0435\u043f\u043b\u044f\u044f \u0435\u0441\u0442\u0435\u0441\u0442\u0432\u0435\u043d\u043d\u044b\u0439 \u0431\u0430\u0440\u044c\u0435\u0440 \u043a\u043e\u0436\u0438, \u043a\u043e\u0442\u043e\u0440\u044b\u0439 \u0437\u0430\u0449\u0438\u0449\u0430\u0435\u0442 \u0435\u0451 \u043e\u0442 \u0432\u0440\u0435\u0434\u043d\u044b\u0445 \u0432\u043d\u0435\u0448\u043d\u0438\u0445 \u0444\u0430\u043a\u0442\u043e\u0440\u043e\u0432, \u043e\u0434\u043d\u043e\u0432\u0440\u0435\u043c\u0435\u043d\u043d\u043e \u0433\u043b\u0443\u0431\u043e\u043a\u043e \u0443\u0432\u043b\u0430\u0436\u043d\u044f\u044f \u0438 \u0432\u043e\u0441\u0441\u0442\u0430\u043d\u0430\u0432\u043b\u0438\u0432\u0430\u044f.<\/li>\n<\/ul>\n<p><strong>\u041f\u0440\u0438\u043c\u0435\u043d\u0435\u043d\u0438\u0435<\/strong><\/p>\n<ol>\n<li>\u041e\u0441\u0442\u043e\u0440\u043e\u0436\u043d\u043e \u0443\u0434\u0430\u043b\u044f\u0439\u0442\u0435 \u043c\u0430\u043a\u0438\u044f\u0436 \u0441 \u0433\u043b\u0430\u0437 \u0438 \u0433\u0443\u0431 \u0441 \u043f\u043e\u043c\u043e\u0449\u044c\u044e \u0434\u0432\u0443\u0445\u0444\u0430\u0437\u043d\u043e\u0433\u043e \u0441\u0440\u0435\u0434\u0441\u0442\u0432\u0430 \u0434\u043b\u044f \u0441\u043d\u044f\u0442\u0438\u044f \u043c\u0430\u043a\u0438\u044f\u0436\u0430 <a href=\"https:\/\/kosmeetika24.eu\/toode\/bruno-vassari-the-specifics-bio-douce\/\">BRUNO VASSARI The Specifics.<\/a><\/li>\n<li>\u041e\u0447\u0438\u0441\u0442\u0438\u0442\u0435 \u043b\u0438\u0446\u043e, \u0448\u0435\u044e \u0438 \u0434\u0435\u043a\u043e\u043b\u044c\u0442\u0435 \u0441 \u043f\u043e\u043c\u043e\u0449\u044c\u044e \u043f\u0440\u043e\u0434\u0443\u043a\u0442\u0430 <a href=\"https:\/\/kosmeetika24.eu\/toode\/bruno-vassari-lab-biotics-rikkalik-puhastusvaht\/\">BRUNO VASSARI Lab Biotics \u043f\u0435\u043d\u043a\u0430 \u0434\u043b\u044f \u043e\u0447\u0438\u0449\u0435\u043d\u0438\u044f<\/a>.<\/li>\n<li>\u0422\u043e\u043d\u0438\u0437\u0438\u0440\u0443\u0439\u0442\u0435 \u043a\u043e\u0436\u0443 \u0441 \u043f\u043e\u043c\u043e\u0449\u044c\u044e <a href=\"https:\/\/kosmeetika24.eu\/toode\/bruno-vassari-lab-biotics-igapaevane-toonik-2\/\">BRUNO VASSARI Lab Biotics \u0435\u0436\u0435\u0434\u043d\u0435\u0432\u043d\u044b\u0439 \u0442\u043e\u043d\u0438\u043a<\/a>.<\/li>\n<li>\u0412\u044b\u043f\u043e\u043b\u043d\u0438\u0442\u0435 \u044d\u043a\u0441\u0444\u043e\u043b\u0438\u0430\u0446\u0438\u044e \u043a\u043e\u0436\u0438 \u0441 \u043f\u043e\u043c\u043e\u0449\u044c\u044e \u043f\u0440\u043e\u0434\u0443\u043a\u0442\u0430 <a href=\"https:\/\/kosmeetika24.eu\/toode\/bruno-vassari-boosters-papain-enzimatic-resurfacer\/\">RUNO VASSARI Boosters \u044d\u043d\u0437\u0438\u043c\u043d\u043e\u0433\u043e \u043f\u0438\u043b\u0438\u043d\u0433\u0430.<\/a>.<\/li>\n<li>\u0412\u044b\u043f\u043e\u043b\u043d\u0438\u0442\u0435 \u043c\u0430\u0441\u0441\u0430\u0436 \u0441 <a href=\"https:\/\/kosmeetika24.eu\/toode\/bruno-vassari-boosters-glucosyl-hesperidin-niacinamide\/\">BRUNO VASSARI Boosters \u043c\u0430\u0441\u0441\u0430\u0436\u043d\u044b\u0439 \u0433\u0435\u043b\u044c<\/a>.<\/li>\n<li>\u041d\u0430\u043d\u0435\u0441\u0438\u0442\u0435 \u043a\u043e\u043d\u0446\u0435\u043d\u0442\u0440\u0430\u0442 (\u0432 \u043a\u043e\u043c\u043f\u043b\u0435\u043a\u0442\u0435) \u043d\u0430 \u0447\u0438\u0441\u0442\u043e\u0435 \u043b\u0438\u0446\u043e \u0438 \u043d\u0435\u0436\u043d\u043e \u043c\u0430\u0441\u0441\u0438\u0440\u0443\u0439\u0442\u0435 \u0434\u043e \u043f\u043e\u043b\u043d\u043e\u0433\u043e \u0432\u043f\u0438\u0442\u044b\u0432\u0430\u043d\u0438\u044f.<\/li>\n<li>\u041f\u0440\u0438\u0433\u043e\u0442\u043e\u0432\u044c\u0442\u0435 \u0434\u0432\u0443\u0445\u043a\u043e\u043c\u043f\u043e\u043d\u0435\u043d\u0442\u043d\u0443\u044e \u043c\u0430\u0441\u043a\u0443 (\u0432 \u043a\u043e\u043c\u043f\u043b\u0435\u043a\u0442\u0435). \u041e\u0442\u043a\u0440\u043e\u0439\u0442\u0435 \u0443\u043f\u0430\u043a\u043e\u0432\u043a\u0438 \u043c\u0430\u0441\u043a\u0438 \u0438 \u0432\u044b\u043b\u0435\u0439\u0442\u0435 \u0438\u0445 \u0441\u043e\u0434\u0435\u0440\u0436\u0438\u043c\u043e\u0435 \u0432 \u0434\u0432\u0435 \u043c\u0430\u043b\u0435\u043d\u044c\u043a\u0438\u0435 \u043c\u0438\u0441\u043a\u0438. \u0421\u043d\u0430\u0447\u0430\u043b\u0430 \u043d\u0430\u043d\u0435\u0441\u0438\u0442\u0435 \u044d\u043a\u0441\u0444\u043e\u043b\u0438\u0438\u0440\u0443\u044e\u0449\u0443\u044e \u043c\u0430\u0441\u043a\u0443 \u043d\u0430 \u043a\u043e\u0436\u0443 \u0441 \u043f\u043e\u043c\u043e\u0449\u044c\u044e \u0448\u043f\u0430\u0442\u0435\u043b\u044f. \u0417\u0430\u0442\u0435\u043c \u043d\u0430\u043d\u0435\u0441\u0438\u0442\u0435 \u0432\u043e\u0441\u0441\u0442\u0430\u043d\u0430\u0432\u043b\u0438\u0432\u0430\u044e\u0449\u0438\u0439 \u0433\u0435\u043b\u044c \u043f\u043e\u0432\u0435\u0440\u0445 \u044d\u043a\u0441\u0444\u043e\u043b\u0438\u0438\u0440\u0443\u044e\u0449\u0435\u0439 \u043c\u0430\u0441\u043a\u0438 \u043a\u0438\u0441\u0442\u043e\u0447\u043a\u043e\u0439 \u0438 \u0430\u043a\u043a\u0443\u0440\u0430\u0442\u043d\u043e \u043f\u043e\u043c\u0430\u0441\u0441\u0438\u0440\u0443\u0439\u0442\u0435, \u0447\u0442\u043e\u0431\u044b \u043c\u0430\u0441\u043a\u0430 \u0440\u0430\u0432\u043d\u043e\u043c\u0435\u0440\u043d\u043e \u0440\u0430\u0441\u043f\u0440\u0435\u0434\u0435\u043b\u0438\u043b\u0430\u0441\u044c \u043f\u043e \u043b\u0438\u0446\u0443.<\/li>\n<li>\u0414\u0430\u0439\u0442\u0435 \u0434\u0435\u0439\u0441\u0442\u0432\u043e\u0432\u0430\u0442\u044c 20 \u043c\u0438\u043d\u0443\u0442, \u0437\u0430\u0442\u0435\u043c \u0443\u0434\u0430\u043b\u0438\u0442\u0435 \u043e\u0431\u0435 \u043c\u0430\u0441\u043a\u0438. \u041f\u0440\u0438 \u043d\u0435\u043e\u0431\u0445\u043e\u0434\u0438\u043c\u043e\u0441\u0442\u0438 \u043e\u0447\u0438\u0441\u0442\u0438\u0442\u0435 \u043f\u043e\u0432\u0435\u0440\u0445\u043d\u043e\u0441\u0442\u044c \u043a\u043e\u0436\u0438.<\/li>\n<li>\u0422\u043e\u043d\u0438\u0437\u0438\u0440\u0443\u0439\u0442\u0435 \u043a\u043e\u0436\u0443 \u0435\u0449\u0435 \u0440\u0430\u0437 \u0441 \u043f\u043e\u043c\u043e\u0449\u044c\u044e \u0442\u043e\u043d\u0438\u043a\u0430 <a href=\"https:\/\/kosmeetika24.eu\/toode\/bruno-vassari-lab-biotics-igapaevane-toonik-2\/\">BRUNO VASSARI Lab Biotics \u0435\u0436\u0435\u0434\u043d\u0435\u0432\u043d\u044b\u0439 \u0442\u043e\u043d\u0438\u043a<\/a>.<\/li>\n<li>\u0417\u0430\u0432\u0435\u0440\u0448\u0438\u0442\u0435 \u043f\u0440\u043e\u0446\u0435\u0434\u0443\u0440\u0443 \u0432\u043e\u0441\u0441\u0442\u0430\u043d\u0430\u0432\u043b\u0438\u0432\u0430\u044e\u0449\u0438\u043c \u043a\u0440\u0435\u043c\u043e\u043c (\u0432 \u043a\u043e\u043c\u043f\u043b\u0435\u043a\u0442\u0435). \u041d\u0430\u043d\u0435\u0441\u0438\u0442\u0435 \u043a\u0440\u0435\u043c \u0434\u043b\u044f \u043a\u043e\u0436\u0438 \u0432\u043e\u043a\u0440\u0443\u0433 \u0433\u043b\u0430\u0437 <a href=\"https:\/\/kosmeetika24.eu\/toode\/bruno-vassari-collagen-booster-peptide-eye-contour-gel-cream\/\">BRUNO VASSARI Collagen Booster \u0441 \u043f\u0435\u043f\u0442\u0438\u0434\u043d\u044b\u043c \u043a\u043e\u043c\u043f\u043b\u0435\u043a\u0441\u043e\u043c.<\/a>.<\/li>\n<\/ol>\n<p><strong>\u0421\u043e\u0441\u0442\u0430\u0432<\/strong><\/p>\n<p><span style=\"font-size: 14px;\">AQUA (WATER), BIFIDA, FERMENT LYSATE, BUTYLENE, GLYCOL, COCO-CAPRYLATE\/CAPRATE, C12-15 ALKYL BENZOATE, OCTYLDODECANOL, GLYCERIN, NIACINAMIDE, DICAPRYLYL CARBONATE, PROPANEDIOL, CETYL ALCOHOL, SACCHROMYCES\/XYLINUM\/BLACK TEA, GLYCERYLSTEARATE, PEG-100 STEARATE, SODIUM HYLAURONATE, MACADAMIA INTEGRIFOLIA SEED OIL, PHENOXYETHANOL, SHAMNOSE, GLUCOSE, POTASSIUM CETYL, PHOSPHATE, GLUCURONIC ACID,AMMONIUM ACRYLOYLDIMETHYLTAURATE\/VP COPOLYMER, CHLORPHENESIN, CARBOMER, PARFUM (FRAGRANCE), TOCOPHEROL, DISODIUM EDTA, SODIUM HYDROXIDE, HYDROXYETHYLCELLULOSE, SODIUM BENZOATE, SODIUM CITRATE, CITRIC ACID, POTASSIUM SORBATE.<\/span><\/p>","protected":false},"excerpt":{"rendered":"<p>\u041a\u043e\u043c\u043f\u043b\u0435\u043a\u0442 \u0441 \u043f\u0440\u0435\u0431\u0438\u043e\u0442\u0438\u043a\u0430\u043c\u0438 \u0438 \u043f\u0440\u043e\u0431\u0438\u043e\u0442\u0438\u043a\u0430\u043c\u0438, \u043a\u043e\u0442\u043e\u0440\u044b\u0435 \u043f\u043e\u043c\u043e\u0433\u0430\u044e\u0442 \u043f\u043e\u0434\u0434\u0435\u0440\u0436\u0438\u0432\u0430\u0442\u044c \u0434\u0435\u043b\u0438\u043a\u0430\u0442\u043d\u044b\u0439 \u0431\u0430\u043b\u0430\u043d\u0441 \u043c\u0438\u043a\u0440\u043e\u0431\u0438\u043e\u0442\u044b \u043a\u043e\u0436\u0438, \u0443\u043b\u0443\u0447\u0448\u0430\u044f \u0435\u0451 \u0441\u0442\u043e\u0439\u043a\u043e\u0441\u0442\u044c \u0438 \u0437\u0430\u0449\u0438\u0442\u0443 \u043e\u0442 \u0432\u0440\u0435\u0434\u043d\u044b\u0445 \u0432\u043d\u0435\u0448\u043d\u0438\u0445 \u0444\u0430\u043a\u0442\u043e\u0440\u043e\u0432 \u0438 \u043f\u0440\u0435\u0436\u0434\u0435\u0432\u0440\u0435\u043c\u0435\u043d\u043d\u043e\u0433\u043e \u0441\u0442\u0430\u0440\u0435\u043d\u0438\u044f \u043a\u043e\u0436\u0438.<\/p>\n<p>&nbsp;<\/p>\n<p><span style=\"font-size: 14px;\">\u041a\u043e\u043c\u043f\u043b\u0435\u043a\u0442 \u043f\u0440\u0435\u0434\u043d\u0430\u0437\u043d\u0430\u0447\u0435\u043d \u0434\u043b\u044f \u043f\u0440\u043e\u0444\u0435\u0441\u0441\u0438\u043e\u043d\u0430\u043b\u044c\u043d\u043e\u0433\u043e \u0438\u0441\u043f\u043e\u043b\u044c\u0437\u043e\u0432\u0430\u043d\u0438\u044f \u0432 6 \u043f\u0440\u043e\u0446\u0435\u0434\u0443\u0440\u0430\u0445.<\/span><\/p>\n<ul>\n<li><span style=\"font-size: 14px;\">K\u043e\u043d\u0446\u0435\u043d\u0442\u0440\u0430\u0442 Pro-Concentrate 2,5 \u043c\u043b<\/span><\/li>\n<li><span style=\"font-size: 14px;\">\u041c\u0430\u0441\u043a\u0430 Peel-Off Mask Cream 35 \u043c\u043b<\/span><\/li>\n<li><span style=\"font-size: 14px;\">\u0413\u0435\u043b\u044c Fixing Gel 15 \u043c\u043b<\/span><\/li>\n<li><span style=\"font-size: 14px;\">\u0412\u043e\u0441\u0441\u0442\u0430\u043d\u0430\u0432\u043b\u0438\u0432\u0430\u044e\u0449\u0438\u0439 \u043a\u0440\u0435\u043c Lactis Advanced Cream 20 \u043c\u043b<\/span><\/li>\n<\/ul>\n<p>&nbsp;<\/p>","protected":false},"featured_media":2092,"comment_status":"open","ping_status":"closed","template":"","meta":{"_uag_custom_page_level_css":"","site-sidebar-layout":"default","site-content-layout":"","ast-site-content-layout":"default","site-content-style":"default","site-sidebar-style":"default","ast-global-header-display":"","ast-banner-title-visibility":"","ast-main-header-display":"","ast-hfb-above-header-display":"","ast-hfb-below-header-display":"","ast-hfb-mobile-header-display":"","site-post-title":"","ast-breadcrumbs-content":"","ast-featured-img":"","footer-sml-layout":"","ast-disable-related-posts":"","theme-transparent-header-meta":"default","adv-header-id-meta":"","stick-header-meta":"","header-above-stick-meta":"","header-main-stick-meta":"","header-below-stick-meta":"","astra-migrate-meta-layouts":"set","ast-page-background-enabled":"default","ast-page-background-meta":{"desktop":{"background-color":"var(--ast-global-color-4)","background-image":"","background-repeat":"repeat","background-position":"center center","background-size":"auto","background-attachment":"scroll","background-type":"","background-media":"","overlay-type":"","overlay-color":"","overlay-opacity":"","overlay-gradient":""},"tablet":{"background-color":"","background-image":"","background-repeat":"repeat","background-position":"center center","background-size":"auto","background-attachment":"scroll","background-type":"","background-media":"","overlay-type":"","overlay-color":"","overlay-opacity":"","overlay-gradient":""},"mobile":{"background-color":"","background-image":"","background-repeat":"repeat","background-position":"center center","background-size":"auto","background-attachment":"scroll","background-type":"","background-media":"","overlay-type":"","overlay-color":"","overlay-opacity":"","overlay-gradient":""}},"ast-content-background-meta":{"desktop":{"background-color":"var(--ast-global-color-5)","background-image":"","background-repeat":"repeat","background-position":"center center","background-size":"auto","background-attachment":"scroll","background-type":"","background-media":"","overlay-type":"","overlay-color":"","overlay-opacity":"","overlay-gradient":""},"tablet":{"background-color":"var(--ast-global-color-5)","background-image":"","background-repeat":"repeat","background-position":"center center","background-size":"auto","background-attachment":"scroll","background-type":"","background-media":"","overlay-type":"","overlay-color":"","overlay-opacity":"","overlay-gradient":""},"mobile":{"background-color":"var(--ast-global-color-5)","background-image":"","background-repeat":"repeat","background-position":"center center","background-size":"auto","background-attachment":"scroll","background-type":"","background-media":"","overlay-type":"","overlay-color":"","overlay-opacity":"","overlay-gradient":""}}},"product_brand":[],"product_cat":[96,66,97],"product_tag":[],"class_list":{"0":"post-2088","1":"product","2":"type-product","3":"status-publish","4":"has-post-thumbnail","6":"product_cat-brands","7":"product_cat-lab-biotics","8":"product_cat-naole","9":"desktop-align-left","10":"tablet-align-left","11":"mobile-align-left","13":"first","14":"instock","15":"taxable","16":"shipping-taxable","17":"product-type-simple","18":"add-to-wishlist-before_image"},"uagb_featured_image_src":{"full":["https:\/\/kosmeetika24.com\/wp-content\/uploads\/2024\/01\/2340-Professional-Probiotic-Kit.jpg",600,600,false],"thumbnail":["https:\/\/kosmeetika24.com\/wp-content\/uploads\/2024\/01\/2340-Professional-Probiotic-Kit-150x150.jpg",150,150,true],"medium":["https:\/\/kosmeetika24.com\/wp-content\/uploads\/2024\/01\/2340-Professional-Probiotic-Kit-300x300.jpg",300,300,true],"medium_large":["https:\/\/kosmeetika24.com\/wp-content\/uploads\/2024\/01\/2340-Professional-Probiotic-Kit.jpg",600,600,false],"large":["https:\/\/kosmeetika24.com\/wp-content\/uploads\/2024\/01\/2340-Professional-Probiotic-Kit.jpg",600,600,false],"1536x1536":["https:\/\/kosmeetika24.com\/wp-content\/uploads\/2024\/01\/2340-Professional-Probiotic-Kit.jpg",600,600,false],"2048x2048":["https:\/\/kosmeetika24.com\/wp-content\/uploads\/2024\/01\/2340-Professional-Probiotic-Kit.jpg",600,600,false],"trp-custom-language-flag":["https:\/\/kosmeetika24.com\/wp-content\/uploads\/2024\/01\/2340-Professional-Probiotic-Kit-12x12.jpg",12,12,true],"woocommerce_thumbnail":["https:\/\/kosmeetika24.com\/wp-content\/uploads\/2024\/01\/2340-Professional-Probiotic-Kit-300x300.jpg",300,300,true],"woocommerce_single":["https:\/\/kosmeetika24.com\/wp-content\/uploads\/2024\/01\/2340-Professional-Probiotic-Kit-500x500.jpg",500,500,true],"woocommerce_gallery_thumbnail":["https:\/\/kosmeetika24.com\/wp-content\/uploads\/2024\/01\/2340-Professional-Probiotic-Kit-100x100.jpg",100,100,true]},"uagb_author_info":{"display_name":"admin","author_link":"https:\/\/kosmeetika24.com\/ru\/author\/"},"uagb_comment_info":0,"uagb_excerpt":"Komplekt koos pre- ja probiootikumidega, mis aitavad s\u00e4ilitada naha mikrobioota \u00f5rna tasakaalu, parandades nii selle vastupidavust kui ka kaitset kahjulike v\u00e4listegurite ja naha enneaegse vananemise eest. &nbsp; Komplekt on m\u00f5eldud professionaalseks kasutamiseks 6 protseduuril. kontsentraat Pro-Concentrate 2,5 ml mask Peel-Off Mask Cream 35 ml geel Fixing Gel 15 ml taastav kreem Lactis Advanced Cream 20&hellip;","_links":{"self":[{"href":"https:\/\/kosmeetika24.com\/ru\/wp-json\/wp\/v2\/product\/2088","targetHints":{"allow":["GET"]}}],"collection":[{"href":"https:\/\/kosmeetika24.com\/ru\/wp-json\/wp\/v2\/product"}],"about":[{"href":"https:\/\/kosmeetika24.com\/ru\/wp-json\/wp\/v2\/types\/product"}],"replies":[{"embeddable":true,"href":"https:\/\/kosmeetika24.com\/ru\/wp-json\/wp\/v2\/comments?post=2088"}],"version-history":[{"count":3,"href":"https:\/\/kosmeetika24.com\/ru\/wp-json\/wp\/v2\/product\/2088\/revisions"}],"predecessor-version":[{"id":6153,"href":"https:\/\/kosmeetika24.com\/ru\/wp-json\/wp\/v2\/product\/2088\/revisions\/6153"}],"wp:featuredmedia":[{"embeddable":true,"href":"https:\/\/kosmeetika24.com\/ru\/wp-json\/wp\/v2\/media\/2092"}],"wp:attachment":[{"href":"https:\/\/kosmeetika24.com\/ru\/wp-json\/wp\/v2\/media?parent=2088"}],"wp:term":[{"taxonomy":"product_brand","embeddable":true,"href":"https:\/\/kosmeetika24.com\/ru\/wp-json\/wp\/v2\/product_brand?post=2088"},{"taxonomy":"product_cat","embeddable":true,"href":"https:\/\/kosmeetika24.com\/ru\/wp-json\/wp\/v2\/product_cat?post=2088"},{"taxonomy":"product_tag","embeddable":true,"href":"https:\/\/kosmeetika24.com\/ru\/wp-json\/wp\/v2\/product_tag?post=2088"}],"curies":[{"name":"wp","href":"https:\/\/api.w.org\/{rel}","templated":true}]}}