{"id":1906,"date":"2024-01-05T09:33:10","date_gmt":"2024-01-05T09:33:10","guid":{"rendered":"https:\/\/kosmeetika24.com\/?post_type=product&#038;p=1906"},"modified":"2025-07-02T14:30:00","modified_gmt":"2025-07-02T11:30:00","slug":"bruno-vassari-sun-defense-paikesepuuder","status":"publish","type":"product","link":"https:\/\/kosmeetika24.com\/ru\/product\/bruno-vassari-sun-defense-paikesepuuder\/","title":{"rendered":"BRUNO VASSARI Sun Defense c\u043e\u043b\u043d\u0446\u0435\u0437\u0430\u0449\u0438\u0442\u043d\u0430\u044f \u043f\u0443\u0434\u0440\u0430"},"content":{"rendered":"<p>\u0421\u043e\u043b\u043d\u0446\u0435\u0437\u0430\u0449\u0438\u0442\u043d\u0430\u044f \u043f\u0443\u0434\u0440\u0430 <em>Sun Powder<\/em> \u0435\u0441\u0442\u044c<span class=\"notranslate\">\u043a\u043e\u043c\u043f\u0430\u043a\u0442\u043d\u0430\u044f \u043f\u0443\u0434\u0440\u0430, \u043f\u0440\u0438\u0434\u0430\u044e\u0449\u0430\u044f \u043a\u043e\u0436\u0435 \u0437\u0430\u0433\u043e\u0440\u0435\u043b\u044b\u0439 \u0438 \u0441\u0438\u044f\u044e\u0449\u0438\u0439 \u0432\u0438\u0434.<\/span><\/p>\n<p>\u0421\u043e\u0434\u0435\u0440\u0436\u0438\u0442 \u043e\u0431\u0440\u0430\u0431\u043e\u0442\u0430\u043d\u043d\u044b\u0435 \u0438 \u043e\u0442\u0440\u0430\u0436\u0430\u044e\u0449\u0438\u0435 \u043f\u0438\u0433\u043c\u0435\u043d\u0442\u044b, \u043a\u043e\u0442\u043e\u0440\u044b\u0435 \u0443\u043b\u0430\u0432\u043b\u0438\u0432\u0430\u044e\u0442 \u0438 \u0440\u0430\u0441\u0441\u0435\u0438\u0432\u0430\u044e\u0442 \u0441\u0432\u0435\u0442, \u0447\u0442\u043e\u0431\u044b \u0443\u043b\u0443\u0447\u0448\u0438\u0442\u044c \u0435\u0441\u0442\u0435\u0441\u0442\u0432\u0435\u043d\u043d\u043e\u0435 \u0441\u0438\u044f\u043d\u0438\u0435 \u043a\u043e\u0436\u0438 \u0438 \u0434\u043e\u0431\u0438\u0442\u044c\u0441\u044f \u043f\u043e\u0442\u0440\u044f\u0441\u0430\u044e\u0449\u0438\u0445 \u0440\u0435\u0437\u0443\u043b\u044c\u0442\u0430\u0442\u043e\u0432. \u041e\u043d\u0438 \u043e\u0442\u043b\u0438\u0447\u0430\u044e\u0442\u0441\u044f \u043e\u0442\u043b\u0438\u0447\u043d\u043e\u0439 \u0441\u043e\u0432\u043c\u0435\u0441\u0442\u0438\u043c\u043e\u0441\u0442\u044c\u044e \u0438 \u0438\u0434\u0435\u0430\u043b\u044c\u043d\u043e\u0439 \u0441\u0442\u043e\u0439\u043a\u043e\u0441\u0442\u044c\u044e.<\/p>\n<p>\u041f\u043e\u043a\u0440\u044b\u0442\u0438\u0435 \u043e\u0442\u043b\u0438\u0447\u0430\u0435\u0442\u0441\u044f \u0432 \u0437\u0430\u0432\u0438\u0441\u0438\u043c\u043e\u0441\u0442\u0438 \u043e\u0442 \u0442\u043e\u0433\u043e, \u0438\u0441\u043f\u043e\u043b\u044c\u0437\u0443\u0435\u0442\u0441\u044f \u043b\u0438 \u0432\u043b\u0430\u0436\u043d\u044b\u0439 \u0438\u043b\u0438 \u0441\u0443\u0445\u043e\u0439 \u0441\u043f\u043e\u043d\u0436 \u0434\u043b\u044f \u043c\u0430\u043a\u0438\u044f\u0436\u0430, \u043d\u043e \u043a\u043e\u043d\u0435\u0447\u043d\u044b\u0439 \u0440\u0435\u0437\u0443\u043b\u044c\u0442\u0430\u0442 \u0432\u0441\u0435\u0433\u0434\u0430 \u0431\u0430\u0440\u0445\u0430\u0442\u0438\u0441\u0442\u044b\u0439.<\/p>\n<p><span class=\"notranslate\">\u0421\u043e\u0434\u0435\u0440\u0436\u0438\u0442 \u0441\u043e\u043b\u043d\u0435\u0447\u043d\u044b\u0439 \u0444\u0438\u043b\u044c\u0442\u0440.<\/span><\/p>\n<p>\u041f\u043e\u0434\u0445\u043e\u0434\u0438\u0442 \u0434\u043b\u044f \u0432\u0441\u0435\u0445 \u0442\u0438\u043f\u043e\u0432 \u043a\u043e\u0436\u0438.<\/p>\n<p><strong>\u041e\u0421\u041d\u041e\u0412\u041d\u042b\u0415 \u0414\u0415\u0419\u0421\u0422\u0412\u0423\u042e\u0429\u0418\u0415 \u0412\u0415\u0429\u0415\u0421\u0422\u0412\u0410<\/strong><\/p>\n<ul>\n<li>\u0421\u043e\u043b\u043d\u0446\u0435\u0437\u0430\u0449\u0438\u0442\u043d\u044b\u0435 \u0444\u0438\u043b\u044c\u0442\u0440\u044b.<\/li>\n<li>\u0412\u0438\u0442\u0430\u043c\u0438\u043d E<\/li>\n<li>\u041f\u043e\u043b\u0438\u043c\u0435\u0440\u044b<\/li>\n<\/ul>\n<p><strong>\u0414\u0435\u0439\u0441\u0442\u0432\u0438\u0435<\/strong><\/p>\n<ul>\n<li>\u0412\u0438\u0442\u0430\u043c\u0438\u043d E \u0437\u0430\u0449\u0438\u0449\u0430\u0435\u0442 \u043a\u043b\u0435\u0442\u043a\u0438 \u043a\u043e\u0436\u0438 \u043e\u0442 \u043f\u0440\u043e\u0446\u0435\u0441\u0441\u043e\u0432 \u0441\u0442\u0430\u0440\u0435\u043d\u0438\u044f, \u0432\u044b\u0437\u0432\u0430\u043d\u043d\u044b\u0445 \u0441\u043e\u043b\u043d\u0435\u0447\u043d\u044b\u043c \u0438\u0437\u043b\u0443\u0447\u0435\u043d\u0438\u0435\u043c.<\/li>\n<li>UV-\u0444\u0438\u043b\u044c\u0442\u0440\u044b \u0437\u0430\u0449\u0438\u0449\u0430\u044e\u0442 \u043a\u043e\u0436\u0443 \u043e\u0442 \u0441\u043e\u043b\u043d\u0435\u0447\u043d\u043e\u0433\u043e \u0438\u0437\u043b\u0443\u0447\u0435\u043d\u0438\u044f.<\/li>\n<li>\u041f\u043e\u043b\u0438\u043c\u0435\u0440\u044b \u0434\u0435\u043b\u0430\u044e\u0442 \u043a\u043e\u0436\u0443 \u0448\u0435\u043b\u043a\u043e\u0432\u0438\u0441\u0442\u043e\u0439.<\/li>\n<\/ul>\n<p><strong>\u041f\u0440\u0438\u043c\u0435\u043d\u0435\u043d\u0438\u0435<\/strong><\/p>\n<ul>\n<li>\u0421\u043e\u043b\u043d\u0446\u0435\u0437\u0430\u0449\u0438\u0442\u043d\u0430\u044f \u043f\u0443\u0434\u0440\u0430 \u043f\u0440\u0435\u0434\u0441\u0442\u0430\u0432\u043b\u0435\u043d\u0430 \u0432 \u0434\u0432\u0443\u0445 \u043e\u0442\u0442\u0435\u043d\u043a\u0430\u0445: \u0437\u043e\u043b\u043e\u0442\u0438\u0441\u0442\u043e-\u043e\u0440\u0430\u043d\u0436\u0435\u0432\u043e\u043c \u0438 \u0431\u0440\u043e\u043d\u0437\u0438\u0440\u0443\u044e\u0449\u0435\u043c \u0442\u0435\u043c\u043d\u043e-\u043a\u043e\u0440\u0438\u0447\u043d\u0435\u0432\u043e\u043c.<\/li>\n<li>\u041e\u0442\u0442\u0435\u043d\u043a\u0438 \u043c\u043e\u0436\u043d\u043e \u0438\u0441\u043f\u043e\u043b\u044c\u0437\u043e\u0432\u0430\u0442\u044c \u043e\u0442\u0434\u0435\u043b\u044c\u043d\u043e \u0438\u043b\u0438 \u0441\u043c\u0435\u0448\u0438\u0432\u0430\u0442\u044c, \u0447\u0442\u043e\u0431\u044b \u043f\u043e\u043b\u0443\u0447\u0438\u0442\u044c \u043f\u043e\u0434\u0445\u043e\u0434\u044f\u0449\u0438\u0439 \u0442\u043e\u043d.<\/li>\n<li>\u041f\u043e\u043a\u0440\u044b\u0442\u0438\u0435 \u0437\u0430\u0432\u0438\u0441\u0438\u0442 \u043e\u0442 \u0442\u043e\u0433\u043e, \u0438\u0441\u043f\u043e\u043b\u044c\u0437\u0443\u0435\u0442\u0441\u044f \u043b\u0438 \u0432\u043b\u0430\u0436\u043d\u044b\u0439 \u0438\u043b\u0438 \u0441\u0443\u0445\u043e\u0439 \u0441\u043f\u043e\u043d\u0436 \u0434\u043b\u044f \u043c\u0430\u043a\u0438\u044f\u0436\u0430.<\/li>\n<\/ul>\n<p><strong>\u0421\u043e\u0441\u0442\u0430\u0432<\/strong><\/p>\n<p><span style=\"font-size: 14px;\">TALC, MICA, OCTYLDODECYL STEAROYL STEARATE, NYLON-12, TITANIUM DIOXIDE (NANO), DIMETHICONE, BIS-DIGLYCERYL POLYACYLADIPATE-2, CETYL DIMETHICONE, METHYLPARABEN, LAUROYL LYSINE, TOCOPHERYL ACETATE, PROPYLPARABEN, SORBIC ACID, DEHYDRACETIC ACID, CI 77891, CI 77492, CI 77491, CI 77499, CI 19140, CI 77742, CI 77007, CI 15850.<\/span><\/p>","protected":false},"excerpt":{"rendered":"<p>&nbsp;<\/p>\n<p><span class=\"notranslate\">\u041a\u043e\u043c\u043f\u0430\u043a\u0442\u043d\u0430\u044f \u043f\u0443\u0434\u0440\u0430, \u043a\u043e\u0442\u043e\u0440\u0430\u044f \u043f\u0440\u0438\u0434\u0430\u0435\u0442 \u043a\u043e\u0436\u0435 \u0437\u0430\u0433\u043e\u0440\u0435\u043b\u044b\u0439 \u0438 \u0441\u0438\u044f\u044e\u0449\u0438\u0439 \u0432\u0438\u0434.<\/span><\/p>\n<p>10 g<\/p>","protected":false},"featured_media":1908,"comment_status":"open","ping_status":"closed","template":"","meta":{"_uag_custom_page_level_css":"","site-sidebar-layout":"default","site-content-layout":"","ast-site-content-layout":"default","site-content-style":"default","site-sidebar-style":"default","ast-global-header-display":"","ast-banner-title-visibility":"","ast-main-header-display":"","ast-hfb-above-header-display":"","ast-hfb-below-header-display":"","ast-hfb-mobile-header-display":"","site-post-title":"","ast-breadcrumbs-content":"","ast-featured-img":"","footer-sml-layout":"","ast-disable-related-posts":"","theme-transparent-header-meta":"default","adv-header-id-meta":"","stick-header-meta":"","header-above-stick-meta":"","header-main-stick-meta":"","header-below-stick-meta":"","astra-migrate-meta-layouts":"set","ast-page-background-enabled":"default","ast-page-background-meta":{"desktop":{"background-color":"var(--ast-global-color-4)","background-image":"","background-repeat":"repeat","background-position":"center center","background-size":"auto","background-attachment":"scroll","background-type":"","background-media":"","overlay-type":"","overlay-color":"","overlay-opacity":"","overlay-gradient":""},"tablet":{"background-color":"","background-image":"","background-repeat":"repeat","background-position":"center center","background-size":"auto","background-attachment":"scroll","background-type":"","background-media":"","overlay-type":"","overlay-color":"","overlay-opacity":"","overlay-gradient":""},"mobile":{"background-color":"","background-image":"","background-repeat":"repeat","background-position":"center center","background-size":"auto","background-attachment":"scroll","background-type":"","background-media":"","overlay-type":"","overlay-color":"","overlay-opacity":"","overlay-gradient":""}},"ast-content-background-meta":{"desktop":{"background-color":"var(--ast-global-color-5)","background-image":"","background-repeat":"repeat","background-position":"center center","background-size":"auto","background-attachment":"scroll","background-type":"","background-media":"","overlay-type":"","overlay-color":"","overlay-opacity":"","overlay-gradient":""},"tablet":{"background-color":"var(--ast-global-color-5)","background-image":"","background-repeat":"repeat","background-position":"center center","background-size":"auto","background-attachment":"scroll","background-type":"","background-media":"","overlay-type":"","overlay-color":"","overlay-opacity":"","overlay-gradient":""},"mobile":{"background-color":"var(--ast-global-color-5)","background-image":"","background-repeat":"repeat","background-position":"center center","background-size":"auto","background-attachment":"scroll","background-type":"","background-media":"","overlay-type":"","overlay-color":"","overlay-opacity":"","overlay-gradient":""}}},"product_brand":[],"product_cat":[96,97,73],"product_tag":[],"class_list":{"0":"post-1906","1":"product","2":"type-product","3":"status-publish","4":"has-post-thumbnail","6":"product_cat-brands","7":"product_cat-naole","8":"product_cat-sun-defense","9":"desktop-align-left","10":"tablet-align-left","11":"mobile-align-left","13":"first","14":"instock","15":"taxable","16":"shipping-taxable","17":"product-type-simple","18":"add-to-wishlist-before_image"},"uagb_featured_image_src":{"full":["https:\/\/kosmeetika24.com\/wp-content\/uploads\/2024\/01\/5830-Sun-Powder.jpg",600,600,false],"thumbnail":["https:\/\/kosmeetika24.com\/wp-content\/uploads\/2024\/01\/5830-Sun-Powder-150x150.jpg",150,150,true],"medium":["https:\/\/kosmeetika24.com\/wp-content\/uploads\/2024\/01\/5830-Sun-Powder-300x300.jpg",300,300,true],"medium_large":["https:\/\/kosmeetika24.com\/wp-content\/uploads\/2024\/01\/5830-Sun-Powder.jpg",600,600,false],"large":["https:\/\/kosmeetika24.com\/wp-content\/uploads\/2024\/01\/5830-Sun-Powder.jpg",600,600,false],"1536x1536":["https:\/\/kosmeetika24.com\/wp-content\/uploads\/2024\/01\/5830-Sun-Powder.jpg",600,600,false],"2048x2048":["https:\/\/kosmeetika24.com\/wp-content\/uploads\/2024\/01\/5830-Sun-Powder.jpg",600,600,false],"trp-custom-language-flag":["https:\/\/kosmeetika24.com\/wp-content\/uploads\/2024\/01\/5830-Sun-Powder-12x12.jpg",12,12,true],"woocommerce_thumbnail":["https:\/\/kosmeetika24.com\/wp-content\/uploads\/2024\/01\/5830-Sun-Powder-300x300.jpg",300,300,true],"woocommerce_single":["https:\/\/kosmeetika24.com\/wp-content\/uploads\/2024\/01\/5830-Sun-Powder-500x500.jpg",500,500,true],"woocommerce_gallery_thumbnail":["https:\/\/kosmeetika24.com\/wp-content\/uploads\/2024\/01\/5830-Sun-Powder-100x100.jpg",100,100,true]},"uagb_author_info":{"display_name":"admin","author_link":"https:\/\/kosmeetika24.com\/ru\/author\/"},"uagb_comment_info":0,"uagb_excerpt":"&nbsp; Kompaktne puuder, mis j\u00e4tab naha p\u00e4evitunud ja s\u00e4ravaks. 10 g","_links":{"self":[{"href":"https:\/\/kosmeetika24.com\/ru\/wp-json\/wp\/v2\/product\/1906","targetHints":{"allow":["GET"]}}],"collection":[{"href":"https:\/\/kosmeetika24.com\/ru\/wp-json\/wp\/v2\/product"}],"about":[{"href":"https:\/\/kosmeetika24.com\/ru\/wp-json\/wp\/v2\/types\/product"}],"replies":[{"embeddable":true,"href":"https:\/\/kosmeetika24.com\/ru\/wp-json\/wp\/v2\/comments?post=1906"}],"version-history":[{"count":1,"href":"https:\/\/kosmeetika24.com\/ru\/wp-json\/wp\/v2\/product\/1906\/revisions"}],"predecessor-version":[{"id":4635,"href":"https:\/\/kosmeetika24.com\/ru\/wp-json\/wp\/v2\/product\/1906\/revisions\/4635"}],"wp:featuredmedia":[{"embeddable":true,"href":"https:\/\/kosmeetika24.com\/ru\/wp-json\/wp\/v2\/media\/1908"}],"wp:attachment":[{"href":"https:\/\/kosmeetika24.com\/ru\/wp-json\/wp\/v2\/media?parent=1906"}],"wp:term":[{"taxonomy":"product_brand","embeddable":true,"href":"https:\/\/kosmeetika24.com\/ru\/wp-json\/wp\/v2\/product_brand?post=1906"},{"taxonomy":"product_cat","embeddable":true,"href":"https:\/\/kosmeetika24.com\/ru\/wp-json\/wp\/v2\/product_cat?post=1906"},{"taxonomy":"product_tag","embeddable":true,"href":"https:\/\/kosmeetika24.com\/ru\/wp-json\/wp\/v2\/product_tag?post=1906"}],"curies":[{"name":"wp","href":"https:\/\/api.w.org\/{rel}","templated":true}]}}