{"id":1902,"date":"2024-01-05T07:43:08","date_gmt":"2024-01-05T07:43:08","guid":{"rendered":"https:\/\/kosmeetika24.com\/?post_type=product&#038;p=1902"},"modified":"2025-07-02T15:38:36","modified_gmt":"2025-07-02T12:38:36","slug":"bruno-vassari-glyco-system-professionaalne-koorimiskomplekt","status":"publish","type":"product","link":"https:\/\/kosmeetika24.com\/ru\/product\/bruno-vassari-glyco-system-professionaalne-koorimiskomplekt\/","title":{"rendered":"BRUNO VASSARI Glyco System \u043f\u0440\u043e\u0444\u0435\u0441\u0441\u0438\u043e\u043d\u0430\u043b\u044c\u043d\u044b\u0439 \u043f\u0438\u043b\u0438\u043d\u0433-\u043a\u043e\u043c\u043f\u043b\u0435\u043a\u0442."},"content":{"rendered":"<p>\u041f\u0438\u043b\u0438\u043d\u0433 <em>Professional Glycolic Kit+Vitamin C<\/em> \u043f\u043e\u0434\u0445\u043e\u0434\u0438\u0442 \u0434\u043b\u044f \u043f\u043e\u043b\u043d\u043e\u0433\u043e \u0432\u043e\u0441\u0441\u0442\u0430\u043d\u043e\u0432\u043b\u0435\u043d\u0438\u044f \u0437\u0434\u043e\u0440\u043e\u0432\u044c\u044f \u043a\u043e\u0436\u0438 \u043b\u0438\u0446\u0430 \u0438 \u043f\u0440\u0435\u0434\u043d\u0430\u0437\u043d\u0430\u0447\u0435\u043d \u0442\u043e\u043b\u044c\u043a\u043e \u0434\u043b\u044f \u043f\u0440\u043e\u0444\u0435\u0441\u0441\u0438\u043e\u043d\u0430\u043b\u044c\u043d\u043e\u0433\u043e \u0438\u0441\u043f\u043e\u043b\u044c\u0437\u043e\u0432\u0430\u043d\u0438\u044f. \u041e\u043d \u0438\u0434\u0435\u0430\u043b\u0435\u043d \u0434\u043b\u044f \u0443\u043c\u0435\u043d\u044c\u0448\u0435\u043d\u0438\u044f \u043f\u0438\u0433\u043c\u0435\u043d\u0442\u043d\u044b\u0445 \u043f\u044f\u0442\u0435\u043d \u0438 \u043c\u043e\u0440\u0449\u0438\u043d, \u0430 \u0442\u0430\u043a\u0436\u0435 \u0434\u043b\u044f \u043a\u043e\u0436\u0438 \u0441 \u0433\u0438\u043f\u0435\u0440\u043a\u0435\u0440\u0430\u0442\u043e\u0437\u043e\u043c, \u0436\u0438\u0440\u043d\u043e\u0439 \u0438\/\u0438\u043b\u0438 \u043a\u0438\u0441\u043b\u043e\u0440\u043e\u0434\u043d\u043e\u0439 \u043d\u0435\u0434\u043e\u0441\u0442\u0430\u0442\u043e\u0447\u043d\u043e\u0441\u0442\u044c\u044e. \u0412 \u044d\u043a\u0441\u0444\u043e\u043b\u0438\u0430\u0442\u043e\u0440\u0435 \u0441\u043e\u0447\u0435\u0442\u0430\u044e\u0442\u0441\u044f \u0434\u0435\u0439\u0441\u0442\u0432\u0438\u044f \u043a\u0438\u0441\u043b\u043e\u0442 \u0438 \u0432\u0438\u0442\u0430\u043c\u0438\u043d\u0430 C. \u0412\u0438\u0442\u0430\u043c\u0438\u043d C \u0443\u043f\u0430\u043a\u043e\u0432\u0430\u043d \u0432 \u043e\u0434\u043d\u043e\u0440\u0430\u0437\u043e\u0432\u0443\u044e \u0443\u043f\u0430\u043a\u043e\u0432\u043a\u0443 \u0434\u043b\u044f \u0441\u043e\u0445\u0440\u0430\u043d\u0435\u043d\u0438\u044f \u0435\u0433\u043e \u0441\u0432\u043e\u0439\u0441\u0442\u0432.<\/p>\n<p>\u041f\u0440\u043e\u0444\u0435\u0441\u0441\u0438\u043e\u043d\u0430\u043b\u044c\u043d\u0430\u044f \u044d\u043a\u0441\u0444\u043e\u043b\u0438\u0430\u0446\u0438\u043e\u043d\u043d\u0430\u044f \u043f\u0440\u043e\u0446\u0435\u0434\u0443\u0440\u0430 \u043f\u043e\u0434\u0445\u043e\u0434\u0438\u0442 \u0434\u043b\u044f \u0432\u0441\u0435\u0445 \u0442\u0438\u043f\u043e\u0432 \u043a\u043e\u0436\u0438, \u043e\u0441\u043e\u0431\u0435\u043d\u043d\u043e \u0434\u043b\u044f \u043a\u043e\u0436\u0438, \u0442\u0440\u0435\u0431\u0443\u044e\u0449\u0435\u0439 \u0433\u043b\u0443\u0431\u043e\u043a\u043e\u0439 \u0440\u0435\u0441\u0442\u0430\u0432\u0440\u0430\u0446\u0438\u0438.<\/p>\n<p><strong>\u041e\u0421\u041d\u041e\u0412\u041d\u042b\u0415 \u0414\u0415\u0419\u0421\u0422\u0412\u0423\u042e\u0429\u0418\u0415 \u0412\u0415\u0429\u0415\u0421\u0422\u0412\u0410<\/strong><\/p>\n<ul>\n<li>Koorija vedel aine \u201cGlyco peeling Liquid\u201d ja koorija tahke aine \u201cPowder\u201d: 14% gl\u00fckoolhape, 0,5% salits\u00fc\u00fclhape, askorb\u00fc\u00fclgl\u00fckosiid, mannitool;<\/li>\n<li>Toitev kreem \u201cProtective Cream SPF 25\u201d: p\u00e4ikesekaitsefiltrid, niatsiinamiid, E-vitamiin.<\/li>\n<\/ul>\n<p><strong>\u0414\u0435\u0439\u0441\u0442\u0432\u0438\u0435<\/strong><\/p>\n<ul>\n<li>\u0425\u0438\u043c\u0438\u0447\u0435\u0441\u043a\u0438\u0439 \u043f\u0438\u043b\u0438\u043d\u0433 \u0442\u0449\u0430\u0442\u0435\u043b\u044c\u043d\u043e \u043e\u0442\u0448\u0435\u043b\u0443\u0448\u0438\u0432\u0430\u0435\u0442 \u043a\u043e\u0436\u0443, \u043e\u0447\u0438\u0449\u0430\u044f, \u0443\u043b\u0443\u0447\u0448\u0430\u044f \u0438 \u0432\u043e\u0441\u0441\u0442\u0430\u043d\u0430\u0432\u043b\u0438\u0432\u0430\u044f \u0435\u0435. \u041e\u043d \u0443\u043b\u0443\u0447\u0448\u0430\u0435\u0442 \u043a\u043e\u0436\u0443 \u0441 \u0433\u0438\u043f\u0435\u0440\u043a\u0435\u0440\u0430\u0442\u043e\u0437\u043e\u043c, \u0443\u043c\u0435\u043d\u044c\u0448\u0430\u0435\u0442 \u043e\u0449\u0443\u0449\u0435\u043d\u0438\u0435 \u0441\u0442\u044f\u043d\u0443\u0442\u043e\u0441\u0442\u0438 \u0438 \u0441\u043e\u043a\u0440\u0430\u0449\u0430\u0435\u0442 \u0433\u043b\u0443\u0431\u0438\u043d\u0443 \u0438 \u0434\u043b\u0438\u043d\u0443 \u043c\u043e\u0440\u0449\u0438\u043d. \u0411\u043b\u0430\u0433\u043e\u0434\u0430\u0440\u044f \u0432\u0438\u0442\u0430\u043c\u0438\u043d\u0443 C \u0438 \u043c\u0430\u043d\u043d\u0438\u0442\u043e\u043b\u0443, \u043e\u043d \u0441\u043e\u0445\u0440\u0430\u043d\u044f\u0435\u0442 \u0433\u043b\u0430\u0434\u043a\u043e\u0441\u0442\u044c \u0438 \u0432\u043e\u0434\u043d\u044b\u0439 \u0431\u0430\u043b\u0430\u043d\u0441 \u043a\u043e\u0436\u0438.<\/li>\n<li>\u041f\u0438\u0442\u0430\u0442\u0435\u043b\u044c\u043d\u044b\u0439 \u043a\u0440\u0435\u043c SPF 25 \u043f\u0438\u0442\u0430\u0435\u0442 \u0438 \u0432\u043e\u0441\u0441\u0442\u0430\u043d\u0430\u0432\u043b\u0438\u0432\u0430\u0435\u0442 \u0432\u043b\u0430\u0433\u0443 \u043a\u043e\u0436\u0438. \u0421\u043d\u0438\u0436\u0430\u0435\u0442 \u044f\u0440\u043a\u043e\u0441\u0442\u044c \u043f\u0438\u0433\u043c\u0435\u043d\u0442\u043d\u044b\u0445 \u043f\u044f\u0442\u0435\u043d \u0438 \u043f\u0440\u0438\u0434\u0430\u0435\u0442 \u043a\u043e\u0436\u0435 \u0431\u043e\u043b\u0435\u0435 \u0440\u0430\u0432\u043d\u043e\u043c\u0435\u0440\u043d\u044b\u0439 \u0442\u043e\u043d. \u041f\u043e\u043c\u043e\u0433\u0430\u0435\u0442 \u043f\u0440\u0435\u0434\u043e\u0442\u0432\u0440\u0430\u0442\u0438\u0442\u044c \u043f\u0440\u0435\u0436\u0434\u0435\u0432\u0440\u0435\u043c\u0435\u043d\u043d\u043e\u0435 \u0441\u0442\u0430\u0440\u0435\u043d\u0438\u0435 \u0438 \u0437\u0430\u0449\u0438\u0449\u0430\u0435\u0442 \u043e\u0442 \u0423\u0424-\u0438\u0437\u043b\u0443\u0447\u0435\u043d\u0438\u044f.<\/li>\n<\/ul>\n<div id=\"image-757-0-1-0\" class=\"module module-image image-757-0-1-0 image-top auto_fullwidth\"><\/div>\n<div><strong>\u041f\u0440\u0438\u043c\u0435\u043d\u0435\u043d\u0438\u0435<\/strong><\/div>\n<div>\n<ol>\n<li>\u041e\u0447\u0438\u0449\u0430\u0439\u0442\u0435 \u043a\u043e\u0436\u0443 \u043f\u0440\u043e\u0434\u0443\u043a\u0442\u043e\u043c\u00a0<a href=\"https:\/\/kosmeetika24.eu\/toode\/bruno-vassari-aqua-genomics-aqua-cleanser-2\/\">BRUNO VASSARI Aqua Genomics \u043e\u0447\u0438\u0449\u0430\u044e\u0449\u0435\u0435 \u043c\u043e\u043b\u043e\u0447\u043a\u043e<\/a>.<\/li>\n<li>\u0422\u043e\u043d\u0438\u0437\u0438\u0440\u0443\u0439\u0442\u0435 \u043a\u043e\u0436\u0443 \u0441 \u043f\u043e\u043c\u043e\u0449\u044c\u044e\u00a0<a href=\"https:\/\/kosmeetika24.eu\/toode\/bruno-vassari-aqua-genomics-aqua-toner-2\/\">BRUNO VASSARI Aqua Genomics \u0443\u0432\u043b\u0430\u0436\u043d\u044f\u044e\u0449\u0438\u0439 \u0442\u043e\u043d\u0438\u043a<\/a>.<\/li>\n<li>\u0414\u043b\u044f \u043f\u0440\u0438\u0433\u043e\u0442\u043e\u0432\u043b\u0435\u043d\u0438\u044f \u043f\u0438\u043b\u0438\u043d\u0433\u0430 \u0432 \u043a\u043e\u043c\u043f\u043b\u0435\u043a\u0442\u0435 \u0441\u043c\u0435\u0448\u0430\u0439\u0442\u0435 5 \u043c\u043b \u0436\u0438\u0434\u043a\u043e\u0433\u043e \u0441\u0440\u0435\u0434\u0441\u0442\u0432\u0430 \u0441 \u043e\u0434\u043d\u0438\u043c \u0444\u043b\u0430\u043a\u043e\u043d\u043e\u043c \u043f\u043e\u0440\u043e\u0448\u043a\u0430. \u0425\u043e\u0440\u043e\u0448\u043e \u043f\u0435\u0440\u0435\u043c\u0435\u0448\u0430\u0439\u0442\u0435 \u0438 \u043d\u0430\u043d\u0435\u0441\u0438\u0442\u0435 \u043d\u0430 \u043e\u0447\u0438\u0449\u0435\u043d\u043d\u0443\u044e \u043a\u043e\u0436\u0443. \u041e\u0441\u0442\u0430\u0432\u044c\u0442\u0435 \u043d\u0430 10 \u043c\u0438\u043d\u0443\u0442, \u0437\u0430\u0442\u0435\u043c \u0441\u043c\u043e\u0439\u0442\u0435 \u0442\u0435\u043f\u043b\u043e\u0439 \u0432\u043e\u0434\u043e\u0439.<\/li>\n<li>\u0412\u044b\u043f\u043e\u043b\u043d\u0438\u0442\u0435 \u043c\u0430\u0441\u0441\u0430\u0436 \u0441 <a href=\"https:\/\/kosmeetika24.eu\/toode\/bruno-vassari-anti-stress-vitalizing-massage-cream\/\">BRUNO VASSARI Anti-Stress \u043a\u0440\u0435\u043c \u0434\u043b\u044f \u043c\u0430\u0441\u0441\u0430\u0436\u0430 \u043b\u0438\u0446\u0430<\/a>.<\/li>\n<li>\u0414\u0430\u043b\u0435\u0435 \u043f\u0440\u0438\u0433\u043e\u0442\u043e\u0432\u044c\u0442\u0435 \u043c\u0430\u0441\u043a\u0443. \u0412\u044b\u0431\u0435\u0440\u0438\u0442\u0435 \u043d\u0430\u0438\u0431\u043e\u043b\u0435\u0435 \u043f\u043e\u0434\u0445\u043e\u0434\u044f\u0449\u0443\u044e \u0438\u0437 \u0441\u043b\u0435\u0434\u0443\u044e\u0449\u0438\u0445 \u043f\u0440\u043e\u0434\u0443\u043a\u0442\u043e\u0432:\u00a0<a href=\"https:\/\/kosmeetika24.eu\/toode\/bruno-vassari-the-specifics-cryogenic-modeling-mask\/\">BRUNO VASSARI The Specifics \u0443\u043a\u0440\u0435\u043f\u043b\u044f\u044e\u0449\u0430\u044f \u0438 \u043c\u043e\u0434\u0435\u043b\u0438\u0440\u0443\u044e\u0449\u0430\u044f \u043c\u0430\u0441\u043a\u0430,<\/a> \u0438\u043b\u0438 <a href=\"https:\/\/kosmeetika24.eu\/toode\/bruno-vassari-kianty-bacco-e-venere\/\">RUNO VASSARI Kianty \u0443\u043a\u0440\u0435\u043f\u043b\u044f\u044e\u0449\u0430\u044f \u0430\u043d\u0442\u0438\u0432\u043e\u0437\u0440\u0430\u0441\u0442\u043d\u0430\u044f \u043c\u0430\u0441\u043a\u0430<\/a> \u0438\u043b\u0438 <a href=\"https:\/\/kosmeetika24.eu\/toode\/bruno-vassari-withe-skin-whitening-mask\/\">BRUNO VASSARI White \u043e\u0441\u0432\u0435\u0442\u043b\u044f\u044e\u0449\u0430\u044f \u043c\u0430\u0441\u043a\u0430.<\/a>\u00a0\u0421\u043c\u0435\u0448\u0430\u0439\u0442\u0435 \u043f\u043e\u0440\u043e\u0448\u043e\u043a \u0438\u0437 \u043f\u0430\u043a\u0435\u0442\u0438\u043a\u0430 \u0441 \u0434\u043e\u0441\u0442\u0430\u0442\u043e\u0447\u043d\u044b\u043c \u043a\u043e\u043b\u0438\u0447\u0435\u0441\u0442\u0432\u043e\u043c \u0432\u043e\u0434\u044b \u0434\u043e \u043f\u043e\u043b\u0443\u0447\u0435\u043d\u0438\u044f \u043e\u0434\u043d\u043e\u0440\u043e\u0434\u043d\u043e\u0439 \u043a\u043e\u043d\u0441\u0438\u0441\u0442\u0435\u043d\u0446\u0438\u0438. \u041d\u0430\u043d\u0435\u0441\u0438\u0442\u0435 \u043c\u0430\u0441\u043a\u0443 \u043d\u0430 \u043b\u0438\u0446\u043e \u0441 \u043f\u043e\u043c\u043e\u0449\u044c\u044e \u0448\u043f\u0430\u0442\u0435\u043b\u044f \u0438 \u043e\u0441\u0442\u0430\u0432\u044c\u0442\u0435 \u043d\u0430 20-25 \u043c\u0438\u043d\u0443\u0442. \u0417\u0430\u0442\u0435\u043c \u0441\u043d\u0438\u043c\u0438\u0442\u0435 \u043c\u0430\u0441\u043a\u0443 \u0438 \u043f\u0440\u043e\u043c\u043e\u0439\u0442\u0435 \u043b\u0438\u0446\u043e \u0432\u043e\u0434\u043e\u0439.<\/li>\n<li>\u041d\u0430\u043d\u0435\u0441\u0438\u0442\u0435 \u0441\u0440\u0435\u0434\u0441\u0442\u0432\u043e \u043d\u0430 \u043a\u043e\u0436\u0443 \u0432\u0435\u043a. <a href=\"https:\/\/kosmeetika24.eu\/toode\/bruno-vassari-collagen-booster-peptide-eye-contour-gel-cream\/\">BRUNO VASSARI Collagen Booster \u0441 \u043f\u0435\u043f\u0442\u0438\u0434\u043d\u044b\u043c \u043a\u043e\u043c\u043f\u043b\u0435\u043a\u0441\u043e\u043c.<\/a>.<\/li>\n<li>\u0417\u0430\u0442\u0435\u043c \u043d\u0430\u043d\u0435\u0441\u0438\u0442\u0435 \u0437\u0430\u0449\u0438\u0442\u043d\u044b\u0439 \u0434\u043d\u0435\u0432\u043d\u043e\u0439 \u043a\u0440\u0435\u043c SPF 25 (\u0432 \u043a\u043e\u043c\u043f\u043b\u0435\u043a\u0442\u0435).<\/li>\n<\/ol>\n<p>\u0412\u044b\u043f\u043e\u043b\u043d\u044f\u0439\u0442\u0435 \u044d\u043a\u0441\u0444\u043e\u043b\u0438\u0430\u0446\u0438\u043e\u043d\u043d\u043e\u0435 \u043b\u0435\u0447\u0435\u043d\u0438\u0435 1-2 \u0440\u0430\u0437\u0430 \u0432 \u043d\u0435\u0434\u0435\u043b\u044e \u0432 \u0437\u0430\u0432\u0438\u0441\u0438\u043c\u043e\u0441\u0442\u0438 \u043e\u0442 \u0442\u0438\u043f\u0430 \u043a\u043e\u0436\u0438.<\/p>\n<\/div>\n<div><strong>\u0421\u043e\u0441\u0442\u0430\u0432<\/strong><\/div>\n<div>\n<p><strong><span style=\"font-size: 14px;\">Glyco Peeling Liquid<\/span><\/strong><\/p>\n<p><span style=\"font-size: 14px;\">AQUA (WATER), ALCOHOLDENAT, PROPYLENE GLYKOL, GLYCOLIC ACID, SODIUM HYDROXIDE, SALICYLIC ACID, HYDROXYETHYLCELLULOSE, SODIUM CHLORIDE.<\/span><\/p>\n<p><span style=\"font-size: 14px;\"><strong>Powder<\/strong><\/span><\/p>\n<p><span style=\"font-size: 14px;\">MANNITOL, ASCORBYL GLUCOSIDE.<\/span><\/p>\n<p><span style=\"font-size: 14px;\"><strong>Protective Cream SPF25<\/strong><\/span><\/p>\n<p><span style=\"font-size: 14px;\">AQUA (WATER), DICAPRYLYL CARBONATE, BLUTYLENE GLYCOL, DICAPRYLATE\/DICAPRATE, C12-15 ALKYL BENZOATE, BUTYLENE GLYCOL, POTASSIUM CETYL PHOSPHATE, NIACINAMIDE, BUTYL METHOXYDIBENZOYLMETHANE, OCTCRYLENE, PHENYLBENZIMIDAZOLE SULFONIC ACID, BEHENYL ALCOHOL, CETYL ALCOHOL, CETYLPALMITATE, MYRISTYL MYRISTATE, TROMETHAMINE, TAPIOCA STARCH, HYDROGENATED POLYISOBUTENE, TOCOPHERYL ACETATE, POLYSILICONE-15, CHLORPHENESIN, PHENOXYETHANOL, GLYCERIN, XANTHAN GUM, ACRYLATES \/C10-30 ALKYLACRYLATE\u00a0 CROSSPOLYMER, DISODIUM EDTA, PARFUM (FRAGRANCE), BUTYLPHENYL METHYLPROPIONAL, LINALOOL, LIMONENE, ALPHA-ISOMETHYL IONONE, COUMARIN.<\/span><\/p>\n<p>\u00a0<\/p>\n<\/div>","protected":false},"excerpt":{"rendered":"<p>\u041f\u0440\u043e\u0444\u0435\u0441\u0441\u0438\u043e\u043d\u0430\u043b\u044c\u043d\u044b\u0439 \u043f\u0438\u043b\u0438\u043d\u0433 \u0441 \u0433\u043b\u0438\u043a\u043e\u043b\u0435\u0432\u043e\u0439 \u043a\u0438\u0441\u043b\u043e\u0442\u043e\u0439 \u0438 \u0432\u0438\u0442\u0430\u043c\u0438\u043d\u043e\u043c C \u0443\u0434\u0430\u043b\u044f\u0435\u0442 \u043c\u0435\u0440\u0442\u0432\u044b\u0435 \u043a\u043b\u0435\u0442\u043a\u0438 \u043a\u043e\u0436\u0438 \u0438 \u0430\u043a\u0442\u0438\u0432\u0438\u0440\u0443\u0435\u0442 \u043e\u0431\u043d\u043e\u0432\u043b\u0435\u043d\u0438\u0435 \u043a\u043b\u0435\u0442\u043e\u043a. \u0412\u044b\u0440\u0430\u0432\u043d\u0438\u0432\u0430\u0435\u0442 \u043f\u043e\u0432\u0435\u0440\u0445\u043d\u043e\u0441\u0442\u044c \u043a\u043e\u0436\u0438 \u0438 \u0440\u043e\u0432\u043d\u044f\u0435\u0442 \u0442\u043e\u043d \u043a\u043e\u0436\u0438.<\/p>\n<p><span style=\"font-size: 14px;\">\u041a\u043e\u043c\u043f\u043b\u0435\u043a\u0442 \u043f\u0440\u0435\u0434\u043d\u0430\u0437\u043d\u0430\u0447\u0435\u043d \u0434\u043b\u044f \u043f\u0440\u043e\u0444\u0435\u0441\u0441\u0438\u043e\u043d\u0430\u043b\u044c\u043d\u043e\u0433\u043e \u0438\u0441\u043f\u043e\u043b\u044c\u0437\u043e\u0432\u0430\u043d\u0438\u044f \u0432 6 \u043f\u0440\u043e\u0446\u0435\u0434\u0443\u0440\u0430\u0445.<\/span><\/p>\n<ul>\n<li><span style=\"font-size: 14px;\">\u041f\u0438\u043b\u0438\u043d\u0433-\u044d\u043a\u0441\u0444\u043e\u043b\u0438\u0430\u0442\u043e\u0440 \u0432 \u0436\u0438\u0434\u043a\u043e\u0439 \u0444\u0430\u0437\u0435 \"Glyco Peeling Liquid\" 30 \u043c\u043b<\/span><\/li>\n<li><span style=\"font-size: 14px;\">\u041f\u0438\u043b\u0438\u043d\u0433-\u044d\u043a\u0441\u0444\u043e\u043b\u0438\u0430\u0442\u043e\u0440 \u0432 \u0442\u0432\u0435\u0440\u0434\u043e\u0439 \u0444\u0430\u0437\u0435 \"Powder\" 6 x 0,3 \u0433<\/span><\/li>\n<li><span style=\"font-size: 14px;\">\u041a\u0440\u0435\u043c \"Protective Cream SPF25\" 50 \u043c\u043b<\/span><\/li>\n<\/ul>\n<p>&nbsp;<\/p>","protected":false},"featured_media":1406,"comment_status":"open","ping_status":"closed","template":"","meta":{"_uag_custom_page_level_css":"","site-sidebar-layout":"default","site-content-layout":"","ast-site-content-layout":"default","site-content-style":"default","site-sidebar-style":"default","ast-global-header-display":"","ast-banner-title-visibility":"","ast-main-header-display":"","ast-hfb-above-header-display":"","ast-hfb-below-header-display":"","ast-hfb-mobile-header-display":"","site-post-title":"","ast-breadcrumbs-content":"","ast-featured-img":"","footer-sml-layout":"","ast-disable-related-posts":"","theme-transparent-header-meta":"default","adv-header-id-meta":"","stick-header-meta":"","header-above-stick-meta":"","header-main-stick-meta":"","header-below-stick-meta":"","astra-migrate-meta-layouts":"set","ast-page-background-enabled":"default","ast-page-background-meta":{"desktop":{"background-color":"var(--ast-global-color-4)","background-image":"","background-repeat":"repeat","background-position":"center center","background-size":"auto","background-attachment":"scroll","background-type":"","background-media":"","overlay-type":"","overlay-color":"","overlay-opacity":"","overlay-gradient":""},"tablet":{"background-color":"","background-image":"","background-repeat":"repeat","background-position":"center center","background-size":"auto","background-attachment":"scroll","background-type":"","background-media":"","overlay-type":"","overlay-color":"","overlay-opacity":"","overlay-gradient":""},"mobile":{"background-color":"","background-image":"","background-repeat":"repeat","background-position":"center center","background-size":"auto","background-attachment":"scroll","background-type":"","background-media":"","overlay-type":"","overlay-color":"","overlay-opacity":"","overlay-gradient":""}},"ast-content-background-meta":{"desktop":{"background-color":"var(--ast-global-color-5)","background-image":"","background-repeat":"repeat","background-position":"center center","background-size":"auto","background-attachment":"scroll","background-type":"","background-media":"","overlay-type":"","overlay-color":"","overlay-opacity":"","overlay-gradient":""},"tablet":{"background-color":"var(--ast-global-color-5)","background-image":"","background-repeat":"repeat","background-position":"center center","background-size":"auto","background-attachment":"scroll","background-type":"","background-media":"","overlay-type":"","overlay-color":"","overlay-opacity":"","overlay-gradient":""},"mobile":{"background-color":"var(--ast-global-color-5)","background-image":"","background-repeat":"repeat","background-position":"center center","background-size":"auto","background-attachment":"scroll","background-type":"","background-media":"","overlay-type":"","overlay-color":"","overlay-opacity":"","overlay-gradient":""}}},"product_brand":[],"product_cat":[96,69,97],"product_tag":[],"class_list":{"0":"post-1902","1":"product","2":"type-product","3":"status-publish","4":"has-post-thumbnail","6":"product_cat-brands","7":"product_cat-glyco-system","8":"product_cat-naole","9":"desktop-align-left","10":"tablet-align-left","11":"mobile-align-left","13":"first","14":"instock","15":"taxable","16":"shipping-taxable","17":"product-type-simple","18":"add-to-wishlist-before_image"},"uagb_featured_image_src":{"full":["https:\/\/kosmeetika24.com\/wp-content\/uploads\/2023\/10\/2305.jpg",600,600,false],"thumbnail":["https:\/\/kosmeetika24.com\/wp-content\/uploads\/2023\/10\/2305-150x150.jpg",150,150,true],"medium":["https:\/\/kosmeetika24.com\/wp-content\/uploads\/2023\/10\/2305-300x300.jpg",300,300,true],"medium_large":["https:\/\/kosmeetika24.com\/wp-content\/uploads\/2023\/10\/2305.jpg",600,600,false],"large":["https:\/\/kosmeetika24.com\/wp-content\/uploads\/2023\/10\/2305.jpg",600,600,false],"1536x1536":["https:\/\/kosmeetika24.com\/wp-content\/uploads\/2023\/10\/2305.jpg",600,600,false],"2048x2048":["https:\/\/kosmeetika24.com\/wp-content\/uploads\/2023\/10\/2305.jpg",600,600,false],"trp-custom-language-flag":["https:\/\/kosmeetika24.com\/wp-content\/uploads\/2023\/10\/2305-12x12.jpg",12,12,true],"woocommerce_thumbnail":["https:\/\/kosmeetika24.com\/wp-content\/uploads\/2023\/10\/2305-300x300.jpg",300,300,true],"woocommerce_single":["https:\/\/kosmeetika24.com\/wp-content\/uploads\/2023\/10\/2305-500x500.jpg",500,500,true],"woocommerce_gallery_thumbnail":["https:\/\/kosmeetika24.com\/wp-content\/uploads\/2023\/10\/2305-100x100.jpg",100,100,true]},"uagb_author_info":{"display_name":"admin","author_link":"https:\/\/kosmeetika24.com\/ru\/author\/"},"uagb_comment_info":0,"uagb_excerpt":"Gl\u00fckoolhappe ja C-vitamiiniga valmistatud professionaalne koorija eemaldab epidermise surnud rakud ja aktiveerib rakkude uuenemist. Tasandab naha pinna ja \u00fchtlustab nahatooni. Komplekt on m\u00f5eldud professionaalseks kasutamiseks 6 protseduuril: koorija vedel faas \"Glyco Peeling Liquid\" 30 ml koorija tahke faas \"Powder\" 6 x 0,3g kreem \"Protective Cream SPF25\" 50 ml &nbsp;","_links":{"self":[{"href":"https:\/\/kosmeetika24.com\/ru\/wp-json\/wp\/v2\/product\/1902","targetHints":{"allow":["GET"]}}],"collection":[{"href":"https:\/\/kosmeetika24.com\/ru\/wp-json\/wp\/v2\/product"}],"about":[{"href":"https:\/\/kosmeetika24.com\/ru\/wp-json\/wp\/v2\/types\/product"}],"replies":[{"embeddable":true,"href":"https:\/\/kosmeetika24.com\/ru\/wp-json\/wp\/v2\/comments?post=1902"}],"version-history":[{"count":1,"href":"https:\/\/kosmeetika24.com\/ru\/wp-json\/wp\/v2\/product\/1902\/revisions"}],"predecessor-version":[{"id":4653,"href":"https:\/\/kosmeetika24.com\/ru\/wp-json\/wp\/v2\/product\/1902\/revisions\/4653"}],"wp:featuredmedia":[{"embeddable":true,"href":"https:\/\/kosmeetika24.com\/ru\/wp-json\/wp\/v2\/media\/1406"}],"wp:attachment":[{"href":"https:\/\/kosmeetika24.com\/ru\/wp-json\/wp\/v2\/media?parent=1902"}],"wp:term":[{"taxonomy":"product_brand","embeddable":true,"href":"https:\/\/kosmeetika24.com\/ru\/wp-json\/wp\/v2\/product_brand?post=1902"},{"taxonomy":"product_cat","embeddable":true,"href":"https:\/\/kosmeetika24.com\/ru\/wp-json\/wp\/v2\/product_cat?post=1902"},{"taxonomy":"product_tag","embeddable":true,"href":"https:\/\/kosmeetika24.com\/ru\/wp-json\/wp\/v2\/product_tag?post=1902"}],"curies":[{"name":"wp","href":"https:\/\/api.w.org\/{rel}","templated":true}]}}