{"id":1813,"date":"2024-01-04T14:15:58","date_gmt":"2024-01-04T14:15:58","guid":{"rendered":"https:\/\/kosmeetika24.com\/?post_type=product&#038;p=1813"},"modified":"2025-07-02T15:25:23","modified_gmt":"2025-07-02T12:25:23","slug":"bruno-vassari-collagen-booster-mikrolihviv-koorija","status":"publish","type":"product","link":"https:\/\/kosmeetika24.com\/ru\/product\/bruno-vassari-collagen-booster-mikrolihviv-koorija\/","title":{"rendered":"BRUNO VASSARI Collagen Booster \u043c\u0438\u043a\u0440\u043e\u043f\u0438\u043b\u0438\u043d\u0433-\u0441\u043a\u0440\u0430\u0431"},"content":{"rendered":"<p>\u0418\u043d\u0442\u0435\u043d\u0441\u0438\u0432\u043d\u044b\u0439 \u043f\u0438\u043b\u0438\u043d\u0433 <em>Microderm Polisher Powder<\/em> \u0441 \u043d\u0435\u043c\u0435\u0434\u043b\u0435\u043d\u043d\u044b\u043c \u0434\u0435\u0439\u0441\u0442\u0432\u0438\u0435\u043c \u2014 \u044d\u0442\u043e \u044d\u0444\u0444\u0435\u043a\u0442\u0438\u0432\u043d\u044b\u0439 \u043c\u0435\u0445\u0430\u043d\u0438\u0447\u0435\u0441\u043a\u0438\u0439 \u043f\u0438\u043b\u0438\u043d\u0433, \u043a\u043e\u0442\u043e\u0440\u044b\u0439 \u0438\u0441\u043f\u043e\u043b\u044c\u0437\u0443\u0435\u0442 \u0441\u0438\u043b\u0443 \u043c\u0438\u043a\u0440\u043e\u0447\u0430\u0441\u0442\u0438\u0446 \u0434\u043b\u044f \u0443\u0434\u0430\u043b\u0435\u043d\u0438\u044f \u043e\u043c\u0435\u0440\u0442\u0432\u0435\u0432\u0448\u0438\u0445 \u043a\u043b\u0435\u0442\u043e\u043a \u0441 \u043f\u043e\u0432\u0435\u0440\u0445\u043d\u043e\u0441\u0442\u0438 \u043a\u043e\u0436\u0438. \u041e\u043d \u0432\u044b\u0440\u0430\u0432\u043d\u0438\u0432\u0430\u0435\u0442 \u043a\u043e\u0436\u0443, \u0443\u043b\u0443\u0447\u0448\u0430\u0435\u0442 \u0442\u043e\u043d \u0438 \u0443\u043c\u0435\u043d\u044c\u0448\u0430\u0435\u0442 \u043c\u043e\u0440\u0449\u0438\u043d\u044b.<\/p>\n<p>\u041f\u043e\u0434\u0445\u043e\u0434\u0438\u0442 \u0434\u043b\u044f \u0432\u0441\u0435\u0445 \u0442\u0438\u043f\u043e\u0432 \u043a\u043e\u0436\u0438.<\/p>\n<p><strong>\u041e\u0421\u041d\u041e\u0412\u041d\u042b\u0415 \u0414\u0415\u0419\u0421\u0422\u0412\u0423\u042e\u0429\u0418\u0415 \u0412\u0415\u0429\u0415\u0421\u0422\u0412\u0410<\/strong><\/p>\n<ul>\n<li>\u0411\u0430\u043c\u0431\u0443\u043a<\/li>\n<li>Vitis vinifer<\/li>\n<li>\u041a\u043e\u043a\u043e\u0441\u043e\u0432\u043e\u0435 \u043c\u0430\u0441\u043b\u043e<\/li>\n<li>\u041a\u0430\u0440\u0440\u0430\u0433\u0435\u043d\u0430\u043d\u043e\u0432\u044b\u0435 \u0432\u043e\u0434\u043e\u0440\u043e\u0441\u043b\u0438<\/li>\n<\/ul>\n<p><strong>\u0414\u0435\u0439\u0441\u0442\u0432\u0438\u0435<\/strong><\/p>\n<p>\u042d\u043a\u0444\u043e\u043b\u0438\u0430\u0442\u043e\u0440 \u043c\u0438\u043a\u0440\u043e\u0434\u0435\u0440\u043c\u0430\u0431\u0440\u0430\u0437\u0438\u0432\u043d\u043e \u043e\u0442\u0448\u043b\u0438\u0444\u043e\u0432\u044b\u0432\u0430\u0435\u0442 \u043a\u043e\u0436\u0443, \u0443\u0434\u0430\u043b\u044f\u044f \u043e\u043c\u0435\u0440\u0442\u0432\u0435\u0432\u0448\u0438\u0435 \u043a\u043b\u0435\u0442\u043a\u0438, \u043f\u0440\u0438\u0434\u0430\u044e\u0449\u0438\u0435 \u043a\u043e\u0436\u0435 \u0448\u0435\u0440\u043e\u0445\u043e\u0432\u0430\u0442\u044b\u0439 \u0438 \u0442\u0443\u0441\u043a\u043b\u044b\u0439 \u0432\u0438\u0434.<br \/>\n\u0411\u043b\u0430\u0433\u043e\u0434\u0430\u0440\u044f \u0441\u0438\u043d\u0435\u0440\u0433\u0438\u0438 \u044d\u043b\u0435\u043c\u0435\u043d\u0442\u043e\u0432 \u0432 \u0441\u043e\u0441\u0442\u0430\u0432\u0435, \u043e\u043d \u043e\u0431\u043b\u0430\u0434\u0430\u0435\u0442 \u0430\u043d\u0442\u0438\u043e\u043a\u0441\u0438\u0434\u0430\u043d\u0442\u043d\u044b\u043c \u0438 \u0430\u043d\u0442\u0438\u0432\u043e\u0437\u0440\u0430\u0441\u0442\u043d\u044b\u043c \u0434\u0435\u0439\u0441\u0442\u0432\u0438\u0435\u043c, \u0437\u0430\u043c\u0435\u0434\u043b\u044f\u044f \u043e\u0431\u0440\u0430\u0437\u043e\u0432\u0430\u043d\u0438\u0435 \u043c\u043e\u0440\u0449\u0438\u043d \u0438 \u043f\u0438\u0433\u043c\u0435\u043d\u0442\u0430\u0446\u0438\u0438.<\/p>\n<p><strong>\u041f\u0440\u0438\u043c\u0435\u043d\u0435\u043d\u0438\u0435<\/strong><\/p>\n<ul>\n<li>\u0421\u043c\u0435\u0448\u0430\u0439\u0442\u0435 1 \u0433 \u044d\u043a\u0441\u0444\u043e\u043b\u0438\u0430\u0442\u043e\u0440\u0430 \u0441 1-2 \u043c\u043b \u0432\u043e\u0434\u044b \u043a\u043e\u043c\u043d\u0430\u0442\u043d\u043e\u0439 \u0442\u0435\u043c\u043f\u0435\u0440\u0430\u0442\u0443\u0440\u044b \u0434\u043e \u043e\u0431\u0440\u0430\u0437\u043e\u0432\u0430\u043d\u0438\u044f \u043f\u0435\u043d\u0438\u0441\u0442\u043e\u0439 \u044d\u043c\u0443\u043b\u044c\u0441\u0438\u0438.<\/li>\n<li>\u041d\u0430\u043d\u043e\u0441\u0438\u0442\u0435 \u043f\u043e\u043b\u0443\u0447\u0435\u043d\u043d\u0443\u044e \u0441\u043c\u0435\u0441\u044c \u043d\u0430 \u043b\u0438\u0446\u043e, \u0448\u0435\u044e \u0438 \u0434\u0435\u043a\u043e\u043b\u044c\u0442\u0435 \u043b\u0435\u0433\u043a\u0438\u043c\u0438 \u043c\u0430\u0441\u0441\u0438\u0440\u0443\u044e\u0449\u0438\u043c\u0438 \u0434\u0432\u0438\u0436\u0435\u043d\u0438\u044f\u043c\u0438. \u0412\u0440\u0435\u043c\u044f \u043e\u0442 \u0432\u0440\u0435\u043c\u0435\u043d\u0438 \u0443\u0432\u043b\u0430\u0436\u043d\u044f\u0439\u0442\u0435 \u043a\u043e\u043d\u0447\u0438\u043a\u0438 \u043f\u0430\u043b\u044c\u0446\u0435\u0432 \u0432\u043e\u0434\u043e\u0439.<\/li>\n<li>\u0417\u0430\u0442\u0435\u043c \u0442\u0449\u0430\u0442\u0435\u043b\u044c\u043d\u043e \u0441\u043c\u043e\u0439\u0442\u0435 \u0432\u043e\u0434\u043e\u0439.<\/li>\n<\/ul>\n<p><strong>\u0421\u043e\u0441\u0442\u0430\u0432<\/strong><\/p>\n<p><span style=\"font-size: 14px;\">BAMBUSA ARUNDINACEA STEM EXTRACT, TALC, BENTONITE, DISODIUM LAURYL SULFOSUCCINATE, HYDROGENATED COCONUT OIL, SILICA VITIS VINIFERA (GRAPE )SEED OIL,\u00a0 SODIUM POLYACRYLATE, CYCLOPENTASILOXANE, LAURETH-4, MIPA-LAURETH SULFATE, CHONDRUS CRISPUS (CARRAGEENAN )EXTRACT, GLUCOSE, PARFUM (FRAGRANCE), HYDROGENATED SILICA, CI 77891 (TITANIUM DIOXIDE), COCAMIDE DEA, TOCOPHERYL ACETATE, CITRIC ACID, BENZYL SALICYLATE, LINALOOL.<\/span><\/p>","protected":false},"excerpt":{"rendered":"<p>&nbsp;<\/p>\n<p>\u041c\u0438\u043a\u0440\u043e\u043f\u0438\u043b\u0438\u043d\u0433-\u0441\u043a\u0440\u0430\u0431, \u043f\u0440\u0435\u0434\u043d\u0430\u0437\u043d\u0430\u0447\u0435\u043d\u043d\u044b\u0439 \u0434\u043b\u044f \u043f\u0440\u043e\u0444\u0435\u0441\u0441\u0438\u043e\u043d\u0430\u043b\u044c\u043d\u043e\u0433\u043e \u0438\u0441\u043f\u043e\u043b\u044c\u0437\u043e\u0432\u0430\u043d\u0438\u044f, \u0432\u044b\u0440\u0430\u0432\u043d\u0438\u0432\u0430\u0435\u0442 \u043a\u043e\u0436\u0443, \u0443\u043b\u0443\u0447\u0448\u0430\u0435\u0442 \u0442\u043e\u043d \u0438 \u0443\u043c\u0435\u043d\u044c\u0448\u0430\u0435\u0442 \u043c\u043e\u0440\u0449\u0438\u043d\u044b.<\/p>\n<p>50 g<\/p>","protected":false},"featured_media":1815,"comment_status":"open","ping_status":"closed","template":"","meta":{"_uag_custom_page_level_css":"","site-sidebar-layout":"default","site-content-layout":"","ast-site-content-layout":"default","site-content-style":"default","site-sidebar-style":"default","ast-global-header-display":"","ast-banner-title-visibility":"","ast-main-header-display":"","ast-hfb-above-header-display":"","ast-hfb-below-header-display":"","ast-hfb-mobile-header-display":"","site-post-title":"","ast-breadcrumbs-content":"","ast-featured-img":"","footer-sml-layout":"","ast-disable-related-posts":"","theme-transparent-header-meta":"default","adv-header-id-meta":"","stick-header-meta":"","header-above-stick-meta":"","header-main-stick-meta":"","header-below-stick-meta":"","astra-migrate-meta-layouts":"set","ast-page-background-enabled":"default","ast-page-background-meta":{"desktop":{"background-color":"var(--ast-global-color-4)","background-image":"","background-repeat":"repeat","background-position":"center center","background-size":"auto","background-attachment":"scroll","background-type":"","background-media":"","overlay-type":"","overlay-color":"","overlay-opacity":"","overlay-gradient":""},"tablet":{"background-color":"","background-image":"","background-repeat":"repeat","background-position":"center center","background-size":"auto","background-attachment":"scroll","background-type":"","background-media":"","overlay-type":"","overlay-color":"","overlay-opacity":"","overlay-gradient":""},"mobile":{"background-color":"","background-image":"","background-repeat":"repeat","background-position":"center center","background-size":"auto","background-attachment":"scroll","background-type":"","background-media":"","overlay-type":"","overlay-color":"","overlay-opacity":"","overlay-gradient":""}},"ast-content-background-meta":{"desktop":{"background-color":"var(--ast-global-color-5)","background-image":"","background-repeat":"repeat","background-position":"center center","background-size":"auto","background-attachment":"scroll","background-type":"","background-media":"","overlay-type":"","overlay-color":"","overlay-opacity":"","overlay-gradient":""},"tablet":{"background-color":"var(--ast-global-color-5)","background-image":"","background-repeat":"repeat","background-position":"center center","background-size":"auto","background-attachment":"scroll","background-type":"","background-media":"","overlay-type":"","overlay-color":"","overlay-opacity":"","overlay-gradient":""},"mobile":{"background-color":"var(--ast-global-color-5)","background-image":"","background-repeat":"repeat","background-position":"center center","background-size":"auto","background-attachment":"scroll","background-type":"","background-media":"","overlay-type":"","overlay-color":"","overlay-opacity":"","overlay-gradient":""}}},"product_brand":[],"product_cat":[96,60,97],"product_tag":[55,57],"class_list":{"0":"post-1813","1":"product","2":"type-product","3":"status-publish","4":"has-post-thumbnail","6":"product_cat-brands","7":"product_cat-collagen-booster","8":"product_cat-naole","9":"product_tag-collagen-booster","10":"product_tag-lab-division","11":"desktop-align-left","12":"tablet-align-left","13":"mobile-align-left","15":"first","16":"instock","17":"taxable","18":"shipping-taxable","19":"product-type-simple","20":"add-to-wishlist-before_image"},"uagb_featured_image_src":{"full":["https:\/\/kosmeetika24.com\/wp-content\/uploads\/2024\/01\/2300-Microderm-Powder.jpg",600,600,false],"thumbnail":["https:\/\/kosmeetika24.com\/wp-content\/uploads\/2024\/01\/2300-Microderm-Powder-150x150.jpg",150,150,true],"medium":["https:\/\/kosmeetika24.com\/wp-content\/uploads\/2024\/01\/2300-Microderm-Powder-300x300.jpg",300,300,true],"medium_large":["https:\/\/kosmeetika24.com\/wp-content\/uploads\/2024\/01\/2300-Microderm-Powder.jpg",600,600,false],"large":["https:\/\/kosmeetika24.com\/wp-content\/uploads\/2024\/01\/2300-Microderm-Powder.jpg",600,600,false],"1536x1536":["https:\/\/kosmeetika24.com\/wp-content\/uploads\/2024\/01\/2300-Microderm-Powder.jpg",600,600,false],"2048x2048":["https:\/\/kosmeetika24.com\/wp-content\/uploads\/2024\/01\/2300-Microderm-Powder.jpg",600,600,false],"trp-custom-language-flag":["https:\/\/kosmeetika24.com\/wp-content\/uploads\/2024\/01\/2300-Microderm-Powder-12x12.jpg",12,12,true],"woocommerce_thumbnail":["https:\/\/kosmeetika24.com\/wp-content\/uploads\/2024\/01\/2300-Microderm-Powder-300x300.jpg",300,300,true],"woocommerce_single":["https:\/\/kosmeetika24.com\/wp-content\/uploads\/2024\/01\/2300-Microderm-Powder-500x500.jpg",500,500,true],"woocommerce_gallery_thumbnail":["https:\/\/kosmeetika24.com\/wp-content\/uploads\/2024\/01\/2300-Microderm-Powder-100x100.jpg",100,100,true]},"uagb_author_info":{"display_name":"admin","author_link":"https:\/\/kosmeetika24.com\/ru\/author\/"},"uagb_comment_info":0,"uagb_excerpt":"&nbsp; Professionaalseks kasutamiseks m\u00f5eldud mikrolihviv koorija silub nahka, \u00fchtlustab tooni ja v\u00e4hendab kortse. 50 g","_links":{"self":[{"href":"https:\/\/kosmeetika24.com\/ru\/wp-json\/wp\/v2\/product\/1813","targetHints":{"allow":["GET"]}}],"collection":[{"href":"https:\/\/kosmeetika24.com\/ru\/wp-json\/wp\/v2\/product"}],"about":[{"href":"https:\/\/kosmeetika24.com\/ru\/wp-json\/wp\/v2\/types\/product"}],"replies":[{"embeddable":true,"href":"https:\/\/kosmeetika24.com\/ru\/wp-json\/wp\/v2\/comments?post=1813"}],"version-history":[{"count":1,"href":"https:\/\/kosmeetika24.com\/ru\/wp-json\/wp\/v2\/product\/1813\/revisions"}],"predecessor-version":[{"id":4658,"href":"https:\/\/kosmeetika24.com\/ru\/wp-json\/wp\/v2\/product\/1813\/revisions\/4658"}],"wp:featuredmedia":[{"embeddable":true,"href":"https:\/\/kosmeetika24.com\/ru\/wp-json\/wp\/v2\/media\/1815"}],"wp:attachment":[{"href":"https:\/\/kosmeetika24.com\/ru\/wp-json\/wp\/v2\/media?parent=1813"}],"wp:term":[{"taxonomy":"product_brand","embeddable":true,"href":"https:\/\/kosmeetika24.com\/ru\/wp-json\/wp\/v2\/product_brand?post=1813"},{"taxonomy":"product_cat","embeddable":true,"href":"https:\/\/kosmeetika24.com\/ru\/wp-json\/wp\/v2\/product_cat?post=1813"},{"taxonomy":"product_tag","embeddable":true,"href":"https:\/\/kosmeetika24.com\/ru\/wp-json\/wp\/v2\/product_tag?post=1813"}],"curies":[{"name":"wp","href":"https:\/\/api.w.org\/{rel}","templated":true}]}}