{"id":1785,"date":"2024-05-31T09:04:11","date_gmt":"2024-05-31T09:04:11","guid":{"rendered":"https:\/\/kosmeetika24.com\/?post_type=product&#038;p=1785"},"modified":"2025-11-13T12:09:25","modified_gmt":"2025-11-13T09:09:25","slug":"mesotech-global-meso-peptide-peptiididega-kokteil","status":"publish","type":"product","link":"https:\/\/kosmeetika24.com\/ru\/product\/mesotech-global-meso-peptide-peptiididega-kokteil\/","title":{"rendered":"Mesotech Global Meso Peptide \u2014 \u043a\u043e\u043a\u0442\u0435\u0439\u043b\u044c \u0441 \u043f\u0435\u043f\u0442\u0438\u0434\u0430\u043c\u0438."},"content":{"rendered":"<h6><strong>AKTIIVSED KOOSTISOSAD<\/strong><\/h6>\n<ul>\n<li><strong>SYN\u00ae-AKE<\/strong>\u00a0\u2014 \u044d\u0442\u043e \u043d\u0435\u0431\u043e\u043b\u044c\u0448\u043e\u0439 \u0441\u0438\u043d\u0442\u0435\u0442\u0438\u0447\u0435\u0441\u043a\u0438\u0439 \u043f\u0435\u043f\u0442\u0438\u0434, \u043a\u043e\u0442\u043e\u0440\u044b\u0439 \u043f\u043e\u043c\u043e\u0433\u0430\u0435\u0442 \u0431\u044b\u0441\u0442\u0440\u043e \u0441\u043d\u0438\u0437\u0438\u0442\u044c \u043e\u0431\u0440\u0430\u0437\u043e\u0432\u0430\u043d\u0438\u0435 \u043c\u043e\u0440\u0449\u0438\u043d \u0438 \u043b\u0438\u043d\u0438\u0439 \u0441\u043c\u0435\u0445\u0430. \u041e\u043d \u043e\u0441\u043d\u043e\u0432\u0430\u043d \u043d\u0430 \u0437\u0430\u043f\u0430\u0442\u0435\u043d\u0442\u043e\u0432\u0430\u043d\u043d\u043e\u043c \u043c\u0435\u0445\u0430\u043d\u0438\u0437\u043c\u0435 \u0438 \u0438\u043c\u0438\u0442\u0438\u0440\u0443\u0435\u0442 \u043d\u0435\u0437\u0430\u043c\u0435\u043d\u0438\u043c\u0443\u044e \u0430\u043c\u0438\u043d\u043e\u043a\u0438\u0441\u043b\u043e\u0442\u043d\u0443\u044e \u043f\u043e\u0441\u043b\u0435\u0434\u043e\u0432\u0430\u0442\u0435\u043b\u044c\u043d\u043e\u0441\u0442\u044c \u0444\u0443\u043d\u043a\u0446\u0438\u043e\u043d\u0430\u043b\u044c\u043d\u043e\u0441\u0442\u0438 \u0412\u0430\u0433\u043b\u0435\u0440\u0438-1.\u00a0<strong>SYN\u00ae-AKE<\/strong>\u00a0\u0431\u044b\u043b \u0442\u0449\u0430\u0442\u0435\u043b\u044c\u043d\u043e \u043f\u0440\u043e\u0442\u0435\u0441\u0442\u0438\u0440\u043e\u0432\u0430\u043d \u043d\u0430 \u0431\u0435\u0437\u043e\u043f\u0430\u0441\u043d\u043e\u0441\u0442\u044c \u0438 \u0430\u043a\u0442\u0438\u0432\u043d\u043e\u0441\u0442\u044c. \u0415\u0433\u043e \u0434\u0435\u0439\u0441\u0442\u0432\u0438\u0435 \u0441\u043e\u0441\u0440\u0435\u0434\u043e\u0442\u043e\u0447\u0435\u043d\u043e \u043d\u0430 \u043c\u0433\u043d\u043e\u0432\u0435\u043d\u043d\u043e\u043c \u0438 \u0434\u043b\u0438\u0442\u0435\u043b\u044c\u043d\u043e\u043c \u0440\u0430\u0441\u0441\u043b\u0430\u0431\u043b\u0435\u043d\u0438\u0438 \u043c\u0438\u043c\u0438\u0447\u0435\u0441\u043a\u0438\u0445 \u043b\u0438\u043d\u0438\u0439, \u0431\u043b\u043e\u043a\u0438\u0440\u0443\u044f \u043d\u0435\u0439\u0440\u043e\u043d\u043d\u0443\u044e \u043f\u0435\u0440\u0435\u0434\u0430\u0447\u0443 \u043d\u0430 \u043d\u0438\u043a\u043e\u0442\u0438\u043d\u043e\u0432\u043e\u043c \u0430\u0446\u0435\u0442\u0438\u043b\u0445\u043e\u043b\u0438\u043d\u043e\u0432\u043e\u043c \u0440\u0435\u0446\u0435\u043f\u0442\u043e\u0440\u0435. \u041f\u0435\u043f\u0442\u0438\u0434 \u044f\u0432\u043b\u044f\u0435\u0442\u0441\u044f \u0430\u043d\u0442\u0430\u0433\u043e\u043d\u0438\u0441\u0442\u043e\u043c \u043c\u0435\u043c\u0431\u0440\u0430\u043d\u043d\u043e\u0433\u043e \u0440\u0435\u0446\u0435\u043f\u0442\u043e\u0440\u0430 \u043d\u0438\u043a\u043e\u0442\u0438\u043d\u043e\u0432\u043e\u0433\u043e \u0430\u0446\u0435\u0442\u0438\u043b\u0445\u043e\u043b\u0438\u043d\u0430 \u0432 \u043c\u044b\u0448\u0446\u0430\u0445. \u041f\u043e\u0441\u043a\u043e\u043b\u044c\u043a\u0443 \u0440\u0435\u0446\u0435\u043f\u0442\u043e\u0440\u044b \u043d\u0438\u043a\u043e\u0442\u0438\u043d\u0430 ACh \u0432 \u043c\u044b\u0448\u0446\u0430\u0445 \u0431\u043b\u043e\u043a\u0438\u0440\u0443\u044e\u0442\u0441\u044f, \u0438\u043e\u043d\u043d\u044b\u0435 \u043a\u0430\u043d\u0430\u043b\u044b \u043e\u0441\u0442\u0430\u044e\u0442\u0441\u044f \u0437\u0430\u043a\u0440\u044b\u0442\u044b\u043c\u0438. \u041f\u043e\u0433\u043b\u043e\u0449\u0435\u043d\u0438\u0435 Na+ \u043d\u0435 \u043f\u0440\u043e\u0438\u0441\u0445\u043e\u0434\u0438\u0442, \u0438 \u043c\u044b\u0448\u0435\u0447\u043d\u044b\u0435 \u043a\u043b\u0435\u0442\u043a\u0438 \u043e\u0441\u0442\u0430\u044e\u0442\u0441\u044f \u0440\u0430\u0441\u0441\u043b\u0430\u0431\u043b\u0435\u043d\u043d\u044b\u043c\u0438. \u041f\u0435\u0440\u0435\u0434\u0430\u0447\u0430 \u043d\u0435\u0440\u0432\u043d\u044b\u0445 \u0438\u043c\u043f\u0443\u043b\u044c\u0441\u043e\u0432 \u0432 \u043c\u044b\u0448\u0446\u044b \u043f\u043e\u0434\u0430\u0432\u043b\u044f\u0435\u0442\u0441\u044f, \u0447\u0442\u043e \u043f\u0440\u0438\u0432\u043e\u0434\u0438\u0442 \u043a \u0440\u0430\u0441\u0441\u043b\u0430\u0431\u043b\u0435\u043d\u0438\u044e \u043b\u0438\u0446\u0435\u0432\u044b\u0445 \u043c\u044b\u0448\u0446. \u041c\u043e\u043b\u0435\u043a\u0443\u043b\u0430 SYN AKE, \u0441\u043e\u0441\u0442\u043e\u044f\u0449\u0430\u044f \u0432\u0441\u0435\u0433\u043e \u0438\u0437 \u0442\u0440\u0435\u0445 \u0430\u043c\u0438\u043d\u043e\u043a\u0438\u0441\u043b\u043e\u0442, \u0431\u043b\u0430\u0433\u043e\u0434\u0430\u0440\u044f \u0441\u0432\u043e\u0435\u043c\u0443 \u0440\u0430\u0437\u043c\u0435\u0440\u0443 \u0438 \u043f\u0440\u043e\u0441\u0442\u043e\u0442\u0435 \u043c\u043e\u0436\u0435\u0442 \u0442\u0440\u0430\u043d\u0441\u043f\u043e\u0440\u0442\u0438\u0440\u043e\u0432\u0430\u0442\u044c\u0441\u044f \u0441 \u043a\u043e\u0441\u043c\u0435\u0442\u0438\u0447\u0435\u0441\u043a\u0438\u043c\u0438 \u0441\u0440\u0435\u0434\u0441\u0442\u0432\u0430\u043c\u0438 \u0438 \u0441\u043f\u043e\u0441\u043e\u0431\u043d\u0430 \u043f\u043e\u0434\u0430\u0432\u043b\u044f\u0442\u044c \u043c\u0438\u043c\u0438\u0447\u0435\u0441\u043a\u0438\u0435 \u0434\u0432\u0438\u0436\u0435\u043d\u0438\u044f, \u0442\u0435\u043c \u0441\u0430\u043c\u044b\u043c \u043f\u0440\u0435\u0434\u043e\u0442\u0432\u0440\u0430\u0449\u0430\u044f \u043e\u0431\u0440\u0430\u0437\u043e\u0432\u0430\u043d\u0438\u0435 \u043c\u0438\u043c\u0438\u0447\u0435\u0441\u043a\u0438\u0445 \u043b\u0438\u043d\u0438\u0439.<\/li>\n<li><strong>\u0412\u0438\u0442\u0430\u043c\u0438\u043d\u044b E \u0438 C:<\/strong>\u00a0\u0431\u043b\u0430\u0433\u043e\u0434\u0430\u0440\u044f \u0441\u0432\u043e\u0435\u0439 \u0430\u043a\u0442\u0438\u0432\u043d\u043e\u0439 \u0441\u043f\u043e\u0441\u043e\u0431\u043d\u043e\u0441\u0442\u0438 \u0443\u0441\u0442\u0440\u0430\u043d\u044f\u0442\u044c \u0441\u0432\u043e\u0431\u043e\u0434\u043d\u044b\u0435 \u0440\u0430\u0434\u0438\u043a\u0430\u043b\u044b, \u043e\u043d\u0438 \u0437\u0430\u0449\u0438\u0449\u0430\u044e\u0442 \u043a\u043e\u0436\u0443 \u043e\u0442 \u0432\u043d\u0435\u0448\u043d\u0438\u0445 \u0444\u0430\u043a\u0442\u043e\u0440\u043e\u0432 (\u0437\u0430\u0433\u0440\u044f\u0437\u043d\u0435\u043d\u0438\u0435, UV-A, UV-B), \u043a\u043e\u0442\u043e\u0440\u044b\u0435 \u0432\u0440\u0435\u0434\u043d\u044b \u0438 \u043c\u043e\u0433\u0443\u0442 \u0432\u044b\u0437\u0432\u0430\u0442\u044c \u043f\u0440\u0435\u0436\u0434\u0435\u0432\u0440\u0435\u043c\u0435\u043d\u043d\u043e\u0435 \u0441\u0442\u0430\u0440\u0435\u043d\u0438\u0435 \u043a\u043e\u0436\u0438.<\/li>\n<li><strong>\u0412\u0438\u0442\u0430\u043c\u0438\u043d A<\/strong>\u00a0\u0420\u0435\u0442\u0438\u043d\u043e\u043b \u0441\u043e\u0445\u0440\u0430\u043d\u044f\u0435\u0442 \u0446\u0435\u043b\u043e\u0441\u0442\u043d\u043e\u0441\u0442\u044c \u043a\u043e\u0436\u0438 \u0438 \u0432\u043e\u0441\u0441\u0442\u0430\u043d\u0430\u0432\u043b\u0438\u0432\u0430\u0435\u0442 \u043f\u043e\u0432\u0440\u0435\u0436\u0434\u0435\u043d\u043d\u044b\u0435 \u043a\u043b\u0435\u0442\u043a\u0438. \u0412\u0438\u0442\u0430\u043c\u0438\u043d A \u0434\u0435\u0439\u0441\u0442\u0432\u0438\u0442\u0435\u043b\u044c\u043d\u043e \u043e\u0447\u0435\u043d\u044c \u043f\u043e\u043b\u0435\u0437\u0435\u043d \u043f\u0440\u0438 \u043b\u0435\u0447\u0435\u043d\u0438\u0438 \u0442\u0440\u0435\u0441\u043d\u0443\u0432\u0448\u0435\u0439, \u043f\u043e\u043a\u0440\u0430\u0441\u043d\u0435\u0432\u0448\u0435\u0439 \u0438 \u0440\u0430\u0437\u0434\u0440\u0430\u0436\u0435\u043d\u043d\u043e\u0439 \u043a\u043e\u0436\u0438. \u041e\u043d \u0442\u0430\u043a\u0436\u0435 \u043e\u0431\u043b\u0430\u0434\u0430\u0435\u0442 \u0440\u0435\u0433\u0443\u043b\u044f\u0442\u043e\u0440\u043d\u044b\u043c \u044d\u0444\u0444\u0435\u043a\u0442\u043e\u043c \u043d\u0430 \u0432\u044b\u0440\u0430\u0431\u043e\u0442\u043a\u0443 \u0441\u0435\u0431\u0443\u043c\u0430, \u0431\u0430\u043b\u0430\u043d\u0441\u0438\u0440\u0443\u044f \u043f\u0440\u043e\u0438\u0437\u0432\u043e\u0434\u0441\u0442\u0432\u043e \u043c\u0430\u0441\u043b\u0430 \u0432 \u043a\u043e\u0436\u0435.<\/li>\n<\/ul>\n<h6><strong>\u041f\u041e\u041a\u0410\u0417\u0410\u041d\u0418\u042f<\/strong><\/h6>\n<ul>\n<li>K\u00f5rvaldab vananemise m\u00f5ju, eriti t\u00f5hus n\u00e4okortsude korral \u2013 N\u00e4htav s\u00fcgav kortsude silumine juba kuu aja p\u00e4rast.<\/li>\n<li>\u041f\u043e\u043c\u043e\u0433\u0430\u0435\u0442 \u0440\u0430\u0441\u0441\u043b\u0430\u0431\u0438\u0442\u044c \u043b\u0438\u0446\u043e, \u043d\u0435 \u0442\u0435\u0440\u044f\u044f \u0432\u044b\u0440\u0430\u0437\u0438\u0442\u0435\u043b\u044c\u043d\u043e\u0441\u0442\u0438.<\/li>\n<li>\u0410\u043d\u0442\u0438\u0432\u043e\u0437\u0440\u0430\u0441\u0442\u043d\u043e\u0439, \u0440\u0430\u043d\u043d\u0438\u0435 \u043f\u0440\u0438\u0437\u043d\u0430\u043a\u0438 \u0441\u0442\u0430\u0440\u0435\u043d\u0438\u044f \u043a\u043e\u0436\u0438.<\/li>\n<li>\u0421\u043d\u0438\u0436\u0435\u043d\u0438\u0435 \u043c\u043e\u0440\u0449\u0438\u043d \u0432 \u0446\u0435\u043b\u043e\u043c, \u0438 \u043e\u0441\u043e\u0431\u0435\u043d\u043d\u043e \u0441\u043d\u0438\u0436\u0435\u043d\u0438\u0435 \u043c\u0438\u043c\u0438\u0447\u0435\u0441\u043a\u0438\u0445 \u043b\u0438\u043d\u0438\u0439.<\/li>\n<li>\u0413\u043b\u0443\u0431\u043e\u043a\u0438\u0435 \u043c\u043e\u0440\u0449\u0438\u043d\u044b.<\/li>\n<li>\u0423\u043b\u0443\u0447\u0448\u0430\u0435\u0442 \u0441\u0442\u0440\u0443\u043a\u0442\u0443\u0440\u0443 \u043a\u043e\u0436\u0438 \u0438 \u0441\u043e\u0435\u0434\u0438\u043d\u0438\u0442\u0435\u043b\u044c\u043d\u043e\u0439 \u0442\u043a\u0430\u043d\u0438.<\/li>\n<li>\u0421\u0438\u043b\u044c\u043d\u043e\u0435 \u0440\u0430\u0434\u0438\u043a\u0430\u043b\u0438\u0432astane \u0434\u0435\u0439\u0441\u0442\u0432\u0438\u0435.<\/li>\n<\/ul>\n<h6><strong>\u041f\u0420\u0418\u041c\u0415\u041d\u0415\u041d\u0418\u0415<\/strong><\/h6>\n<ul>\n<li>N\u00e4gu: 1,0 ml \u2013 2,0 ml<\/li>\n<li>\u0412\u0441\u0435 \u043b\u0438\u0446\u043e: 5,0 \u043c\u043b (\u043b\u0438\u0446\u043e, \u0448\u0435\u044f, \u0434\u0435\u043a\u043e\u043b\u044c\u0442\u0435).<\/li>\n<li>\u0428\u0435\u044f: 1,0 \u043c\u043b<\/li>\n<li>\u0414\u0435\u043a\u043e\u043b\u044c\u0442\u0435: 2,5 \u043c\u043b<\/li>\n<li>\u0420\u0443\u043a\u0438: 1,0 \u043c\u043b \u043d\u0430 \u0440\u0443\u043a\u0443<\/li>\n<\/ul>\n<p><strong>\u0427\u0430\u0441\u0442\u043e\u0442\u0430:<\/strong>\u00a0\u043e\u0434\u0438\u043d \u0440\u0430\u0437 \u043a\u0430\u0436\u0434\u044b\u0435 15 \u0434\u043d\u0435\u0439 \u0432 \u0442\u0435\u0447\u0435\u043d\u0438\u0435 3 \u043c\u0435\u0441\u044f\u0446\u0435\u0432.<\/p>","protected":false},"excerpt":{"rendered":"<p class=\"tw-data-text tw-text-large tw-ta\" dir=\"ltr\" data-placeholder=\"T\u00f5lge\">Global Meso Peptide \u2014 \u044d\u0442\u043e \u043d\u0435\u0438\u043d\u0432\u0430\u0437\u0438\u0432\u043d\u0430\u044f \u0444\u043e\u0440\u043c\u0430 \u043c\u0435\u0437\u043e\u0442\u0435\u0440\u0430\u043f\u0438\u0438 (Dermaroller, Mesoroller \u0438 \u0434\u0440.), \u043e\u0441\u043d\u043e\u0432\u0430\u043d\u043d\u0430\u044f \u043d\u0430 \u0440\u0435\u0433\u0435\u043d\u0435\u0440\u0430\u0442\u0438\u0432\u043d\u044b\u0445 \u0438 \u0441\u0442\u0438\u043c\u0443\u043b\u0438\u0440\u0443\u044e\u0449\u0438\u0445 \u0441\u0432\u043e\u0439\u0441\u0442\u0432\u0430\u0445 \u043f\u0435\u043f\u0442\u0438\u0434\u043e\u0432.<\/p>\n<p dir=\"ltr\" data-placeholder=\"T\u00f5lge\"><span class=\"Y2IQFc\" lang=\"et\">\u0411\u043b\u0430\u0433\u043e\u0434\u0430\u0440\u044f \u0441\u043e\u0434\u0435\u0440\u0436\u0430\u0449\u0438\u043c\u0441\u044f \u0432 \u043d\u0435\u043c \u043d\u0430\u0442\u0443\u0440\u0430\u043b\u044c\u043d\u044b\u043c \u0438\u043d\u0433\u0440\u0435\u0434\u0438\u0435\u043d\u0442\u0430\u043c, \u043e\u043d \u043e\u0431\u043b\u0430\u0434\u0430\u0435\u0442 \u0446\u0435\u043d\u043d\u044b\u043c \u0430\u043d\u0442\u0438\u0432\u043e\u0437\u0440\u0430\u0441\u0442\u043d\u044b\u043c \u044d\u0444\u0444\u0435\u043a\u0442\u043e\u043c.<\/span><\/p>\n<p class=\"tw-data-text tw-text-large tw-ta\" dir=\"ltr\" data-placeholder=\"T\u00f5lge\"><span style=\"font-size: 16px;\">\u041e\u043d \u043d\u0435\u0439\u0442\u0440\u0430\u043b\u0438\u0437\u0443\u0435\u0442 \u0432\u043b\u0438\u044f\u043d\u0438\u0435 \u0432\u0440\u0435\u043c\u0435\u043d\u0438, \u043e\u043a\u0430\u0437\u044b\u0432\u0430\u044f \u0437\u043d\u0430\u0447\u0438\u0442\u0435\u043b\u044c\u043d\u043e\u0435 \u0440\u0430\u0434\u0438\u043a\u0430\u043bivastane ja \u0430\u043d\u0442\u0438\u043e\u043a\u0441\u0438\u0434\u0430\u043d\u0442\u043d\u043e\u0435 \u0434\u0435\u0439\u0441\u0442\u0432\u0438\u0435.<\/span><\/p>\n<p class=\"tw-data-text tw-text-large tw-ta\" dir=\"ltr\" data-placeholder=\"T\u00f5lge\"><span style=\"font-size: 16px;\">\u041e\u043d \u0440\u0430\u0441\u0441\u043b\u0430\u0431\u043b\u044f\u0435\u0442 \u043b\u0438\u0446\u0435\u0432\u044b\u0435 \u043c\u044b\u0448\u0446\u044b, \u043e\u043a\u0430\u0437\u044b\u0432\u0430\u044f \u0437\u0430\u043c\u0435\u0442\u043d\u043e\u0435 \u0432\u043b\u0438\u044f\u043d\u0438\u0435 \u043d\u0430 \u0447\u0435\u0440\u0442\u044b \u043b\u0438\u0446\u0430.<\/span><\/p>\n<p class=\"tw-data-text tw-text-large tw-ta\" dir=\"ltr\" data-placeholder=\"T\u00f5lge\"><span class=\"Y2IQFc\" lang=\"et\"> \u041a\u043e\u0436\u0430 \u0433\u043b\u0430\u0434\u043a\u0430\u044f, \u0440\u0430\u0441\u0441\u043b\u0430\u0431\u043b\u0435\u043d\u043d\u0430\u044f \u0438 \u0436\u0438\u0437\u043d\u0435\u043d\u043d\u0430\u044f. <\/span><\/p>\n<p dir=\"ltr\" data-placeholder=\"T\u00f5lge\">1 \u043a\u043e\u0440\u043e\u0431\u043a\u0430 = 10 \u0444\u043b\u0430\u043a\u043e\u043d\u043e\u0432 \u043f\u043e 5 \u043c\u043b \u043a\u0430\u0436\u0434\u044b\u0439.<\/p>","protected":false},"featured_media":1456,"comment_status":"closed","ping_status":"closed","template":"","meta":{"_uag_custom_page_level_css":"","site-sidebar-layout":"default","site-content-layout":"","ast-site-content-layout":"default","site-content-style":"default","site-sidebar-style":"default","ast-global-header-display":"","ast-banner-title-visibility":"","ast-main-header-display":"","ast-hfb-above-header-display":"","ast-hfb-below-header-display":"","ast-hfb-mobile-header-display":"","site-post-title":"","ast-breadcrumbs-content":"","ast-featured-img":"","footer-sml-layout":"","ast-disable-related-posts":"","theme-transparent-header-meta":"default","adv-header-id-meta":"","stick-header-meta":"","header-above-stick-meta":"","header-main-stick-meta":"","header-below-stick-meta":"","astra-migrate-meta-layouts":"set","ast-page-background-enabled":"default","ast-page-background-meta":{"desktop":{"background-color":"var(--ast-global-color-4)","background-image":"","background-repeat":"repeat","background-position":"center center","background-size":"auto","background-attachment":"scroll","background-type":"","background-media":"","overlay-type":"","overlay-color":"","overlay-opacity":"","overlay-gradient":""},"tablet":{"background-color":"","background-image":"","background-repeat":"repeat","background-position":"center center","background-size":"auto","background-attachment":"scroll","background-type":"","background-media":"","overlay-type":"","overlay-color":"","overlay-opacity":"","overlay-gradient":""},"mobile":{"background-color":"","background-image":"","background-repeat":"repeat","background-position":"center center","background-size":"auto","background-attachment":"scroll","background-type":"","background-media":"","overlay-type":"","overlay-color":"","overlay-opacity":"","overlay-gradient":""}},"ast-content-background-meta":{"desktop":{"background-color":"var(--ast-global-color-5)","background-image":"","background-repeat":"repeat","background-position":"center center","background-size":"auto","background-attachment":"scroll","background-type":"","background-media":"","overlay-type":"","overlay-color":"","overlay-opacity":"","overlay-gradient":""},"tablet":{"background-color":"var(--ast-global-color-5)","background-image":"","background-repeat":"repeat","background-position":"center center","background-size":"auto","background-attachment":"scroll","background-type":"","background-media":"","overlay-type":"","overlay-color":"","overlay-opacity":"","overlay-gradient":""},"mobile":{"background-color":"var(--ast-global-color-5)","background-image":"","background-repeat":"repeat","background-position":"center center","background-size":"auto","background-attachment":"scroll","background-type":"","background-media":"","overlay-type":"","overlay-color":"","overlay-opacity":"","overlay-gradient":""}}},"product_brand":[],"product_cat":[96,127,78,97],"product_tag":[],"class_list":{"0":"post-1785","1":"product","2":"type-product","3":"status-publish","4":"has-post-thumbnail","6":"product_cat-brands","7":"product_cat-eksosoomid","8":"product_cat-global-meso","9":"product_cat-naole","10":"desktop-align-left","11":"tablet-align-left","12":"mobile-align-left","14":"first","15":"instock","16":"taxable","17":"shipping-taxable","18":"product-type-simple","19":"add-to-wishlist-before_image"},"uagb_featured_image_src":{"full":["https:\/\/kosmeetika24.com\/wp-content\/uploads\/2023\/10\/GM-peptide.png",600,600,false],"thumbnail":["https:\/\/kosmeetika24.com\/wp-content\/uploads\/2023\/10\/GM-peptide-150x150.png",150,150,true],"medium":["https:\/\/kosmeetika24.com\/wp-content\/uploads\/2023\/10\/GM-peptide-300x300.png",300,300,true],"medium_large":["https:\/\/kosmeetika24.com\/wp-content\/uploads\/2023\/10\/GM-peptide.png",600,600,false],"large":["https:\/\/kosmeetika24.com\/wp-content\/uploads\/2023\/10\/GM-peptide.png",600,600,false],"1536x1536":["https:\/\/kosmeetika24.com\/wp-content\/uploads\/2023\/10\/GM-peptide.png",600,600,false],"2048x2048":["https:\/\/kosmeetika24.com\/wp-content\/uploads\/2023\/10\/GM-peptide.png",600,600,false],"trp-custom-language-flag":["https:\/\/kosmeetika24.com\/wp-content\/uploads\/2023\/10\/GM-peptide-12x12.png",12,12,true],"woocommerce_thumbnail":["https:\/\/kosmeetika24.com\/wp-content\/uploads\/2023\/10\/GM-peptide-300x300.png",300,300,true],"woocommerce_single":["https:\/\/kosmeetika24.com\/wp-content\/uploads\/2023\/10\/GM-peptide-500x500.png",500,500,true],"woocommerce_gallery_thumbnail":["https:\/\/kosmeetika24.com\/wp-content\/uploads\/2023\/10\/GM-peptide-100x100.png",100,100,true]},"uagb_author_info":{"display_name":"admin","author_link":"https:\/\/kosmeetika24.com\/ru\/author\/"},"uagb_comment_info":0,"uagb_excerpt":"Global Meso Peptide\u00a0on mesoteraapia mitteinvasiivne vorm (Dermaroller, Mesoroller jne), mis p\u00f5hineb peptiidide regenereerivatel ja stimuleerivatel omadustel. Omab t\u00e4nu selles sisalduvatele looduslikele koostisosadele v\u00e4\u00e4rtuslikku vananemisvastast toimet. Neutraliseerib aja m\u00f5ju, avaldades olulist radikaalidevastast ja antioks\u00fcdantset toimet. L\u00f5\u00f5gastab n\u00e4olihaseid, millel on ilmne m\u00f5ju miimikajoontele. Nahk on sile, l\u00f5dvestunud, eluj\u00f5uline. 1 box = 10 vials of 5mL e.a.","_links":{"self":[{"href":"https:\/\/kosmeetika24.com\/ru\/wp-json\/wp\/v2\/product\/1785","targetHints":{"allow":["GET"]}}],"collection":[{"href":"https:\/\/kosmeetika24.com\/ru\/wp-json\/wp\/v2\/product"}],"about":[{"href":"https:\/\/kosmeetika24.com\/ru\/wp-json\/wp\/v2\/types\/product"}],"replies":[{"embeddable":true,"href":"https:\/\/kosmeetika24.com\/ru\/wp-json\/wp\/v2\/comments?post=1785"}],"version-history":[{"count":3,"href":"https:\/\/kosmeetika24.com\/ru\/wp-json\/wp\/v2\/product\/1785\/revisions"}],"predecessor-version":[{"id":5450,"href":"https:\/\/kosmeetika24.com\/ru\/wp-json\/wp\/v2\/product\/1785\/revisions\/5450"}],"wp:featuredmedia":[{"embeddable":true,"href":"https:\/\/kosmeetika24.com\/ru\/wp-json\/wp\/v2\/media\/1456"}],"wp:attachment":[{"href":"https:\/\/kosmeetika24.com\/ru\/wp-json\/wp\/v2\/media?parent=1785"}],"wp:term":[{"taxonomy":"product_brand","embeddable":true,"href":"https:\/\/kosmeetika24.com\/ru\/wp-json\/wp\/v2\/product_brand?post=1785"},{"taxonomy":"product_cat","embeddable":true,"href":"https:\/\/kosmeetika24.com\/ru\/wp-json\/wp\/v2\/product_cat?post=1785"},{"taxonomy":"product_tag","embeddable":true,"href":"https:\/\/kosmeetika24.com\/ru\/wp-json\/wp\/v2\/product_tag?post=1785"}],"curies":[{"name":"wp","href":"https:\/\/api.w.org\/{rel}","templated":true}]}}