{"id":1765,"date":"2023-11-28T14:37:12","date_gmt":"2023-11-28T14:37:12","guid":{"rendered":"https:\/\/kosmeetika24.com\/?post_type=product&#038;p=1765"},"modified":"2025-07-02T14:31:07","modified_gmt":"2025-07-02T11:31:07","slug":"bruno-vassari-sun-defense-paikesekaitsepihus-spf40","status":"publish","type":"product","link":"https:\/\/kosmeetika24.com\/ru\/product\/bruno-vassari-sun-defense-paikesekaitsepihus-spf40\/","title":{"rendered":"BRUNO VASSARI Sun Defense \u0441\u043e\u043b\u043d\u0446\u0435\u0437\u0430\u0449\u0438\u0442\u043d\u044b\u0439 \u0441\u043f\u0440\u0435\u0439 SPF40"},"content":{"rendered":"<p><em>Sunlight Protective Water SPF<\/em> 40 \u2014 \u044d\u0442\u043e \u0434\u0432\u0443\u0445\u0444\u0430\u0437\u043d\u0430\u044f \u0437\u0430\u0449\u0438\u0442\u043d\u0430\u044f \u0432\u043e\u0434\u0430 \u0441 \u0432\u044b\u0441\u043e\u043a\u0438\u043c \u0443\u0440\u043e\u0432\u043d\u0435\u043c \u0437\u0430\u0449\u0438\u0442\u044b, \u043e\u0431\u043b\u0430\u0434\u0430\u044e\u0449\u0430\u044f \u0441\u0432\u0435\u0436\u0435\u0439 \u0438 \u043b\u0435\u0433\u043a\u043e\u0439 \u0442\u0435\u043a\u0441\u0442\u0443\u0440\u043e\u0439. \u041f\u0430\u043d\u0442\u0435\u043d\u043e\u043b \u0432 \u0441\u043e\u0441\u0442\u0430\u0432\u0435 \u0443\u0432\u043b\u0430\u0436\u043d\u044f\u0435\u0442, \u0437\u0430\u0449\u0438\u0449\u0430\u0435\u0442 \u043a\u043e\u0436\u0443 \u0432\u043e \u0432\u0440\u0435\u043c\u044f \u043f\u0440\u0435\u0431\u044b\u0432\u0430\u043d\u0438\u044f \u043d\u0430 \u0441\u043e\u043b\u043d\u0446\u0435 \u0438 \u043f\u043e\u043c\u043e\u0433\u0430\u0435\u0442 \u0435\u0439 \u0432\u043e\u0441\u0441\u0442\u0430\u043d\u043e\u0432\u0438\u0442\u044c\u0441\u044f \u043f\u043e\u0441\u043b\u0435 \u044d\u0442\u043e\u0433\u043e. \u0411\u043b\u0430\u0433\u043e\u0434\u0430\u0440\u044f \u043b\u0435\u0433\u043a\u043e\u0439 \u0442\u0435\u043a\u0441\u0442\u0443\u0440\u0435, \u0435\u0435 \u043b\u0435\u0433\u043a\u043e \u043d\u0430\u043d\u043e\u0441\u0438\u0442\u044c \u043d\u0430 \u043a\u043e\u0436\u0443. \u041e\u043f\u0442\u0438\u043c\u0430\u043b\u044c\u043d\u043e\u0435 \u0441\u043e\u043e\u0442\u043d\u043e\u0448\u0435\u043d\u0438\u0435 \u0444\u0438\u043b\u044c\u0442\u0440\u043e\u0432 UVA \u0438 UVB \u043f\u043e\u043c\u043e\u0433\u0430\u0435\u0442 \u0437\u0430\u0449\u0438\u0442\u0438\u0442\u044c \u043a\u043e\u0436\u0443 \u043a\u0430\u043a \u0441\u043d\u0430\u0440\u0443\u0436\u0438, \u0442\u0430\u043a \u0438 \u0438\u0437\u043d\u0443\u0442\u0440\u0438 \u043e\u0442 \u0438\u0437\u043b\u0443\u0447\u0435\u043d\u0438\u044f, \u0441\u043e\u043b\u043d\u0435\u0447\u043d\u044b\u0445 \u043e\u0436\u043e\u0433\u043e\u0432 \u0438 \u043f\u0440\u0435\u0436\u0434\u0435\u0432\u0440\u0435\u043c\u0435\u043d\u043d\u043e\u0433\u043e \u0444\u043e\u0442\u043e\u0441\u0442\u0430\u0440\u0435\u043d\u0438\u044f.<\/p>\n<p>\u0422\u0430\u043a\u0436\u0435 \u043f\u043e\u0434\u0445\u043e\u0434\u0438\u0442 \u043f\u043e\u0434 \u043c\u0430\u043a\u0438\u044f\u0436, \u0442\u0430\u043a \u043a\u0430\u043a \u0441\u043e\u0434\u0435\u0440\u0436\u0438\u0442 \u0432 \u0441\u0432\u043e\u0435\u043c \u0441\u043e\u0441\u0442\u0430\u0432\u0435 \u043c\u0430\u0442\u0438\u0440\u0443\u044e\u0449\u0438\u0435 \u0432\u0435\u0449\u0435\u0441\u0442\u0432\u0430.<\/p>\n<div>\n<p>\u041f\u043e\u0434\u0445\u043e\u0434\u0438\u0442 \u0434\u043b\u044f \u0432\u0441\u0435\u0445 \u0442\u0438\u043f\u043e\u0432 \u043a\u043e\u0436\u0438.<\/p>\n<p>\u041b\u0435\u0433\u043a\u0430\u044f \u0442\u0435\u043a\u0441\u0442\u0443\u0440\u0430 \u0438\u0434\u0435\u0430\u043b\u044c\u043d\u043e \u043f\u043e\u0434\u0445\u043e\u0434\u0438\u0442 \u0434\u043b\u044f \u0441\u043f\u043e\u0440\u0442\u0441\u043c\u0435\u043d\u043e\u0432, \u0437\u0430\u043d\u0438\u043c\u0430\u044e\u0449\u0438\u0445\u0441\u044f \u0441\u043f\u043e\u0440\u0442\u043e\u043c \u043d\u0430 \u043e\u0442\u043a\u0440\u044b\u0442\u043e\u043c \u0432\u043e\u0437\u0434\u0443\u0445\u0435.<\/p>\n<p><strong>\u041f\u0440\u0438\u043c\u0435\u043d\u0435\u043d\u0438\u0435<\/strong><\/p>\n<ul>\n<li>\u0411\u0435\u0437\u043c\u0430\u0441\u043b\u044f\u043d\u044b\u0439 \u0441\u043e\u043b\u043d\u0446\u0435\u0437\u0430\u0449\u0438\u0442\u043d\u044b\u0439 \u0441\u043f\u0440\u0435\u0439 \u043d\u0430\u043d\u043e\u0441\u0438\u0442\u0435 \u043d\u0430 \u043a\u043e\u0436\u0443 \u0437\u0430 30 \u043c\u0438\u043d\u0443\u0442 \u0434\u043e \u0432\u043e\u0437\u0434\u0435\u0439\u0441\u0442\u0432\u0438\u044f \u0441\u043e\u043b\u043d\u0435\u0447\u043d\u044b\u0445 \u043b\u0443\u0447\u0435\u0439, \u0440\u0430\u0432\u043d\u043e\u043c\u0435\u0440\u043d\u043e \u0440\u0430\u0441\u043f\u0440\u0435\u0434\u0435\u043b\u044f\u044f \u043f\u0440\u043e\u0434\u0443\u043a\u0442 \u043f\u043e \u043a\u043e\u0436\u0435. \u041d\u0435 \u0440\u0430\u0441\u043f\u044b\u043b\u044f\u0439\u0442\u0435 \u043d\u0435\u043f\u043e\u0441\u0440\u0435\u0434\u0441\u0442\u0432\u0435\u043d\u043d\u043e \u043d\u0430 \u043b\u0438\u0446\u043e.<\/li>\n<li>\u041d\u0430\u043d\u043e\u0441\u0438\u0442\u0435 \u043f\u0440\u043e\u0434\u0443\u043a\u0442 \u0441\u043d\u043e\u0432\u0430 \u043d\u0430 \u043a\u043e\u0436\u0443 \u043f\u0440\u0438 \u0444\u0438\u0437\u0438\u0447\u0435\u0441\u043a\u043e\u0439 \u0430\u043a\u0442\u0438\u0432\u043d\u043e\u0441\u0442\u0438 \u0438\u043b\u0438 \u043f\u043e\u0441\u043b\u0435 \u043a\u0443\u043f\u0430\u043d\u0438\u044f.<\/li>\n<\/ul>\n<p><strong>\u0421\u043e\u0441\u0442\u0430\u0432<\/strong><\/p>\n<p><span style=\"font-size: 14px;\">AQUA (WATER), DICAPRYLYL CARBONARE, DIBUTYL ADIPATE, ISOHEXADECANE, OCTOCRYLENE, PROPANEDIOL, ETHYLHEXYL\u00a0 SALICYLATE, BUTYL METHOXYDIBENZOYLMETHANE, 4-METHYLBENZYLIDENE CAMPHOR, PHENYLBENZIMIDAZOLE SULFONIC ACID, GLYCERIN TROMETHAMINE,SODIUM CHLORIDE, PANTHENOL, PHENOXYETHANOL, PROPYLENE GLYCOL, PARFUM (FRAGRANCE), TOCOPHERYL ACETATE,\u00a0 CHLORPHENESIN, DISODIUM EDTA, CAPRYLYL GLYCOL, PHENYLPROPANOL, METHYLPROPANEDIOL, SODIUM SULFATE, LINALOOL, LIMONENE, CITRONELLOL, HEXYL CINNAMAL, BUTYLPHENYL METHYLPROPIONAL, C.I. 4200 (FD&C BLUE NO.1), C.I. 61565 (D&C GREEN NO.6).<\/span><\/p>\n<\/div>","protected":false},"excerpt":{"rendered":"<p>\u041e\u043d \u0437\u0430\u0449\u0438\u0449\u0430\u0435\u0442 \u043a\u043e\u0436\u0443 \u0432\u043e \u0432\u0440\u0435\u043c\u044f \u043f\u0440\u0435\u0431\u044b\u0432\u0430\u043d\u0438\u044f \u043d\u0430 \u0441\u043e\u043b\u043d\u0446\u0435 \u0438 \u043f\u043e\u043c\u043e\u0433\u0430\u0435\u0442 \u0435\u0439 \u0432\u043e\u0441\u0441\u0442\u0430\u043d\u043e\u0432\u0438\u0442\u044c\u0441\u044f \u043f\u043e\u0441\u043b\u0435 \u044d\u0442\u043e\u0433\u043e.<\/p>\n<p>&nbsp;<\/p>\n<p>200 ml<\/p>","protected":false},"featured_media":1766,"comment_status":"open","ping_status":"closed","template":"","meta":{"_uag_custom_page_level_css":"","site-sidebar-layout":"default","site-content-layout":"","ast-site-content-layout":"default","site-content-style":"default","site-sidebar-style":"default","ast-global-header-display":"","ast-banner-title-visibility":"","ast-main-header-display":"","ast-hfb-above-header-display":"","ast-hfb-below-header-display":"","ast-hfb-mobile-header-display":"","site-post-title":"","ast-breadcrumbs-content":"","ast-featured-img":"","footer-sml-layout":"","ast-disable-related-posts":"","theme-transparent-header-meta":"default","adv-header-id-meta":"","stick-header-meta":"","header-above-stick-meta":"","header-main-stick-meta":"","header-below-stick-meta":"","astra-migrate-meta-layouts":"set","ast-page-background-enabled":"default","ast-page-background-meta":{"desktop":{"background-color":"var(--ast-global-color-4)","background-image":"","background-repeat":"repeat","background-position":"center center","background-size":"auto","background-attachment":"scroll","background-type":"","background-media":"","overlay-type":"","overlay-color":"","overlay-opacity":"","overlay-gradient":""},"tablet":{"background-color":"","background-image":"","background-repeat":"repeat","background-position":"center center","background-size":"auto","background-attachment":"scroll","background-type":"","background-media":"","overlay-type":"","overlay-color":"","overlay-opacity":"","overlay-gradient":""},"mobile":{"background-color":"","background-image":"","background-repeat":"repeat","background-position":"center center","background-size":"auto","background-attachment":"scroll","background-type":"","background-media":"","overlay-type":"","overlay-color":"","overlay-opacity":"","overlay-gradient":""}},"ast-content-background-meta":{"desktop":{"background-color":"var(--ast-global-color-5)","background-image":"","background-repeat":"repeat","background-position":"center center","background-size":"auto","background-attachment":"scroll","background-type":"","background-media":"","overlay-type":"","overlay-color":"","overlay-opacity":"","overlay-gradient":""},"tablet":{"background-color":"var(--ast-global-color-5)","background-image":"","background-repeat":"repeat","background-position":"center center","background-size":"auto","background-attachment":"scroll","background-type":"","background-media":"","overlay-type":"","overlay-color":"","overlay-opacity":"","overlay-gradient":""},"mobile":{"background-color":"var(--ast-global-color-5)","background-image":"","background-repeat":"repeat","background-position":"center center","background-size":"auto","background-attachment":"scroll","background-type":"","background-media":"","overlay-type":"","overlay-color":"","overlay-opacity":"","overlay-gradient":""}}},"product_brand":[],"product_cat":[96,97,73],"product_tag":[],"class_list":{"0":"post-1765","1":"product","2":"type-product","3":"status-publish","4":"has-post-thumbnail","6":"product_cat-brands","7":"product_cat-naole","8":"product_cat-sun-defense","9":"desktop-align-left","10":"tablet-align-left","11":"mobile-align-left","13":"first","14":"instock","15":"taxable","16":"shipping-taxable","17":"product-type-simple","18":"add-to-wishlist-before_image"},"uagb_featured_image_src":{"full":["https:\/\/kosmeetika24.com\/wp-content\/uploads\/2023\/11\/4081-Sunlight-Protective-Water.jpg",600,600,false],"thumbnail":["https:\/\/kosmeetika24.com\/wp-content\/uploads\/2023\/11\/4081-Sunlight-Protective-Water-150x150.jpg",150,150,true],"medium":["https:\/\/kosmeetika24.com\/wp-content\/uploads\/2023\/11\/4081-Sunlight-Protective-Water-300x300.jpg",300,300,true],"medium_large":["https:\/\/kosmeetika24.com\/wp-content\/uploads\/2023\/11\/4081-Sunlight-Protective-Water.jpg",600,600,false],"large":["https:\/\/kosmeetika24.com\/wp-content\/uploads\/2023\/11\/4081-Sunlight-Protective-Water.jpg",600,600,false],"1536x1536":["https:\/\/kosmeetika24.com\/wp-content\/uploads\/2023\/11\/4081-Sunlight-Protective-Water.jpg",600,600,false],"2048x2048":["https:\/\/kosmeetika24.com\/wp-content\/uploads\/2023\/11\/4081-Sunlight-Protective-Water.jpg",600,600,false],"trp-custom-language-flag":["https:\/\/kosmeetika24.com\/wp-content\/uploads\/2023\/11\/4081-Sunlight-Protective-Water-12x12.jpg",12,12,true],"woocommerce_thumbnail":["https:\/\/kosmeetika24.com\/wp-content\/uploads\/2023\/11\/4081-Sunlight-Protective-Water-300x300.jpg",300,300,true],"woocommerce_single":["https:\/\/kosmeetika24.com\/wp-content\/uploads\/2023\/11\/4081-Sunlight-Protective-Water-500x500.jpg",500,500,true],"woocommerce_gallery_thumbnail":["https:\/\/kosmeetika24.com\/wp-content\/uploads\/2023\/11\/4081-Sunlight-Protective-Water-100x100.jpg",100,100,true]},"uagb_author_info":{"display_name":"admin","author_link":"https:\/\/kosmeetika24.com\/ru\/author\/"},"uagb_comment_info":0,"uagb_excerpt":"Kaitseb nahka p\u00e4ikese k\u00e4es viibimise ajal ja aitab p\u00e4rast taastuda. &nbsp; 200 ml","_links":{"self":[{"href":"https:\/\/kosmeetika24.com\/ru\/wp-json\/wp\/v2\/product\/1765","targetHints":{"allow":["GET"]}}],"collection":[{"href":"https:\/\/kosmeetika24.com\/ru\/wp-json\/wp\/v2\/product"}],"about":[{"href":"https:\/\/kosmeetika24.com\/ru\/wp-json\/wp\/v2\/types\/product"}],"replies":[{"embeddable":true,"href":"https:\/\/kosmeetika24.com\/ru\/wp-json\/wp\/v2\/comments?post=1765"}],"version-history":[{"count":2,"href":"https:\/\/kosmeetika24.com\/ru\/wp-json\/wp\/v2\/product\/1765\/revisions"}],"predecessor-version":[{"id":5367,"href":"https:\/\/kosmeetika24.com\/ru\/wp-json\/wp\/v2\/product\/1765\/revisions\/5367"}],"wp:featuredmedia":[{"embeddable":true,"href":"https:\/\/kosmeetika24.com\/ru\/wp-json\/wp\/v2\/media\/1766"}],"wp:attachment":[{"href":"https:\/\/kosmeetika24.com\/ru\/wp-json\/wp\/v2\/media?parent=1765"}],"wp:term":[{"taxonomy":"product_brand","embeddable":true,"href":"https:\/\/kosmeetika24.com\/ru\/wp-json\/wp\/v2\/product_brand?post=1765"},{"taxonomy":"product_cat","embeddable":true,"href":"https:\/\/kosmeetika24.com\/ru\/wp-json\/wp\/v2\/product_cat?post=1765"},{"taxonomy":"product_tag","embeddable":true,"href":"https:\/\/kosmeetika24.com\/ru\/wp-json\/wp\/v2\/product_tag?post=1765"}],"curies":[{"name":"wp","href":"https:\/\/api.w.org\/{rel}","templated":true}]}}