{"id":1749,"date":"2023-11-23T12:39:30","date_gmt":"2023-11-23T12:39:30","guid":{"rendered":"https:\/\/kosmeetika24.com\/?post_type=product&#038;p=1749"},"modified":"2025-07-02T14:10:47","modified_gmt":"2025-07-02T11:10:47","slug":"bruno-vassari-body-care-tselluliidivastane-pulk","status":"publish","type":"product","link":"https:\/\/kosmeetika24.com\/ru\/product\/bruno-vassari-body-care-tselluliidivastane-pulk\/","title":{"rendered":"BRUNO VASSARI Body Care \u0430\u043d\u0442\u0438\u043a\u043b\u0435\u0442\u0443\u043b\u0438\u0442\u043d\u044b\u0439 \u0441\u0442\u044b\u043a"},"content":{"rendered":"<p>\u0410\u043d\u0442\u0438\u0446\u0435\u043b\u043b\u044e\u043b\u0438\u0442\u043d\u044b\u0439 \u0441\u0442\u044b\u043a <em>Silhouette Designer<\/em> \u0441 \u043f\u0440\u0438\u044f\u0442\u043d\u043e\u0439 \u0442\u0435\u043a\u0441\u0442\u0443\u0440\u043e\u0439 \u0438 \u043d\u0435\u0436\u043d\u044b\u043c \u0430\u0440\u043e\u043c\u0430\u0442\u043e\u043c \u044d\u0444\u0444\u0435\u043a\u0442\u0438\u0432\u043d\u043e \u0431\u043e\u0440\u0435\u0442\u0441\u044f \u0441 \u0441\u0430\u043c\u043e\u0439 \u0443\u043f\u043e\u0440\u043d\u043e\u0439 \u0446\u0435\u043b\u043b\u044e\u043b\u0438\u0442\u043e\u043c. \u0411\u043b\u0430\u0433\u043e\u0434\u0430\u0440\u044f \u0441\u0432\u043e\u0435\u043c\u0443 \u0434\u0438\u0437\u0430\u0439\u043d\u0443 \u0435\u0433\u043e \u043d\u0435 \u0442\u043e\u043b\u044c\u043a\u043e \u043b\u0435\u0433\u043a\u043e \u0438\u0441\u043f\u043e\u043b\u044c\u0437\u043e\u0432\u0430\u0442\u044c, \u043d\u043e \u0438 \u0443\u0434\u043e\u0431\u043d\u043e \u043d\u043e\u0441\u0438\u0442\u044c \u0441 \u0441\u043e\u0431\u043e\u0439 \u0432\u0435\u0437\u0434\u0435!<\/p>\n<p><strong><em>Silhouette Designer<\/em> \u0432\u043a\u043b\u044e\u0447\u0430\u0435\u0442 \u0432 \u0441\u0435\u0431\u044f 360\u00ba \u0430\u043d\u0442\u0438\u0446\u0435\u043b\u043b\u044e\u043b\u0438\u0442\u043d\u043e\u0435 \u043b\u0435\u0447\u0435\u043d\u0438\u0435 \u0431\u043b\u0430\u0433\u043e\u0434\u0430\u0440\u044f \u0441\u0432\u043e\u0435\u043c\u0443 \u0434\u0432\u043e\u0439\u043d\u043e\u043c\u0443 \u0434\u0435\u0439\u0441\u0442\u0432\u0438\u044e.<\/strong><\/p>\n<p><strong>\u0414\u0415\u0419\u0421\u0422\u0412\u0418\u0415:<\/strong><\/p>\n<ul>\n<li><strong>\u0423\u0425\u0410\u0416\u0418\u0412\u0410\u0415\u0422 \u0417\u0410: <\/strong>\u0411\u043b\u0430\u0433\u043e\u0434\u0430\u0440\u044f \u0441\u043e\u0434\u0435\u0440\u0436\u0430\u0449\u0438\u043c\u0441\u044f \u0432 \u0441\u043e\u0441\u0442\u0430\u0432\u0435 \u043b\u0438\u043f\u043e\u0440\u0435\u0434\u0443\u0446\u0438\u0440\u0443\u044e\u0449\u0438\u043c \u0438 \u0432\u0435\u043d\u043e\u0442\u043e\u043d\u0438\u0447\u0435\u0441\u043a\u0438\u043c \u043a\u043e\u043c\u043f\u043e\u043d\u0435\u043d\u0442\u0430\u043c, \u044d\u0442\u043e\u0442 \u0441\u0442\u044b\u043a \u0431\u043e\u0440\u0435\u0442\u0441\u044f \u0441 \u043b\u043e\u043a\u0430\u043b\u0438\u0437\u043e\u0432\u0430\u043d\u043d\u044b\u043c \u0436\u0438\u0440\u043e\u043c \u0438 \u0444\u0430\u043a\u0442\u043e\u0440\u0430\u043c\u0438, \u043f\u0440\u043e\u0432\u043e\u0446\u0438\u0440\u0443\u044e\u0449\u0438\u043c\u0438 \u0446\u0435\u043b\u043b\u044e\u043b\u0438\u0442, \u043a\u043e\u0442\u043e\u0440\u044b\u0435 \u0432\u044b\u0437\u044b\u0432\u0430\u044e\u0442 \u0434\u043e\u0441\u0442\u0430\u0442\u043e\u0447\u043d\u043e \u043d\u0435\u043f\u0440\u0438\u044f\u0442\u043d\u044b\u0435 \u0438 \u043d\u0435\u044d\u0441\u0442\u0435\u0442\u0438\u0447\u043d\u044b\u0435 \u043f\u0440\u043e\u044f\u0432\u043b\u0435\u043d\u0438\u044f \u043f\u043e\u0434\u043a\u043e\u0436\u043d\u043e\u0433\u043e \u0446\u0435\u043b\u043b\u044e\u043b\u0438\u0442\u0430, \u0442\u0430\u043a\u0438\u0435 \u043a\u0430\u043a \"\u0430\u043f\u0435\u043b\u044c\u0441\u0438\u043d\u043e\u0432\u0430\u044f \u043a\u043e\u0440\u043a\u0430\" (\u0448\u0435\u0440\u043e\u0445\u043e\u0432\u0430\u0442\u0430\u044f, \u043d\u0435\u0440\u043e\u0432\u043d\u0430\u044f \u0438 \u0442\u043e\u043b\u0441\u0442\u0430\u044f \u043a\u043e\u0436\u0430). \u0423\u0436\u0435 \u0432 \u0442\u0435\u0447\u0435\u043d\u0438\u0435 \u043a\u043e\u0440\u043e\u0442\u043a\u043e\u0433\u043e \u0432\u0440\u0435\u043c\u0435\u043d\u0438 \u0438\u0441\u043f\u043e\u043b\u044c\u0437\u043e\u0432\u0430\u043d\u0438\u044f \u0430\u043d\u0442\u0438\u0446\u0435\u043b\u043b\u044e\u043b\u0438\u0442\u043d\u044b\u0439 \u0441\u0442\u044b\u043a \u0443\u043b\u0443\u0447\u0448\u0430\u0435\u0442 \u0438 \u0441\u043d\u0438\u0436\u0430\u0435\u0442 \u044d\u0442\u0438 \u0444\u0430\u043a\u0442\u043e\u0440\u044b.<\/li>\n<li><strong>\u041f\u0420\u0415\u0414\u041e\u0422\u0412\u0420\u0410\u0429\u0410\u0415\u0422: <\/strong>\u0412 \u0434\u043e\u043b\u0433\u043e\u0441\u0440\u043e\u0447\u043d\u043e\u0439 \u043f\u0435\u0440\u0441\u043f\u0435\u043a\u0442\u0438\u0432\u0435 \u0430\u043d\u0442\u0438\u0446\u0435\u043b\u043b\u044e\u043b\u0438\u0442\u043d\u044b\u0439 \u0441\u0442\u044b\u043a \u043f\u043e\u043c\u043e\u0433\u0430\u0435\u0442 \u043f\u0440\u0435\u0434\u043e\u0442\u0432\u0440\u0430\u0442\u0438\u0442\u044c \u043f\u043e\u0432\u0442\u043e\u0440\u043d\u043e\u0435 \u043f\u043e\u044f\u0432\u043b\u0435\u043d\u0438\u0435 \u0446\u0435\u043b\u043b\u044e\u043b\u0438\u0442\u0430 \u0431\u043b\u0430\u0433\u043e\u0434\u0430\u0440\u044f \u0430\u043a\u0442\u0438\u0432\u043d\u044b\u043c \u0438\u043d\u0433\u0440\u0435\u0434\u0438\u0435\u043d\u0442\u0430\u043c, \u043a\u043e\u0442\u043e\u0440\u044b\u0435 \u0438\u043d\u0433\u0438\u0431\u0438\u0440\u0443\u044e\u0442 \u043d\u0430\u043a\u043e\u043f\u043b\u0435\u043d\u0438\u0435 \u0436\u0438\u0440\u043e\u0432\u044b\u0445 \u043a\u043b\u0435\u0442\u043e\u043a, \u043e\u0434\u043d\u043e\u0432\u0440\u0435\u043c\u0435\u043d\u043d\u043e \u0443\u043c\u0435\u043d\u044c\u0448\u0430\u044f \u0438\u0445 \u0440\u0430\u0437\u043c\u0435\u0440.<\/li>\n<\/ul>\n<p><strong>\u0410\u041a\u0422\u0418\u0412\u041d\u042b\u0415 \u0418\u041d\u0413\u0420\u0415\u0414\u0418\u0415\u041d\u0422\u042b:<\/strong><\/p>\n<p><strong>1. Drenalip\u2122: <\/strong>\u0421\u0442\u0430\u043d\u0434\u0430\u0440\u0442\u0438\u0437\u0438\u0440\u043e\u0432\u0430\u043d\u043d\u044b\u0439 \u043a\u043e\u043c\u043f\u043b\u0435\u043a\u0441 \u0430\u043a\u0442\u0438\u0432\u043d\u044b\u0445 \u043d\u0430\u0442\u0443\u0440\u0430\u043b\u044c\u043d\u044b\u0445 \u0438\u043d\u0433\u0440\u0435\u0434\u0438\u0435\u043d\u0442\u043e\u0432, \u043a\u043e\u0442\u043e\u0440\u044b\u0439 \u0431\u043e\u0440\u0435\u0442\u0441\u044f \u0441 \u0440\u0430\u0437\u043b\u0438\u0447\u043d\u044b\u043c\u0438 \u0444\u0430\u043a\u0442\u043e\u0440\u0430\u043c\u0438, \u0432\u044b\u0437\u044b\u0432\u0430\u044e\u0449\u0438\u043c\u0438 \u043e\u0431\u0440\u0430\u0437\u043e\u0432\u0430\u043d\u0438\u0435 \u0446\u0435\u043b\u043b\u044e\u043b\u0438\u0442\u0430, \u0438 \u043f\u0440\u0435\u0434\u043e\u0442\u0432\u0440\u0430\u0449\u0430\u0435\u0442 \u0438\u0445. \u0421\u043e\u0441\u0442\u0430\u0432\u043b\u044f\u044e\u0449\u0438\u0435 \u044d\u0442\u043e\u0433\u043e \u043a\u043e\u043c\u043f\u043b\u0435\u043a\u0441\u0430 \u043e\u043a\u0430\u0437\u044b\u0432\u0430\u044e\u0442 \u043a\u043e\u043c\u0431\u0438\u043d\u0438\u0440\u043e\u0432\u0430\u043d\u043d\u043e\u0435 \u0432\u043e\u0437\u0434\u0435\u0439\u0441\u0442\u0432\u0438\u0435 \u043d\u0430 \u043a\u043e\u0436\u0443, \u043f\u043e\u0437\u0432\u043e\u043b\u044f\u044f \u043e\u0440\u0433\u0430\u043d\u0438\u0437\u043c\u0443 \u0443\u043c\u0435\u043d\u044c\u0448\u0430\u0442\u044c \u0436\u0438\u0440\u043e\u0432\u044b\u0435 \u043e\u0442\u043b\u043e\u0436\u0435\u043d\u0438\u044f, \u043e\u0442\u0435\u0447\u043d\u043e\u0441\u0442\u044c \u0438 \u0443\u043b\u0443\u0447\u0448\u0430\u0442\u044c \u043a\u0440\u043e\u0432\u043e\u043e\u0431\u0440\u0430\u0449\u0435\u043d\u0438\u0435.<\/p>\n<p><strong>Drenalip\u2122 <\/strong>\u0441\u043e\u0441\u0442\u043e\u0438\u0442 \u0438\u0437 \u0447\u0435\u0442\u044b\u0440\u0435\u0445 \u0440\u0430\u0441\u0442\u0438\u0442\u0435\u043b\u044c\u043d\u044b\u0445 \u0438\u043d\u0433\u0440\u0435\u0434\u0438\u0435\u043d\u0442\u043e\u0432: <strong>\u0434\u044c\u044f\u0432\u043e\u043b\u044c\u0441\u043a\u0438\u0439 \u043a\u043e\u0433\u043e\u0442\u044c, \u043b\u043e\u0437\u0430 \u043c\u044f\u0441\u043d\u0438\u043a\u0430, \u043b\u0438\u043c\u043e\u043d <\/strong>\u0438 <strong>\u0438 \u0437\u043e\u043b\u043e\u0442\u0430\u0440\u043d\u0438\u043a,<\/strong>\u0447\u0442\u043e\u0431\u044b \u043e\u0431\u0435\u0441\u043f\u0435\u0447\u0438\u0442\u044c \u044d\u0444\u0444\u0435\u043a\u0442\u0438\u0432\u043d\u043e\u0435 \u043a\u043e\u0441\u043c\u0435\u0442\u0438\u0447\u0435\u0441\u043a\u043e\u0435 \u043b\u0435\u0447\u0435\u043d\u0438\u0435 \u0446\u0435\u043b\u043b\u044e\u043b\u0438\u0442\u0430.<\/p>\n<ul>\n<li><strong>\u0414\u044c\u044f\u0432\u043e\u043b\u044c\u0441\u043a\u0438\u0439 \u043a\u043e\u0433\u043e\u0442\u044c: <\/strong>\u041e\u043d \u0448\u0438\u0440\u043e\u043a\u043e \u0438\u0441\u043f\u043e\u043b\u044c\u0437\u0443\u0435\u0442\u0441\u044f \u0432 \u0441\u043e\u0432\u0440\u0435\u043c\u0435\u043d\u043d\u043e\u043c \u043b\u0435\u0447\u0435\u043d\u0438\u0438. \u041e\u043d \u043e\u043a\u0430\u0437\u044b\u0432\u0430\u0435\u0442 \u0437\u0430\u0449\u0438\u0442\u043d\u043e\u0435 \u0434\u0435\u0439\u0441\u0442\u0432\u0438\u0435 \u043d\u0430 \u0441\u0435\u0440\u0434\u0435\u0447\u043d\u043e-\u0441\u043e\u0441\u0443\u0434\u0438\u0441\u0442\u0443\u044e \u0441\u0438\u0441\u0442\u0435\u043c\u0443, \u043d\u0435\u0440\u0432\u043d\u0443\u044e \u0441\u0438\u0441\u0442\u0435\u043c\u0443 \u0438 \u043f\u0435\u0447\u0435\u043d\u044c \u0431\u043b\u0430\u0433\u043e\u0434\u0430\u0440\u044f \u0441\u0432\u043e\u0438\u043c \u0434\u043e\u043a\u0430\u0437\u0430\u043d\u043d\u044b\u043c \u0430\u043d\u0442\u0438\u043e\u043a\u0441\u0438\u0434\u0430\u043d\u0442\u043d\u044b\u043c \u0441\u0432\u043e\u0439\u0441\u0442\u0432\u0430\u043c.<\/li>\n<li><strong>\u041b\u0438\u043c\u043e\u043d: <\/strong>\u0412 \u0441\u043e\u0441\u0442\u0430\u0432\u0435 \u043f\u0440\u043e\u0434\u0443\u043a\u0442\u0430 \u0438\u0441\u043f\u043e\u043b\u044c\u0437\u0443\u0435\u0442\u0441\u044f \u043b\u0438\u043c\u043e\u043d\u043d\u0430\u044f \u043a\u043e\u0440\u043a\u0430. \u041e\u043d\u0430 \u0431\u043e\u0433\u0430\u0442\u0430 \u0444\u043b\u0430\u0432\u043e\u043d\u043e\u0438\u0434\u0430\u043c\u0438, \u0442\u0430\u043a\u0438\u043c\u0438 \u043a\u0430\u043a \u0433\u0435\u0441\u043f\u0435\u0440\u0438\u0434\u0438\u043d \u0438 \u043d\u0430\u0440\u0438\u043d\u0433\u0438\u043d. \u0413\u0435\u0441\u043f\u0435\u0440\u0438\u0434\u0438\u043d \u043e\u0431\u043b\u0430\u0434\u0430\u0435\u0442 \u0432\u0435\u043d\u043e\u0442\u043e\u043d\u0438\u0447\u0435\u0441\u043a\u0438\u043c, \u0437\u0430\u0449\u0438\u0442\u043d\u044b\u043c \u0434\u0435\u0439\u0441\u0442\u0432\u0438\u0435\u043c \u043d\u0430 \u043a\u0440\u043e\u0432\u0435\u043d\u043e\u0441\u043d\u044b\u0435 \u0441\u043e\u0441\u0443\u0434\u044b \u0438 \u0430\u043d\u0442\u0438\u0446\u0435\u043b\u044e\u043b\u0438\u0442\u043d\u044b\u043c \u044d\u0444\u0444\u0435\u043a\u0442\u043e\u043c. \u0415\u0433\u043e \u0434\u0435\u0439\u0441\u0442\u0432\u0438\u044f \u043d\u0430\u043f\u0440\u0430\u0432\u043b\u0435\u043d\u044b \u043d\u0430 \u043c\u0438\u043a\u0440\u043e\u0446\u0438\u0440\u043a\u0443\u043b\u044f\u0446\u0438\u044e, \u0443\u0432\u0435\u043b\u0438\u0447\u0438\u0432\u0430\u044f \u0435\u0451 \u0443\u0441\u0442\u043e\u0439\u0447\u0438\u0432\u043e\u0441\u0442\u044c, \u0443\u043c\u0435\u043d\u044c\u0448\u0430\u044f \u043f\u0440\u043e\u043d\u0438\u0446\u0430\u0435\u043c\u043e\u0441\u0442\u044c \u0438 \u0437\u0430\u0449\u0438\u0449\u0430\u044f \u044d\u043d\u0434\u043e\u0442\u0435\u043b\u0438\u0439 \u0441\u043e\u0441\u0443\u0434\u043e\u0432. \u0414\u0440\u0443\u0433\u043e\u0439 \u0430\u043a\u0442\u0438\u0432\u043d\u044b\u0439 \u043a\u043e\u043c\u043f\u043e\u043d\u0435\u043d\u0442, \u043d\u0430\u0440\u0438\u043d\u0433\u0438\u043d, \u043e\u0431\u043b\u0430\u0434\u0430\u0435\u0442 \u043f\u0440\u043e\u0442\u0438\u0432\u043e\u0432\u043e\u0441\u043f\u0430\u043b\u0438\u0442\u0435\u043b\u044c\u043d\u044b\u043c \u0434\u0435\u0439\u0441\u0442\u0432\u0438\u0435\u043c.<\/li>\n<li><strong>\u0417\u043e\u043b\u043e\u0442\u0430\u0440\u043d\u0438\u043a: <\/strong>\u0412 \u0435\u0433\u043e \u0445\u0438\u043c\u0438\u0447\u0435\u0441\u043a\u043e\u043c \u0441\u043e\u0441\u0442\u0430\u0432\u0435 \u043f\u0440\u0438\u0441\u0443\u0442\u0441\u0442\u0432\u0443\u044e\u0442 \u0444\u043b\u0430\u0432\u043e\u043d\u043e\u0438\u0434\u044b, \u043e\u0441\u043d\u043e\u0432\u043d\u044b\u043c \u043f\u0440\u0435\u0434\u0441\u0442\u0430\u0432\u0438\u0442\u0435\u043b\u0435\u043c \u043a\u043e\u0442\u043e\u0440\u044b\u0445 \u044f\u0432\u043b\u044f\u0435\u0442\u0441\u044f \u0440\u0443\u0442\u0438\u043d. \u0420\u0443\u0442\u0438\u043d \u0438\u043d\u0433\u0438\u0431\u0438\u0440\u0443\u0435\u0442 \u0430\u0433\u0440\u0435\u0433\u0430\u0446\u0438\u044e \u0442\u0440\u043e\u043c\u0431\u043e\u0446\u0438\u0442\u043e\u0432 \u0438 \u0441\u043d\u0438\u0436\u0430\u0435\u0442 \u043f\u0440\u043e\u043d\u0438\u0446\u0430\u0435\u043c\u043e\u0441\u0442\u044c \u043a\u0440\u043e\u0432\u0435\u043d\u043e\u0441\u043d\u044b\u0445 \u0441\u043e\u0441\u0443\u0434\u043e\u0432, \u0447\u0442\u043e \u0440\u0430\u0437\u0436\u0438\u0436\u0430\u0435\u0442 \u043a\u0440\u043e\u0432\u044c \u0438 \u0443\u043b\u0443\u0447\u0448\u0430\u0435\u0442 \u043a\u0440\u043e\u0432\u043e\u043e\u0431\u0440\u0430\u0449\u0435\u043d\u0438\u0435.<\/li>\n<li><strong>\u041b\u043e\u0437\u0430 \u043c\u044f\u0441\u043d\u0438\u043a\u0430: <\/strong>\u042d\u0442\u043e \u0440\u0430\u0441\u0442\u0435\u043d\u0438\u0435 \u0448\u0438\u0440\u043e\u043a\u043e \u0438\u0441\u043f\u043e\u043b\u044c\u0437\u0443\u0435\u0442\u0441\u044f \u0434\u043b\u044f \u043f\u0440\u043e\u0444\u0438\u043b\u0430\u043a\u0442\u0438\u043a\u0438 \u0438 \u043b\u0435\u0447\u0435\u043d\u0438\u044f \u043f\u0440\u043e\u0431\u043b\u0435\u043c \u0441 \u0432\u0435\u043d\u0430\u043c\u0438. \u0415\u0433\u043e \u0430\u043a\u0442\u0438\u0432\u043d\u044b\u0435 \u043a\u043e\u043c\u043f\u043e\u043d\u0435\u043d\u0442\u044b, \u0441\u0430\u043f\u043e\u043d\u0438\u043d\u044b, \u043e\u0431\u043b\u0430\u0434\u0430\u044e\u0442 \u0432\u0435\u043d\u043e\u0442\u043e\u043d\u0438\u0447\u0435\u0441\u043a\u0438\u043c, \u043f\u0440\u043e\u0442\u0438\u0432\u043e\u0432\u043e\u0441\u043f\u0430\u043b\u0438\u0442\u0435\u043b\u044c\u043d\u044b\u043c \u0438 \u0434\u0438\u0443\u0440\u0435\u0442\u0438\u0447\u0435\u0441\u043a\u0438\u043c \u0434\u0435\u0439\u0441\u0442\u0432\u0438\u0435\u043c.<\/li>\n<\/ul>\n<p><strong style=\"font-size: 16px;\">2. \u041a\u043e\u0444\u0435\u0438\u043d: <\/strong><span style=\"font-size: 16px;\">\u043a\u043e\u0444\u0435\u0438\u043d \u0438\u043c\u0435\u0435\u0442 \u043b\u0438\u043f\u043e\u043b\u0438\u0442\u0438\u0447\u0435\u0441\u043a\u043e\u0435 \u0434\u0435\u0439\u0441\u0442\u0432\u0438\u0435, \u043a\u043e\u0442\u043e\u0440\u043e\u0435 \u043f\u043e\u043c\u043e\u0433\u0430\u0435\u0442 \u0443\u0441\u0438\u043b\u0438\u0442\u044c \u044d\u0444\u0444\u0435\u043a\u0442 \u0434\u0440\u0443\u0433\u0438\u0445 \u0430\u043a\u0442\u0438\u0432\u043d\u044b\u0445 \u043a\u043e\u043c\u043f\u043e\u043d\u0435\u043d\u0442\u043e\u0432. \u041a\u043e\u0444\u0435\u0438\u043d \u0440\u0435\u0441\u0442\u0440\u0443\u043a\u0442\u0443\u0440\u0438\u0440\u0443\u0435\u0442 \u043a\u043e\u0436\u0443 \u0438 \u0431\u0430\u043b\u0430\u043d\u0441\u0438\u0440\u0443\u0435\u0442 \u043e\u0431\u043c\u0435\u043d \u0432\u0435\u0449\u0435\u0441\u0442\u0432 \u0432 \u044d\u043f\u0438\u0434\u0435\u0440\u043c\u0430\u043b\u044c\u043d\u044b\u0445 \u043a\u043b\u0435\u0442\u043a\u0430\u0445.<\/span><\/p>\n<p><strong>3. \u041c\u0435\u043d\u0442\u043e\u043b: <\/strong>\u043e\u0431\u043b\u0430\u0434\u0430\u0435\u0442 \u0430\u043d\u0442\u0438\u0441\u0435\u043f\u0442\u0438\u0447\u0435\u0441\u043a\u0438\u043c, \u0431\u043e\u043b\u0435\u0443\u0442\u043e\u043b\u044f\u044e\u0449\u0438\u043c \u0438 \u043f\u0440\u043e\u0442\u0438\u0432\u043e\u0432\u043e\u0441\u043f\u0430\u043b\u0438\u0442\u0435\u043b\u044c\u043d\u044b\u043c \u0434\u0435\u0439\u0441\u0442\u0432\u0438\u0435\u043c. \u041f\u043e\u0441\u043b\u0435 \u043d\u0430\u043d\u0435\u0441\u0435\u043d\u0438\u044f \u043d\u0430 \u043a\u043e\u0436\u0443 \u043f\u0440\u043e\u0434\u0443\u043a\u0442 \u043d\u0430\u0447\u0438\u043d\u0430\u0435\u0442 \u0432\u044b\u0437\u044b\u0432\u0430\u0442\u044c \u043f\u043e\u043a\u0440\u0430\u0441\u043d\u0435\u043d\u0438\u0435\/\u0436\u0436\u0435\u043d\u0438\u0435, \u0441\u043e\u0437\u0434\u0430\u0432\u0430\u044f \u043e\u0445\u043b\u0430\u0436\u0434\u0430\u044e\u0449\u0438\u0439 \u044d\u0444\u0444\u0435\u043a\u0442, \u0447\u0442\u043e, \u0432 \u0441\u0432\u043e\u044e \u043e\u0447\u0435\u0440\u0435\u0434\u044c, \u0441\u043f<\/p>\n<p>\u0420\u0435\u0437\u0443\u043b\u044c\u0442\u0430\u0442 \u2014 \u0443\u043f\u0440\u0443\u0433\u0430\u044f, \u0433\u043b\u0430\u0434\u043a\u0430\u044f \u0438 \u0443\u0432\u043b\u0430\u0436\u043d\u0435\u043d\u043d\u0430\u044f \u043a\u043e\u0436\u0430.<\/p>\n<p><strong><span style=\"font-size: 16px;\">\u041f\u0440\u0438\u043c\u0435\u043d\u0435\u043d\u0438\u0435<\/span><\/strong><\/p>\n<p><span style=\"font-weight: 400;\">\u041d\u0430\u043d\u043e\u0441\u0438\u0442\u044c \u043a\u0430\u0436\u0434\u043e\u0435 \u0443\u0442\u0440\u043e \u0438 \u0432\u0435\u0447\u0435\u0440.<\/span><\/p>\n<p><span style=\"font-weight: 400;\"> \u041d\u0430\u043d\u043e\u0441\u0438\u0442\u0435 \u043f\u0440\u043e\u0434\u0443\u043a\u0442 \u043d\u0430 \u043e\u0431\u0440\u0430\u0431\u0430\u0442\u044b\u0432\u0430\u0435\u043c\u0443\u044e \u043e\u0431\u043b\u0430\u0441\u0442\u044c \u043a\u0440\u0443\u0433\u043e\u0432\u044b\u043c\u0438 \u0434\u0432\u0438\u0436\u0435\u043d\u0438\u044f\u043c\u0438. <\/span><\/p>\n<p><span style=\"font-weight: 400;\">\u041f\u043e\u0441\u043b\u0435 \u043d\u0430\u043d\u0435\u0441\u0435\u043d\u0438\u044f \u043c\u043e\u0436\u0435\u0442 \u0432\u043e\u0437\u043d\u0438\u043a\u043d\u0443\u0442\u044c \u043f\u043e\u043a\u0440\u0430\u0441\u043d\u0435\u043d\u0438\u0435 \u0438 \u043e\u0449\u0443\u0449\u0435\u043d\u0438\u0435 \u0445\u043e\u043b\u043e\u0434\u0430, \u043d\u043e \u044d\u0442\u043e \u043e\u0434\u043d\u043e \u0438\u0437 \u0432\u043e\u0437\u0434\u0435\u0439\u0441\u0442\u0432\u0438\u0439 \u0430\u043a\u0442\u0438\u0432\u043d\u044b\u0445 \u0438\u043d\u0433\u0440\u0435\u0434\u0438\u0435\u043d\u0442\u043e\u0432.<\/span><\/p>\n<p><strong>\u0421\u043e\u0441\u0442\u0430\u0432<\/strong><\/p>\n<p>AQUA (WATER), PROPYLENE GLYCOL, SODIUM STEARATE, PROPANEDIOL, CAFFEINE, RUSCUS ACULEATUS ROOT EXTRACT, ASTRAGALUS MEMBRANACEUS ROOT EXTRACT, SOLIDAGO VIRGAUREA EXTRACT, CITRUS LEMON PEEL EXTRACT, ETHYLHEXYLGLYCERIN, MENTHOL, PHENOXYETHANOL, PARFUM (FRAGRANCE), SODIUM BENZOATE, POTASSIUM SORBATE, TOCOPHEROL.<\/p>","protected":false},"excerpt":{"rendered":"<p><span style=\"font-weight: 400;\">\u041e\u0441\u0432\u0435\u0436\u0430\u044e\u0449\u0438\u0439 \u0441\u0442\u044b\u043a \u0441 \u043f\u0440\u0438\u044f\u0442\u043d\u043e\u0439 \u0442\u0435\u043a\u0441\u0442\u0443\u0440\u043e\u0439 \u0438 \u043d\u0435\u0436\u043d\u044b\u043c \u0430\u0440\u043e\u043c\u0430\u0442\u043e\u043c, \u043a\u043e\u0442\u043e\u0440\u044b\u0439 \u044d\u0444\u0444\u0435\u043a\u0442\u0438\u0432\u043d\u043e \u0431\u043e\u0440\u0435\u0442\u0441\u044f \u0441 \u0441\u0430\u043c\u043e\u0439 \u0443\u043f\u043e\u0440\u043d\u043e\u0439 \u0446\u0435\u043b\u043b\u044e\u043b\u0438\u0442\u043e\u043c. \u0410\u043d\u0442\u0438\u0446\u0435\u043b\u043b\u044e\u043b\u0438\u0442\u043d\u044b\u0439 \u0441\u0442\u044b\u043a \u043d\u0435 \u0442\u043e\u043b\u044c\u043a\u043e \u0443\u043c\u0435\u043d\u044c\u0448\u0430\u0435\u0442 \u0443\u0436\u0435 \u0441\u0443\u0449\u0435\u0441\u0442\u0432\u0443\u044e\u0449\u0438\u0439 \u0446\u0435\u043b\u043b\u044e\u043b\u0438\u0442 \u043d\u0430 \u0442\u0435\u043b\u0435, \u043d\u043e \u0438 \u043f\u043e\u043c\u043e\u0433\u0430\u0435\u0442 \u043f\u0440\u0435\u0434\u043e\u0442\u0432\u0440\u0430\u0442\u0438\u0442\u044c \u0435\u0433\u043e \u043f\u043e\u0432\u0442\u043e\u0440\u043d\u043e\u0435 \u043f\u043e\u044f\u0432\u043b\u0435\u043d\u0438\u0435.<\/span><\/p>\n<p>75ml<\/p>","protected":false},"featured_media":1750,"comment_status":"open","ping_status":"closed","template":"","meta":{"_uag_custom_page_level_css":"","site-sidebar-layout":"default","site-content-layout":"","ast-site-content-layout":"default","site-content-style":"default","site-sidebar-style":"default","ast-global-header-display":"","ast-banner-title-visibility":"","ast-main-header-display":"","ast-hfb-above-header-display":"","ast-hfb-below-header-display":"","ast-hfb-mobile-header-display":"","site-post-title":"","ast-breadcrumbs-content":"","ast-featured-img":"","footer-sml-layout":"","ast-disable-related-posts":"","theme-transparent-header-meta":"default","adv-header-id-meta":"","stick-header-meta":"","header-above-stick-meta":"","header-main-stick-meta":"","header-below-stick-meta":"","astra-migrate-meta-layouts":"set","ast-page-background-enabled":"default","ast-page-background-meta":{"desktop":{"background-color":"var(--ast-global-color-4)","background-image":"","background-repeat":"repeat","background-position":"center center","background-size":"auto","background-attachment":"scroll","background-type":"","background-media":"","overlay-type":"","overlay-color":"","overlay-opacity":"","overlay-gradient":""},"tablet":{"background-color":"","background-image":"","background-repeat":"repeat","background-position":"center center","background-size":"auto","background-attachment":"scroll","background-type":"","background-media":"","overlay-type":"","overlay-color":"","overlay-opacity":"","overlay-gradient":""},"mobile":{"background-color":"","background-image":"","background-repeat":"repeat","background-position":"center center","background-size":"auto","background-attachment":"scroll","background-type":"","background-media":"","overlay-type":"","overlay-color":"","overlay-opacity":"","overlay-gradient":""}},"ast-content-background-meta":{"desktop":{"background-color":"var(--ast-global-color-5)","background-image":"","background-repeat":"repeat","background-position":"center center","background-size":"auto","background-attachment":"scroll","background-type":"","background-media":"","overlay-type":"","overlay-color":"","overlay-opacity":"","overlay-gradient":""},"tablet":{"background-color":"var(--ast-global-color-5)","background-image":"","background-repeat":"repeat","background-position":"center center","background-size":"auto","background-attachment":"scroll","background-type":"","background-media":"","overlay-type":"","overlay-color":"","overlay-opacity":"","overlay-gradient":""},"mobile":{"background-color":"var(--ast-global-color-5)","background-image":"","background-repeat":"repeat","background-position":"center center","background-size":"auto","background-attachment":"scroll","background-type":"","background-media":"","overlay-type":"","overlay-color":"","overlay-opacity":"","overlay-gradient":""}}},"product_brand":[],"product_cat":[65,96,98],"product_tag":[],"class_list":{"0":"post-1749","1":"product","2":"type-product","3":"status-publish","4":"has-post-thumbnail","6":"product_cat-body-care","7":"product_cat-brands","8":"product_cat-kehale","9":"desktop-align-left","10":"tablet-align-left","11":"mobile-align-left","13":"first","14":"outofstock","15":"taxable","16":"shipping-taxable","17":"product-type-simple","18":"add-to-wishlist-before_image"},"uagb_featured_image_src":{"full":["https:\/\/kosmeetika24.com\/wp-content\/uploads\/2023\/11\/307-Silhouette-Designer-600x687-1.jpg",600,687,false],"thumbnail":["https:\/\/kosmeetika24.com\/wp-content\/uploads\/2023\/11\/307-Silhouette-Designer-600x687-1-150x150.jpg",150,150,true],"medium":["https:\/\/kosmeetika24.com\/wp-content\/uploads\/2023\/11\/307-Silhouette-Designer-600x687-1-262x300.jpg",262,300,true],"medium_large":["https:\/\/kosmeetika24.com\/wp-content\/uploads\/2023\/11\/307-Silhouette-Designer-600x687-1.jpg",600,687,false],"large":["https:\/\/kosmeetika24.com\/wp-content\/uploads\/2023\/11\/307-Silhouette-Designer-600x687-1.jpg",600,687,false],"1536x1536":["https:\/\/kosmeetika24.com\/wp-content\/uploads\/2023\/11\/307-Silhouette-Designer-600x687-1.jpg",600,687,false],"2048x2048":["https:\/\/kosmeetika24.com\/wp-content\/uploads\/2023\/11\/307-Silhouette-Designer-600x687-1.jpg",600,687,false],"trp-custom-language-flag":["https:\/\/kosmeetika24.com\/wp-content\/uploads\/2023\/11\/307-Silhouette-Designer-600x687-1-10x12.jpg",10,12,true],"woocommerce_thumbnail":["https:\/\/kosmeetika24.com\/wp-content\/uploads\/2023\/11\/307-Silhouette-Designer-600x687-1-300x300.jpg",300,300,true],"woocommerce_single":["https:\/\/kosmeetika24.com\/wp-content\/uploads\/2023\/11\/307-Silhouette-Designer-600x687-1-500x573.jpg",500,573,true],"woocommerce_gallery_thumbnail":["https:\/\/kosmeetika24.com\/wp-content\/uploads\/2023\/11\/307-Silhouette-Designer-600x687-1-100x100.jpg",100,100,true]},"uagb_author_info":{"display_name":"admin","author_link":"https:\/\/kosmeetika24.com\/ru\/author\/"},"uagb_comment_info":0,"uagb_excerpt":"Meeldiva tekstuuri ja \u00f5rna aroomiga v\u00e4rskendav pulk, mis ravib t\u00f5husalt k\u00f5ige jonnakamat tselluliiti. Tselluliidivastane pulk mitte ainult ei v\u00e4henda kehal juba olemasolevat tselluliiti, vaid lisaks seda ka ennetada, et see uuesti ei tekiks. 75ml","_links":{"self":[{"href":"https:\/\/kosmeetika24.com\/ru\/wp-json\/wp\/v2\/product\/1749","targetHints":{"allow":["GET"]}}],"collection":[{"href":"https:\/\/kosmeetika24.com\/ru\/wp-json\/wp\/v2\/product"}],"about":[{"href":"https:\/\/kosmeetika24.com\/ru\/wp-json\/wp\/v2\/types\/product"}],"replies":[{"embeddable":true,"href":"https:\/\/kosmeetika24.com\/ru\/wp-json\/wp\/v2\/comments?post=1749"}],"version-history":[{"count":3,"href":"https:\/\/kosmeetika24.com\/ru\/wp-json\/wp\/v2\/product\/1749\/revisions"}],"predecessor-version":[{"id":6568,"href":"https:\/\/kosmeetika24.com\/ru\/wp-json\/wp\/v2\/product\/1749\/revisions\/6568"}],"wp:featuredmedia":[{"embeddable":true,"href":"https:\/\/kosmeetika24.com\/ru\/wp-json\/wp\/v2\/media\/1750"}],"wp:attachment":[{"href":"https:\/\/kosmeetika24.com\/ru\/wp-json\/wp\/v2\/media?parent=1749"}],"wp:term":[{"taxonomy":"product_brand","embeddable":true,"href":"https:\/\/kosmeetika24.com\/ru\/wp-json\/wp\/v2\/product_brand?post=1749"},{"taxonomy":"product_cat","embeddable":true,"href":"https:\/\/kosmeetika24.com\/ru\/wp-json\/wp\/v2\/product_cat?post=1749"},{"taxonomy":"product_tag","embeddable":true,"href":"https:\/\/kosmeetika24.com\/ru\/wp-json\/wp\/v2\/product_tag?post=1749"}],"curies":[{"name":"wp","href":"https:\/\/api.w.org\/{rel}","templated":true}]}}