{"id":1733,"date":"2024-01-05T12:44:15","date_gmt":"2024-01-05T12:44:15","guid":{"rendered":"https:\/\/kosmeetika24.com\/?post_type=product&#038;p=1733"},"modified":"2024-12-27T15:48:47","modified_gmt":"2024-12-27T12:48:47","slug":"bruno-vassari-lab-radiance-sara-andvad-seerumid","status":"publish","type":"product","link":"https:\/\/kosmeetika24.com\/ru\/product\/bruno-vassari-lab-radiance-sara-andvad-seerumid\/","title":{"rendered":"Bruno Vassari Lab \u0421\u0432\u0435\u0442\u043e\u043e\u0442\u0440\u0430\u0436\u0430\u044e\u0449\u0438\u0435 \u0441\u044b\u0432\u043e\u0440\u043e\u0442\u043a\u0438"},"content":{"rendered":"<p class=\"translation-block\"><em>Instant Glow Beauty<\/em> \u0438\u043d\u0442\u0435\u043d\u0441\u0438\u0432\u043d\u044b\u0439 \u0441\u0438\u044f\u044e\u0449\u0438\u0439 \u0443\u0445\u043e\u0434, \u0440\u0430\u0437\u0434\u0435\u043b\u0451\u043d\u043d\u044b\u0439 \u043d\u0430 \u0434\u043d\u0435\u0432\u043d\u0443\u044e \u0438 \u043d\u043e\u0447\u043d\u0443\u044e \u0441\u044b\u0432\u043e\u0440\u043e\u0442\u043a\u0438.<\/p>\n<p class=\"translation-block\"><b>1. <em>Radiance Shot<\/em><\/b> (\u0434\u043b\u044f \u0434\u043d\u0435\u0432\u043d\u043e\u0433\u043e \u0438\u0441\u043f\u043e\u043b\u044c\u0437\u043e\u0432\u0430\u043d\u0438\u044f) \u0443\u043b\u0443\u0447\u0448\u0430\u0435\u0442 \u0442\u0443\u0441\u043a\u043b\u044b\u0439 \u0432\u0438\u0434 \u043a\u043e\u0436\u0438 \u0431\u043b\u0430\u0433\u043e\u0434\u0430\u0440\u044f \u0432\u044b\u0441\u043e\u043a\u043e\u043c\u0443 \u0441\u043e\u0434\u0435\u0440\u0436\u0430\u043d\u0438\u044e \u0430\u043a\u0442\u0438\u0432\u043d\u043e\u0433\u043e \u043a\u043e\u043c\u043f\u043e\u043d\u0435\u043d\u0442\u0430 Pro-Radiance Active, \u043a\u043e\u0442\u043e\u0440\u044b\u0439 \u043c\u0433\u043d\u043e\u0432\u0435\u043d\u043d\u043e \u043f\u0440\u0438\u0434\u0430\u0451\u0442 \u043a\u043e\u0436\u0435 \u0441\u0438\u044f\u043d\u0438\u0435. \u041e\u0442\u0440\u0430\u0436\u0430\u044e\u0449\u0438\u0435 \u0441\u0432\u0435\u0442 \u043f\u0438\u0433\u043c\u0435\u043d\u0442\u044b \u043c\u0438\u043d\u0438\u043c\u0438\u0437\u0438\u0440\u0443\u044e\u0442 \u0432\u0438\u0434\u0438\u043c\u043e\u0441\u0442\u044c \u0443\u0441\u0442\u0430\u043b\u043e\u0439 \u043a\u043e\u0436\u0438. \u041e\u0431\u043b\u0430\u0434\u0430\u0435\u0442 \u043e\u043c\u043e\u043b\u0430\u0436\u0438\u0432\u0430\u044e\u0449\u0438\u043c \u0438 \u0443\u0432\u043b\u0430\u0436\u043d\u044f\u044e\u0449\u0438\u043c \u0434\u0435\u0439\u0441\u0442\u0432\u0438\u0435\u043c. \u0411\u043e\u0440\u0435\u0442\u0441\u044f \u0441 \u0432\u0438\u0434\u0438\u043c\u044b\u043c\u0438 \u043f\u0440\u0438\u0437\u043d\u0430\u043a\u0430\u043c\u0438 \u0441\u0442\u0430\u0440\u0435\u043d\u0438\u044f.<\/p>\n<p>\u041c\u043e\u0436\u043d\u043e \u043a\u043e\u043c\u0431\u0438\u043d\u0438\u0440\u043e\u0432\u0430\u0442\u044c \u0441 \u043b\u044e\u0431\u044b\u043c\u0438 \u043a\u0440\u0435\u043c\u0430\u043c\u0438 \u0438 \u043c\u0430\u0441\u043a\u0430\u043c\u0438.<\/p>\n<p>\u0421\u044b\u0432\u043e\u0440\u043e\u0442\u043a\u0430 \u0441\u043e\u0441\u0442\u043e\u0438\u0442 \u043d\u0430 96% \u0438\u0437 \u0438\u043d\u0433\u0440\u0435\u0434\u0438\u0435\u043d\u0442\u043e\u0432 \u043f\u0440\u0438\u0440\u043e\u0434\u043d\u043e\u0433\u043e \u043f\u0440\u043e\u0438\u0441\u0445\u043e\u0436\u0434\u0435\u043d\u0438\u044f.<\/p>\n<p class=\"translation-block\"><b>2. <em>Brightening Drops<\/em><\/b> (\u0434\u043b\u044f \u043d\u043e\u0447\u043d\u043e\u0433\u043e \u0438\u0441\u043f\u043e\u043b\u044c\u0437\u043e\u0432\u0430\u043d\u0438\u044f) \u043b\u0438\u043f\u043e\u0441\u043e\u043c\u0430\u043b\u044c\u043d\u044b\u0439 \u0432\u043e\u0441\u0441\u0442\u0430\u043d\u0430\u0432\u043b\u0438\u0432\u0430\u044e\u0449\u0438\u0439 \u0430\u043d\u0442\u0438\u043e\u043a\u0441\u0438\u0434\u0430\u043d\u0442\u043d\u044b\u0439 \u0441\u044b\u0432\u043e\u0440\u043e\u0442\u043a\u0430. \u0423\u043b\u0443\u0447\u0448\u0430\u0435\u0442 \u0432\u043d\u0435\u0448\u043d\u0438\u0439 \u0432\u0438\u0434 \u043a\u043e\u0436\u0438, \u043f\u0440\u0438\u0434\u0430\u0432\u0430\u044f \u0435\u0439 \u0441\u0438\u044f\u043d\u0438\u0435 \u0438 \u0443\u043f\u0440\u0443\u0433\u043e\u0441\u0442\u044c. \u041d\u043e\u0440\u043c\u0430\u043b\u0438\u0437\u0443\u0435\u0442 \u043f\u0440\u043e\u0438\u0437\u0432\u043e\u0434\u0441\u0442\u0432\u043e \u043c\u0435\u043b\u0430\u043d\u0438\u043d\u0430. \u0410\u043a\u0442\u0438\u0432\u0438\u0440\u0443\u0435\u0442 \u043c\u0435\u0445\u0430\u043d\u0438\u0437\u043c\u044b, \u043a\u043e\u0442\u043e\u0440\u044b\u0435 \u0441\u043e\u0445\u0440\u0430\u043d\u044f\u044e\u0442 \u043c\u043e\u043b\u043e\u0434\u043e\u0441\u0442\u044c \u043a\u043e\u0436\u0438.<\/p>\n<p>\u041c\u043e\u0436\u043d\u043e \u043a\u043e\u043c\u0431\u0438\u043d\u0438\u0440\u043e\u0432\u0430\u0442\u044c \u0441 \u043b\u044e\u0431\u044b\u043c\u0438 \u043a\u0440\u0435\u043c\u0430\u043c\u0438 \u0438 \u043c\u0430\u0441\u043a\u0430\u043c\u0438.<\/p>\n<p>The serum consists of 95.7% ingredients of natural origin.<\/p>\n<p><strong>\u041e\u0421\u041d\u041e\u0412\u041d\u042b\u0415 \u0414\u0415\u0419\u0421\u0422\u0412\u0423\u042e\u0429\u0418\u0415 \u0412\u0415\u0429\u0415\u0421\u0422\u0412\u0410<\/strong><\/p>\n<p><em>Radiance shot:<\/em><\/p>\n<ul>\n<li><strong>Pro-Radiance Active (3%) <\/strong>sisaldab ellagiinhapet ja Stellight\u00ae. Spetsiaalselt loodud naha loomuliku s\u00e4ra esiletoomiseks.\n<ol>\n<li>\u042d\u043b\u043b\u0430\u0433\u043e\u0432\u0430\u044f \u043a\u0438\u0441\u043b\u043e\u0442\u0430: \u043f\u043e\u043b\u0438\u0444\u0435\u043d\u043e\u043b \u0441 \u043c\u043e\u0449\u043d\u044b\u043c \u0430\u043d\u0442\u0438\u043e\u043a\u0441\u0438\u0434\u0430\u043d\u0442\u043d\u044b\u043c \u0434\u0435\u0439\u0441\u0442\u0432\u0438\u0435\u043c. \u041d\u0435\u0439\u0442\u0440\u0430\u043b\u0438\u0437\u0443\u0435\u0442 \u0432\u043e\u0437\u0434\u0435\u0439\u0441\u0442\u0432\u0438\u0435 \u0441\u0432\u043e\u0431\u043e\u0434\u043d\u044b\u0445 \u0440\u0430\u0434\u0438\u043a\u0430\u043b\u043e\u0432, \u0432\u044b\u0437\u0432\u0430\u043d\u043d\u044b\u0445 \u0432\u043d\u0435\u0448\u043d\u0438\u043c\u0438 \u0444\u0430\u043a\u0442\u043e\u0440\u0430\u043c\u0438, \u0442\u0430\u043a\u0438\u043c\u0438 \u043a\u0430\u043a \u0442\u0430\u0431\u0430\u0447\u043d\u044b\u0439 \u0434\u044b\u043c \u0438\u043b\u0438 \u0437\u0430\u0433\u0440\u044f\u0437\u043d\u0435\u043d\u0438\u0435, \u043a\u043e\u0442\u043e\u0440\u044b\u0435 \u043e\u0442\u0432\u0435\u0442\u0441\u0442\u0432\u0435\u043d\u043d\u044b \u0437\u0430 \u0443\u0441\u043a\u043e\u0440\u0435\u043d\u043d\u043e\u0435 \u0441\u0442\u0430\u0440\u0435\u043d\u0438\u0435 \u043a\u043e\u0436\u0438. \u041a\u0440\u043e\u043c\u0435 \u0442\u043e\u0433\u043e, \u0431\u043b\u0430\u0433\u043e\u0434\u0430\u0440\u044f \u0438\u043d\u0433\u0438\u0431\u0438\u0440\u0443\u044e\u0449\u0435\u043c\u0443 \u0434\u0435\u0439\u0441\u0442\u0432\u0438\u044e \u043d\u0430 \u043c\u0435\u043b\u0430\u043d\u043e\u0433\u0435\u043d\u0435\u0437, \u044d\u0442\u0430 \u043a\u0438\u0441\u043b\u043e\u0442\u0430 \u043e\u043a\u0430\u0437\u044b\u0432\u0430\u0435\u0442 \u043e\u0442\u043b\u0438\u0447\u043d\u043e\u0435 \u043e\u0441\u0432\u0435\u0442\u043b\u044f\u044e\u0449\u0435\u0435 \u0438 \u0432\u044b\u0440\u0430\u0432\u043d\u0438\u0432\u0430\u044e\u0449\u0435\u0435 \u0434\u0435\u0439\u0441\u0442\u0432\u0438\u0435 \u043d\u0430 \u0442\u043e\u043d \u043a\u043e\u0436\u0438.<\/li>\n<li>Stellight\u00ae: \u0411\u043b\u0430\u0433\u043e\u0434\u0430\u0440\u044f \u0441\u0432\u043e\u0435\u043c\u0443 \u0441\u043b\u043e\u0436\u043d\u043e\u043c\u0443 \u043c\u0435\u0445\u0430\u043d\u0438\u0437\u043c\u0443 \u0434\u0435\u0439\u0441\u0442\u0432\u0438\u044f \u044d\u0442\u043e\u0442 \u043f\u0435\u043f\u0442\u0438\u0434 \u0443\u0441\u0438\u043b\u0438\u0432\u0430\u0435\u0442 \u044d\u0444\u0444\u0435\u043a\u0442 \u0441\u0438\u044f\u043d\u0438\u044f, \u0443\u043b\u0443\u0447\u0448\u0430\u044f \u0442\u043e\u043d \u043a\u043e\u0436\u0438 \u0438 \u043f\u0438\u0433\u043c\u0435\u043d\u0442\u0430\u0446\u0438\u044e. \u041e\u043d \u0442\u0430\u043a\u0436\u0435 \u0432\u044b\u0440\u0430\u0432\u043d\u0438\u0432\u0430\u0435\u0442 \u0438 \u043e\u0441\u0432\u0435\u0442\u043b\u044f\u0435\u0442 \u0446\u0432\u0435\u0442 \u043b\u0438\u0446\u0430, \u0443\u0432\u0435\u043b\u0438\u0447\u0438\u0432\u0430\u0435\u0442 \u0441\u0438\u044f\u043d\u0438\u0435 \u0438 \u0443\u043b\u0443\u0447\u0448\u0430\u0435\u0442 \u0442\u0443\u0441\u043a\u043b\u044b\u0439 \u0442\u043e\u043d \u043a\u043e\u0436\u0438.<\/li>\n<\/ol>\n<\/li>\n<li class=\"translation-block\"><strong>\u0421\u0432\u0435\u0442\u043e\u043e\u0442\u0440\u0430\u0436\u0430\u044e\u0449\u0438\u0435 \u043f\u0438\u0433\u043c\u0435\u043d\u0442\u044b<\/strong> \u043f\u043e\u043c\u043e\u0433\u0430\u044e\u0442 \u043c\u0438\u043d\u0438\u043c\u0438\u0437\u0438\u0440\u043e\u0432\u0430\u0442\u044c \u0442\u0451\u043c\u043d\u044b\u0435 \u043e\u0442\u0442\u0435\u043d\u043a\u0438.<\/li>\n<li class=\"translation-block\"><strong>\u042d\u043a\u0441\u0442\u0440\u0430\u043a\u0442 \u043a\u0430\u043c\u0443-\u043a\u0430\u043c\u0443<\/strong> \u0441\u043e\u0434\u0435\u0440\u0436\u0438\u0442 \u0431\u043e\u043b\u044c\u0448\u043e\u0435 \u043a\u043e\u043b\u0438\u0447\u0435\u0441\u0442\u0432\u043e \u0432\u0438\u0442\u0430\u043c\u0438\u043d\u0430 C. \u041e\u043d \u0442\u0430\u043a\u0436\u0435 \u0431\u043e\u0433\u0430\u0442 \u043c\u0438\u043d\u0435\u0440\u0430\u043b\u0430\u043c\u0438 (\u043a\u0430\u043b\u044c\u0446\u0438\u0439, \u0436\u0435\u043b\u0435\u0437\u043e, \u043a\u0430\u043b\u0438\u0439 \u0438 \u0444\u043e\u0441\u0444\u043e\u0440) \u0438 \u0430\u043c\u0438\u043d\u043e\u043a\u0438\u0441\u043b\u043e\u0442\u0430\u043c\u0438 (\u0432\u0430\u043b\u0438\u043d, \u043b\u0435\u0439\u0446\u0438\u043d, \u0441\u0435\u0440\u0438\u043d), \u043a\u043e\u0442\u043e\u0440\u044b\u0435 \u043f\u043e\u043c\u043e\u0433\u0430\u044e\u0442 \u0443\u0441\u0432\u0430\u0438\u0432\u0430\u0442\u044c \u0432\u0438\u0442\u0430\u043c\u0438\u043d C.<\/li>\n<\/ul>\n<p><em>Brightening Drops:<\/em><\/p>\n<ul>\n<li class=\"translation-block\"><strong>\u041d\u0438\u0430\u0446\u0438\u043d\u0430\u043c\u0438\u0434<\/strong> \u043f\u043e\u043c\u043e\u0433\u0430\u0435\u0442 \u0443\u043c\u0435\u043d\u044c\u0448\u0438\u0442\u044c \u043c\u043e\u0440\u0449\u0438\u043d\u044b \u0438 \u043c\u0435\u043b\u043a\u0438\u0435 \u043b\u0438\u043d\u0438\u0438, \u0441\u043d\u0438\u0436\u0430\u0435\u0442 \u043f\u0440\u0438\u0437\u043d\u0430\u043a\u0438 \u0444\u043e\u0442\u043e\u0441\u0442\u0430\u0440\u0435\u043d\u0438\u044f; \u0443\u043c\u0435\u043d\u044c\u0448\u0430\u0435\u0442 \u043f\u0438\u0433\u043c\u0435\u043d\u0442\u0430\u0446\u0438\u044e, \u0432\u044b\u0440\u0430\u0432\u043d\u0438\u0432\u0430\u0435\u0442 \u0442\u043e\u043d \u043a\u043e\u0436\u0438; \u043f\u043e\u043c\u043e\u0433\u0430\u0435\u0442 \u0437\u0430\u043c\u0435\u0442\u043d\u043e \u0443\u043c\u0435\u043d\u044c\u0448\u0438\u0442\u044c \u0440\u0430\u0437\u043c\u0435\u0440 \u043f\u043e\u0440, \u0441\u0442\u0438\u043c\u0443\u043b\u0438\u0440\u0443\u0435\u0442 \u0432\u044b\u0440\u0430\u0431\u043e\u0442\u043a\u0443 \u043a\u043e\u043b\u043b\u0430\u0433\u0435\u043d\u0430; \u0443\u043b\u0443\u0447\u0448\u0430\u0435\u0442 \u0442\u0443\u0441\u043a\u043b\u044b\u0439 \u0446\u0432\u0435\u0442 \u043b\u0438\u0446\u0430; \u0443\u043a\u0440\u0435\u043f\u043b\u044f\u0435\u0442 \u0437\u0430\u0449\u0438\u0442\u043d\u044b\u0439 \u0431\u0430\u0440\u044c\u0435\u0440 \u043a\u043e\u0436\u0438, \u0441\u043f\u043e\u0441\u043e\u0431\u0441\u0442\u0432\u0443\u0435\u0442 \u0443\u0432\u043b\u0430\u0436\u043d\u0435\u043d\u0438\u044e \u043a\u043e\u0436\u0438.<\/li>\n<li class=\"translation-block\"><strong>Superox-CTM AF<\/strong> \u043f\u0440\u0438\u0434\u0430\u0435\u0442 \u043a\u043e\u0436\u0435 \u044d\u043d\u0435\u0440\u0433\u0438\u044e, \u0443\u043b\u0443\u0447\u0448\u0430\u0435\u0442 \u0446\u0432\u0435\u0442 \u043b\u0438\u0446\u0430, \u0432\u044b\u0440\u0430\u0432\u043d\u0438\u0432\u0430\u0435\u0442 \u0442\u043e\u043d \u043a\u043e\u0436\u0438, \u0441\u043d\u0438\u0436\u0430\u0435\u0442 \u043f\u043e\u043a\u0440\u0430\u0441\u043d\u0435\u043d\u0438\u0435 \u0438 \u0443\u043b\u0443\u0447\u0448\u0430\u0435\u0442 \u043f\u043e\u044f\u0432\u043b\u0435\u043d\u0438\u0435 \u043f\u0440\u0438\u0437\u043d\u0430\u043a\u043e\u0432 \u0441\u0442\u0430\u0440\u0435\u043d\u0438\u044f.<\/li>\n<\/ul>\n<p>\u041f\u0440\u0438\u043c\u0435\u043d\u0435\u043d\u0438\u0435<\/p>\n<p>\u041f\u043e\u0441\u043b\u0435 \u043e\u0447\u0438\u0449\u0435\u043d\u0438\u044f \u043a\u043e\u0436\u0438 \u043d\u0430\u043d\u0435\u0441\u0438\u0442\u0435 \u043d\u0435\u0441\u043a\u043e\u043b\u044c\u043a\u043e \u043a\u0430\u043f\u0435\u043b\u044c \u0441\u044b\u0432\u043e\u0440\u043e\u0442\u043a\u0438 \u043d\u0430 \u043b\u0438\u0446\u043e \u0438 \u0448\u0435\u044e.<\/p>\n<p>\u0417\u0430\u0442\u0435\u043c \u043d\u0430\u043d\u0435\u0441\u0438\u0442\u0435 \u043a\u0440\u0435\u043c.<\/p>\n<p>\u0421\u043e\u0441\u0442\u0430\u0432<\/p>\n<p>Radiance shot:<\/p>\n<p>AQUA(WATER), PROPANEDIOL, CAPRYLIC\/CAPRIC TRIGLYCERIDE, SQUALANE, GLYCERYL STEARATE, PEG-100 STEARATE, BUTYROSPERMUM PARKII (SHEA) BUTTER, C.I. 77891 (TITANIUM DIOXIDE), MANNITOL, PHOSPHATIDYLCHOLINE, ELLAGIC ACID, GLYCERIN, MICA, MYRCIARIA DUBIA FRUIT EXTRACT, DISODIUM CETEARYL SULFOSUCCINATE, TOCOPHERYL ACETATE, ACETYL HEXAPEPTIDE-1, PHENOXYETHANOL, AMMONIUM ACRYLOYLDIMETHYLTAURATE\/ VP COPOLYMER, ETHYLHEXYLGLYCERIN, PARFUM (FRAGRANCE), DISODIUM EDTA, CHLORPHENESIN, CHOLESTOROL, POLYSOBRATE 80, XANTHAN GUM, SODIUM BENZOATE, POTASSIUM SORBATE, METHYLPROPANEDIOL, SODIUM CHLORIDE, C.I. 17200 (RED NO.33), CAPRYLYL GLYCOL, SODIUM SULFATE, PHENYLPROPANOL.<\/p>\n<p>Brightening drops:<\/p>\n<p>INGREDIENTS: AQUA (WATER), PROPANEDIOL, NIACINAMIDE, GLYCERIN, MALTOOLIGOSYL GLUCOSIDE, TERMINALIA FERDINANDIANA FRUIT EXTRACT, HYDROGENATED STARCH HYDROLYSATE, CAPRYLYL GLYCOL, 1,2-HEXANEDIOL, HYDROXYETHYLCELLULOSE, DISODIUM EDTA, POLYSORBATE 60, HYDROXYACETOPHENONE, DISODIUM PHOSPHATE, SODIUM PHOSPHATE.<\/p>","protected":false},"excerpt":{"rendered":"<p>Bruno Vassari Lab \u041a\u043e\u043c\u043f\u043b\u0435\u043a\u0442 \u0434\u043d\u0435\u0432\u043d\u043e\u0439 \u0438 \u043d\u043e\u0447\u043d\u043e\u0439 \u0441\u044b\u0432\u043e\u0440\u043e\u0442\u043a\u0438<\/p>\n<p>Bruno Vassari Lab \u0412\u044b\u0440\u0430\u0432\u043d\u0438\u0432\u0430\u0435\u0442 \u0442\u043e\u043d \u043a\u043e\u0436\u0438, \u0432\u043e\u0441\u0441\u0442\u0430\u043d\u0430\u0432\u043b\u0438\u0432\u0430\u0435\u0442 \u0435\u0441\u0442\u0435\u0441\u0442\u0432\u0435\u043d\u043d\u044b\u0439 \u0446\u0432\u0435\u0442 \u043b\u0438\u0446\u0430 \u0438 \u0441\u0438\u044f\u043d\u0438\u0435.<\/p>\n<p>2 x 30ml<\/p>","protected":false},"featured_media":1935,"comment_status":"open","ping_status":"closed","template":"","meta":{"_uag_custom_page_level_css":"","site-sidebar-layout":"default","site-content-layout":"","ast-site-content-layout":"default","site-content-style":"default","site-sidebar-style":"default","ast-global-header-display":"","ast-banner-title-visibility":"","ast-main-header-display":"","ast-hfb-above-header-display":"","ast-hfb-below-header-display":"","ast-hfb-mobile-header-display":"","site-post-title":"","ast-breadcrumbs-content":"","ast-featured-img":"","footer-sml-layout":"","ast-disable-related-posts":"","theme-transparent-header-meta":"default","adv-header-id-meta":"","stick-header-meta":"","header-above-stick-meta":"","header-main-stick-meta":"","header-below-stick-meta":"","astra-migrate-meta-layouts":"set","ast-page-background-enabled":"default","ast-page-background-meta":{"desktop":{"background-color":"var(--ast-global-color-4)","background-image":"","background-repeat":"repeat","background-position":"center center","background-size":"auto","background-attachment":"scroll","background-type":"","background-media":"","overlay-type":"","overlay-color":"","overlay-opacity":"","overlay-gradient":""},"tablet":{"background-color":"","background-image":"","background-repeat":"repeat","background-position":"center center","background-size":"auto","background-attachment":"scroll","background-type":"","background-media":"","overlay-type":"","overlay-color":"","overlay-opacity":"","overlay-gradient":""},"mobile":{"background-color":"","background-image":"","background-repeat":"repeat","background-position":"center center","background-size":"auto","background-attachment":"scroll","background-type":"","background-media":"","overlay-type":"","overlay-color":"","overlay-opacity":"","overlay-gradient":""}},"ast-content-background-meta":{"desktop":{"background-color":"var(--ast-global-color-5)","background-image":"","background-repeat":"repeat","background-position":"center center","background-size":"auto","background-attachment":"scroll","background-type":"","background-media":"","overlay-type":"","overlay-color":"","overlay-opacity":"","overlay-gradient":""},"tablet":{"background-color":"var(--ast-global-color-5)","background-image":"","background-repeat":"repeat","background-position":"center center","background-size":"auto","background-attachment":"scroll","background-type":"","background-media":"","overlay-type":"","overlay-color":"","overlay-opacity":"","overlay-gradient":""},"mobile":{"background-color":"var(--ast-global-color-5)","background-image":"","background-repeat":"repeat","background-position":"center center","background-size":"auto","background-attachment":"scroll","background-type":"","background-media":"","overlay-type":"","overlay-color":"","overlay-opacity":"","overlay-gradient":""}}},"product_brand":[],"product_cat":[96,71,97],"product_tag":[],"class_list":{"0":"post-1733","1":"product","2":"type-product","3":"status-publish","4":"has-post-thumbnail","6":"product_cat-brands","7":"product_cat-lab-radiance","8":"product_cat-naole","9":"desktop-align-left","10":"tablet-align-left","11":"mobile-align-left","13":"first","14":"instock","15":"taxable","16":"shipping-taxable","17":"product-type-simple","18":"add-to-wishlist-before_image"},"uagb_featured_image_src":{"full":["https:\/\/kosmeetika24.com\/wp-content\/uploads\/2023\/11\/362.png",600,600,false],"thumbnail":["https:\/\/kosmeetika24.com\/wp-content\/uploads\/2023\/11\/362-150x150.png",150,150,true],"medium":["https:\/\/kosmeetika24.com\/wp-content\/uploads\/2023\/11\/362-300x300.png",300,300,true],"medium_large":["https:\/\/kosmeetika24.com\/wp-content\/uploads\/2023\/11\/362.png",600,600,false],"large":["https:\/\/kosmeetika24.com\/wp-content\/uploads\/2023\/11\/362.png",600,600,false],"1536x1536":["https:\/\/kosmeetika24.com\/wp-content\/uploads\/2023\/11\/362.png",600,600,false],"2048x2048":["https:\/\/kosmeetika24.com\/wp-content\/uploads\/2023\/11\/362.png",600,600,false],"trp-custom-language-flag":["https:\/\/kosmeetika24.com\/wp-content\/uploads\/2023\/11\/362-12x12.png",12,12,true],"woocommerce_thumbnail":["https:\/\/kosmeetika24.com\/wp-content\/uploads\/2023\/11\/362-300x300.png",300,300,true],"woocommerce_single":["https:\/\/kosmeetika24.com\/wp-content\/uploads\/2023\/11\/362-500x500.png",500,500,true],"woocommerce_gallery_thumbnail":["https:\/\/kosmeetika24.com\/wp-content\/uploads\/2023\/11\/362-100x100.png",100,100,true]},"uagb_author_info":{"display_name":"admin","author_link":"https:\/\/kosmeetika24.com\/ru\/author\/"},"uagb_comment_info":0,"uagb_excerpt":"P\u00e4evase ja \u00f6ise seerumi komplekt. \u00dchtlustab naha tooni, taastab nahal loomuliku jume ja s\u00e4ra. 2 x 30ml","_links":{"self":[{"href":"https:\/\/kosmeetika24.com\/ru\/wp-json\/wp\/v2\/product\/1733","targetHints":{"allow":["GET"]}}],"collection":[{"href":"https:\/\/kosmeetika24.com\/ru\/wp-json\/wp\/v2\/product"}],"about":[{"href":"https:\/\/kosmeetika24.com\/ru\/wp-json\/wp\/v2\/types\/product"}],"replies":[{"embeddable":true,"href":"https:\/\/kosmeetika24.com\/ru\/wp-json\/wp\/v2\/comments?post=1733"}],"version-history":[{"count":2,"href":"https:\/\/kosmeetika24.com\/ru\/wp-json\/wp\/v2\/product\/1733\/revisions"}],"predecessor-version":[{"id":5633,"href":"https:\/\/kosmeetika24.com\/ru\/wp-json\/wp\/v2\/product\/1733\/revisions\/5633"}],"wp:featuredmedia":[{"embeddable":true,"href":"https:\/\/kosmeetika24.com\/ru\/wp-json\/wp\/v2\/media\/1935"}],"wp:attachment":[{"href":"https:\/\/kosmeetika24.com\/ru\/wp-json\/wp\/v2\/media?parent=1733"}],"wp:term":[{"taxonomy":"product_brand","embeddable":true,"href":"https:\/\/kosmeetika24.com\/ru\/wp-json\/wp\/v2\/product_brand?post=1733"},{"taxonomy":"product_cat","embeddable":true,"href":"https:\/\/kosmeetika24.com\/ru\/wp-json\/wp\/v2\/product_cat?post=1733"},{"taxonomy":"product_tag","embeddable":true,"href":"https:\/\/kosmeetika24.com\/ru\/wp-json\/wp\/v2\/product_tag?post=1733"}],"curies":[{"name":"wp","href":"https:\/\/api.w.org\/{rel}","templated":true}]}}