{"id":1707,"date":"2024-01-05T18:01:38","date_gmt":"2024-01-05T18:01:38","guid":{"rendered":"https:\/\/kosmeetika24.com\/?post_type=product&#038;p=1707"},"modified":"2025-07-02T15:42:12","modified_gmt":"2025-07-02T12:42:12","slug":"bruno-vassari-city-beach-igapaevane-tooni-uhtlustav-kaitsekreem","status":"publish","type":"product","link":"https:\/\/kosmeetika24.com\/ru\/product\/bruno-vassari-city-beach-igapaevane-tooni-uhtlustav-kaitsekreem\/","title":{"rendered":"BRUNO VASSARI City &amp; Beach \u0415\u0436\u0435\u0434\u043d\u0435\u0432\u043d\u044b\u0439 \u043a\u0440\u0435\u043c \u0434\u043b\u044f \u0432\u044b\u0440\u0430\u0432\u043d\u0438\u0432\u0430\u043d\u0438\u044f \u0442\u043e\u043d\u0430 \u0438 \u0437\u0430\u0449\u0438\u0442\u044b"},"content":{"rendered":"<p class=\"translation-block\"><p>\u0415\u0436\u0435\u0434\u043d\u0435\u0432\u043d\u044b\u0439 \u043a\u0440\u0435\u043c \u0434\u043b\u044f \u0432\u044b\u0440\u0430\u0432\u043d\u0438\u0432\u0430\u043d\u0438\u044f \u0442\u043e\u043d\u0430 \u043a\u043e\u0436\u0438 \u0438 \u0437\u0430\u0449\u0438\u0442\u044b <em>Every Day Protection<\/em> SPF 40+ \u2014 \u044d\u0442\u043e \u0433\u0435\u043b\u044c-\u043a\u0440\u0435\u043c, \u0438\u0434\u0435\u0430\u043b\u044c\u043d\u043e \u043f\u043e\u0434\u0445\u043e\u0434\u044f\u0449\u0438\u0439 \u0434\u043b\u044f \u0438\u0441\u043f\u043e\u043b\u044c\u0437\u043e\u0432\u0430\u043d\u0438\u044f 365 \u0434\u043d\u0435\u0439 \u0432 \u0433\u043e\u0434\u0443, \u0447\u0442\u043e\u0431\u044b \u043f\u0440\u0435\u0434\u043e\u0442\u0432\u0440\u0430\u0442\u0438\u0442\u044c \u043e\u0431\u0440\u0430\u0437\u043e\u0432\u0430\u043d\u0438\u0435 \u043f\u044f\u0442\u0435\u043d \u043d\u0430 \u043a\u043e\u0436\u0435 \u0438 \u043f\u0440\u0435\u0436\u0434\u0435\u0432\u0440\u0435\u043c\u0435\u043d\u043d\u043e\u0435 \u0441\u0442\u0430\u0440\u0435\u043d\u0438\u0435.<\/p>\n<p>\u041a\u0440\u0435\u043c \u0431\u044b\u0441\u0442\u0440\u043e \u0432\u043f\u0438\u0442\u044b\u0432\u0430\u0435\u0442\u0441\u044f \u0432 \u043a\u043e\u0436\u0443 \u0438 \u043b\u0435\u0433\u043a\u043e \u0440\u0430\u0441\u043f\u0440\u0435\u0434\u0435\u043b\u044f\u0435\u0442\u0441\u044f. \u041e\u043d \u0441\u043e\u0437\u0434\u0430\u0435\u0442 \u043d\u0430 \u043a\u043e\u0436\u0435 \u0437\u0430\u0449\u0438\u0442\u043d\u0443\u044e \u043f\u043b\u0435\u043d\u043a\u0443, \u043a\u043e\u0442\u043e\u0440\u0430\u044f \u0434\u0435\u0439\u0441\u0442\u0432\u0443\u0435\u0442 \u043a\u0430\u043a \u0432\u0442\u043e\u0440\u0430\u044f \u043a\u043e\u0436\u0430. \u041f\u0440\u043e\u0434\u0443\u043a\u0442 \u0442\u0430\u043a\u0436\u0435 \u043f\u0440\u0438\u0434\u0430\u0435\u0442 \u0431\u043e\u043b\u0435\u0435 \u043c\u044f\u0433\u043a\u0438\u0439 \u0438 \u0435\u0441\u0442\u0435\u0441\u0442\u0432\u0435\u043d\u043d\u044b\u0439 \u0442\u043e\u043d \u043a\u043e\u0436\u0438, \u0432\u044b\u0440\u0430\u0432\u043d\u0438\u0432\u0430\u044f \u043e\u0442\u0442\u0435\u043d\u043e\u043a \u043b\u0438\u0446\u0430.<\/p><\/p>\n<p>\u041f\u043e\u0434\u0445\u043e\u0434\u0438\u0442 \u0434\u043b\u044f \u0432\u0441\u0435\u0445 \u0442\u0438\u043f\u043e\u0432 \u043a\u043e\u0436\u0438.<\/p>\n<p><p>\u0421\u043e\u0434\u0435\u0440\u0436\u0438\u0442 \u0438\u043d\u043d\u043e\u0432\u0430\u0446\u0438\u043e\u043d\u043d\u044b\u0439 \u043c\u0438\u043d\u0435\u0440\u0430\u043b\u044c\u043d\u044b\u0439 \u0444\u0438\u043b\u044c\u0442\u0440 EnhanceU-T-Medium, \u043a\u043e\u0442\u043e\u0440\u044b\u0439 \u043e\u0431\u0435\u0441\u043f\u0435\u0447\u0438\u0432\u0430\u0435\u0442 \u0448\u0438\u0440\u043e\u043a\u0438\u0439 \u0441\u043f\u0435\u043a\u0442\u0440 \u0437\u0430\u0449\u0438\u0442\u044b \u043e\u0442 UVA \u0438 UVB \u0441\u043e\u043b\u043d\u0435\u0447\u043d\u043e\u0433\u043e \u0438\u0437\u043b\u0443\u0447\u0435\u043d\u0438\u044f:<\/p><\/p>\n<ul>\n<li>\u041e\u043d \u0438\u043c\u0435\u0435\u0442 \u0441\u0432\u043e\u0439\u0441\u0442\u0432\u0430 \u043d\u0430\u043d\u043e-\u0447\u0430\u0441\u0442\u0438\u0446, \u043d\u043e \u043d\u0435 \u044f\u0432\u043b\u044f\u0435\u0442\u0441\u044f \u043d\u0430\u043d\u043e-\u0444\u0438\u043b\u044c\u0442\u0440\u043e\u043c, \u0447\u0442\u043e \u0434\u043e\u0431\u0430\u0432\u043b\u044f\u0435\u0442 \u0446\u0435\u043d\u043d\u043e\u0441\u0442\u044c \u0441\u043e\u043b\u043d\u0446\u0435\u0437\u0430\u0449\u0438\u0442\u043d\u043e\u043c\u0443 \u043a\u0440\u0435\u043c\u0443 \u0438 \u0438\u0437\u0431\u0435\u0433\u0430\u0435\u0442 \u0442\u0438\u043f\u0438\u0447\u043d\u044b\u0445 \u043f\u0440\u043e\u0431\u043b\u0435\u043c \u0441 \u043d\u0430\u043d\u043e-\u0444\u0438\u043b\u044c\u0442\u0440\u0430\u043c\u0438.<\/li>\n<li>\u041e\u043d \u043e\u0431\u0435\u0441\u043f\u0435\u0447\u0438\u0432\u0430\u0435\u0442 \u0432\u044b\u0441\u043e\u043a\u0443\u044e \u0437\u0430\u0449\u0438\u0442\u0443 \u043e\u0442 UVA \u0438 UVB \u0438\u0437\u043b\u0443\u0447\u0435\u043d\u0438\u044f.<\/li>\n<li>\u041e\u043d \u043e\u0431\u0435\u0441\u043f\u0435\u0447\u0438\u0432\u0430\u0435\u0442 \u0445\u043e\u0440\u043e\u0448\u0443\u044e \u0444\u043e\u0442\u043e\u0441\u0442\u0430\u0431\u0438\u043b\u044c\u043d\u043e\u0441\u0442\u044c, \u0430 \u0435\u0433\u043e \u043a\u043e\u043c\u043f\u043e\u043d\u0435\u043d\u0442\u044b \u0443\u043c\u0435\u043d\u044c\u0448\u0430\u044e\u0442 \u0444\u043e\u0442\u043e\u043a\u0430\u0442\u0430\u043b\u0438\u0442\u0438\u0447\u0435\u0441\u043a\u0443\u044e \u0430\u043a\u0442\u0438\u0432\u043d\u043e\u0441\u0442\u044c.<\/li>\n<li>\u0412\u044b\u0440\u0430\u0432\u043d\u0438\u0432\u0430\u0435\u0442 \u0442\u043e\u043d \u043a\u043e\u0436\u0438.<\/li>\n<li>\u0413\u0435\u043b\u044c-\u043a\u0440\u0435\u043c \u0442\u0430\u043a\u0436\u0435 \u043e\u0447\u0435\u043d\u044c \u0443\u0432\u043b\u0430\u0436\u043d\u044f\u044e\u0449\u0438\u0439.<\/li>\n<\/ul>\n<p><strong>\u041f\u0440\u0438\u043c\u0435\u043d\u0435\u043d\u0438\u0435<\/strong><\/p>\n<p><p>\u041d\u0430\u043d\u043e\u0441\u0438\u0442\u0435 \u0449\u0435\u0434\u0440\u043e \u043d\u0430 \u043b\u0438\u0446\u043e, \u0448\u0435\u044e \u0438 \u0434\u0435\u043a\u043e\u043b\u044c\u0442\u0435.<\/p><\/p>\n<p><p>\u041f\u043e\u0441\u043b\u0435 \u043d\u0430\u0445\u043e\u0436\u0434\u0435\u043d\u0438\u044f \u0432 \u0432\u043e\u0434\u0435 \u043d\u0430\u043d\u0435\u0441\u0438\u0442\u0435 \u043f\u0440\u043e\u0434\u0443\u043a\u0442 \u0441\u043d\u043e\u0432\u0430 \u043d\u0430 \u043a\u043e\u0436\u0443.<\/p><\/p>\n<p><strong>\u0421\u043e\u0441\u0442\u0430\u0432<\/strong><\/p>\n<p>AQUA (WATER), TITANIUM DIOXIDE, ETH\u00dcLHEXYL METHOXYCINNAMATE, ALCOHOL DENAT., ETHYLHEXYL SALICYLATE, CYCLOPENTASILOXANE, HOMOSALATE, GL\u00dcCERIN, SILICA BUTYL METHOXYDIBENZOYLMETHANE, CETEARYL ALCOHOL, GLYCERYL STEARATE, PEG-100 STEARATE, HYDROGENATED VEGETABLE OLI, BIS-PEG-18 METHYL ETHER DIMETHYL SILANE, OCTOCRYLENE, POLYSORBATE 60, PHENOXYETHANOL, TOCOPERYL ACETATE, POLYACRYLATE 13, DISODIUM EDTA, CARBOMER, CHLORPHENESIN, TRIETHANOLAMINE, METHYLPROPANEDIOL, POLYISOBUTENE, BHT, PARFUM (FRAGRANCE), CAPRYLYL GLYCOL, POLYSORBATE 20, LINALOOL, LIMONENE, PHENYLPROPANOL, CITRONELLOL, HEXYL CINNAMAL, BUTYLPHENYL METHYLPROPIONAL, C.I. 77491 (IRON OXIDE), C.I. 77499 (IRON OXIDE).<\/p>","protected":false},"excerpt":{"rendered":"<p>\u0415\u0436\u0435\u0434\u043d\u0435\u0432\u043d\u044b\u0439 \u0433\u0435\u043b\u044c-\u043a\u0440\u0435\u043c \u0434\u043b\u044f \u0432\u044b\u0440\u0430\u0432\u043d\u0438\u0432\u0430\u043d\u0438\u044f \u0442\u043e\u043d\u0430 \u0438 \u0437\u0430\u0449\u0438\u0442\u044b. \u041e\u0431\u043e\u0433\u0430\u0449\u0451\u043d \u0443\u0432\u043b\u0430\u0436\u043d\u044f\u044e\u0449\u0438\u043c\u0438 \u043a\u043e\u043c\u043f\u043e\u043d\u0435\u043d\u0442\u0430\u043c\u0438, \u0441\u043e\u0434\u0435\u0440\u0436\u0438\u0442 \u0444\u0438\u043b\u044c\u0442\u0440\u044b UVA \u0438 UVB, \u043a\u043e\u0442\u043e\u0440\u044b\u0435 \u0437\u0430\u0449\u0438\u0449\u0430\u044e\u0442 \u043e\u0442 \u0432\u0440\u0435\u0434\u043d\u044b\u0445 \u0432\u043e\u0437\u0434\u0435\u0439\u0441\u0442\u0432\u0438\u0439 \u0441\u043e\u043b\u043d\u0446\u0430.<\/p>\n<p>50 \u043c\u043b<\/p>\n<p>&nbsp;<\/p>","protected":false},"featured_media":1708,"comment_status":"open","ping_status":"closed","template":"","meta":{"_uag_custom_page_level_css":"","site-sidebar-layout":"default","site-content-layout":"","ast-site-content-layout":"default","site-content-style":"default","site-sidebar-style":"default","ast-global-header-display":"","ast-banner-title-visibility":"","ast-main-header-display":"","ast-hfb-above-header-display":"","ast-hfb-below-header-display":"","ast-hfb-mobile-header-display":"","site-post-title":"","ast-breadcrumbs-content":"","ast-featured-img":"","footer-sml-layout":"","ast-disable-related-posts":"","theme-transparent-header-meta":"default","adv-header-id-meta":"","stick-header-meta":"","header-above-stick-meta":"","header-main-stick-meta":"","header-below-stick-meta":"","astra-migrate-meta-layouts":"set","ast-page-background-enabled":"default","ast-page-background-meta":{"desktop":{"background-color":"var(--ast-global-color-4)","background-image":"","background-repeat":"repeat","background-position":"center center","background-size":"auto","background-attachment":"scroll","background-type":"","background-media":"","overlay-type":"","overlay-color":"","overlay-opacity":"","overlay-gradient":""},"tablet":{"background-color":"","background-image":"","background-repeat":"repeat","background-position":"center center","background-size":"auto","background-attachment":"scroll","background-type":"","background-media":"","overlay-type":"","overlay-color":"","overlay-opacity":"","overlay-gradient":""},"mobile":{"background-color":"","background-image":"","background-repeat":"repeat","background-position":"center center","background-size":"auto","background-attachment":"scroll","background-type":"","background-media":"","overlay-type":"","overlay-color":"","overlay-opacity":"","overlay-gradient":""}},"ast-content-background-meta":{"desktop":{"background-color":"var(--ast-global-color-5)","background-image":"","background-repeat":"repeat","background-position":"center center","background-size":"auto","background-attachment":"scroll","background-type":"","background-media":"","overlay-type":"","overlay-color":"","overlay-opacity":"","overlay-gradient":""},"tablet":{"background-color":"var(--ast-global-color-5)","background-image":"","background-repeat":"repeat","background-position":"center center","background-size":"auto","background-attachment":"scroll","background-type":"","background-media":"","overlay-type":"","overlay-color":"","overlay-opacity":"","overlay-gradient":""},"mobile":{"background-color":"var(--ast-global-color-5)","background-image":"","background-repeat":"repeat","background-position":"center center","background-size":"auto","background-attachment":"scroll","background-type":"","background-media":"","overlay-type":"","overlay-color":"","overlay-opacity":"","overlay-gradient":""}}},"product_brand":[],"product_cat":[96,68,97],"product_tag":[],"class_list":{"0":"post-1707","1":"product","2":"type-product","3":"status-publish","4":"has-post-thumbnail","6":"product_cat-brands","7":"product_cat-city-and-beach","8":"product_cat-naole","9":"desktop-align-left","10":"tablet-align-left","11":"mobile-align-left","13":"first","14":"instock","15":"taxable","16":"shipping-taxable","17":"product-type-simple","18":"add-to-wishlist-before_image"},"uagb_featured_image_src":{"full":["https:\/\/kosmeetika24.com\/wp-content\/uploads\/2023\/11\/308.png",600,600,false],"thumbnail":["https:\/\/kosmeetika24.com\/wp-content\/uploads\/2023\/11\/308-150x150.png",150,150,true],"medium":["https:\/\/kosmeetika24.com\/wp-content\/uploads\/2023\/11\/308-300x300.png",300,300,true],"medium_large":["https:\/\/kosmeetika24.com\/wp-content\/uploads\/2023\/11\/308.png",600,600,false],"large":["https:\/\/kosmeetika24.com\/wp-content\/uploads\/2023\/11\/308.png",600,600,false],"1536x1536":["https:\/\/kosmeetika24.com\/wp-content\/uploads\/2023\/11\/308.png",600,600,false],"2048x2048":["https:\/\/kosmeetika24.com\/wp-content\/uploads\/2023\/11\/308.png",600,600,false],"trp-custom-language-flag":["https:\/\/kosmeetika24.com\/wp-content\/uploads\/2023\/11\/308-12x12.png",12,12,true],"woocommerce_thumbnail":["https:\/\/kosmeetika24.com\/wp-content\/uploads\/2023\/11\/308-300x300.png",300,300,true],"woocommerce_single":["https:\/\/kosmeetika24.com\/wp-content\/uploads\/2023\/11\/308-500x500.png",500,500,true],"woocommerce_gallery_thumbnail":["https:\/\/kosmeetika24.com\/wp-content\/uploads\/2023\/11\/308-100x100.png",100,100,true]},"uagb_author_info":{"display_name":"admin","author_link":"https:\/\/kosmeetika24.com\/ru\/author\/"},"uagb_comment_info":0,"uagb_excerpt":"Igap\u00e4evane nahatooni \u00fchtlustav kaitsev geel-kreem. Rikkalikult niisutav, sisaldab UVA ja UVB filtreid, mis kaitsevad p\u00e4ikese kahjulike m\u00f5jude eest. 50 ml &nbsp;","_links":{"self":[{"href":"https:\/\/kosmeetika24.com\/ru\/wp-json\/wp\/v2\/product\/1707","targetHints":{"allow":["GET"]}}],"collection":[{"href":"https:\/\/kosmeetika24.com\/ru\/wp-json\/wp\/v2\/product"}],"about":[{"href":"https:\/\/kosmeetika24.com\/ru\/wp-json\/wp\/v2\/types\/product"}],"replies":[{"embeddable":true,"href":"https:\/\/kosmeetika24.com\/ru\/wp-json\/wp\/v2\/comments?post=1707"}],"version-history":[{"count":2,"href":"https:\/\/kosmeetika24.com\/ru\/wp-json\/wp\/v2\/product\/1707\/revisions"}],"predecessor-version":[{"id":5456,"href":"https:\/\/kosmeetika24.com\/ru\/wp-json\/wp\/v2\/product\/1707\/revisions\/5456"}],"wp:featuredmedia":[{"embeddable":true,"href":"https:\/\/kosmeetika24.com\/ru\/wp-json\/wp\/v2\/media\/1708"}],"wp:attachment":[{"href":"https:\/\/kosmeetika24.com\/ru\/wp-json\/wp\/v2\/media?parent=1707"}],"wp:term":[{"taxonomy":"product_brand","embeddable":true,"href":"https:\/\/kosmeetika24.com\/ru\/wp-json\/wp\/v2\/product_brand?post=1707"},{"taxonomy":"product_cat","embeddable":true,"href":"https:\/\/kosmeetika24.com\/ru\/wp-json\/wp\/v2\/product_cat?post=1707"},{"taxonomy":"product_tag","embeddable":true,"href":"https:\/\/kosmeetika24.com\/ru\/wp-json\/wp\/v2\/product_tag?post=1707"}],"curies":[{"name":"wp","href":"https:\/\/api.w.org\/{rel}","templated":true}]}}