{"id":1675,"date":"2024-01-04T12:49:18","date_gmt":"2024-01-04T12:49:18","guid":{"rendered":"https:\/\/kosmeetika24.com\/?post_type=product&#038;p=1675"},"modified":"2025-07-02T14:50:30","modified_gmt":"2025-07-02T11:50:30","slug":"bruno-vassari-aha-professionaalne-hooldus-alfahudroksuhapetega","status":"publish","type":"product","link":"https:\/\/kosmeetika24.com\/ru\/product\/bruno-vassari-aha-professionaalne-hooldus-alfahudroksuhapetega\/","title":{"rendered":"BRUNO VASSARI AHA \u043f\u0440\u043e\u0444\u0435\u0441\u0441\u0438\u043e\u043d\u0430\u043b\u044c\u043d\u044b\u0439 \u0443\u0445\u043e\u0434 \u0441 \u0430\u043b\u044c\u0444\u0430-\u0433\u0438\u0434\u0440\u043e\u043a\u0441\u0438\u043a\u0438\u0441\u043b\u043e\u0442\u0430\u043c\u0438"},"content":{"rendered":"<p class=\"translation-block\">\u0423\u0445\u043e\u0434 <em>AHA Glycolic Treatment<\/em> \u0443\u0441\u043a\u043e\u0440\u044f\u0435\u0442 \u0435\u0441\u0442\u0435\u0441\u0442\u0432\u0435\u043d\u043d\u043e\u0435 \u043e\u0442\u0448\u0435\u043b\u0443\u0448\u0438\u0432\u0430\u043d\u0438\u0435 \u0438 \u0430\u043a\u0442\u0438\u0432\u0438\u0440\u0443\u0435\u0442 \u043e\u0431\u043d\u043e\u0432\u043b\u0435\u043d\u0438\u0435 \u043a\u043b\u0435\u0442\u043e\u043a. \u041e\u0441\u0442\u0430\u0432\u043b\u044f\u0435\u0442 \u043a\u043e\u0436\u0443 \u0433\u043b\u0430\u0434\u043a\u043e\u0439, \u043c\u044f\u0433\u043a\u043e\u0439, \u043f\u043e\u0434\u0442\u044f\u043d\u0443\u0442\u043e\u0439 \u0438 \u044d\u043b\u0430\u0441\u0442\u0438\u0447\u043d\u043e\u0439. \u0421\u043d\u0438\u0436\u0430\u0435\u0442 \u043a\u043e\u043b\u0438\u0447\u0435\u0441\u0442\u0432\u043e \u043c\u043e\u0440\u0449\u0438\u043d, \u043f\u0440\u0438\u0434\u0430\u0432\u0430\u044f \u043a\u043e\u0436\u0435 \u043c\u043e\u043b\u043e\u0434\u043e\u0439 \u0438 \u0441\u0438\u044f\u044e\u0449\u0438\u0439 \u0432\u0438\u0434.<\/p>\n<p>\u041f\u043e\u0434\u0445\u043e\u0434\u0438\u0442 \u0434\u043b\u044f \u0432\u0441\u0435\u0445 \u0442\u0438\u043f\u043e\u0432 \u043a\u043e\u0436\u0438, \u0437\u0430 \u0438\u0441\u043a\u043b\u044e\u0447\u0435\u043d\u0438\u0435\u043c \u043e\u0447\u0435\u043d\u044c \u0447\u0443\u0432\u0441\u0442\u0432\u0438\u0442\u0435\u043b\u044c\u043d\u043e\u0439 \u043a\u043e\u0436\u0438.<\/p>\n<p><strong>\u041e\u0421\u041d\u041e\u0412\u041d\u042b\u0415 \u0414\u0415\u0419\u0421\u0422\u0412\u0423\u042e\u0429\u0418\u0415 \u0412\u0415\u0429\u0415\u0421\u0422\u0412\u0410<\/strong><\/p>\n<ul>\n<li>30% \u0413\u043b\u0438\u043a\u043e\u043b\u0435\u0432\u0430\u044f \u043a\u0438\u0441\u043b\u043e\u0442\u0430<\/li>\n<li>pH 4,5<\/li>\n<\/ul>\n<p><strong>\u0414\u0435\u0439\u0441\u0442\u0432\u0438\u0435<\/strong><\/p>\n<p>\u0413\u043b\u0438\u043a\u043e\u043b\u0435\u0432\u0430\u044f \u043a\u0438\u0441\u043b\u043e\u0442\u0430 \u0441\u043f\u043e\u0441\u043e\u0431\u0441\u0442\u0432\u0443\u0435\u0442 \u0435\u0441\u0442\u0435\u0441\u0442\u0432\u0435\u043d\u043d\u043e\u043c\u0443 \u0443\u0434\u0430\u043b\u0435\u043d\u0438\u044e \u043e\u043c\u0435\u0440\u0442\u0432\u0435\u0432\u0448\u0438\u0445 \u043a\u043b\u0435\u0442\u043e\u043a, \u043d\u0430\u043a\u043e\u043f\u0438\u0432\u0448\u0438\u0445\u0441\u044f \u043d\u0430 \u043f\u043e\u0432\u0435\u0440\u0445\u043d\u043e\u0441\u0442\u0438 \u043a\u043e\u0436\u0438, \u0431\u0430\u043b\u0430\u043d\u0441\u0438\u0440\u0443\u0435\u0442 pH \u043a\u043e\u0436\u0438. \u041e\u043d\u0430 \u0443\u0441\u0438\u043b\u0438\u0432\u0430\u0435\u0442 \u0441\u0438\u043d\u0442\u0435\u0437 \u043a\u043e\u043b\u043b\u0430\u0433\u0435\u043d\u0430 \u0438 \u044d\u043b\u0430\u0441\u0442\u0438\u043d\u0430, \u0434\u0435\u043b\u0430\u044f \u043a\u043e\u0436\u0443 \u0431\u043e\u043b\u0435\u0435 \u0443\u043f\u0440\u0443\u0433\u043e\u0439.<\/p>\n<p><strong>\u041f\u0440\u0438\u043c\u0435\u043d\u0435\u043d\u0438\u0435<\/strong><\/p>\n<ol>\n<li class=\"translation-block\">\u041f\u043e\u0434\u0433\u043e\u0442\u043e\u0432\u044c\u0442\u0435 \u043a\u043e\u0436\u0443, \u0438\u0441\u043f\u043e\u043b\u044c\u0437\u0443\u044f \u043f\u0440\u043e\u0434\u0443\u043a\u0442 <a href=\"https:\/\/kosmeetika24.eu\/toode\/bruno-vassari-aha-skin-cleanser\/\" target=\"_self\">BRUNO VASSARI AHA \u0433\u043b\u0438\u043a\u043e\u043b\u0435\u0432\u043e\u0435 \u0441\u0440\u0435\u0434\u0441\u0442\u0432\u043e \u0434\u043b\u044f \u043e\u0447\u0438\u0449\u0435\u043d\u0438\u044f \u043a\u043e\u0436\u0438<\/a>.<\/li>\n<li>\u0417\u0430\u0442\u0435\u043c \u043d\u0430\u043d\u0435\u0441\u0438\u0442\u0435 \u0441\u0440\u0435\u0434\u0441\u0442\u0432\u043e \u0434\u043b\u044f \u0443\u0445\u043e\u0434\u0430 \u043d\u0430 \u043a\u043e\u0436\u0443 \u0441 \u043f\u043e\u043c\u043e\u0449\u044c\u044e \u0432\u0435\u0435\u0440\u043d\u043e\u0439 \u043a\u0438\u0441\u0442\u0438.<\/li>\n<li>\u041e\u0441\u0442\u0430\u0432\u044c\u0442\u0435 \u0441\u0440\u0435\u0434\u0441\u0442\u0432\u043e \u043d\u0430 \u043a\u043e\u0436\u0435 \u043d\u0430 10\u201312 \u043c\u0438\u043d\u0443\u0442, \u0437\u0430\u0442\u0435\u043c \u0443\u0434\u0430\u043b\u0438\u0442\u0435 \u0435\u0433\u043e \u043e\u0431\u0438\u043b\u044c\u043d\u044b\u043c \u043a\u043e\u043b\u0438\u0447\u0435\u0441\u0442\u0432\u043e\u043c \u0432\u043e\u0434\u044b.<\/li>\n<\/ol>\n<p>\u041e\u0449\u0443\u0449\u0435\u043d\u0438\u0435 \u043f\u043e\u043a\u0430\u043b\u044b\u0432\u0430\u043d\u0438\u044f \u044f\u0432\u043b\u044f\u0435\u0442\u0441\u044f \u043d\u043e\u0440\u043c\u0430\u043b\u044c\u043d\u044b\u043c, \u043d\u043e \u043e\u043d\u043e \u0434\u043e\u043b\u0436\u043d\u043e \u0431\u044b\u0442\u044c \u0442\u043e\u043b\u044c\u043a\u043e \u043d\u0435\u043c\u043d\u043e\u0433\u043e \u043d\u0435\u043f\u0440\u0438\u044f\u0442\u043d\u044b\u043c.<\/p>\n<p>\u0412 \u043d\u0435\u043a\u043e\u0442\u043e\u0440\u044b\u0445 \u0443\u0447\u0430\u0441\u0442\u043a\u0430\u0445 \u043c\u043e\u0436\u0435\u0442 \u0432\u043e\u0437\u043d\u0438\u043a\u043d\u0443\u0442\u044c \u043f\u043e\u043a\u0440\u0430\u0441\u043d\u0435\u043d\u0438\u0435, \u043a\u043e\u0442\u043e\u0440\u043e\u0435 \u0438\u0441\u0447\u0435\u0437\u043d\u0435\u0442 \u0447\u0435\u0440\u0435\u0437 \u043d\u0435\u0441\u043a\u043e\u043b\u044c\u043a\u043e \u043c\u0438\u043d\u0443\u0442.<\/p>\n<p><strong>\u0421\u043e\u0441\u0442\u0430\u0432<\/strong><\/p>\n<p>AQUA (WATER), GLYCOLIC ACID, ALCOHOL DENAT., AMMONIUM HYDROXIDE, HYDROXYETHYLCELLULOSE, SODIUM\u00a0 CHLORIDE.<\/p>","protected":false},"excerpt":{"rendered":"<p>\u041f\u0440\u043e\u0442\u0438\u0432\u043e\u043a\u043e\u0440\u0441\u043d\u044b\u0439 \u0443\u0445\u043e\u0434, \u043a\u043e\u0442\u043e\u0440\u044b\u0439 \u0443\u0441\u043a\u043e\u0440\u044f\u0435\u0442 \u043e\u0431\u043d\u043e\u0432\u043b\u0435\u043d\u0438\u0435 \u043a\u043b\u0435\u0442\u043e\u043a \u0441 \u0430\u043b\u044c\u0444\u0430\u0433\u0438\u0434\u0440\u043e\u043a\u0441\u0438\u043a\u0438\u0441\u043b\u043e\u0442\u0430\u043c\u0438.<\/p>\n<p>&nbsp;<\/p>\n<p>\u041a\u043e\u043c\u043f\u043b\u0435\u043a\u0442 10 x 2 \u043c\u043b \u043f\u0440\u0435\u0434\u043d\u0430\u0437\u043d\u0430\u0447\u0435\u043d \u0434\u043b\u044f \u043f\u0440\u043e\u0444\u0435\u0441\u0441\u0438\u043e\u043d\u0430\u043b\u044c\u043d\u043e\u0433\u043e \u0438\u0441\u043f\u043e\u043b\u044c\u0437\u043e\u0432\u0430\u043d\u0438\u044f \u0432 10 \u043f\u0440\u043e\u0446\u0435\u0434\u0443\u0440\u0430\u0445.<\/p>","protected":false},"featured_media":1676,"comment_status":"open","ping_status":"closed","template":"","meta":{"_uag_custom_page_level_css":"","site-sidebar-layout":"default","site-content-layout":"","ast-site-content-layout":"default","site-content-style":"default","site-sidebar-style":"default","ast-global-header-display":"","ast-banner-title-visibility":"","ast-main-header-display":"","ast-hfb-above-header-display":"","ast-hfb-below-header-display":"","ast-hfb-mobile-header-display":"","site-post-title":"","ast-breadcrumbs-content":"","ast-featured-img":"","footer-sml-layout":"","ast-disable-related-posts":"","theme-transparent-header-meta":"default","adv-header-id-meta":"","stick-header-meta":"","header-above-stick-meta":"","header-main-stick-meta":"","header-below-stick-meta":"","astra-migrate-meta-layouts":"set","ast-page-background-enabled":"default","ast-page-background-meta":{"desktop":{"background-color":"var(--ast-global-color-4)","background-image":"","background-repeat":"repeat","background-position":"center center","background-size":"auto","background-attachment":"scroll","background-type":"","background-media":"","overlay-type":"","overlay-color":"","overlay-opacity":"","overlay-gradient":""},"tablet":{"background-color":"","background-image":"","background-repeat":"repeat","background-position":"center center","background-size":"auto","background-attachment":"scroll","background-type":"","background-media":"","overlay-type":"","overlay-color":"","overlay-opacity":"","overlay-gradient":""},"mobile":{"background-color":"","background-image":"","background-repeat":"repeat","background-position":"center center","background-size":"auto","background-attachment":"scroll","background-type":"","background-media":"","overlay-type":"","overlay-color":"","overlay-opacity":"","overlay-gradient":""}},"ast-content-background-meta":{"desktop":{"background-color":"var(--ast-global-color-5)","background-image":"","background-repeat":"repeat","background-position":"center center","background-size":"auto","background-attachment":"scroll","background-type":"","background-media":"","overlay-type":"","overlay-color":"","overlay-opacity":"","overlay-gradient":""},"tablet":{"background-color":"var(--ast-global-color-5)","background-image":"","background-repeat":"repeat","background-position":"center center","background-size":"auto","background-attachment":"scroll","background-type":"","background-media":"","overlay-type":"","overlay-color":"","overlay-opacity":"","overlay-gradient":""},"mobile":{"background-color":"var(--ast-global-color-5)","background-image":"","background-repeat":"repeat","background-position":"center center","background-size":"auto","background-attachment":"scroll","background-type":"","background-media":"","overlay-type":"","overlay-color":"","overlay-opacity":"","overlay-gradient":""}}},"product_brand":[],"product_cat":[70,96,97],"product_tag":[],"class_list":{"0":"post-1675","1":"product","2":"type-product","3":"status-publish","4":"has-post-thumbnail","6":"product_cat-aha","7":"product_cat-brands","8":"product_cat-naole","9":"desktop-align-left","10":"tablet-align-left","11":"mobile-align-left","13":"first","14":"instock","15":"taxable","16":"shipping-taxable","17":"product-type-simple","18":"add-to-wishlist-before_image"},"uagb_featured_image_src":{"full":["https:\/\/kosmeetika24.com\/wp-content\/uploads\/2023\/11\/Kontsentraat-1043.jpg",600,600,false],"thumbnail":["https:\/\/kosmeetika24.com\/wp-content\/uploads\/2023\/11\/Kontsentraat-1043-150x150.jpg",150,150,true],"medium":["https:\/\/kosmeetika24.com\/wp-content\/uploads\/2023\/11\/Kontsentraat-1043-300x300.jpg",300,300,true],"medium_large":["https:\/\/kosmeetika24.com\/wp-content\/uploads\/2023\/11\/Kontsentraat-1043.jpg",600,600,false],"large":["https:\/\/kosmeetika24.com\/wp-content\/uploads\/2023\/11\/Kontsentraat-1043.jpg",600,600,false],"1536x1536":["https:\/\/kosmeetika24.com\/wp-content\/uploads\/2023\/11\/Kontsentraat-1043.jpg",600,600,false],"2048x2048":["https:\/\/kosmeetika24.com\/wp-content\/uploads\/2023\/11\/Kontsentraat-1043.jpg",600,600,false],"trp-custom-language-flag":["https:\/\/kosmeetika24.com\/wp-content\/uploads\/2023\/11\/Kontsentraat-1043-12x12.jpg",12,12,true],"woocommerce_thumbnail":["https:\/\/kosmeetika24.com\/wp-content\/uploads\/2023\/11\/Kontsentraat-1043-300x300.jpg",300,300,true],"woocommerce_single":["https:\/\/kosmeetika24.com\/wp-content\/uploads\/2023\/11\/Kontsentraat-1043-500x500.jpg",500,500,true],"woocommerce_gallery_thumbnail":["https:\/\/kosmeetika24.com\/wp-content\/uploads\/2023\/11\/Kontsentraat-1043-100x100.jpg",100,100,true]},"uagb_author_info":{"display_name":"admin","author_link":"https:\/\/kosmeetika24.com\/ru\/author\/"},"uagb_comment_info":0,"uagb_excerpt":"Kortsudevastane ja rakkude uuenemist kiirendav hooldus alfah\u00fcdroks\u00fchapetega. &nbsp; Komplekt 10 x 2ml on m\u00f5eldud professionaalseks kasutamiseks 10 protseduuril.","_links":{"self":[{"href":"https:\/\/kosmeetika24.com\/ru\/wp-json\/wp\/v2\/product\/1675","targetHints":{"allow":["GET"]}}],"collection":[{"href":"https:\/\/kosmeetika24.com\/ru\/wp-json\/wp\/v2\/product"}],"about":[{"href":"https:\/\/kosmeetika24.com\/ru\/wp-json\/wp\/v2\/types\/product"}],"replies":[{"embeddable":true,"href":"https:\/\/kosmeetika24.com\/ru\/wp-json\/wp\/v2\/comments?post=1675"}],"version-history":[{"count":1,"href":"https:\/\/kosmeetika24.com\/ru\/wp-json\/wp\/v2\/product\/1675\/revisions"}],"predecessor-version":[{"id":4676,"href":"https:\/\/kosmeetika24.com\/ru\/wp-json\/wp\/v2\/product\/1675\/revisions\/4676"}],"wp:featuredmedia":[{"embeddable":true,"href":"https:\/\/kosmeetika24.com\/ru\/wp-json\/wp\/v2\/media\/1676"}],"wp:attachment":[{"href":"https:\/\/kosmeetika24.com\/ru\/wp-json\/wp\/v2\/media?parent=1675"}],"wp:term":[{"taxonomy":"product_brand","embeddable":true,"href":"https:\/\/kosmeetika24.com\/ru\/wp-json\/wp\/v2\/product_brand?post=1675"},{"taxonomy":"product_cat","embeddable":true,"href":"https:\/\/kosmeetika24.com\/ru\/wp-json\/wp\/v2\/product_cat?post=1675"},{"taxonomy":"product_tag","embeddable":true,"href":"https:\/\/kosmeetika24.com\/ru\/wp-json\/wp\/v2\/product_tag?post=1675"}],"curies":[{"name":"wp","href":"https:\/\/api.w.org\/{rel}","templated":true}]}}