{"id":1587,"date":"2024-05-31T09:00:32","date_gmt":"2024-05-31T09:00:32","guid":{"rendered":"https:\/\/kosmeetika24.com\/?post_type=product&#038;p=1587"},"modified":"2025-07-03T12:30:59","modified_gmt":"2025-07-03T09:30:59","slug":"charmyco-premature-aging-1-enneaegse-vananemise-vastu-1","status":"publish","type":"product","link":"https:\/\/kosmeetika24.com\/ru\/product\/charmyco-premature-aging-1-enneaegse-vananemise-vastu-1\/","title":{"rendered":"Charmyco Premature Aging 1 - \u041f\u0440\u043e\u0442\u0438\u0432 \u043f\u0440\u0435\u0436\u0434\u0435\u0432\u0440\u0435\u043c\u0435\u043d\u043d\u043e\u0433\u043e \u0441\u0442\u0430\u0440\u0435\u043d\u0438\u044f 1"},"content":{"rendered":"<p>\u041a\u043e\u0436\u0430 \u0438\u043c\u0435\u0435\u0442 \u0432\u0440\u043e\u0436\u0434\u0435\u043d\u043d\u0443\u044e \u0441\u043f\u043e\u0441\u043e\u0431\u043d\u043e\u0441\u0442\u044c \u0432\u043e\u0441\u0441\u0442\u0430\u043d\u0430\u0432\u043b\u0438\u0432\u0430\u0442\u044c\u0441\u044f. \u0425\u0438\u043c\u0438\u0447\u0435\u0441\u043a\u0438\u0439 \u043f\u0438\u043b\u0438\u043d\u0433 \u0432\u043e\u0437\u0434\u0435\u0439\u0441\u0442\u0432\u0443\u0435\u0442 \u043d\u0430 \u0431\u043e\u043b\u0435\u0435 \u0433\u043b\u0443\u0431\u043e\u043a\u0438\u0435 \u0441\u043b\u043e\u0438, \u0443\u0434\u0430\u043b\u044f\u044f \u043c\u0435\u0440\u0442\u0432\u044b\u0435 \u043a\u043b\u0435\u0442\u043a\u0438 \u043a\u043e\u0436\u0438 \u0438 \u0434\u0430\u0432\u0430\u044f \u043f\u0443\u0442\u044c \u043d\u043e\u0432\u044b\u043c, \u043f\u043e\u043b\u043d\u043e\u0441\u0442\u044c\u044e \u0444\u0443\u043d\u043a\u0446\u0438\u043e\u043d\u0438\u0440\u0443\u044e\u0449\u0438\u043c \u043a\u043b\u0435\u0442\u043a\u0430\u043c.<\/p>\n<p>\u041f\u0440\u0438\u043c\u0435\u043d\u0435\u043d\u0438\u0435<\/p>\n<ol>\n<li>\u041e\u0447\u0438\u0441\u0442\u0438\u0442\u0435 \u0438 \u043f\u043e\u0434\u0433\u043e\u0442\u043e\u0432\u044c\u0442\u0435 \u043e\u0431\u0440\u0430\u0431\u0430\u0442\u044b\u0432\u0430\u0435\u043c\u0443\u044e \u043e\u0431\u043b\u0430\u0441\u0442\u044c \u043b\u0438\u0446\u0430. \u0417\u0430\u0449\u0438\u0442\u0438\u0442\u0435 \u0447\u0443\u0432\u0441\u0442\u0432\u0438\u0442\u0435\u043b\u044c\u043d\u044b\u0435 \u0443\u0447\u0430\u0441\u0442\u043a\u0438.<\/li>\n<li>\u041d\u0430\u043d\u0435\u0441\u0438\u0442\u0435 \u043f\u0435\u0440\u0432\u044b\u0439 \u0441\u043b\u043e\u0439 \u043a\u0438\u0441\u043b\u043e\u0442\u044b \u043d\u0430 \u043b\u0438\u0446\u043e \u0438 \u0430\u043a\u043a\u0443\u0440\u0430\u0442\u043d\u043e \u043f\u0440\u0438\u0436\u043c\u0438\u0442\u0435 \u043f\u0430\u043b\u044c\u0446\u0430\u043c\u0438, \u0447\u0442\u043e\u0431\u044b \u043a\u0438\u0441\u043b\u043e\u0442\u0430 \u043f\u0440\u043e\u043d\u0438\u043a\u043b\u0430 \u0432 \u0431\u043e\u043b\u0435\u0435 \u0433\u043b\u0443\u0431\u043e\u043a\u0438\u0435 \u0441\u043b\u043e\u0438 \u043a\u043e\u0436\u0438.<\/li>\n<li>\u041f\u043e\u0432\u0442\u043e\u0440\u0438\u0442\u0435 \u0434\u0435\u0439\u0441\u0442\u0432\u0438\u0435 \u043f\u043e\u0441\u043b\u0435 \u043a\u0430\u0436\u0434\u043e\u0433\u043e \u0441\u043b\u043e\u044f.<\/li>\n<li>\u041d\u0430\u043d\u043e\u0441\u0438\u0442\u0435 \u0441\u0442\u043e\u043b\u044c\u043a\u043e \u0441\u043b\u043e\u0435\u0432 \u043a\u0438\u0441\u043b\u043e\u0442\u044b, \u0441\u043a\u043e\u043b\u044c\u043a\u043e \u043d\u0435\u043e\u0431\u0445\u043e\u0434\u0438\u043c\u043e \u0432 \u0437\u0430\u0432\u0438\u0441\u0438\u043c\u043e\u0441\u0442\u0438 \u043e\u0442 \u0442\u0438\u043f\u0430 \u043a\u043e\u0436\u0438.<\/li>\n<li>\u041f\u0440\u043e\u0434\u043e\u043b\u0436\u0438\u0442\u0435\u043b\u044c\u043d\u043e\u0441\u0442\u044c \u043a\u0438\u0441\u043b\u043e\u0442\u043d\u043e\u0433\u043e \u043f\u0438\u043b\u0438\u043d\u0433\u0430 \u0434\u043e\u043b\u0436\u043d\u0430 \u0441\u043e\u0441\u0442\u0430\u0432\u043b\u044f\u0442\u044c \u043e\u0442 2 \u0434\u043e 10 \u043c\u0438\u043d\u0443\u0442 \u0432 \u0437\u0430\u0432\u0438\u0441\u0438\u043c\u043e\u0441\u0442\u0438 \u043e\u0442 \u0442\u0438\u043f\u0430 \u043a\u043e\u0436\u0438.<\/li>\n<li>\u0423\u0434\u0430\u043b\u0438\u0442\u0435 \u043f\u0440\u043e\u0434\u0443\u043a\u0442 \u0445\u043e\u043b\u043e\u0434\u043d\u043e\u0439 \u0432\u043e\u0434\u043e\u0439!<\/li>\n<\/ol>","protected":false},"excerpt":{"rendered":"<p>\u0425\u0438\u043c\u0438\u0447\u0435\u0441\u043a\u043e\u0435 \u043e\u0442\u0448\u0435\u043b\u0443\u0448\u0438\u0432\u0430\u043d\u0438\u0435, \u043a\u043e\u0442\u043e\u0440\u043e\u0435 \u0441\u043e\u0447\u0435\u0442\u0430\u0435\u0442 3 \u043c\u044f\u0433\u043a\u0438\u0435 \u043a\u0438\u0441\u043b\u043e\u0442\u044b.<\/p>\n<p>\u041e\u043d\u0438 \u043e\u0431\u0435\u0441\u043f\u0435\u0447\u0438\u0432\u0430\u044e\u0442 \u0442\u0449\u0430\u0442\u0435\u043b\u044c\u043d\u043e\u0435 \u0438 \u0446\u0435\u043b\u0435\u043d\u0430\u043f\u0440\u0430\u0432\u043b\u0435\u043d\u043d\u043e\u0435 \u0440\u0435\u0448\u0435\u043d\u0438\u0435 \u044d\u0441\u0442\u0435\u0442\u0438\u0447\u0435\u0441\u043a\u0438\u0445 \u043f\u0440\u043e\u0431\u043b\u0435\u043c \u0432 \u0441\u0430\u043c\u044b\u0445 \u043f\u043e\u0432\u0440\u0435\u0436\u0434\u0435\u043d\u043d\u044b\u0445 \u0443\u0447\u0430\u0441\u0442\u043a\u0430\u0445 \u043a\u043e\u0436\u0438.<\/p>\n<p>\u0426\u0435\u043b\u044c \u2014 \u0434\u043e\u0441\u0442\u0438\u0447\u044c \u0440\u0435\u0433\u0435\u043d\u0435\u0440\u0430\u0446\u0438\u0438 \u043d\u043e\u0432\u044b\u0445 \u044d\u043f\u0438\u0434\u0435\u0440\u043c\u0430\u043b\u044c\u043d\u044b\u0445 \u043a\u043b\u0435\u0442\u043e\u043a, \u043a\u043e\u0442\u043e\u0440\u044b\u0435 \u043f\u043e\u0441\u043b\u0435 \u043d\u0435\u0441\u043a\u043e\u043b\u044c\u043a\u0438\u0445 \u0446\u0438\u043a\u043b\u043e\u0432 \u043e\u0431\u043d\u043e\u0432\u043b\u0435\u043d\u0438\u044f \u0441\u043c\u043e\u0433\u0443\u0442 \u0443\u043c\u0435\u043d\u044c\u0448\u0438\u0442\u044c \u044d\u0442\u0438 \u043f\u0440\u043e\u0431\u043b\u0435\u043c\u044b.<\/p>\n<p>60 ml<\/p>\n<p>&nbsp;<\/p>","protected":false},"featured_media":1588,"comment_status":"open","ping_status":"closed","template":"","meta":{"_uag_custom_page_level_css":"","site-sidebar-layout":"default","site-content-layout":"","ast-site-content-layout":"default","site-content-style":"default","site-sidebar-style":"default","ast-global-header-display":"","ast-banner-title-visibility":"","ast-main-header-display":"","ast-hfb-above-header-display":"","ast-hfb-below-header-display":"","ast-hfb-mobile-header-display":"","site-post-title":"","ast-breadcrumbs-content":"","ast-featured-img":"","footer-sml-layout":"","ast-disable-related-posts":"","theme-transparent-header-meta":"default","adv-header-id-meta":"","stick-header-meta":"","header-above-stick-meta":"","header-main-stick-meta":"","header-below-stick-meta":"","astra-migrate-meta-layouts":"set","ast-page-background-enabled":"default","ast-page-background-meta":{"desktop":{"background-color":"var(--ast-global-color-4)","background-image":"","background-repeat":"repeat","background-position":"center center","background-size":"auto","background-attachment":"scroll","background-type":"","background-media":"","overlay-type":"","overlay-color":"","overlay-opacity":"","overlay-gradient":""},"tablet":{"background-color":"","background-image":"","background-repeat":"repeat","background-position":"center center","background-size":"auto","background-attachment":"scroll","background-type":"","background-media":"","overlay-type":"","overlay-color":"","overlay-opacity":"","overlay-gradient":""},"mobile":{"background-color":"","background-image":"","background-repeat":"repeat","background-position":"center center","background-size":"auto","background-attachment":"scroll","background-type":"","background-media":"","overlay-type":"","overlay-color":"","overlay-opacity":"","overlay-gradient":""}},"ast-content-background-meta":{"desktop":{"background-color":"var(--ast-global-color-5)","background-image":"","background-repeat":"repeat","background-position":"center center","background-size":"auto","background-attachment":"scroll","background-type":"","background-media":"","overlay-type":"","overlay-color":"","overlay-opacity":"","overlay-gradient":""},"tablet":{"background-color":"var(--ast-global-color-5)","background-image":"","background-repeat":"repeat","background-position":"center center","background-size":"auto","background-attachment":"scroll","background-type":"","background-media":"","overlay-type":"","overlay-color":"","overlay-opacity":"","overlay-gradient":""},"mobile":{"background-color":"var(--ast-global-color-5)","background-image":"","background-repeat":"repeat","background-position":"center center","background-size":"auto","background-attachment":"scroll","background-type":"","background-media":"","overlay-type":"","overlay-color":"","overlay-opacity":"","overlay-gradient":""}}},"product_brand":[],"product_cat":[96,81,97],"product_tag":[],"class_list":{"0":"post-1587","1":"product","2":"type-product","3":"status-publish","4":"has-post-thumbnail","6":"product_cat-brands","7":"product_cat-charmyco","8":"product_cat-naole","9":"desktop-align-left","10":"tablet-align-left","11":"mobile-align-left","13":"first","14":"instock","15":"taxable","16":"shipping-taxable","17":"product-type-simple","18":"add-to-wishlist-before_image"},"uagb_featured_image_src":{"full":["https:\/\/kosmeetika24.com\/wp-content\/uploads\/2023\/10\/aging-1-1.png",600,600,false],"thumbnail":["https:\/\/kosmeetika24.com\/wp-content\/uploads\/2023\/10\/aging-1-1-150x150.png",150,150,true],"medium":["https:\/\/kosmeetika24.com\/wp-content\/uploads\/2023\/10\/aging-1-1-300x300.png",300,300,true],"medium_large":["https:\/\/kosmeetika24.com\/wp-content\/uploads\/2023\/10\/aging-1-1.png",600,600,false],"large":["https:\/\/kosmeetika24.com\/wp-content\/uploads\/2023\/10\/aging-1-1.png",600,600,false],"1536x1536":["https:\/\/kosmeetika24.com\/wp-content\/uploads\/2023\/10\/aging-1-1.png",600,600,false],"2048x2048":["https:\/\/kosmeetika24.com\/wp-content\/uploads\/2023\/10\/aging-1-1.png",600,600,false],"trp-custom-language-flag":["https:\/\/kosmeetika24.com\/wp-content\/uploads\/2023\/10\/aging-1-1-12x12.png",12,12,true],"woocommerce_thumbnail":["https:\/\/kosmeetika24.com\/wp-content\/uploads\/2023\/10\/aging-1-1-300x300.png",300,300,true],"woocommerce_single":["https:\/\/kosmeetika24.com\/wp-content\/uploads\/2023\/10\/aging-1-1-500x500.png",500,500,true],"woocommerce_gallery_thumbnail":["https:\/\/kosmeetika24.com\/wp-content\/uploads\/2023\/10\/aging-1-1-100x100.png",100,100,true]},"uagb_author_info":{"display_name":"admin","author_link":"https:\/\/kosmeetika24.com\/ru\/author\/"},"uagb_comment_info":0,"uagb_excerpt":"Keemiline koorimine, mis \u00fchendab endas 3 mahedat hapet. Need tagavad p\u00f5hjaliku ja sihip\u00e4rase esteetiliste probleemide lahendamise k\u00f5ige rohkem kahjustatud nahapiirkondadest. Eesm\u00e4rgiga saavutada uute epidermise rakkude regenereerimine, mis p\u00e4rast mitut uuendamists\u00fcklit suudavad neid v\u00e4hendada. 60 ml &nbsp;","_links":{"self":[{"href":"https:\/\/kosmeetika24.com\/ru\/wp-json\/wp\/v2\/product\/1587","targetHints":{"allow":["GET"]}}],"collection":[{"href":"https:\/\/kosmeetika24.com\/ru\/wp-json\/wp\/v2\/product"}],"about":[{"href":"https:\/\/kosmeetika24.com\/ru\/wp-json\/wp\/v2\/types\/product"}],"replies":[{"embeddable":true,"href":"https:\/\/kosmeetika24.com\/ru\/wp-json\/wp\/v2\/comments?post=1587"}],"version-history":[{"count":2,"href":"https:\/\/kosmeetika24.com\/ru\/wp-json\/wp\/v2\/product\/1587\/revisions"}],"predecessor-version":[{"id":5225,"href":"https:\/\/kosmeetika24.com\/ru\/wp-json\/wp\/v2\/product\/1587\/revisions\/5225"}],"wp:featuredmedia":[{"embeddable":true,"href":"https:\/\/kosmeetika24.com\/ru\/wp-json\/wp\/v2\/media\/1588"}],"wp:attachment":[{"href":"https:\/\/kosmeetika24.com\/ru\/wp-json\/wp\/v2\/media?parent=1587"}],"wp:term":[{"taxonomy":"product_brand","embeddable":true,"href":"https:\/\/kosmeetika24.com\/ru\/wp-json\/wp\/v2\/product_brand?post=1587"},{"taxonomy":"product_cat","embeddable":true,"href":"https:\/\/kosmeetika24.com\/ru\/wp-json\/wp\/v2\/product_cat?post=1587"},{"taxonomy":"product_tag","embeddable":true,"href":"https:\/\/kosmeetika24.com\/ru\/wp-json\/wp\/v2\/product_tag?post=1587"}],"curies":[{"name":"wp","href":"https:\/\/api.w.org\/{rel}","templated":true}]}}