{"id":1573,"date":"2024-01-25T07:36:32","date_gmt":"2024-01-25T07:36:32","guid":{"rendered":"https:\/\/kosmeetika24.com\/?post_type=product&#038;p=1573"},"modified":"2025-07-02T11:27:50","modified_gmt":"2025-07-02T08:27:50","slug":"wishpro-btx-infusion-kortsude-vahendamine","status":"publish","type":"product","link":"https:\/\/kosmeetika24.com\/ru\/product\/wishpro-btx-infusion-kortsude-vahendamine\/","title":{"rendered":"WISHPRO BTX Infusion \u2013 \u0443\u043c\u0435\u043d\u044c\u0448\u0430\u044e\u0449\u0438\u0439 \u043c\u043e\u0440\u0449\u0438\u043d\u044b"},"content":{"rendered":"<p style=\"text-align: center;\" class=\"translation-block\"><strong><span style=\"color: #993366\">BTX<\/span> \u043a\u0430\u043f\u0441\u0443\u043b\u0430 \u2013<\/strong> \u0438\u0441\u043f\u043e\u043b\u044c\u0437\u0443\u0435\u0442 \u043a\u0440\u0430\u0439\u043d\u0435 \u044d\u0444\u0444\u0435\u043a\u0442\u0438\u0432\u043d\u044b\u0439 <strong>\u0431\u0438\u043e\u043c\u0438\u043c\u0435\u0442\u0438\u0447\u0435\u0441\u043a\u0438\u0439 \u043f\u0435\u043f\u0442\u0438\u0434<\/strong> <strong>Argireline\u00ae<\/strong>.<\/p>\n<p style=\"text-align: center;\" class=\"translation-block\">\u041c\u0435\u0445\u0430\u043d\u0438\u0437\u043c \u0434\u0435\u0439\u0441\u0442\u0432\u0438\u044f \u043a\u0430\u043f\u0441\u0443\u043b\u044b \u0438\u0434\u0435\u043d\u0442\u0438\u0447\u0435\u043d \u043c\u0435\u0445\u0430\u043d\u0438\u0437\u043c\u0443 \u0434\u0435\u0439\u0441\u0442\u0432\u0438\u044f \u0438\u043d\u044a\u0435\u043a\u0446\u0438\u043e\u043d\u043d\u043e\u0433\u043e <strong>\u0431\u043e\u0442\u0443\u043b\u043e\u0442\u043e\u043a\u0441\u0438\u043d\u0430<\/strong>.<\/p>\n<p style=\"text-align: center;\" class=\"translation-block\">\u042d\u0442\u043e \u0432\u043a\u043b\u044e\u0447\u0430\u0435\u0442 \u0432 \u0441\u0435\u0431\u044f <strong>\u0447\u0430\u0441\u0442\u0438\u0447\u043d\u044b\u0439 \u043f\u0430\u0440\u0430\u043b\u0438\u0447 \u043c\u044b\u0448\u0446 \u0438 \u0443\u043c\u0435\u043d\u044c\u0448\u0435\u043d\u0438\u0435 \u043c\u043e\u0440\u0449\u0438\u043d.<\/strong><\/p>\n<p style=\"text-align: center;\" class=\"translation-block\">\u041a\u0440\u043e\u043c\u0435 \u0442\u043e\u0433\u043e, \u043f\u0440\u043e\u0432\u0435\u0434\u0435\u043d\u0438\u0435 \u043d\u0435\u0441\u043a\u043e\u043b\u044c\u043a\u0438\u0445 \u043c\u0435\u0442\u043e\u0434\u043e\u0432 \u043b\u0435\u0447\u0435\u043d\u0438\u044f \u044d\u0444\u0444\u0435\u043a\u0442\u0438\u0432\u043d\u043e <strong>\u043f\u0440\u0435\u0434\u043e\u0442\u0432\u0440\u0430\u0449\u0430\u0435\u0442 \u043e\u0431\u0440\u0430\u0437\u043e\u0432\u0430\u043d\u0438\u0435 \u043d\u043e\u0432\u044b\u0445 \u043c\u043e\u0440\u0449\u0438\u043d.<\/strong><\/p>\n<p style=\"text-align: center;\" class=\"translation-block\"><strong>\u041d\u0430\u0437\u043d\u0430\u0447\u0435\u043d\u0438\u0435:<\/strong> \u0412\u0441\u0435 \u0442\u0438\u043f\u044b \u043a\u043e\u0436\u0438, \u0442\u043e\u043d\u043a\u0438\u0435 \u043c\u043e\u0440\u0449\u0438\u043d\u044b, \u043f\u0435\u0440\u0432\u044b\u0435 \u043f\u0440\u0438\u0437\u043d\u0430\u043a\u0438 \u0441\u0442\u0430\u0440\u0435\u043d\u0438\u044f, \u043d\u0435\u0445\u0432\u0430\u0442\u043a\u0430 \u0443\u043f\u0440\u0443\u0433\u043e\u0441\u0442\u0438, \u043a\u043b\u0438\u0435\u043d\u0442\u044b, \u043e\u0436\u0438\u0434\u0430\u044e\u0449\u0438\u0435 \u044d\u0444\u0444\u0435\u043a\u0442\u0430 \"\u0431\u0430\u043d\u043a\u0435\u0442\u043d\u043e\u0433\u043e \u044d\u0444\u0444\u0435\u043a\u0442\u0430\".<\/p>\n<p style=\"text-align: center;\" class=\"translation-block\"><span style=\"color: #993366\"><strong>BTX<\/strong><\/span> \u043a\u0430\u043f\u0441\u0443\u043b\u0430 \u043f\u0440\u0435\u0434\u043d\u0430\u0437\u043d\u0430\u0447\u0435\u043d\u0430 \u0434\u043b\u044f \u0438\u0441\u043f\u043e\u043b\u044c\u0437\u043e\u0432\u0430\u043d\u0438\u044f \u0441 \u0437\u043e\u043b\u043e\u0442\u043e\u0439 \u0438\u043b\u0438 \u043a\u0440\u0430\u0441\u043d\u043e\u0439 \u0442\u0435\u0445\u043d\u043e\u043b\u043e\u0433\u0438\u0447\u0435\u0441\u043a\u043e\u0439 \u043d\u0430\u0441\u0430\u0434\u043a\u043e\u0439 <strong>WishPro Plus+<\/strong>.<\/p>\n<p style=\"text-align: center;\"><span style=\"color: #993366;\"><strong>\u041b\u0438\u043d\u0438\u044f \u0438\u043d\u0444\u0443\u0437\u0438\u0439<\/strong><\/span><\/p>\n<p style=\"text-align: center;\" class=\"translation-block\">\u0421\u0435\u0440\u0438\u044f \u043f\u0440\u0435\u0434\u043d\u0430\u0437\u043d\u0430\u0447\u0435\u043d\u0430 \u0434\u043b\u044f <strong>\u043b\u044e\u0434\u0435\u0439 \u0441 \u043f\u0435\u0440\u0432\u044b\u043c\u0438 \u043f\u0440\u0438\u0437\u043d\u0430\u043a\u0430\u043c\u0438 \u0441\u0442\u0430\u0440\u0435\u043d\u0438\u044f<\/strong>, \u043a\u043e\u0442\u043e\u0440\u044b\u0435 \u0445\u043e\u0442\u044f\u0442 \u0432\u043e\u0441\u0441\u0442\u0430\u043d\u043e\u0432\u0438\u0442\u044c \u0441\u0432\u043e\u044e \u043c\u043e\u043b\u043e\u0434\u043e\u0441\u0442\u044c \u0438 <strong>\u043e\u0441\u0442\u0430\u043d\u043e\u0432\u0438\u0442\u044c \u043f\u0440\u043e\u0446\u0435\u0441\u0441 \u0441\u0442\u0430\u0440\u0435\u043d\u0438\u044f<\/strong>. \u041b\u0438\u043d\u0438\u044f \u043e\u0441\u043d\u043e\u0432\u0430\u043d\u0430 \u043d\u0430 <strong>\u0442\u0440\u0435\u0445 \u0434\u043e\u043a\u0430\u0437\u0430\u0432\u0448\u0438\u0445 \u0441\u0432\u043e\u044e \u044d\u0444\u0444\u0435\u043a\u0442\u0438\u0432\u043d\u043e\u0441\u0442\u044c \u0430\u043a\u0442\u0438\u0432\u043d\u044b\u0445 \u0438\u043d\u0433\u0440\u0435\u0434\u0438\u0435\u043d\u0442\u0430\u0445<\/strong>. \u041a\u0430\u043f\u0441\u0443\u043b\u044b \u043f\u0440\u0435\u0434\u043d\u0430\u0437\u043d\u0430\u0447\u0435\u043d\u044b \u0434\u043b\u044f \u0432\u0441\u0435\u0445 \u0442\u0438\u043f\u043e\u0432 \u043a\u043e\u0436\u0438 \u0438 \u043e\u0431\u0435\u0441\u043f\u0435\u0447\u0438\u0432\u0430\u044e\u0442 <strong>\u043b\u0435\u0433\u043a\u0443\u044e \u0442\u0435\u043a\u0441\u0442\u0443\u0440\u0443<\/strong> \u0438 \u0438\u043d\u0442\u0435\u043d\u0441\u0438\u0432\u043d\u0443\u044e \u043a\u043e\u043d\u0446\u0435\u043d\u0442\u0440\u0430\u0446\u0438\u044e \u0430\u043a\u0442\u0438\u0432\u043d\u044b\u0445 \u0438\u043d\u0433\u0440\u0435\u0434\u0438\u0435\u043d\u0442\u043e\u0432!<\/p>\n<hr \/>\n<p style=\"text-align: center;\">\u041a\u0430\u043f\u0441\u0443\u043b\u044b \u0441\u0442\u0435\u0440\u0438\u043b\u044c\u043d\u044b\u0435 \u0438 \u043e\u0434\u043d\u043e\u0440\u0430\u0437\u043e\u0432\u044b\u0435, \u043e\u0434\u043d\u0430 \u043a\u0430\u043f\u0441\u0443\u043b\u0430 \u043f\u0440\u0435\u0434\u043d\u0430\u0437\u043d\u0430\u0447\u0435\u043d\u0430 \u0434\u043b\u044f \u043e\u0434\u043d\u043e\u0433\u043e \u0441\u0435\u0430\u043d\u0441\u0430.<\/p>\n<p>Koostis: OLUS OIL, ISOAMYL LAURATE, AQUA, VITIS VINIFERA SEED OIL, GLYCERYL CAPRYLATE, BHT, HYDROGENATED POLYDECENE, HELIANTHUS ANNUUS SEED OIL, PARFUM, TOCOPHERYL ACETATE, RETINYL PALMITATE, CAPRYLYL GLYCOL, BENZYL SALICYLATE, ACETYL HEXAPEPTIDE-8, ALOE BARBADENSIS LEAF EXTRACT, DUNALIELLE SALINA EXTRACT.<\/p>","protected":false},"excerpt":{"rendered":"<p>\u041a\u0430\u043f\u0441\u0443\u043b\u044b BTX \u0441\u043e\u0434\u0435\u0440\u0436\u0430\u0442 \u043f\u0435\u043f\u0442\u0438\u0434\u043d\u044b\u0439 \u0440\u0430\u0441\u0442\u0432\u043e\u0440 Argireline\u00ae C. \u041f\u0435\u043f\u0442\u0438\u0434, \u0441\u043f\u0435\u0446\u0438\u0430\u043b\u044c\u043d\u043e \u0440\u0430\u0437\u0440\u0430\u0431\u043e\u0442\u0430\u043d\u043d\u044b\u0439 \u0434\u043b\u044f \u043c\u0435\u0441\u0442\u043d\u043e\u0433\u043e \u043f\u0440\u0438\u043c\u0435\u043d\u0435\u043d\u0438\u044f.<\/p>\n<p>\u041e\u043d \u0434\u0435\u0439\u0441\u0442\u0432\u0443\u0435\u0442 \u0430\u043d\u0430\u043b\u043e\u0433\u0438\u0447\u043d\u043e Botox\u00ae, \u043d\u043e \u0431\u0435\u0437 \u043d\u0435\u0433\u0430\u0442\u0438\u0432\u043d\u044b\u0445 \u043f\u043e\u0431\u043e\u0447\u043d\u044b\u0445 \u044d\u0444\u0444\u0435\u043a\u0442\u043e\u0432.<\/p>\n<p>\u041f\u0440\u0438 \u0440\u0435\u0433\u0443\u043b\u044f\u0440\u043d\u043e\u043c \u0438\u0441\u043f\u043e\u043b\u044c\u0437\u043e\u0432\u0430\u043d\u0438\u0438 \u043a\u0430\u043f\u0441\u0443\u043b Synoia BTX \u043c\u043e\u0436\u043d\u043e \u0443\u043c\u0435\u043d\u044c\u0448\u0438\u0442\u044c \u043c\u043e\u0440\u0449\u0438\u043d\u044b, \u043e\u0433\u0440\u0430\u043d\u0438\u0447\u0438\u0432\u0430\u044f \u0441\u043e\u043a\u0440\u0430\u0449\u0435\u043d\u0438\u044f \u043b\u0438\u0446\u0435\u0432\u044b\u0445 \u043c\u044b\u0448\u0446.<\/p>\n<p><strong>\u0426\u0435\u043d\u0430 \u0434\u0435\u0439\u0441\u0442\u0432\u0438\u0442\u0435\u043b\u044c\u043d\u0430 \u0434\u043b\u044f \u0443\u043f\u0430\u043a\u043e\u0432\u043a\u0438, \u0441\u043e\u0434\u0435\u0440\u0436\u0430\u0449\u0435\u0439 10 \u043a\u0430\u043f\u0441\u0443\u043b.<\/strong><\/p>\n<p>&nbsp;<\/p>\n<p>&nbsp;<\/p>","protected":false},"featured_media":1443,"comment_status":"open","ping_status":"closed","template":"","meta":{"_uag_custom_page_level_css":"","site-sidebar-layout":"default","site-content-layout":"","ast-site-content-layout":"default","site-content-style":"default","site-sidebar-style":"default","ast-global-header-display":"","ast-banner-title-visibility":"","ast-main-header-display":"","ast-hfb-above-header-display":"","ast-hfb-below-header-display":"","ast-hfb-mobile-header-display":"","site-post-title":"","ast-breadcrumbs-content":"","ast-featured-img":"","footer-sml-layout":"","ast-disable-related-posts":"","theme-transparent-header-meta":"default","adv-header-id-meta":"","stick-header-meta":"","header-above-stick-meta":"","header-main-stick-meta":"","header-below-stick-meta":"","astra-migrate-meta-layouts":"set","ast-page-background-enabled":"default","ast-page-background-meta":{"desktop":{"background-color":"var(--ast-global-color-4)","background-image":"","background-repeat":"repeat","background-position":"center center","background-size":"auto","background-attachment":"scroll","background-type":"","background-media":"","overlay-type":"","overlay-color":"","overlay-opacity":"","overlay-gradient":""},"tablet":{"background-color":"","background-image":"","background-repeat":"repeat","background-position":"center center","background-size":"auto","background-attachment":"scroll","background-type":"","background-media":"","overlay-type":"","overlay-color":"","overlay-opacity":"","overlay-gradient":""},"mobile":{"background-color":"","background-image":"","background-repeat":"repeat","background-position":"center center","background-size":"auto","background-attachment":"scroll","background-type":"","background-media":"","overlay-type":"","overlay-color":"","overlay-opacity":"","overlay-gradient":""}},"ast-content-background-meta":{"desktop":{"background-color":"var(--ast-global-color-5)","background-image":"","background-repeat":"repeat","background-position":"center center","background-size":"auto","background-attachment":"scroll","background-type":"","background-media":"","overlay-type":"","overlay-color":"","overlay-opacity":"","overlay-gradient":""},"tablet":{"background-color":"var(--ast-global-color-5)","background-image":"","background-repeat":"repeat","background-position":"center center","background-size":"auto","background-attachment":"scroll","background-type":"","background-media":"","overlay-type":"","overlay-color":"","overlay-opacity":"","overlay-gradient":""},"mobile":{"background-color":"var(--ast-global-color-5)","background-image":"","background-repeat":"repeat","background-position":"center center","background-size":"auto","background-attachment":"scroll","background-type":"","background-media":"","overlay-type":"","overlay-color":"","overlay-opacity":"","overlay-gradient":""}}},"product_brand":[],"product_cat":[96,97,80],"product_tag":[],"class_list":{"0":"post-1573","1":"product","2":"type-product","3":"status-publish","4":"has-post-thumbnail","6":"product_cat-brands","7":"product_cat-naole","8":"product_cat-wishpro","9":"desktop-align-left","10":"tablet-align-left","11":"mobile-align-left","13":"first","14":"instock","15":"taxable","16":"shipping-taxable","17":"product-type-simple","18":"add-to-wishlist-before_image"},"uagb_featured_image_src":{"full":["https:\/\/kosmeetika24.com\/wp-content\/uploads\/2023\/10\/btx.png",1080,1080,false],"thumbnail":["https:\/\/kosmeetika24.com\/wp-content\/uploads\/2023\/10\/btx-150x150.png",150,150,true],"medium":["https:\/\/kosmeetika24.com\/wp-content\/uploads\/2023\/10\/btx-300x300.png",300,300,true],"medium_large":["https:\/\/kosmeetika24.com\/wp-content\/uploads\/2023\/10\/btx-768x768.png",768,768,true],"large":["https:\/\/kosmeetika24.com\/wp-content\/uploads\/2023\/10\/btx-1024x1024.png",1024,1024,true],"1536x1536":["https:\/\/kosmeetika24.com\/wp-content\/uploads\/2023\/10\/btx.png",1080,1080,false],"2048x2048":["https:\/\/kosmeetika24.com\/wp-content\/uploads\/2023\/10\/btx.png",1080,1080,false],"trp-custom-language-flag":["https:\/\/kosmeetika24.com\/wp-content\/uploads\/2023\/10\/btx-12x12.png",12,12,true],"woocommerce_thumbnail":["https:\/\/kosmeetika24.com\/wp-content\/uploads\/2023\/10\/btx-300x300.png",300,300,true],"woocommerce_single":["https:\/\/kosmeetika24.com\/wp-content\/uploads\/2023\/10\/btx-500x500.png",500,500,true],"woocommerce_gallery_thumbnail":["https:\/\/kosmeetika24.com\/wp-content\/uploads\/2023\/10\/btx-100x100.png",100,100,true]},"uagb_author_info":{"display_name":"admin","author_link":"https:\/\/kosmeetika24.com\/ru\/author\/"},"uagb_comment_info":0,"uagb_excerpt":"BTX kapslid sisaldavad Argireline\u00ae peptide solution C. Peptiidi, mis on spetsiaalselt loodud paikseks kasutamiseks. Toimib sarnaselt Botox\u00ae, kuid ei oma negatiivseid k\u00f5rvalm\u00f5jusid. Regulaarse Synoia BTX kapsli kasutamisega saab v\u00e4hendada kortse, piirates n\u00e4olihaste kokkut\u00f5mbeid. Hind kehtib 10 kapslit sisaldava pakendi kohta. &nbsp; &nbsp;","_links":{"self":[{"href":"https:\/\/kosmeetika24.com\/ru\/wp-json\/wp\/v2\/product\/1573","targetHints":{"allow":["GET"]}}],"collection":[{"href":"https:\/\/kosmeetika24.com\/ru\/wp-json\/wp\/v2\/product"}],"about":[{"href":"https:\/\/kosmeetika24.com\/ru\/wp-json\/wp\/v2\/types\/product"}],"replies":[{"embeddable":true,"href":"https:\/\/kosmeetika24.com\/ru\/wp-json\/wp\/v2\/comments?post=1573"}],"version-history":[{"count":2,"href":"https:\/\/kosmeetika24.com\/ru\/wp-json\/wp\/v2\/product\/1573\/revisions"}],"predecessor-version":[{"id":4526,"href":"https:\/\/kosmeetika24.com\/ru\/wp-json\/wp\/v2\/product\/1573\/revisions\/4526"}],"wp:featuredmedia":[{"embeddable":true,"href":"https:\/\/kosmeetika24.com\/ru\/wp-json\/wp\/v2\/media\/1443"}],"wp:attachment":[{"href":"https:\/\/kosmeetika24.com\/ru\/wp-json\/wp\/v2\/media?parent=1573"}],"wp:term":[{"taxonomy":"product_brand","embeddable":true,"href":"https:\/\/kosmeetika24.com\/ru\/wp-json\/wp\/v2\/product_brand?post=1573"},{"taxonomy":"product_cat","embeddable":true,"href":"https:\/\/kosmeetika24.com\/ru\/wp-json\/wp\/v2\/product_cat?post=1573"},{"taxonomy":"product_tag","embeddable":true,"href":"https:\/\/kosmeetika24.com\/ru\/wp-json\/wp\/v2\/product_tag?post=1573"}],"curies":[{"name":"wp","href":"https:\/\/api.w.org\/{rel}","templated":true}]}}