{"id":1572,"date":"2024-01-24T15:36:30","date_gmt":"2024-01-24T15:36:30","guid":{"rendered":"https:\/\/kosmeetika24.com\/?post_type=product&#038;p=1572"},"modified":"2025-07-02T11:30:42","modified_gmt":"2025-07-02T08:30:42","slug":"wishpro-age-control-progeline-ja-tightenyliga","status":"publish","type":"product","link":"https:\/\/kosmeetika24.com\/ru\/product\/wishpro-age-control-progeline-ja-tightenyliga\/","title":{"rendered":"WISHPRO Age Control \u2013 \u0432\u043e\u0441\u0441\u0442\u0430\u043d\u0430\u0432\u043b\u0438\u0432\u0430\u044e\u0449\u0438\u0439 \u0443\u043f\u0440\u0443\u0433\u043e\u0441\u0442\u044c, \u0443\u043c\u0435\u043d\u044c\u0448\u0430\u044e\u0449\u0438\u0439 \u043c\u043e\u0440\u0449\u0438\u043d\u044b"},"content":{"rendered":"<p style=\"text-align: center;\" class=\"translation-block\"><strong><span style=\"color: #ff6600\">Age Control<\/span><\/strong> \u043a\u0430\u043f\u0441\u0443\u043b\u0430 \u043f\u0440\u0435\u0434\u0441\u0442\u0430\u0432\u043b\u044f\u0435\u0442 \u0441\u043e\u0431\u043e\u0439 \u043a\u043e\u043d\u0446\u0435\u043d\u0442\u0440\u0438\u0440\u043e\u0432\u0430\u043d\u043d\u0443\u044e \u0441\u043c\u0435\u0441\u044c \u0434\u0432\u0443\u0445 \u0431\u0438\u043e\u043c\u0438\u043c\u0435\u0442\u0438\u0447\u0435\u0441\u043a\u0438\u0445 <strong>\u043f\u0435\u043f\u0442\u0438\u0434\u043e\u0432<\/strong>, \u043a\u043e\u0442\u043e\u0440\u044b\u0435 \u043e\u0431\u0435\u0441\u043f\u0435\u0447\u0438\u0432\u0430\u044e\u0442 \u043d\u0435\u043c\u0435\u0434\u043b\u0435\u043d\u043d\u044b\u0439 <strong>\u044d\u0444\u0444\u0435\u043a\u0442 \u043f\u043e\u0434\u0442\u044f\u0436\u043a\u0438 \u0438 \u0440\u0430\u0437\u0433\u043b\u0430\u0436\u0438\u0432\u0430\u043d\u0438\u044f \u043a\u043e\u0436\u0438<\/strong>.<\/p>\n<p style=\"text-align: center;\" class=\"translation-block\">\u0414\u0432\u0430 \u0443\u043d\u0438\u043a\u0430\u043b\u044c\u043d\u044b\u0445 \u0438\u043d\u0433\u0440\u0435\u0434\u0438\u0435\u043d\u0442\u0430: <strong>PROGELINE\u2122 \u0438 Tightenyl\u2122<\/strong> <strong>\u0437\u0430\u043c\u0435\u0442\u043d\u043e \u0443\u043c\u0435\u043d\u044c\u0448\u0430\u044e\u0442 \u043c\u043e\u0440\u0449\u0438\u043d\u044b<\/strong> \u0438 <strong>\u0443\u0432\u0435\u043b\u0438\u0447\u0438\u0432\u0430\u044e\u0442 \u0443\u043f\u0440\u0443\u0433\u043e\u0441\u0442\u044c \u043a\u043e\u0436\u0438.<\/strong><\/p>\n<ul>\n<li>\u0412\u043e\u0434\u043d\u0430\u044f \u044d\u043c\u0443\u043b\u044c\u0441\u0438\u044f, \u0441\u043e\u0434\u0435\u0440\u0436\u0430\u0449\u0430\u044f \u043f\u0435\u043f\u0442\u0438\u0434 PROGELINE.<\/li>\n<li>\u0412\u043d\u0438\u043c\u0430\u043d\u0438\u0435! \u041f\u0440\u043e\u0433\u0435\u0440\u0438\u043d \u2014 \u044d\u0442\u043e \u043c\u0430\u0440\u043a\u0435\u0440 \u0441\u0442\u0430\u0440\u0435\u043d\u0438\u044f, \u043a\u043e\u0442\u043e\u0440\u044b\u0439 \u0431\u044b\u043b \u043e\u0431\u043d\u0430\u0440\u0443\u0436\u0435\u043d \u043f\u0440\u0438 \u0438\u0441\u0441\u043b\u0435\u0434\u043e\u0432\u0430\u043d\u0438\u0438 \u043f\u0440\u043e\u0433\u0435\u0440\u0438\u0438. \u0421\u0442\u0430\u0440\u0435\u043d\u0438\u0435 \u0445\u0430\u0440\u0430\u043a\u0442\u0435\u0440\u0438\u0437\u0443\u0435\u0442\u0441\u044f \u0443\u0432\u0435\u043b\u0438\u0447\u0435\u043d\u0438\u0435\u043c \u043a\u043e\u043b\u0438\u0447\u0435\u0441\u0442\u0432\u0430 \u0442\u043e\u043a\u0441\u0438\u0447\u043d\u043e\u0433\u043e \u0431\u0435\u043b\u043a\u0430 \u043f\u0440\u043e\u0433\u0435\u0440\u0438\u043d\u0430, \u043a\u043e\u0442\u043e\u0440\u044b\u0439 \u043e\u043a\u0430\u0437\u044b\u0432\u0430\u0435\u0442 \u043d\u0435\u0433\u0430\u0442\u0438\u0432\u043d\u043e\u0435 \u0432\u043e\u0437\u0434\u0435\u0439\u0441\u0442\u0432\u0438\u0435 \u043d\u0430 \u0444\u0443\u043d\u043a\u0446\u0438\u044e \u043a\u043b\u0435\u0442\u043e\u043a. \u041d\u0430\u043a\u043e\u043f\u043b\u0435\u043d\u0438\u0435 \u043f\u0440\u043e\u0433\u0435\u0440\u0438\u043d\u0430 \u0432\u044b\u0437\u044b\u0432\u0430\u0435\u0442 \u0434\u0435\u0444\u0435\u043a\u0442\u044b \u044f\u0434\u0440\u0430 \u0438 \u043f\u043e\u0432\u0440\u0435\u0436\u0434\u0435\u043d\u0438\u044f \u0414\u041d\u041a, \"\u0441\u043f\u043e\u0441\u043e\u0431\u0441\u0442\u0432\u0443\u044f\" \u043f\u043e\u044f\u0432\u043b\u0435\u043d\u0438\u044e \u043f\u0440\u0438\u0437\u043d\u0430\u043a\u043e\u0432 \u0441\u0442\u0430\u0440\u0435\u043d\u0438\u044f. \u041f\u0440\u043e\u0433\u0435\u0440\u0438\u043d \u043d\u0430\u043a\u0430\u043f\u043b\u0438\u0432\u0430\u0435\u0442\u0441\u044f \u0441 \u0442\u0435\u0447\u0435\u043d\u0438\u0435\u043c \u0432\u0440\u0435\u043c\u0435\u043d\u0438 \u0438 \u0434\u043e\u0441\u0442\u0438\u0433\u0430\u0435\u0442 \u0432\u044b\u0441\u043e\u043a\u0438\u0445 \u0443\u0440\u043e\u0432\u043d\u0435\u0439 \u0432 \u043f\u043e\u0436\u0438\u043b\u043e\u043c \u0432\u043e\u0437\u0440\u0430\u0441\u0442\u0435.<\/li>\n<li>Tightenyl\u2122 \u043c\u0430\u0442\u0440\u0438\u0447\u043d\u044b\u0439 \u0431\u0438\u043e\u043b\u0438\u0444\u0442\u0435\u0440 \u0434\u043b\u044f \u043a\u043e\u0436\u0438, \u0437\u0430\u043c\u0435\u043d\u0438\u0442\u0435\u043b\u044c \u0440\u0435\u0442\u0438\u043d\u043e\u0438\u0434\u0430, \u0438\u0441\u043f\u043e\u043b\u044c\u0437\u0443\u0435\u043c\u044b\u0439 \u0432 \u043f\u0440\u043e\u0446\u0435\u0434\u0443\u0440\u0430\u0445 \u043e\u043c\u043e\u043b\u043e\u0436\u0435\u043d\u0438\u044f \u043b\u0438\u0446\u0430, \u043f\u043e\u0434\u0442\u044f\u0433\u0438\u0432\u0430\u0435\u0442 \u043a\u043e\u0436\u0443, \u0437\u0430\u043c\u0435\u0442\u043d\u043e \u0443\u043b\u0443\u0447\u0448\u0430\u0435\u0442 \u043f\u043b\u043e\u0442\u043d\u043e\u0441\u0442\u044c \u043a\u043e\u0436\u0438 \u0438 \u0441\u043f\u043e\u0441\u043e\u0431\u0441\u0442\u0432\u0443\u0435\u0442 \u0435\u0451 \u043e\u043c\u043e\u043b\u043e\u0436\u0435\u043d\u0438\u044e.<\/li>\n<li>\u042d\u0442\u0438 \u0438\u043d\u0433\u0440\u0435\u0434\u0438\u0435\u043d\u0442\u044b \u043e\u043a\u0430\u0437\u044b\u0432\u0430\u044e\u0442 \u043f\u043e\u043b\u043e\u0436\u0438\u0442\u0435\u043b\u044c\u043d\u043e\u0435 \u0432\u043e\u0437\u0434\u0435\u0439\u0441\u0442\u0432\u0438\u0435 \u043d\u0430 \u0443\u043b\u0443\u0447\u0448\u0435\u043d\u0438\u0435 \u043e\u0432\u0430\u043b\u0430 \u043b\u0438\u0446\u0430.<\/li>\n<\/ul>\n<p style=\"text-align: center;\" class=\"translation-block\">Age Control \u2014 \u0438\u0434\u0435\u0430\u043b\u044c\u043d\u043e\u0435 \u0440\u0435\u0448\u0435\u043d\u0438\u0435 \u0434\u043b\u044f <strong>\u043f\u043e\u043b\u043d\u043e\u0433\u043e \u043f\u0440\u0435\u043e\u0431\u0440\u0430\u0437\u043e\u0432\u0430\u043d\u0438\u044f \u043a\u043e\u0436\u0438.<\/strong><\/p>\n<p style=\"text-align: center;\" class=\"translation-block\"><strong>\u041f\u0440\u0438\u043c\u0435\u043d\u0435\u043d\u0438\u0435:<\/strong> \u0432\u0441\u0435 \u0442\u0438\u043f\u044b \u043a\u043e\u0436\u0438, \u043c\u043e\u0440\u0449\u0438\u043d\u044b \u0438 \u0441\u043a\u043b\u0430\u0434\u043a\u0438, \u0441\u0443\u0445\u0430\u044f \u043a\u043e\u0436\u0430, \u043f\u043e\u0442\u0435\u0440\u044f \u0443\u043f\u0440\u0443\u0433\u043e\u0441\u0442\u0438 \u043a\u043e\u0436\u0438.<\/p>\n<p style=\"text-align: center;\" class=\"translation-block\"><span style=\"color: #ff6600\"><strong>Age Control<\/strong><\/span> \u043a\u0430\u043f\u0441\u0443\u043b\u0430 \u043f\u0440\u0435\u0434\u043d\u0430\u0437\u043d\u0430\u0447\u0435\u043d\u0430 \u0434\u043b\u044f \u0438\u0441\u043f\u043e\u043b\u044c\u0437\u043e\u0432\u0430\u043d\u0438\u044f \u0441 \u0437\u043e\u043b\u043e\u0442\u043e\u0439 \u0438\u043b\u0438 \u043a\u0440\u0430\u0441\u043d\u043e\u0439 \u0442\u0435\u0445\u043d\u043e\u043b\u043e\u0433\u0438\u0447\u0435\u0441\u043a\u043e\u0439 \u043d\u0430\u0441\u0430\u0434\u043a\u043e\u0439 <strong>WishPro Plus+<\/strong>.<\/p>\n<p style=\"text-align: center;\"><span style=\"color: #ff6600;\"><strong>APC \u043b\u0438\u043d\u0438\u044f \u043a\u043e\u043d\u0442\u0440\u043e\u043b\u044f \u0432\u043e\u0437\u0440\u0430\u0441\u0442\u043d\u044b\u0445 \u043f\u0440\u043e\u0446\u0435\u0441\u0441\u043e\u0432<\/strong><\/span><\/p>\n<p style=\"text-align: center;\" class=\"translation-block\">\u041d\u043e\u0432\u0430\u044f \u0441\u0435\u0440\u0438\u044f <strong>APC \u043a\u0430\u043f\u0441\u0443\u043b<\/strong> \u043f\u0440\u0435\u0434\u043d\u0430\u0437\u043d\u0430\u0447\u0435\u043d\u0430 \u0434\u043b\u044f \u043a\u043e\u043d\u0442\u0440\u043e\u043b\u044f \u0438 \u043e\u0441\u0442\u0430\u043d\u043e\u0432\u043a\u0438 \u043f\u0440\u043e\u0446\u0435\u0441\u0441\u0430 \u0441\u0442\u0430\u0440\u0435\u043d\u0438\u044f \u043a\u043e\u0436\u0438, \u0432\u044b\u0437\u0432\u0430\u043d\u043d\u043e\u0433\u043e \u043c\u0435\u0445\u0430\u043d\u0438\u0447\u0435\u0441\u043a\u0438\u043c\u0438 \u0444\u0430\u043a\u0442\u043e\u0440\u0430\u043c\u0438, \u043e\u0431\u0440\u0430\u0437\u043e\u043c \u0436\u0438\u0437\u043d\u0438, \u0441\u0442\u0440\u0435\u0441\u0441\u043e\u043c \u0438 \u0437\u0430\u0433\u0440\u044f\u0437\u043d\u0438\u0442\u0435\u043b\u044f\u043c\u0438 \u043e\u043a\u0440\u0443\u0436\u0430\u044e\u0449\u0435\u0439 \u0441\u0440\u0435\u0434\u044b. \u0421\u0435\u0440\u0438\u044f \u043f\u0440\u0435\u0434\u043d\u0430\u0437\u043d\u0430\u0447\u0435\u043d\u0430 \u0434\u043b\u044f \u043b\u044e\u0434\u0435\u0439 \u0441 <strong>\u043f\u043e\u0432\u0440\u0435\u0436\u0434\u0435\u043d\u043d\u043e\u0439<\/strong>, <strong>\u0441\u0443\u0445\u043e\u0439, \u0447\u0443\u0432\u0441\u0442\u0432\u0438\u0442\u0435\u043b\u044c\u043d\u043e\u0439 \u0438 \u043f\u043e\u043a\u0440\u0430\u0441\u043d\u0435\u0432\u0448\u0435\u0439<\/strong> \u043a\u043e\u0436\u0435\u0439. \u0418\u043d\u0433\u0440\u0435\u0434\u0438\u0435\u043d\u0442\u044b \u043b\u0438\u043d\u0438\u0438 \u0437\u0430\u0449\u0438\u0449\u0430\u044e\u0442 \u043a\u043e\u0436\u0443 \u043e\u0442 <strong>\u043c\u0435\u0445\u0430\u043d\u0438\u0447\u0435\u0441\u043a\u0438\u0445, \u0445\u0438\u043c\u0438\u0447\u0435\u0441\u043a\u0438\u0445 \u0438 \u0423\u0424-\u0444\u0430\u043a\u0442\u043e\u0440\u043e\u0432.<\/strong><\/p>\n<hr \/>\n<p style=\"text-align: center;\">\u041a\u0430\u043f\u0441\u0443\u043b\u044b \u0441\u0442\u0435\u0440\u0438\u043b\u044c\u043d\u044b\u0435 \u0438 \u043e\u0434\u043d\u043e\u0440\u0430\u0437\u043e\u0432\u044b\u0435, \u043e\u0434\u043d\u0430 \u043a\u0430\u043f\u0441\u0443\u043b\u0430 \u043f\u0440\u0435\u0434\u043d\u0430\u0437\u043d\u0430\u0447\u0435\u043d\u0430 \u0434\u043b\u044f \u043e\u0434\u043d\u043e\u0433\u043e \u0441\u0435\u0430\u043d\u0441\u0430.<\/p>\n<p>Koostis: AQUA, DIMETHICONE, ISOPROPYL PALMITATE, PHENYL TRIMETHICONE, SIMMONDSIACHINESIS SEED OIL, GLYCERIN, SODIUM CHLORIDE, PHENOXYETHANOL, SILICA, PEG-10 DIMETHICONE, PARFUM, ETHYLHEXYLGLYCERIN, TRIFLUOROACETYL TRIPEPTIDE-2, DEXTRAN, SODIUM GLUCURONATE, DISODIUM ACETYL GLUCOSAMINE PHOSPHATE, DIMETHICONE\/VINYL DIMETHICONE CROSSPOLYMER, ISOCETETH-10, HEXYL CINNAMAL, MAGNESIUM SULFATE, LINALOOL, LIMONENE, METHYL 2-OCTYNOATE, BENZYL SALICYLATE, CITRONELLOL.<\/p>\n<p>\u00a0<\/p>","protected":false},"excerpt":{"rendered":"<p>\u0412\u043e\u0441\u0441\u0442\u0430\u043d\u043e\u0432\u0438\u0442\u0435\u043b\u044c\u043d\u044b\u0439 \u044d\u0444\u0444\u0435\u043a\u0442, \u0443\u043b\u0443\u0447\u0448\u0430\u0435\u0442 \u043e\u0431\u0432\u0438\u0441\u0448\u0443\u044e \u043a\u043e\u0436\u0443 \u0438 \u0433\u043b\u0443\u0431\u0438\u043d\u0443 \u043c\u043e\u0440\u0449\u0438\u043d.<\/p>\n<p>\u0421\u043d\u0438\u0436\u0430\u0435\u0442 \u0441\u0438\u043d\u0442\u0435\u0437 \u0431\u0438\u043e\u043c\u0430\u0440\u043a\u0435\u0440\u0430 \u041f\u0420\u041e\u0413\u0415\u0420\u0418\u041d, \u043a\u043e\u0442\u043e\u0440\u044b\u0439 \u0443\u0447\u0430\u0441\u0442\u0432\u0443\u0435\u0442 \u0432 \u043f\u0440\u043e\u0446\u0435\u0441\u0441\u0435 \u0441\u0442\u0430\u0440\u0435\u043d\u0438\u044f \u043a\u043e\u0436\u0438. \u0412\u043e\u0437\u0435\u0439\u0441\u0442\u0432\u0443\u044f \u043d\u0435\u043f\u043e\u0441\u0440\u0435\u0434\u0441\u0442\u0432\u0435\u043d\u043d\u043e \u043d\u0430 \u043f\u0440\u043e\u0446\u0435\u0441\u0441 \u0441\u0442\u0430\u0440\u0435\u043d\u0438\u044f \u043a\u043e\u0436\u0438, \u044d\u0442\u043e \u0437\u043d\u0430\u0447\u0438\u0442\u0435\u043b\u044c\u043d\u043e \u0443\u043b\u0443\u0447\u0448\u0430\u0435\u0442 \u0441\u043e\u0441\u0442\u043e\u044f\u043d\u0438\u0435 \u043a\u043e\u0436\u0438 \u043b\u0438\u0446\u0430: \u0443\u043c\u0435\u043d\u044c\u0448\u0430\u0435\u0442 \u043e\u0431\u0432\u0438\u0441\u0430\u043d\u0438\u0435, \u0440\u0430\u0437\u0433\u043b\u0430\u0436\u0438\u0432\u0430\u0435\u0442 \u043c\u043e\u0440\u0449\u0438\u043d\u044b, \u043f\u043e\u0434\u0442\u044f\u0433\u0438\u0432\u0430\u0435\u0442 \u043a\u043e\u0436\u0443 \u0438 \u0434\u0435\u043b\u0430\u0435\u0442 \u0435\u0451 \u0431\u043e\u043b\u0435\u0435 \u044d\u043b\u0430\u0441\u0442\u0438\u0447\u043d\u043e\u0439.<\/p>\n<p><strong>\u0426\u0435\u043d\u0430 \u0434\u0435\u0439\u0441\u0442\u0432\u0438\u0442\u0435\u043b\u044c\u043d\u0430 \u0434\u043b\u044f \u0443\u043f\u0430\u043a\u043e\u0432\u043a\u0438, \u0441\u043e\u0434\u0435\u0440\u0436\u0430\u0449\u0435\u0439 10 \u043a\u0430\u043f\u0441\u0443\u043b.<\/strong><\/p>\n<p>&nbsp;<\/p>\n<p>&nbsp;<\/p>\n<p>&nbsp;<\/p>\n<p>&nbsp;<\/p>","protected":false},"featured_media":1437,"comment_status":"open","ping_status":"closed","template":"","meta":{"_uag_custom_page_level_css":"","site-sidebar-layout":"default","site-content-layout":"","ast-site-content-layout":"default","site-content-style":"default","site-sidebar-style":"default","ast-global-header-display":"","ast-banner-title-visibility":"","ast-main-header-display":"","ast-hfb-above-header-display":"","ast-hfb-below-header-display":"","ast-hfb-mobile-header-display":"","site-post-title":"","ast-breadcrumbs-content":"","ast-featured-img":"","footer-sml-layout":"","ast-disable-related-posts":"","theme-transparent-header-meta":"default","adv-header-id-meta":"","stick-header-meta":"","header-above-stick-meta":"","header-main-stick-meta":"","header-below-stick-meta":"","astra-migrate-meta-layouts":"set","ast-page-background-enabled":"default","ast-page-background-meta":{"desktop":{"background-color":"var(--ast-global-color-4)","background-image":"","background-repeat":"repeat","background-position":"center center","background-size":"auto","background-attachment":"scroll","background-type":"","background-media":"","overlay-type":"","overlay-color":"","overlay-opacity":"","overlay-gradient":""},"tablet":{"background-color":"","background-image":"","background-repeat":"repeat","background-position":"center center","background-size":"auto","background-attachment":"scroll","background-type":"","background-media":"","overlay-type":"","overlay-color":"","overlay-opacity":"","overlay-gradient":""},"mobile":{"background-color":"","background-image":"","background-repeat":"repeat","background-position":"center center","background-size":"auto","background-attachment":"scroll","background-type":"","background-media":"","overlay-type":"","overlay-color":"","overlay-opacity":"","overlay-gradient":""}},"ast-content-background-meta":{"desktop":{"background-color":"var(--ast-global-color-5)","background-image":"","background-repeat":"repeat","background-position":"center center","background-size":"auto","background-attachment":"scroll","background-type":"","background-media":"","overlay-type":"","overlay-color":"","overlay-opacity":"","overlay-gradient":""},"tablet":{"background-color":"var(--ast-global-color-5)","background-image":"","background-repeat":"repeat","background-position":"center center","background-size":"auto","background-attachment":"scroll","background-type":"","background-media":"","overlay-type":"","overlay-color":"","overlay-opacity":"","overlay-gradient":""},"mobile":{"background-color":"var(--ast-global-color-5)","background-image":"","background-repeat":"repeat","background-position":"center center","background-size":"auto","background-attachment":"scroll","background-type":"","background-media":"","overlay-type":"","overlay-color":"","overlay-opacity":"","overlay-gradient":""}}},"product_brand":[],"product_cat":[96,97,80],"product_tag":[],"class_list":{"0":"post-1572","1":"product","2":"type-product","3":"status-publish","4":"has-post-thumbnail","6":"product_cat-brands","7":"product_cat-naole","8":"product_cat-wishpro","9":"desktop-align-left","10":"tablet-align-left","11":"mobile-align-left","13":"first","14":"instock","15":"taxable","16":"shipping-taxable","17":"product-type-simple","18":"add-to-wishlist-before_image"},"uagb_featured_image_src":{"full":["https:\/\/kosmeetika24.com\/wp-content\/uploads\/2023\/10\/age-control.png",600,600,false],"thumbnail":["https:\/\/kosmeetika24.com\/wp-content\/uploads\/2023\/10\/age-control-150x150.png",150,150,true],"medium":["https:\/\/kosmeetika24.com\/wp-content\/uploads\/2023\/10\/age-control-300x300.png",300,300,true],"medium_large":["https:\/\/kosmeetika24.com\/wp-content\/uploads\/2023\/10\/age-control.png",600,600,false],"large":["https:\/\/kosmeetika24.com\/wp-content\/uploads\/2023\/10\/age-control.png",600,600,false],"1536x1536":["https:\/\/kosmeetika24.com\/wp-content\/uploads\/2023\/10\/age-control.png",600,600,false],"2048x2048":["https:\/\/kosmeetika24.com\/wp-content\/uploads\/2023\/10\/age-control.png",600,600,false],"trp-custom-language-flag":["https:\/\/kosmeetika24.com\/wp-content\/uploads\/2023\/10\/age-control-12x12.png",12,12,true],"woocommerce_thumbnail":["https:\/\/kosmeetika24.com\/wp-content\/uploads\/2023\/10\/age-control-300x300.png",300,300,true],"woocommerce_single":["https:\/\/kosmeetika24.com\/wp-content\/uploads\/2023\/10\/age-control-500x500.png",500,500,true],"woocommerce_gallery_thumbnail":["https:\/\/kosmeetika24.com\/wp-content\/uploads\/2023\/10\/age-control-100x100.png",100,100,true]},"uagb_author_info":{"display_name":"admin","author_link":"https:\/\/kosmeetika24.com\/ru\/author\/"},"uagb_comment_info":0,"uagb_excerpt":"Taastav toime, parandab l\u00f5tvunud nahka ja kortsude s\u00fcgavust. V\u00e4hendab naha vananemisprotsessis osaleva biomarkeri PROGERIIN s\u00fcnteesi. M\u00f5jutades otseselt naha vananemisprotsessi, parandab see oluliselt n\u00e4onaha\u00a0 seisundit: v\u00e4hendab l\u00f5tvumist, silub kortse, pinguldab nahka, muudab selle elastsemaks. Hind kehtib 10 kapslit sisaldava pakendi eest. &nbsp; &nbsp; &nbsp; &nbsp;","_links":{"self":[{"href":"https:\/\/kosmeetika24.com\/ru\/wp-json\/wp\/v2\/product\/1572","targetHints":{"allow":["GET"]}}],"collection":[{"href":"https:\/\/kosmeetika24.com\/ru\/wp-json\/wp\/v2\/product"}],"about":[{"href":"https:\/\/kosmeetika24.com\/ru\/wp-json\/wp\/v2\/types\/product"}],"replies":[{"embeddable":true,"href":"https:\/\/kosmeetika24.com\/ru\/wp-json\/wp\/v2\/comments?post=1572"}],"version-history":[{"count":2,"href":"https:\/\/kosmeetika24.com\/ru\/wp-json\/wp\/v2\/product\/1572\/revisions"}],"predecessor-version":[{"id":4534,"href":"https:\/\/kosmeetika24.com\/ru\/wp-json\/wp\/v2\/product\/1572\/revisions\/4534"}],"wp:featuredmedia":[{"embeddable":true,"href":"https:\/\/kosmeetika24.com\/ru\/wp-json\/wp\/v2\/media\/1437"}],"wp:attachment":[{"href":"https:\/\/kosmeetika24.com\/ru\/wp-json\/wp\/v2\/media?parent=1572"}],"wp:term":[{"taxonomy":"product_brand","embeddable":true,"href":"https:\/\/kosmeetika24.com\/ru\/wp-json\/wp\/v2\/product_brand?post=1572"},{"taxonomy":"product_cat","embeddable":true,"href":"https:\/\/kosmeetika24.com\/ru\/wp-json\/wp\/v2\/product_cat?post=1572"},{"taxonomy":"product_tag","embeddable":true,"href":"https:\/\/kosmeetika24.com\/ru\/wp-json\/wp\/v2\/product_tag?post=1572"}],"curies":[{"name":"wp","href":"https:\/\/api.w.org\/{rel}","templated":true}]}}