{"id":1554,"date":"2024-01-24T15:48:25","date_gmt":"2024-01-24T15:48:25","guid":{"rendered":"https:\/\/kosmeetika24.com\/?post_type=product&#038;p=1554"},"modified":"2025-07-02T11:30:18","modified_gmt":"2025-07-02T08:30:18","slug":"wishpro-repairing-apl","status":"publish","type":"product","link":"https:\/\/kosmeetika24.com\/ru\/product\/wishpro-repairing-apl\/","title":{"rendered":"WISHPRO Repairing APL \u2013 \u0432\u043e\u0441\u0441\u0442\u0430\u043d\u0430\u0432\u043b\u0438\u0432\u0430\u044e\u0449\u0438\u0439"},"content":{"rendered":"<p align=\"CENTER\" class=\"translation-block\"><strong><span style=\"color: #0000ff\">Repairing<\/span><\/strong> \u043a\u0430\u043f\u0441\u0443\u043b\u0430 \u043e\u0441\u043d\u043e\u0432\u0430\u043d\u0430 \u043d\u0430 \u0434\u0432\u0443\u0445 \u0442\u0438\u043f\u0430\u0445 \u0433\u0438\u0430\u043b\u0443\u0440\u043e\u043d\u043e\u0432\u043e\u0439 \u043a\u0438\u0441\u043b\u043e\u0442\u044b, \u043a\u043e\u0442\u043e\u0440\u044b\u0435 \u0431\u043b\u0430\u0433\u043e\u0434\u0430\u0440\u044f \u0443\u043d\u0438\u043a\u0430\u043b\u044c\u043d\u043e\u0439 \u043a\u043e\u043c\u0431\u0438\u043d\u0430\u0446\u0438\u0438 \u043c\u043e\u0433\u0443\u0442 \u0440\u0430\u0431\u043e\u0442\u0430\u0442\u044c <strong><span style=\"color: #000000\"><span style=\"font-family: tahoma, arial, helvetica, sans-serif\"><span style=\"font-size: medium\"><b>\u0433\u043b\u0443\u0431\u0436\u0435 \u0438 \u0438\u043d\u0442\u0435\u043d\u0441\u0438\u0432\u043d\u0435\u0435.<\/b><\/span><\/span><\/span><\/strong><\/p>\n<p align=\"CENTER\" class=\"translation-block\"><strong><span style=\"color: #000000\"><span style=\"font-family: tahoma, arial, helvetica, sans-serif\"><span style=\"font-size: medium\"><b>CrystalHyal \u0438 PrimaHyal 300<\/b><\/span><\/span><\/span><\/strong><span style=\"color: #000000\"><span style=\"font-family: tahoma, arial, helvetica, sans-serif\"><span style=\"font-size: medium\"> \u044f\u0432\u043b\u044f\u044e\u0442\u0441\u044f \u0447\u0430\u0441\u0442\u0438\u0446\u0430\u043c\u0438 \u0433\u0438\u0430\u043b\u0443\u0440\u043e\u043d\u043e\u0432\u043e\u0439 \u043a\u0438\u0441\u043b\u043e\u0442\u044b \u0440\u0430\u0437\u043d\u043e\u0433\u043e \u0440\u0430\u0437\u043c\u0435\u0440\u0430.<\/span><\/span><\/span><\/p>\n<p align=\"CENTER\" class=\"translation-block\"><span style=\"color: #000000\"><span style=\"font-family: tahoma, arial, helvetica, sans-serif\"><span style=\"font-size: medium\">\u041e\u043d\u0438 \u0438\u043d\u0442\u0435\u043d\u0441\u0438\u0432\u043d\u043e \u0443\u0432\u043b\u0430\u0436\u043d\u044f\u044e\u0442, \u0437\u0430\u0449\u0438\u0449\u0430\u044e\u0442 \u043a\u043e\u0436\u0443 <\/span><\/span><\/span><strong><span style=\"color: #000000\"><span style=\"font-family: tahoma, arial, helvetica, sans-serif\"><span style=\"font-size: medium\"><b>\u043e\u0442 \u0432\u0440\u0435\u0434\u043d\u044b\u0445 \u0431\u0430\u043a\u0442\u0435\u0440\u0438\u0439<\/b><\/span><\/span><\/span><\/strong><span style=\"color: #000000\"><span style=\"font-family: tahoma, arial, helvetica, sans-serif\"><span style=\"font-size: medium\">, <\/span><\/span><\/span><strong><span style=\"color: #000000\"><span style=\"font-family: tahoma, arial, helvetica, sans-serif\"><span style=\"font-size: medium\"><b>\u0441\u0442\u0438\u043c\u0443\u043b\u0438\u0440\u0443\u044e\u0442 \u0438\u043c\u043c\u0443\u043d\u043d\u0443\u044e \u0441\u0438\u0441\u0442\u0435\u043c\u0443<\/b><\/span><\/span><\/span><\/strong><span style=\"color: #000000\"><span style=\"font-family: tahoma, arial, helvetica, sans-serif\"><span style=\"font-size: medium\"> \u0438 <\/span><\/span><\/span><span style=\"color: #000000\"><span style=\"font-family: tahoma, arial, helvetica, sans-serif\"><span style=\"font-size: medium\"><b>\u043f\u043e\u0434\u0434\u0435\u0440\u0436\u0438\u0432\u0430\u044e\u0442 \u043e\u0431\u043d\u043e\u0432\u043b\u0435\u043d\u0438\u0435 \u043a\u043b\u0435\u0442\u043e\u043a.<\/b><\/span><\/span><\/span><\/strong><\/p>\n<p align=\"CENTER\">\u0413\u0438\u0430\u043b\u0443\u0440\u043e\u043d\u043e\u0432\u0430\u044f \u043a\u0438\u0441\u043b\u043e\u0442\u0430 PrimalHyal 300 \u0441\u043f\u043e\u0441\u043e\u0431\u0441\u0442\u0432\u0443\u0435\u0442 \u043f\u0440\u043e\u0446\u0435\u0441\u0441\u0443 \u0437\u0430\u0436\u0438\u0432\u043b\u0435\u043d\u0438\u044f \u0440\u0430\u043d.<\/p>\n<p align=\"CENTER\"><span style=\"color: #333333;\"><span style=\"font-family: tahoma, arial, helvetica, sans-serif;\"><span style=\"font-size: medium;\"><strong>\u041d\u0430\u0437\u043d\u0430\u0447\u0435\u043d\u0438\u0435:<\/strong>: k\u00f5ik nahat\u00fc\u00fcbid, tundlik, k\u00fcps, \u00e4rritnud, kortsud, niisutamist vajav nahk, naha l\u00f5tvus.<\/span><\/span><\/span><\/p>\n<p align=\"CENTER\" class=\"translation-block\">\u041a\u0430\u043f\u0441\u0443\u043b\u0430 <strong><span style=\"color: #0000ff\">Repairing<\/span><\/strong> \u043f\u0440\u0435\u0434\u043d\u0430\u0437\u043d\u0430\u0447\u0435\u043d\u0430 \u0434\u043b\u044f \u0438\u0441\u043f\u043e\u043b\u044c\u0437\u043e\u0432\u0430\u043d\u0438\u044f \u0441 \u0437\u043e\u043b\u043e\u0442\u043e\u0439, \u043a\u0440\u0430\u0441\u043d\u043e\u0439 \u0438\u043b\u0438 \u0441\u0438\u043d\u0435\u0439 <strong>\u0442\u0435\u0445\u043d\u043e\u043b\u043e\u0433\u0438\u0447\u0435\u0441\u043a\u043e\u0439 \u0433\u043e\u043b\u043e\u0432\u043a\u043e\u0439 WishPro Plus+.<\/strong><\/p>\n<p style=\"text-align: center;\"><span style=\"color: #0000ff;\"><strong>Active Pro-Long \u041b\u0438\u043d\u0438\u044f\u200b<\/strong><\/span><\/p>\n<p style=\"text-align: center;\" class=\"translation-block\">\u0421\u0435\u0440\u0438\u044f APL \u0440\u0430\u0437\u0440\u0430\u0431\u043e\u0442\u0430\u043d\u0430 \u0434\u043b\u044f \u043a\u043e\u0436\u0438, \u043a\u043e\u0442\u043e\u0440\u0430\u044f \u0442\u0440\u0435\u0431\u0443\u0435\u0442 <strong>\u0441\u043f\u0435\u0446\u0438\u0430\u043b\u044c\u043d\u044b\u0445 \u0438\u043d\u0433\u0440\u0435\u0434\u0438\u0435\u043d\u0442\u043e\u0432<\/strong>. \u041e\u043d\u0430 <strong>\u043e\u0436\u0438\u0432\u043b\u044f\u0435\u0442 \u0438 \u0432\u043e\u0441\u0441\u0442\u0430\u043d\u0430\u0432\u043b\u0438\u0432\u0430\u0435\u0442<\/strong> \u043a\u043e\u0436\u0443, \u043f\u043e\u0432\u0440\u0435\u0436\u0434\u0435\u043d\u043d\u0443\u044e \u0438 \u043f\u043e\u0434\u0432\u0435\u0440\u0433\u0448\u0443\u044e\u0441\u044f \u0441\u0442\u0440\u0435\u0441\u0441\u0443 \u043e\u0442 \u0432\u043d\u0435\u0448\u043d\u0438\u0445 \u0444\u0430\u043a\u0442\u043e\u0440\u043e\u0432. \u0421\u0435\u0440\u0438\u044f APL \u0432\u043a\u043b\u044e\u0447\u0430\u0435\u0442 \u0442\u0440\u0438 \u0442\u0438\u043f\u0430 \u043a\u0430\u043f\u0441\u0443\u043b \u043d\u0430 \u043e\u0441\u043d\u043e\u0432\u0435 \u043c\u043e\u0449\u043d\u044b\u0445 \u0430\u043a\u0442\u0438\u0432\u043d\u044b\u0445 \u0438\u043d\u0433\u0440\u0435\u0434\u0438\u0435\u043d\u0442\u043e\u0432, \u043a\u043e\u0442\u043e\u0440\u044b\u0435 \u043e\u0431\u0435\u0441\u043f\u0435\u0447\u0438\u0432\u0430\u044e\u0442 <strong>\u043c\u0433\u043d\u043e\u0432\u0435\u043d\u043d\u044b\u0435 \u0440\u0435\u0437\u0443\u043b\u044c\u0442\u0430\u0442\u044b \u043f\u043e\u0441\u043b\u0435 \u0432\u0441\u0435\u0433\u043e \u043e\u0434\u043d\u043e\u0433\u043e \u0441\u0435\u0430\u043d\u0441\u0430<\/strong>! \u0421\u043e\u0441\u0442\u0430\u0432 \u043a\u0430\u043f\u0441\u0443\u043b\u044b \u0432 \u043e\u0441\u043d\u043e\u0432\u043d\u043e\u043c \u0441\u043e\u0441\u0442\u043e\u0438\u0442 \u0438\u0437 <strong>\u043b\u0435\u0433\u043a\u0438\u0445 \u044d\u043c\u0443\u043b\u044c\u0441\u0438\u0439<\/strong>, \u043f\u043e\u0434\u0445\u043e\u0434\u044f\u0449\u0438\u0445 \u0434\u043b\u044f \u0440\u0430\u0437\u043b\u0438\u0447\u043d\u044b\u0445 \u0442\u0438\u043f\u043e\u0432 \u043a\u043e\u0436\u0438.<\/p>\n<hr \/>\n<p style=\"text-align: center;\">\u041a\u0430\u043f\u0441\u0443\u043b\u044b \u0441\u0442\u0435\u0440\u0438\u043b\u044c\u043d\u044b\u0435 \u0438 \u043e\u0434\u043d\u043e\u0440\u0430\u0437\u043e\u0432\u044b\u0435, \u043e\u0434\u043d\u0430 \u043a\u0430\u043f\u0441\u0443\u043b\u0430 \u043f\u0440\u0435\u0434\u043d\u0430\u0437\u043d\u0430\u0447\u0435\u043d\u0430 \u0434\u043b\u044f \u043e\u0434\u043d\u043e\u0433\u043e \u0441\u0435\u0430\u043d\u0441\u0430.<\/p>\n<p>\u0421\u043e\u0441\u0442\u0430\u0432: AQUA, DIMETHICONE, ISOPROPYL PALMITATE, PHENTYL TRIMETHICONE, ISOPROPYL MYRISTATE, GLYCERIN, HYDROLYSED HYALURONIC ACID, SODIUM CHLORIDE, PHENOXYETHANOL, SILICA, PEG-10 DIMETHICONE, ETHYLHEXYLGLYCERIN, PARFUM, DIMETHICONE\/VINYL DIMETHICONE CROSSPOLYMER, ISOCETETH-10, HEXYL CINNAMAL, LINALOOL, LIMONENE, METHYL 2-OCTYNOATE.<\/p>","protected":false},"excerpt":{"rendered":"<p>\u0412\u043e\u0441\u0441\u0442\u0430\u043d\u0430\u0432\u043b\u0438\u0432\u0430\u044e\u0449\u0430\u044f \u043a\u0430\u043f\u0441\u0443\u043b\u0430 \u043f\u043e\u043c\u043e\u0433\u0430\u0435\u0442 \u0437\u0430\u0449\u0438\u0449\u0430\u0442\u044c \u0438 \u0432\u043e\u0441\u0441\u0442\u0430\u043d\u0430\u0432\u043b\u0438\u0432\u0430\u0442\u044c \u043a\u043e\u0436\u0443.<\/p>\n<p><strong>\u0426\u0435\u043d\u0430 \u0434\u0435\u0439\u0441\u0442\u0432\u0438\u0442\u0435\u043b\u044c\u043d\u0430 \u0434\u043b\u044f \u0443\u043f\u0430\u043a\u043e\u0432\u043a\u0438, \u0441\u043e\u0434\u0435\u0440\u0436\u0430\u0449\u0435\u0439 10 \u043a\u0430\u043f\u0441\u0443\u043b.<\/strong><\/p>","protected":false},"featured_media":1466,"comment_status":"open","ping_status":"closed","template":"","meta":{"_uag_custom_page_level_css":"","site-sidebar-layout":"default","site-content-layout":"","ast-site-content-layout":"default","site-content-style":"default","site-sidebar-style":"default","ast-global-header-display":"","ast-banner-title-visibility":"","ast-main-header-display":"","ast-hfb-above-header-display":"","ast-hfb-below-header-display":"","ast-hfb-mobile-header-display":"","site-post-title":"","ast-breadcrumbs-content":"","ast-featured-img":"","footer-sml-layout":"","ast-disable-related-posts":"","theme-transparent-header-meta":"default","adv-header-id-meta":"","stick-header-meta":"","header-above-stick-meta":"","header-main-stick-meta":"","header-below-stick-meta":"","astra-migrate-meta-layouts":"set","ast-page-background-enabled":"default","ast-page-background-meta":{"desktop":{"background-color":"var(--ast-global-color-4)","background-image":"","background-repeat":"repeat","background-position":"center center","background-size":"auto","background-attachment":"scroll","background-type":"","background-media":"","overlay-type":"","overlay-color":"","overlay-opacity":"","overlay-gradient":""},"tablet":{"background-color":"","background-image":"","background-repeat":"repeat","background-position":"center center","background-size":"auto","background-attachment":"scroll","background-type":"","background-media":"","overlay-type":"","overlay-color":"","overlay-opacity":"","overlay-gradient":""},"mobile":{"background-color":"","background-image":"","background-repeat":"repeat","background-position":"center center","background-size":"auto","background-attachment":"scroll","background-type":"","background-media":"","overlay-type":"","overlay-color":"","overlay-opacity":"","overlay-gradient":""}},"ast-content-background-meta":{"desktop":{"background-color":"var(--ast-global-color-5)","background-image":"","background-repeat":"repeat","background-position":"center center","background-size":"auto","background-attachment":"scroll","background-type":"","background-media":"","overlay-type":"","overlay-color":"","overlay-opacity":"","overlay-gradient":""},"tablet":{"background-color":"var(--ast-global-color-5)","background-image":"","background-repeat":"repeat","background-position":"center center","background-size":"auto","background-attachment":"scroll","background-type":"","background-media":"","overlay-type":"","overlay-color":"","overlay-opacity":"","overlay-gradient":""},"mobile":{"background-color":"var(--ast-global-color-5)","background-image":"","background-repeat":"repeat","background-position":"center center","background-size":"auto","background-attachment":"scroll","background-type":"","background-media":"","overlay-type":"","overlay-color":"","overlay-opacity":"","overlay-gradient":""}}},"product_brand":[],"product_cat":[96,97,80],"product_tag":[],"class_list":{"0":"post-1554","1":"product","2":"type-product","3":"status-publish","4":"has-post-thumbnail","6":"product_cat-brands","7":"product_cat-naole","8":"product_cat-wishpro","9":"desktop-align-left","10":"tablet-align-left","11":"mobile-align-left","13":"first","14":"instock","15":"taxable","16":"shipping-taxable","17":"product-type-simple","18":"add-to-wishlist-before_image"},"uagb_featured_image_src":{"full":["https:\/\/kosmeetika24.com\/wp-content\/uploads\/2023\/10\/repairing.png",600,600,false],"thumbnail":["https:\/\/kosmeetika24.com\/wp-content\/uploads\/2023\/10\/repairing-150x150.png",150,150,true],"medium":["https:\/\/kosmeetika24.com\/wp-content\/uploads\/2023\/10\/repairing-300x300.png",300,300,true],"medium_large":["https:\/\/kosmeetika24.com\/wp-content\/uploads\/2023\/10\/repairing.png",600,600,false],"large":["https:\/\/kosmeetika24.com\/wp-content\/uploads\/2023\/10\/repairing.png",600,600,false],"1536x1536":["https:\/\/kosmeetika24.com\/wp-content\/uploads\/2023\/10\/repairing.png",600,600,false],"2048x2048":["https:\/\/kosmeetika24.com\/wp-content\/uploads\/2023\/10\/repairing.png",600,600,false],"trp-custom-language-flag":["https:\/\/kosmeetika24.com\/wp-content\/uploads\/2023\/10\/repairing-12x12.png",12,12,true],"woocommerce_thumbnail":["https:\/\/kosmeetika24.com\/wp-content\/uploads\/2023\/10\/repairing-300x300.png",300,300,true],"woocommerce_single":["https:\/\/kosmeetika24.com\/wp-content\/uploads\/2023\/10\/repairing-500x500.png",500,500,true],"woocommerce_gallery_thumbnail":["https:\/\/kosmeetika24.com\/wp-content\/uploads\/2023\/10\/repairing-100x100.png",100,100,true]},"uagb_author_info":{"display_name":"admin","author_link":"https:\/\/kosmeetika24.com\/ru\/author\/"},"uagb_comment_info":0,"uagb_excerpt":"Repairing kapsel aitab nahka kaitsta ja parandada. Hind kehtib 10 kapslit sisaldava pakendi kohta.","_links":{"self":[{"href":"https:\/\/kosmeetika24.com\/ru\/wp-json\/wp\/v2\/product\/1554","targetHints":{"allow":["GET"]}}],"collection":[{"href":"https:\/\/kosmeetika24.com\/ru\/wp-json\/wp\/v2\/product"}],"about":[{"href":"https:\/\/kosmeetika24.com\/ru\/wp-json\/wp\/v2\/types\/product"}],"replies":[{"embeddable":true,"href":"https:\/\/kosmeetika24.com\/ru\/wp-json\/wp\/v2\/comments?post=1554"}],"version-history":[{"count":2,"href":"https:\/\/kosmeetika24.com\/ru\/wp-json\/wp\/v2\/product\/1554\/revisions"}],"predecessor-version":[{"id":4533,"href":"https:\/\/kosmeetika24.com\/ru\/wp-json\/wp\/v2\/product\/1554\/revisions\/4533"}],"wp:featuredmedia":[{"embeddable":true,"href":"https:\/\/kosmeetika24.com\/ru\/wp-json\/wp\/v2\/media\/1466"}],"wp:attachment":[{"href":"https:\/\/kosmeetika24.com\/ru\/wp-json\/wp\/v2\/media?parent=1554"}],"wp:term":[{"taxonomy":"product_brand","embeddable":true,"href":"https:\/\/kosmeetika24.com\/ru\/wp-json\/wp\/v2\/product_brand?post=1554"},{"taxonomy":"product_cat","embeddable":true,"href":"https:\/\/kosmeetika24.com\/ru\/wp-json\/wp\/v2\/product_cat?post=1554"},{"taxonomy":"product_tag","embeddable":true,"href":"https:\/\/kosmeetika24.com\/ru\/wp-json\/wp\/v2\/product_tag?post=1554"}],"curies":[{"name":"wp","href":"https:\/\/api.w.org\/{rel}","templated":true}]}}