{"id":1540,"date":"2024-01-22T13:08:41","date_gmt":"2024-01-22T13:08:41","guid":{"rendered":"https:\/\/kosmeetika24.com\/?post_type=product&#038;p=1540"},"modified":"2025-07-02T09:44:35","modified_gmt":"2025-07-02T06:44:35","slug":"oxygen-ceuticals-intensiivselt-niisutav-kreem","status":"publish","type":"product","link":"https:\/\/kosmeetika24.com\/ru\/product\/oxygen-ceuticals-intensiivselt-niisutav-kreem\/","title":{"rendered":"OXYGEN CEUTICALS \u0438\u043d\u0442\u0435\u043d\u0441\u0438\u0432\u043d\u043e \u0443\u0432\u043b\u0430\u0436\u043d\u044f\u044e\u0449\u0438\u0439 \u043a\u0440\u0435\u043c"},"content":{"rendered":"<p class=\"translation-block\">\u0423\u0432\u043b\u0430\u0436\u043d\u044f\u044e\u0449\u0438\u0439 \u043a\u0440\u0435\u043c <em>Hydrating Cream<\/em> \u043f\u0440\u0438\u0434\u0430\u0435\u0442 \u043a\u043e\u0436\u0435 \u0431\u043e\u043b\u0435\u0435 \u043c\u043e\u043b\u043e\u0434\u043e\u0439 \u0438 \u0441\u0438\u044f\u044e\u0449\u0438\u0439 \u0432\u0438\u0434, \u0443\u0432\u0435\u043b\u0438\u0447\u0438\u0432\u0430\u0435\u0442 \u0440\u043e\u0441\u0442 \u043a\u043b\u0435\u0442\u043e\u043a \u0438 \u0441\u0438\u043d\u0442\u0435\u0437 \u043a\u043e\u043b\u043b\u0430\u0433\u0435\u043d\u0430. \u0412\u043e\u0441\u0441\u0442\u0430\u043d\u0430\u0432\u043b\u0438\u0432\u0430\u0435\u0442 \u0443\u0440\u043e\u0432\u0435\u043d\u044c \u0443\u0432\u043b\u0430\u0436\u043d\u0435\u043d\u043d\u043e\u0441\u0442\u0438 \u043a\u043e\u0436\u0438, \u0443\u043b\u0443\u0447\u0448\u0430\u0435\u0442 \u0435\u0451 \u0443\u043f\u0440\u0443\u0433\u043e\u0441\u0442\u044c \u0438 \u0431\u043e\u0440\u0435\u0442\u0441\u044f \u0441 \u043f\u0438\u0433\u043c\u0435\u043d\u0442\u043d\u044b\u043c\u0438 \u043f\u044f\u0442\u043d\u0430\u043c\u0438.<\/p>\n<p>\u041f\u043e\u0434\u0445\u043e\u0434\u0438\u0442 \u0434\u043b\u044f \u0432\u0441\u0435\u0445 \u0442\u0438\u043f\u043e\u0432 \u043a\u043e\u0436\u0438, \u043e\u0441\u043e\u0431\u0435\u043d\u043d\u043e \u0434\u043b\u044f \u0441\u0443\u0445\u043e\u0439 \u0438 \u0441\u0442\u0430\u0440\u0435\u044e\u0449\u0435\u0439 \u043a\u043e\u0436\u0438, \u043a\u043e\u0436\u0438 \u0441 \u0441\u0438\u043c\u043f\u0442\u043e\u043c\u0430\u043c\u0438 \u0430\u0442\u043e\u043f\u0438\u0447\u0435\u0441\u043a\u043e\u0433\u043e \u0434\u0435\u0440\u043c\u0430\u0442\u0438\u0442\u0430 \u0438 \u043f\u0441\u043e\u0440\u0438\u0430\u0437\u0430, \u0430 \u0442\u0430\u043a\u0436\u0435 \u0442\u0443\u0441\u043a\u043b\u043e\u0439, \u0441\u0442\u0440\u0435\u0441\u0441ist v\u00e4sinud \u043a\u043e\u0436\u0435.<\/p>\n<p><strong>\u0410\u041a\u0422\u0418\u0412\u041d\u042b\u0415 \u0418\u041d\u0413\u0420\u0415\u0414\u0418\u0415\u041d\u0422\u042b<\/strong><\/p>\n<ul>\n<li>\u042d\u043a\u0441\u0442\u0440\u0430\u043a\u0442 \u0437\u0435\u043b\u0451\u043d\u043e\u0433\u043e \u0447\u0430\u044f<\/li>\n<li>\u0410\u043b\u043b\u0430\u043d\u0442\u043e\u0438\u043d<\/li>\n<li>\u0412\u0438\u0442\u0430\u043c\u0438\u043d E<\/li>\n<li>\u0421\u0435\u043a\u0440\u0435\u0442 \u0443\u043b\u0438\u0442\u043e\u043a<\/li>\n<li>\u041c\u0430\u0441\u043b\u043e \u0430\u0431\u0440\u0438\u043a\u043e\u0441\u043e\u0432\u044b\u0445 \u043a\u043e\u0441\u0442\u043e\u0447\u0435\u043a<\/li>\n<li>\u041d\u0430\u0442\u0440\u0438\u044f \u0433\u0438\u0430\u043b\u0443\u0440\u043e\u043d\u0430\u0442<\/li>\n<li>\u041d\u0438\u0430\u0446\u0438\u043d\u0430\u043c\u0438\u0434<\/li>\n<li>\u0412\u0438\u0442\u0430\u043c\u0438\u043d B<\/li>\n<li>\u042d\u043a\u0441\u0442\u0440\u0430\u043a\u0442 \u044d\u0434\u0435\u043b\u044c\u0432\u0435\u0439\u0441\u0430<\/li>\n<li>\u0411\u0435\u0442\u0430\u0438\u043d<\/li>\n<\/ul>\n<p><strong>\u0414\u0435\u0439\u0441\u0442\u0432\u0438\u0435<\/strong><\/p>\n<ul>\n<li>\u042d\u043a\u0441\u0442\u0440\u0430\u043a\u0442 \u0437\u0435\u043b\u0451\u043d\u043e\u0433\u043e \u0447\u0430\u044f \u0441 \u0435\u0433\u043e \u043e\u0442\u043b\u0438\u0447\u043d\u044b\u043c\u0438 \u0443\u0441\u043f\u043e\u043a\u0430\u0438\u0432\u0430\u044e\u0449\u0438\u043c\u0438 \u0441\u0432\u043e\u0439\u0441\u0442\u0432\u0430\u043c\u0438 \u043f\u043e\u043c\u043e\u0433\u0430\u0435\u0442 \u0437\u0430\u0449\u0438\u0449\u0430\u0442\u044c \u043a\u043e\u0436\u0443.<\/li>\n<li>\u0410\u043b\u0430\u043d\u0442\u043e\u0438\u043d \u043e\u0431\u043b\u0430\u0434\u0430\u0435\u0442 \u043f\u0440\u043e\u0442\u0438\u0432\u043e\u0432\u043e\u0441\u043f\u0430\u043b\u0438\u0442\u0435\u043b\u044c\u043d\u044b\u043c\u0438 \u0441\u0432\u043e\u0439\u0441\u0442\u0432\u0430\u043c\u0438, \u0443\u0441\u043f\u043e\u043a\u0430\u0438\u0432\u0430\u0435\u0442 \u0440\u0430\u0437\u0434\u0440\u0430\u0436\u0435\u043d\u0438\u044f \u043a\u043e\u0436\u0438, \u0443\u0432\u043b\u0430\u0436\u043d\u044f\u0435\u0442, \u0440\u0430\u0437\u0433\u043b\u0430\u0436\u0438\u0432\u0430\u0435\u0442 \u0438 \u0432\u043e\u0441\u0441\u0442\u0430\u043d\u0430\u0432\u043b\u0438\u0432\u0430\u0435\u0442 \u043a\u043e\u0436\u0443.<\/li>\n<li>\u0410\u0446\u0435\u0442\u0430\u0442 \u0432\u0438\u0442\u0430\u043c\u0438\u043d\u0430 \u0415 \u0432\u043e\u0441\u0441\u0442\u0430\u043d\u0430\u0432\u043b\u0438\u0432\u0430\u0435\u0442 \u0442\u0435\u043a\u0441\u0442\u0443\u0440\u0443 \u043a\u043e\u0436\u0438 \u0438 \u043e\u0441\u0432\u0435\u0442\u043b\u044f\u0435\u0442 \u0435\u0451.<\/li>\n<li>\u0421\u0435\u043a\u0440\u0435\u0442 \u0443\u043b\u0438\u0442\u043e\u043a \u0437\u0430\u0449\u0438\u0449\u0430\u0435\u0442, \u0443\u0432\u043b\u0430\u0436\u043d\u044f\u0435\u0442 \u0438 \u0443\u043b\u0443\u0447\u0448\u0430\u0435\u0442 \u044d\u043b\u0430\u0441\u0442\u0438\u0447\u043d\u043e\u0441\u0442\u044c \u043a\u043e\u0436\u0438, \u0430 \u0442\u0430\u043a\u0436\u0435 \u043e\u043a\u0430\u0437\u044b\u0432\u0430\u0435\u0442 \u0432\u043e\u0437\u0434\u0435\u0439\u0441\u0442\u0432\u0438\u0435 \u043d\u0430 \u043f\u0438\u0433\u043c\u0435\u043d\u0442\u0430\u0446\u0438\u044e \u0438 \u0440\u0443\u0431\u0446\u044b.<\/li>\n<li>\u041c\u0430\u0441\u043b\u043e \u0430\u0431\u0440\u0438\u043a\u043e\u0441\u043e\u0432\u044b\u0445 \u043a\u043e\u0441\u0442\u043e\u0447\u0435\u043a \u0443\u043c\u0435\u043d\u044c\u0448\u0430\u0435\u0442 \u0437\u0443\u0434, \u0443\u0441\u043f\u043e\u043a\u0430\u0438\u0432\u0430\u0435\u0442, \u043f\u0438\u0442\u0430\u0435\u0442 \u0438 \u043e\u0441\u0432\u0435\u0442\u043b\u044f\u0435\u0442 \u043a\u043e\u0436\u0443.<\/li>\n<li>\u041d\u0430\u0442\u0440\u0438\u044f \u0433\u0438\u0430\u043b\u0443\u0440\u043e\u043d\u0430\u0442 \u2014 \u044d\u0442\u043e \u043d\u0430\u0442\u0443\u0440\u0430\u043b\u044c\u043d\u044b\u0439 \u0443\u0432\u043b\u0430\u0436\u043d\u0438\u0442\u0435\u043b\u044c, \u043a\u043e\u0442\u043e\u0440\u044b\u0439 \u0443\u0432\u043b\u0430\u0436\u043d\u044f\u0435\u0442 \u043a\u043e\u0436\u0443, \u043d\u0435 \u0437\u0430\u0431\u0438\u0432\u0430\u044f \u043f\u043e\u0440\u044b.<\/li>\n<li>\u041d\u0438\u0430\u0446\u0438\u043d\u0430\u043c\u0438\u0434 \u0432\u043e\u0441\u0441\u0442\u0430\u043d\u0430\u0432\u043b\u0438\u0432\u0430\u0435\u0442 \u0442\u043e\u043d \u043a\u043e\u0436\u0438 \u0438 \u0431\u0430\u0440\u044c\u0435\u0440.<\/li>\n<li>\u0412\u0438\u0442\u0430\u043c\u0438\u043d B3 \u043e\u0431\u043b\u0430\u0434\u0430\u0435\u0442 \u043e\u0441\u0432\u0435\u0442\u043b\u044f\u044e\u0449\u0438\u043c \u044d\u0444\u0444\u0435\u043a\u0442\u043e\u043c, \u0432\u043e\u0441\u0441\u0442\u0430\u043d\u0430\u0432\u043b\u0438\u0432\u0430\u0435\u0442 \u0442\u043e\u043d \u043a\u043e\u0436\u0438 \u0438 \u043f\u043e\u0434\u0430\u0432\u043b\u044f\u0435\u0442 \u043e\u0431\u0440\u0430\u0437\u043e\u0432\u0430\u043d\u0438\u0435 \u0438\u0437\u0431\u044b\u0442\u043e\u0447\u043d\u043e\u0433\u043e \u043f\u0438\u0433\u043c\u0435\u043d\u0442\u0430.<\/li>\n<li>\u042d\u043a\u0441\u0442\u0440\u0430\u043a\u0442 \u044d\u0434\u0435\u043b\u044c\u0432\u0435\u0439\u0441\u0430 \u0443\u0432\u043b\u0430\u0436\u043d\u044f\u0435\u0442, \u0443\u0441\u043f\u043e\u043a\u0430\u0438\u0432\u0430\u0435\u0442 \u0438 \u0437\u0430\u0449\u0438\u0449\u0430\u0435\u0442 \u043a\u043e\u0436\u0443, \u0441\u043f\u043e\u0441\u043e\u0431\u0441\u0442\u0432\u0443\u044f \u0432\u044b\u0440\u0430\u0431\u043e\u0442\u043a\u0435 \u043a\u043e\u043b\u043b\u0430\u0433\u0435\u043d\u0430.<\/li>\n<li>\u0411\u0435\u0442\u0430\u0438\u043d: \u043f\u0440\u0438\u0440\u043e\u0434\u043d\u044b\u0439 \u0443\u0432\u043b\u0430\u0436\u043d\u044f\u044e\u0449\u0438\u0439 \u0444\u0430\u043a\u0442\u043e\u0440 \u0438\u0437 \u0430\u043c\u0438\u043d\u043e\u043a\u0438\u0441\u043b\u043e\u0442.<\/li>\n<\/ul>\n<p><strong>\u0421\u043e\u0441\u0442\u0430\u0432 <\/strong><\/p>\n<p>Water, Dipropylene Glycol, Glycerin, Cetearyl Alcohol, Cetyl Ethylhexanoate, 1,2-Hexanediol, C12-15 Alkyl Benzoate, Macadamia Ternifolia Seed Oil, Limnanthes Alba (Meadowfoam) Seed Oil, Beeswax, Niacinamide, Glyceryl Stearate, Dimethicone, Betaine, Oxygen, Cetearyl Glucoside, Sodium Hyaluronate, Leontopodium Alpinum Callus Culture Extract, Acetyl Hexapeptide-8, Portulaca Oleracea Extract, Sclerotium Gum, Camellia Sinensis Leaf Extract, Allantoin, Tocopheryl Acetate, Butylene Glycol, Sodium Polyacrylate, Polyacrylate-13, Polyisobutene, Polysorbate 20, Sorbitan Isostearate, Ethylhexylglycerin, Parfum<\/p>","protected":false},"excerpt":{"rendered":"<p>\u041a\u0440\u0435\u043c, \u043f\u0440\u0435\u0434\u043d\u0430\u0437\u043d\u0430\u0447\u0435\u043d\u043d\u044b\u0439 \u0434\u043b\u044f \u043f\u0440\u043e\u0444\u0435\u0441\u0441\u0438\u043e\u043d\u0430\u043b\u044c\u043d\u043e\u0433\u043e \u0438\u0441\u043f\u043e\u043b\u044c\u0437\u043e\u0432\u0430\u043d\u0438\u044f, \u0431\u043e\u0440\u0435\u0442\u0441\u044f \u0441 \u043f\u0438\u0433\u043c\u0435\u043d\u0442\u043d\u044b\u043c\u0438 \u043f\u044f\u0442\u043d\u0430\u043c\u0438, \u043f\u0440\u0438\u0434\u0430\u0432\u0430\u044f \u043a\u043e\u0436\u0435 \u0431\u043e\u043b\u0435\u0435 \u043c\u043e\u043b\u043e\u0434\u043e\u0439 \u0438 \u0441\u0438\u044f\u044e\u0449\u0438\u0439 \u0432\u0438\u0434.<\/p>\n<p>200 ml<\/p>","protected":false},"featured_media":1460,"comment_status":"open","ping_status":"closed","template":"","meta":{"_uag_custom_page_level_css":"","site-sidebar-layout":"default","site-content-layout":"","ast-site-content-layout":"default","site-content-style":"default","site-sidebar-style":"default","ast-global-header-display":"","ast-banner-title-visibility":"","ast-main-header-display":"","ast-hfb-above-header-display":"","ast-hfb-below-header-display":"","ast-hfb-mobile-header-display":"","site-post-title":"","ast-breadcrumbs-content":"","ast-featured-img":"","footer-sml-layout":"","ast-disable-related-posts":"","theme-transparent-header-meta":"default","adv-header-id-meta":"","stick-header-meta":"","header-above-stick-meta":"","header-main-stick-meta":"","header-below-stick-meta":"","astra-migrate-meta-layouts":"set","ast-page-background-enabled":"default","ast-page-background-meta":{"desktop":{"background-color":"var(--ast-global-color-4)","background-image":"","background-repeat":"repeat","background-position":"center center","background-size":"auto","background-attachment":"scroll","background-type":"","background-media":"","overlay-type":"","overlay-color":"","overlay-opacity":"","overlay-gradient":""},"tablet":{"background-color":"","background-image":"","background-repeat":"repeat","background-position":"center center","background-size":"auto","background-attachment":"scroll","background-type":"","background-media":"","overlay-type":"","overlay-color":"","overlay-opacity":"","overlay-gradient":""},"mobile":{"background-color":"","background-image":"","background-repeat":"repeat","background-position":"center center","background-size":"auto","background-attachment":"scroll","background-type":"","background-media":"","overlay-type":"","overlay-color":"","overlay-opacity":"","overlay-gradient":""}},"ast-content-background-meta":{"desktop":{"background-color":"var(--ast-global-color-5)","background-image":"","background-repeat":"repeat","background-position":"center center","background-size":"auto","background-attachment":"scroll","background-type":"","background-media":"","overlay-type":"","overlay-color":"","overlay-opacity":"","overlay-gradient":""},"tablet":{"background-color":"var(--ast-global-color-5)","background-image":"","background-repeat":"repeat","background-position":"center center","background-size":"auto","background-attachment":"scroll","background-type":"","background-media":"","overlay-type":"","overlay-color":"","overlay-opacity":"","overlay-gradient":""},"mobile":{"background-color":"var(--ast-global-color-5)","background-image":"","background-repeat":"repeat","background-position":"center center","background-size":"auto","background-attachment":"scroll","background-type":"","background-media":"","overlay-type":"","overlay-color":"","overlay-opacity":"","overlay-gradient":""}}},"product_brand":[],"product_cat":[96,97,74],"product_tag":[],"class_list":{"0":"post-1540","1":"product","2":"type-product","3":"status-publish","4":"has-post-thumbnail","6":"product_cat-brands","7":"product_cat-naole","8":"product_cat-oxygen-ceuticals","9":"desktop-align-left","10":"tablet-align-left","11":"mobile-align-left","13":"first","14":"instock","15":"taxable","16":"shipping-taxable","17":"product-type-simple","18":"add-to-wishlist-before_image"},"uagb_featured_image_src":{"full":["https:\/\/kosmeetika24.com\/wp-content\/uploads\/2023\/10\/hydrating-pro.jpg",600,600,false],"thumbnail":["https:\/\/kosmeetika24.com\/wp-content\/uploads\/2023\/10\/hydrating-pro-150x150.jpg",150,150,true],"medium":["https:\/\/kosmeetika24.com\/wp-content\/uploads\/2023\/10\/hydrating-pro-300x300.jpg",300,300,true],"medium_large":["https:\/\/kosmeetika24.com\/wp-content\/uploads\/2023\/10\/hydrating-pro.jpg",600,600,false],"large":["https:\/\/kosmeetika24.com\/wp-content\/uploads\/2023\/10\/hydrating-pro.jpg",600,600,false],"1536x1536":["https:\/\/kosmeetika24.com\/wp-content\/uploads\/2023\/10\/hydrating-pro.jpg",600,600,false],"2048x2048":["https:\/\/kosmeetika24.com\/wp-content\/uploads\/2023\/10\/hydrating-pro.jpg",600,600,false],"trp-custom-language-flag":["https:\/\/kosmeetika24.com\/wp-content\/uploads\/2023\/10\/hydrating-pro-12x12.jpg",12,12,true],"woocommerce_thumbnail":["https:\/\/kosmeetika24.com\/wp-content\/uploads\/2023\/10\/hydrating-pro-300x300.jpg",300,300,true],"woocommerce_single":["https:\/\/kosmeetika24.com\/wp-content\/uploads\/2023\/10\/hydrating-pro-500x500.jpg",500,500,true],"woocommerce_gallery_thumbnail":["https:\/\/kosmeetika24.com\/wp-content\/uploads\/2023\/10\/hydrating-pro-100x100.jpg",100,100,true]},"uagb_author_info":{"display_name":"admin","author_link":"https:\/\/kosmeetika24.com\/ru\/author\/"},"uagb_comment_info":0,"uagb_excerpt":"Professionaalseks kasutamiseks m\u00f5eldud kreem v\u00f5itleb pigmendilaikudega, muudab naha nooruslikumaks ja s\u00e4ravamaks. 200 ml","_links":{"self":[{"href":"https:\/\/kosmeetika24.com\/ru\/wp-json\/wp\/v2\/product\/1540","targetHints":{"allow":["GET"]}}],"collection":[{"href":"https:\/\/kosmeetika24.com\/ru\/wp-json\/wp\/v2\/product"}],"about":[{"href":"https:\/\/kosmeetika24.com\/ru\/wp-json\/wp\/v2\/types\/product"}],"replies":[{"embeddable":true,"href":"https:\/\/kosmeetika24.com\/ru\/wp-json\/wp\/v2\/comments?post=1540"}],"version-history":[{"count":3,"href":"https:\/\/kosmeetika24.com\/ru\/wp-json\/wp\/v2\/product\/1540\/revisions"}],"predecessor-version":[{"id":5351,"href":"https:\/\/kosmeetika24.com\/ru\/wp-json\/wp\/v2\/product\/1540\/revisions\/5351"}],"wp:featuredmedia":[{"embeddable":true,"href":"https:\/\/kosmeetika24.com\/ru\/wp-json\/wp\/v2\/media\/1460"}],"wp:attachment":[{"href":"https:\/\/kosmeetika24.com\/ru\/wp-json\/wp\/v2\/media?parent=1540"}],"wp:term":[{"taxonomy":"product_brand","embeddable":true,"href":"https:\/\/kosmeetika24.com\/ru\/wp-json\/wp\/v2\/product_brand?post=1540"},{"taxonomy":"product_cat","embeddable":true,"href":"https:\/\/kosmeetika24.com\/ru\/wp-json\/wp\/v2\/product_cat?post=1540"},{"taxonomy":"product_tag","embeddable":true,"href":"https:\/\/kosmeetika24.com\/ru\/wp-json\/wp\/v2\/product_tag?post=1540"}],"curies":[{"name":"wp","href":"https:\/\/api.w.org\/{rel}","templated":true}]}}