{"id":1508,"date":"2024-01-05T08:45:15","date_gmt":"2024-01-05T08:45:15","guid":{"rendered":"https:\/\/kosmeetika24.com\/?post_type=product&#038;p=1508"},"modified":"2025-09-16T10:00:45","modified_gmt":"2025-09-16T07:00:45","slug":"bruno-vassari-boosters-niisutav-biotselluloosimask","status":"publish","type":"product","link":"https:\/\/kosmeetika24.com\/ru\/product\/bruno-vassari-boosters-niisutav-biotselluloosimask\/","title":{"rendered":"BRUNO VASSARI Boosters \u0423\u0432\u043b\u0430\u0436\u043d\u044f\u044e\u0449\u0430\u044f \u0431\u0438\u043e\u0446\u0435\u043b\u043b\u044e\u043b\u043e\u0437\u043d\u0430\u044f \u043c\u0430\u0441\u043a\u0430"},"content":{"rendered":"<p>Professionaalseks kasutamiseks m\u00f5eldud boitselluloosil p\u00f5hinev mask <em>Second Skin<\/em>\u00a0 rahustab ja niisutab.<\/p>\n<p>Nahale kandmisel moodustab see kaitsekihi ning turgutab nahka suure kontsentratsiooniga toimeainetega.<\/p>\n<p>Jume muutub v\u00e4rskeks ja s\u00e4ravaks juba 20 minutit p\u00e4rast kasutamist.<\/p>\n<p>\u041f\u043e\u0434\u0445\u043e\u0434\u0438\u0442 \u0434\u043b\u044f \u0432\u0441\u0435\u0445 \u0442\u0438\u043f\u043e\u0432 \u043a\u043e\u0436\u0438.<\/p>\n<p><strong>\u0410\u041a\u0422\u0418\u0412\u041d\u042b\u0415 \u0418\u041d\u0413\u0420\u0415\u0414\u0418\u0415\u041d\u0422\u042b<\/strong><\/p>\n<ul>\n<li>\u0413\u043b\u0438\u0446\u0435\u0440\u0438\u043d<\/li>\n<li>\u0413\u0438\u0430\u043b\u0443\u0440\u043e\u043d\u043e\u0432\u0430\u044f \u043a\u0438\u0441\u043b\u043e\u0442\u0430<\/li>\n<li>\u0424\u0438\u043a\u043e\u0433\u0435\u043b\u044c<\/li>\n<li>\u041a\u043e\u043b\u043b\u0430\u0433\u0435\u043d<\/li>\n<li>\u041e\u0431\u044b\u043a\u043d\u043e\u0432\u0435\u043d\u043d\u0430\u044f \u0430\u043b\u043e\u044d (Aloe Vera)<\/li>\n<\/ul>\n<p><strong>\u0414\u0435\u0439\u0441\u0442\u0432\u0438\u0435<\/strong><\/p>\n<ul>\n<li>\u0413\u043b\u0438\u0446\u0435\u0440\u0438\u043d \u0443\u0432\u043b\u0430\u0436\u043d\u044f\u0435\u0442 \u0438 \u0443\u0441\u043f\u043e\u043a\u0430\u0438\u0432\u0430\u0435\u0442 \u043a\u043e\u0436\u0443.<\/li>\n<li>\u0413\u0438\u0430\u043b\u0443\u0440\u043e\u043d\u043e\u0432\u0430\u044f \u043a\u0438\u0441\u043b\u043e\u0442\u0430 \u0441 \u043d\u0438\u0437\u043a\u043e\u0439 \u043c\u043e\u043b\u0435\u043a\u0443\u043b\u044f\u0440\u043d\u043e\u0439 \u043c\u0430\u0441\u0441\u043e\u0439 \u043f\u0440\u043e\u043d\u0438\u043a\u0430\u0435\u0442 \u0433\u043b\u0443\u0431\u043e\u043a\u043e \u0432 \u0440\u043e\u0433\u043e\u0432\u043e\u0439 \u0441\u043b\u043e\u0439, \u0443\u0434\u0435\u0440\u0436\u0438\u0432\u0430\u044f \u0442\u0440\u0430\u043d\u0441\u044d\u043f\u0438\u0434\u0435\u0440\u043c\u0430\u043b\u044c\u043d\u0443\u044e \u0432\u043e\u0434\u0443, \u043d\u0430\u043f\u043e\u043b\u043d\u044f\u044f \u043a\u043b\u0435\u0442\u043a\u0438 \u043a\u043e\u0436\u0438 \u0432\u043b\u0430\u0433\u043e\u0439.<\/li>\n<li>\u0424\u044e\u043a\u043e\u0433\u0435\u043b\u044c: \u043f\u043e\u043b\u0438\u0441\u0430\u0445\u0430\u0440\u0438\u0434, \u043a\u043e\u0442\u043e\u0440\u044b\u0439 \u0445\u0430\u0440\u0430\u043a\u0442\u0435\u0440\u0438\u0437\u0443\u0435\u0442\u0441\u044f \u0443\u0432\u043b\u0430\u0436\u043d\u044f\u044e\u0449\u0438\u043c \u044d\u0444\u0444\u0435\u043a\u0442\u043e\u043c \u0438 \u0441\u043f\u043e\u0441\u043e\u0431\u043d\u043e\u0441\u0442\u044c\u044e \u043e\u0431\u0440\u0430\u0437\u043e\u0432\u044b\u0432\u0430\u0442\u044c \u0437\u0430\u0449\u0438\u0442\u043d\u044b\u0439 \u0441\u043b\u043e\u0439 \u043d\u0430 \u043a\u043e\u0436\u0435, \u043f\u0440\u0435\u0434\u043e\u0442\u0432\u0440\u0430\u0449\u0430\u044f \u0435\u0435 \u043e\u0431\u0435\u0437\u0432\u043e\u0436\u0438\u0432\u0430\u043d\u0438\u0435.<\/li>\n<li>\u041a\u043e\u043b\u043b\u0430\u0433\u0435\u043d \u0443\u043b\u0443\u0447\u0448\u0430\u0435\u0442 \u0442\u043e\u043d\u0443\u0441 \u043a\u043e\u0436\u0438 \u0438 \u0435\u0451 \u044d\u043b\u0430\u0441\u0442\u0438\u0447\u043d\u043e\u0441\u0442\u044c.<\/li>\n<li>\u041e\u0431\u044b\u043a\u043d\u043e\u0432\u0435\u043d\u043d\u044b\u0439 \u0430\u043b\u043e\u044d \u0443\u0432\u043b\u0430\u0436\u043d\u044f\u0435\u0442 \u0438 \u043f\u0438\u0442\u0430\u0435\u0442 \u043a\u043e\u0436\u0443.<\/li>\n<\/ul>\n<p><strong>\u0421\u043e\u0441\u0442\u0430\u0432<\/strong><\/p>\n<p>AQUA ( WATER), GLYCERIN, POLYACRYLATE-13, PHENOXYETHANOL, ETHYLHEXYLGLYCERIN, TRIETHANOLAMINE, POLYISOBUTENE, ACRYLATES\/C10-30 ALKYACRYLATE, CROSSPOLYMER, DISODIUMEDTA, SODIUMHYALURONATE, PARFUM (FRAGRANCE), POLYSORBATE 20, SORBITAB ISOSTEARATE, BIOSACCHARIDE GUM-1, CITRIC ACID, SODIUM CITRATE, SOLUBLE COLLAGEN, SODIUM BENZOATE, HEXYL CINNAMAL, LINALOOL, ALOE BARBADENSIS LEAF EXTRACT.<\/p>","protected":false},"excerpt":{"rendered":"<p>\u0413\u043b\u0443\u0431\u043e\u043a\u043e \u0443\u0432\u043b\u0430\u0436\u043d\u044f\u0435\u0442 \u0438 \u043d\u0430\u0441\u044b\u0449\u0430\u0435\u0442 \u043a\u043e\u0436\u0443 \u0430\u043a\u0442\u0438\u0432\u043d\u044b\u043c\u0438 \u043a\u043e\u043d\u0446\u0435\u043d\u0442\u0440\u0430\u0442\u0430\u043c\u0438.<\/p>\n<p>\u041d\u0430\u0431\u043e\u0440 \u043f\u0440\u0435\u0434\u043d\u0430\u0437\u043d\u0430\u0447\u0435\u043d \u0434\u043b\u044f \u043f\u0440\u043e\u0444\u0435\u0441\u0441\u0438\u043e\u043d\u0430\u043b\u044c\u043d\u043e\u0433\u043e \u0438\u0441\u043f\u043e\u043b\u044c\u0437\u043e\u0432\u0430\u043d\u0438\u044f \u0432 5 \u043f\u0440\u043e\u0446\u0435\u0434\u0443\u0440\u0430\u0445.<\/p>","protected":false},"featured_media":1433,"comment_status":"open","ping_status":"closed","template":"","meta":{"_uag_custom_page_level_css":"","site-sidebar-layout":"default","site-content-layout":"","ast-site-content-layout":"default","site-content-style":"default","site-sidebar-style":"default","ast-global-header-display":"","ast-banner-title-visibility":"","ast-main-header-display":"","ast-hfb-above-header-display":"","ast-hfb-below-header-display":"","ast-hfb-mobile-header-display":"","site-post-title":"","ast-breadcrumbs-content":"","ast-featured-img":"","footer-sml-layout":"","ast-disable-related-posts":"","theme-transparent-header-meta":"default","adv-header-id-meta":"","stick-header-meta":"","header-above-stick-meta":"","header-main-stick-meta":"","header-below-stick-meta":"","astra-migrate-meta-layouts":"set","ast-page-background-enabled":"default","ast-page-background-meta":{"desktop":{"background-color":"var(--ast-global-color-4)","background-image":"","background-repeat":"repeat","background-position":"center center","background-size":"auto","background-attachment":"scroll","background-type":"","background-media":"","overlay-type":"","overlay-color":"","overlay-opacity":"","overlay-gradient":""},"tablet":{"background-color":"","background-image":"","background-repeat":"repeat","background-position":"center center","background-size":"auto","background-attachment":"scroll","background-type":"","background-media":"","overlay-type":"","overlay-color":"","overlay-opacity":"","overlay-gradient":""},"mobile":{"background-color":"","background-image":"","background-repeat":"repeat","background-position":"center center","background-size":"auto","background-attachment":"scroll","background-type":"","background-media":"","overlay-type":"","overlay-color":"","overlay-opacity":"","overlay-gradient":""}},"ast-content-background-meta":{"desktop":{"background-color":"var(--ast-global-color-5)","background-image":"","background-repeat":"repeat","background-position":"center center","background-size":"auto","background-attachment":"scroll","background-type":"","background-media":"","overlay-type":"","overlay-color":"","overlay-opacity":"","overlay-gradient":""},"tablet":{"background-color":"var(--ast-global-color-5)","background-image":"","background-repeat":"repeat","background-position":"center center","background-size":"auto","background-attachment":"scroll","background-type":"","background-media":"","overlay-type":"","overlay-color":"","overlay-opacity":"","overlay-gradient":""},"mobile":{"background-color":"var(--ast-global-color-5)","background-image":"","background-repeat":"repeat","background-position":"center center","background-size":"auto","background-attachment":"scroll","background-type":"","background-media":"","overlay-type":"","overlay-color":"","overlay-opacity":"","overlay-gradient":""}}},"product_brand":[],"product_cat":[61,96,97],"product_tag":[],"class_list":{"0":"post-1508","1":"product","2":"type-product","3":"status-publish","4":"has-post-thumbnail","6":"product_cat-boosters","7":"product_cat-brands","8":"product_cat-naole","9":"desktop-align-left","10":"tablet-align-left","11":"mobile-align-left","13":"first","14":"instock","15":"taxable","16":"shipping-taxable","17":"product-type-simple","18":"add-to-wishlist-before_image"},"uagb_featured_image_src":{"full":["https:\/\/kosmeetika24.com\/wp-content\/uploads\/2023\/10\/2339.jpg",600,600,false],"thumbnail":["https:\/\/kosmeetika24.com\/wp-content\/uploads\/2023\/10\/2339-150x150.jpg",150,150,true],"medium":["https:\/\/kosmeetika24.com\/wp-content\/uploads\/2023\/10\/2339-300x300.jpg",300,300,true],"medium_large":["https:\/\/kosmeetika24.com\/wp-content\/uploads\/2023\/10\/2339.jpg",600,600,false],"large":["https:\/\/kosmeetika24.com\/wp-content\/uploads\/2023\/10\/2339.jpg",600,600,false],"1536x1536":["https:\/\/kosmeetika24.com\/wp-content\/uploads\/2023\/10\/2339.jpg",600,600,false],"2048x2048":["https:\/\/kosmeetika24.com\/wp-content\/uploads\/2023\/10\/2339.jpg",600,600,false],"trp-custom-language-flag":["https:\/\/kosmeetika24.com\/wp-content\/uploads\/2023\/10\/2339-12x12.jpg",12,12,true],"woocommerce_thumbnail":["https:\/\/kosmeetika24.com\/wp-content\/uploads\/2023\/10\/2339-300x300.jpg",300,300,true],"woocommerce_single":["https:\/\/kosmeetika24.com\/wp-content\/uploads\/2023\/10\/2339-500x500.jpg",500,500,true],"woocommerce_gallery_thumbnail":["https:\/\/kosmeetika24.com\/wp-content\/uploads\/2023\/10\/2339-100x100.jpg",100,100,true]},"uagb_author_info":{"display_name":"admin","author_link":"https:\/\/kosmeetika24.com\/ru\/author\/"},"uagb_comment_info":10,"uagb_excerpt":"Niisutab s\u00fcgavalt ja t\u00e4idab naha aktiivsete kontsentraatidega. Komplekt on m\u00f5eldud professionaalseks kasutamiseks 5 protseduuril.","_links":{"self":[{"href":"https:\/\/kosmeetika24.com\/ru\/wp-json\/wp\/v2\/product\/1508","targetHints":{"allow":["GET"]}}],"collection":[{"href":"https:\/\/kosmeetika24.com\/ru\/wp-json\/wp\/v2\/product"}],"about":[{"href":"https:\/\/kosmeetika24.com\/ru\/wp-json\/wp\/v2\/types\/product"}],"replies":[{"embeddable":true,"href":"https:\/\/kosmeetika24.com\/ru\/wp-json\/wp\/v2\/comments?post=1508"}],"version-history":[{"count":4,"href":"https:\/\/kosmeetika24.com\/ru\/wp-json\/wp\/v2\/product\/1508\/revisions"}],"predecessor-version":[{"id":7044,"href":"https:\/\/kosmeetika24.com\/ru\/wp-json\/wp\/v2\/product\/1508\/revisions\/7044"}],"wp:featuredmedia":[{"embeddable":true,"href":"https:\/\/kosmeetika24.com\/ru\/wp-json\/wp\/v2\/media\/1433"}],"wp:attachment":[{"href":"https:\/\/kosmeetika24.com\/ru\/wp-json\/wp\/v2\/media?parent=1508"}],"wp:term":[{"taxonomy":"product_brand","embeddable":true,"href":"https:\/\/kosmeetika24.com\/ru\/wp-json\/wp\/v2\/product_brand?post=1508"},{"taxonomy":"product_cat","embeddable":true,"href":"https:\/\/kosmeetika24.com\/ru\/wp-json\/wp\/v2\/product_cat?post=1508"},{"taxonomy":"product_tag","embeddable":true,"href":"https:\/\/kosmeetika24.com\/ru\/wp-json\/wp\/v2\/product_tag?post=1508"}],"curies":[{"name":"wp","href":"https:\/\/api.w.org\/{rel}","templated":true}]}}