{"id":1355,"date":"2024-01-04T12:38:02","date_gmt":"2024-01-04T12:38:02","guid":{"rendered":"https:\/\/kosmeetika24.com\/?post_type=product&#038;p=1355"},"modified":"2025-07-02T14:42:02","modified_gmt":"2025-07-02T11:42:02","slug":"bruno-vassari-aqua-genomics-rikkalikult-niisutav-hooldus","status":"publish","type":"product","link":"https:\/\/kosmeetika24.com\/ru\/product\/bruno-vassari-aqua-genomics-rikkalikult-niisutav-hooldus\/","title":{"rendered":"BRUNO VASSARI Aqua Genomics \u043e\u0431\u043e\u0433\u0430\u0449\u0435\u043d\u043d\u044b\u0439 \u0443\u0432\u043b\u0430\u0436\u043d\u044f\u044e\u0449\u0438\u0439 \u0443\u0445\u043e\u0434"},"content":{"rendered":"<p class=\"translation-block\">\u041f\u0440\u043e\u0444\u0435\u0441\u0441\u0438\u043e\u043d\u0430\u043b\u044c\u043d\u043e\u0435 \u0443\u0432\u043b\u0430\u0436\u043d\u044f\u044e\u0449\u0435\u0435 \u043b\u0435\u0447\u0435\u043d\u0438\u0435 <em>Moisturising Treatment<\/em> \u043d\u0430\u043f\u0440\u0430\u0432\u043b\u0435\u043d\u043e \u043d\u0430 \u0441\u0442\u0438\u043c\u0443\u043b\u044f\u0446\u0438\u044e \u0435\u0441\u0442\u0435\u0441\u0442\u0432\u0435\u043d\u043d\u043e\u0433\u043e \u0443\u0432\u043b\u0430\u0436\u043d\u044f\u044e\u0449\u0435\u0433\u043e \u0444\u0430\u043a\u0442\u043e\u0440\u0430 (NMF), \u0442\u0435\u043c \u0441\u0430\u043c\u044b\u043c \u0443\u043a\u0440\u0435\u043f\u043b\u044f\u044f \u0431\u0430\u0440\u044c\u0435\u0440 \u043a\u043e\u0436\u0438. \u041a\u043e\u0436\u0430 \u0433\u043b\u0443\u0431\u043e\u043a\u043e \u0443\u0432\u043b\u0430\u0436\u043d\u044f\u0435\u0442\u0441\u044f, \u0432\u043e\u0441\u0441\u0442\u0430\u043d\u0430\u0432\u043b\u0438\u0432\u0430\u0435\u0442\u0441\u044f \u0435\u0451 \u0443\u043f\u0440\u0443\u0433\u043e\u0441\u0442\u044c \u0438 \u0442\u043e\u043d\u0443\u0441. <br><\/p>\n<p>\u041f\u043e\u0434\u0445\u043e\u0434\u0438\u0442 \u0434\u043b\u044f \u0432\u0441\u0435\u0445 \u0442\u0438\u043f\u043e\u0432 \u043a\u043e\u0436\u0438, \u043e\u0441\u043e\u0431\u0435\u043d\u043d\u043e \u0434\u043b\u044f \u043e\u0447\u0435\u043d\u044c \u0441\u0443\u0445\u043e\u0439 \u043a\u043e\u0436\u0438. <br><\/p>\n<p><strong>\u0410\u041a\u0422\u0418\u0412\u041d\u042b\u0415 \u0418\u041d\u0413\u0420\u0415\u0414\u0418\u0415\u041d\u0422\u042b<\/strong><\/p>\n<ul>\n<li>Ens\u00fcmaatiline koorija \u201cEnzymatic Peeling\u201d: papaiin ja bromelaiin.<\/li>\n<li>Kontsentraat \u201cHydratant Concentrate\u201d: Revidrat, Pentavitin, h\u00fcaluroonhape, gl\u00fctseriin, sheav\u00f5i ja E-vitamiin.<\/li>\n<li>Merevee baasil mask \u201cAqua Genomics Mask With Sea Water\u201d: alginaadid ja merevesi.<\/li>\n<li>Niisutav kreem \u201cAqua Sorbet Rich\u201d: Revidrat, Pentavitin ning h\u00fcaluroonhape.<\/li>\n<\/ul>\n<p><strong>\u0414\u0435\u0439\u0441\u0442\u0432\u0438\u0435<\/strong><\/p>\n<ul>\n<li>\u042d\u043d\u0437\u0438\u043c\u043d\u044b\u0439 \u043f\u0438\u043b\u0438\u043d\u0433 \u0441\u043e\u0441\u0442\u043e\u0438\u0442 \u0438\u0437 \u043e\u0447\u0435\u043d\u044c \u043c\u0435\u043b\u043a\u0438\u0445 \u0447\u0430\u0441\u0442\u0438\u0446, \u043a\u043e\u0442\u043e\u0440\u044b\u0435 \u043f\u0440\u0438 \u0441\u043c\u0435\u0448\u0438\u0432\u0430\u043d\u0438\u0438 \u0441 \u0432\u043e\u0434\u043e\u0439 \u043f\u0440\u0435\u0432\u0440\u0430\u0449\u0430\u044e\u0442\u0441\u044f \u0432 \u043e\u0434\u043d\u043e\u0440\u043e\u0434\u043d\u0443\u044e \u043f\u0430\u0441\u0442\u0443. \u041e\u043d \u0438\u0437\u0433\u043e\u0442\u043e\u0432\u043b\u0435\u043d \u0438\u0437 \u043d\u0430\u0442\u0443\u0440\u0430\u043b\u044c\u043d\u044b\u0445 \u044d\u043d\u0437\u0438\u043c\u043e\u0432, \u043f\u043e\u043b\u0443\u0447\u0435\u043d\u043d\u044b\u0445 \u0438\u0437 \u043f\u0430\u043f\u0430\u0439\u0438 \u0438 \u0430\u043d\u0430\u043d\u0430\u0441\u0430 (\u043f\u0430\u043f\u0430\u0438\u043d \u0438 \u0431\u0440\u043e\u043c\u0435\u043b\u0430\u0438\u043d), \u0438 \u0438\u0445 \u043e\u0441\u043d\u043e\u0432\u043d\u0430\u044f \u0446\u0435\u043b\u044c - \u0443\u0434\u0430\u043b\u0435\u043d\u0438\u0435 \u043e\u043c\u0435\u0440\u0442\u0432\u0435\u0432\u0448\u0438\u0445 \u043a\u043b\u0435\u0442\u043e\u043a \u043a\u043e\u0436\u0438. \u0422\u0430\u043a\u0436\u0435 \u043e\u043d \u0441\u043c\u044f\u0433\u0447\u0430\u0435\u0442 \u043f\u043e\u0440\u044b, \u043e\u0431\u043b\u0435\u0433\u0447\u0430\u044f \u0443\u0434\u0430\u043b\u0435\u043d\u0438\u0435 \u043e\u043c\u0435\u0440\u0442\u0432\u0435\u0432\u0448\u0438\u0445 \u043a\u043b\u0435\u0442\u043e\u043a \u043a\u043e\u0436\u0438. <br><\/li>\n<li>\u0423\u0432\u043b\u0430\u0436\u043d\u044f\u044e\u0449\u0438\u0439 \u043a\u043e\u043d\u0446\u0435\u043d\u0442\u0440\u0430\u0442 \u2014 \u044d\u0442\u043e \u0441\u044b\u0432\u043e\u0440\u043e\u0442\u043a\u0430 \u0441 \u0438\u043d\u0442\u0435\u043d\u0441\u0438\u0432\u043d\u044b\u043c \u0443\u0432\u043b\u0430\u0436\u043d\u044f\u044e\u0449\u0438\u043c \u043a\u043e\u043c\u043f\u043b\u0435\u043a\u0441\u043e\u043c, \u0441\u043e\u0434\u0435\u0440\u0436\u0430\u0449\u0430\u044f \u0432\u044b\u0441\u043e\u043a\u043e\u044d\u0444\u0444\u0435\u043a\u0442\u0438\u0432\u043d\u044b\u0435 \u0443\u0432\u043b\u0430\u0436\u043d\u044f\u044e\u0449\u0438\u0435 \u043c\u043e\u043b\u0435\u043a\u0443\u043b\u044b, \u0442\u0430\u043a\u0438\u0435 \u043a\u0430\u043a Revidrat, \u0433\u0438\u0430\u043b\u0443\u0440\u043e\u043d\u043e\u0432\u0430\u044f \u043a\u0438\u0441\u043b\u043e\u0442\u0430, \u0433\u043b\u0438\u0446\u0435\u0440\u0438\u043d \u0438 \u043c\u0430\u0441\u043b\u043e \u0448\u0438. \u041e\u043d \u0432\u043e\u0441\u0441\u0442\u0430\u043d\u0430\u0432\u043b\u0438\u0432\u0430\u0435\u0442 \u0435\u0441\u0442\u0435\u0441\u0442\u0432\u0435\u043d\u043d\u044b\u0439 \u0443\u0440\u043e\u0432\u0435\u043d\u044c \u0443\u0432\u043b\u0430\u0436\u043d\u0435\u043d\u043d\u043e\u0441\u0442\u0438 \u043a\u043e\u0436\u0438. <br><\/li>\n<li>\u041c\u0430\u0441\u043a\u0430 \u043d\u0430 \u043e\u0441\u043d\u043e\u0432\u0435 \u043c\u043e\u0440\u0441\u043a\u043e\u0439 \u0432\u043e\u0434\u044b \u2014 \u044d\u0442\u043e \u0430\u043b\u044c\u0433\u0438\u043d\u0430\u0442\u043d\u0430\u044f \u043c\u0430\u0441\u043a\u0430, \u043a\u043e\u0442\u043e\u0440\u0430\u044f \u0443\u0432\u043b\u0430\u0436\u043d\u044f\u0435\u0442 \u0438 \u0441\u043c\u044f\u0433\u0447\u0430\u0435\u0442 \u0442\u0435\u043a\u0441\u0442\u0443\u0440\u0443 \u043a\u043e\u0436\u0438. \u041e\u043d\u0430 \u0441\u0442\u0438\u043c\u0443\u043b\u0438\u0440\u0443\u0435\u0442 \u0440\u0435\u0433\u0435\u043d\u0435\u0440\u0430\u0446\u0438\u044e \u043a\u043e\u0436\u0438 \u0438 \u0440\u0435\u043c\u0438\u043d\u0435\u0440\u0430\u043b\u0438\u0437\u0430\u0446\u0438\u044e. <br><\/li>\n<li>\u0423\u0432\u043b\u0430\u0436\u043d\u044f\u044e\u0449\u0438\u0439 \u043a\u0440\u0435\u043c \u0432\u043e\u0441\u0441\u0442\u0430\u043d\u0430\u0432\u043b\u0438\u0432\u0430\u0435\u0442 \u0435\u0441\u0442\u0435\u0441\u0442\u0432\u0435\u043d\u043d\u044b\u0439 \u0443\u0440\u043e\u0432\u0435\u043d\u044c \u0443\u0432\u043b\u0430\u0436\u043d\u0435\u043d\u043d\u043e\u0441\u0442\u0438 \u043a\u043e\u0436\u0438 \u0438 \u0431\u0430\u043b\u0430\u043d\u0441 \u043c\u0435\u0436\u0434\u0443 \u0432\u043e\u0434\u043e\u0439 \u0438 \u043b\u0438\u043f\u0438\u0434\u0430\u043c\u0438. <br><\/li>\n<\/ul>","protected":false},"excerpt":{"rendered":"<p>\u041f\u0440\u043e\u0444\u0435\u0441\u0441\u0438\u043e\u043d\u0430\u043b\u044c\u043d\u044b\u0439 \u0443\u0445\u043e\u0434 \u0434\u043b\u044f \u0441\u0443\u0445\u043e\u0439 \u043a\u043e\u0436\u0438, \u0432\u043e\u0441\u0441\u0442\u0430\u043d\u0430\u0432\u043b\u0438\u0432\u0430\u044e\u0449\u0438\u0439 \u0432\u043e\u0434\u043d\u043e-\u043b\u0438\u043f\u0438\u0434\u043d\u044b\u0439 \u0431\u0430\u043b\u0430\u043d\u0441 \u043a\u043e\u0436\u0438. <br><\/p>\n<p>\u041a\u043e\u043c\u043f\u043b\u0435\u043a\u0442 \u043f\u0440\u0435\u0434\u043d\u0430\u0437\u043d\u0430\u0447\u0435\u043d \u0434\u043b\u044f \u043f\u0440\u043e\u0444\u0435\u0441\u0441\u0438\u043e\u043d\u0430\u043b\u044c\u043d\u043e\u0433\u043e \u0438\u0441\u043f\u043e\u043b\u044c\u0437\u043e\u0432\u0430\u043d\u0438\u044f \u0432 6 \u043f\u0440\u043e\u0446\u0435\u0434\u0443\u0440\u0430\u0445.<\/p>\n<ul>\n<li><span style=\"font-size: 14px;\">\u041f\u0438\u043b\u0438\u043d\u0433 Enzymatic Peeling 6 x 15 \u0433 <br><\/span><\/li>\n<li><span style=\"font-size: 14px;\">\u041a\u043e\u043d\u0446\u0435\u043d\u0442\u0440\u0430\u0442 Hydratant Concentrate 6 x 2,5 \u043c\u043b <br><\/span><\/li>\n<li><span style=\"font-size: 14px;\">\u041c\u0430\u0441\u043a\u0430 Aqua Genomics Mask With Sea Water 6 x 30 \u0433 <br><\/span><\/li>\n<li><span style=\"font-size: 14px;\">\u0423\u0432\u043b\u0430\u0436\u043d\u044f\u044e\u0449\u0438\u0439 \u043a\u0440\u0435\u043c Aqua Sorbet Rich 20 \u043c\u043b <br><\/span><\/li>\n<\/ul>","protected":false},"featured_media":1401,"comment_status":"open","ping_status":"closed","template":"","meta":{"_uag_custom_page_level_css":"","site-sidebar-layout":"default","site-content-layout":"","ast-site-content-layout":"default","site-content-style":"default","site-sidebar-style":"default","ast-global-header-display":"","ast-banner-title-visibility":"","ast-main-header-display":"","ast-hfb-above-header-display":"","ast-hfb-below-header-display":"","ast-hfb-mobile-header-display":"","site-post-title":"","ast-breadcrumbs-content":"","ast-featured-img":"","footer-sml-layout":"","ast-disable-related-posts":"","theme-transparent-header-meta":"default","adv-header-id-meta":"","stick-header-meta":"","header-above-stick-meta":"","header-main-stick-meta":"","header-below-stick-meta":"","astra-migrate-meta-layouts":"set","ast-page-background-enabled":"default","ast-page-background-meta":{"desktop":{"background-color":"var(--ast-global-color-4)","background-image":"","background-repeat":"repeat","background-position":"center center","background-size":"auto","background-attachment":"scroll","background-type":"","background-media":"","overlay-type":"","overlay-color":"","overlay-opacity":"","overlay-gradient":""},"tablet":{"background-color":"","background-image":"","background-repeat":"repeat","background-position":"center center","background-size":"auto","background-attachment":"scroll","background-type":"","background-media":"","overlay-type":"","overlay-color":"","overlay-opacity":"","overlay-gradient":""},"mobile":{"background-color":"","background-image":"","background-repeat":"repeat","background-position":"center center","background-size":"auto","background-attachment":"scroll","background-type":"","background-media":"","overlay-type":"","overlay-color":"","overlay-opacity":"","overlay-gradient":""}},"ast-content-background-meta":{"desktop":{"background-color":"var(--ast-global-color-5)","background-image":"","background-repeat":"repeat","background-position":"center center","background-size":"auto","background-attachment":"scroll","background-type":"","background-media":"","overlay-type":"","overlay-color":"","overlay-opacity":"","overlay-gradient":""},"tablet":{"background-color":"var(--ast-global-color-5)","background-image":"","background-repeat":"repeat","background-position":"center center","background-size":"auto","background-attachment":"scroll","background-type":"","background-media":"","overlay-type":"","overlay-color":"","overlay-opacity":"","overlay-gradient":""},"mobile":{"background-color":"var(--ast-global-color-5)","background-image":"","background-repeat":"repeat","background-position":"center center","background-size":"auto","background-attachment":"scroll","background-type":"","background-media":"","overlay-type":"","overlay-color":"","overlay-opacity":"","overlay-gradient":""}}},"product_brand":[],"product_cat":[59,96,97],"product_tag":[],"class_list":{"0":"post-1355","1":"product","2":"type-product","3":"status-publish","4":"has-post-thumbnail","6":"product_cat-aqua-genomics","7":"product_cat-brands","8":"product_cat-naole","9":"desktop-align-left","10":"tablet-align-left","11":"mobile-align-left","13":"first","14":"instock","15":"taxable","16":"shipping-taxable","17":"product-type-simple","18":"add-to-wishlist-before_image"},"uagb_featured_image_src":{"full":["https:\/\/kosmeetika24.com\/wp-content\/uploads\/2023\/10\/2277.jpg",600,600,false],"thumbnail":["https:\/\/kosmeetika24.com\/wp-content\/uploads\/2023\/10\/2277-150x150.jpg",150,150,true],"medium":["https:\/\/kosmeetika24.com\/wp-content\/uploads\/2023\/10\/2277-300x300.jpg",300,300,true],"medium_large":["https:\/\/kosmeetika24.com\/wp-content\/uploads\/2023\/10\/2277.jpg",600,600,false],"large":["https:\/\/kosmeetika24.com\/wp-content\/uploads\/2023\/10\/2277.jpg",600,600,false],"1536x1536":["https:\/\/kosmeetika24.com\/wp-content\/uploads\/2023\/10\/2277.jpg",600,600,false],"2048x2048":["https:\/\/kosmeetika24.com\/wp-content\/uploads\/2023\/10\/2277.jpg",600,600,false],"trp-custom-language-flag":["https:\/\/kosmeetika24.com\/wp-content\/uploads\/2023\/10\/2277-12x12.jpg",12,12,true],"woocommerce_thumbnail":["https:\/\/kosmeetika24.com\/wp-content\/uploads\/2023\/10\/2277-300x300.jpg",300,300,true],"woocommerce_single":["https:\/\/kosmeetika24.com\/wp-content\/uploads\/2023\/10\/2277-500x500.jpg",500,500,true],"woocommerce_gallery_thumbnail":["https:\/\/kosmeetika24.com\/wp-content\/uploads\/2023\/10\/2277-100x100.jpg",100,100,true]},"uagb_author_info":{"display_name":"admin","author_link":"https:\/\/kosmeetika24.com\/ru\/author\/"},"uagb_comment_info":0,"uagb_excerpt":"Kuiva naha professionaalne hooldus, mis taastab naha vee ja lipiidide tasakaalu. Komplekt on m\u00f5eldud professionaalseks kasutamiseks 6 protseduuril. koorija Enzymatic Peeling 6 x 15g kontsentraat Hydratant Concentrate 6 x 2,5ml mask Aqua Genomics Mask With Sea Water 6 x 30g niisutav kreem Aqua Sorbet Rich 20ml","_links":{"self":[{"href":"https:\/\/kosmeetika24.com\/ru\/wp-json\/wp\/v2\/product\/1355","targetHints":{"allow":["GET"]}}],"collection":[{"href":"https:\/\/kosmeetika24.com\/ru\/wp-json\/wp\/v2\/product"}],"about":[{"href":"https:\/\/kosmeetika24.com\/ru\/wp-json\/wp\/v2\/types\/product"}],"replies":[{"embeddable":true,"href":"https:\/\/kosmeetika24.com\/ru\/wp-json\/wp\/v2\/comments?post=1355"}],"version-history":[{"count":1,"href":"https:\/\/kosmeetika24.com\/ru\/wp-json\/wp\/v2\/product\/1355\/revisions"}],"predecessor-version":[{"id":4679,"href":"https:\/\/kosmeetika24.com\/ru\/wp-json\/wp\/v2\/product\/1355\/revisions\/4679"}],"wp:featuredmedia":[{"embeddable":true,"href":"https:\/\/kosmeetika24.com\/ru\/wp-json\/wp\/v2\/media\/1401"}],"wp:attachment":[{"href":"https:\/\/kosmeetika24.com\/ru\/wp-json\/wp\/v2\/media?parent=1355"}],"wp:term":[{"taxonomy":"product_brand","embeddable":true,"href":"https:\/\/kosmeetika24.com\/ru\/wp-json\/wp\/v2\/product_brand?post=1355"},{"taxonomy":"product_cat","embeddable":true,"href":"https:\/\/kosmeetika24.com\/ru\/wp-json\/wp\/v2\/product_cat?post=1355"},{"taxonomy":"product_tag","embeddable":true,"href":"https:\/\/kosmeetika24.com\/ru\/wp-json\/wp\/v2\/product_tag?post=1355"}],"curies":[{"name":"wp","href":"https:\/\/api.w.org\/{rel}","templated":true}]}}