{"id":1340,"date":"2024-01-04T10:51:37","date_gmt":"2024-01-04T10:51:37","guid":{"rendered":"https:\/\/kosmeetika24.com\/?post_type=product&#038;p=1340"},"modified":"2025-07-02T13:32:22","modified_gmt":"2025-07-02T10:32:22","slug":"bruno-vassari-pure-solutions-hooldus-rasusele-nahale","status":"publish","type":"product","link":"https:\/\/kosmeetika24.com\/ru\/product\/bruno-vassari-pure-solutions-hooldus-rasusele-nahale\/","title":{"rendered":"BRUNO VASSARI Pure Solutions \u0443\u0445\u043e\u0434 \u0434\u043b\u044f \u0436\u0438\u0440\u043d\u043e\u0439 \u043a\u043e\u0436\u0438."},"content":{"rendered":"<p class=\"translation-block\">\u0414\u043b\u044f \u043f\u0440\u043e\u0444\u0435\u0441\u0441\u0438\u043e\u043d\u0430\u043b\u044c\u043d\u043e\u0433\u043e \u0438\u0441\u043f\u043e\u043b\u044c\u0437\u043e\u0432\u0430\u043d\u0438\u044f <em>Oily Control Treatment<\/em> \u0440\u0435\u0433\u0443\u043b\u0438\u0440\u0443\u0435\u0442 \u0432\u044b\u0440\u0430\u0431\u043e\u0442\u043a\u0443 \u0441\u0435\u0431\u0443\u043c\u0430, \u0443\u0434\u0430\u043b\u044f\u0435\u0442 \u0438\u0437\u043b\u0438\u0448\u043a\u0438 \u043c\u0430\u0441\u043b\u0430 \u0438 \u043e\u043a\u0430\u0437\u044b\u0432\u0430\u0435\u0442 \u043f\u0440\u043e\u0442\u0438\u0432\u043e\u0432\u043e\u0441\u043f\u0430\u043b\u0438\u0442\u0435\u043b\u044c\u043d\u043e\u0435 \u0438 \u0443\u0432\u043b\u0430\u0436\u043d\u044f\u044e\u0449\u0435\u0435 \u0434\u0435\u0439\u0441\u0442\u0432\u0438\u0435. \u0412\u043e\u0441\u0441\u0442\u0430\u043d\u0430\u0432\u043b\u0438\u0432\u0430\u0435\u0442 \u0435\u0441\u0442\u0435\u0441\u0442\u0432\u0435\u043d\u043d\u044b\u0439 \u0443\u0440\u043e\u0432\u0435\u043d\u044c pH \u043a\u043e\u0436\u0438.<\/p>\n<p>\u041f\u043e\u0434\u0445\u043e\u0434\u0438\u0442 \u0434\u043b\u044f \u043a\u043e\u043c\u0431\u0438\u043d\u0438\u0440\u043e\u0432\u0430\u043d\u043d\u043e\u0439, \u0436\u0438\u0440\u043d\u043e\u0439 \u0438 \u043f\u0440\u043e\u0431\u043b\u0435\u043c\u043d\u043e\u0439 \u043a\u043e\u0436\u0438.<\/p>\n<p><strong>\u0410\u041a\u0422\u0418\u0412\u041d\u042b\u0415 \u0418\u041d\u0413\u0420\u0415\u0414\u0418\u0415\u041d\u0422\u042b<\/strong><\/p>\n<ul>\n<li>Koorija \u201cPeel with AHA+BHA+PO\u201d: gl\u00fckoolhape, salits\u00fc\u00fclhape, piroktoonolamiin, iiriseekstrakt.<\/li>\n<li>Aktiivne kontsentraat \u201cOily Control Concentrate\u201d: B3-vitamiin (niatsiinamiid), salits\u00fc\u00fclhape, arginiin, tsinksulfaat.<\/li>\n<li>Alginaatmask \u201cOily Control Mask\u201d: teepuu\u00f5li, mentool, meresool, pajulehed.<\/li>\n<li>Emulsioon \u201cBalance Fluid\u201d: iiriseekstrakt, tsingisool, A-vitamiin, salits\u00fc\u00fclhape ja matistavad ained.<\/li>\n<\/ul>\n<p><strong>\u0414\u0435\u0439\u0441\u0442\u0432\u0438\u0435<\/strong><\/p>\n<ul>\n<li>\u042d\u043a\u0444\u043e\u043b\u0438\u0430\u0446\u0438\u044f \u0443\u043b\u0443\u0447\u0448\u0430\u0435\u0442 \u0432\u043d\u0435\u0448\u043d\u0438\u0439 \u0432\u0438\u0434 \u043a\u043e\u0436\u0438 \u0438 \u0443\u0434\u0430\u043b\u044f\u0435\u0442 \u043f\u044f\u0442\u043d\u0430 \u0438 \u043a\u043e\u043c\u0435\u0434\u043e\u043d\u044b, \u043c\u044f\u0433\u043a\u043e \u043e\u0442\u0448\u0435\u043b\u0443\u0448\u0438\u0432\u0430\u044f \u043a\u043e\u0436\u0443.<\/li>\n<li>\u0410\u043a\u0442\u0438\u0432\u043d\u044b\u0439 \u043a\u043e\u043d\u0446\u0435\u043d\u0442\u0440\u0430\u0442 \u0431\u0430\u043b\u0430\u043d\u0441\u0438\u0440\u0443\u0435\u0442 \u0440\u0430\u0431\u043e\u0442\u0443 \u0441\u0430\u043b\u044c\u043d\u044b\u0445 \u0436\u0435\u043b\u0435\u0437.<\/li>\n<li class=\"translation-block\">\u0410\u043b\u0433\u0438\u043d\u0430\u0442\u043d\u0430\u044f \u043c\u0430\u0441\u043a\u0430 \u0441\u043e\u0434\u0435\u0440\u0436\u0438\u0442 \u043c\u0430\u0441\u043b\u043e \u0447\u0430\u0439\u043d\u043e\u0433\u043e \u0434\u0435\u0440\u0435\u0432\u0430, \u043e\u0431\u043b\u0430\u0434\u0430\u044e\u0449\u0435\u0435 \u0430\u043d\u0442\u0438\u0431\u0430\u043a\u0442\u0435\u0440\u0438\u0430\u043b\u044c\u043d\u044b\u043c \u0434\u0435\u0439\u0441\u0442\u0432\u0438\u0435\u043c, \u0430 \u0442\u0430\u043a\u0436\u0435 \u043b\u0438\u0441\u0442\u044c\u044f \u0438\u0432\u044b, \u0441\u043e\u0434\u0435\u0440\u0436\u0430\u0449\u0438\u0435 \u0441\u0430\u043b\u0438\u0446\u0438\u043b\u043e\u0432\u0443\u044e \u043a\u0438\u0441\u043b\u043e\u0442\u0443 \u0441 \u043e\u0442\u0448\u0435\u043b\u0443\u0448\u0438\u0432\u0430\u044e\u0449\u0438\u043c\u0438 \u0441\u0432\u043e\u0439\u0441\u0442\u0432\u0430\u043c\u0438.<\/li>\n<li>\u042d\u043c\u0443\u043b\u044c\u0441\u0438\u044f \u043e\u0431\u043b\u0430\u0434\u0430\u0435\u0442 \u0430\u043d\u0442\u0438\u0441\u0435\u043f\u0442\u0438\u0447\u0435\u0441\u043a\u0438\u043c \u0434\u0435\u0439\u0441\u0442\u0432\u0438\u0435\u043c, \u043f\u043e\u043c\u043e\u0433\u0430\u0435\u0442 \u0441\u043d\u0438\u0437\u0438\u0442\u044c \u0432\u043e\u0441\u043f\u0430\u043b\u0435\u043d\u0438\u0435, \u0443\u0432\u043b\u0430\u0436\u043d\u044f\u0435\u0442, \u043d\u043e\u0440\u043c\u0430\u043b\u0438\u0437\u0443\u0435\u0442 \u0443\u0440\u043e\u0432\u0435\u043d\u044c pH \u043a\u043e\u0436\u0438 \u0438 \u043e\u043a\u0430\u0437\u044b\u0432\u0430\u0435\u0442 \u043c\u0430\u0442\u0438\u0440\u0443\u044e\u0449\u0435\u0435 \u0434\u0435\u0439\u0441\u0442\u0432\u0438\u0435.<\/li>\n<\/ul>","protected":false},"excerpt":{"rendered":"<p>\u0423\u0445\u043e\u0434 \u0440\u0435\u0433\u0443\u043b\u0438\u0440\u0443\u0435\u0442 \u0432\u044b\u0440\u0430\u0431\u043e\u0442\u043a\u0443 \u0441\u0435\u0431\u0443\u043c\u0430, \u0443\u0434\u0430\u043b\u044f\u0435\u0442 \u0438\u0437\u043b\u0438\u0448\u043a\u0438 \u043c\u0430\u0441\u043b\u0430 \u0438 \u043e\u043a\u0430\u0437\u044b\u0432\u0430\u0435\u0442 \u043f\u0440\u043e\u0442\u0438\u0432\u043e\u0432\u043e\u0441\u043f\u0430\u043b\u0438\u0442\u0435\u043b\u044c\u043d\u043e\u0435 \u0438 \u0443\u0432\u043b\u0430\u0436\u043d\u044f\u044e\u0449\u0435\u0435 \u0434\u0435\u0439\u0441\u0442\u0432\u0438\u0435.<\/p>\n<p>&nbsp;<\/p>\n<p>\u041a\u043e\u043c\u043f\u043b\u0435\u043a\u0442 \u043f\u0440\u0435\u0434\u043d\u0430\u0437\u043d\u0430\u0447\u0435\u043d \u0434\u043b\u044f \u043f\u0440\u043e\u0444\u0435\u0441\u0441\u0438\u043e\u043d\u0430\u043b\u044c\u043d\u043e\u0433\u043e \u0438\u0441\u043f\u043e\u043b\u044c\u0437\u043e\u0432\u0430\u043d\u0438\u044f \u0432 6 \u043f\u0440\u043e\u0446\u0435\u0434\u0443\u0440\u0430\u0445.<\/p>\n<ul>\n<li><span style=\"font-size: 14px;\">\u0421\u043a\u0440\u0430\u0431 Peel with AHA+BHA+PO 30\u043c\u043b<\/span><\/li>\n<li><span style=\"font-size: 14px;\">\u0410\u043a\u0442\u0438\u0432\u043d\u044b\u0439 \u043a\u043e\u043d\u0446\u0435\u043d\u0442\u0440\u0430\u0442 Oily Control Concentrate 6 x 3\u043c\u043b<\/span><\/li>\n<li><span style=\"font-size: 14px;\">\u0410\u043b\u0433\u0438\u043d\u0430\u0442\u043d\u0430\u044f \u043c\u0430\u0441\u043a\u0430 Oily Control Mask 6 x 30\u0433<\/span><\/li>\n<li><span style=\"font-size: 14px;\">\u042d\u043c\u0443\u043b\u044c\u0441\u0438\u044f Balance Fluid 20\u043c\u043b<\/span><\/li>\n<\/ul>\n<p>&nbsp;<\/p>","protected":false},"featured_media":1408,"comment_status":"open","ping_status":"closed","template":"","meta":{"_uag_custom_page_level_css":"","site-sidebar-layout":"default","site-content-layout":"","ast-site-content-layout":"default","site-content-style":"default","site-sidebar-style":"default","ast-global-header-display":"","ast-banner-title-visibility":"","ast-main-header-display":"","ast-hfb-above-header-display":"","ast-hfb-below-header-display":"","ast-hfb-mobile-header-display":"","site-post-title":"","ast-breadcrumbs-content":"","ast-featured-img":"","footer-sml-layout":"","ast-disable-related-posts":"","theme-transparent-header-meta":"default","adv-header-id-meta":"","stick-header-meta":"","header-above-stick-meta":"","header-main-stick-meta":"","header-below-stick-meta":"","astra-migrate-meta-layouts":"set","ast-page-background-enabled":"default","ast-page-background-meta":{"desktop":{"background-color":"var(--ast-global-color-4)","background-image":"","background-repeat":"repeat","background-position":"center center","background-size":"auto","background-attachment":"scroll","background-type":"","background-media":"","overlay-type":"","overlay-color":"","overlay-opacity":"","overlay-gradient":""},"tablet":{"background-color":"","background-image":"","background-repeat":"repeat","background-position":"center center","background-size":"auto","background-attachment":"scroll","background-type":"","background-media":"","overlay-type":"","overlay-color":"","overlay-opacity":"","overlay-gradient":""},"mobile":{"background-color":"","background-image":"","background-repeat":"repeat","background-position":"center center","background-size":"auto","background-attachment":"scroll","background-type":"","background-media":"","overlay-type":"","overlay-color":"","overlay-opacity":"","overlay-gradient":""}},"ast-content-background-meta":{"desktop":{"background-color":"var(--ast-global-color-5)","background-image":"","background-repeat":"repeat","background-position":"center center","background-size":"auto","background-attachment":"scroll","background-type":"","background-media":"","overlay-type":"","overlay-color":"","overlay-opacity":"","overlay-gradient":""},"tablet":{"background-color":"var(--ast-global-color-5)","background-image":"","background-repeat":"repeat","background-position":"center center","background-size":"auto","background-attachment":"scroll","background-type":"","background-media":"","overlay-type":"","overlay-color":"","overlay-opacity":"","overlay-gradient":""},"mobile":{"background-color":"var(--ast-global-color-5)","background-image":"","background-repeat":"repeat","background-position":"center center","background-size":"auto","background-attachment":"scroll","background-type":"","background-media":"","overlay-type":"","overlay-color":"","overlay-opacity":"","overlay-gradient":""}}},"product_brand":[],"product_cat":[96,97,22],"product_tag":[],"class_list":{"0":"post-1340","1":"product","2":"type-product","3":"status-publish","4":"has-post-thumbnail","6":"product_cat-brands","7":"product_cat-naole","8":"product_cat-pure-solutions","9":"desktop-align-left","10":"tablet-align-left","11":"mobile-align-left","13":"first","14":"instock","15":"taxable","16":"shipping-taxable","17":"product-type-simple","18":"add-to-wishlist-before_image"},"uagb_featured_image_src":{"full":["https:\/\/kosmeetika24.com\/wp-content\/uploads\/2023\/10\/2283-Oily-Control-Treatment.jpg",600,600,false],"thumbnail":["https:\/\/kosmeetika24.com\/wp-content\/uploads\/2023\/10\/2283-Oily-Control-Treatment-150x150.jpg",150,150,true],"medium":["https:\/\/kosmeetika24.com\/wp-content\/uploads\/2023\/10\/2283-Oily-Control-Treatment-300x300.jpg",300,300,true],"medium_large":["https:\/\/kosmeetika24.com\/wp-content\/uploads\/2023\/10\/2283-Oily-Control-Treatment.jpg",600,600,false],"large":["https:\/\/kosmeetika24.com\/wp-content\/uploads\/2023\/10\/2283-Oily-Control-Treatment.jpg",600,600,false],"1536x1536":["https:\/\/kosmeetika24.com\/wp-content\/uploads\/2023\/10\/2283-Oily-Control-Treatment.jpg",600,600,false],"2048x2048":["https:\/\/kosmeetika24.com\/wp-content\/uploads\/2023\/10\/2283-Oily-Control-Treatment.jpg",600,600,false],"trp-custom-language-flag":["https:\/\/kosmeetika24.com\/wp-content\/uploads\/2023\/10\/2283-Oily-Control-Treatment-12x12.jpg",12,12,true],"woocommerce_thumbnail":["https:\/\/kosmeetika24.com\/wp-content\/uploads\/2023\/10\/2283-Oily-Control-Treatment-300x300.jpg",300,300,true],"woocommerce_single":["https:\/\/kosmeetika24.com\/wp-content\/uploads\/2023\/10\/2283-Oily-Control-Treatment-500x500.jpg",500,500,true],"woocommerce_gallery_thumbnail":["https:\/\/kosmeetika24.com\/wp-content\/uploads\/2023\/10\/2283-Oily-Control-Treatment-100x100.jpg",100,100,true]},"uagb_author_info":{"display_name":"admin","author_link":"https:\/\/kosmeetika24.com\/ru\/author\/"},"uagb_comment_info":0,"uagb_excerpt":"Hooldus reguleerib rasueritust, eemaldab liigse rasu, omab p\u00f5letikuvastast ja niisutavat toimet. &nbsp; Komplekt on m\u00f5eldud professionaalseks kasutamiseks 6 protseduuril. koorija Peel with AHA+BHA+PO 30ml aktiivne kontsentraat Oily Control Concentrate 6 x 3ml alginaatmask Oily Control Mask 6 x 30g emulsioon Balance Fluid 20ml &nbsp;","_links":{"self":[{"href":"https:\/\/kosmeetika24.com\/ru\/wp-json\/wp\/v2\/product\/1340","targetHints":{"allow":["GET"]}}],"collection":[{"href":"https:\/\/kosmeetika24.com\/ru\/wp-json\/wp\/v2\/product"}],"about":[{"href":"https:\/\/kosmeetika24.com\/ru\/wp-json\/wp\/v2\/types\/product"}],"replies":[{"embeddable":true,"href":"https:\/\/kosmeetika24.com\/ru\/wp-json\/wp\/v2\/comments?post=1340"}],"version-history":[{"count":1,"href":"https:\/\/kosmeetika24.com\/ru\/wp-json\/wp\/v2\/product\/1340\/revisions"}],"predecessor-version":[{"id":4695,"href":"https:\/\/kosmeetika24.com\/ru\/wp-json\/wp\/v2\/product\/1340\/revisions\/4695"}],"wp:featuredmedia":[{"embeddable":true,"href":"https:\/\/kosmeetika24.com\/ru\/wp-json\/wp\/v2\/media\/1408"}],"wp:attachment":[{"href":"https:\/\/kosmeetika24.com\/ru\/wp-json\/wp\/v2\/media?parent=1340"}],"wp:term":[{"taxonomy":"product_brand","embeddable":true,"href":"https:\/\/kosmeetika24.com\/ru\/wp-json\/wp\/v2\/product_brand?post=1340"},{"taxonomy":"product_cat","embeddable":true,"href":"https:\/\/kosmeetika24.com\/ru\/wp-json\/wp\/v2\/product_cat?post=1340"},{"taxonomy":"product_tag","embeddable":true,"href":"https:\/\/kosmeetika24.com\/ru\/wp-json\/wp\/v2\/product_tag?post=1340"}],"curies":[{"name":"wp","href":"https:\/\/api.w.org\/{rel}","templated":true}]}}