{"id":7213,"date":"2025-11-12T12:54:39","date_gmt":"2025-11-12T09:54:39","guid":{"rendered":"https:\/\/kosmeetika24.com\/?post_type=product&#038;p=7213"},"modified":"2026-01-22T14:08:36","modified_gmt":"2026-01-22T11:08:36","slug":"mesotech-idealskin-hyper","status":"publish","type":"product","link":"https:\/\/kosmeetika24.com\/fi\/tuote\/mesotech-idealskin-hyper\/","title":{"rendered":"MesoTech Idealskin Hyper"},"content":{"rendered":"<p data-start=\"783\" data-end=\"1252\" class=\"translation-block\"><strong data-start=\"783\" data-end=\"797\">Kuvaus:<\/strong><br data-start=\"797\" data-end=\"800\">T\u00e4m\u00e4 on kehittynyt ja eritt\u00e4in tehokas kauneusprotokolla, joka k\u00e4ytt\u00e4\u00e4 Spongilla Spicula 99% \u2014 100 % luonnollista ainesosaa, 99 % puhtaudella, uutettu makean veden sienist\u00e4. Erityisesti kehitetty hyperpigmentaation, ep\u00e4tasaisen ihon s\u00e4vyn ja tummien l\u00e4iskien parantamiseen \u2014 parantaen ihon rakennetta ja tasoittaen ihon s\u00e4vy\u00e4. Tehokkuus perustuu voimakkaiden antioksidanttien ja kirkastavien ainesosien synergiaan.<\/p>\n<p data-start=\"1254\" data-end=\"1277\"><strong data-start=\"1254\" data-end=\"1275\">Protokollan osat:<\/strong><\/p>\n<ul data-start=\"1278\" data-end=\"2227\">\n<li data-start=\"1278\" data-end=\"1574\">\n<p data-start=\"1280\" data-end=\"1574\" class=\"translation-block\"><em data-start=\"1280\" data-end=\"1303\">Spongilla Spicula 99%<\/em> \u2014 mikrorakenteita (~10 \u00b5m halkaisijaltaan ja 200-250 \u00b5m pitki\u00e4), jotka ovat muodoltaan mikroskooppisia neuloja, stimuloivat solujen uusiutumista, lis\u00e4\u00e4v\u00e4t kollageenin ja elastaanin synteesi\u00e4 sek\u00e4 parantavat seerumin aktiivisten aineiden imeytymist\u00e4.<\/p>\n<\/li>\n<li data-start=\"1575\" data-end=\"1848\">\n<p data-start=\"1577\" data-end=\"1848\" class=\"translation-block\"><em data-start=\"1577\" data-end=\"1590\">Hyper Serum<\/em> \u2014 kirkastava vaikutuksen omaava seerumi, joka sis\u00e4lt\u00e4\u00e4 traneksamihappoa, koihappoa ja \u03b1-arbutiinia. Sis\u00e4lt\u00e4\u00e4 my\u00f6s askorbyyliglukosidia (C-vitamiinin johdannainen) ja Pueraria lobata -uutetta (kudzu), jotka est\u00e4v\u00e4t melaniinin tuotantoa.<\/p>\n<\/li>\n<li data-start=\"1849\" data-end=\"2227\">\n<p data-start=\"1851\" data-end=\"2227\" class=\"translation-block\"><em data-start=\"1851\" data-end=\"1863\">Soox Serum<\/em> \u2014 rauhoittava kasvojen seerumi, jossa on korkea Aloe vera -pitoisuus, sis\u00e4lt\u00e4en probiootteja ja kasviuutteita (Centella, vihre\u00e4 tee, rosmariini, kamomilla). Rikastettu natriumhyaluronaatilla, allantiinilla ja pantenolilla \u2014 auttaa kosteuttamaan, rauhoittamaan ja v\u00e4hent\u00e4m\u00e4\u00e4n ihon herkkyytt\u00e4 ja punoitusta sek\u00e4 yll\u00e4pit\u00e4m\u00e4\u00e4n ihon mikrobistoa.<\/p>\n<\/li>\n<\/ul>\n<p data-start=\"2229\" data-end=\"2247\"><strong data-start=\"2229\" data-end=\"2245\">K\u00e4ytt\u00f6ohje:<\/strong><\/p>\n<ol data-start=\"2248\" data-end=\"3541\">\n<li data-start=\"2248\" data-end=\"2345\">\n<p data-start=\"2251\" data-end=\"2345\">Poista olemassa oleva meikki ja puhdista alue.<\/p>\n<\/li>\n<li data-start=\"2346\" data-end=\"2494\">\n<p data-start=\"2349\" data-end=\"2494\">Kaada Hyper Serum purkki, joka sis\u00e4lt\u00e4\u00e4 Spongilla Spicula 99%, sulje purkki ja ravista noin 1 minuutin ajan.<\/p>\n<\/li>\n<li data-start=\"2495\" data-end=\"2730\">\n<p data-start=\"2498\" data-end=\"2730\">Pipetin avulla levit\u00e4 sopiva m\u00e4\u00e4r\u00e4 Hyper Serumia k\u00e4sitelt\u00e4v\u00e4lle alueelle. Taputtele kevyesti sormenp\u00e4ill\u00e4 k\u00e4ytt\u00e4en kevytt\u00e4 painetta, kunnes se on t\u00e4ysin imeytynyt (noin 2\u20135 minuuttia riippuen k\u00e4sitelt\u00e4v\u00e4st\u00e4 alueesta).<\/p>\n<\/li>\n<li data-start=\"2731\" data-end=\"2880\">\n<p data-start=\"2734\" data-end=\"2880\">10 minuutin kuluttua levit\u00e4 runsas kerros (noin 5 ml) Soox Serumia ja aseta silikoninaamio k\u00e4sitellylle alueelle.<\/p>\n<\/li>\n<li data-start=\"2881\" data-end=\"3282\">\n<p data-start=\"2884\" data-end=\"3282\">Lis\u00e4\u00e4v\u00e4n viilent\u00e4v\u00e4n ja rauhoittavan vaikutuksen saavuttamiseksi j\u00e4\u00e4hdyt\u00e4 silikoninaamiota 10 minuuttia ennen k\u00e4ytt\u00f6\u00e4. Aseta naamio, kiinnitt\u00e4en silmukat korvien taakse tasaisen peitt\u00e4vyyden varmistamiseksi. Anna vaikuttaa 15\u201320 minuuttia, poista sitten. Pese naamio huolellisesti ja kuivaa puhtaalla liinalla. Pid\u00e4 naamio poissa l\u00e4mm\u00f6nl\u00e4hteist\u00e4. Naamio on uudelleenk\u00e4ytett\u00e4v\u00e4, mutta tarkoitettu yhden potilaan k\u00e4ytt\u00f6\u00f6n.<\/p>\n<\/li>\n<li data-start=\"3283\" data-end=\"3541\">\n<p data-start=\"3286\" data-end=\"3541\">Kolmannesta p\u00e4iv\u00e4st\u00e4 toimenpiteen j\u00e4lkeen k\u00e4yt\u00e4 p\u00e4ivitt\u00e4in yhden Hyper Serum -ampullin verran, kunnes se on t\u00e4ysin imeytynyt. Suositellaan k\u00e4ytt\u00e4\u00e4 korkeasuojakertoimella SPF 50+ aurinkovoidetta seuraavan 20 p\u00e4iv\u00e4n ajan.<\/p>\n<\/li>\n<\/ol>\n<p data-start=\"3543\" data-end=\"3847\">","protected":false},"excerpt":{"rendered":"<p data-start=\"88\" data-end=\"171\"><strong data-start=\"110\" data-end=\"169\">Traneksamihappo ja arbutiini n\u00e4kyv\u00e4ll\u00e4 kirkastavalla vaikutuksella<\/strong><\/p>\n<p data-start=\"173\" data-end=\"396\" class=\"translation-block\"><strong data-start=\"173\" data-end=\"200\">Aktiivsed koostisosad:<\/strong> Koji\u00adhape, kudzu (Pueraria lobata), tranexaanhape, \u03b1-arbutiin.<br>\r\n<strong data-start=\"306\" data-end=\"320\">Tulemused:<\/strong> Pigmandilaikude v\u00e4henemine ja\/v\u00f5i kadumine.<\/p>\n<p data-start=\"398\" data-end=\"420\"><strong data-start=\"398\" data-end=\"418\">1 laatikko sis\u00e4lt\u00e4\u00e4:<\/strong><\/p>\n<ul data-start=\"421\" data-end=\"781\">\n<li data-start=\"421\" data-end=\"502\">\n<p data-start=\"423\" data-end=\"502\">4 \u00d7 Spongilla Spicula 99% purkkia (0,3 g)<\/p>\n<\/li>\n<li data-start=\"503\" data-end=\"582\">\n<p data-start=\"505\" data-end=\"582\">4 \u00d7 Hyper Serum pipetiotsikuga (3 ml)<\/p>\n<\/li>\n<li data-start=\"583\" data-end=\"647\">\n<p data-start=\"585\" data-end=\"647\">1 \u00d7 Soox Serum (30 ml)<\/p>\n<\/li>\n<li data-start=\"648\" data-end=\"707\">\n<p data-start=\"650\" data-end=\"707\">4 \u00d7 silikoninaamio<\/p>\n<\/li>\n<li data-start=\"708\" data-end=\"781\">\n<p data-start=\"710\" data-end=\"781\">24 \u00d7 Hyper Serum ampullia (4 ml)<\/p>\n<\/li>\n<\/ul>","protected":false},"featured_media":7209,"comment_status":"closed","ping_status":"closed","template":"","meta":{"_uag_custom_page_level_css":"","site-sidebar-layout":"default","site-content-layout":"","ast-site-content-layout":"default","site-content-style":"default","site-sidebar-style":"default","ast-global-header-display":"","ast-banner-title-visibility":"","ast-main-header-display":"","ast-hfb-above-header-display":"","ast-hfb-below-header-display":"","ast-hfb-mobile-header-display":"","site-post-title":"","ast-breadcrumbs-content":"","ast-featured-img":"","footer-sml-layout":"","ast-disable-related-posts":"","theme-transparent-header-meta":"default","adv-header-id-meta":"","stick-header-meta":"","header-above-stick-meta":"","header-main-stick-meta":"","header-below-stick-meta":"","astra-migrate-meta-layouts":"set","ast-page-background-enabled":"default","ast-page-background-meta":{"desktop":{"background-color":"var(--ast-global-color-4)","background-image":"","background-repeat":"repeat","background-position":"center center","background-size":"auto","background-attachment":"scroll","background-type":"","background-media":"","overlay-type":"","overlay-color":"","overlay-opacity":"","overlay-gradient":""},"tablet":{"background-color":"","background-image":"","background-repeat":"repeat","background-position":"center center","background-size":"auto","background-attachment":"scroll","background-type":"","background-media":"","overlay-type":"","overlay-color":"","overlay-opacity":"","overlay-gradient":""},"mobile":{"background-color":"","background-image":"","background-repeat":"repeat","background-position":"center center","background-size":"auto","background-attachment":"scroll","background-type":"","background-media":"","overlay-type":"","overlay-color":"","overlay-opacity":"","overlay-gradient":""}},"ast-content-background-meta":{"desktop":{"background-color":"var(--ast-global-color-5)","background-image":"","background-repeat":"repeat","background-position":"center center","background-size":"auto","background-attachment":"scroll","background-type":"","background-media":"","overlay-type":"","overlay-color":"","overlay-opacity":"","overlay-gradient":""},"tablet":{"background-color":"var(--ast-global-color-5)","background-image":"","background-repeat":"repeat","background-position":"center center","background-size":"auto","background-attachment":"scroll","background-type":"","background-media":"","overlay-type":"","overlay-color":"","overlay-opacity":"","overlay-gradient":""},"mobile":{"background-color":"var(--ast-global-color-5)","background-image":"","background-repeat":"repeat","background-position":"center center","background-size":"auto","background-attachment":"scroll","background-type":"","background-media":"","overlay-type":"","overlay-color":"","overlay-opacity":"","overlay-gradient":""}}},"product_brand":[],"product_cat":[117,126,97],"product_tag":[],"class_list":{"0":"post-7213","1":"product","2":"type-product","3":"status-publish","4":"has-post-thumbnail","6":"product_cat-bundles","7":"product_cat-mesotech","8":"product_cat-naole","9":"desktop-align-left","10":"tablet-align-left","11":"mobile-align-left","13":"first","14":"instock","15":"taxable","16":"shipping-taxable","17":"product-type-simple","18":"add-to-wishlist-before_image"},"uagb_featured_image_src":{"full":["https:\/\/kosmeetika24.com\/wp-content\/uploads\/2025\/11\/idealskin-spongilla-spicula-hyper.jpg",1000,1000,false],"thumbnail":["https:\/\/kosmeetika24.com\/wp-content\/uploads\/2025\/11\/idealskin-spongilla-spicula-hyper-150x150.jpg",150,150,true],"medium":["https:\/\/kosmeetika24.com\/wp-content\/uploads\/2025\/11\/idealskin-spongilla-spicula-hyper-300x300.jpg",300,300,true],"medium_large":["https:\/\/kosmeetika24.com\/wp-content\/uploads\/2025\/11\/idealskin-spongilla-spicula-hyper-768x768.jpg",768,768,true],"large":["https:\/\/kosmeetika24.com\/wp-content\/uploads\/2025\/11\/idealskin-spongilla-spicula-hyper.jpg",1000,1000,false],"1536x1536":["https:\/\/kosmeetika24.com\/wp-content\/uploads\/2025\/11\/idealskin-spongilla-spicula-hyper.jpg",1000,1000,false],"2048x2048":["https:\/\/kosmeetika24.com\/wp-content\/uploads\/2025\/11\/idealskin-spongilla-spicula-hyper.jpg",1000,1000,false],"trp-custom-language-flag":["https:\/\/kosmeetika24.com\/wp-content\/uploads\/2025\/11\/idealskin-spongilla-spicula-hyper-12x12.jpg",12,12,true],"woocommerce_thumbnail":["https:\/\/kosmeetika24.com\/wp-content\/uploads\/2025\/11\/idealskin-spongilla-spicula-hyper-300x300.jpg",300,300,true],"woocommerce_single":["https:\/\/kosmeetika24.com\/wp-content\/uploads\/2025\/11\/idealskin-spongilla-spicula-hyper-500x500.jpg",500,500,true],"woocommerce_gallery_thumbnail":["https:\/\/kosmeetika24.com\/wp-content\/uploads\/2025\/11\/idealskin-spongilla-spicula-hyper-100x100.jpg",100,100,true]},"uagb_author_info":{"display_name":"admin","author_link":"https:\/\/kosmeetika24.com\/fi\/author\/"},"uagb_comment_info":0,"uagb_excerpt":"Tranexaanhape ja arbutiin n\u00e4htava heledamuse efektiga Aktiivsed koostisosad: Koji\u00adhape, kudzu (Pueraria lobata), tranexaanhape, \u03b1-arbutiin. Tulemused: Pigmandilaikude v\u00e4henemine ja\/v\u00f5i kadumine. 1 karp sisaldab: 4 \u00d7 Spongilla Spicula 99% purki (0,3 g) 4 \u00d7 Hyper Serum pipetiotsikuga (3 ml) 1 \u00d7 Soox Serum (30 ml) 4 \u00d7 silikoonmaski 24 \u00d7 Hyper Serum ampulli (4 ml)","_links":{"self":[{"href":"https:\/\/kosmeetika24.com\/fi\/wp-json\/wp\/v2\/product\/7213","targetHints":{"allow":["GET"]}}],"collection":[{"href":"https:\/\/kosmeetika24.com\/fi\/wp-json\/wp\/v2\/product"}],"about":[{"href":"https:\/\/kosmeetika24.com\/fi\/wp-json\/wp\/v2\/types\/product"}],"replies":[{"embeddable":true,"href":"https:\/\/kosmeetika24.com\/fi\/wp-json\/wp\/v2\/comments?post=7213"}],"version-history":[{"count":2,"href":"https:\/\/kosmeetika24.com\/fi\/wp-json\/wp\/v2\/product\/7213\/revisions"}],"predecessor-version":[{"id":7215,"href":"https:\/\/kosmeetika24.com\/fi\/wp-json\/wp\/v2\/product\/7213\/revisions\/7215"}],"wp:featuredmedia":[{"embeddable":true,"href":"https:\/\/kosmeetika24.com\/fi\/wp-json\/wp\/v2\/media\/7209"}],"wp:attachment":[{"href":"https:\/\/kosmeetika24.com\/fi\/wp-json\/wp\/v2\/media?parent=7213"}],"wp:term":[{"taxonomy":"product_brand","embeddable":true,"href":"https:\/\/kosmeetika24.com\/fi\/wp-json\/wp\/v2\/product_brand?post=7213"},{"taxonomy":"product_cat","embeddable":true,"href":"https:\/\/kosmeetika24.com\/fi\/wp-json\/wp\/v2\/product_cat?post=7213"},{"taxonomy":"product_tag","embeddable":true,"href":"https:\/\/kosmeetika24.com\/fi\/wp-json\/wp\/v2\/product_tag?post=7213"}],"curies":[{"name":"wp","href":"https:\/\/api.w.org\/{rel}","templated":true}]}}