{"id":7211,"date":"2025-11-12T12:53:35","date_gmt":"2025-11-12T09:53:35","guid":{"rendered":"https:\/\/kosmeetika24.com\/?post_type=product&#038;p=7211"},"modified":"2026-01-22T14:08:47","modified_gmt":"2026-01-22T11:08:47","slug":"mesotech-idealskin-active","status":"publish","type":"product","link":"https:\/\/kosmeetika24.com\/fi\/tuote\/mesotech-idealskin-active\/","title":{"rendered":"MesoTech Idealskin Active"},"content":{"rendered":"<p data-start=\"581\" data-end=\"1016\">T\u00e4m\u00e4 on l\u00e4pimurto ja eritt\u00e4in tehokas kauneusprotokolla, joka perustuu Spongilla-spikuleihin \u2014 100 % luonnollinen ainesosa, 99 % puhtaudella, uutettu makean veden sienist\u00e4. Erityisesti kehitetty rasvaiselle ja aknelle alttiille iholle, tarjoten talinerityst\u00e4 s\u00e4\u00e4telev\u00e4n ja tasapainottavan vaikutuksen. Vaikutus perustuu ainesosien synergiaan: salisyylihappo, suksinihappo ja niasiiniamidi, kaikki tunnettuja kyvyst\u00e4\u00e4n s\u00e4\u00e4dell\u00e4 talinerityst\u00e4.<\/p>\n<p data-start=\"1018\" data-end=\"1053\"><strong data-start=\"1018\" data-end=\"1051\">Settiin sis\u00e4ltyv\u00e4t tuotteet:<\/strong><\/p>\n<ul data-start=\"1054\" data-end=\"2350\">\n<li data-start=\"1054\" data-end=\"1530\">\n<p data-start=\"1056\" data-end=\"1530\">Spongilla Spicula 99%: Mikrorakenteita, jotka koostuvat ~95 % piist\u00e4, muodoltaan mikroskooppisia neuloja, jotka stimuloivat solujen uusiutumista ja lis\u00e4\u00e4v\u00e4t kollageenin tuotantoa. Spikulit ovat noin 10 \u00b5m halkaisijaltaan ja 200\u2013250 \u00b5m pitki\u00e4. Niill\u00e4 teht\u00e4v\u00e4 manuaalinen hieronta nopeuttaa solujen uusiutumista, lis\u00e4\u00e4 kollageenin ja elastaanin synteesi\u00e4 ja parantaa seerumin aktiivisten aineiden imeytymist\u00e4. Niiden kuoriva vaikutus on suoraan verrannollinen niiden pitoisuuteen.<\/p>\n<\/li>\n<li data-start=\"1531\" data-end=\"1940\">\n<p data-start=\"1533\" data-end=\"1940\">Active Serum: Kohdeserumi sis\u00e4lt\u00e4\u00e4: salisyylihappoa \u2013 antibakteerinen ja talinerityst\u00e4 s\u00e4\u00e4telev\u00e4 vaikutus; suksinihappoa \u2013 keratolyyttinen ja antibakteerinen vaikutus; niasiiniamidia \u2013 auttaa v\u00e4hent\u00e4m\u00e4\u00e4n liiallista talinerityst\u00e4, v\u00e4hent\u00e4\u00e4 suurentuneiden huokosten n\u00e4kyvyytt\u00e4 ja parantaa ihon tasapainoa; traneksamihappoa \u2013 tehokas akneen liittyv\u00e4n hyperpigmentaation v\u00e4hent\u00e4misess\u00e4 est\u00e4m\u00e4ll\u00e4 liiallista melaniinin tuotantoa.<\/p>\n<\/li>\n<li data-start=\"1941\" data-end=\"2350\">\n<p data-start=\"1943\" data-end=\"2350\">Soox Serum: Rauhoittava kasvojen seerumi, jossa on korkea aloe veran pitoisuus ja joka sis\u00e4lt\u00e4\u00e4 rauhoittavia ja korjaavia ainesosia, mukaan lukien probiootteja ja kasviuutteita: Centella, vihre\u00e4 tee, rosmariini ja kamomilla. Rikastettu natriumhyaluronaatilla, allantiinilla ja pantenolilla, se auttaa kosteuttamaan, rauhoittamaan, v\u00e4hent\u00e4m\u00e4\u00e4n ihon herkkyytt\u00e4 ja punoitusta sek\u00e4 yll\u00e4pit\u00e4m\u00e4\u00e4n ihon mikrobistoa.<\/p>\n<\/li>\n<\/ul>\n<p data-start=\"2352\" data-end=\"2370\"><strong data-start=\"2352\" data-end=\"2368\">K\u00e4ytt\u00f6ohje:<\/strong><\/p>\n<ol data-start=\"2371\" data-end=\"3429\">\n<li data-start=\"2371\" data-end=\"2428\">\n<p data-start=\"2374\" data-end=\"2428\">Poista meikki ja puhdista alue.<\/p>\n<\/li>\n<li data-start=\"2429\" data-end=\"2535\">\n<p data-start=\"2432\" data-end=\"2535\">Kaada Active Serum purkki, joka sis\u00e4lt\u00e4\u00e4 Spongilla Spicula 99%, sulje purkki ja ravista noin 1 minuutin ajan.<\/p>\n<\/li>\n<li data-start=\"2536\" data-end=\"2738\">\n<p data-start=\"2539\" data-end=\"2738\">Pipetin avulla levit\u00e4 sopiva m\u00e4\u00e4r\u00e4 Active Serumia k\u00e4sitelt\u00e4v\u00e4lle alueelle. Taputtele kevyesti sormenp\u00e4ill\u00e4 k\u00e4ytt\u00e4en kevytt\u00e4 painetta, kunnes se on t\u00e4ysin imeytynyt (noin 2\u20135 minuuttia riippuen k\u00e4sitelt\u00e4v\u00e4st\u00e4 alueesta).<\/p>\n<\/li>\n<li data-start=\"2739\" data-end=\"2847\">\n<p data-start=\"2742\" data-end=\"2847\">10 minuutin kuluttua levit\u00e4 runsas kerros (noin 5 ml) Soox Serumia ja aseta silikoninaamio k\u00e4sitellylle alueelle.<\/p>\n<\/li>\n<li data-start=\"2848\" data-end=\"3209\">\n<p data-start=\"2851\" data-end=\"3209\">Lis\u00e4\u00e4v\u00e4n viilent\u00e4v\u00e4n ja rauhoittavan vaikutuksen saavuttamiseksi j\u00e4\u00e4hdyt\u00e4 silikoninaamiota 10 minuuttia ennen k\u00e4ytt\u00f6\u00e4. Aseta naamio, kiinnitt\u00e4en silmukat korvien taakse tasaisen peitt\u00e4vyyden varmistamiseksi. Anna vaikuttaa 15\u201320 minuuttia, poista sitten. Pese naamio huolellisesti ja kuivaa puhtaalla liinalla. Pid\u00e4 naamio poissa l\u00e4mm\u00f6nl\u00e4hteist\u00e4. Naamio on uudelleenk\u00e4ytett\u00e4v\u00e4, mutta tarkoitettu yhden potilaan k\u00e4ytt\u00f6\u00f6n.<\/p>\n<\/li>\n<li data-start=\"3210\" data-end=\"3429\">\n<p data-start=\"3213\" data-end=\"3429\">Kolmannesta p\u00e4iv\u00e4st\u00e4 toimenpiteen j\u00e4lkeen k\u00e4yt\u00e4 p\u00e4ivitt\u00e4in yhden Active Serum -ampullin verran, kunnes se on t\u00e4ysin imeytynyt. Suositellaan k\u00e4ytt\u00e4\u00e4 korkeasuojakertoimella SPF 50+ aurinkovoidetta seuraavan 20 p\u00e4iv\u00e4n ajan.<\/p>\n<\/li>\n<\/ol>","protected":false},"excerpt":{"rendered":"<p data-start=\"97\" data-end=\"222\"><strong data-start=\"120\" data-end=\"220\">Aknelle altis iholle \u2014 s\u00e4\u00e4telee talinerityst\u00e4 ja v\u00e4hent\u00e4\u00e4 ep\u00e4puhtauksia, varmistaen sile\u00e4mm\u00e4n ja tasaisemman ihon<\/strong><\/p>\n<p data-start=\"224\" data-end=\"388\" class=\"translation-block\"><strong data-start=\"224\" data-end=\"238\">K\u00e4ytt\u00f6tarkoitus:<\/strong> Aknelle altis iho<br data-start=\"257\" data-end=\"260\">\n<strong data-start=\"260\" data-end=\"272\">Vaikuttavat aineet:<\/strong> Salisyylihappo, traneksamihappo, suksinihappo, niasiiniamidi<br data-start=\"345\" data-end=\"348\">\n<strong data-start=\"348\" data-end=\"362\">Tulokset:<\/strong> Parantaa ihon rakennetta<\/p>\n<p data-start=\"390\" data-end=\"412\"><strong data-start=\"390\" data-end=\"410\">1 laatikko sis\u00e4lt\u00e4\u00e4:<\/strong><\/p>\n<ul data-start=\"413\" data-end=\"579\">\n<li data-start=\"413\" data-end=\"456\">\n<p data-start=\"415\" data-end=\"456\">4 \u00d7 Spongilla Spicula 99% purkkia (0,3 g)<\/p>\n<\/li>\n<li data-start=\"457\" data-end=\"493\">\n<p data-start=\"459\" data-end=\"493\">4 \u00d7 Active Serum pipetill\u00e4 (3 ml)<\/p>\n<\/li>\n<li data-start=\"494\" data-end=\"520\">\n<p data-start=\"496\" data-end=\"520\">1 \u00d7 Soox Serum (30 ml)<\/p>\n<\/li>\n<li data-start=\"521\" data-end=\"542\">\n<p data-start=\"523\" data-end=\"542\">4 \u00d7 silikoninaamio<\/p>\n<\/li>\n<li data-start=\"543\" data-end=\"579\">\n<p data-start=\"545\" data-end=\"579\">24 \u00d7 Active Serum ampullia (4 ml)<\/p>\n<\/li>\n<\/ul>","protected":false},"featured_media":7207,"comment_status":"closed","ping_status":"closed","template":"","meta":{"_uag_custom_page_level_css":"","site-sidebar-layout":"default","site-content-layout":"","ast-site-content-layout":"default","site-content-style":"default","site-sidebar-style":"default","ast-global-header-display":"","ast-banner-title-visibility":"","ast-main-header-display":"","ast-hfb-above-header-display":"","ast-hfb-below-header-display":"","ast-hfb-mobile-header-display":"","site-post-title":"","ast-breadcrumbs-content":"","ast-featured-img":"","footer-sml-layout":"","ast-disable-related-posts":"","theme-transparent-header-meta":"default","adv-header-id-meta":"","stick-header-meta":"","header-above-stick-meta":"","header-main-stick-meta":"","header-below-stick-meta":"","astra-migrate-meta-layouts":"set","ast-page-background-enabled":"default","ast-page-background-meta":{"desktop":{"background-color":"var(--ast-global-color-4)","background-image":"","background-repeat":"repeat","background-position":"center center","background-size":"auto","background-attachment":"scroll","background-type":"","background-media":"","overlay-type":"","overlay-color":"","overlay-opacity":"","overlay-gradient":""},"tablet":{"background-color":"","background-image":"","background-repeat":"repeat","background-position":"center center","background-size":"auto","background-attachment":"scroll","background-type":"","background-media":"","overlay-type":"","overlay-color":"","overlay-opacity":"","overlay-gradient":""},"mobile":{"background-color":"","background-image":"","background-repeat":"repeat","background-position":"center center","background-size":"auto","background-attachment":"scroll","background-type":"","background-media":"","overlay-type":"","overlay-color":"","overlay-opacity":"","overlay-gradient":""}},"ast-content-background-meta":{"desktop":{"background-color":"var(--ast-global-color-5)","background-image":"","background-repeat":"repeat","background-position":"center center","background-size":"auto","background-attachment":"scroll","background-type":"","background-media":"","overlay-type":"","overlay-color":"","overlay-opacity":"","overlay-gradient":""},"tablet":{"background-color":"var(--ast-global-color-5)","background-image":"","background-repeat":"repeat","background-position":"center center","background-size":"auto","background-attachment":"scroll","background-type":"","background-media":"","overlay-type":"","overlay-color":"","overlay-opacity":"","overlay-gradient":""},"mobile":{"background-color":"var(--ast-global-color-5)","background-image":"","background-repeat":"repeat","background-position":"center center","background-size":"auto","background-attachment":"scroll","background-type":"","background-media":"","overlay-type":"","overlay-color":"","overlay-opacity":"","overlay-gradient":""}}},"product_brand":[],"product_cat":[117,126,97],"product_tag":[],"class_list":{"0":"post-7211","1":"product","2":"type-product","3":"status-publish","4":"has-post-thumbnail","6":"product_cat-bundles","7":"product_cat-mesotech","8":"product_cat-naole","9":"desktop-align-left","10":"tablet-align-left","11":"mobile-align-left","13":"first","14":"instock","15":"taxable","16":"shipping-taxable","17":"product-type-simple","18":"add-to-wishlist-before_image"},"uagb_featured_image_src":{"full":["https:\/\/kosmeetika24.com\/wp-content\/uploads\/2025\/11\/idealskin-spongilla-spicula-active.jpg",1000,1000,false],"thumbnail":["https:\/\/kosmeetika24.com\/wp-content\/uploads\/2025\/11\/idealskin-spongilla-spicula-active-150x150.jpg",150,150,true],"medium":["https:\/\/kosmeetika24.com\/wp-content\/uploads\/2025\/11\/idealskin-spongilla-spicula-active-300x300.jpg",300,300,true],"medium_large":["https:\/\/kosmeetika24.com\/wp-content\/uploads\/2025\/11\/idealskin-spongilla-spicula-active-768x768.jpg",768,768,true],"large":["https:\/\/kosmeetika24.com\/wp-content\/uploads\/2025\/11\/idealskin-spongilla-spicula-active.jpg",1000,1000,false],"1536x1536":["https:\/\/kosmeetika24.com\/wp-content\/uploads\/2025\/11\/idealskin-spongilla-spicula-active.jpg",1000,1000,false],"2048x2048":["https:\/\/kosmeetika24.com\/wp-content\/uploads\/2025\/11\/idealskin-spongilla-spicula-active.jpg",1000,1000,false],"trp-custom-language-flag":["https:\/\/kosmeetika24.com\/wp-content\/uploads\/2025\/11\/idealskin-spongilla-spicula-active-12x12.jpg",12,12,true],"woocommerce_thumbnail":["https:\/\/kosmeetika24.com\/wp-content\/uploads\/2025\/11\/idealskin-spongilla-spicula-active-300x300.jpg",300,300,true],"woocommerce_single":["https:\/\/kosmeetika24.com\/wp-content\/uploads\/2025\/11\/idealskin-spongilla-spicula-active-500x500.jpg",500,500,true],"woocommerce_gallery_thumbnail":["https:\/\/kosmeetika24.com\/wp-content\/uploads\/2025\/11\/idealskin-spongilla-spicula-active-100x100.jpg",100,100,true]},"uagb_author_info":{"display_name":"admin","author_link":"https:\/\/kosmeetika24.com\/fi\/author\/"},"uagb_comment_info":0,"uagb_excerpt":"Aknele kalduvale nahale \u2014 reguleerib rasu ja v\u00e4hendab plekke, tagades siledama ja \u00fchtlasema naha N\u00e4idustus: Aknele kalduv nahkTegijad: Salits\u00fc\u00fclhape, tranehappe (tranexamic acid), suktsiinhape, niatsiinamiidTulemused: Parandab naha tekstuuri 1 karp sisaldab: 4 \u00d7 Spongilla Spicula 99% purki (0,3 g) 4 \u00d7 Active Serum pipetiga (3 ml) 1 \u00d7 Soox Serum (30 ml) 4 \u00d7 silikoonmaski 24&hellip;","_links":{"self":[{"href":"https:\/\/kosmeetika24.com\/fi\/wp-json\/wp\/v2\/product\/7211","targetHints":{"allow":["GET"]}}],"collection":[{"href":"https:\/\/kosmeetika24.com\/fi\/wp-json\/wp\/v2\/product"}],"about":[{"href":"https:\/\/kosmeetika24.com\/fi\/wp-json\/wp\/v2\/types\/product"}],"replies":[{"embeddable":true,"href":"https:\/\/kosmeetika24.com\/fi\/wp-json\/wp\/v2\/comments?post=7211"}],"version-history":[{"count":2,"href":"https:\/\/kosmeetika24.com\/fi\/wp-json\/wp\/v2\/product\/7211\/revisions"}],"predecessor-version":[{"id":7216,"href":"https:\/\/kosmeetika24.com\/fi\/wp-json\/wp\/v2\/product\/7211\/revisions\/7216"}],"wp:featuredmedia":[{"embeddable":true,"href":"https:\/\/kosmeetika24.com\/fi\/wp-json\/wp\/v2\/media\/7207"}],"wp:attachment":[{"href":"https:\/\/kosmeetika24.com\/fi\/wp-json\/wp\/v2\/media?parent=7211"}],"wp:term":[{"taxonomy":"product_brand","embeddable":true,"href":"https:\/\/kosmeetika24.com\/fi\/wp-json\/wp\/v2\/product_brand?post=7211"},{"taxonomy":"product_cat","embeddable":true,"href":"https:\/\/kosmeetika24.com\/fi\/wp-json\/wp\/v2\/product_cat?post=7211"},{"taxonomy":"product_tag","embeddable":true,"href":"https:\/\/kosmeetika24.com\/fi\/wp-json\/wp\/v2\/product_tag?post=7211"}],"curies":[{"name":"wp","href":"https:\/\/api.w.org\/{rel}","templated":true}]}}