{"id":7194,"date":"2025-11-06T14:39:43","date_gmt":"2025-11-06T11:39:43","guid":{"rendered":"https:\/\/kosmeetika24.com\/?post_type=product&#038;p=7194"},"modified":"2026-01-12T12:12:22","modified_gmt":"2026-01-12T09:12:22","slug":"dalton-extreme-lift-anti-wrinkle-eye-cream","status":"publish","type":"product","link":"https:\/\/kosmeetika24.com\/fi\/tuote\/dalton-extreme-lift-anti-wrinkle-eye-cream\/","title":{"rendered":"Dalton \u2013 Extreme Lift \u2013 Anti-Wrinkle Eye Cream"},"content":{"rendered":"<p class=\"translation-block\"><b>K\u00e4ytt\u00f6:<\/b><b><br><\/b>\nLevit\u00e4 aamulla ja illalla puhdistuksen j\u00e4lkeen tai tarpeen mukaan. Taputtele hell\u00e4varaisesti iholle.<\/p>\n<p class=\"translation-block\"><b>Vinkki<\/b><b><br><\/b>\nSilm\u00e4nymp\u00e4rysvoidetta voi k\u00e4ytt\u00e4\u00e4 my\u00f6s huulten ymp\u00e4rill\u00e4 v\u00e4hent\u00e4m\u00e4\u00e4n pystysuuntaisten juonteiden ja ryppyjen n\u00e4kyvyytt\u00e4. Kliiniset tutkimukset osoittavat, ett\u00e4 voide v\u00e4hent\u00e4\u00e4 niin sanottuja \u201cviivaryppyj\u00e4\u201d (tunnetaan my\u00f6s tupakoitsijanryppyin\u00e4) 18 % vain 28 p\u00e4iv\u00e4ss\u00e4!**<\/p>\n<p>Silm\u00e4nymp\u00e4rysalue on kasvojen ilmeikk\u00e4in osa. Ajan my\u00f6t\u00e4 ilmeet muodostavat hymyjuonteita ja \u201csilm\u00e4nymp\u00e4rysryppyj\u00e4\u201d, mutta ei huolta! T\u00e4m\u00e4 silm\u00e4nymp\u00e4rysalueen ryppyj\u00e4 ehk\u00e4isev\u00e4 voide pit\u00e4\u00e4 lupauksensa: se ehk\u00e4isee hienojen juonteiden ja silm\u00e4nymp\u00e4rysryppyjen syntymist\u00e4 ja antaa v\u00e4litt\u00f6m\u00e4n silottavan ja t\u00e4ytel\u00e4ist\u00e4v\u00e4n vaikutuksen jo ensimm\u00e4isell\u00e4 k\u00e4ytt\u00f6kerralla.<\/p>\n<p class=\"translation-block\">Kaikki t\u00e4m\u00e4 on mahdollista kahden avainainesosan ansiosta:<br>\n<b>Jambuu-uute<\/b> \u2013 kasviper\u00e4inen vaikuttava aine, joka rentouttaa silm\u00e4nymp\u00e4ryslihaksia ja hidastaa sek\u00e4 ehk\u00e4isee ilmejuonteiden muodostumista.<br>\n<b>Uniikki Celumer-meriuute<\/b> \u2013 kuljettaa vaikuttavat aineet syvempiin ihokerroksiin ja tarjoaa pitk\u00e4kestoisen ik\u00e4\u00e4ntymist\u00e4 ehk\u00e4isev\u00e4n vaikutuksen.<\/p>\n<p class=\"translation-block\">Kosteuttava <b>hyaluronihappo<\/b> silottaa kuivuudesta johtuvia ryppyj\u00e4, ja <b>auringonkukkauute<\/b> parantaa ihon kimmoisuutta.<\/p>\n<p class=\"translation-block\"><i>Testimenetelm\u00e4:<\/i> Testi suoritettiin hermo-lihaskudosviljelm\u00e4ss\u00e4 mittaamalla lihassupistuksia. Tutkimus tehtiin in vitro.<\/p>\n<p><strong>Ainesosat<\/strong><br \/>\nAqua\/Water, Propylene Glycol, Pentylene Glycol, Oleyl Erucate, Caprylic\/Capric Triglyceride, Glyceryl Stearate, Myristyl Alcohol, PEG-100 Stearate, Propanediol, HDI\/Trimethylol Hexyllactone Crosspolymer, Maris Aqua\/Sea Water, Spirulina Maxima Extract, Algae Extract\/Alaria Esculenta Extract, Maris Limus Extract\/Sea Silt Extract, Saccharide Isomerate, Ostrea Shell Extract\/Oyster Shell Extract, Caviar Extract, Acmella Oleracea Extract, Sodium Hyaluronate, Helianthus Annuus (Sunflower) Seed Oil, Caesalpinia Spinosa Fruit Extract, Silica, Tocopherol, Carbomer, Sodium Hydroxide, Silica Dimethyl Silylate, Butylene Glycol, Phenoxyethanol, Kappaphycus Alvarezii Extract, Atelocollagen, Sodium Chondroitin Sulfate, Hydrogenated Palm Glycerides Citrate, Potassium Sorbate, Pentaerythrityl Tetraisostearate, Parfum\/Fragrance<\/p>","protected":false},"excerpt":{"rendered":"<div class=\"woocommerce-product-details__short-description\">\n<p>V\u00e4litt\u00f6m\u00e4sti kiinteytt\u00e4v\u00e4 silm\u00e4nymp\u00e4rysvoide ilmejuonteiden v\u00e4hent\u00e4miseen 15ml<\/p>\n<p class=\"translation-block\">V\u00e4litt\u00f6m\u00e4sti kiinteytt\u00e4\u00e4 syvi\u00e4 ryppyj\u00e4<br>\nSis\u00e4lt\u00e4\u00e4 jambuu-uutetta \u2013 luonnollinen vaihtoehto Botoxille<br>\nTutkimus vahvistaa n\u00e4kyv\u00e4n ryppyjen v\u00e4henemisen yli 24 tunniksi*<br>\nHyaluronihappo silottaa kuivuudesta johtuvia juonteita<br>\nSopii my\u00f6s yl\u00e4huulen ryppyjen silottamiseen<\/p>\n<\/div>\n<div class=\"yith-wcwl-add-to-wishlist add-to-wishlist-9625 yith-wcwl-add-to-wishlist--button_default-style yith-wcwl-add-to-wishlist--single wishlist-fragment on-first-load\" data-fragment-ref=\"9625\" data-fragment-options=\"{&quot;base_url&quot;:&quot;&quot;,&quot;product_id&quot;:9625,&quot;parent_product_id&quot;:0,&quot;product_type&quot;:&quot;simple&quot;,&quot;is_single&quot;:true,&quot;in_default_wishlist&quot;:false,&quot;show_view&quot;:false,&quot;browse_wishlist_text&quot;:&quot;Vaata soovikorvi&quot;,&quot;already_in_wishslist_text&quot;:&quot;See toode on juba soovikorvis!&quot;,&quot;product_added_text&quot;:&quot;Toode lisati soovikorvi!&quot;,&quot;available_multi_wishlist&quot;:false,&quot;disable_wishlist&quot;:false,&quot;show_count&quot;:false,&quot;ajax_loading&quot;:false,&quot;loop_position&quot;:&quot;before_image&quot;,&quot;item&quot;:&quot;add_to_wishlist&quot;}\">\n<div class=\"yith-wcwl-add-button\"><\/div>\n<\/div>","protected":false},"featured_media":7195,"comment_status":"closed","ping_status":"closed","template":"","meta":{"_uag_custom_page_level_css":"","site-sidebar-layout":"default","site-content-layout":"","ast-site-content-layout":"default","site-content-style":"default","site-sidebar-style":"default","ast-global-header-display":"","ast-banner-title-visibility":"","ast-main-header-display":"","ast-hfb-above-header-display":"","ast-hfb-below-header-display":"","ast-hfb-mobile-header-display":"","site-post-title":"","ast-breadcrumbs-content":"","ast-featured-img":"","footer-sml-layout":"","ast-disable-related-posts":"","theme-transparent-header-meta":"default","adv-header-id-meta":"","stick-header-meta":"","header-above-stick-meta":"","header-main-stick-meta":"","header-below-stick-meta":"","astra-migrate-meta-layouts":"set","ast-page-background-enabled":"default","ast-page-background-meta":{"desktop":{"background-color":"var(--ast-global-color-4)","background-image":"","background-repeat":"repeat","background-position":"center center","background-size":"auto","background-attachment":"scroll","background-type":"","background-media":"","overlay-type":"","overlay-color":"","overlay-opacity":"","overlay-gradient":""},"tablet":{"background-color":"","background-image":"","background-repeat":"repeat","background-position":"center center","background-size":"auto","background-attachment":"scroll","background-type":"","background-media":"","overlay-type":"","overlay-color":"","overlay-opacity":"","overlay-gradient":""},"mobile":{"background-color":"","background-image":"","background-repeat":"repeat","background-position":"center center","background-size":"auto","background-attachment":"scroll","background-type":"","background-media":"","overlay-type":"","overlay-color":"","overlay-opacity":"","overlay-gradient":""}},"ast-content-background-meta":{"desktop":{"background-color":"var(--ast-global-color-5)","background-image":"","background-repeat":"repeat","background-position":"center center","background-size":"auto","background-attachment":"scroll","background-type":"","background-media":"","overlay-type":"","overlay-color":"","overlay-opacity":"","overlay-gradient":""},"tablet":{"background-color":"var(--ast-global-color-5)","background-image":"","background-repeat":"repeat","background-position":"center center","background-size":"auto","background-attachment":"scroll","background-type":"","background-media":"","overlay-type":"","overlay-color":"","overlay-opacity":"","overlay-gradient":""},"mobile":{"background-color":"var(--ast-global-color-5)","background-image":"","background-repeat":"repeat","background-position":"center center","background-size":"auto","background-attachment":"scroll","background-type":"","background-media":"","overlay-type":"","overlay-color":"","overlay-opacity":"","overlay-gradient":""}}},"product_brand":[],"product_cat":[125,97],"product_tag":[],"class_list":{"0":"post-7194","1":"product","2":"type-product","3":"status-publish","4":"has-post-thumbnail","6":"product_cat-dalton","7":"product_cat-naole","8":"desktop-align-left","9":"tablet-align-left","10":"mobile-align-left","12":"first","13":"onbackorder","14":"taxable","15":"shipping-taxable","16":"product-type-simple","17":"add-to-wishlist-before_image"},"uagb_featured_image_src":{"full":["https:\/\/kosmeetika24.com\/wp-content\/uploads\/2025\/11\/6451750-extreme-lift-augencreme_1080x1080.avif",960,960,false],"thumbnail":["https:\/\/kosmeetika24.com\/wp-content\/uploads\/2025\/11\/6451750-extreme-lift-augencreme_1080x1080-150x150.avif",150,150,true],"medium":["https:\/\/kosmeetika24.com\/wp-content\/uploads\/2025\/11\/6451750-extreme-lift-augencreme_1080x1080-300x300.avif",300,300,true],"medium_large":["https:\/\/kosmeetika24.com\/wp-content\/uploads\/2025\/11\/6451750-extreme-lift-augencreme_1080x1080-768x768.avif",768,768,true],"large":["https:\/\/kosmeetika24.com\/wp-content\/uploads\/2025\/11\/6451750-extreme-lift-augencreme_1080x1080.avif",960,960,false],"1536x1536":["https:\/\/kosmeetika24.com\/wp-content\/uploads\/2025\/11\/6451750-extreme-lift-augencreme_1080x1080.avif",960,960,false],"2048x2048":["https:\/\/kosmeetika24.com\/wp-content\/uploads\/2025\/11\/6451750-extreme-lift-augencreme_1080x1080.avif",960,960,false],"trp-custom-language-flag":["https:\/\/kosmeetika24.com\/wp-content\/uploads\/2025\/11\/6451750-extreme-lift-augencreme_1080x1080-12x12.avif",12,12,true],"woocommerce_thumbnail":["https:\/\/kosmeetika24.com\/wp-content\/uploads\/2025\/11\/6451750-extreme-lift-augencreme_1080x1080-300x300.avif",300,300,true],"woocommerce_single":["https:\/\/kosmeetika24.com\/wp-content\/uploads\/2025\/11\/6451750-extreme-lift-augencreme_1080x1080-500x500.avif",500,500,true],"woocommerce_gallery_thumbnail":["https:\/\/kosmeetika24.com\/wp-content\/uploads\/2025\/11\/6451750-extreme-lift-augencreme_1080x1080-100x100.avif",100,100,true]},"uagb_author_info":{"display_name":"admin","author_link":"https:\/\/kosmeetika24.com\/fi\/author\/"},"uagb_comment_info":0,"uagb_excerpt":"Koheselt pinguldav silmakreem miimikakortsude v\u00e4hendamiseks 15ml Koheselt pinguldab s\u00fcgavaid kortse Sisaldab jamb\u00fa ekstrakti \u2013 looduslik alternatiiv Botoxile Uuring kinnitab n\u00e4htavat kortsude v\u00e4henemist enam kui 24 tunniks* H\u00fcaluroonhape silub kuivusest tingitud peeneid jooni Sobib ka \u00fclahuule kortsude silumiseks","_links":{"self":[{"href":"https:\/\/kosmeetika24.com\/fi\/wp-json\/wp\/v2\/product\/7194","targetHints":{"allow":["GET"]}}],"collection":[{"href":"https:\/\/kosmeetika24.com\/fi\/wp-json\/wp\/v2\/product"}],"about":[{"href":"https:\/\/kosmeetika24.com\/fi\/wp-json\/wp\/v2\/types\/product"}],"replies":[{"embeddable":true,"href":"https:\/\/kosmeetika24.com\/fi\/wp-json\/wp\/v2\/comments?post=7194"}],"version-history":[{"count":1,"href":"https:\/\/kosmeetika24.com\/fi\/wp-json\/wp\/v2\/product\/7194\/revisions"}],"predecessor-version":[{"id":7196,"href":"https:\/\/kosmeetika24.com\/fi\/wp-json\/wp\/v2\/product\/7194\/revisions\/7196"}],"wp:featuredmedia":[{"embeddable":true,"href":"https:\/\/kosmeetika24.com\/fi\/wp-json\/wp\/v2\/media\/7195"}],"wp:attachment":[{"href":"https:\/\/kosmeetika24.com\/fi\/wp-json\/wp\/v2\/media?parent=7194"}],"wp:term":[{"taxonomy":"product_brand","embeddable":true,"href":"https:\/\/kosmeetika24.com\/fi\/wp-json\/wp\/v2\/product_brand?post=7194"},{"taxonomy":"product_cat","embeddable":true,"href":"https:\/\/kosmeetika24.com\/fi\/wp-json\/wp\/v2\/product_cat?post=7194"},{"taxonomy":"product_tag","embeddable":true,"href":"https:\/\/kosmeetika24.com\/fi\/wp-json\/wp\/v2\/product_tag?post=7194"}],"curies":[{"name":"wp","href":"https:\/\/api.w.org\/{rel}","templated":true}]}}